{"id":261961,"date":"2026-01-23T05:10:42","date_gmt":"2026-01-23T03:10:42","guid":{"rendered":"https:\/\/espak.ee\/epood\/?post_type=product&#038;p=261961"},"modified":"2026-01-23T09:33:21","modified_gmt":"2026-01-23T07:33:21","slug":"pesugeel-perwoll-color-40pesukorda-2l","status":"publish","type":"product","link":"https:\/\/espak.ee\/epood\/toode\/pesugeel-perwoll-color-40pesukorda-2l\/","title":{"rendered":"PESUGEEL PERWOLL COLOR 40PESUKORDA 2L"},"content":{"rendered":"<div class=\"row\"  id=\"row-1991744834\">\n\n\t<div id=\"col-1464968693\" class=\"col medium-9 small-12 large-9\"  >\n\t\t\t\t<div class=\"col-inner\"  >\n\t\t\t\n\t\t\t\n<h3>Perwoll pesugeel Color 40PK 2L<\/h3>\n<p>Avastage Perwoll Color pesuvahend selle uuendusliku Triple Renew koostisega \u2013 ideaalne hooldus v\u00e4rvilistele riietele! See pesuvahend ei paku mitte ainult \u00f5rna puhtust teie v\u00e4rvilistele riietele, vaid ka parimat hoolt teie v\u00e4rvidele ja kiududele: see eemaldab tuhmumise ja topilisuse, mille tulemuseks on sile ja veatu pealispind ning muudab teie riiete v\u00e4rvid erksaks \u2013 nii et teie riided tunduvad ja n\u00e4evad v\u00e4lja nagu uued! K\u00f5ik see on kombineeritud suurep\u00e4rase l\u00f5hnaga, et saavutada v\u00e4rske ja puhas tulemus. R\u00f5ivapesuvahendit saab kasutada nii k\u00fclma kui kuuma veega ning muuhulgas ka k\u00e4sipesuks. Perwolli pesuvahendit on ohutu kasutada erinevatel kangastel, isegi \u00f5rnadel kangastel. Perwoll Color pesuvahend puhastab \u00f5rnalt + uuendab v\u00e4rve ja kiude. K\u00f5ikidele v\u00e4rvilistele riietele! Valige Perwoll, pesuvahend v\u00e4rvilisele pesule, mis teeb rohkem kui tavaline puhastamine, ning hoolitsege oma v\u00e4rviliste riiete eest nii nagu need v\u00e4\u00e4rivad. Hoolitsege oma riiete ja planeedi eest: koostises rohkem kui 90% looduslikku p\u00e4ritolu koostisosi*. Vedela pesuvahendi pudel on 100% \u00fcmbert\u00f6\u00f6deldav ja valmistatud 50% ulatuses taaskasutatud plastikust. Hoiatus: P\u00f5hjustab t\u00f5sist silma\u00e4rritust. V\u00f5ib p\u00f5hjustada allergilist nahareaktsiooni.<br \/>\n * Henkeli laboratoorne t\u00f5endus (Saksamaa, 2021).\n<\/p>\n<p><strong>Koostisosad:<\/strong><br \/>\n5 &#8211; 15% anioonseid pindaktiivseid aineid; < 5% mitteioonseid pindaktiivseid aineid, seepi, fosfonaate. Muud koostisained: ens\u00fc\u00fcmid, l\u00f5hnaained (Hexyl cinnamal, Citronellol), s\u00e4ilitusained (Benzisothiazolinone, Methylisothiazolinone).<\/p>\n\t\t<\/div>\n\t\t\t\t\t<\/div>\n\n\t\n\n\t<div id=\"col-1656903102\" class=\"col medium-3 small-12 large-3\"  >\n\t\t\t\t<div class=\"col-inner\"  >\n\t\t\t\n\t\t\t\n\t<div id=\"gap-661548602\" class=\"gap-element clearfix\" style=\"display:block; height:auto;\">\n\t\t\n<style>\n#gap-661548602 {\n  padding-top: 30px;\n}\n<\/style>\n\t<\/div>\n\t\n<p><strong>\u00dcksikasjalikuma n\u00f5u saamiseks v\u00f5tke \u00fchendust:<br \/><\/strong>EUGESTA EESTI O\u00dc<br \/>Rukki tee 5<br \/>Lehmja k\u00fcla, Rae vald<br \/>75306<br \/>Harjumaa<br \/>+372 682 7782<\/p>\n\t\t<\/div>\n\t\t\t\t\t<\/div>\n\n\t\n<\/div>\n","protected":false},"excerpt":{"rendered":"","protected":false},"featured_media":261981,"comment_status":"closed","ping_status":"closed","template":"","meta":[],"product_brand":[],"product_cat":[2788,4216,4217,4482],"product_tag":[],"class_list":{"0":"post-261961","1":"product","2":"type-product","3":"status-publish","4":"has-post-thumbnail","6":"product_cat-aiatarbed-ja-kodukaubad","7":"product_cat-kodukeemia","8":"product_cat-kodukeemia-kodukeemia","9":"product_cat-pesupulbrid-ja-loputusvahendid","10":"pa_kaubamark-eugesta-eesti-as","12":"first","13":"instock","14":"sale","15":"taxable","16":"shipping-taxable","17":"purchasable","18":"product-type-simple"},"yoast_head":"<!-- This site is optimized with the Yoast SEO plugin v26.9 - https:\/\/yoast.com\/product\/yoast-seo-wordpress\/ -->\n<title>PESUGEEL PERWOLL COLOR 40PESUKORDA 2L - Espak E-pood<\/title>\n<meta name=\"robots\" content=\"index, follow, max-snippet:-1, max-image-preview:large, max-video-preview:-1\" \/>\n<link rel=\"canonical\" href=\"https:\/\/espak.ee\/epood\/toode\/pesugeel-perwoll-color-40pesukorda-2l\/\" \/>\n<meta property=\"og:locale\" content=\"et_EE\" \/>\n<meta property=\"og:type\" content=\"article\" \/>\n<meta property=\"og:title\" content=\"PESUGEEL PERWOLL COLOR 40PESUKORDA 2L - Espak E-pood\" \/>\n<meta property=\"og:url\" content=\"https:\/\/espak.ee\/epood\/toode\/pesugeel-perwoll-color-40pesukorda-2l\/\" \/>\n<meta property=\"og:site_name\" content=\"Espak E-pood\" \/>\n<meta property=\"article:modified_time\" content=\"2026-01-23T07:33:21+00:00\" \/>\n<meta property=\"og:image\" content=\"https:\/\/espak.ee\/epood\/wp-content\/uploads\/2026\/01\/0171966_perwoll-pesugeel-color-40pk-2l.jpeg\" \/>\n\t<meta property=\"og:image:width\" content=\"1000\" \/>\n\t<meta property=\"og:image:height\" content=\"1000\" \/>\n\t<meta property=\"og:image:type\" content=\"image\/jpeg\" \/>\n<meta name=\"twitter:card\" content=\"summary_large_image\" \/>\n<meta name=\"twitter:label1\" content=\"Est. reading time\" \/>\n\t<meta name=\"twitter:data1\" content=\"1 minut\" \/>\n<script type=\"application\/ld+json\" class=\"yoast-schema-graph\">{\"@context\":\"https:\/\/schema.org\",\"@graph\":[{\"@type\":\"WebPage\",\"@id\":\"https:\/\/espak.ee\/epood\/toode\/pesugeel-perwoll-color-40pesukorda-2l\/\",\"url\":\"https:\/\/espak.ee\/epood\/toode\/pesugeel-perwoll-color-40pesukorda-2l\/\",\"name\":\"PESUGEEL PERWOLL COLOR 40PESUKORDA 2L - Espak E-pood\",\"isPartOf\":{\"@id\":\"https:\/\/espak.ee\/epood\/#website\"},\"primaryImageOfPage\":{\"@id\":\"https:\/\/espak.ee\/epood\/toode\/pesugeel-perwoll-color-40pesukorda-2l\/#primaryimage\"},\"image\":{\"@id\":\"https:\/\/espak.ee\/epood\/toode\/pesugeel-perwoll-color-40pesukorda-2l\/#primaryimage\"},\"thumbnailUrl\":\"https:\/\/espak.ee\/epood\/wp-content\/uploads\/2026\/01\/0171966_perwoll-pesugeel-color-40pk-2l.jpeg\",\"datePublished\":\"2026-01-23T03:10:42+00:00\",\"dateModified\":\"2026-01-23T07:33:21+00:00\",\"breadcrumb\":{\"@id\":\"https:\/\/espak.ee\/epood\/toode\/pesugeel-perwoll-color-40pesukorda-2l\/#breadcrumb\"},\"inLanguage\":\"et\",\"potentialAction\":[{\"@type\":\"ReadAction\",\"target\":[\"https:\/\/espak.ee\/epood\/toode\/pesugeel-perwoll-color-40pesukorda-2l\/\"]}]},{\"@type\":\"ImageObject\",\"inLanguage\":\"et\",\"@id\":\"https:\/\/espak.ee\/epood\/toode\/pesugeel-perwoll-color-40pesukorda-2l\/#primaryimage\",\"url\":\"https:\/\/espak.ee\/epood\/wp-content\/uploads\/2026\/01\/0171966_perwoll-pesugeel-color-40pk-2l.jpeg\",\"contentUrl\":\"https:\/\/espak.ee\/epood\/wp-content\/uploads\/2026\/01\/0171966_perwoll-pesugeel-color-40pk-2l.jpeg\",\"width\":1000,\"height\":1000},{\"@type\":\"BreadcrumbList\",\"@id\":\"https:\/\/espak.ee\/epood\/toode\/pesugeel-perwoll-color-40pesukorda-2l\/#breadcrumb\",\"itemListElement\":[{\"@type\":\"ListItem\",\"position\":1,\"name\":\"Home\",\"item\":\"https:\/\/espak.ee\/epood\/\"},{\"@type\":\"ListItem\",\"position\":2,\"name\":\"Tootevalik\",\"item\":\"https:\/\/espak.ee\/epood\/tootevalik\/\"},{\"@type\":\"ListItem\",\"position\":3,\"name\":\"PESUGEEL PERWOLL COLOR 40PESUKORDA 2L\"}]},{\"@type\":\"WebSite\",\"@id\":\"https:\/\/espak.ee\/epood\/#website\",\"url\":\"https:\/\/espak.ee\/epood\/\",\"name\":\"Espak E-pood\",\"description\":\"\",\"potentialAction\":[{\"@type\":\"SearchAction\",\"target\":{\"@type\":\"EntryPoint\",\"urlTemplate\":\"https:\/\/espak.ee\/epood\/?s={search_term_string}\"},\"query-input\":{\"@type\":\"PropertyValueSpecification\",\"valueRequired\":true,\"valueName\":\"search_term_string\"}}],\"inLanguage\":\"et\"}]}<\/script>\n<!-- \/ Yoast SEO plugin. -->","yoast_head_json":{"title":"PESUGEEL PERWOLL COLOR 40PESUKORDA 2L - Espak E-pood","robots":{"index":"index","follow":"follow","max-snippet":"max-snippet:-1","max-image-preview":"max-image-preview:large","max-video-preview":"max-video-preview:-1"},"canonical":"https:\/\/espak.ee\/epood\/toode\/pesugeel-perwoll-color-40pesukorda-2l\/","og_locale":"et_EE","og_type":"article","og_title":"PESUGEEL PERWOLL COLOR 40PESUKORDA 2L - Espak E-pood","og_url":"https:\/\/espak.ee\/epood\/toode\/pesugeel-perwoll-color-40pesukorda-2l\/","og_site_name":"Espak E-pood","article_modified_time":"2026-01-23T07:33:21+00:00","og_image":[{"width":1000,"height":1000,"url":"https:\/\/espak.ee\/epood\/wp-content\/uploads\/2026\/01\/0171966_perwoll-pesugeel-color-40pk-2l.jpeg","type":"image\/jpeg"}],"twitter_card":"summary_large_image","twitter_misc":{"Est. reading time":"1 minut"},"schema":{"@context":"https:\/\/schema.org","@graph":[{"@type":"WebPage","@id":"https:\/\/espak.ee\/epood\/toode\/pesugeel-perwoll-color-40pesukorda-2l\/","url":"https:\/\/espak.ee\/epood\/toode\/pesugeel-perwoll-color-40pesukorda-2l\/","name":"PESUGEEL PERWOLL COLOR 40PESUKORDA 2L - Espak E-pood","isPartOf":{"@id":"https:\/\/espak.ee\/epood\/#website"},"primaryImageOfPage":{"@id":"https:\/\/espak.ee\/epood\/toode\/pesugeel-perwoll-color-40pesukorda-2l\/#primaryimage"},"image":{"@id":"https:\/\/espak.ee\/epood\/toode\/pesugeel-perwoll-color-40pesukorda-2l\/#primaryimage"},"thumbnailUrl":"https:\/\/espak.ee\/epood\/wp-content\/uploads\/2026\/01\/0171966_perwoll-pesugeel-color-40pk-2l.jpeg","datePublished":"2026-01-23T03:10:42+00:00","dateModified":"2026-01-23T07:33:21+00:00","breadcrumb":{"@id":"https:\/\/espak.ee\/epood\/toode\/pesugeel-perwoll-color-40pesukorda-2l\/#breadcrumb"},"inLanguage":"et","potentialAction":[{"@type":"ReadAction","target":["https:\/\/espak.ee\/epood\/toode\/pesugeel-perwoll-color-40pesukorda-2l\/"]}]},{"@type":"ImageObject","inLanguage":"et","@id":"https:\/\/espak.ee\/epood\/toode\/pesugeel-perwoll-color-40pesukorda-2l\/#primaryimage","url":"https:\/\/espak.ee\/epood\/wp-content\/uploads\/2026\/01\/0171966_perwoll-pesugeel-color-40pk-2l.jpeg","contentUrl":"https:\/\/espak.ee\/epood\/wp-content\/uploads\/2026\/01\/0171966_perwoll-pesugeel-color-40pk-2l.jpeg","width":1000,"height":1000},{"@type":"BreadcrumbList","@id":"https:\/\/espak.ee\/epood\/toode\/pesugeel-perwoll-color-40pesukorda-2l\/#breadcrumb","itemListElement":[{"@type":"ListItem","position":1,"name":"Home","item":"https:\/\/espak.ee\/epood\/"},{"@type":"ListItem","position":2,"name":"Tootevalik","item":"https:\/\/espak.ee\/epood\/tootevalik\/"},{"@type":"ListItem","position":3,"name":"PESUGEEL PERWOLL COLOR 40PESUKORDA 2L"}]},{"@type":"WebSite","@id":"https:\/\/espak.ee\/epood\/#website","url":"https:\/\/espak.ee\/epood\/","name":"Espak E-pood","description":"","potentialAction":[{"@type":"SearchAction","target":{"@type":"EntryPoint","urlTemplate":"https:\/\/espak.ee\/epood\/?s={search_term_string}"},"query-input":{"@type":"PropertyValueSpecification","valueRequired":true,"valueName":"search_term_string"}}],"inLanguage":"et"}]}},"_links":{"self":[{"href":"https:\/\/espak.ee\/epood\/wp-json\/wp\/v2\/product\/261961","targetHints":{"allow":["GET"]}}],"collection":[{"href":"https:\/\/espak.ee\/epood\/wp-json\/wp\/v2\/product"}],"about":[{"href":"https:\/\/espak.ee\/epood\/wp-json\/wp\/v2\/types\/product"}],"replies":[{"embeddable":true,"href":"https:\/\/espak.ee\/epood\/wp-json\/wp\/v2\/comments?post=261961"}],"wp:featuredmedia":[{"embeddable":true,"href":"https:\/\/espak.ee\/epood\/wp-json\/wp\/v2\/media\/261981"}],"wp:attachment":[{"href":"https:\/\/espak.ee\/epood\/wp-json\/wp\/v2\/media?parent=261961"}],"wp:term":[{"taxonomy":"product_brand","embeddable":true,"href":"https:\/\/espak.ee\/epood\/wp-json\/wp\/v2\/product_brand?post=261961"},{"taxonomy":"product_cat","embeddable":true,"href":"https:\/\/espak.ee\/epood\/wp-json\/wp\/v2\/product_cat?post=261961"},{"taxonomy":"product_tag","embeddable":true,"href":"https:\/\/espak.ee\/epood\/wp-json\/wp\/v2\/product_tag?post=261961"}],"curies":[{"name":"wp","href":"https:\/\/api.w.org\/{rel}","templated":true}]}}