{"id":261954,"date":"2026-01-23T05:10:01","date_gmt":"2026-01-23T03:10:01","guid":{"rendered":"https:\/\/espak.ee\/epood\/?post_type=product&#038;p=261954"},"modified":"2026-01-23T10:11:19","modified_gmt":"2026-01-23T08:11:19","slug":"lohnakuunal-airwick-mountain-berry-blossom-105g","status":"publish","type":"product","link":"https:\/\/espak.ee\/epood\/toode\/lohnakuunal-airwick-mountain-berry-blossom-105g\/","title":{"rendered":"L\u00d5HNAK\u00dc\u00dcNAL AIRWICK MOUNTAIN BERRY BLOSSOM 105G"},"content":{"rendered":"<div class=\"row\"  id=\"row-546190234\">\n\n\t<div id=\"col-1168834883\" class=\"col medium-9 small-12 large-9\"  >\n\t\t\t\t<div class=\"col-inner\"  >\n\t\t\t\n\t\t\t\n<h3>AIR WICK l\u00f5hnak\u00fc\u00fcnal Mountain Berry Blossom 105g<\/h3>\n<p>Eeterlikud \u00f5lid. Suurep\u00e4rane aroom esimesest kuni viimase leegini. Osaliselt s\u00fcnteetiline aroom. Tundke lumega \u00fclepuistatud marjade v\u00e4rskust.\n<\/p>\n<p><strong>Koostisosad:<\/strong><br \/>\nSisaldab: dl-Limonene. V\u00f5ib p\u00f5hjustada allergilist reaktsiooni. Koostisosade teave: www.rbeuroinfo.com.  <\/p>\n<p><strong>Kasutusjuhend:<\/strong><br \/>\nMitte p\u00f5letada rohkem kui 4 tundi korraga. Kasutades mitut k\u00fc\u00fcnalt korraga, j\u00e4tta k\u00fc\u00fcnalde vahele v\u00e4hemalt 20 cm. Asetada lamedale kuumuskindlale pinnale, eemale tuulet\u00f5mbusest. K\u00fc\u00fcnlaid mitte p\u00f5letada s\u00fcttivate materjalide peal v\u00f5i l\u00e4heduses. K\u00fc\u00fcnalt hoida p\u00fcstises asendis. Mitte kasutada kuumadel pindadel (nt TV). Taht l\u00f5igata enne p\u00f5letamist l\u00fchemaks, kui selle pikkus \u00fcletab 1 cm, et v\u00e4ltida liigset suitsemist. P\u00f5lemise ajal v\u00f5i enne hangumist mitte liigutada v\u00f5i kallutada. Mitte lasta leegil puutuda klaasist \u00fcmbrist. K\u00fc\u00fcnal kustutada, kui k\u00fc\u00fcnalt on j\u00e4rele j\u00e4\u00e4nud alla 1 cm, ja mitte lasta k\u00fc\u00fcnlal p\u00e4ris l\u00f5puni p\u00f5leda.<\/p>\n<p><strong>Ohutus:<\/strong><br \/>\nHOIATUS: ENNE KASUTAMIST LUGEGE OHUTUSTEAVET JA ETTEVASABIN\u00d5USID. S\u00c4ILITAGE NEED EDASPIDI KASUTAMISEKS. Juhendite eiramine v\u00f5ib p\u00f5hjustada tuleohtu, isikuvigastust v\u00f5i klaasi purunemist. Hoida lastele ja lemmikloomadele k\u00e4ttesaamatus kohas. Arsti poole p\u00f6\u00f6rdudes v\u00f5tta kaasa toote pakend v\u00f5i etikett. ALLANEELAMISE KORRAL: halva enesetunde korral v\u00f5tta \u00fchendust M\u00dcRGISTUSTEABEKESKUSE v\u00f5i arstiga. Klaas on kuum kasutamise ajal ja p\u00e4rast kasutamist. Mitte kasutada, kui klaas on kahjustatud. L\u00f5hnade suhtes tundlikud inimesed peavad olema selle toote kasutamisel ettevaatlikud. \u00d5huv\u00e4rskendid ei asenda h\u00e4id h\u00fcgieeniharjumusi. MITTE PANNA K\u00dc\u00dcNLASSE MUID OBJEKTE (nt TIKKE). Mitte j\u00e4tta p\u00f5levat k\u00fc\u00fcnalt j\u00e4relvalveta. Hoida eemal s\u00fcttivatest materjalidest. Mitte p\u00f5letada rohkem kui 4 tundi korraga. Kasutades mitut k\u00fc\u00fcnalt korraga, j\u00e4tta k\u00fc\u00fcnalde vahele v\u00e4hemalt 20 cm. Asetada lamedale kuumuskindlale pinnale, eemale tuulet\u00f5mbusest. K\u00fc\u00fcnlaid mitte p\u00f5letada s\u00fcttivate materjalide peal v\u00f5i l\u00e4heduses. K\u00fc\u00fcnalt hoida p\u00fcstises asendis. Mitte kasutada kuumadel pindadel (nt TV). Taht l\u00f5igata enne p\u00f5letamist l\u00fchemaks, kui selle pikkus \u00fcletab 1 cm, et v\u00e4ltida liigset suitsemist. P\u00f5lemise ajal v\u00f5i enne hangumist mitte liigutada v\u00f5i kallutada. Mitte lasta leegil puutuda klaasist \u00fcmbrist. K\u00fc\u00fcnal kustutada, kui k\u00fc\u00fcnalt on j\u00e4rele j\u00e4\u00e4nud alla 1 cm, ja mitte lasta k\u00fc\u00fcnlal p\u00e4ris l\u00f5puni p\u00f5leda. K\u00fc\u00fcnal kustutada \u00f5rnalt puhudes. Sisaldab: dl-Limonene. V\u00f5ib p\u00f5hjustada allergilist reaktsiooni.\n<\/p>\n\t\t<\/div>\n\t\t\t\t\t<\/div>\n\n\t\n\n\t<div id=\"col-693029660\" class=\"col medium-3 small-12 large-3\"  >\n\t\t\t\t<div class=\"col-inner\"  >\n\t\t\t\n\t\t\t\n\t<div id=\"gap-1899246119\" class=\"gap-element clearfix\" style=\"display:block; height:auto;\">\n\t\t\n<style>\n#gap-1899246119 {\n  padding-top: 30px;\n}\n<\/style>\n\t<\/div>\n\t\n<p><strong>\u00dcksikasjalikuma n\u00f5u saamiseks v\u00f5tke \u00fchendust:<br \/><\/strong>EUGESTA EESTI O\u00dc<br \/>Rukki tee 5<br \/>Lehmja k\u00fcla, Rae vald<br \/>75306<br \/>Harjumaa<br \/>+372 682 7782<\/p>\n\t\t<\/div>\n\t\t\t\t\t<\/div>\n\n\t\n<\/div>\n","protected":false},"excerpt":{"rendered":"","protected":false},"featured_media":261995,"comment_status":"closed","ping_status":"closed","template":"","meta":[],"product_brand":[],"product_cat":[2788,2927,2928,2929],"product_tag":[],"class_list":{"0":"post-261954","1":"product","2":"type-product","3":"status-publish","4":"has-post-thumbnail","6":"product_cat-aiatarbed-ja-kodukaubad","7":"product_cat-kodukaubad","8":"product_cat-sisustus-ja-majapidamine","9":"product_cat-sisustus-ja-majapidamistarbed","10":"pa_kaubamark-eugesta-eesti-as","12":"first","13":"instock","14":"sale","15":"taxable","16":"shipping-taxable","17":"purchasable","18":"product-type-simple"},"yoast_head":"<!-- This site is optimized with the Yoast SEO plugin v26.9 - https:\/\/yoast.com\/product\/yoast-seo-wordpress\/ -->\n<title>L\u00d5HNAK\u00dc\u00dcNAL AIRWICK MOUNTAIN BERRY BLOSSOM 105G - Espak E-pood<\/title>\n<meta name=\"robots\" content=\"index, follow, max-snippet:-1, max-image-preview:large, max-video-preview:-1\" \/>\n<link rel=\"canonical\" href=\"https:\/\/espak.ee\/epood\/toode\/lohnakuunal-airwick-mountain-berry-blossom-105g\/\" \/>\n<meta property=\"og:locale\" content=\"et_EE\" \/>\n<meta property=\"og:type\" content=\"article\" \/>\n<meta property=\"og:title\" content=\"L\u00d5HNAK\u00dc\u00dcNAL AIRWICK MOUNTAIN BERRY BLOSSOM 105G - Espak E-pood\" \/>\n<meta property=\"og:url\" content=\"https:\/\/espak.ee\/epood\/toode\/lohnakuunal-airwick-mountain-berry-blossom-105g\/\" \/>\n<meta property=\"og:site_name\" content=\"Espak E-pood\" \/>\n<meta property=\"article:modified_time\" content=\"2026-01-23T08:11:19+00:00\" \/>\n<meta property=\"og:image\" content=\"https:\/\/espak.ee\/epood\/wp-content\/uploads\/2026\/01\/0172246_air-wick-lohnakuunal-berry-blossom-105-g.jpg\" \/>\n\t<meta property=\"og:image:width\" content=\"1000\" \/>\n\t<meta property=\"og:image:height\" content=\"1000\" \/>\n\t<meta property=\"og:image:type\" content=\"image\/jpeg\" \/>\n<meta name=\"twitter:card\" content=\"summary_large_image\" \/>\n<meta name=\"twitter:label1\" content=\"Est. reading time\" \/>\n\t<meta name=\"twitter:data1\" content=\"2 minutit\" \/>\n<script type=\"application\/ld+json\" class=\"yoast-schema-graph\">{\"@context\":\"https:\/\/schema.org\",\"@graph\":[{\"@type\":\"WebPage\",\"@id\":\"https:\/\/espak.ee\/epood\/toode\/lohnakuunal-airwick-mountain-berry-blossom-105g\/\",\"url\":\"https:\/\/espak.ee\/epood\/toode\/lohnakuunal-airwick-mountain-berry-blossom-105g\/\",\"name\":\"L\u00d5HNAK\u00dc\u00dcNAL AIRWICK MOUNTAIN BERRY BLOSSOM 105G - Espak E-pood\",\"isPartOf\":{\"@id\":\"https:\/\/espak.ee\/epood\/#website\"},\"primaryImageOfPage\":{\"@id\":\"https:\/\/espak.ee\/epood\/toode\/lohnakuunal-airwick-mountain-berry-blossom-105g\/#primaryimage\"},\"image\":{\"@id\":\"https:\/\/espak.ee\/epood\/toode\/lohnakuunal-airwick-mountain-berry-blossom-105g\/#primaryimage\"},\"thumbnailUrl\":\"https:\/\/espak.ee\/epood\/wp-content\/uploads\/2026\/01\/0172246_air-wick-lohnakuunal-berry-blossom-105-g.jpg\",\"datePublished\":\"2026-01-23T03:10:01+00:00\",\"dateModified\":\"2026-01-23T08:11:19+00:00\",\"breadcrumb\":{\"@id\":\"https:\/\/espak.ee\/epood\/toode\/lohnakuunal-airwick-mountain-berry-blossom-105g\/#breadcrumb\"},\"inLanguage\":\"et\",\"potentialAction\":[{\"@type\":\"ReadAction\",\"target\":[\"https:\/\/espak.ee\/epood\/toode\/lohnakuunal-airwick-mountain-berry-blossom-105g\/\"]}]},{\"@type\":\"ImageObject\",\"inLanguage\":\"et\",\"@id\":\"https:\/\/espak.ee\/epood\/toode\/lohnakuunal-airwick-mountain-berry-blossom-105g\/#primaryimage\",\"url\":\"https:\/\/espak.ee\/epood\/wp-content\/uploads\/2026\/01\/0172246_air-wick-lohnakuunal-berry-blossom-105-g.jpg\",\"contentUrl\":\"https:\/\/espak.ee\/epood\/wp-content\/uploads\/2026\/01\/0172246_air-wick-lohnakuunal-berry-blossom-105-g.jpg\",\"width\":1000,\"height\":1000},{\"@type\":\"BreadcrumbList\",\"@id\":\"https:\/\/espak.ee\/epood\/toode\/lohnakuunal-airwick-mountain-berry-blossom-105g\/#breadcrumb\",\"itemListElement\":[{\"@type\":\"ListItem\",\"position\":1,\"name\":\"Home\",\"item\":\"https:\/\/espak.ee\/epood\/\"},{\"@type\":\"ListItem\",\"position\":2,\"name\":\"Tootevalik\",\"item\":\"https:\/\/espak.ee\/epood\/tootevalik\/\"},{\"@type\":\"ListItem\",\"position\":3,\"name\":\"L\u00d5HNAK\u00dc\u00dcNAL AIRWICK MOUNTAIN BERRY BLOSSOM 105G\"}]},{\"@type\":\"WebSite\",\"@id\":\"https:\/\/espak.ee\/epood\/#website\",\"url\":\"https:\/\/espak.ee\/epood\/\",\"name\":\"Espak E-pood\",\"description\":\"\",\"potentialAction\":[{\"@type\":\"SearchAction\",\"target\":{\"@type\":\"EntryPoint\",\"urlTemplate\":\"https:\/\/espak.ee\/epood\/?s={search_term_string}\"},\"query-input\":{\"@type\":\"PropertyValueSpecification\",\"valueRequired\":true,\"valueName\":\"search_term_string\"}}],\"inLanguage\":\"et\"}]}<\/script>\n<!-- \/ Yoast SEO plugin. -->","yoast_head_json":{"title":"L\u00d5HNAK\u00dc\u00dcNAL AIRWICK MOUNTAIN BERRY BLOSSOM 105G - Espak E-pood","robots":{"index":"index","follow":"follow","max-snippet":"max-snippet:-1","max-image-preview":"max-image-preview:large","max-video-preview":"max-video-preview:-1"},"canonical":"https:\/\/espak.ee\/epood\/toode\/lohnakuunal-airwick-mountain-berry-blossom-105g\/","og_locale":"et_EE","og_type":"article","og_title":"L\u00d5HNAK\u00dc\u00dcNAL AIRWICK MOUNTAIN BERRY BLOSSOM 105G - Espak E-pood","og_url":"https:\/\/espak.ee\/epood\/toode\/lohnakuunal-airwick-mountain-berry-blossom-105g\/","og_site_name":"Espak E-pood","article_modified_time":"2026-01-23T08:11:19+00:00","og_image":[{"width":1000,"height":1000,"url":"https:\/\/espak.ee\/epood\/wp-content\/uploads\/2026\/01\/0172246_air-wick-lohnakuunal-berry-blossom-105-g.jpg","type":"image\/jpeg"}],"twitter_card":"summary_large_image","twitter_misc":{"Est. reading time":"2 minutit"},"schema":{"@context":"https:\/\/schema.org","@graph":[{"@type":"WebPage","@id":"https:\/\/espak.ee\/epood\/toode\/lohnakuunal-airwick-mountain-berry-blossom-105g\/","url":"https:\/\/espak.ee\/epood\/toode\/lohnakuunal-airwick-mountain-berry-blossom-105g\/","name":"L\u00d5HNAK\u00dc\u00dcNAL AIRWICK MOUNTAIN BERRY BLOSSOM 105G - Espak E-pood","isPartOf":{"@id":"https:\/\/espak.ee\/epood\/#website"},"primaryImageOfPage":{"@id":"https:\/\/espak.ee\/epood\/toode\/lohnakuunal-airwick-mountain-berry-blossom-105g\/#primaryimage"},"image":{"@id":"https:\/\/espak.ee\/epood\/toode\/lohnakuunal-airwick-mountain-berry-blossom-105g\/#primaryimage"},"thumbnailUrl":"https:\/\/espak.ee\/epood\/wp-content\/uploads\/2026\/01\/0172246_air-wick-lohnakuunal-berry-blossom-105-g.jpg","datePublished":"2026-01-23T03:10:01+00:00","dateModified":"2026-01-23T08:11:19+00:00","breadcrumb":{"@id":"https:\/\/espak.ee\/epood\/toode\/lohnakuunal-airwick-mountain-berry-blossom-105g\/#breadcrumb"},"inLanguage":"et","potentialAction":[{"@type":"ReadAction","target":["https:\/\/espak.ee\/epood\/toode\/lohnakuunal-airwick-mountain-berry-blossom-105g\/"]}]},{"@type":"ImageObject","inLanguage":"et","@id":"https:\/\/espak.ee\/epood\/toode\/lohnakuunal-airwick-mountain-berry-blossom-105g\/#primaryimage","url":"https:\/\/espak.ee\/epood\/wp-content\/uploads\/2026\/01\/0172246_air-wick-lohnakuunal-berry-blossom-105-g.jpg","contentUrl":"https:\/\/espak.ee\/epood\/wp-content\/uploads\/2026\/01\/0172246_air-wick-lohnakuunal-berry-blossom-105-g.jpg","width":1000,"height":1000},{"@type":"BreadcrumbList","@id":"https:\/\/espak.ee\/epood\/toode\/lohnakuunal-airwick-mountain-berry-blossom-105g\/#breadcrumb","itemListElement":[{"@type":"ListItem","position":1,"name":"Home","item":"https:\/\/espak.ee\/epood\/"},{"@type":"ListItem","position":2,"name":"Tootevalik","item":"https:\/\/espak.ee\/epood\/tootevalik\/"},{"@type":"ListItem","position":3,"name":"L\u00d5HNAK\u00dc\u00dcNAL AIRWICK MOUNTAIN BERRY BLOSSOM 105G"}]},{"@type":"WebSite","@id":"https:\/\/espak.ee\/epood\/#website","url":"https:\/\/espak.ee\/epood\/","name":"Espak E-pood","description":"","potentialAction":[{"@type":"SearchAction","target":{"@type":"EntryPoint","urlTemplate":"https:\/\/espak.ee\/epood\/?s={search_term_string}"},"query-input":{"@type":"PropertyValueSpecification","valueRequired":true,"valueName":"search_term_string"}}],"inLanguage":"et"}]}},"_links":{"self":[{"href":"https:\/\/espak.ee\/epood\/wp-json\/wp\/v2\/product\/261954","targetHints":{"allow":["GET"]}}],"collection":[{"href":"https:\/\/espak.ee\/epood\/wp-json\/wp\/v2\/product"}],"about":[{"href":"https:\/\/espak.ee\/epood\/wp-json\/wp\/v2\/types\/product"}],"replies":[{"embeddable":true,"href":"https:\/\/espak.ee\/epood\/wp-json\/wp\/v2\/comments?post=261954"}],"wp:featuredmedia":[{"embeddable":true,"href":"https:\/\/espak.ee\/epood\/wp-json\/wp\/v2\/media\/261995"}],"wp:attachment":[{"href":"https:\/\/espak.ee\/epood\/wp-json\/wp\/v2\/media?parent=261954"}],"wp:term":[{"taxonomy":"product_brand","embeddable":true,"href":"https:\/\/espak.ee\/epood\/wp-json\/wp\/v2\/product_brand?post=261954"},{"taxonomy":"product_cat","embeddable":true,"href":"https:\/\/espak.ee\/epood\/wp-json\/wp\/v2\/product_cat?post=261954"},{"taxonomy":"product_tag","embeddable":true,"href":"https:\/\/espak.ee\/epood\/wp-json\/wp\/v2\/product_tag?post=261954"}],"curies":[{"name":"wp","href":"https:\/\/api.w.org\/{rel}","templated":true}]}}