{"id":261943,"date":"2026-01-23T05:10:01","date_gmt":"2026-01-23T03:10:01","guid":{"rendered":"https:\/\/espak.ee\/epood\/?post_type=product&#038;p=261943"},"modified":"2026-01-23T16:12:19","modified_gmt":"2026-01-23T14:12:19","slug":"puhastusvaht-cillit-bang-750ml-spray-vannitubadele","status":"publish","type":"product","link":"https:\/\/espak.ee\/epood\/toode\/puhastusvaht-cillit-bang-750ml-spray-vannitubadele\/","title":{"rendered":"PUHASTUSVAHT CILLIT BANG 750ML SPRAY VANNITUBADELE"},"content":{"rendered":"<div class=\"row\"  id=\"row-1765133462\">\n\n\t<div id=\"col-1447815133\" class=\"col medium-9 small-12 large-9\"  >\n\t\t\t\t<div class=\"col-inner\"  >\n\t\t\t\n\t\t\t\n<h3>CILLIT BANG vannitubadele SPRAY 750 ML<\/h3>\n<p>Cillit Bangiga h\u00e4vitate sekunditega vannitoa mustuse t\u00e4ielikult. Power Cleaner Limescale &#038; Shine on \u00fclilihtne lahendus Teie vannitoa puhastamiseks. Vannitoa mustust v\u00f5ib olla raske eemaldada &#8211; kuid enam mitte &#8211; selle mitmeotstarbelise puhastusvahendi vahutav ja puhastav turbo toime k\u00f5rvaldab sekunditega ka k\u00f5ige keerulisemad probleemid. Olgu see katlakivi, seebiplekid, rooste v\u00f5i pori, pole vahet! Cillit Bang Power Cleaner Limescale &#038; Shine on tehtud spetsiaalselt selleks, et vabaneda ka k\u00f5ige keerulisematest probleemidest paljudel erinevatel pindadel Teie kodus. Meie spetsiaalselt v\u00e4lja t\u00f6\u00f6tatud vormel h\u00e4vitab mustuse ruttu ja lihtsalt ning muudab majapidamise koristamise v\u00e4hem t\u00fc\u00fctuks.\n<\/p>\n<p><strong>Koostisosad:<\/strong><br \/>\nSisaldab v\u00e4hem kui 5 % anioonseid pindaktiivseid aineid, L\u00f5hnaained, Hexyl Cinnamal. Allergia alased soovitused: info allergeenide kohta on koostisosade loetelus rasvaselt tr\u00fckitud. <\/p>\n<p><strong>Kasutusjuhend:<\/strong><br \/>\nKuidas eemaldada katlakivi, seebiplekid, rooste ja pori: Keerake otsik on asendisse ja hoides pudelit p\u00fcsti, pihustage soovitud pinnale v\u00e4hemalt 20cm kauguselt. \u00c4rge j\u00e4tke vahendit kauemaks kui 5 minutiks, meie turb t\u00f5hus vormel toimib sekunditega ning hiljem loputage pind ja pesuk\u00e4sn korralikult veega. Seej\u00e4rel pole vaja teha muud, kui nautida tulemust, Teie s\u00e4ravpuhast vannituba.<\/p>\n<p><strong>Ohutus:<\/strong><br \/>\nP\u00f5hjustab naha \u00e4rritust. V\u00f5ib olla metalle s\u00f6\u00f6vitav. Hoida lastele k\u00e4ttesaamatus kohas. Kandke silmade\/n\u00e4o kaitset. Arsti poole p\u00f6\u00f6rdudes v\u00f5tta kaasa toote pakend v\u00f5i etikett. SILMA SATTUMISE KORRAL: loputada mitme minuti jooksul ettevaatlikult veega. Eemaldada kontaktl\u00e4\u00e4tsed, kui neid kasutatakse ja kui neid on kerge eemaldada. Loputada veel kord. Kui silmade \u00e4rritus ei m\u00f6\u00f6du: p\u00f6\u00f6rduda arsti poole. NAHALE SATTUMISEL: Peske rohke vee ja seebiga. Naha\u00e4rrituse korral:p\u00f6\u00f6rduda arsti poole. Toiduga kokkupuutuvate pindade korral kasutage ainult mittepoorsetel pindadel ja loputage hoolikalt veega. \u00c4rge segage valgendi v\u00f5i teiste majapidamises kasutatavate toodetega. Tundliku naha korral soovitame Teil kanda kindaid.\n<\/p>\n\t\t<\/div>\n\t\t\t\t\t<\/div>\n\n\t\n\n\t<div id=\"col-156165270\" class=\"col medium-3 small-12 large-3\"  >\n\t\t\t\t<div class=\"col-inner\"  >\n\t\t\t\n\t\t\t\n\t<div id=\"gap-1038235905\" class=\"gap-element clearfix\" style=\"display:block; height:auto;\">\n\t\t\n<style>\n#gap-1038235905 {\n  padding-top: 30px;\n}\n<\/style>\n\t<\/div>\n\t\n<p><strong>\u00dcksikasjalikuma n\u00f5u saamiseks v\u00f5tke \u00fchendust:<br \/><\/strong>EUGESTA EESTI O\u00dc<br \/>Rukki tee 5<br \/>Lehmja k\u00fcla, Rae vald<br \/>75306<br \/>Harjumaa<br \/>+372 682 7782<\/p>\n\t\t<\/div>\n\t\t\t\t\t<\/div>\n\n\t\n<\/div>\n","protected":false},"excerpt":{"rendered":"","protected":false},"featured_media":262056,"comment_status":"closed","ping_status":"closed","template":"","meta":[],"product_brand":[],"product_cat":[2788,4217,4216,4328],"product_tag":[],"class_list":{"0":"post-261943","1":"product","2":"type-product","3":"status-publish","4":"has-post-thumbnail","6":"product_cat-aiatarbed-ja-kodukaubad","7":"product_cat-kodukeemia-kodukeemia","8":"product_cat-kodukeemia","9":"product_cat-wc-ja-vannitoa-puhastusvahendid","10":"pa_kaubamark-eugesta-eesti-as","12":"first","13":"instock","14":"sale","15":"taxable","16":"shipping-taxable","17":"purchasable","18":"product-type-simple"},"yoast_head":"<!-- This site is optimized with the Yoast SEO plugin v26.9 - https:\/\/yoast.com\/product\/yoast-seo-wordpress\/ -->\n<title>PUHASTUSVAHT CILLIT BANG 750ML SPRAY VANNITUBADELE - Espak E-pood<\/title>\n<meta name=\"robots\" content=\"index, follow, max-snippet:-1, max-image-preview:large, max-video-preview:-1\" \/>\n<link rel=\"canonical\" href=\"https:\/\/espak.ee\/epood\/toode\/puhastusvaht-cillit-bang-750ml-spray-vannitubadele\/\" \/>\n<meta property=\"og:locale\" content=\"et_EE\" \/>\n<meta property=\"og:type\" content=\"article\" \/>\n<meta property=\"og:title\" content=\"PUHASTUSVAHT CILLIT BANG 750ML SPRAY VANNITUBADELE - Espak E-pood\" \/>\n<meta property=\"og:url\" content=\"https:\/\/espak.ee\/epood\/toode\/puhastusvaht-cillit-bang-750ml-spray-vannitubadele\/\" \/>\n<meta property=\"og:site_name\" content=\"Espak E-pood\" \/>\n<meta property=\"article:modified_time\" content=\"2026-01-23T14:12:19+00:00\" \/>\n<meta property=\"og:image\" content=\"https:\/\/espak.ee\/epood\/wp-content\/uploads\/2026\/01\/0171201_cillit-bang-vannitubadele-spray-750-ml.jpg\" \/>\n\t<meta property=\"og:image:width\" content=\"1000\" \/>\n\t<meta property=\"og:image:height\" content=\"1000\" \/>\n\t<meta property=\"og:image:type\" content=\"image\/jpeg\" \/>\n<meta name=\"twitter:card\" content=\"summary_large_image\" \/>\n<meta name=\"twitter:label1\" content=\"Est. reading time\" \/>\n\t<meta name=\"twitter:data1\" content=\"2 minutit\" \/>\n<script type=\"application\/ld+json\" class=\"yoast-schema-graph\">{\"@context\":\"https:\/\/schema.org\",\"@graph\":[{\"@type\":\"WebPage\",\"@id\":\"https:\/\/espak.ee\/epood\/toode\/puhastusvaht-cillit-bang-750ml-spray-vannitubadele\/\",\"url\":\"https:\/\/espak.ee\/epood\/toode\/puhastusvaht-cillit-bang-750ml-spray-vannitubadele\/\",\"name\":\"PUHASTUSVAHT CILLIT BANG 750ML SPRAY VANNITUBADELE - Espak E-pood\",\"isPartOf\":{\"@id\":\"https:\/\/espak.ee\/epood\/#website\"},\"primaryImageOfPage\":{\"@id\":\"https:\/\/espak.ee\/epood\/toode\/puhastusvaht-cillit-bang-750ml-spray-vannitubadele\/#primaryimage\"},\"image\":{\"@id\":\"https:\/\/espak.ee\/epood\/toode\/puhastusvaht-cillit-bang-750ml-spray-vannitubadele\/#primaryimage\"},\"thumbnailUrl\":\"https:\/\/espak.ee\/epood\/wp-content\/uploads\/2026\/01\/0171201_cillit-bang-vannitubadele-spray-750-ml.jpg\",\"datePublished\":\"2026-01-23T03:10:01+00:00\",\"dateModified\":\"2026-01-23T14:12:19+00:00\",\"breadcrumb\":{\"@id\":\"https:\/\/espak.ee\/epood\/toode\/puhastusvaht-cillit-bang-750ml-spray-vannitubadele\/#breadcrumb\"},\"inLanguage\":\"et\",\"potentialAction\":[{\"@type\":\"ReadAction\",\"target\":[\"https:\/\/espak.ee\/epood\/toode\/puhastusvaht-cillit-bang-750ml-spray-vannitubadele\/\"]}]},{\"@type\":\"ImageObject\",\"inLanguage\":\"et\",\"@id\":\"https:\/\/espak.ee\/epood\/toode\/puhastusvaht-cillit-bang-750ml-spray-vannitubadele\/#primaryimage\",\"url\":\"https:\/\/espak.ee\/epood\/wp-content\/uploads\/2026\/01\/0171201_cillit-bang-vannitubadele-spray-750-ml.jpg\",\"contentUrl\":\"https:\/\/espak.ee\/epood\/wp-content\/uploads\/2026\/01\/0171201_cillit-bang-vannitubadele-spray-750-ml.jpg\",\"width\":1000,\"height\":1000},{\"@type\":\"BreadcrumbList\",\"@id\":\"https:\/\/espak.ee\/epood\/toode\/puhastusvaht-cillit-bang-750ml-spray-vannitubadele\/#breadcrumb\",\"itemListElement\":[{\"@type\":\"ListItem\",\"position\":1,\"name\":\"Home\",\"item\":\"https:\/\/espak.ee\/epood\/\"},{\"@type\":\"ListItem\",\"position\":2,\"name\":\"Tootevalik\",\"item\":\"https:\/\/espak.ee\/epood\/tootevalik\/\"},{\"@type\":\"ListItem\",\"position\":3,\"name\":\"PUHASTUSVAHT CILLIT BANG 750ML SPRAY VANNITUBADELE\"}]},{\"@type\":\"WebSite\",\"@id\":\"https:\/\/espak.ee\/epood\/#website\",\"url\":\"https:\/\/espak.ee\/epood\/\",\"name\":\"Espak E-pood\",\"description\":\"\",\"potentialAction\":[{\"@type\":\"SearchAction\",\"target\":{\"@type\":\"EntryPoint\",\"urlTemplate\":\"https:\/\/espak.ee\/epood\/?s={search_term_string}\"},\"query-input\":{\"@type\":\"PropertyValueSpecification\",\"valueRequired\":true,\"valueName\":\"search_term_string\"}}],\"inLanguage\":\"et\"}]}<\/script>\n<!-- \/ Yoast SEO plugin. -->","yoast_head_json":{"title":"PUHASTUSVAHT CILLIT BANG 750ML SPRAY VANNITUBADELE - Espak E-pood","robots":{"index":"index","follow":"follow","max-snippet":"max-snippet:-1","max-image-preview":"max-image-preview:large","max-video-preview":"max-video-preview:-1"},"canonical":"https:\/\/espak.ee\/epood\/toode\/puhastusvaht-cillit-bang-750ml-spray-vannitubadele\/","og_locale":"et_EE","og_type":"article","og_title":"PUHASTUSVAHT CILLIT BANG 750ML SPRAY VANNITUBADELE - Espak E-pood","og_url":"https:\/\/espak.ee\/epood\/toode\/puhastusvaht-cillit-bang-750ml-spray-vannitubadele\/","og_site_name":"Espak E-pood","article_modified_time":"2026-01-23T14:12:19+00:00","og_image":[{"width":1000,"height":1000,"url":"https:\/\/espak.ee\/epood\/wp-content\/uploads\/2026\/01\/0171201_cillit-bang-vannitubadele-spray-750-ml.jpg","type":"image\/jpeg"}],"twitter_card":"summary_large_image","twitter_misc":{"Est. reading time":"2 minutit"},"schema":{"@context":"https:\/\/schema.org","@graph":[{"@type":"WebPage","@id":"https:\/\/espak.ee\/epood\/toode\/puhastusvaht-cillit-bang-750ml-spray-vannitubadele\/","url":"https:\/\/espak.ee\/epood\/toode\/puhastusvaht-cillit-bang-750ml-spray-vannitubadele\/","name":"PUHASTUSVAHT CILLIT BANG 750ML SPRAY VANNITUBADELE - Espak E-pood","isPartOf":{"@id":"https:\/\/espak.ee\/epood\/#website"},"primaryImageOfPage":{"@id":"https:\/\/espak.ee\/epood\/toode\/puhastusvaht-cillit-bang-750ml-spray-vannitubadele\/#primaryimage"},"image":{"@id":"https:\/\/espak.ee\/epood\/toode\/puhastusvaht-cillit-bang-750ml-spray-vannitubadele\/#primaryimage"},"thumbnailUrl":"https:\/\/espak.ee\/epood\/wp-content\/uploads\/2026\/01\/0171201_cillit-bang-vannitubadele-spray-750-ml.jpg","datePublished":"2026-01-23T03:10:01+00:00","dateModified":"2026-01-23T14:12:19+00:00","breadcrumb":{"@id":"https:\/\/espak.ee\/epood\/toode\/puhastusvaht-cillit-bang-750ml-spray-vannitubadele\/#breadcrumb"},"inLanguage":"et","potentialAction":[{"@type":"ReadAction","target":["https:\/\/espak.ee\/epood\/toode\/puhastusvaht-cillit-bang-750ml-spray-vannitubadele\/"]}]},{"@type":"ImageObject","inLanguage":"et","@id":"https:\/\/espak.ee\/epood\/toode\/puhastusvaht-cillit-bang-750ml-spray-vannitubadele\/#primaryimage","url":"https:\/\/espak.ee\/epood\/wp-content\/uploads\/2026\/01\/0171201_cillit-bang-vannitubadele-spray-750-ml.jpg","contentUrl":"https:\/\/espak.ee\/epood\/wp-content\/uploads\/2026\/01\/0171201_cillit-bang-vannitubadele-spray-750-ml.jpg","width":1000,"height":1000},{"@type":"BreadcrumbList","@id":"https:\/\/espak.ee\/epood\/toode\/puhastusvaht-cillit-bang-750ml-spray-vannitubadele\/#breadcrumb","itemListElement":[{"@type":"ListItem","position":1,"name":"Home","item":"https:\/\/espak.ee\/epood\/"},{"@type":"ListItem","position":2,"name":"Tootevalik","item":"https:\/\/espak.ee\/epood\/tootevalik\/"},{"@type":"ListItem","position":3,"name":"PUHASTUSVAHT CILLIT BANG 750ML SPRAY VANNITUBADELE"}]},{"@type":"WebSite","@id":"https:\/\/espak.ee\/epood\/#website","url":"https:\/\/espak.ee\/epood\/","name":"Espak E-pood","description":"","potentialAction":[{"@type":"SearchAction","target":{"@type":"EntryPoint","urlTemplate":"https:\/\/espak.ee\/epood\/?s={search_term_string}"},"query-input":{"@type":"PropertyValueSpecification","valueRequired":true,"valueName":"search_term_string"}}],"inLanguage":"et"}]}},"_links":{"self":[{"href":"https:\/\/espak.ee\/epood\/wp-json\/wp\/v2\/product\/261943","targetHints":{"allow":["GET"]}}],"collection":[{"href":"https:\/\/espak.ee\/epood\/wp-json\/wp\/v2\/product"}],"about":[{"href":"https:\/\/espak.ee\/epood\/wp-json\/wp\/v2\/types\/product"}],"replies":[{"embeddable":true,"href":"https:\/\/espak.ee\/epood\/wp-json\/wp\/v2\/comments?post=261943"}],"wp:featuredmedia":[{"embeddable":true,"href":"https:\/\/espak.ee\/epood\/wp-json\/wp\/v2\/media\/262056"}],"wp:attachment":[{"href":"https:\/\/espak.ee\/epood\/wp-json\/wp\/v2\/media?parent=261943"}],"wp:term":[{"taxonomy":"product_brand","embeddable":true,"href":"https:\/\/espak.ee\/epood\/wp-json\/wp\/v2\/product_brand?post=261943"},{"taxonomy":"product_cat","embeddable":true,"href":"https:\/\/espak.ee\/epood\/wp-json\/wp\/v2\/product_cat?post=261943"},{"taxonomy":"product_tag","embeddable":true,"href":"https:\/\/espak.ee\/epood\/wp-json\/wp\/v2\/product_tag?post=261943"}],"curies":[{"name":"wp","href":"https:\/\/api.w.org\/{rel}","templated":true}]}}