{"id":261937,"date":"2026-01-23T05:10:01","date_gmt":"2026-01-23T03:10:01","guid":{"rendered":"https:\/\/espak.ee\/epood\/?post_type=product&#038;p=261937"},"modified":"2026-01-23T16:09:37","modified_gmt":"2026-01-23T14:09:37","slug":"puhastusvaht-cillit-bang-ultra-shine-vannitubadele-750ml","status":"publish","type":"product","link":"https:\/\/espak.ee\/epood\/toode\/puhastusvaht-cillit-bang-ultra-shine-vannitubadele-750ml\/","title":{"rendered":"PUHASTUSVAHT CILLIT BANG ULTRA SHINE VANNITUBADELE 750ML"},"content":{"rendered":"<div class=\"row\"  id=\"row-663822334\">\n\n\t<div id=\"col-221423522\" class=\"col medium-9 small-12 large-9\"  >\n\t\t\t\t<div class=\"col-inner\"  >\n\t\t\t\n\t\t\t\n<h3>CILLIT BANG Ultra Shine vannitubadele SPRAY 750 ML<\/h3>\n<p>Cillit Bang vannitoa puhastussprei. L\u00e4ige p\u00fcsib 4x kauem*.  Eemaldab katlakivi ja seebij\u00e4\u00e4gid. Suurep\u00e4rane pihusti on 2 X v\u00f5imsam ja 100% taaskasutatav. Meie toote koostises pole midagi vaja varjata. Puhastavad koostisosad (sipelghape ja sulfoonhape) eemaldavad 100% katlakivi**. Pindaktiivsed ained k\u00f5rvaldavad mustuse ja seebij\u00e4\u00e4gid. Pol\u00fcmeerid tugevdavad l\u00e4iget &#8211; pinnad saavad l\u00e4ikivpuhtaks. L\u00f5hn: v\u00e4rskus &#038; meri. Stabilisaator (vesi) toimib lahustina. Cillit Bang vannitoa puhastussprei on ideaalne puhastusvahend, et eemaldada ilma suurema j\u00f5upingutuseta k\u00f5ik plekid vannitoas. Cillit Bangi kontsentreeritud koostis eemaldab efektiivselt ja kiiresti katlakivi, seebij\u00e4\u00e4gid ning mustuse ja selle uus muudetud tehnoloogia takistab mustuse tagasitulekut. Teie vannituba p\u00fcsib kaua puhas ja l\u00e4ikiv! Ideaalne kraanikausside, WC pottide, klaasi, seinaplaatide, vannide, du\u0161\u0161ide, roostevabast terasest kraanide puhastamiseks.<br \/>\n Ei soovitata kasutada: * k\u00f5ikide looduslike kivide * messingu * vase * linoleumi * tekstiilide puhastamiseks. Enne kasutamist testida toodet varjatud kohas, et veenduda pinnaga kokkusobivuses.<\/p>\n<p> *v\u00f5rreldes eelmise koostisega Lime &#038; Grime<br \/>\n **testitud katlakivi eemaldamisel\n<\/p>\n<p><strong>Koostisosad:<\/strong><br \/>\nKoostis (koostisosade teave: www.rbeuroinfo.com): alla 5% mitteioonseid pindaktiivsed ained; l\u00f5hnaained.<\/p>\n<p><strong>Kasutusjuhend:<\/strong><br \/>\nKasutamine. 1. Keerata otsik asendisse \u201eON\u201c. 2. Pihustada vaht pinnale ja j\u00e4tta m\u00f5neks sekundiks m\u00f5juma. 3. Puhastada, p\u00fchkida ja loputada. Tugeva mustuse korral j\u00e4tta vahend m\u00f5juma maksimaalselt kuni 5 minutiks ja h\u00f5\u00f5ruda k\u00fc\u00fcrimis\u0161vammiga.<\/p>\n<p><strong>Ohutus:<\/strong><br \/>\nHOIATUS! P\u00f5hjustab tugevat silmade \u00e4rritust. P\u00f5hjustab naha\u00e4rritust. Hoida lastele k\u00e4ttesaamatus kohas. Arsti poole p\u00f6\u00f6rdudes v\u00f5tta kaasa toote pakend v\u00f5i etikett. P\u00e4rast k\u00e4itlemist pesta hoolega k\u00e4si. SILMA SATTUMISE KORRAL: loputada mitme minuti jooksul ettevaatlikult veega. Eemaldada kontaktl\u00e4\u00e4tsed, kui neid kasutatakse ja kui neid on kerge eemaldada. Loputada veel kord. Kui silmade \u00e4rritus ei m\u00f6\u00f6du: p\u00f6\u00f6rduda arsti poole. NAHALE SATTUMISE KORRAL: pesta rohke vee ja seebiga. Sisu\/mahuti k\u00f5rvaldada vastavalt kohalikele regulatsioonidele.\n<\/p>\n\t\t<\/div>\n\t\t\t\t\t<\/div>\n\n\t\n\n\t<div id=\"col-369310230\" class=\"col medium-3 small-12 large-3\"  >\n\t\t\t\t<div class=\"col-inner\"  >\n\t\t\t\n\t\t\t\n\t<div id=\"gap-649355088\" class=\"gap-element clearfix\" style=\"display:block; height:auto;\">\n\t\t\n<style>\n#gap-649355088 {\n  padding-top: 30px;\n}\n<\/style>\n\t<\/div>\n\t\n<p><strong>\u00dcksikasjalikuma n\u00f5u saamiseks v\u00f5tke \u00fchendust:<br \/><\/strong>EUGESTA EESTI O\u00dc<br \/>Rukki tee 5<br \/>Lehmja k\u00fcla, Rae vald<br \/>75306<br \/>Harjumaa<br \/>+372 682 7782<\/p>\n\t\t<\/div>\n\t\t\t\t\t<\/div>\n\n\t\n<\/div>\n","protected":false},"excerpt":{"rendered":"","protected":false},"featured_media":262052,"comment_status":"closed","ping_status":"closed","template":"","meta":[],"product_brand":[],"product_cat":[2788,4216,4217,4328],"product_tag":[],"class_list":{"0":"post-261937","1":"product","2":"type-product","3":"status-publish","4":"has-post-thumbnail","6":"product_cat-aiatarbed-ja-kodukaubad","7":"product_cat-kodukeemia","8":"product_cat-kodukeemia-kodukeemia","9":"product_cat-wc-ja-vannitoa-puhastusvahendid","10":"pa_kaubamark-eugesta-eesti-as","12":"first","13":"outofstock","14":"sale","15":"taxable","16":"shipping-taxable","17":"purchasable","18":"product-type-simple"},"yoast_head":"<!-- This site is optimized with the Yoast SEO plugin v26.9 - https:\/\/yoast.com\/product\/yoast-seo-wordpress\/ -->\n<title>PUHASTUSVAHT CILLIT BANG ULTRA SHINE VANNITUBADELE 750ML - Espak E-pood<\/title>\n<meta name=\"robots\" content=\"index, follow, max-snippet:-1, max-image-preview:large, max-video-preview:-1\" \/>\n<link rel=\"canonical\" href=\"https:\/\/espak.ee\/epood\/toode\/puhastusvaht-cillit-bang-ultra-shine-vannitubadele-750ml\/\" \/>\n<meta property=\"og:locale\" content=\"et_EE\" \/>\n<meta property=\"og:type\" content=\"article\" \/>\n<meta property=\"og:title\" content=\"PUHASTUSVAHT CILLIT BANG ULTRA SHINE VANNITUBADELE 750ML - Espak E-pood\" \/>\n<meta property=\"og:url\" content=\"https:\/\/espak.ee\/epood\/toode\/puhastusvaht-cillit-bang-ultra-shine-vannitubadele-750ml\/\" \/>\n<meta property=\"og:site_name\" content=\"Espak E-pood\" \/>\n<meta property=\"article:modified_time\" content=\"2026-01-23T14:09:37+00:00\" \/>\n<meta property=\"og:image\" content=\"https:\/\/espak.ee\/epood\/wp-content\/uploads\/2026\/01\/0171199_cillit-bang-ultra-shine-vannitubadele-spray-750-ml.jpg\" \/>\n\t<meta property=\"og:image:width\" content=\"1000\" \/>\n\t<meta property=\"og:image:height\" content=\"1000\" \/>\n\t<meta property=\"og:image:type\" content=\"image\/jpeg\" \/>\n<meta name=\"twitter:card\" content=\"summary_large_image\" \/>\n<meta name=\"twitter:label1\" content=\"Est. reading time\" \/>\n\t<meta name=\"twitter:data1\" content=\"2 minutit\" \/>\n<script type=\"application\/ld+json\" class=\"yoast-schema-graph\">{\"@context\":\"https:\/\/schema.org\",\"@graph\":[{\"@type\":\"WebPage\",\"@id\":\"https:\/\/espak.ee\/epood\/toode\/puhastusvaht-cillit-bang-ultra-shine-vannitubadele-750ml\/\",\"url\":\"https:\/\/espak.ee\/epood\/toode\/puhastusvaht-cillit-bang-ultra-shine-vannitubadele-750ml\/\",\"name\":\"PUHASTUSVAHT CILLIT BANG ULTRA SHINE VANNITUBADELE 750ML - Espak E-pood\",\"isPartOf\":{\"@id\":\"https:\/\/espak.ee\/epood\/#website\"},\"primaryImageOfPage\":{\"@id\":\"https:\/\/espak.ee\/epood\/toode\/puhastusvaht-cillit-bang-ultra-shine-vannitubadele-750ml\/#primaryimage\"},\"image\":{\"@id\":\"https:\/\/espak.ee\/epood\/toode\/puhastusvaht-cillit-bang-ultra-shine-vannitubadele-750ml\/#primaryimage\"},\"thumbnailUrl\":\"https:\/\/espak.ee\/epood\/wp-content\/uploads\/2026\/01\/0171199_cillit-bang-ultra-shine-vannitubadele-spray-750-ml.jpg\",\"datePublished\":\"2026-01-23T03:10:01+00:00\",\"dateModified\":\"2026-01-23T14:09:37+00:00\",\"breadcrumb\":{\"@id\":\"https:\/\/espak.ee\/epood\/toode\/puhastusvaht-cillit-bang-ultra-shine-vannitubadele-750ml\/#breadcrumb\"},\"inLanguage\":\"et\",\"potentialAction\":[{\"@type\":\"ReadAction\",\"target\":[\"https:\/\/espak.ee\/epood\/toode\/puhastusvaht-cillit-bang-ultra-shine-vannitubadele-750ml\/\"]}]},{\"@type\":\"ImageObject\",\"inLanguage\":\"et\",\"@id\":\"https:\/\/espak.ee\/epood\/toode\/puhastusvaht-cillit-bang-ultra-shine-vannitubadele-750ml\/#primaryimage\",\"url\":\"https:\/\/espak.ee\/epood\/wp-content\/uploads\/2026\/01\/0171199_cillit-bang-ultra-shine-vannitubadele-spray-750-ml.jpg\",\"contentUrl\":\"https:\/\/espak.ee\/epood\/wp-content\/uploads\/2026\/01\/0171199_cillit-bang-ultra-shine-vannitubadele-spray-750-ml.jpg\",\"width\":1000,\"height\":1000},{\"@type\":\"BreadcrumbList\",\"@id\":\"https:\/\/espak.ee\/epood\/toode\/puhastusvaht-cillit-bang-ultra-shine-vannitubadele-750ml\/#breadcrumb\",\"itemListElement\":[{\"@type\":\"ListItem\",\"position\":1,\"name\":\"Home\",\"item\":\"https:\/\/espak.ee\/epood\/\"},{\"@type\":\"ListItem\",\"position\":2,\"name\":\"Tootevalik\",\"item\":\"https:\/\/espak.ee\/epood\/tootevalik\/\"},{\"@type\":\"ListItem\",\"position\":3,\"name\":\"PUHASTUSVAHT CILLIT BANG ULTRA SHINE VANNITUBADELE 750ML\"}]},{\"@type\":\"WebSite\",\"@id\":\"https:\/\/espak.ee\/epood\/#website\",\"url\":\"https:\/\/espak.ee\/epood\/\",\"name\":\"Espak E-pood\",\"description\":\"\",\"potentialAction\":[{\"@type\":\"SearchAction\",\"target\":{\"@type\":\"EntryPoint\",\"urlTemplate\":\"https:\/\/espak.ee\/epood\/?s={search_term_string}\"},\"query-input\":{\"@type\":\"PropertyValueSpecification\",\"valueRequired\":true,\"valueName\":\"search_term_string\"}}],\"inLanguage\":\"et\"}]}<\/script>\n<!-- \/ Yoast SEO plugin. -->","yoast_head_json":{"title":"PUHASTUSVAHT CILLIT BANG ULTRA SHINE VANNITUBADELE 750ML - Espak E-pood","robots":{"index":"index","follow":"follow","max-snippet":"max-snippet:-1","max-image-preview":"max-image-preview:large","max-video-preview":"max-video-preview:-1"},"canonical":"https:\/\/espak.ee\/epood\/toode\/puhastusvaht-cillit-bang-ultra-shine-vannitubadele-750ml\/","og_locale":"et_EE","og_type":"article","og_title":"PUHASTUSVAHT CILLIT BANG ULTRA SHINE VANNITUBADELE 750ML - Espak E-pood","og_url":"https:\/\/espak.ee\/epood\/toode\/puhastusvaht-cillit-bang-ultra-shine-vannitubadele-750ml\/","og_site_name":"Espak E-pood","article_modified_time":"2026-01-23T14:09:37+00:00","og_image":[{"width":1000,"height":1000,"url":"https:\/\/espak.ee\/epood\/wp-content\/uploads\/2026\/01\/0171199_cillit-bang-ultra-shine-vannitubadele-spray-750-ml.jpg","type":"image\/jpeg"}],"twitter_card":"summary_large_image","twitter_misc":{"Est. reading time":"2 minutit"},"schema":{"@context":"https:\/\/schema.org","@graph":[{"@type":"WebPage","@id":"https:\/\/espak.ee\/epood\/toode\/puhastusvaht-cillit-bang-ultra-shine-vannitubadele-750ml\/","url":"https:\/\/espak.ee\/epood\/toode\/puhastusvaht-cillit-bang-ultra-shine-vannitubadele-750ml\/","name":"PUHASTUSVAHT CILLIT BANG ULTRA SHINE VANNITUBADELE 750ML - Espak E-pood","isPartOf":{"@id":"https:\/\/espak.ee\/epood\/#website"},"primaryImageOfPage":{"@id":"https:\/\/espak.ee\/epood\/toode\/puhastusvaht-cillit-bang-ultra-shine-vannitubadele-750ml\/#primaryimage"},"image":{"@id":"https:\/\/espak.ee\/epood\/toode\/puhastusvaht-cillit-bang-ultra-shine-vannitubadele-750ml\/#primaryimage"},"thumbnailUrl":"https:\/\/espak.ee\/epood\/wp-content\/uploads\/2026\/01\/0171199_cillit-bang-ultra-shine-vannitubadele-spray-750-ml.jpg","datePublished":"2026-01-23T03:10:01+00:00","dateModified":"2026-01-23T14:09:37+00:00","breadcrumb":{"@id":"https:\/\/espak.ee\/epood\/toode\/puhastusvaht-cillit-bang-ultra-shine-vannitubadele-750ml\/#breadcrumb"},"inLanguage":"et","potentialAction":[{"@type":"ReadAction","target":["https:\/\/espak.ee\/epood\/toode\/puhastusvaht-cillit-bang-ultra-shine-vannitubadele-750ml\/"]}]},{"@type":"ImageObject","inLanguage":"et","@id":"https:\/\/espak.ee\/epood\/toode\/puhastusvaht-cillit-bang-ultra-shine-vannitubadele-750ml\/#primaryimage","url":"https:\/\/espak.ee\/epood\/wp-content\/uploads\/2026\/01\/0171199_cillit-bang-ultra-shine-vannitubadele-spray-750-ml.jpg","contentUrl":"https:\/\/espak.ee\/epood\/wp-content\/uploads\/2026\/01\/0171199_cillit-bang-ultra-shine-vannitubadele-spray-750-ml.jpg","width":1000,"height":1000},{"@type":"BreadcrumbList","@id":"https:\/\/espak.ee\/epood\/toode\/puhastusvaht-cillit-bang-ultra-shine-vannitubadele-750ml\/#breadcrumb","itemListElement":[{"@type":"ListItem","position":1,"name":"Home","item":"https:\/\/espak.ee\/epood\/"},{"@type":"ListItem","position":2,"name":"Tootevalik","item":"https:\/\/espak.ee\/epood\/tootevalik\/"},{"@type":"ListItem","position":3,"name":"PUHASTUSVAHT CILLIT BANG ULTRA SHINE VANNITUBADELE 750ML"}]},{"@type":"WebSite","@id":"https:\/\/espak.ee\/epood\/#website","url":"https:\/\/espak.ee\/epood\/","name":"Espak E-pood","description":"","potentialAction":[{"@type":"SearchAction","target":{"@type":"EntryPoint","urlTemplate":"https:\/\/espak.ee\/epood\/?s={search_term_string}"},"query-input":{"@type":"PropertyValueSpecification","valueRequired":true,"valueName":"search_term_string"}}],"inLanguage":"et"}]}},"_links":{"self":[{"href":"https:\/\/espak.ee\/epood\/wp-json\/wp\/v2\/product\/261937","targetHints":{"allow":["GET"]}}],"collection":[{"href":"https:\/\/espak.ee\/epood\/wp-json\/wp\/v2\/product"}],"about":[{"href":"https:\/\/espak.ee\/epood\/wp-json\/wp\/v2\/types\/product"}],"replies":[{"embeddable":true,"href":"https:\/\/espak.ee\/epood\/wp-json\/wp\/v2\/comments?post=261937"}],"wp:featuredmedia":[{"embeddable":true,"href":"https:\/\/espak.ee\/epood\/wp-json\/wp\/v2\/media\/262052"}],"wp:attachment":[{"href":"https:\/\/espak.ee\/epood\/wp-json\/wp\/v2\/media?parent=261937"}],"wp:term":[{"taxonomy":"product_brand","embeddable":true,"href":"https:\/\/espak.ee\/epood\/wp-json\/wp\/v2\/product_brand?post=261937"},{"taxonomy":"product_cat","embeddable":true,"href":"https:\/\/espak.ee\/epood\/wp-json\/wp\/v2\/product_cat?post=261937"},{"taxonomy":"product_tag","embeddable":true,"href":"https:\/\/espak.ee\/epood\/wp-json\/wp\/v2\/product_tag?post=261937"}],"curies":[{"name":"wp","href":"https:\/\/api.w.org\/{rel}","templated":true}]}}