{"id":261934,"date":"2026-01-23T05:10:01","date_gmt":"2026-01-23T03:10:01","guid":{"rendered":"https:\/\/espak.ee\/epood\/?post_type=product&#038;p=261934"},"modified":"2026-01-26T09:05:56","modified_gmt":"2026-01-26T07:05:56","slug":"salvratikud-niisked-huggies-56tk-pk","status":"publish","type":"product","link":"https:\/\/espak.ee\/epood\/toode\/salvratikud-niisked-huggies-56tk-pk\/","title":{"rendered":"SALVR\u00c4TIKUD NIISKED HUGGIES 56TK\/PK"},"content":{"rendered":"<div class=\"row\"  id=\"row-1422064977\">\n\n\t<div id=\"col-1133348145\" class=\"col medium-9 small-12 large-9\"  >\n\t\t\t\t<div class=\"col-inner\"  >\n\t\t\t\n\t\t\t\n<h3>Huggies niisked salvr\u00e4tikud All Over Clear 56tk<\/h3>\n<p>Huggies\u00ae All Over Clean niisked salvr\u00e4tikud on m\u00f5eldud beebi naha igap\u00e4evaseks hooldamiseks ja v\u00e4rskendamiseks. Sobivad nii k\u00e4te, n\u00e4o kui pepu puhastamiseks ega j\u00e4ta &#8220;kleepuvat&#8221; efekti. Tasakaalustatud pH tasemega salvr\u00e4tikud sisaldavad puhast vett ning on valmistatud nahas\u00f5bralikest looduslikest imavatest materjalidest, mille koostises on 65% tselluloosi. H\u00fcpoallergilised, kliiniliselt testitud salvr\u00e4tikud on parabeeni, fenoeksitanoli ja alkoholivabad tagades beebi naha hella hoolduse. Salvr\u00e4tikuid saab kasutada igal ajal ja igas kohas: jalutusk\u00e4igul, aias, reisil, arstivisiidil k\u00f5ikjal, kus ei ole vett k\u00e4ep\u00e4rast.\n<\/p>\n<p><strong>Koostisosad:<\/strong><br \/>\nAqua, Polysarbate 20, Caprylyl Glycol, Sodium Benzoate, CocoBetaine, Malic Acid, Parfum, Sodium Citrate. <\/p>\n<p><strong>Kasutusjuhend:<\/strong><br \/>\nSobivad kasutada igal ajal ja igas kohas: jalutusk\u00e4igul, aias, reisil, arstivisiidil k\u00f5ikjal, kus ei ole vett k\u00e4ep\u00e4rast. Niiskuse s\u00e4ilitamiseks sulge pakend p\u00e4rast kasutamist. \u00c4ra viska niiskeid salvr\u00e4tikuid tualettpotti. Kuigi need sisaldavad palju vett, ei lagune need potis \u00e4ra.<\/p>\n<p><strong>Ohutus:<\/strong><br \/>\nL\u00e4mbumisohu v\u00e4ltimiseks hoidke plastkotti beebide ja laste k\u00e4eulatusest v\u00e4ljas. \u00c4rge j\u00e4tke seda h\u00e4lli, voodisse, lapsevankrisse ega m\u00e4ngukohta.\n<\/p>\n\t\t<\/div>\n\t\t\t\t\t<\/div>\n\n\t\n\n\t<div id=\"col-1489524999\" class=\"col medium-3 small-12 large-3\"  >\n\t\t\t\t<div class=\"col-inner\"  >\n\t\t\t\n\t\t\t\n\t<div id=\"gap-1228169876\" class=\"gap-element clearfix\" style=\"display:block; height:auto;\">\n\t\t\n<style>\n#gap-1228169876 {\n  padding-top: 30px;\n}\n<\/style>\n\t<\/div>\n\t\n<p><strong>\u00dcksikasjalikuma n\u00f5u saamiseks v\u00f5tke \u00fchendust:<br \/><\/strong>EUGESTA EESTI O\u00dc<br \/>Rukki tee 5<br \/>Lehmja k\u00fcla, Rae vald<br \/>75306<br \/>Harjumaa<br \/>+372 682 7782<\/p>\n\t\t<\/div>\n\t\t\t\t\t<\/div>\n\n\t\n<\/div>\n","protected":false},"excerpt":{"rendered":"","protected":false},"featured_media":262164,"comment_status":"closed","ping_status":"closed","template":"","meta":[],"product_brand":[],"product_cat":[2788,4237,4238,4236],"product_tag":[],"class_list":{"0":"post-261934","1":"product","2":"type-product","3":"status-publish","4":"has-post-thumbnail","6":"product_cat-aiatarbed-ja-kodukaubad","7":"product_cat-kodupaber","8":"product_cat-kodupaberid","9":"product_cat-ulem-kodupaberid","10":"pa_kaubamark-eugesta-eesti-as","12":"first","13":"instock","14":"sale","15":"taxable","16":"shipping-taxable","17":"purchasable","18":"product-type-simple"},"yoast_head":"<!-- This site is optimized with the Yoast SEO plugin v26.9 - https:\/\/yoast.com\/product\/yoast-seo-wordpress\/ -->\n<title>SALVR\u00c4TIKUD NIISKED HUGGIES 56TK\/PK - Espak E-pood<\/title>\n<meta name=\"robots\" content=\"index, follow, max-snippet:-1, max-image-preview:large, max-video-preview:-1\" \/>\n<link rel=\"canonical\" href=\"https:\/\/espak.ee\/epood\/toode\/salvratikud-niisked-huggies-56tk-pk\/\" \/>\n<meta property=\"og:locale\" content=\"et_EE\" \/>\n<meta property=\"og:type\" content=\"article\" \/>\n<meta property=\"og:title\" content=\"SALVR\u00c4TIKUD NIISKED HUGGIES 56TK\/PK - Espak E-pood\" \/>\n<meta property=\"og:url\" content=\"https:\/\/espak.ee\/epood\/toode\/salvratikud-niisked-huggies-56tk-pk\/\" \/>\n<meta property=\"og:site_name\" content=\"Espak E-pood\" \/>\n<meta property=\"article:modified_time\" content=\"2026-01-26T07:05:56+00:00\" \/>\n<meta property=\"og:image\" content=\"https:\/\/espak.ee\/epood\/wp-content\/uploads\/2026\/01\/0169796_huggies-niisked-salvratikud-all-over-clear-56tk.jpg\" \/>\n\t<meta property=\"og:image:width\" content=\"1000\" \/>\n\t<meta property=\"og:image:height\" content=\"1000\" \/>\n\t<meta property=\"og:image:type\" content=\"image\/jpeg\" \/>\n<meta name=\"twitter:card\" content=\"summary_large_image\" \/>\n<meta name=\"twitter:label1\" content=\"Est. reading time\" \/>\n\t<meta name=\"twitter:data1\" content=\"1 minut\" \/>\n<script type=\"application\/ld+json\" class=\"yoast-schema-graph\">{\"@context\":\"https:\/\/schema.org\",\"@graph\":[{\"@type\":\"WebPage\",\"@id\":\"https:\/\/espak.ee\/epood\/toode\/salvratikud-niisked-huggies-56tk-pk\/\",\"url\":\"https:\/\/espak.ee\/epood\/toode\/salvratikud-niisked-huggies-56tk-pk\/\",\"name\":\"SALVR\u00c4TIKUD NIISKED HUGGIES 56TK\/PK - Espak E-pood\",\"isPartOf\":{\"@id\":\"https:\/\/espak.ee\/epood\/#website\"},\"primaryImageOfPage\":{\"@id\":\"https:\/\/espak.ee\/epood\/toode\/salvratikud-niisked-huggies-56tk-pk\/#primaryimage\"},\"image\":{\"@id\":\"https:\/\/espak.ee\/epood\/toode\/salvratikud-niisked-huggies-56tk-pk\/#primaryimage\"},\"thumbnailUrl\":\"https:\/\/espak.ee\/epood\/wp-content\/uploads\/2026\/01\/0169796_huggies-niisked-salvratikud-all-over-clear-56tk.jpg\",\"datePublished\":\"2026-01-23T03:10:01+00:00\",\"dateModified\":\"2026-01-26T07:05:56+00:00\",\"breadcrumb\":{\"@id\":\"https:\/\/espak.ee\/epood\/toode\/salvratikud-niisked-huggies-56tk-pk\/#breadcrumb\"},\"inLanguage\":\"et\",\"potentialAction\":[{\"@type\":\"ReadAction\",\"target\":[\"https:\/\/espak.ee\/epood\/toode\/salvratikud-niisked-huggies-56tk-pk\/\"]}]},{\"@type\":\"ImageObject\",\"inLanguage\":\"et\",\"@id\":\"https:\/\/espak.ee\/epood\/toode\/salvratikud-niisked-huggies-56tk-pk\/#primaryimage\",\"url\":\"https:\/\/espak.ee\/epood\/wp-content\/uploads\/2026\/01\/0169796_huggies-niisked-salvratikud-all-over-clear-56tk.jpg\",\"contentUrl\":\"https:\/\/espak.ee\/epood\/wp-content\/uploads\/2026\/01\/0169796_huggies-niisked-salvratikud-all-over-clear-56tk.jpg\",\"width\":1000,\"height\":1000},{\"@type\":\"BreadcrumbList\",\"@id\":\"https:\/\/espak.ee\/epood\/toode\/salvratikud-niisked-huggies-56tk-pk\/#breadcrumb\",\"itemListElement\":[{\"@type\":\"ListItem\",\"position\":1,\"name\":\"Home\",\"item\":\"https:\/\/espak.ee\/epood\/\"},{\"@type\":\"ListItem\",\"position\":2,\"name\":\"Tootevalik\",\"item\":\"https:\/\/espak.ee\/epood\/tootevalik\/\"},{\"@type\":\"ListItem\",\"position\":3,\"name\":\"SALVR\u00c4TIKUD NIISKED HUGGIES 56TK\/PK\"}]},{\"@type\":\"WebSite\",\"@id\":\"https:\/\/espak.ee\/epood\/#website\",\"url\":\"https:\/\/espak.ee\/epood\/\",\"name\":\"Espak E-pood\",\"description\":\"\",\"potentialAction\":[{\"@type\":\"SearchAction\",\"target\":{\"@type\":\"EntryPoint\",\"urlTemplate\":\"https:\/\/espak.ee\/epood\/?s={search_term_string}\"},\"query-input\":{\"@type\":\"PropertyValueSpecification\",\"valueRequired\":true,\"valueName\":\"search_term_string\"}}],\"inLanguage\":\"et\"}]}<\/script>\n<!-- \/ Yoast SEO plugin. -->","yoast_head_json":{"title":"SALVR\u00c4TIKUD NIISKED HUGGIES 56TK\/PK - Espak E-pood","robots":{"index":"index","follow":"follow","max-snippet":"max-snippet:-1","max-image-preview":"max-image-preview:large","max-video-preview":"max-video-preview:-1"},"canonical":"https:\/\/espak.ee\/epood\/toode\/salvratikud-niisked-huggies-56tk-pk\/","og_locale":"et_EE","og_type":"article","og_title":"SALVR\u00c4TIKUD NIISKED HUGGIES 56TK\/PK - Espak E-pood","og_url":"https:\/\/espak.ee\/epood\/toode\/salvratikud-niisked-huggies-56tk-pk\/","og_site_name":"Espak E-pood","article_modified_time":"2026-01-26T07:05:56+00:00","og_image":[{"width":1000,"height":1000,"url":"https:\/\/espak.ee\/epood\/wp-content\/uploads\/2026\/01\/0169796_huggies-niisked-salvratikud-all-over-clear-56tk.jpg","type":"image\/jpeg"}],"twitter_card":"summary_large_image","twitter_misc":{"Est. reading time":"1 minut"},"schema":{"@context":"https:\/\/schema.org","@graph":[{"@type":"WebPage","@id":"https:\/\/espak.ee\/epood\/toode\/salvratikud-niisked-huggies-56tk-pk\/","url":"https:\/\/espak.ee\/epood\/toode\/salvratikud-niisked-huggies-56tk-pk\/","name":"SALVR\u00c4TIKUD NIISKED HUGGIES 56TK\/PK - Espak E-pood","isPartOf":{"@id":"https:\/\/espak.ee\/epood\/#website"},"primaryImageOfPage":{"@id":"https:\/\/espak.ee\/epood\/toode\/salvratikud-niisked-huggies-56tk-pk\/#primaryimage"},"image":{"@id":"https:\/\/espak.ee\/epood\/toode\/salvratikud-niisked-huggies-56tk-pk\/#primaryimage"},"thumbnailUrl":"https:\/\/espak.ee\/epood\/wp-content\/uploads\/2026\/01\/0169796_huggies-niisked-salvratikud-all-over-clear-56tk.jpg","datePublished":"2026-01-23T03:10:01+00:00","dateModified":"2026-01-26T07:05:56+00:00","breadcrumb":{"@id":"https:\/\/espak.ee\/epood\/toode\/salvratikud-niisked-huggies-56tk-pk\/#breadcrumb"},"inLanguage":"et","potentialAction":[{"@type":"ReadAction","target":["https:\/\/espak.ee\/epood\/toode\/salvratikud-niisked-huggies-56tk-pk\/"]}]},{"@type":"ImageObject","inLanguage":"et","@id":"https:\/\/espak.ee\/epood\/toode\/salvratikud-niisked-huggies-56tk-pk\/#primaryimage","url":"https:\/\/espak.ee\/epood\/wp-content\/uploads\/2026\/01\/0169796_huggies-niisked-salvratikud-all-over-clear-56tk.jpg","contentUrl":"https:\/\/espak.ee\/epood\/wp-content\/uploads\/2026\/01\/0169796_huggies-niisked-salvratikud-all-over-clear-56tk.jpg","width":1000,"height":1000},{"@type":"BreadcrumbList","@id":"https:\/\/espak.ee\/epood\/toode\/salvratikud-niisked-huggies-56tk-pk\/#breadcrumb","itemListElement":[{"@type":"ListItem","position":1,"name":"Home","item":"https:\/\/espak.ee\/epood\/"},{"@type":"ListItem","position":2,"name":"Tootevalik","item":"https:\/\/espak.ee\/epood\/tootevalik\/"},{"@type":"ListItem","position":3,"name":"SALVR\u00c4TIKUD NIISKED HUGGIES 56TK\/PK"}]},{"@type":"WebSite","@id":"https:\/\/espak.ee\/epood\/#website","url":"https:\/\/espak.ee\/epood\/","name":"Espak E-pood","description":"","potentialAction":[{"@type":"SearchAction","target":{"@type":"EntryPoint","urlTemplate":"https:\/\/espak.ee\/epood\/?s={search_term_string}"},"query-input":{"@type":"PropertyValueSpecification","valueRequired":true,"valueName":"search_term_string"}}],"inLanguage":"et"}]}},"_links":{"self":[{"href":"https:\/\/espak.ee\/epood\/wp-json\/wp\/v2\/product\/261934","targetHints":{"allow":["GET"]}}],"collection":[{"href":"https:\/\/espak.ee\/epood\/wp-json\/wp\/v2\/product"}],"about":[{"href":"https:\/\/espak.ee\/epood\/wp-json\/wp\/v2\/types\/product"}],"replies":[{"embeddable":true,"href":"https:\/\/espak.ee\/epood\/wp-json\/wp\/v2\/comments?post=261934"}],"wp:featuredmedia":[{"embeddable":true,"href":"https:\/\/espak.ee\/epood\/wp-json\/wp\/v2\/media\/262164"}],"wp:attachment":[{"href":"https:\/\/espak.ee\/epood\/wp-json\/wp\/v2\/media?parent=261934"}],"wp:term":[{"taxonomy":"product_brand","embeddable":true,"href":"https:\/\/espak.ee\/epood\/wp-json\/wp\/v2\/product_brand?post=261934"},{"taxonomy":"product_cat","embeddable":true,"href":"https:\/\/espak.ee\/epood\/wp-json\/wp\/v2\/product_cat?post=261934"},{"taxonomy":"product_tag","embeddable":true,"href":"https:\/\/espak.ee\/epood\/wp-json\/wp\/v2\/product_tag?post=261934"}],"curies":[{"name":"wp","href":"https:\/\/api.w.org\/{rel}","templated":true}]}}