{"id":261933,"date":"2026-01-23T05:10:01","date_gmt":"2026-01-23T03:10:01","guid":{"rendered":"https:\/\/espak.ee\/epood\/?post_type=product&#038;p=261933"},"modified":"2026-01-23T16:06:26","modified_gmt":"2026-01-23T14:06:26","slug":"wc-puhastusvahend-bref-excellence-gel-dirt-700ml","status":"publish","type":"product","link":"https:\/\/espak.ee\/epood\/toode\/wc-puhastusvahend-bref-excellence-gel-dirt-700ml\/","title":{"rendered":"WC PUHASTUSVAHEND BREF EXCELLENCE GEL DIRT 700ML"},"content":{"rendered":"<div class=\"row\"  id=\"row-249773552\">\n\n\t<div id=\"col-2052051960\" class=\"col medium-9 small-12 large-9\"  >\n\t\t\t\t<div class=\"col-inner\"  >\n\t\t\t\n\t\t\t\n<h3>Bref WC puhastusvahend Excellence Gel Dirt 700ml<\/h3>\n<p>Bref sobib suurep\u00e4raselt silmapaistvate, l\u00e4ikivate ja v\u00e4rskelt l\u00f5hnavate puhastustulemuste saavutamiseks. WCpuhastusvahend eemaldab tualetilt katlakivi, mustuse ja plekid. T\u00e4nu iseaktiivsele valemile on Bref Gel efektiivne k\u00f5ige igap\u00e4evasemate WC puhastamisega kaasnevate probleemide vastu ning pakub suurema vaevata h\u00fcgieenilist s\u00fcgavpuhastust ning eemaldab katlakivi ja mustuse. Seda saab kasutada igap\u00e4evase puhastusvahendina mis tahes tualettpindade jaoks.\n<\/p>\n<p><strong>S\u00e4ilitustingimused:<\/strong><br \/>\nS\u00e4ilitamistemperatuur: alates 5\u00b0C kuni 35\u00b0C.<\/p>\n<p><strong>Kasutusjuhend:<\/strong><br \/>\nPane puhastusvahendit otse tualetipoti \u00e4\u00e4re alla. Lase sellel m\u00f5ned minutid m\u00f5juda ja seej\u00e4rel loputa. Tugeva mustuse korral kasuta tualettpoti harja. Kui vahendit satub tualettpoti \u00e4\u00e4rele, p\u00f5randale v\u00f5i happetundlikule pinnale, loputa koheselt puhta veega, et v\u00e4ltida kahjustusi v\u00f5i v\u00e4rvuse muutust.<\/p>\n<p><strong>Ohutus:<\/strong><br \/>\nMitte segada kokku kloori sisaldavate puhastusvahenditega (v\u00f5ivad eralduda ohtlikud gaasid). P\u00f5hjustab naha\u00e4rritust. P\u00f5hjustab tugevat silmade \u00e4rritust. Arsti poole p\u00f6\u00f6rdudes v\u00f5tta kaasa toote pakend v\u00f5i etikett. Hoida lastele k\u00e4ttesaamatus kohas. Kanda kaitsekindaid. Kanda kaitseprille. Nahale sattumise korral: pesta rohke veega. Silma sattumise korral: loputada mitme minuti jooksul ettevaatlikult veega. Eemaldada kontaktl\u00e4\u00e4tsed, kui neid kasutatakse ja neid on kerge eemaldada. Loputada veel kord. Kui silmade \u00e4rritus ei m\u00f6\u00f6du: p\u00f6\u00f6rduda arsti poole.\n<\/p>\n\t\t<\/div>\n\t\t\t\t\t<\/div>\n\n\t\n\n\t<div id=\"col-217424854\" class=\"col medium-3 small-12 large-3\"  >\n\t\t\t\t<div class=\"col-inner\"  >\n\t\t\t\n\t\t\t\n\t<div id=\"gap-2011394506\" class=\"gap-element clearfix\" style=\"display:block; height:auto;\">\n\t\t\n<style>\n#gap-2011394506 {\n  padding-top: 30px;\n}\n<\/style>\n\t<\/div>\n\t\n<p><strong>\u00dcksikasjalikuma n\u00f5u saamiseks v\u00f5tke \u00fchendust:<br \/><\/strong>EUGESTA EESTI O\u00dc<br \/>Rukki tee 5<br \/>Lehmja k\u00fcla, Rae vald<br \/>75306<br \/>Harjumaa<br \/>+372 682 7782<\/p>\n\t\t<\/div>\n\t\t\t\t\t<\/div>\n\n\t\n<\/div>\n","protected":false},"excerpt":{"rendered":"","protected":false},"featured_media":262050,"comment_status":"closed","ping_status":"closed","template":"","meta":[],"product_brand":[],"product_cat":[2788,4216,4217,4328],"product_tag":[],"class_list":{"0":"post-261933","1":"product","2":"type-product","3":"status-publish","4":"has-post-thumbnail","6":"product_cat-aiatarbed-ja-kodukaubad","7":"product_cat-kodukeemia","8":"product_cat-kodukeemia-kodukeemia","9":"product_cat-wc-ja-vannitoa-puhastusvahendid","10":"pa_kaubamark-via-3l-as","12":"first","13":"outofstock","14":"sale","15":"taxable","16":"shipping-taxable","17":"purchasable","18":"product-type-simple"},"yoast_head":"<!-- This site is optimized with the Yoast SEO plugin v26.9 - https:\/\/yoast.com\/product\/yoast-seo-wordpress\/ -->\n<title>WC PUHASTUSVAHEND BREF EXCELLENCE GEL DIRT 700ML - Espak E-pood<\/title>\n<meta name=\"robots\" content=\"index, follow, max-snippet:-1, max-image-preview:large, max-video-preview:-1\" \/>\n<link rel=\"canonical\" href=\"https:\/\/espak.ee\/epood\/toode\/wc-puhastusvahend-bref-excellence-gel-dirt-700ml\/\" \/>\n<meta property=\"og:locale\" content=\"et_EE\" \/>\n<meta property=\"og:type\" content=\"article\" \/>\n<meta property=\"og:title\" content=\"WC PUHASTUSVAHEND BREF EXCELLENCE GEL DIRT 700ML - Espak E-pood\" \/>\n<meta property=\"og:url\" content=\"https:\/\/espak.ee\/epood\/toode\/wc-puhastusvahend-bref-excellence-gel-dirt-700ml\/\" \/>\n<meta property=\"og:site_name\" content=\"Espak E-pood\" \/>\n<meta property=\"article:modified_time\" content=\"2026-01-23T14:06:26+00:00\" \/>\n<meta property=\"og:image\" content=\"https:\/\/espak.ee\/epood\/wp-content\/uploads\/2026\/01\/0175324_bref-wc-puhastusvahend-excellence-gel-dirt-700ml.jpeg\" \/>\n\t<meta property=\"og:image:width\" content=\"1000\" \/>\n\t<meta property=\"og:image:height\" content=\"1000\" \/>\n\t<meta property=\"og:image:type\" content=\"image\/jpeg\" \/>\n<meta name=\"twitter:card\" content=\"summary_large_image\" \/>\n<meta name=\"twitter:label1\" content=\"Est. reading time\" \/>\n\t<meta name=\"twitter:data1\" content=\"1 minut\" \/>\n<script type=\"application\/ld+json\" class=\"yoast-schema-graph\">{\"@context\":\"https:\/\/schema.org\",\"@graph\":[{\"@type\":\"WebPage\",\"@id\":\"https:\/\/espak.ee\/epood\/toode\/wc-puhastusvahend-bref-excellence-gel-dirt-700ml\/\",\"url\":\"https:\/\/espak.ee\/epood\/toode\/wc-puhastusvahend-bref-excellence-gel-dirt-700ml\/\",\"name\":\"WC PUHASTUSVAHEND BREF EXCELLENCE GEL DIRT 700ML - Espak E-pood\",\"isPartOf\":{\"@id\":\"https:\/\/espak.ee\/epood\/#website\"},\"primaryImageOfPage\":{\"@id\":\"https:\/\/espak.ee\/epood\/toode\/wc-puhastusvahend-bref-excellence-gel-dirt-700ml\/#primaryimage\"},\"image\":{\"@id\":\"https:\/\/espak.ee\/epood\/toode\/wc-puhastusvahend-bref-excellence-gel-dirt-700ml\/#primaryimage\"},\"thumbnailUrl\":\"https:\/\/espak.ee\/epood\/wp-content\/uploads\/2026\/01\/0175324_bref-wc-puhastusvahend-excellence-gel-dirt-700ml.jpeg\",\"datePublished\":\"2026-01-23T03:10:01+00:00\",\"dateModified\":\"2026-01-23T14:06:26+00:00\",\"breadcrumb\":{\"@id\":\"https:\/\/espak.ee\/epood\/toode\/wc-puhastusvahend-bref-excellence-gel-dirt-700ml\/#breadcrumb\"},\"inLanguage\":\"et\",\"potentialAction\":[{\"@type\":\"ReadAction\",\"target\":[\"https:\/\/espak.ee\/epood\/toode\/wc-puhastusvahend-bref-excellence-gel-dirt-700ml\/\"]}]},{\"@type\":\"ImageObject\",\"inLanguage\":\"et\",\"@id\":\"https:\/\/espak.ee\/epood\/toode\/wc-puhastusvahend-bref-excellence-gel-dirt-700ml\/#primaryimage\",\"url\":\"https:\/\/espak.ee\/epood\/wp-content\/uploads\/2026\/01\/0175324_bref-wc-puhastusvahend-excellence-gel-dirt-700ml.jpeg\",\"contentUrl\":\"https:\/\/espak.ee\/epood\/wp-content\/uploads\/2026\/01\/0175324_bref-wc-puhastusvahend-excellence-gel-dirt-700ml.jpeg\",\"width\":1000,\"height\":1000},{\"@type\":\"BreadcrumbList\",\"@id\":\"https:\/\/espak.ee\/epood\/toode\/wc-puhastusvahend-bref-excellence-gel-dirt-700ml\/#breadcrumb\",\"itemListElement\":[{\"@type\":\"ListItem\",\"position\":1,\"name\":\"Home\",\"item\":\"https:\/\/espak.ee\/epood\/\"},{\"@type\":\"ListItem\",\"position\":2,\"name\":\"Tootevalik\",\"item\":\"https:\/\/espak.ee\/epood\/tootevalik\/\"},{\"@type\":\"ListItem\",\"position\":3,\"name\":\"WC PUHASTUSVAHEND BREF EXCELLENCE GEL DIRT 700ML\"}]},{\"@type\":\"WebSite\",\"@id\":\"https:\/\/espak.ee\/epood\/#website\",\"url\":\"https:\/\/espak.ee\/epood\/\",\"name\":\"Espak E-pood\",\"description\":\"\",\"potentialAction\":[{\"@type\":\"SearchAction\",\"target\":{\"@type\":\"EntryPoint\",\"urlTemplate\":\"https:\/\/espak.ee\/epood\/?s={search_term_string}\"},\"query-input\":{\"@type\":\"PropertyValueSpecification\",\"valueRequired\":true,\"valueName\":\"search_term_string\"}}],\"inLanguage\":\"et\"}]}<\/script>\n<!-- \/ Yoast SEO plugin. -->","yoast_head_json":{"title":"WC PUHASTUSVAHEND BREF EXCELLENCE GEL DIRT 700ML - Espak E-pood","robots":{"index":"index","follow":"follow","max-snippet":"max-snippet:-1","max-image-preview":"max-image-preview:large","max-video-preview":"max-video-preview:-1"},"canonical":"https:\/\/espak.ee\/epood\/toode\/wc-puhastusvahend-bref-excellence-gel-dirt-700ml\/","og_locale":"et_EE","og_type":"article","og_title":"WC PUHASTUSVAHEND BREF EXCELLENCE GEL DIRT 700ML - Espak E-pood","og_url":"https:\/\/espak.ee\/epood\/toode\/wc-puhastusvahend-bref-excellence-gel-dirt-700ml\/","og_site_name":"Espak E-pood","article_modified_time":"2026-01-23T14:06:26+00:00","og_image":[{"width":1000,"height":1000,"url":"https:\/\/espak.ee\/epood\/wp-content\/uploads\/2026\/01\/0175324_bref-wc-puhastusvahend-excellence-gel-dirt-700ml.jpeg","type":"image\/jpeg"}],"twitter_card":"summary_large_image","twitter_misc":{"Est. reading time":"1 minut"},"schema":{"@context":"https:\/\/schema.org","@graph":[{"@type":"WebPage","@id":"https:\/\/espak.ee\/epood\/toode\/wc-puhastusvahend-bref-excellence-gel-dirt-700ml\/","url":"https:\/\/espak.ee\/epood\/toode\/wc-puhastusvahend-bref-excellence-gel-dirt-700ml\/","name":"WC PUHASTUSVAHEND BREF EXCELLENCE GEL DIRT 700ML - Espak E-pood","isPartOf":{"@id":"https:\/\/espak.ee\/epood\/#website"},"primaryImageOfPage":{"@id":"https:\/\/espak.ee\/epood\/toode\/wc-puhastusvahend-bref-excellence-gel-dirt-700ml\/#primaryimage"},"image":{"@id":"https:\/\/espak.ee\/epood\/toode\/wc-puhastusvahend-bref-excellence-gel-dirt-700ml\/#primaryimage"},"thumbnailUrl":"https:\/\/espak.ee\/epood\/wp-content\/uploads\/2026\/01\/0175324_bref-wc-puhastusvahend-excellence-gel-dirt-700ml.jpeg","datePublished":"2026-01-23T03:10:01+00:00","dateModified":"2026-01-23T14:06:26+00:00","breadcrumb":{"@id":"https:\/\/espak.ee\/epood\/toode\/wc-puhastusvahend-bref-excellence-gel-dirt-700ml\/#breadcrumb"},"inLanguage":"et","potentialAction":[{"@type":"ReadAction","target":["https:\/\/espak.ee\/epood\/toode\/wc-puhastusvahend-bref-excellence-gel-dirt-700ml\/"]}]},{"@type":"ImageObject","inLanguage":"et","@id":"https:\/\/espak.ee\/epood\/toode\/wc-puhastusvahend-bref-excellence-gel-dirt-700ml\/#primaryimage","url":"https:\/\/espak.ee\/epood\/wp-content\/uploads\/2026\/01\/0175324_bref-wc-puhastusvahend-excellence-gel-dirt-700ml.jpeg","contentUrl":"https:\/\/espak.ee\/epood\/wp-content\/uploads\/2026\/01\/0175324_bref-wc-puhastusvahend-excellence-gel-dirt-700ml.jpeg","width":1000,"height":1000},{"@type":"BreadcrumbList","@id":"https:\/\/espak.ee\/epood\/toode\/wc-puhastusvahend-bref-excellence-gel-dirt-700ml\/#breadcrumb","itemListElement":[{"@type":"ListItem","position":1,"name":"Home","item":"https:\/\/espak.ee\/epood\/"},{"@type":"ListItem","position":2,"name":"Tootevalik","item":"https:\/\/espak.ee\/epood\/tootevalik\/"},{"@type":"ListItem","position":3,"name":"WC PUHASTUSVAHEND BREF EXCELLENCE GEL DIRT 700ML"}]},{"@type":"WebSite","@id":"https:\/\/espak.ee\/epood\/#website","url":"https:\/\/espak.ee\/epood\/","name":"Espak E-pood","description":"","potentialAction":[{"@type":"SearchAction","target":{"@type":"EntryPoint","urlTemplate":"https:\/\/espak.ee\/epood\/?s={search_term_string}"},"query-input":{"@type":"PropertyValueSpecification","valueRequired":true,"valueName":"search_term_string"}}],"inLanguage":"et"}]}},"_links":{"self":[{"href":"https:\/\/espak.ee\/epood\/wp-json\/wp\/v2\/product\/261933","targetHints":{"allow":["GET"]}}],"collection":[{"href":"https:\/\/espak.ee\/epood\/wp-json\/wp\/v2\/product"}],"about":[{"href":"https:\/\/espak.ee\/epood\/wp-json\/wp\/v2\/types\/product"}],"replies":[{"embeddable":true,"href":"https:\/\/espak.ee\/epood\/wp-json\/wp\/v2\/comments?post=261933"}],"wp:featuredmedia":[{"embeddable":true,"href":"https:\/\/espak.ee\/epood\/wp-json\/wp\/v2\/media\/262050"}],"wp:attachment":[{"href":"https:\/\/espak.ee\/epood\/wp-json\/wp\/v2\/media?parent=261933"}],"wp:term":[{"taxonomy":"product_brand","embeddable":true,"href":"https:\/\/espak.ee\/epood\/wp-json\/wp\/v2\/product_brand?post=261933"},{"taxonomy":"product_cat","embeddable":true,"href":"https:\/\/espak.ee\/epood\/wp-json\/wp\/v2\/product_cat?post=261933"},{"taxonomy":"product_tag","embeddable":true,"href":"https:\/\/espak.ee\/epood\/wp-json\/wp\/v2\/product_tag?post=261933"}],"curies":[{"name":"wp","href":"https:\/\/api.w.org\/{rel}","templated":true}]}}