{"id":261859,"date":"2026-01-22T05:10:02","date_gmt":"2026-01-22T03:10:02","guid":{"rendered":"https:\/\/espak.ee\/epood\/?post_type=product&#038;p=261859"},"modified":"2026-01-22T09:15:52","modified_gmt":"2026-01-22T07:15:52","slug":"praootsik-pihustiga-tekstiilipesurile-karcher-se4-se6","status":"publish","type":"product","link":"https:\/\/espak.ee\/epood\/toode\/praootsik-pihustiga-tekstiilipesurile-karcher-se4-se6\/","title":{"rendered":"PRAOOTSIK PIHUSTIGA TEKSTIILIPESURILE K\u00c4RCHER SE4-SE6"},"content":{"rendered":"<div class=\"row\"  id=\"row-1183667477\">\n\n\t<div id=\"col-1755477696\" class=\"col medium-9 small-12 large-9\"  >\n\t\t\t\t<div class=\"col-inner\"  >\n\t\t\t\n\t\t\t\n<h3>Praootsik pihustiga tekstiilipesurile SE K\u00e4rcher<\/h3>\n<p>Praktiline pihustiga praootsik tekstiilipesuri lisaseadmena v\u00f5imaldab pihustuspuhastust ka raskesti ligip\u00e4\u00e4setavates ja kitsastes kohtades pehmel m\u00f6\u00f6blil v\u00f5i autos.<\/p>\n<div class=\"message-box relative\" style=\"padding-top:15px;padding-bottom:15px;\"><div class=\"message-box-bg-image bg-fill fill\" ><\/div><div class=\"message-box-bg-overlay bg-fill fill\" ><\/div><div class=\"container relative\"><div class=\"inner last-reset\">\n<div class=\"row align-middle align-center\"  id=\"row-1483450309\">\n\n\t<div id=\"col-746683309\" class=\"col small-12 large-12\"  >\n\t\t\t\t<div class=\"col-inner text-left\"  >\n\t\t\t\n\t\t\t\n<h4>Omadused<\/h4>\n<div class=\"row\"  id=\"row-431304505\">\n\n\t<div id=\"col-894461293\" class=\"col medium-6 small-12 large-6\"  >\n\t\t\t\t<div class=\"col-inner\"  >\n\t\t\t\n\t\t\t\n<p><i class=\"fa fa-check fa-2x\"><\/i> <strong> Sobib k\u00f5ikidele K\u00e4rcheri seadmesarja SE 4, SE 5 ja SE 6 pihustatavatele puhastusvahenditele<\/strong><\/p>\n<p><i class=\"fa fa-check fa-2x\"><\/i> <strong> Paindlik, ka kitsastes v\u00f5i raskesti ligip\u00e4\u00e4setavates kohtades<\/strong><\/p>\n\t\t<\/div>\n\t\t\t\t\n<style>\n#col-894461293 > .col-inner {\n  margin: 0px 0px 15px 0px;\n}\n<\/style>\n\t<\/div>\n\n\t\n\n\t<div id=\"col-608492808\" class=\"col medium-6 small-12 large-6\"  >\n\t\t\t\t<div class=\"col-inner\"  >\n\t\t\t\n\t\t\t\n<p><i class=\"fa fa-check fa-2x\"><\/i> <strong> Optimaalsete puhastustulemuste saavutamiseks<\/strong><\/p>\n\t\t<\/div>\n\t\t\t\t\n<style>\n#col-608492808 > .col-inner {\n  margin: 0px 0px 15px 0px;\n}\n<\/style>\n\t<\/div>\n\n\t\n<\/div>\n\t\t<\/div>\n\t\t\t\t\t<\/div>\n\n\t\n<\/div>\n<\/div><\/div><\/div>\n\t<div id=\"gap-1141351525\" class=\"gap-element clearfix\" style=\"display:block; height:auto;\">\n\t\t\n<style>\n#gap-1141351525 {\n  padding-top: 30px;\n}\n<\/style>\n\t<\/div>\n\t\n<p>K\u00e4ep\u00e4rane pihustiga praootsik on praktiline tarvik raskesti ligip\u00e4\u00e4setavates kohtades ja kitsastes vahedes puhastamiseks. Sobib k\u00f5ikidele K\u00e4rcheri SE 4, SE 5 ja SE 6 seeria tekstiilipesuritele. Pehme m\u00f6\u00f6blil ja autos saavutatakse parimad puhastustulemused veelgi mugavamalt ja vaevatumalt. Kitsas otsik pihustab puhastuslahuse k\u00f5rge r\u00f5hu all s\u00fcgavale kiududesse ja imeb selle koos lahti tulnud mustusega tagasi. Mustus ja l\u00f5hnad eemaldatakse t\u00f5husalt.<\/p>\n\t\t<\/div>\n\t\t\t\t\t<\/div>\n\n\t\n\n\t<div id=\"col-1747030329\" class=\"col medium-3 small-12 large-3\"  >\n\t\t\t\t<div class=\"col-inner\"  >\n\t\t\t\n\t\t\t\n<h3>Toote informatsioon<\/h3>\n<p><a href=\"https:\/\/espak.ee\/epood\/wp-content\/uploads\/2026\/01\/2.863-360.0_PI_et_EE.pdf\"target=\"_blank\" rel=\"noopener noreferrer\"><i class=\"far fa-file-pdf\"><\/i> Infoleht (PDF)<\/a><\/p>\n<p><strong>\u00dcksikasjalikuma n\u00f5u saamiseks v\u00f5tke \u00fchendust:<br \/><\/strong>Espak AS<br \/>Viadukti 42<br \/>11313<br \/>Tallinn<br \/>+372 6 512333<\/p>\n\t\t<\/div>\n\t\t\t\t\t<\/div>\n\n\t\n<\/div>\n","protected":false},"excerpt":{"rendered":"","protected":false},"featured_media":261881,"comment_status":"closed","ping_status":"closed","template":"","meta":[],"product_brand":[],"product_cat":[2680,2785,2950,2679],"product_tag":[],"class_list":{"0":"post-261859","1":"product","2":"type-product","3":"status-publish","4":"has-post-thumbnail","6":"product_cat-elektritooriistad","7":"product_cat-koristusseadmed","8":"product_cat-tolmuimejate-tarvikud","9":"product_cat-tooriistad","10":"pa_kaubamark-karcher","12":"first","13":"outofstock","14":"sale","15":"taxable","16":"shipping-taxable","17":"purchasable","18":"product-type-simple"},"yoast_head":"<!-- This site is optimized with the Yoast SEO plugin v26.9 - https:\/\/yoast.com\/product\/yoast-seo-wordpress\/ -->\n<title>PRAOOTSIK PIHUSTIGA TEKSTIILIPESURILE K\u00c4RCHER SE4-SE6 - Espak E-pood<\/title>\n<meta name=\"robots\" content=\"index, follow, max-snippet:-1, max-image-preview:large, max-video-preview:-1\" \/>\n<link rel=\"canonical\" href=\"https:\/\/espak.ee\/epood\/toode\/praootsik-pihustiga-tekstiilipesurile-karcher-se4-se6\/\" \/>\n<meta property=\"og:locale\" content=\"et_EE\" \/>\n<meta property=\"og:type\" content=\"article\" \/>\n<meta property=\"og:title\" content=\"PRAOOTSIK PIHUSTIGA TEKSTIILIPESURILE K\u00c4RCHER SE4-SE6 - Espak E-pood\" \/>\n<meta property=\"og:url\" content=\"https:\/\/espak.ee\/epood\/toode\/praootsik-pihustiga-tekstiilipesurile-karcher-se4-se6\/\" \/>\n<meta property=\"og:site_name\" content=\"Espak E-pood\" \/>\n<meta property=\"article:modified_time\" content=\"2026-01-22T07:15:52+00:00\" \/>\n<meta property=\"og:image\" content=\"https:\/\/espak.ee\/epood\/wp-content\/uploads\/2026\/01\/d0-37.jpg\" \/>\n\t<meta property=\"og:image:width\" content=\"1000\" \/>\n\t<meta property=\"og:image:height\" content=\"1000\" \/>\n\t<meta property=\"og:image:type\" content=\"image\/jpeg\" \/>\n<meta name=\"twitter:card\" content=\"summary_large_image\" \/>\n<meta name=\"twitter:label1\" content=\"Est. reading time\" \/>\n\t<meta name=\"twitter:data1\" content=\"1 minut\" \/>\n<script type=\"application\/ld+json\" class=\"yoast-schema-graph\">{\"@context\":\"https:\/\/schema.org\",\"@graph\":[{\"@type\":\"WebPage\",\"@id\":\"https:\/\/espak.ee\/epood\/toode\/praootsik-pihustiga-tekstiilipesurile-karcher-se4-se6\/\",\"url\":\"https:\/\/espak.ee\/epood\/toode\/praootsik-pihustiga-tekstiilipesurile-karcher-se4-se6\/\",\"name\":\"PRAOOTSIK PIHUSTIGA TEKSTIILIPESURILE K\u00c4RCHER SE4-SE6 - Espak E-pood\",\"isPartOf\":{\"@id\":\"https:\/\/espak.ee\/epood\/#website\"},\"primaryImageOfPage\":{\"@id\":\"https:\/\/espak.ee\/epood\/toode\/praootsik-pihustiga-tekstiilipesurile-karcher-se4-se6\/#primaryimage\"},\"image\":{\"@id\":\"https:\/\/espak.ee\/epood\/toode\/praootsik-pihustiga-tekstiilipesurile-karcher-se4-se6\/#primaryimage\"},\"thumbnailUrl\":\"https:\/\/espak.ee\/epood\/wp-content\/uploads\/2026\/01\/d0-37.jpg\",\"datePublished\":\"2026-01-22T03:10:02+00:00\",\"dateModified\":\"2026-01-22T07:15:52+00:00\",\"breadcrumb\":{\"@id\":\"https:\/\/espak.ee\/epood\/toode\/praootsik-pihustiga-tekstiilipesurile-karcher-se4-se6\/#breadcrumb\"},\"inLanguage\":\"et\",\"potentialAction\":[{\"@type\":\"ReadAction\",\"target\":[\"https:\/\/espak.ee\/epood\/toode\/praootsik-pihustiga-tekstiilipesurile-karcher-se4-se6\/\"]}]},{\"@type\":\"ImageObject\",\"inLanguage\":\"et\",\"@id\":\"https:\/\/espak.ee\/epood\/toode\/praootsik-pihustiga-tekstiilipesurile-karcher-se4-se6\/#primaryimage\",\"url\":\"https:\/\/espak.ee\/epood\/wp-content\/uploads\/2026\/01\/d0-37.jpg\",\"contentUrl\":\"https:\/\/espak.ee\/epood\/wp-content\/uploads\/2026\/01\/d0-37.jpg\",\"width\":1000,\"height\":1000},{\"@type\":\"BreadcrumbList\",\"@id\":\"https:\/\/espak.ee\/epood\/toode\/praootsik-pihustiga-tekstiilipesurile-karcher-se4-se6\/#breadcrumb\",\"itemListElement\":[{\"@type\":\"ListItem\",\"position\":1,\"name\":\"Home\",\"item\":\"https:\/\/espak.ee\/epood\/\"},{\"@type\":\"ListItem\",\"position\":2,\"name\":\"Tootevalik\",\"item\":\"https:\/\/espak.ee\/epood\/tootevalik\/\"},{\"@type\":\"ListItem\",\"position\":3,\"name\":\"PRAOOTSIK PIHUSTIGA TEKSTIILIPESURILE K\u00c4RCHER SE4-SE6\"}]},{\"@type\":\"WebSite\",\"@id\":\"https:\/\/espak.ee\/epood\/#website\",\"url\":\"https:\/\/espak.ee\/epood\/\",\"name\":\"Espak E-pood\",\"description\":\"\",\"potentialAction\":[{\"@type\":\"SearchAction\",\"target\":{\"@type\":\"EntryPoint\",\"urlTemplate\":\"https:\/\/espak.ee\/epood\/?s={search_term_string}\"},\"query-input\":{\"@type\":\"PropertyValueSpecification\",\"valueRequired\":true,\"valueName\":\"search_term_string\"}}],\"inLanguage\":\"et\"}]}<\/script>\n<!-- \/ Yoast SEO plugin. -->","yoast_head_json":{"title":"PRAOOTSIK PIHUSTIGA TEKSTIILIPESURILE K\u00c4RCHER SE4-SE6 - Espak E-pood","robots":{"index":"index","follow":"follow","max-snippet":"max-snippet:-1","max-image-preview":"max-image-preview:large","max-video-preview":"max-video-preview:-1"},"canonical":"https:\/\/espak.ee\/epood\/toode\/praootsik-pihustiga-tekstiilipesurile-karcher-se4-se6\/","og_locale":"et_EE","og_type":"article","og_title":"PRAOOTSIK PIHUSTIGA TEKSTIILIPESURILE K\u00c4RCHER SE4-SE6 - Espak E-pood","og_url":"https:\/\/espak.ee\/epood\/toode\/praootsik-pihustiga-tekstiilipesurile-karcher-se4-se6\/","og_site_name":"Espak E-pood","article_modified_time":"2026-01-22T07:15:52+00:00","og_image":[{"width":1000,"height":1000,"url":"https:\/\/espak.ee\/epood\/wp-content\/uploads\/2026\/01\/d0-37.jpg","type":"image\/jpeg"}],"twitter_card":"summary_large_image","twitter_misc":{"Est. reading time":"1 minut"},"schema":{"@context":"https:\/\/schema.org","@graph":[{"@type":"WebPage","@id":"https:\/\/espak.ee\/epood\/toode\/praootsik-pihustiga-tekstiilipesurile-karcher-se4-se6\/","url":"https:\/\/espak.ee\/epood\/toode\/praootsik-pihustiga-tekstiilipesurile-karcher-se4-se6\/","name":"PRAOOTSIK PIHUSTIGA TEKSTIILIPESURILE K\u00c4RCHER SE4-SE6 - Espak E-pood","isPartOf":{"@id":"https:\/\/espak.ee\/epood\/#website"},"primaryImageOfPage":{"@id":"https:\/\/espak.ee\/epood\/toode\/praootsik-pihustiga-tekstiilipesurile-karcher-se4-se6\/#primaryimage"},"image":{"@id":"https:\/\/espak.ee\/epood\/toode\/praootsik-pihustiga-tekstiilipesurile-karcher-se4-se6\/#primaryimage"},"thumbnailUrl":"https:\/\/espak.ee\/epood\/wp-content\/uploads\/2026\/01\/d0-37.jpg","datePublished":"2026-01-22T03:10:02+00:00","dateModified":"2026-01-22T07:15:52+00:00","breadcrumb":{"@id":"https:\/\/espak.ee\/epood\/toode\/praootsik-pihustiga-tekstiilipesurile-karcher-se4-se6\/#breadcrumb"},"inLanguage":"et","potentialAction":[{"@type":"ReadAction","target":["https:\/\/espak.ee\/epood\/toode\/praootsik-pihustiga-tekstiilipesurile-karcher-se4-se6\/"]}]},{"@type":"ImageObject","inLanguage":"et","@id":"https:\/\/espak.ee\/epood\/toode\/praootsik-pihustiga-tekstiilipesurile-karcher-se4-se6\/#primaryimage","url":"https:\/\/espak.ee\/epood\/wp-content\/uploads\/2026\/01\/d0-37.jpg","contentUrl":"https:\/\/espak.ee\/epood\/wp-content\/uploads\/2026\/01\/d0-37.jpg","width":1000,"height":1000},{"@type":"BreadcrumbList","@id":"https:\/\/espak.ee\/epood\/toode\/praootsik-pihustiga-tekstiilipesurile-karcher-se4-se6\/#breadcrumb","itemListElement":[{"@type":"ListItem","position":1,"name":"Home","item":"https:\/\/espak.ee\/epood\/"},{"@type":"ListItem","position":2,"name":"Tootevalik","item":"https:\/\/espak.ee\/epood\/tootevalik\/"},{"@type":"ListItem","position":3,"name":"PRAOOTSIK PIHUSTIGA TEKSTIILIPESURILE K\u00c4RCHER SE4-SE6"}]},{"@type":"WebSite","@id":"https:\/\/espak.ee\/epood\/#website","url":"https:\/\/espak.ee\/epood\/","name":"Espak E-pood","description":"","potentialAction":[{"@type":"SearchAction","target":{"@type":"EntryPoint","urlTemplate":"https:\/\/espak.ee\/epood\/?s={search_term_string}"},"query-input":{"@type":"PropertyValueSpecification","valueRequired":true,"valueName":"search_term_string"}}],"inLanguage":"et"}]}},"_links":{"self":[{"href":"https:\/\/espak.ee\/epood\/wp-json\/wp\/v2\/product\/261859","targetHints":{"allow":["GET"]}}],"collection":[{"href":"https:\/\/espak.ee\/epood\/wp-json\/wp\/v2\/product"}],"about":[{"href":"https:\/\/espak.ee\/epood\/wp-json\/wp\/v2\/types\/product"}],"replies":[{"embeddable":true,"href":"https:\/\/espak.ee\/epood\/wp-json\/wp\/v2\/comments?post=261859"}],"wp:featuredmedia":[{"embeddable":true,"href":"https:\/\/espak.ee\/epood\/wp-json\/wp\/v2\/media\/261881"}],"wp:attachment":[{"href":"https:\/\/espak.ee\/epood\/wp-json\/wp\/v2\/media?parent=261859"}],"wp:term":[{"taxonomy":"product_brand","embeddable":true,"href":"https:\/\/espak.ee\/epood\/wp-json\/wp\/v2\/product_brand?post=261859"},{"taxonomy":"product_cat","embeddable":true,"href":"https:\/\/espak.ee\/epood\/wp-json\/wp\/v2\/product_cat?post=261859"},{"taxonomy":"product_tag","embeddable":true,"href":"https:\/\/espak.ee\/epood\/wp-json\/wp\/v2\/product_tag?post=261859"}],"curies":[{"name":"wp","href":"https:\/\/api.w.org\/{rel}","templated":true}]}}