{"id":261595,"date":"2026-01-20T05:06:23","date_gmt":"2026-01-20T03:06:23","guid":{"rendered":"https:\/\/espak.ee\/epood\/?post_type=product&#038;p=261595"},"modified":"2026-03-21T10:07:20","modified_gmt":"2026-03-21T08:07:20","slug":"tualettpaber-zewa-everyday-3-kihiline-6rl-pk","status":"publish","type":"product","link":"https:\/\/espak.ee\/epood\/toode\/tualettpaber-zewa-everyday-3-kihiline-6rl-pk\/","title":{"rendered":"TUALETTPABER  ZEWA EVERYDAY 3-KIHILINE 6RL\/PK"},"content":{"rendered":"<div class=\"row\"  id=\"row-100845471\">\n\n\t<div id=\"col-624289160\" class=\"col medium-9 small-12 large-9\"  >\n\t\t\t\t<div class=\"col-inner\"  >\n\t\t\t\n\t\t\t\n<h3>Tualettpaber Zewa Everyday 3-kihiline 6 rulli<\/h3>\n<p>Zewa Everyday tualettpaber on m\u00f5eldud igap\u00e4evaseks kasutuseks! Selle kolm pehmet ja tugevat kihti tagavad igap\u00e4evase mugavuse teile ja teie l\u00e4hedastele. Zewa Everyday on toodetud Soomes, meie vastutustundlikult toimivas ning k\u00f5rgete kvaliteedin\u00e4itajatega vabrikus.<br \/>\nPehmus ja tugevus igap\u00e4evaseks kasutuseks!<br \/>\nToodetud ringlussev\u00f5etud paberist.<br \/>\nELi \u00f6kom\u00e4rgis.<br \/>\nFSC-sertifikaat.<br \/>\nPakend on valmistatud 30% ulatuses ringlussev\u00f5etud plastist ja see on uuesti ringlussev\u00f5etav.<\/p>\n\t\t<\/div>\n\t\t\t\t\t<\/div>\n\n\t\n\n\t<div id=\"col-1618915596\" class=\"col medium-3 small-12 large-3\"  >\n\t\t\t\t<div class=\"col-inner\"  >\n\t\t\t\n\t\t\t\n<div class=\"is-divider divider clearfix\" ><\/div>\n<p><strong>\u00dcksikasjalikuma n\u00f5u saamiseks v\u00f5tke \u00fchendust:<br \/><\/strong>Jungent Estonia O\u00dc<br \/>Paldiski mnt.11<br \/>10137<br \/>Tallinn<br \/>+372 666 3800<\/p>\n\t\t<\/div>\n\t\t\t\t\t<\/div>\n\n\t\n<\/div>\n","protected":false},"excerpt":{"rendered":"","protected":false},"featured_media":261626,"comment_status":"closed","ping_status":"closed","template":"","meta":[],"product_brand":[],"product_cat":[2788,4237,4236,4238],"product_tag":[],"class_list":{"0":"post-261595","1":"product","2":"type-product","3":"status-publish","4":"has-post-thumbnail","6":"product_cat-aiatarbed-ja-kodukaubad","7":"product_cat-kodupaber","8":"product_cat-ulem-kodupaberid","9":"product_cat-kodupaberid","10":"pa_kaubamark-jungent-estonia-ou","12":"first","13":"instock","14":"sale","15":"taxable","16":"shipping-taxable","17":"purchasable","18":"product-type-simple"},"yoast_head":"<!-- This site is optimized with the Yoast SEO plugin v26.9 - https:\/\/yoast.com\/product\/yoast-seo-wordpress\/ -->\n<title>TUALETTPABER ZEWA EVERYDAY 3-KIHILINE 6RL\/PK - Espak E-pood<\/title>\n<meta name=\"robots\" content=\"index, follow, max-snippet:-1, max-image-preview:large, max-video-preview:-1\" \/>\n<link rel=\"canonical\" href=\"https:\/\/espak.ee\/epood\/toode\/tualettpaber-zewa-everyday-3-kihiline-6rl-pk\/\" \/>\n<meta property=\"og:locale\" content=\"et_EE\" \/>\n<meta property=\"og:type\" content=\"article\" \/>\n<meta property=\"og:title\" content=\"TUALETTPABER ZEWA EVERYDAY 3-KIHILINE 6RL\/PK - Espak E-pood\" \/>\n<meta property=\"og:url\" content=\"https:\/\/espak.ee\/epood\/toode\/tualettpaber-zewa-everyday-3-kihiline-6rl-pk\/\" \/>\n<meta property=\"og:site_name\" content=\"Espak E-pood\" \/>\n<meta property=\"article:modified_time\" content=\"2026-03-21T08:07:20+00:00\" \/>\n<meta property=\"og:image\" content=\"https:\/\/espak.ee\/epood\/wp-content\/uploads\/2026\/01\/7310361162839-X2.jpg\" \/>\n\t<meta property=\"og:image:width\" content=\"1500\" \/>\n\t<meta property=\"og:image:height\" content=\"1500\" \/>\n\t<meta property=\"og:image:type\" content=\"image\/jpeg\" \/>\n<meta name=\"twitter:card\" content=\"summary_large_image\" \/>\n<script type=\"application\/ld+json\" class=\"yoast-schema-graph\">{\"@context\":\"https:\/\/schema.org\",\"@graph\":[{\"@type\":\"WebPage\",\"@id\":\"https:\/\/espak.ee\/epood\/toode\/tualettpaber-zewa-everyday-3-kihiline-6rl-pk\/\",\"url\":\"https:\/\/espak.ee\/epood\/toode\/tualettpaber-zewa-everyday-3-kihiline-6rl-pk\/\",\"name\":\"TUALETTPABER ZEWA EVERYDAY 3-KIHILINE 6RL\/PK - Espak E-pood\",\"isPartOf\":{\"@id\":\"https:\/\/espak.ee\/epood\/#website\"},\"primaryImageOfPage\":{\"@id\":\"https:\/\/espak.ee\/epood\/toode\/tualettpaber-zewa-everyday-3-kihiline-6rl-pk\/#primaryimage\"},\"image\":{\"@id\":\"https:\/\/espak.ee\/epood\/toode\/tualettpaber-zewa-everyday-3-kihiline-6rl-pk\/#primaryimage\"},\"thumbnailUrl\":\"https:\/\/espak.ee\/epood\/wp-content\/uploads\/2026\/01\/7310361162839-X2.jpg\",\"datePublished\":\"2026-01-20T03:06:23+00:00\",\"dateModified\":\"2026-03-21T08:07:20+00:00\",\"breadcrumb\":{\"@id\":\"https:\/\/espak.ee\/epood\/toode\/tualettpaber-zewa-everyday-3-kihiline-6rl-pk\/#breadcrumb\"},\"inLanguage\":\"et\",\"potentialAction\":[{\"@type\":\"ReadAction\",\"target\":[\"https:\/\/espak.ee\/epood\/toode\/tualettpaber-zewa-everyday-3-kihiline-6rl-pk\/\"]}]},{\"@type\":\"ImageObject\",\"inLanguage\":\"et\",\"@id\":\"https:\/\/espak.ee\/epood\/toode\/tualettpaber-zewa-everyday-3-kihiline-6rl-pk\/#primaryimage\",\"url\":\"https:\/\/espak.ee\/epood\/wp-content\/uploads\/2026\/01\/7310361162839-X2.jpg\",\"contentUrl\":\"https:\/\/espak.ee\/epood\/wp-content\/uploads\/2026\/01\/7310361162839-X2.jpg\",\"width\":1500,\"height\":1500},{\"@type\":\"BreadcrumbList\",\"@id\":\"https:\/\/espak.ee\/epood\/toode\/tualettpaber-zewa-everyday-3-kihiline-6rl-pk\/#breadcrumb\",\"itemListElement\":[{\"@type\":\"ListItem\",\"position\":1,\"name\":\"Home\",\"item\":\"https:\/\/espak.ee\/epood\/\"},{\"@type\":\"ListItem\",\"position\":2,\"name\":\"Tootevalik\",\"item\":\"https:\/\/espak.ee\/epood\/tootevalik\/\"},{\"@type\":\"ListItem\",\"position\":3,\"name\":\"TUALETTPABER ZEWA EVERYDAY 3-KIHILINE 6RL\/PK\"}]},{\"@type\":\"WebSite\",\"@id\":\"https:\/\/espak.ee\/epood\/#website\",\"url\":\"https:\/\/espak.ee\/epood\/\",\"name\":\"Espak E-pood\",\"description\":\"\",\"potentialAction\":[{\"@type\":\"SearchAction\",\"target\":{\"@type\":\"EntryPoint\",\"urlTemplate\":\"https:\/\/espak.ee\/epood\/?s={search_term_string}\"},\"query-input\":{\"@type\":\"PropertyValueSpecification\",\"valueRequired\":true,\"valueName\":\"search_term_string\"}}],\"inLanguage\":\"et\"}]}<\/script>\n<!-- \/ Yoast SEO plugin. -->","yoast_head_json":{"title":"TUALETTPABER ZEWA EVERYDAY 3-KIHILINE 6RL\/PK - Espak E-pood","robots":{"index":"index","follow":"follow","max-snippet":"max-snippet:-1","max-image-preview":"max-image-preview:large","max-video-preview":"max-video-preview:-1"},"canonical":"https:\/\/espak.ee\/epood\/toode\/tualettpaber-zewa-everyday-3-kihiline-6rl-pk\/","og_locale":"et_EE","og_type":"article","og_title":"TUALETTPABER ZEWA EVERYDAY 3-KIHILINE 6RL\/PK - Espak E-pood","og_url":"https:\/\/espak.ee\/epood\/toode\/tualettpaber-zewa-everyday-3-kihiline-6rl-pk\/","og_site_name":"Espak E-pood","article_modified_time":"2026-03-21T08:07:20+00:00","og_image":[{"width":1500,"height":1500,"url":"https:\/\/espak.ee\/epood\/wp-content\/uploads\/2026\/01\/7310361162839-X2.jpg","type":"image\/jpeg"}],"twitter_card":"summary_large_image","schema":{"@context":"https:\/\/schema.org","@graph":[{"@type":"WebPage","@id":"https:\/\/espak.ee\/epood\/toode\/tualettpaber-zewa-everyday-3-kihiline-6rl-pk\/","url":"https:\/\/espak.ee\/epood\/toode\/tualettpaber-zewa-everyday-3-kihiline-6rl-pk\/","name":"TUALETTPABER ZEWA EVERYDAY 3-KIHILINE 6RL\/PK - Espak E-pood","isPartOf":{"@id":"https:\/\/espak.ee\/epood\/#website"},"primaryImageOfPage":{"@id":"https:\/\/espak.ee\/epood\/toode\/tualettpaber-zewa-everyday-3-kihiline-6rl-pk\/#primaryimage"},"image":{"@id":"https:\/\/espak.ee\/epood\/toode\/tualettpaber-zewa-everyday-3-kihiline-6rl-pk\/#primaryimage"},"thumbnailUrl":"https:\/\/espak.ee\/epood\/wp-content\/uploads\/2026\/01\/7310361162839-X2.jpg","datePublished":"2026-01-20T03:06:23+00:00","dateModified":"2026-03-21T08:07:20+00:00","breadcrumb":{"@id":"https:\/\/espak.ee\/epood\/toode\/tualettpaber-zewa-everyday-3-kihiline-6rl-pk\/#breadcrumb"},"inLanguage":"et","potentialAction":[{"@type":"ReadAction","target":["https:\/\/espak.ee\/epood\/toode\/tualettpaber-zewa-everyday-3-kihiline-6rl-pk\/"]}]},{"@type":"ImageObject","inLanguage":"et","@id":"https:\/\/espak.ee\/epood\/toode\/tualettpaber-zewa-everyday-3-kihiline-6rl-pk\/#primaryimage","url":"https:\/\/espak.ee\/epood\/wp-content\/uploads\/2026\/01\/7310361162839-X2.jpg","contentUrl":"https:\/\/espak.ee\/epood\/wp-content\/uploads\/2026\/01\/7310361162839-X2.jpg","width":1500,"height":1500},{"@type":"BreadcrumbList","@id":"https:\/\/espak.ee\/epood\/toode\/tualettpaber-zewa-everyday-3-kihiline-6rl-pk\/#breadcrumb","itemListElement":[{"@type":"ListItem","position":1,"name":"Home","item":"https:\/\/espak.ee\/epood\/"},{"@type":"ListItem","position":2,"name":"Tootevalik","item":"https:\/\/espak.ee\/epood\/tootevalik\/"},{"@type":"ListItem","position":3,"name":"TUALETTPABER ZEWA EVERYDAY 3-KIHILINE 6RL\/PK"}]},{"@type":"WebSite","@id":"https:\/\/espak.ee\/epood\/#website","url":"https:\/\/espak.ee\/epood\/","name":"Espak E-pood","description":"","potentialAction":[{"@type":"SearchAction","target":{"@type":"EntryPoint","urlTemplate":"https:\/\/espak.ee\/epood\/?s={search_term_string}"},"query-input":{"@type":"PropertyValueSpecification","valueRequired":true,"valueName":"search_term_string"}}],"inLanguage":"et"}]}},"_links":{"self":[{"href":"https:\/\/espak.ee\/epood\/wp-json\/wp\/v2\/product\/261595","targetHints":{"allow":["GET"]}}],"collection":[{"href":"https:\/\/espak.ee\/epood\/wp-json\/wp\/v2\/product"}],"about":[{"href":"https:\/\/espak.ee\/epood\/wp-json\/wp\/v2\/types\/product"}],"replies":[{"embeddable":true,"href":"https:\/\/espak.ee\/epood\/wp-json\/wp\/v2\/comments?post=261595"}],"wp:featuredmedia":[{"embeddable":true,"href":"https:\/\/espak.ee\/epood\/wp-json\/wp\/v2\/media\/261626"}],"wp:attachment":[{"href":"https:\/\/espak.ee\/epood\/wp-json\/wp\/v2\/media?parent=261595"}],"wp:term":[{"taxonomy":"product_brand","embeddable":true,"href":"https:\/\/espak.ee\/epood\/wp-json\/wp\/v2\/product_brand?post=261595"},{"taxonomy":"product_cat","embeddable":true,"href":"https:\/\/espak.ee\/epood\/wp-json\/wp\/v2\/product_cat?post=261595"},{"taxonomy":"product_tag","embeddable":true,"href":"https:\/\/espak.ee\/epood\/wp-json\/wp\/v2\/product_tag?post=261595"}],"curies":[{"name":"wp","href":"https:\/\/api.w.org\/{rel}","templated":true}]}}