{"id":261574,"date":"2026-01-20T05:05:43","date_gmt":"2026-01-20T03:05:43","guid":{"rendered":"https:\/\/espak.ee\/epood\/?post_type=product&#038;p=261574"},"modified":"2026-01-21T11:00:57","modified_gmt":"2026-01-21T09:00:57","slug":"ohuvarskendaja-air-wick-fresh-taide-jasmine-bouquet-228ml","status":"publish","type":"product","link":"https:\/\/espak.ee\/epood\/toode\/ohuvarskendaja-air-wick-fresh-taide-jasmine-bouquet-228ml\/","title":{"rendered":"\u00d5HUV\u00c4RSKENDAJA AIR WICK FRESH T\u00c4IDE JASMINE BOUQUET 228ML"},"content":{"rendered":"<div class=\"row\"  id=\"row-1101375224\">\n\n\t<div id=\"col-368706190\" class=\"col medium-9 small-12 large-9\"  >\n\t\t\t\t<div class=\"col-inner\"  >\n\t\t\t\n\t\t\t\n<h3>\u00d5huv\u00e4rskendaja AIR WICK Active Fresh Jasmine Bouquet t\u00e4ide 228ml<\/h3>\n<p>Mitteaerosoolne t\u00e4itemahuti. Eeterlike \u00f5lidega. Kuni 70 p\u00e4evaks*. Ei sisalda ftalaate, propellante ega v\u00e4rvaineid. Mahuti on valmistatud 50% ulatuses ringlussev\u00f5etud plastist. Ringlussev\u00f5etav mahuti. Pumpa ei saa \u00fcmbert\u00f6\u00f6delda.\n<\/p>\n<p><strong>Koostisosad:<\/strong><br \/>\nKoostisosade teave: www.rbeuroinfo.com. Lisateave meie koostisosade kohta: suurep\u00e4rane l\u00f5hn: rikastatud looduslike eeterlike \u00f5lidega; ei sisalda: ftalaadid, propellandid ja v\u00e4rvained; mida sisaldab ja milleks: vesi, etanool ja vahutamisvastane aine \u2013 l\u00f5hnakandjad. <\/p>\n<p><strong>Kasutusjuhend:<\/strong><br \/>\nHOIATUS: ENNE KASUTAMIST LUGEDA HOOLIKALT L\u00c4BI OHUTUS- JA HOIATUSTEKST. Enne t\u00e4itemahuti sisestamist kontrollige, et seadme l\u00fcliti oleks asendis OFF. Enne sissel\u00fclitamist suunake seade n\u00e4ost eemale. Seade pihustab automaatselt 15 sekundi p\u00e4rast. J\u00e4rgige hoolikalt seadmega kaasasolevaid kasutusjuhiseid.<\/p>\n<p><strong>Ohutus:<\/strong><br \/>\nHoiatus. Tuleohtlik vedelik ja aur. Hoida lastele k\u00e4ttesaamatus kohas. Arsti poole p\u00f6\u00f6rdudes v\u00f5tta kaasa toote pakend v\u00f5i etikett. Hoida eemal soojusallikast, kuumadest pindadest, s\u00e4demetest, leekidest ja muudest s\u00fc\u00fcteallikatest. Mitte suitsetada. Mitte pihustada leekidesse v\u00f5i muusse s\u00fc\u00fcteallikasse. Hoida p\u00e4ikesevalguse eest. Mitte hoida temperatuuril \u00fcle 50 \u00b0C. SILMA SATTUMISE KORRAL: loputada mitme minuti jooksul ettevaatlikult veega. Eemaldada kontaktl\u00e4\u00e4tsed, kui neid kasutatakse ja kui neid on kerge eemaldada. Loputada veel kord. Sisaldab: tetrah\u00fcdrolinalool, delta-damaskoon. V\u00f5ib esile kutsuda allergilise reaktsiooni. L\u00f5hnade suhtes \u00fclitundlikud inimesed peavad olema selle toote kasutamisel ettevaatlikud. \u00d5huv\u00e4skendid ei asenda h\u00e4id h\u00fcgieeniharjumusi.\n<\/p>\n\t\t<\/div>\n\t\t\t\t\t<\/div>\n\n\t\n\n\t<div id=\"col-1397140294\" class=\"col medium-3 small-12 large-3\"  >\n\t\t\t\t<div class=\"col-inner\"  >\n\t\t\t\n\t\t\t\n\t<div id=\"gap-1223365344\" class=\"gap-element clearfix\" style=\"display:block; height:auto;\">\n\t\t\n<style>\n#gap-1223365344 {\n  padding-top: 30px;\n}\n<\/style>\n\t<\/div>\n\t\n<p><strong>\u00dcksikasjalikuma n\u00f5u saamiseks v\u00f5tke \u00fchendust:<br \/><\/strong>EUGESTA EESTI O\u00dc<br \/>Rukki tee 5<br \/>Lehmja k\u00fcla, Rae vald<br \/>75306<br \/>Harjumaa<br \/>+372 682 7782<\/p>\n\t\t<\/div>\n\t\t\t\t\t<\/div>\n\n\t\n<\/div>\n","protected":false},"excerpt":{"rendered":"","protected":false},"featured_media":261811,"comment_status":"closed","ping_status":"closed","template":"","meta":[],"product_brand":[],"product_cat":[2788,4216,4217,4227],"product_tag":[],"class_list":{"0":"post-261574","1":"product","2":"type-product","3":"status-publish","4":"has-post-thumbnail","6":"product_cat-aiatarbed-ja-kodukaubad","7":"product_cat-kodukeemia","8":"product_cat-kodukeemia-kodukeemia","9":"product_cat-ohuvarskendajad","10":"pa_kaubamark-eugesta-eesti-as","12":"first","13":"instock","14":"sale","15":"taxable","16":"shipping-taxable","17":"purchasable","18":"product-type-simple"},"yoast_head":"<!-- This site is optimized with the Yoast SEO plugin v26.9 - https:\/\/yoast.com\/product\/yoast-seo-wordpress\/ -->\n<title>\u00d5HUV\u00c4RSKENDAJA AIR WICK FRESH T\u00c4IDE JASMINE BOUQUET 228ML - Espak E-pood<\/title>\n<meta name=\"robots\" content=\"index, follow, max-snippet:-1, max-image-preview:large, max-video-preview:-1\" \/>\n<link rel=\"canonical\" href=\"https:\/\/espak.ee\/epood\/toode\/ohuvarskendaja-air-wick-fresh-taide-jasmine-bouquet-228ml\/\" \/>\n<meta property=\"og:locale\" content=\"et_EE\" \/>\n<meta property=\"og:type\" content=\"article\" \/>\n<meta property=\"og:title\" content=\"\u00d5HUV\u00c4RSKENDAJA AIR WICK FRESH T\u00c4IDE JASMINE BOUQUET 228ML - Espak E-pood\" \/>\n<meta property=\"og:url\" content=\"https:\/\/espak.ee\/epood\/toode\/ohuvarskendaja-air-wick-fresh-taide-jasmine-bouquet-228ml\/\" \/>\n<meta property=\"og:site_name\" content=\"Espak E-pood\" \/>\n<meta property=\"article:modified_time\" content=\"2026-01-21T09:00:57+00:00\" \/>\n<meta property=\"og:image\" content=\"https:\/\/espak.ee\/epood\/wp-content\/uploads\/2026\/01\/0172267_air-wick-active-fresh-jasmine-bouquet-taide-228-ml.jpg\" \/>\n\t<meta property=\"og:image:width\" content=\"1000\" \/>\n\t<meta property=\"og:image:height\" content=\"1000\" \/>\n\t<meta property=\"og:image:type\" content=\"image\/jpeg\" \/>\n<meta name=\"twitter:card\" content=\"summary_large_image\" \/>\n<meta name=\"twitter:label1\" content=\"Est. reading time\" \/>\n\t<meta name=\"twitter:data1\" content=\"1 minut\" \/>\n<script type=\"application\/ld+json\" class=\"yoast-schema-graph\">{\"@context\":\"https:\/\/schema.org\",\"@graph\":[{\"@type\":\"WebPage\",\"@id\":\"https:\/\/espak.ee\/epood\/toode\/ohuvarskendaja-air-wick-fresh-taide-jasmine-bouquet-228ml\/\",\"url\":\"https:\/\/espak.ee\/epood\/toode\/ohuvarskendaja-air-wick-fresh-taide-jasmine-bouquet-228ml\/\",\"name\":\"\u00d5HUV\u00c4RSKENDAJA AIR WICK FRESH T\u00c4IDE JASMINE BOUQUET 228ML - Espak E-pood\",\"isPartOf\":{\"@id\":\"https:\/\/espak.ee\/epood\/#website\"},\"primaryImageOfPage\":{\"@id\":\"https:\/\/espak.ee\/epood\/toode\/ohuvarskendaja-air-wick-fresh-taide-jasmine-bouquet-228ml\/#primaryimage\"},\"image\":{\"@id\":\"https:\/\/espak.ee\/epood\/toode\/ohuvarskendaja-air-wick-fresh-taide-jasmine-bouquet-228ml\/#primaryimage\"},\"thumbnailUrl\":\"https:\/\/espak.ee\/epood\/wp-content\/uploads\/2026\/01\/0172267_air-wick-active-fresh-jasmine-bouquet-taide-228-ml.jpg\",\"datePublished\":\"2026-01-20T03:05:43+00:00\",\"dateModified\":\"2026-01-21T09:00:57+00:00\",\"breadcrumb\":{\"@id\":\"https:\/\/espak.ee\/epood\/toode\/ohuvarskendaja-air-wick-fresh-taide-jasmine-bouquet-228ml\/#breadcrumb\"},\"inLanguage\":\"et\",\"potentialAction\":[{\"@type\":\"ReadAction\",\"target\":[\"https:\/\/espak.ee\/epood\/toode\/ohuvarskendaja-air-wick-fresh-taide-jasmine-bouquet-228ml\/\"]}]},{\"@type\":\"ImageObject\",\"inLanguage\":\"et\",\"@id\":\"https:\/\/espak.ee\/epood\/toode\/ohuvarskendaja-air-wick-fresh-taide-jasmine-bouquet-228ml\/#primaryimage\",\"url\":\"https:\/\/espak.ee\/epood\/wp-content\/uploads\/2026\/01\/0172267_air-wick-active-fresh-jasmine-bouquet-taide-228-ml.jpg\",\"contentUrl\":\"https:\/\/espak.ee\/epood\/wp-content\/uploads\/2026\/01\/0172267_air-wick-active-fresh-jasmine-bouquet-taide-228-ml.jpg\",\"width\":1000,\"height\":1000},{\"@type\":\"BreadcrumbList\",\"@id\":\"https:\/\/espak.ee\/epood\/toode\/ohuvarskendaja-air-wick-fresh-taide-jasmine-bouquet-228ml\/#breadcrumb\",\"itemListElement\":[{\"@type\":\"ListItem\",\"position\":1,\"name\":\"Home\",\"item\":\"https:\/\/espak.ee\/epood\/\"},{\"@type\":\"ListItem\",\"position\":2,\"name\":\"Tootevalik\",\"item\":\"https:\/\/espak.ee\/epood\/tootevalik\/\"},{\"@type\":\"ListItem\",\"position\":3,\"name\":\"\u00d5HUV\u00c4RSKENDAJA AIR WICK FRESH T\u00c4IDE JASMINE BOUQUET 228ML\"}]},{\"@type\":\"WebSite\",\"@id\":\"https:\/\/espak.ee\/epood\/#website\",\"url\":\"https:\/\/espak.ee\/epood\/\",\"name\":\"Espak E-pood\",\"description\":\"\",\"potentialAction\":[{\"@type\":\"SearchAction\",\"target\":{\"@type\":\"EntryPoint\",\"urlTemplate\":\"https:\/\/espak.ee\/epood\/?s={search_term_string}\"},\"query-input\":{\"@type\":\"PropertyValueSpecification\",\"valueRequired\":true,\"valueName\":\"search_term_string\"}}],\"inLanguage\":\"et\"}]}<\/script>\n<!-- \/ Yoast SEO plugin. -->","yoast_head_json":{"title":"\u00d5HUV\u00c4RSKENDAJA AIR WICK FRESH T\u00c4IDE JASMINE BOUQUET 228ML - Espak E-pood","robots":{"index":"index","follow":"follow","max-snippet":"max-snippet:-1","max-image-preview":"max-image-preview:large","max-video-preview":"max-video-preview:-1"},"canonical":"https:\/\/espak.ee\/epood\/toode\/ohuvarskendaja-air-wick-fresh-taide-jasmine-bouquet-228ml\/","og_locale":"et_EE","og_type":"article","og_title":"\u00d5HUV\u00c4RSKENDAJA AIR WICK FRESH T\u00c4IDE JASMINE BOUQUET 228ML - Espak E-pood","og_url":"https:\/\/espak.ee\/epood\/toode\/ohuvarskendaja-air-wick-fresh-taide-jasmine-bouquet-228ml\/","og_site_name":"Espak E-pood","article_modified_time":"2026-01-21T09:00:57+00:00","og_image":[{"width":1000,"height":1000,"url":"https:\/\/espak.ee\/epood\/wp-content\/uploads\/2026\/01\/0172267_air-wick-active-fresh-jasmine-bouquet-taide-228-ml.jpg","type":"image\/jpeg"}],"twitter_card":"summary_large_image","twitter_misc":{"Est. reading time":"1 minut"},"schema":{"@context":"https:\/\/schema.org","@graph":[{"@type":"WebPage","@id":"https:\/\/espak.ee\/epood\/toode\/ohuvarskendaja-air-wick-fresh-taide-jasmine-bouquet-228ml\/","url":"https:\/\/espak.ee\/epood\/toode\/ohuvarskendaja-air-wick-fresh-taide-jasmine-bouquet-228ml\/","name":"\u00d5HUV\u00c4RSKENDAJA AIR WICK FRESH T\u00c4IDE JASMINE BOUQUET 228ML - Espak E-pood","isPartOf":{"@id":"https:\/\/espak.ee\/epood\/#website"},"primaryImageOfPage":{"@id":"https:\/\/espak.ee\/epood\/toode\/ohuvarskendaja-air-wick-fresh-taide-jasmine-bouquet-228ml\/#primaryimage"},"image":{"@id":"https:\/\/espak.ee\/epood\/toode\/ohuvarskendaja-air-wick-fresh-taide-jasmine-bouquet-228ml\/#primaryimage"},"thumbnailUrl":"https:\/\/espak.ee\/epood\/wp-content\/uploads\/2026\/01\/0172267_air-wick-active-fresh-jasmine-bouquet-taide-228-ml.jpg","datePublished":"2026-01-20T03:05:43+00:00","dateModified":"2026-01-21T09:00:57+00:00","breadcrumb":{"@id":"https:\/\/espak.ee\/epood\/toode\/ohuvarskendaja-air-wick-fresh-taide-jasmine-bouquet-228ml\/#breadcrumb"},"inLanguage":"et","potentialAction":[{"@type":"ReadAction","target":["https:\/\/espak.ee\/epood\/toode\/ohuvarskendaja-air-wick-fresh-taide-jasmine-bouquet-228ml\/"]}]},{"@type":"ImageObject","inLanguage":"et","@id":"https:\/\/espak.ee\/epood\/toode\/ohuvarskendaja-air-wick-fresh-taide-jasmine-bouquet-228ml\/#primaryimage","url":"https:\/\/espak.ee\/epood\/wp-content\/uploads\/2026\/01\/0172267_air-wick-active-fresh-jasmine-bouquet-taide-228-ml.jpg","contentUrl":"https:\/\/espak.ee\/epood\/wp-content\/uploads\/2026\/01\/0172267_air-wick-active-fresh-jasmine-bouquet-taide-228-ml.jpg","width":1000,"height":1000},{"@type":"BreadcrumbList","@id":"https:\/\/espak.ee\/epood\/toode\/ohuvarskendaja-air-wick-fresh-taide-jasmine-bouquet-228ml\/#breadcrumb","itemListElement":[{"@type":"ListItem","position":1,"name":"Home","item":"https:\/\/espak.ee\/epood\/"},{"@type":"ListItem","position":2,"name":"Tootevalik","item":"https:\/\/espak.ee\/epood\/tootevalik\/"},{"@type":"ListItem","position":3,"name":"\u00d5HUV\u00c4RSKENDAJA AIR WICK FRESH T\u00c4IDE JASMINE BOUQUET 228ML"}]},{"@type":"WebSite","@id":"https:\/\/espak.ee\/epood\/#website","url":"https:\/\/espak.ee\/epood\/","name":"Espak E-pood","description":"","potentialAction":[{"@type":"SearchAction","target":{"@type":"EntryPoint","urlTemplate":"https:\/\/espak.ee\/epood\/?s={search_term_string}"},"query-input":{"@type":"PropertyValueSpecification","valueRequired":true,"valueName":"search_term_string"}}],"inLanguage":"et"}]}},"_links":{"self":[{"href":"https:\/\/espak.ee\/epood\/wp-json\/wp\/v2\/product\/261574","targetHints":{"allow":["GET"]}}],"collection":[{"href":"https:\/\/espak.ee\/epood\/wp-json\/wp\/v2\/product"}],"about":[{"href":"https:\/\/espak.ee\/epood\/wp-json\/wp\/v2\/types\/product"}],"replies":[{"embeddable":true,"href":"https:\/\/espak.ee\/epood\/wp-json\/wp\/v2\/comments?post=261574"}],"wp:featuredmedia":[{"embeddable":true,"href":"https:\/\/espak.ee\/epood\/wp-json\/wp\/v2\/media\/261811"}],"wp:attachment":[{"href":"https:\/\/espak.ee\/epood\/wp-json\/wp\/v2\/media?parent=261574"}],"wp:term":[{"taxonomy":"product_brand","embeddable":true,"href":"https:\/\/espak.ee\/epood\/wp-json\/wp\/v2\/product_brand?post=261574"},{"taxonomy":"product_cat","embeddable":true,"href":"https:\/\/espak.ee\/epood\/wp-json\/wp\/v2\/product_cat?post=261574"},{"taxonomy":"product_tag","embeddable":true,"href":"https:\/\/espak.ee\/epood\/wp-json\/wp\/v2\/product_tag?post=261574"}],"curies":[{"name":"wp","href":"https:\/\/api.w.org\/{rel}","templated":true}]}}