{"id":261562,"date":"2026-01-20T05:05:02","date_gmt":"2026-01-20T03:05:02","guid":{"rendered":"https:\/\/espak.ee\/epood\/?post_type=product&#038;p=261562"},"modified":"2026-01-21T11:16:43","modified_gmt":"2026-01-21T09:16:43","slug":"ohuvarskendaja-air-wick-spray-caribbean-sandalwood-236ml","status":"publish","type":"product","link":"https:\/\/espak.ee\/epood\/toode\/ohuvarskendaja-air-wick-spray-caribbean-sandalwood-236ml\/","title":{"rendered":"\u00d5HUV\u00c4RSKENDAJA AIR WICK SPRAY CARIBBEAN SANDALWOOD 236ML"},"content":{"rendered":"<div class=\"row\"  id=\"row-1254107135\">\n\n\t<div id=\"col-1919159350\" class=\"col medium-9 small-12 large-9\"  >\n\t\t\t\t<div class=\"col-inner\"  >\n\t\t\t\n\t\t\t\n<h3>\u00d5huv\u00e4rskendaja AIR WICK Botanica Spray Caribbean Sandalwood 236ml<\/h3>\n<p>AIR WICK Botanica ruumisprei Kariibi Vetiver &#038; Sandlipuu Mitteaerosoolne. Looduslike eeterlike \u00f5lidega koostis. Pudel on valmistatud 99% taaskasutatud plastist. P\u00e4\u00e4stik on valmistatud 35% taaskasutatud plastist. Tootel ei ole tehtud loomkatseid. Sisaldab vaid vajalikke koostisosi: suurep\u00e4rane l\u00f5hn looduslike eeterlike \u00f5lidega. Ei sisalda ftalaate, atsetooni, v\u00e4rvaineid ega propellanti.\n<\/p>\n<p><strong>Koostisosad:<\/strong><br \/>\nKoostisosade teave: www.rbeuroinfo.com.<\/p>\n<p><strong>Kasutusjuhend:<\/strong><br \/>\nKasutamine: 1. P\u00e4\u00e4stiku vabastamiseks eemaldage kaitsekork. 2. Suunake pihusti n\u00e4ost eemale ja vajutage p\u00e4\u00e4stikule v\u00e4hemalt kolm korda. 3. Hoidke p\u00fcsti asendis ja vajutage p\u00e4\u00e4stikut iga kord, kui pihustate. 4. Hoida jahedas kohas, eemal otsesest p\u00e4ikesevalgusest. Kasutada ainult vastavalt juhendile. Kasutada h\u00e4sti ventileeritatavas alas. Mitte pihustada otse pindadele. Mitte pihustatada lemmikloomadele, lemmikloomade asematele v\u00f5i majadele. Mitte pihustada otse toidule v\u00f5i kangale. Libe k\u00f5val pinnal. M\u00f5ned k\u00f5vad pinnad v\u00f5ivad pihustamisel muutuda niiskeks. Pindadega kokkupuutumisel p\u00fchkige kohe niiske lapiga. M\u00c4RKUS: TOODE SISALDAB V\u00c4IKESI OSI, MIS V\u00d5IVAD P\u00d5HJUSTADA L\u00c4MBUMISOHTU.<\/p>\n<p><strong>Ohutus:<\/strong><br \/>\nHoida lastele k\u00e4ttesaamatus kohas. Arsti poole p\u00f6\u00f6rdudes v\u00f5tta kaasa toote pakend v\u00f5i etikett. L\u00f5hnade suhtes \u00fclitundlikud inimesed peavad olema selle toote kasutamisel ettevaatlikud. \u014chuv\u00e4rskendid ei asenda h\u00e4id h\u00fcgieeniharjumusi.\n<\/p>\n\t\t<\/div>\n\t\t\t\t\t<\/div>\n\n\t\n\n\t<div id=\"col-1770118774\" class=\"col medium-3 small-12 large-3\"  >\n\t\t\t\t<div class=\"col-inner\"  >\n\t\t\t\n\t\t\t\n\t<div id=\"gap-1711240873\" class=\"gap-element clearfix\" style=\"display:block; height:auto;\">\n\t\t\n<style>\n#gap-1711240873 {\n  padding-top: 30px;\n}\n<\/style>\n\t<\/div>\n\t\n<p><strong>\u00dcksikasjalikuma n\u00f5u saamiseks v\u00f5tke \u00fchendust:<br \/><\/strong>EUGESTA EESTI O\u00dc<br \/>Rukki tee 5<br \/>Lehmja k\u00fcla, Rae vald<br \/>75306<br \/>Harjumaa<br \/>+372 682 7782<\/p>\n\t\t<\/div>\n\t\t\t\t\t<\/div>\n\n\t\n<\/div>\n","protected":false},"excerpt":{"rendered":"","protected":false},"featured_media":261823,"comment_status":"closed","ping_status":"closed","template":"","meta":[],"product_brand":[],"product_cat":[2788,4216,4217,4227],"product_tag":[],"class_list":{"0":"post-261562","1":"product","2":"type-product","3":"status-publish","4":"has-post-thumbnail","6":"product_cat-aiatarbed-ja-kodukaubad","7":"product_cat-kodukeemia","8":"product_cat-kodukeemia-kodukeemia","9":"product_cat-ohuvarskendajad","10":"pa_kaubamark-eugesta-eesti-as","12":"first","13":"instock","14":"sale","15":"taxable","16":"shipping-taxable","17":"purchasable","18":"product-type-simple"},"yoast_head":"<!-- This site is optimized with the Yoast SEO plugin v26.9 - https:\/\/yoast.com\/product\/yoast-seo-wordpress\/ -->\n<title>\u00d5HUV\u00c4RSKENDAJA AIR WICK SPRAY CARIBBEAN SANDALWOOD 236ML - Espak E-pood<\/title>\n<meta name=\"robots\" content=\"index, follow, max-snippet:-1, max-image-preview:large, max-video-preview:-1\" \/>\n<link rel=\"canonical\" href=\"https:\/\/espak.ee\/epood\/toode\/ohuvarskendaja-air-wick-spray-caribbean-sandalwood-236ml\/\" \/>\n<meta property=\"og:locale\" content=\"et_EE\" \/>\n<meta property=\"og:type\" content=\"article\" \/>\n<meta property=\"og:title\" content=\"\u00d5HUV\u00c4RSKENDAJA AIR WICK SPRAY CARIBBEAN SANDALWOOD 236ML - Espak E-pood\" \/>\n<meta property=\"og:url\" content=\"https:\/\/espak.ee\/epood\/toode\/ohuvarskendaja-air-wick-spray-caribbean-sandalwood-236ml\/\" \/>\n<meta property=\"og:site_name\" content=\"Espak E-pood\" \/>\n<meta property=\"article:modified_time\" content=\"2026-01-21T09:16:43+00:00\" \/>\n<meta property=\"og:image\" content=\"https:\/\/espak.ee\/epood\/wp-content\/uploads\/2026\/01\/0172230_air-wick-botanica-spray-caribbean-sandalwood-236-ml.jpeg\" \/>\n\t<meta property=\"og:image:width\" content=\"1000\" \/>\n\t<meta property=\"og:image:height\" content=\"1000\" \/>\n\t<meta property=\"og:image:type\" content=\"image\/jpeg\" \/>\n<meta name=\"twitter:card\" content=\"summary_large_image\" \/>\n<meta name=\"twitter:label1\" content=\"Est. reading time\" \/>\n\t<meta name=\"twitter:data1\" content=\"1 minut\" \/>\n<script type=\"application\/ld+json\" class=\"yoast-schema-graph\">{\"@context\":\"https:\/\/schema.org\",\"@graph\":[{\"@type\":\"WebPage\",\"@id\":\"https:\/\/espak.ee\/epood\/toode\/ohuvarskendaja-air-wick-spray-caribbean-sandalwood-236ml\/\",\"url\":\"https:\/\/espak.ee\/epood\/toode\/ohuvarskendaja-air-wick-spray-caribbean-sandalwood-236ml\/\",\"name\":\"\u00d5HUV\u00c4RSKENDAJA AIR WICK SPRAY CARIBBEAN SANDALWOOD 236ML - Espak E-pood\",\"isPartOf\":{\"@id\":\"https:\/\/espak.ee\/epood\/#website\"},\"primaryImageOfPage\":{\"@id\":\"https:\/\/espak.ee\/epood\/toode\/ohuvarskendaja-air-wick-spray-caribbean-sandalwood-236ml\/#primaryimage\"},\"image\":{\"@id\":\"https:\/\/espak.ee\/epood\/toode\/ohuvarskendaja-air-wick-spray-caribbean-sandalwood-236ml\/#primaryimage\"},\"thumbnailUrl\":\"https:\/\/espak.ee\/epood\/wp-content\/uploads\/2026\/01\/0172230_air-wick-botanica-spray-caribbean-sandalwood-236-ml.jpeg\",\"datePublished\":\"2026-01-20T03:05:02+00:00\",\"dateModified\":\"2026-01-21T09:16:43+00:00\",\"breadcrumb\":{\"@id\":\"https:\/\/espak.ee\/epood\/toode\/ohuvarskendaja-air-wick-spray-caribbean-sandalwood-236ml\/#breadcrumb\"},\"inLanguage\":\"et\",\"potentialAction\":[{\"@type\":\"ReadAction\",\"target\":[\"https:\/\/espak.ee\/epood\/toode\/ohuvarskendaja-air-wick-spray-caribbean-sandalwood-236ml\/\"]}]},{\"@type\":\"ImageObject\",\"inLanguage\":\"et\",\"@id\":\"https:\/\/espak.ee\/epood\/toode\/ohuvarskendaja-air-wick-spray-caribbean-sandalwood-236ml\/#primaryimage\",\"url\":\"https:\/\/espak.ee\/epood\/wp-content\/uploads\/2026\/01\/0172230_air-wick-botanica-spray-caribbean-sandalwood-236-ml.jpeg\",\"contentUrl\":\"https:\/\/espak.ee\/epood\/wp-content\/uploads\/2026\/01\/0172230_air-wick-botanica-spray-caribbean-sandalwood-236-ml.jpeg\",\"width\":1000,\"height\":1000},{\"@type\":\"BreadcrumbList\",\"@id\":\"https:\/\/espak.ee\/epood\/toode\/ohuvarskendaja-air-wick-spray-caribbean-sandalwood-236ml\/#breadcrumb\",\"itemListElement\":[{\"@type\":\"ListItem\",\"position\":1,\"name\":\"Home\",\"item\":\"https:\/\/espak.ee\/epood\/\"},{\"@type\":\"ListItem\",\"position\":2,\"name\":\"Tootevalik\",\"item\":\"https:\/\/espak.ee\/epood\/tootevalik\/\"},{\"@type\":\"ListItem\",\"position\":3,\"name\":\"\u00d5HUV\u00c4RSKENDAJA AIR WICK SPRAY CARIBBEAN SANDALWOOD 236ML\"}]},{\"@type\":\"WebSite\",\"@id\":\"https:\/\/espak.ee\/epood\/#website\",\"url\":\"https:\/\/espak.ee\/epood\/\",\"name\":\"Espak E-pood\",\"description\":\"\",\"potentialAction\":[{\"@type\":\"SearchAction\",\"target\":{\"@type\":\"EntryPoint\",\"urlTemplate\":\"https:\/\/espak.ee\/epood\/?s={search_term_string}\"},\"query-input\":{\"@type\":\"PropertyValueSpecification\",\"valueRequired\":true,\"valueName\":\"search_term_string\"}}],\"inLanguage\":\"et\"}]}<\/script>\n<!-- \/ Yoast SEO plugin. -->","yoast_head_json":{"title":"\u00d5HUV\u00c4RSKENDAJA AIR WICK SPRAY CARIBBEAN SANDALWOOD 236ML - Espak E-pood","robots":{"index":"index","follow":"follow","max-snippet":"max-snippet:-1","max-image-preview":"max-image-preview:large","max-video-preview":"max-video-preview:-1"},"canonical":"https:\/\/espak.ee\/epood\/toode\/ohuvarskendaja-air-wick-spray-caribbean-sandalwood-236ml\/","og_locale":"et_EE","og_type":"article","og_title":"\u00d5HUV\u00c4RSKENDAJA AIR WICK SPRAY CARIBBEAN SANDALWOOD 236ML - Espak E-pood","og_url":"https:\/\/espak.ee\/epood\/toode\/ohuvarskendaja-air-wick-spray-caribbean-sandalwood-236ml\/","og_site_name":"Espak E-pood","article_modified_time":"2026-01-21T09:16:43+00:00","og_image":[{"width":1000,"height":1000,"url":"https:\/\/espak.ee\/epood\/wp-content\/uploads\/2026\/01\/0172230_air-wick-botanica-spray-caribbean-sandalwood-236-ml.jpeg","type":"image\/jpeg"}],"twitter_card":"summary_large_image","twitter_misc":{"Est. reading time":"1 minut"},"schema":{"@context":"https:\/\/schema.org","@graph":[{"@type":"WebPage","@id":"https:\/\/espak.ee\/epood\/toode\/ohuvarskendaja-air-wick-spray-caribbean-sandalwood-236ml\/","url":"https:\/\/espak.ee\/epood\/toode\/ohuvarskendaja-air-wick-spray-caribbean-sandalwood-236ml\/","name":"\u00d5HUV\u00c4RSKENDAJA AIR WICK SPRAY CARIBBEAN SANDALWOOD 236ML - Espak E-pood","isPartOf":{"@id":"https:\/\/espak.ee\/epood\/#website"},"primaryImageOfPage":{"@id":"https:\/\/espak.ee\/epood\/toode\/ohuvarskendaja-air-wick-spray-caribbean-sandalwood-236ml\/#primaryimage"},"image":{"@id":"https:\/\/espak.ee\/epood\/toode\/ohuvarskendaja-air-wick-spray-caribbean-sandalwood-236ml\/#primaryimage"},"thumbnailUrl":"https:\/\/espak.ee\/epood\/wp-content\/uploads\/2026\/01\/0172230_air-wick-botanica-spray-caribbean-sandalwood-236-ml.jpeg","datePublished":"2026-01-20T03:05:02+00:00","dateModified":"2026-01-21T09:16:43+00:00","breadcrumb":{"@id":"https:\/\/espak.ee\/epood\/toode\/ohuvarskendaja-air-wick-spray-caribbean-sandalwood-236ml\/#breadcrumb"},"inLanguage":"et","potentialAction":[{"@type":"ReadAction","target":["https:\/\/espak.ee\/epood\/toode\/ohuvarskendaja-air-wick-spray-caribbean-sandalwood-236ml\/"]}]},{"@type":"ImageObject","inLanguage":"et","@id":"https:\/\/espak.ee\/epood\/toode\/ohuvarskendaja-air-wick-spray-caribbean-sandalwood-236ml\/#primaryimage","url":"https:\/\/espak.ee\/epood\/wp-content\/uploads\/2026\/01\/0172230_air-wick-botanica-spray-caribbean-sandalwood-236-ml.jpeg","contentUrl":"https:\/\/espak.ee\/epood\/wp-content\/uploads\/2026\/01\/0172230_air-wick-botanica-spray-caribbean-sandalwood-236-ml.jpeg","width":1000,"height":1000},{"@type":"BreadcrumbList","@id":"https:\/\/espak.ee\/epood\/toode\/ohuvarskendaja-air-wick-spray-caribbean-sandalwood-236ml\/#breadcrumb","itemListElement":[{"@type":"ListItem","position":1,"name":"Home","item":"https:\/\/espak.ee\/epood\/"},{"@type":"ListItem","position":2,"name":"Tootevalik","item":"https:\/\/espak.ee\/epood\/tootevalik\/"},{"@type":"ListItem","position":3,"name":"\u00d5HUV\u00c4RSKENDAJA AIR WICK SPRAY CARIBBEAN SANDALWOOD 236ML"}]},{"@type":"WebSite","@id":"https:\/\/espak.ee\/epood\/#website","url":"https:\/\/espak.ee\/epood\/","name":"Espak E-pood","description":"","potentialAction":[{"@type":"SearchAction","target":{"@type":"EntryPoint","urlTemplate":"https:\/\/espak.ee\/epood\/?s={search_term_string}"},"query-input":{"@type":"PropertyValueSpecification","valueRequired":true,"valueName":"search_term_string"}}],"inLanguage":"et"}]}},"_links":{"self":[{"href":"https:\/\/espak.ee\/epood\/wp-json\/wp\/v2\/product\/261562","targetHints":{"allow":["GET"]}}],"collection":[{"href":"https:\/\/espak.ee\/epood\/wp-json\/wp\/v2\/product"}],"about":[{"href":"https:\/\/espak.ee\/epood\/wp-json\/wp\/v2\/types\/product"}],"replies":[{"embeddable":true,"href":"https:\/\/espak.ee\/epood\/wp-json\/wp\/v2\/comments?post=261562"}],"wp:featuredmedia":[{"embeddable":true,"href":"https:\/\/espak.ee\/epood\/wp-json\/wp\/v2\/media\/261823"}],"wp:attachment":[{"href":"https:\/\/espak.ee\/epood\/wp-json\/wp\/v2\/media?parent=261562"}],"wp:term":[{"taxonomy":"product_brand","embeddable":true,"href":"https:\/\/espak.ee\/epood\/wp-json\/wp\/v2\/product_brand?post=261562"},{"taxonomy":"product_cat","embeddable":true,"href":"https:\/\/espak.ee\/epood\/wp-json\/wp\/v2\/product_cat?post=261562"},{"taxonomy":"product_tag","embeddable":true,"href":"https:\/\/espak.ee\/epood\/wp-json\/wp\/v2\/product_tag?post=261562"}],"curies":[{"name":"wp","href":"https:\/\/api.w.org\/{rel}","templated":true}]}}