{"id":261556,"date":"2026-01-20T05:05:02","date_gmt":"2026-01-20T03:05:02","guid":{"rendered":"https:\/\/espak.ee\/epood\/?post_type=product&#038;p=261556"},"modified":"2026-01-21T11:19:05","modified_gmt":"2026-01-21T09:19:05","slug":"ohuvarskendaja-air-wick-freshmatic-pure-taide-spring-delight-250ml","status":"publish","type":"product","link":"https:\/\/espak.ee\/epood\/toode\/ohuvarskendaja-air-wick-freshmatic-pure-taide-spring-delight-250ml\/","title":{"rendered":"\u00d5HUV\u00c4RSKENDAJA AIR WICK  FRESHMATIC PURE T\u00c4IDE SPRING DELIGHT 250ML"},"content":{"rendered":"<div class=\"row\"  id=\"row-2073793299\">\n\n\t<div id=\"col-1401605873\" class=\"col medium-9 small-12 large-9\"  >\n\t\t\t\t<div class=\"col-inner\"  >\n\t\t\t\n\t\t\t\n<h3>\u00d5huv\u00e4rskendaja AIR WICK Freshmatic PURE t\u00e4ide Spring Delight 250ml<\/h3>\n<p>Air Wick Freshmatic PURE \u00f5huv\u00e4rskendi t\u00e4ide Spring Delight. Neutraliseerib ebameeldivad l\u00f5hnad. See ei sisalda vett, seega saate nautida aroomi \u00f5hus, mitte m\u00e4rgust p\u00f5randal.\n<\/p>\n<p><strong>Koostisosad:<\/strong><br \/>\nSisaldab 1-(1,2,3,4,5,6,7,8-oktah\u00fcdro-2,3,8,8-tetramet\u00fc\u00fcl-2-naftalen\u00fc\u00fcl)etanoon, p-t-but\u00fc\u00fcl-alfa-met\u00fc\u00fclh\u00fcdrokaneelaldeh\u00fc\u00fcd ja alfa-heks\u00fc\u00fclkaneelaldeh\u00fc\u00fcd. V\u00f5ib esile kutsuda allergilise reaktsiooni.<\/p>\n<p><strong>Kasutusjuhend:<\/strong><br \/>\nKasutamine. Enne l\u00f5hnat\u00e4ite sisestamist pange seade asendisse \u201eOFF\u201c. ALATI SUUNAKE SEADE N\u00c4OST EEMALE. L\u00fclitage sisse \u2013 seade pihustab 15 sekundi p\u00e4rast.<\/p>\n<p><strong>Ohutus:<\/strong><br \/>\nETTEVAATUST. Eriti tuleohtlik aerosool. Arsti poole p\u00f6\u00f6rdudes v\u00f5tta kaasa toote pakend v\u00f5i etikett. Hoida eemal soojusallikast, kuumadest pindadest, s\u00e4demetest, leekidest ja muudest s\u00fc\u00fcteallikatest. Mitte suitsetada. Mitte pihustada leekidesse v\u00f5i muusse s\u00fc\u00fcteallikasse. Mahuti on r\u00f5hu all: kuumutamisel v\u00f5ib l\u00f5hkeda. Hoida p\u00e4ikesevalguse eest. Mitte hoida temperatuuril \u00fcle 50 \u00b0C. Mitte purustada ega p\u00f5letada isegi p\u00e4rast kasutamist. SILMA SATTUMISE KORRAL: loputada mitme minuti jooksul ettevaatlikult veega. Eemaldada kontaktl\u00e4\u00e4tsed, kui neid kasutatakse ja kui neid on kerge eemaldada. Loputada veel kord. Kasutada ainult vastavalt juhendile. Sisaldab 1-(1,2,3,4,5,6,7,8-oktah\u00fcdro-2,3,8,8-tetramet\u00fc\u00fcl-2-naftalen\u00fc\u00fcl)etanoon, p-t-but\u00fc\u00fcl-alfa-met\u00fc\u00fclh\u00fcdrokaneelaldeh\u00fc\u00fcd ja alfa-heks\u00fc\u00fclkaneelaldeh\u00fc\u00fcd. V\u00f5ib esile kutsuda allergilise reaktsiooni. L\u00f5hnade suhtes tundlikud inimesed peavad olema selle toote kasutamisel ettevaatlikud. \u00d5huv\u00e4rskendid ei asenda h\u00e4id h\u00fcgieeniharjumusi. Kasutada h\u00e4stiventileeritavas kohas. Taast\u00f6\u00f6delda kui on t\u00fchi.\n<\/p>\n\t\t<\/div>\n\t\t\t\t\t<\/div>\n\n\t\n\n\t<div id=\"col-1726510461\" class=\"col medium-3 small-12 large-3\"  >\n\t\t\t\t<div class=\"col-inner\"  >\n\t\t\t\n\t\t\t\n\t<div id=\"gap-25401115\" class=\"gap-element clearfix\" style=\"display:block; height:auto;\">\n\t\t\n<style>\n#gap-25401115 {\n  padding-top: 30px;\n}\n<\/style>\n\t<\/div>\n\t\n<p><strong>\u00dcksikasjalikuma n\u00f5u saamiseks v\u00f5tke \u00fchendust:<br \/><\/strong>EUGESTA EESTI O\u00dc<br \/>Rukki tee 5<br \/>Lehmja k\u00fcla, Rae vald<br \/>75306<br \/>Harjumaa<br \/>+372 682 7782<\/p>\n\t\t<\/div>\n\t\t\t\t\t<\/div>\n\n\t\n<\/div>\n","protected":false},"excerpt":{"rendered":"","protected":false},"featured_media":261826,"comment_status":"closed","ping_status":"closed","template":"","meta":[],"product_brand":[],"product_cat":[2788,4217,4216,4227],"product_tag":[],"class_list":{"0":"post-261556","1":"product","2":"type-product","3":"status-publish","4":"has-post-thumbnail","6":"product_cat-aiatarbed-ja-kodukaubad","7":"product_cat-kodukeemia-kodukeemia","8":"product_cat-kodukeemia","9":"product_cat-ohuvarskendajad","10":"pa_kaubamark-eugesta-eesti-as","12":"first","13":"instock","14":"sale","15":"taxable","16":"shipping-taxable","17":"purchasable","18":"product-type-simple"},"yoast_head":"<!-- This site is optimized with the Yoast SEO plugin v26.9 - https:\/\/yoast.com\/product\/yoast-seo-wordpress\/ -->\n<title>\u00d5HUV\u00c4RSKENDAJA AIR WICK FRESHMATIC PURE T\u00c4IDE SPRING DELIGHT 250ML - Espak E-pood<\/title>\n<meta name=\"robots\" content=\"index, follow, max-snippet:-1, max-image-preview:large, max-video-preview:-1\" \/>\n<link rel=\"canonical\" href=\"https:\/\/espak.ee\/epood\/toode\/ohuvarskendaja-air-wick-freshmatic-pure-taide-spring-delight-250ml\/\" \/>\n<meta property=\"og:locale\" content=\"et_EE\" \/>\n<meta property=\"og:type\" content=\"article\" \/>\n<meta property=\"og:title\" content=\"\u00d5HUV\u00c4RSKENDAJA AIR WICK FRESHMATIC PURE T\u00c4IDE SPRING DELIGHT 250ML - Espak E-pood\" \/>\n<meta property=\"og:url\" content=\"https:\/\/espak.ee\/epood\/toode\/ohuvarskendaja-air-wick-freshmatic-pure-taide-spring-delight-250ml\/\" \/>\n<meta property=\"og:site_name\" content=\"Espak E-pood\" \/>\n<meta property=\"article:modified_time\" content=\"2026-01-21T09:19:05+00:00\" \/>\n<meta property=\"og:image\" content=\"https:\/\/espak.ee\/epood\/wp-content\/uploads\/2026\/01\/0172256_air-wick-freshmatic-pure-taide-spring-delight-250-ml.jpg\" \/>\n\t<meta property=\"og:image:width\" content=\"1000\" \/>\n\t<meta property=\"og:image:height\" content=\"1000\" \/>\n\t<meta property=\"og:image:type\" content=\"image\/jpeg\" \/>\n<meta name=\"twitter:card\" content=\"summary_large_image\" \/>\n<meta name=\"twitter:label1\" content=\"Est. reading time\" \/>\n\t<meta name=\"twitter:data1\" content=\"1 minut\" \/>\n<script type=\"application\/ld+json\" class=\"yoast-schema-graph\">{\"@context\":\"https:\/\/schema.org\",\"@graph\":[{\"@type\":\"WebPage\",\"@id\":\"https:\/\/espak.ee\/epood\/toode\/ohuvarskendaja-air-wick-freshmatic-pure-taide-spring-delight-250ml\/\",\"url\":\"https:\/\/espak.ee\/epood\/toode\/ohuvarskendaja-air-wick-freshmatic-pure-taide-spring-delight-250ml\/\",\"name\":\"\u00d5HUV\u00c4RSKENDAJA AIR WICK FRESHMATIC PURE T\u00c4IDE SPRING DELIGHT 250ML - Espak E-pood\",\"isPartOf\":{\"@id\":\"https:\/\/espak.ee\/epood\/#website\"},\"primaryImageOfPage\":{\"@id\":\"https:\/\/espak.ee\/epood\/toode\/ohuvarskendaja-air-wick-freshmatic-pure-taide-spring-delight-250ml\/#primaryimage\"},\"image\":{\"@id\":\"https:\/\/espak.ee\/epood\/toode\/ohuvarskendaja-air-wick-freshmatic-pure-taide-spring-delight-250ml\/#primaryimage\"},\"thumbnailUrl\":\"https:\/\/espak.ee\/epood\/wp-content\/uploads\/2026\/01\/0172256_air-wick-freshmatic-pure-taide-spring-delight-250-ml.jpg\",\"datePublished\":\"2026-01-20T03:05:02+00:00\",\"dateModified\":\"2026-01-21T09:19:05+00:00\",\"breadcrumb\":{\"@id\":\"https:\/\/espak.ee\/epood\/toode\/ohuvarskendaja-air-wick-freshmatic-pure-taide-spring-delight-250ml\/#breadcrumb\"},\"inLanguage\":\"et\",\"potentialAction\":[{\"@type\":\"ReadAction\",\"target\":[\"https:\/\/espak.ee\/epood\/toode\/ohuvarskendaja-air-wick-freshmatic-pure-taide-spring-delight-250ml\/\"]}]},{\"@type\":\"ImageObject\",\"inLanguage\":\"et\",\"@id\":\"https:\/\/espak.ee\/epood\/toode\/ohuvarskendaja-air-wick-freshmatic-pure-taide-spring-delight-250ml\/#primaryimage\",\"url\":\"https:\/\/espak.ee\/epood\/wp-content\/uploads\/2026\/01\/0172256_air-wick-freshmatic-pure-taide-spring-delight-250-ml.jpg\",\"contentUrl\":\"https:\/\/espak.ee\/epood\/wp-content\/uploads\/2026\/01\/0172256_air-wick-freshmatic-pure-taide-spring-delight-250-ml.jpg\",\"width\":1000,\"height\":1000},{\"@type\":\"BreadcrumbList\",\"@id\":\"https:\/\/espak.ee\/epood\/toode\/ohuvarskendaja-air-wick-freshmatic-pure-taide-spring-delight-250ml\/#breadcrumb\",\"itemListElement\":[{\"@type\":\"ListItem\",\"position\":1,\"name\":\"Home\",\"item\":\"https:\/\/espak.ee\/epood\/\"},{\"@type\":\"ListItem\",\"position\":2,\"name\":\"Tootevalik\",\"item\":\"https:\/\/espak.ee\/epood\/tootevalik\/\"},{\"@type\":\"ListItem\",\"position\":3,\"name\":\"\u00d5HUV\u00c4RSKENDAJA AIR WICK FRESHMATIC PURE T\u00c4IDE SPRING DELIGHT 250ML\"}]},{\"@type\":\"WebSite\",\"@id\":\"https:\/\/espak.ee\/epood\/#website\",\"url\":\"https:\/\/espak.ee\/epood\/\",\"name\":\"Espak E-pood\",\"description\":\"\",\"potentialAction\":[{\"@type\":\"SearchAction\",\"target\":{\"@type\":\"EntryPoint\",\"urlTemplate\":\"https:\/\/espak.ee\/epood\/?s={search_term_string}\"},\"query-input\":{\"@type\":\"PropertyValueSpecification\",\"valueRequired\":true,\"valueName\":\"search_term_string\"}}],\"inLanguage\":\"et\"}]}<\/script>\n<!-- \/ Yoast SEO plugin. -->","yoast_head_json":{"title":"\u00d5HUV\u00c4RSKENDAJA AIR WICK FRESHMATIC PURE T\u00c4IDE SPRING DELIGHT 250ML - Espak E-pood","robots":{"index":"index","follow":"follow","max-snippet":"max-snippet:-1","max-image-preview":"max-image-preview:large","max-video-preview":"max-video-preview:-1"},"canonical":"https:\/\/espak.ee\/epood\/toode\/ohuvarskendaja-air-wick-freshmatic-pure-taide-spring-delight-250ml\/","og_locale":"et_EE","og_type":"article","og_title":"\u00d5HUV\u00c4RSKENDAJA AIR WICK FRESHMATIC PURE T\u00c4IDE SPRING DELIGHT 250ML - Espak E-pood","og_url":"https:\/\/espak.ee\/epood\/toode\/ohuvarskendaja-air-wick-freshmatic-pure-taide-spring-delight-250ml\/","og_site_name":"Espak E-pood","article_modified_time":"2026-01-21T09:19:05+00:00","og_image":[{"width":1000,"height":1000,"url":"https:\/\/espak.ee\/epood\/wp-content\/uploads\/2026\/01\/0172256_air-wick-freshmatic-pure-taide-spring-delight-250-ml.jpg","type":"image\/jpeg"}],"twitter_card":"summary_large_image","twitter_misc":{"Est. reading time":"1 minut"},"schema":{"@context":"https:\/\/schema.org","@graph":[{"@type":"WebPage","@id":"https:\/\/espak.ee\/epood\/toode\/ohuvarskendaja-air-wick-freshmatic-pure-taide-spring-delight-250ml\/","url":"https:\/\/espak.ee\/epood\/toode\/ohuvarskendaja-air-wick-freshmatic-pure-taide-spring-delight-250ml\/","name":"\u00d5HUV\u00c4RSKENDAJA AIR WICK FRESHMATIC PURE T\u00c4IDE SPRING DELIGHT 250ML - Espak E-pood","isPartOf":{"@id":"https:\/\/espak.ee\/epood\/#website"},"primaryImageOfPage":{"@id":"https:\/\/espak.ee\/epood\/toode\/ohuvarskendaja-air-wick-freshmatic-pure-taide-spring-delight-250ml\/#primaryimage"},"image":{"@id":"https:\/\/espak.ee\/epood\/toode\/ohuvarskendaja-air-wick-freshmatic-pure-taide-spring-delight-250ml\/#primaryimage"},"thumbnailUrl":"https:\/\/espak.ee\/epood\/wp-content\/uploads\/2026\/01\/0172256_air-wick-freshmatic-pure-taide-spring-delight-250-ml.jpg","datePublished":"2026-01-20T03:05:02+00:00","dateModified":"2026-01-21T09:19:05+00:00","breadcrumb":{"@id":"https:\/\/espak.ee\/epood\/toode\/ohuvarskendaja-air-wick-freshmatic-pure-taide-spring-delight-250ml\/#breadcrumb"},"inLanguage":"et","potentialAction":[{"@type":"ReadAction","target":["https:\/\/espak.ee\/epood\/toode\/ohuvarskendaja-air-wick-freshmatic-pure-taide-spring-delight-250ml\/"]}]},{"@type":"ImageObject","inLanguage":"et","@id":"https:\/\/espak.ee\/epood\/toode\/ohuvarskendaja-air-wick-freshmatic-pure-taide-spring-delight-250ml\/#primaryimage","url":"https:\/\/espak.ee\/epood\/wp-content\/uploads\/2026\/01\/0172256_air-wick-freshmatic-pure-taide-spring-delight-250-ml.jpg","contentUrl":"https:\/\/espak.ee\/epood\/wp-content\/uploads\/2026\/01\/0172256_air-wick-freshmatic-pure-taide-spring-delight-250-ml.jpg","width":1000,"height":1000},{"@type":"BreadcrumbList","@id":"https:\/\/espak.ee\/epood\/toode\/ohuvarskendaja-air-wick-freshmatic-pure-taide-spring-delight-250ml\/#breadcrumb","itemListElement":[{"@type":"ListItem","position":1,"name":"Home","item":"https:\/\/espak.ee\/epood\/"},{"@type":"ListItem","position":2,"name":"Tootevalik","item":"https:\/\/espak.ee\/epood\/tootevalik\/"},{"@type":"ListItem","position":3,"name":"\u00d5HUV\u00c4RSKENDAJA AIR WICK FRESHMATIC PURE T\u00c4IDE SPRING DELIGHT 250ML"}]},{"@type":"WebSite","@id":"https:\/\/espak.ee\/epood\/#website","url":"https:\/\/espak.ee\/epood\/","name":"Espak E-pood","description":"","potentialAction":[{"@type":"SearchAction","target":{"@type":"EntryPoint","urlTemplate":"https:\/\/espak.ee\/epood\/?s={search_term_string}"},"query-input":{"@type":"PropertyValueSpecification","valueRequired":true,"valueName":"search_term_string"}}],"inLanguage":"et"}]}},"_links":{"self":[{"href":"https:\/\/espak.ee\/epood\/wp-json\/wp\/v2\/product\/261556","targetHints":{"allow":["GET"]}}],"collection":[{"href":"https:\/\/espak.ee\/epood\/wp-json\/wp\/v2\/product"}],"about":[{"href":"https:\/\/espak.ee\/epood\/wp-json\/wp\/v2\/types\/product"}],"replies":[{"embeddable":true,"href":"https:\/\/espak.ee\/epood\/wp-json\/wp\/v2\/comments?post=261556"}],"wp:featuredmedia":[{"embeddable":true,"href":"https:\/\/espak.ee\/epood\/wp-json\/wp\/v2\/media\/261826"}],"wp:attachment":[{"href":"https:\/\/espak.ee\/epood\/wp-json\/wp\/v2\/media?parent=261556"}],"wp:term":[{"taxonomy":"product_brand","embeddable":true,"href":"https:\/\/espak.ee\/epood\/wp-json\/wp\/v2\/product_brand?post=261556"},{"taxonomy":"product_cat","embeddable":true,"href":"https:\/\/espak.ee\/epood\/wp-json\/wp\/v2\/product_cat?post=261556"},{"taxonomy":"product_tag","embeddable":true,"href":"https:\/\/espak.ee\/epood\/wp-json\/wp\/v2\/product_tag?post=261556"}],"curies":[{"name":"wp","href":"https:\/\/api.w.org\/{rel}","templated":true}]}}