{"id":261282,"date":"2026-01-16T05:10:02","date_gmt":"2026-01-16T03:10:02","guid":{"rendered":"https:\/\/espak.ee\/epood\/?post_type=product&#038;p=261282"},"modified":"2026-01-16T10:20:01","modified_gmt":"2026-01-16T08:20:01","slug":"rohuloikur-stiga-bc-730-b","status":"publish","type":"product","link":"https:\/\/espak.ee\/epood\/toode\/rohuloikur-stiga-bc-730-b\/","title":{"rendered":"ROHUL\u00d5IKUR STIGA BC 730 B"},"content":{"rendered":"<div class=\"row\"  id=\"row-1857526356\">\n\n\t<div id=\"col-1144172449\" class=\"col medium-9 small-12 large-9\"  >\n\t\t\t\t<div class=\"col-inner\"  >\n\t\t\t\n\t\t\t\n<h3>Bensiinimootoriga rohul\u00f5ikur Stiga BC 730 B<\/h3>\n<p>Kvaliteetne ja kerge k\u00e4ivitusega Stiga bensiinimootoriga rohul\u00f5ikur BC 730B neile, kellel on raskemaid ja mahukamaid t\u00f6id kui lihtsalt muruservade p\u00fcgamine. Rohul\u00f5ikur BC 730B on kohandatud \u00fclekasvanud rohu, puitunud p\u00f5\u00f5saste ja muude v\u00e4hehooldatud alade puhastamiseks. L\u00f5ikur on kaalult kerge, kuid siiski tugeva konstruktsiooniga ning suurep\u00e4rase j\u00f5u ja kaalu tasakaaluga. J\u00f5uallikaks on 25,4 cm\u00b3 \u00f5hkjahutusega kahetaktiline vibratsioonivastase s\u00fcsteemiga bensiinimootor. Sirge, kerge, alumiiniumist v\u00f5ll, ergonoomilised, polsterdatud  k\u00e4epidemed ja rihm tagavad suurema t\u00f6\u00f6tamismugavuse ja ei koorma kasutajat pikematel t\u00f6\u00f6ts\u00fcklitel. Rohul\u00f5ikuri komplektis on kaks l\u00f5ikeseadet: kolme hambaga  3T tera tihedama taimestiku l\u00f5ikamiseks ja Bump&#038;Work trimmipea pehmema rohu trimmimiseks. Kui trimmij\u00f5hv on kulunud, piisab kergest l\u00f6\u00f6gist vastu maad ning j\u00f5hv v\u00e4ljub automaatselt \u00f5iges pikkuses.<\/p>\n<p>L\u00f5ikuriga t\u00f6\u00f6tamisel soovitame kindlasti kasutada pleksiklaasi v\u00f5i v\u00f5rguga n\u00e4omaski, libisemiskindlaid kaitsekindaid ja k\u00f5rvaklappe. T\u00f6\u00f6riided peaksid olema tugevast materjalist, et vastu keha lendav rohi, kivikesed vms ei vigastaks. Jalga soovitaks panna turvajalan\u00f5ud v\u00f5i kummikud.<\/p>\n<p>Soovitame k\u00f5iki t\u00f6\u00f6riistu regulaarselt hooldada. Rohul\u00f5ikuri reduktorit tuleb paar korda hooaja jooksul kontrollida ja vajadusel lisada m\u00e4\u00e4ret. Iga t\u00f6\u00f6korra j\u00e4rel tuleb l\u00f5ikur rohust ja tolmust puhastada. Rohuketas ei tohi olla k\u00f5ver, sest muidu tekib vibratsioon. Samuti tuleb j\u00e4lgida, et see oleks terav. Ketast saab ka ise teritada, kuid soovitatav oleks seda teha t\u00f6\u00f6kojas.<\/p>\n<p>Mootori parima j\u00f5udluse ja optimaalse m\u00e4\u00e4rimise tagamiseks soovitame kasutada A95 bensiini ja spetsiaalset Stiga \u00f5li.\n<\/p>\n\t\t<\/div>\n\t\t\t\t\t<\/div>\n\n\t\n\n\t<div id=\"col-1162242873\" class=\"col medium-3 small-12 large-3\"  >\n\t\t\t\t<div class=\"col-inner\"  >\n\t\t\t\n\t\t\t\n\t<div id=\"gap-446928094\" class=\"gap-element clearfix\" style=\"display:block; height:auto;\">\n\t\t\n<style>\n#gap-446928094 {\n  padding-top: 30px;\n}\n<\/style>\n\t<\/div>\n\t\n<div class=\"is-divider divider clearfix\" ><\/div>\n<p><strong>\u00dcksikasjalikuma n\u00f5u saamiseks v\u00f5tke \u00fchendust:<br \/><\/strong>LOODUS INVEST AS<br \/>Viljandi mnt. 18a<br \/>11216<br \/>Tallinn<br \/>+372 6722144<\/p>\n<div class=\"is-divider divider clearfix\" ><\/div>\n\t\t<\/div>\n\t\t\t\t\t<\/div>\n\n\t\n<\/div>\n","protected":false},"excerpt":{"rendered":"","protected":false},"featured_media":261367,"comment_status":"closed","ping_status":"closed","template":"","meta":[],"product_brand":[],"product_cat":[2789,2788,2790,3117],"product_tag":[],"class_list":{"0":"post-261282","1":"product","2":"type-product","3":"status-publish","4":"has-post-thumbnail","6":"product_cat-aiatarbed","7":"product_cat-aiatarbed-ja-kodukaubad","8":"product_cat-aiatehnika","9":"product_cat-murutrimmerid","10":"pa_kaubamark-loodus-invest-as","12":"first","13":"instock","14":"sale","15":"taxable","16":"shipping-taxable","17":"purchasable","18":"product-type-simple"},"yoast_head":"<!-- This site is optimized with the Yoast SEO plugin v26.9 - https:\/\/yoast.com\/product\/yoast-seo-wordpress\/ -->\n<title>ROHUL\u00d5IKUR STIGA BC 730 B - Espak E-pood<\/title>\n<meta name=\"robots\" content=\"index, follow, max-snippet:-1, max-image-preview:large, max-video-preview:-1\" \/>\n<link rel=\"canonical\" href=\"https:\/\/espak.ee\/epood\/toode\/rohuloikur-stiga-bc-730-b\/\" \/>\n<meta property=\"og:locale\" content=\"et_EE\" \/>\n<meta property=\"og:type\" content=\"article\" \/>\n<meta property=\"og:title\" content=\"ROHUL\u00d5IKUR STIGA BC 730 B - Espak E-pood\" \/>\n<meta property=\"og:url\" content=\"https:\/\/espak.ee\/epood\/toode\/rohuloikur-stiga-bc-730-b\/\" \/>\n<meta property=\"og:site_name\" content=\"Espak E-pood\" \/>\n<meta property=\"article:modified_time\" content=\"2026-01-16T08:20:01+00:00\" \/>\n<meta property=\"og:image\" content=\"https:\/\/espak.ee\/epood\/wp-content\/uploads\/2026\/01\/BC730B_283221008ST1_full02.jpg\" \/>\n\t<meta property=\"og:image:width\" content=\"1000\" \/>\n\t<meta property=\"og:image:height\" content=\"1000\" \/>\n\t<meta property=\"og:image:type\" content=\"image\/jpeg\" \/>\n<meta name=\"twitter:card\" content=\"summary_large_image\" \/>\n<meta name=\"twitter:label1\" content=\"Est. reading time\" \/>\n\t<meta name=\"twitter:data1\" content=\"1 minut\" \/>\n<script type=\"application\/ld+json\" class=\"yoast-schema-graph\">{\"@context\":\"https:\/\/schema.org\",\"@graph\":[{\"@type\":\"WebPage\",\"@id\":\"https:\/\/espak.ee\/epood\/toode\/rohuloikur-stiga-bc-730-b\/\",\"url\":\"https:\/\/espak.ee\/epood\/toode\/rohuloikur-stiga-bc-730-b\/\",\"name\":\"ROHUL\u00d5IKUR STIGA BC 730 B - Espak E-pood\",\"isPartOf\":{\"@id\":\"https:\/\/espak.ee\/epood\/#website\"},\"primaryImageOfPage\":{\"@id\":\"https:\/\/espak.ee\/epood\/toode\/rohuloikur-stiga-bc-730-b\/#primaryimage\"},\"image\":{\"@id\":\"https:\/\/espak.ee\/epood\/toode\/rohuloikur-stiga-bc-730-b\/#primaryimage\"},\"thumbnailUrl\":\"https:\/\/espak.ee\/epood\/wp-content\/uploads\/2026\/01\/BC730B_283221008ST1_full02.jpg\",\"datePublished\":\"2026-01-16T03:10:02+00:00\",\"dateModified\":\"2026-01-16T08:20:01+00:00\",\"breadcrumb\":{\"@id\":\"https:\/\/espak.ee\/epood\/toode\/rohuloikur-stiga-bc-730-b\/#breadcrumb\"},\"inLanguage\":\"et\",\"potentialAction\":[{\"@type\":\"ReadAction\",\"target\":[\"https:\/\/espak.ee\/epood\/toode\/rohuloikur-stiga-bc-730-b\/\"]}]},{\"@type\":\"ImageObject\",\"inLanguage\":\"et\",\"@id\":\"https:\/\/espak.ee\/epood\/toode\/rohuloikur-stiga-bc-730-b\/#primaryimage\",\"url\":\"https:\/\/espak.ee\/epood\/wp-content\/uploads\/2026\/01\/BC730B_283221008ST1_full02.jpg\",\"contentUrl\":\"https:\/\/espak.ee\/epood\/wp-content\/uploads\/2026\/01\/BC730B_283221008ST1_full02.jpg\",\"width\":1000,\"height\":1000},{\"@type\":\"BreadcrumbList\",\"@id\":\"https:\/\/espak.ee\/epood\/toode\/rohuloikur-stiga-bc-730-b\/#breadcrumb\",\"itemListElement\":[{\"@type\":\"ListItem\",\"position\":1,\"name\":\"Home\",\"item\":\"https:\/\/espak.ee\/epood\/\"},{\"@type\":\"ListItem\",\"position\":2,\"name\":\"Tootevalik\",\"item\":\"https:\/\/espak.ee\/epood\/tootevalik\/\"},{\"@type\":\"ListItem\",\"position\":3,\"name\":\"ROHUL\u00d5IKUR STIGA BC 730 B\"}]},{\"@type\":\"WebSite\",\"@id\":\"https:\/\/espak.ee\/epood\/#website\",\"url\":\"https:\/\/espak.ee\/epood\/\",\"name\":\"Espak E-pood\",\"description\":\"\",\"potentialAction\":[{\"@type\":\"SearchAction\",\"target\":{\"@type\":\"EntryPoint\",\"urlTemplate\":\"https:\/\/espak.ee\/epood\/?s={search_term_string}\"},\"query-input\":{\"@type\":\"PropertyValueSpecification\",\"valueRequired\":true,\"valueName\":\"search_term_string\"}}],\"inLanguage\":\"et\"}]}<\/script>\n<!-- \/ Yoast SEO plugin. -->","yoast_head_json":{"title":"ROHUL\u00d5IKUR STIGA BC 730 B - Espak E-pood","robots":{"index":"index","follow":"follow","max-snippet":"max-snippet:-1","max-image-preview":"max-image-preview:large","max-video-preview":"max-video-preview:-1"},"canonical":"https:\/\/espak.ee\/epood\/toode\/rohuloikur-stiga-bc-730-b\/","og_locale":"et_EE","og_type":"article","og_title":"ROHUL\u00d5IKUR STIGA BC 730 B - Espak E-pood","og_url":"https:\/\/espak.ee\/epood\/toode\/rohuloikur-stiga-bc-730-b\/","og_site_name":"Espak E-pood","article_modified_time":"2026-01-16T08:20:01+00:00","og_image":[{"width":1000,"height":1000,"url":"https:\/\/espak.ee\/epood\/wp-content\/uploads\/2026\/01\/BC730B_283221008ST1_full02.jpg","type":"image\/jpeg"}],"twitter_card":"summary_large_image","twitter_misc":{"Est. reading time":"1 minut"},"schema":{"@context":"https:\/\/schema.org","@graph":[{"@type":"WebPage","@id":"https:\/\/espak.ee\/epood\/toode\/rohuloikur-stiga-bc-730-b\/","url":"https:\/\/espak.ee\/epood\/toode\/rohuloikur-stiga-bc-730-b\/","name":"ROHUL\u00d5IKUR STIGA BC 730 B - Espak E-pood","isPartOf":{"@id":"https:\/\/espak.ee\/epood\/#website"},"primaryImageOfPage":{"@id":"https:\/\/espak.ee\/epood\/toode\/rohuloikur-stiga-bc-730-b\/#primaryimage"},"image":{"@id":"https:\/\/espak.ee\/epood\/toode\/rohuloikur-stiga-bc-730-b\/#primaryimage"},"thumbnailUrl":"https:\/\/espak.ee\/epood\/wp-content\/uploads\/2026\/01\/BC730B_283221008ST1_full02.jpg","datePublished":"2026-01-16T03:10:02+00:00","dateModified":"2026-01-16T08:20:01+00:00","breadcrumb":{"@id":"https:\/\/espak.ee\/epood\/toode\/rohuloikur-stiga-bc-730-b\/#breadcrumb"},"inLanguage":"et","potentialAction":[{"@type":"ReadAction","target":["https:\/\/espak.ee\/epood\/toode\/rohuloikur-stiga-bc-730-b\/"]}]},{"@type":"ImageObject","inLanguage":"et","@id":"https:\/\/espak.ee\/epood\/toode\/rohuloikur-stiga-bc-730-b\/#primaryimage","url":"https:\/\/espak.ee\/epood\/wp-content\/uploads\/2026\/01\/BC730B_283221008ST1_full02.jpg","contentUrl":"https:\/\/espak.ee\/epood\/wp-content\/uploads\/2026\/01\/BC730B_283221008ST1_full02.jpg","width":1000,"height":1000},{"@type":"BreadcrumbList","@id":"https:\/\/espak.ee\/epood\/toode\/rohuloikur-stiga-bc-730-b\/#breadcrumb","itemListElement":[{"@type":"ListItem","position":1,"name":"Home","item":"https:\/\/espak.ee\/epood\/"},{"@type":"ListItem","position":2,"name":"Tootevalik","item":"https:\/\/espak.ee\/epood\/tootevalik\/"},{"@type":"ListItem","position":3,"name":"ROHUL\u00d5IKUR STIGA BC 730 B"}]},{"@type":"WebSite","@id":"https:\/\/espak.ee\/epood\/#website","url":"https:\/\/espak.ee\/epood\/","name":"Espak E-pood","description":"","potentialAction":[{"@type":"SearchAction","target":{"@type":"EntryPoint","urlTemplate":"https:\/\/espak.ee\/epood\/?s={search_term_string}"},"query-input":{"@type":"PropertyValueSpecification","valueRequired":true,"valueName":"search_term_string"}}],"inLanguage":"et"}]}},"_links":{"self":[{"href":"https:\/\/espak.ee\/epood\/wp-json\/wp\/v2\/product\/261282","targetHints":{"allow":["GET"]}}],"collection":[{"href":"https:\/\/espak.ee\/epood\/wp-json\/wp\/v2\/product"}],"about":[{"href":"https:\/\/espak.ee\/epood\/wp-json\/wp\/v2\/types\/product"}],"replies":[{"embeddable":true,"href":"https:\/\/espak.ee\/epood\/wp-json\/wp\/v2\/comments?post=261282"}],"wp:featuredmedia":[{"embeddable":true,"href":"https:\/\/espak.ee\/epood\/wp-json\/wp\/v2\/media\/261367"}],"wp:attachment":[{"href":"https:\/\/espak.ee\/epood\/wp-json\/wp\/v2\/media?parent=261282"}],"wp:term":[{"taxonomy":"product_brand","embeddable":true,"href":"https:\/\/espak.ee\/epood\/wp-json\/wp\/v2\/product_brand?post=261282"},{"taxonomy":"product_cat","embeddable":true,"href":"https:\/\/espak.ee\/epood\/wp-json\/wp\/v2\/product_cat?post=261282"},{"taxonomy":"product_tag","embeddable":true,"href":"https:\/\/espak.ee\/epood\/wp-json\/wp\/v2\/product_tag?post=261282"}],"curies":[{"name":"wp","href":"https:\/\/api.w.org\/{rel}","templated":true}]}}