{"id":260983,"date":"2026-01-14T05:10:43","date_gmt":"2026-01-14T03:10:43","guid":{"rendered":"https:\/\/espak.ee\/epood\/?post_type=product&#038;p=260983"},"modified":"2026-01-14T15:52:45","modified_gmt":"2026-01-14T13:52:45","slug":"reduktori-maare-200gr-nevada","status":"publish","type":"product","link":"https:\/\/espak.ee\/epood\/toode\/reduktori-maare-200gr-nevada\/","title":{"rendered":"REDUKTORI M\u00c4\u00c4RE 200GR NEVADA"},"content":{"rendered":"<div class=\"row\"  id=\"row-2132058900\">\n\n\t<div id=\"col-1425865296\" class=\"col medium-9 small-12 large-9\"  >\n\t\t\t\t<div class=\"col-inner\"  >\n\t\t\t\n\t\t\t\n<h3>Reduktori m\u00e4\u00e4re 200gr Nevada <\/h3>\n<p>200 grammine reduktorim\u00e4\u00e4re sobib k\u00f5ikidele v\u00f5sal\u00f5ikajate ja trimmerite reduktoritele. <\/p>\n\t\t<\/div>\n\t\t\t\t\t<\/div>\n\n\t\n\n\t<div id=\"col-695125075\" class=\"col medium-3 small-12 large-3\"  >\n\t\t\t\t<div class=\"col-inner\"  >\n\t\t\t\n\t\t\t\n<div class=\"is-divider divider clearfix\" ><\/div>\n<p><strong>\u00dcksikasjalikuma n\u00f5u saamiseks v\u00f5tke \u00fchendust:<br \/><\/strong>Hortulus O\u00dc<br \/>P\u00e4rnu mnt. 368<br \/>Tallinn<br \/>+372 672 6820<\/p>\n\t\t<\/div>\n\t\t\t\t\t<\/div>\n\n\t\n<\/div>\n","protected":false},"excerpt":{"rendered":"","protected":false},"featured_media":261157,"comment_status":"closed","ping_status":"closed","template":"","meta":[],"product_brand":[],"product_cat":[2789,2788,2790,4384],"product_tag":[],"class_list":{"0":"post-260983","1":"product","2":"type-product","3":"status-publish","4":"has-post-thumbnail","6":"product_cat-aiatarbed","7":"product_cat-aiatarbed-ja-kodukaubad","8":"product_cat-aiatehnika","9":"product_cat-olid","10":"pa_kaubamark-hortulus-ou","12":"first","13":"instock","14":"sale","15":"taxable","16":"shipping-taxable","17":"purchasable","18":"product-type-simple"},"yoast_head":"<!-- This site is optimized with the Yoast SEO plugin v26.9 - https:\/\/yoast.com\/product\/yoast-seo-wordpress\/ -->\n<title>REDUKTORI M\u00c4\u00c4RE 200GR NEVADA - Espak E-pood<\/title>\n<meta name=\"robots\" content=\"index, follow, max-snippet:-1, max-image-preview:large, max-video-preview:-1\" \/>\n<link rel=\"canonical\" href=\"https:\/\/espak.ee\/epood\/toode\/reduktori-maare-200gr-nevada\/\" \/>\n<meta property=\"og:locale\" content=\"et_EE\" \/>\n<meta property=\"og:type\" content=\"article\" \/>\n<meta property=\"og:title\" content=\"REDUKTORI M\u00c4\u00c4RE 200GR NEVADA - Espak E-pood\" \/>\n<meta property=\"og:url\" content=\"https:\/\/espak.ee\/epood\/toode\/reduktori-maare-200gr-nevada\/\" \/>\n<meta property=\"og:site_name\" content=\"Espak E-pood\" \/>\n<meta property=\"article:modified_time\" content=\"2026-01-14T13:52:45+00:00\" \/>\n<meta property=\"og:image\" content=\"https:\/\/espak.ee\/epood\/wp-content\/uploads\/2026\/01\/reduktori-maare-200g.jpg.jpg\" \/>\n\t<meta property=\"og:image:width\" content=\"1000\" \/>\n\t<meta property=\"og:image:height\" content=\"1000\" \/>\n\t<meta property=\"og:image:type\" content=\"image\/jpeg\" \/>\n<meta name=\"twitter:card\" content=\"summary_large_image\" \/>\n<script type=\"application\/ld+json\" class=\"yoast-schema-graph\">{\"@context\":\"https:\/\/schema.org\",\"@graph\":[{\"@type\":\"WebPage\",\"@id\":\"https:\/\/espak.ee\/epood\/toode\/reduktori-maare-200gr-nevada\/\",\"url\":\"https:\/\/espak.ee\/epood\/toode\/reduktori-maare-200gr-nevada\/\",\"name\":\"REDUKTORI M\u00c4\u00c4RE 200GR NEVADA - Espak E-pood\",\"isPartOf\":{\"@id\":\"https:\/\/espak.ee\/epood\/#website\"},\"primaryImageOfPage\":{\"@id\":\"https:\/\/espak.ee\/epood\/toode\/reduktori-maare-200gr-nevada\/#primaryimage\"},\"image\":{\"@id\":\"https:\/\/espak.ee\/epood\/toode\/reduktori-maare-200gr-nevada\/#primaryimage\"},\"thumbnailUrl\":\"https:\/\/espak.ee\/epood\/wp-content\/uploads\/2026\/01\/reduktori-maare-200g.jpg.jpg\",\"datePublished\":\"2026-01-14T03:10:43+00:00\",\"dateModified\":\"2026-01-14T13:52:45+00:00\",\"breadcrumb\":{\"@id\":\"https:\/\/espak.ee\/epood\/toode\/reduktori-maare-200gr-nevada\/#breadcrumb\"},\"inLanguage\":\"et\",\"potentialAction\":[{\"@type\":\"ReadAction\",\"target\":[\"https:\/\/espak.ee\/epood\/toode\/reduktori-maare-200gr-nevada\/\"]}]},{\"@type\":\"ImageObject\",\"inLanguage\":\"et\",\"@id\":\"https:\/\/espak.ee\/epood\/toode\/reduktori-maare-200gr-nevada\/#primaryimage\",\"url\":\"https:\/\/espak.ee\/epood\/wp-content\/uploads\/2026\/01\/reduktori-maare-200g.jpg.jpg\",\"contentUrl\":\"https:\/\/espak.ee\/epood\/wp-content\/uploads\/2026\/01\/reduktori-maare-200g.jpg.jpg\",\"width\":1000,\"height\":1000},{\"@type\":\"BreadcrumbList\",\"@id\":\"https:\/\/espak.ee\/epood\/toode\/reduktori-maare-200gr-nevada\/#breadcrumb\",\"itemListElement\":[{\"@type\":\"ListItem\",\"position\":1,\"name\":\"Home\",\"item\":\"https:\/\/espak.ee\/epood\/\"},{\"@type\":\"ListItem\",\"position\":2,\"name\":\"Tootevalik\",\"item\":\"https:\/\/espak.ee\/epood\/tootevalik\/\"},{\"@type\":\"ListItem\",\"position\":3,\"name\":\"REDUKTORI M\u00c4\u00c4RE 200GR NEVADA\"}]},{\"@type\":\"WebSite\",\"@id\":\"https:\/\/espak.ee\/epood\/#website\",\"url\":\"https:\/\/espak.ee\/epood\/\",\"name\":\"Espak E-pood\",\"description\":\"\",\"potentialAction\":[{\"@type\":\"SearchAction\",\"target\":{\"@type\":\"EntryPoint\",\"urlTemplate\":\"https:\/\/espak.ee\/epood\/?s={search_term_string}\"},\"query-input\":{\"@type\":\"PropertyValueSpecification\",\"valueRequired\":true,\"valueName\":\"search_term_string\"}}],\"inLanguage\":\"et\"}]}<\/script>\n<!-- \/ Yoast SEO plugin. -->","yoast_head_json":{"title":"REDUKTORI M\u00c4\u00c4RE 200GR NEVADA - Espak E-pood","robots":{"index":"index","follow":"follow","max-snippet":"max-snippet:-1","max-image-preview":"max-image-preview:large","max-video-preview":"max-video-preview:-1"},"canonical":"https:\/\/espak.ee\/epood\/toode\/reduktori-maare-200gr-nevada\/","og_locale":"et_EE","og_type":"article","og_title":"REDUKTORI M\u00c4\u00c4RE 200GR NEVADA - Espak E-pood","og_url":"https:\/\/espak.ee\/epood\/toode\/reduktori-maare-200gr-nevada\/","og_site_name":"Espak E-pood","article_modified_time":"2026-01-14T13:52:45+00:00","og_image":[{"width":1000,"height":1000,"url":"https:\/\/espak.ee\/epood\/wp-content\/uploads\/2026\/01\/reduktori-maare-200g.jpg.jpg","type":"image\/jpeg"}],"twitter_card":"summary_large_image","schema":{"@context":"https:\/\/schema.org","@graph":[{"@type":"WebPage","@id":"https:\/\/espak.ee\/epood\/toode\/reduktori-maare-200gr-nevada\/","url":"https:\/\/espak.ee\/epood\/toode\/reduktori-maare-200gr-nevada\/","name":"REDUKTORI M\u00c4\u00c4RE 200GR NEVADA - Espak E-pood","isPartOf":{"@id":"https:\/\/espak.ee\/epood\/#website"},"primaryImageOfPage":{"@id":"https:\/\/espak.ee\/epood\/toode\/reduktori-maare-200gr-nevada\/#primaryimage"},"image":{"@id":"https:\/\/espak.ee\/epood\/toode\/reduktori-maare-200gr-nevada\/#primaryimage"},"thumbnailUrl":"https:\/\/espak.ee\/epood\/wp-content\/uploads\/2026\/01\/reduktori-maare-200g.jpg.jpg","datePublished":"2026-01-14T03:10:43+00:00","dateModified":"2026-01-14T13:52:45+00:00","breadcrumb":{"@id":"https:\/\/espak.ee\/epood\/toode\/reduktori-maare-200gr-nevada\/#breadcrumb"},"inLanguage":"et","potentialAction":[{"@type":"ReadAction","target":["https:\/\/espak.ee\/epood\/toode\/reduktori-maare-200gr-nevada\/"]}]},{"@type":"ImageObject","inLanguage":"et","@id":"https:\/\/espak.ee\/epood\/toode\/reduktori-maare-200gr-nevada\/#primaryimage","url":"https:\/\/espak.ee\/epood\/wp-content\/uploads\/2026\/01\/reduktori-maare-200g.jpg.jpg","contentUrl":"https:\/\/espak.ee\/epood\/wp-content\/uploads\/2026\/01\/reduktori-maare-200g.jpg.jpg","width":1000,"height":1000},{"@type":"BreadcrumbList","@id":"https:\/\/espak.ee\/epood\/toode\/reduktori-maare-200gr-nevada\/#breadcrumb","itemListElement":[{"@type":"ListItem","position":1,"name":"Home","item":"https:\/\/espak.ee\/epood\/"},{"@type":"ListItem","position":2,"name":"Tootevalik","item":"https:\/\/espak.ee\/epood\/tootevalik\/"},{"@type":"ListItem","position":3,"name":"REDUKTORI M\u00c4\u00c4RE 200GR NEVADA"}]},{"@type":"WebSite","@id":"https:\/\/espak.ee\/epood\/#website","url":"https:\/\/espak.ee\/epood\/","name":"Espak E-pood","description":"","potentialAction":[{"@type":"SearchAction","target":{"@type":"EntryPoint","urlTemplate":"https:\/\/espak.ee\/epood\/?s={search_term_string}"},"query-input":{"@type":"PropertyValueSpecification","valueRequired":true,"valueName":"search_term_string"}}],"inLanguage":"et"}]}},"_links":{"self":[{"href":"https:\/\/espak.ee\/epood\/wp-json\/wp\/v2\/product\/260983","targetHints":{"allow":["GET"]}}],"collection":[{"href":"https:\/\/espak.ee\/epood\/wp-json\/wp\/v2\/product"}],"about":[{"href":"https:\/\/espak.ee\/epood\/wp-json\/wp\/v2\/types\/product"}],"replies":[{"embeddable":true,"href":"https:\/\/espak.ee\/epood\/wp-json\/wp\/v2\/comments?post=260983"}],"wp:featuredmedia":[{"embeddable":true,"href":"https:\/\/espak.ee\/epood\/wp-json\/wp\/v2\/media\/261157"}],"wp:attachment":[{"href":"https:\/\/espak.ee\/epood\/wp-json\/wp\/v2\/media?parent=260983"}],"wp:term":[{"taxonomy":"product_brand","embeddable":true,"href":"https:\/\/espak.ee\/epood\/wp-json\/wp\/v2\/product_brand?post=260983"},{"taxonomy":"product_cat","embeddable":true,"href":"https:\/\/espak.ee\/epood\/wp-json\/wp\/v2\/product_cat?post=260983"},{"taxonomy":"product_tag","embeddable":true,"href":"https:\/\/espak.ee\/epood\/wp-json\/wp\/v2\/product_tag?post=260983"}],"curies":[{"name":"wp","href":"https:\/\/api.w.org\/{rel}","templated":true}]}}