{"id":260981,"date":"2026-01-14T05:10:43","date_gmt":"2026-01-14T03:10:43","guid":{"rendered":"https:\/\/espak.ee\/epood\/?post_type=product&#038;p=260981"},"modified":"2026-01-14T14:54:12","modified_gmt":"2026-01-14T12:54:12","slug":"saekett-8-3-8-11mm-33h-90px033-oregon","status":"publish","type":"product","link":"https:\/\/espak.ee\/epood\/toode\/saekett-8-3-8-11mm-33h-90px033-oregon\/","title":{"rendered":"SAEKETT  8&#8243; 3\/8&#8243; 1,1MM 33H 90PX033 OREGON"},"content":{"rendered":"<div class=\"row\"  id=\"row-1227681106\">\n\n\t<div id=\"col-188955321\" class=\"col medium-9 small-12 large-9\"  >\n\t\t\t\t<div class=\"col-inner\"  >\n\t\t\t\n\t\t\t\n<h3>Saekett 8\u2033 ,3\/8\u2033 1,1mm Oregon 33 l\u00fcli <\/h3>\n<p>Sobib Oregon juhtplaadiga 084MLEA041, 8\u2033 ehk 20 cm plaadile. <\/p>\n<p>Sobib akusaagidele ja k\u00f5rgl\u00f5ikuritele:<br \/>\n&#8211; Ryobi RPP720, RPP182015, RPP1820Li<br \/>\n&#8211; Einhell GC-LC 1815 T, GE-EC 720T, BG-EC 620T<br \/>\n&#8211; Worx WG349E, WG349E.9<br \/>\n&#8211; Milwaukee M18 FHS 20-0 \/ M18FHS 20-0<\/p>\n<p>Sobib BOSCH UniversalChainPole 18 juhtmeta teleskoopl\u00f5ikurile. <\/p>\n\t\t<\/div>\n\t\t\t\t\t<\/div>\n\n\t\n\n\t<div id=\"col-536797257\" class=\"col medium-3 small-12 large-3\"  >\n\t\t\t\t<div class=\"col-inner\"  >\n\t\t\t\n\t\t\t\n<div class=\"is-divider divider clearfix\" ><\/div>\n<p><strong>\u00dcksikasjalikuma n\u00f5u saamiseks v\u00f5tke \u00fchendust:<br \/><\/strong>Hortulus O\u00dc<br \/>P\u00e4rnu mnt. 368<br \/>Tallinn<br \/>+372 672 6820<\/p>\n\t\t<\/div>\n\t\t\t\t\t<\/div>\n\n\t\n<\/div>\n","protected":false},"excerpt":{"rendered":"","protected":false},"featured_media":261147,"comment_status":"closed","ping_status":"closed","template":"","meta":[],"product_brand":[],"product_cat":[2789,2788,4385,3126],"product_tag":[],"class_list":{"0":"post-260981","1":"product","2":"type-product","3":"status-publish","4":"has-post-thumbnail","6":"product_cat-aiatarbed","7":"product_cat-aiatarbed-ja-kodukaubad","8":"product_cat-kettsaagide-tarvikud","9":"product_cat-kettsaed","10":"pa_kaubamark-hortulus-ou","12":"first","13":"instock","14":"sale","15":"taxable","16":"shipping-taxable","17":"purchasable","18":"product-type-simple"},"yoast_head":"<!-- This site is optimized with the Yoast SEO plugin v26.9 - https:\/\/yoast.com\/product\/yoast-seo-wordpress\/ -->\n<title>SAEKETT 8&quot; 3\/8&quot; 1,1MM 33H 90PX033 OREGON - Espak E-pood<\/title>\n<meta name=\"robots\" content=\"index, follow, max-snippet:-1, max-image-preview:large, max-video-preview:-1\" \/>\n<link rel=\"canonical\" href=\"https:\/\/espak.ee\/epood\/toode\/saekett-8-3-8-11mm-33h-90px033-oregon\/\" \/>\n<meta property=\"og:locale\" content=\"et_EE\" \/>\n<meta property=\"og:type\" content=\"article\" \/>\n<meta property=\"og:title\" content=\"SAEKETT 8&quot; 3\/8&quot; 1,1MM 33H 90PX033 OREGON - Espak E-pood\" \/>\n<meta property=\"og:url\" content=\"https:\/\/espak.ee\/epood\/toode\/saekett-8-3-8-11mm-33h-90px033-oregon\/\" \/>\n<meta property=\"og:site_name\" content=\"Espak E-pood\" \/>\n<meta property=\"article:modified_time\" content=\"2026-01-14T12:54:12+00:00\" \/>\n<meta property=\"og:image\" content=\"https:\/\/espak.ee\/epood\/wp-content\/uploads\/2026\/01\/image-FOR-Chain-AdvanceCut-90PX033G-IMG1-Blount-1200Wx1200H.jpg\" \/>\n\t<meta property=\"og:image:width\" content=\"1000\" \/>\n\t<meta property=\"og:image:height\" content=\"1000\" \/>\n\t<meta property=\"og:image:type\" content=\"image\/jpeg\" \/>\n<meta name=\"twitter:card\" content=\"summary_large_image\" \/>\n<script type=\"application\/ld+json\" class=\"yoast-schema-graph\">{\"@context\":\"https:\/\/schema.org\",\"@graph\":[{\"@type\":\"WebPage\",\"@id\":\"https:\/\/espak.ee\/epood\/toode\/saekett-8-3-8-11mm-33h-90px033-oregon\/\",\"url\":\"https:\/\/espak.ee\/epood\/toode\/saekett-8-3-8-11mm-33h-90px033-oregon\/\",\"name\":\"SAEKETT 8\\\" 3\/8\\\" 1,1MM 33H 90PX033 OREGON - Espak E-pood\",\"isPartOf\":{\"@id\":\"https:\/\/espak.ee\/epood\/#website\"},\"primaryImageOfPage\":{\"@id\":\"https:\/\/espak.ee\/epood\/toode\/saekett-8-3-8-11mm-33h-90px033-oregon\/#primaryimage\"},\"image\":{\"@id\":\"https:\/\/espak.ee\/epood\/toode\/saekett-8-3-8-11mm-33h-90px033-oregon\/#primaryimage\"},\"thumbnailUrl\":\"https:\/\/espak.ee\/epood\/wp-content\/uploads\/2026\/01\/image-FOR-Chain-AdvanceCut-90PX033G-IMG1-Blount-1200Wx1200H.jpg\",\"datePublished\":\"2026-01-14T03:10:43+00:00\",\"dateModified\":\"2026-01-14T12:54:12+00:00\",\"breadcrumb\":{\"@id\":\"https:\/\/espak.ee\/epood\/toode\/saekett-8-3-8-11mm-33h-90px033-oregon\/#breadcrumb\"},\"inLanguage\":\"et\",\"potentialAction\":[{\"@type\":\"ReadAction\",\"target\":[\"https:\/\/espak.ee\/epood\/toode\/saekett-8-3-8-11mm-33h-90px033-oregon\/\"]}]},{\"@type\":\"ImageObject\",\"inLanguage\":\"et\",\"@id\":\"https:\/\/espak.ee\/epood\/toode\/saekett-8-3-8-11mm-33h-90px033-oregon\/#primaryimage\",\"url\":\"https:\/\/espak.ee\/epood\/wp-content\/uploads\/2026\/01\/image-FOR-Chain-AdvanceCut-90PX033G-IMG1-Blount-1200Wx1200H.jpg\",\"contentUrl\":\"https:\/\/espak.ee\/epood\/wp-content\/uploads\/2026\/01\/image-FOR-Chain-AdvanceCut-90PX033G-IMG1-Blount-1200Wx1200H.jpg\",\"width\":1000,\"height\":1000},{\"@type\":\"BreadcrumbList\",\"@id\":\"https:\/\/espak.ee\/epood\/toode\/saekett-8-3-8-11mm-33h-90px033-oregon\/#breadcrumb\",\"itemListElement\":[{\"@type\":\"ListItem\",\"position\":1,\"name\":\"Home\",\"item\":\"https:\/\/espak.ee\/epood\/\"},{\"@type\":\"ListItem\",\"position\":2,\"name\":\"Tootevalik\",\"item\":\"https:\/\/espak.ee\/epood\/tootevalik\/\"},{\"@type\":\"ListItem\",\"position\":3,\"name\":\"SAEKETT 8&#8243; 3\/8&#8243; 1,1MM 33H 90PX033 OREGON\"}]},{\"@type\":\"WebSite\",\"@id\":\"https:\/\/espak.ee\/epood\/#website\",\"url\":\"https:\/\/espak.ee\/epood\/\",\"name\":\"Espak E-pood\",\"description\":\"\",\"potentialAction\":[{\"@type\":\"SearchAction\",\"target\":{\"@type\":\"EntryPoint\",\"urlTemplate\":\"https:\/\/espak.ee\/epood\/?s={search_term_string}\"},\"query-input\":{\"@type\":\"PropertyValueSpecification\",\"valueRequired\":true,\"valueName\":\"search_term_string\"}}],\"inLanguage\":\"et\"}]}<\/script>\n<!-- \/ Yoast SEO plugin. -->","yoast_head_json":{"title":"SAEKETT 8\" 3\/8\" 1,1MM 33H 90PX033 OREGON - Espak E-pood","robots":{"index":"index","follow":"follow","max-snippet":"max-snippet:-1","max-image-preview":"max-image-preview:large","max-video-preview":"max-video-preview:-1"},"canonical":"https:\/\/espak.ee\/epood\/toode\/saekett-8-3-8-11mm-33h-90px033-oregon\/","og_locale":"et_EE","og_type":"article","og_title":"SAEKETT 8\" 3\/8\" 1,1MM 33H 90PX033 OREGON - Espak E-pood","og_url":"https:\/\/espak.ee\/epood\/toode\/saekett-8-3-8-11mm-33h-90px033-oregon\/","og_site_name":"Espak E-pood","article_modified_time":"2026-01-14T12:54:12+00:00","og_image":[{"width":1000,"height":1000,"url":"https:\/\/espak.ee\/epood\/wp-content\/uploads\/2026\/01\/image-FOR-Chain-AdvanceCut-90PX033G-IMG1-Blount-1200Wx1200H.jpg","type":"image\/jpeg"}],"twitter_card":"summary_large_image","schema":{"@context":"https:\/\/schema.org","@graph":[{"@type":"WebPage","@id":"https:\/\/espak.ee\/epood\/toode\/saekett-8-3-8-11mm-33h-90px033-oregon\/","url":"https:\/\/espak.ee\/epood\/toode\/saekett-8-3-8-11mm-33h-90px033-oregon\/","name":"SAEKETT 8\" 3\/8\" 1,1MM 33H 90PX033 OREGON - Espak E-pood","isPartOf":{"@id":"https:\/\/espak.ee\/epood\/#website"},"primaryImageOfPage":{"@id":"https:\/\/espak.ee\/epood\/toode\/saekett-8-3-8-11mm-33h-90px033-oregon\/#primaryimage"},"image":{"@id":"https:\/\/espak.ee\/epood\/toode\/saekett-8-3-8-11mm-33h-90px033-oregon\/#primaryimage"},"thumbnailUrl":"https:\/\/espak.ee\/epood\/wp-content\/uploads\/2026\/01\/image-FOR-Chain-AdvanceCut-90PX033G-IMG1-Blount-1200Wx1200H.jpg","datePublished":"2026-01-14T03:10:43+00:00","dateModified":"2026-01-14T12:54:12+00:00","breadcrumb":{"@id":"https:\/\/espak.ee\/epood\/toode\/saekett-8-3-8-11mm-33h-90px033-oregon\/#breadcrumb"},"inLanguage":"et","potentialAction":[{"@type":"ReadAction","target":["https:\/\/espak.ee\/epood\/toode\/saekett-8-3-8-11mm-33h-90px033-oregon\/"]}]},{"@type":"ImageObject","inLanguage":"et","@id":"https:\/\/espak.ee\/epood\/toode\/saekett-8-3-8-11mm-33h-90px033-oregon\/#primaryimage","url":"https:\/\/espak.ee\/epood\/wp-content\/uploads\/2026\/01\/image-FOR-Chain-AdvanceCut-90PX033G-IMG1-Blount-1200Wx1200H.jpg","contentUrl":"https:\/\/espak.ee\/epood\/wp-content\/uploads\/2026\/01\/image-FOR-Chain-AdvanceCut-90PX033G-IMG1-Blount-1200Wx1200H.jpg","width":1000,"height":1000},{"@type":"BreadcrumbList","@id":"https:\/\/espak.ee\/epood\/toode\/saekett-8-3-8-11mm-33h-90px033-oregon\/#breadcrumb","itemListElement":[{"@type":"ListItem","position":1,"name":"Home","item":"https:\/\/espak.ee\/epood\/"},{"@type":"ListItem","position":2,"name":"Tootevalik","item":"https:\/\/espak.ee\/epood\/tootevalik\/"},{"@type":"ListItem","position":3,"name":"SAEKETT 8&#8243; 3\/8&#8243; 1,1MM 33H 90PX033 OREGON"}]},{"@type":"WebSite","@id":"https:\/\/espak.ee\/epood\/#website","url":"https:\/\/espak.ee\/epood\/","name":"Espak E-pood","description":"","potentialAction":[{"@type":"SearchAction","target":{"@type":"EntryPoint","urlTemplate":"https:\/\/espak.ee\/epood\/?s={search_term_string}"},"query-input":{"@type":"PropertyValueSpecification","valueRequired":true,"valueName":"search_term_string"}}],"inLanguage":"et"}]}},"_links":{"self":[{"href":"https:\/\/espak.ee\/epood\/wp-json\/wp\/v2\/product\/260981","targetHints":{"allow":["GET"]}}],"collection":[{"href":"https:\/\/espak.ee\/epood\/wp-json\/wp\/v2\/product"}],"about":[{"href":"https:\/\/espak.ee\/epood\/wp-json\/wp\/v2\/types\/product"}],"replies":[{"embeddable":true,"href":"https:\/\/espak.ee\/epood\/wp-json\/wp\/v2\/comments?post=260981"}],"wp:featuredmedia":[{"embeddable":true,"href":"https:\/\/espak.ee\/epood\/wp-json\/wp\/v2\/media\/261147"}],"wp:attachment":[{"href":"https:\/\/espak.ee\/epood\/wp-json\/wp\/v2\/media?parent=260981"}],"wp:term":[{"taxonomy":"product_brand","embeddable":true,"href":"https:\/\/espak.ee\/epood\/wp-json\/wp\/v2\/product_brand?post=260981"},{"taxonomy":"product_cat","embeddable":true,"href":"https:\/\/espak.ee\/epood\/wp-json\/wp\/v2\/product_cat?post=260981"},{"taxonomy":"product_tag","embeddable":true,"href":"https:\/\/espak.ee\/epood\/wp-json\/wp\/v2\/product_tag?post=260981"}],"curies":[{"name":"wp","href":"https:\/\/api.w.org\/{rel}","templated":true}]}}