{"id":260967,"date":"2026-01-14T05:10:02","date_gmt":"2026-01-14T03:10:02","guid":{"rendered":"https:\/\/espak.ee\/epood\/?post_type=product&#038;p=260967"},"modified":"2026-01-14T15:38:32","modified_gmt":"2026-01-14T13:38:32","slug":"saekett-mc-15-325-15mm-64h-oregon-kovasulam","status":"publish","type":"product","link":"https:\/\/espak.ee\/epood\/toode\/saekett-mc-15-325-15mm-64h-oregon-kovasulam\/","title":{"rendered":"SAEKETT MC 15&#8243; 325&#8243; 1,5MM 64H OREGON (K\u00d5VASULAM)"},"content":{"rendered":"<div class=\"row\"  id=\"row-1900934332\">\n\n\t<div id=\"col-1241692497\" class=\"col medium-9 small-12 large-9\"  >\n\t\t\t\t<div class=\"col-inner\"  >\n\t\t\t\n\t\t\t\n<h3>Saekett 15\u2033 ,325\u2033 1,5 mm k\u00f5vasulam Oregon DuraCut<\/h3>\n<p>DuraCut kett on ideaalne komplitseeritud l\u00f5iket\u00f6\u00f6de jaoks abrasiivsetes oludes. Spetsiaalselt m\u00f5eldud tulest kahjustatud metsas t\u00f6\u00f6tamiseks, lammutustel v\u00f5i raudteeliiprite l\u00f5ikamiseks ning muudeks abrasiivseteks t\u00f6\u00f6deks. Samuti ka koduses majapidamises, kui ei soovita teritamisele liigselt aega kulutada.<\/p>\n<p>Kestab teravana tavatingimustes 3 korda kauem kui tavaline kett.<\/p>\n<p>Ekstra kroomisisaldus l\u00f5ikehammastes on erinevus standardketist, ei ole tegemist pobediit ega teemanthambaga ketiga.<\/p>\n<p>Standardketist eristab M t\u00e4ht l\u00f5ikehambal.<\/p>\n\t\t<\/div>\n\t\t\t\t\t<\/div>\n\n\t\n\n\t<div id=\"col-1478152338\" class=\"col medium-3 small-12 large-3\"  >\n\t\t\t\t<div class=\"col-inner\"  >\n\t\t\t\n\t\t\t\n<div class=\"is-divider divider clearfix\" ><\/div>\n<p><strong>\u00dcksikasjalikuma n\u00f5u saamiseks v\u00f5tke \u00fchendust:<br \/><\/strong>Hortulus O\u00dc<br \/>P\u00e4rnu mnt. 368<br \/>Tallinn<br \/>+372 672 6820<\/p>\n\t\t<\/div>\n\t\t\t\t\t<\/div>\n\n\t\n<\/div>\n","protected":false},"excerpt":{"rendered":"","protected":false},"featured_media":261149,"comment_status":"closed","ping_status":"closed","template":"","meta":[],"product_brand":[],"product_cat":[2789,2788,4385,3126],"product_tag":[],"class_list":{"0":"post-260967","1":"product","2":"type-product","3":"status-publish","4":"has-post-thumbnail","6":"product_cat-aiatarbed","7":"product_cat-aiatarbed-ja-kodukaubad","8":"product_cat-kettsaagide-tarvikud","9":"product_cat-kettsaed","10":"pa_kaubamark-hortulus-ou","12":"first","13":"instock","14":"sale","15":"taxable","16":"shipping-taxable","17":"purchasable","18":"product-type-simple"},"yoast_head":"<!-- This site is optimized with the Yoast SEO plugin v26.9 - https:\/\/yoast.com\/product\/yoast-seo-wordpress\/ -->\n<title>SAEKETT MC 15&quot; 325&quot; 1,5MM 64H OREGON (K\u00d5VASULAM) - Espak E-pood<\/title>\n<meta name=\"robots\" content=\"index, follow, max-snippet:-1, max-image-preview:large, max-video-preview:-1\" \/>\n<link rel=\"canonical\" href=\"https:\/\/espak.ee\/epood\/toode\/saekett-mc-15-325-15mm-64h-oregon-kovasulam\/\" \/>\n<meta property=\"og:locale\" content=\"et_EE\" \/>\n<meta property=\"og:type\" content=\"article\" \/>\n<meta property=\"og:title\" content=\"SAEKETT MC 15&quot; 325&quot; 1,5MM 64H OREGON (K\u00d5VASULAM) - Espak E-pood\" \/>\n<meta property=\"og:url\" content=\"https:\/\/espak.ee\/epood\/toode\/saekett-mc-15-325-15mm-64h-oregon-kovasulam\/\" \/>\n<meta property=\"og:site_name\" content=\"Espak E-pood\" \/>\n<meta property=\"article:modified_time\" content=\"2026-01-14T13:38:32+00:00\" \/>\n<meta property=\"og:image\" content=\"https:\/\/espak.ee\/epood\/wp-content\/uploads\/2026\/01\/M22LPX062E.jpg\" \/>\n\t<meta property=\"og:image:width\" content=\"1000\" \/>\n\t<meta property=\"og:image:height\" content=\"1000\" \/>\n\t<meta property=\"og:image:type\" content=\"image\/jpeg\" \/>\n<meta name=\"twitter:card\" content=\"summary_large_image\" \/>\n<meta name=\"twitter:label1\" content=\"Est. reading time\" \/>\n\t<meta name=\"twitter:data1\" content=\"1 minut\" \/>\n<script type=\"application\/ld+json\" class=\"yoast-schema-graph\">{\"@context\":\"https:\/\/schema.org\",\"@graph\":[{\"@type\":\"WebPage\",\"@id\":\"https:\/\/espak.ee\/epood\/toode\/saekett-mc-15-325-15mm-64h-oregon-kovasulam\/\",\"url\":\"https:\/\/espak.ee\/epood\/toode\/saekett-mc-15-325-15mm-64h-oregon-kovasulam\/\",\"name\":\"SAEKETT MC 15\\\" 325\\\" 1,5MM 64H OREGON (K\u00d5VASULAM) - Espak E-pood\",\"isPartOf\":{\"@id\":\"https:\/\/espak.ee\/epood\/#website\"},\"primaryImageOfPage\":{\"@id\":\"https:\/\/espak.ee\/epood\/toode\/saekett-mc-15-325-15mm-64h-oregon-kovasulam\/#primaryimage\"},\"image\":{\"@id\":\"https:\/\/espak.ee\/epood\/toode\/saekett-mc-15-325-15mm-64h-oregon-kovasulam\/#primaryimage\"},\"thumbnailUrl\":\"https:\/\/espak.ee\/epood\/wp-content\/uploads\/2026\/01\/M22LPX062E.jpg\",\"datePublished\":\"2026-01-14T03:10:02+00:00\",\"dateModified\":\"2026-01-14T13:38:32+00:00\",\"breadcrumb\":{\"@id\":\"https:\/\/espak.ee\/epood\/toode\/saekett-mc-15-325-15mm-64h-oregon-kovasulam\/#breadcrumb\"},\"inLanguage\":\"et\",\"potentialAction\":[{\"@type\":\"ReadAction\",\"target\":[\"https:\/\/espak.ee\/epood\/toode\/saekett-mc-15-325-15mm-64h-oregon-kovasulam\/\"]}]},{\"@type\":\"ImageObject\",\"inLanguage\":\"et\",\"@id\":\"https:\/\/espak.ee\/epood\/toode\/saekett-mc-15-325-15mm-64h-oregon-kovasulam\/#primaryimage\",\"url\":\"https:\/\/espak.ee\/epood\/wp-content\/uploads\/2026\/01\/M22LPX062E.jpg\",\"contentUrl\":\"https:\/\/espak.ee\/epood\/wp-content\/uploads\/2026\/01\/M22LPX062E.jpg\",\"width\":1000,\"height\":1000},{\"@type\":\"BreadcrumbList\",\"@id\":\"https:\/\/espak.ee\/epood\/toode\/saekett-mc-15-325-15mm-64h-oregon-kovasulam\/#breadcrumb\",\"itemListElement\":[{\"@type\":\"ListItem\",\"position\":1,\"name\":\"Home\",\"item\":\"https:\/\/espak.ee\/epood\/\"},{\"@type\":\"ListItem\",\"position\":2,\"name\":\"Tootevalik\",\"item\":\"https:\/\/espak.ee\/epood\/tootevalik\/\"},{\"@type\":\"ListItem\",\"position\":3,\"name\":\"SAEKETT MC 15&#8243; 325&#8243; 1,5MM 64H OREGON (K\u00d5VASULAM)\"}]},{\"@type\":\"WebSite\",\"@id\":\"https:\/\/espak.ee\/epood\/#website\",\"url\":\"https:\/\/espak.ee\/epood\/\",\"name\":\"Espak E-pood\",\"description\":\"\",\"potentialAction\":[{\"@type\":\"SearchAction\",\"target\":{\"@type\":\"EntryPoint\",\"urlTemplate\":\"https:\/\/espak.ee\/epood\/?s={search_term_string}\"},\"query-input\":{\"@type\":\"PropertyValueSpecification\",\"valueRequired\":true,\"valueName\":\"search_term_string\"}}],\"inLanguage\":\"et\"}]}<\/script>\n<!-- \/ Yoast SEO plugin. -->","yoast_head_json":{"title":"SAEKETT MC 15\" 325\" 1,5MM 64H OREGON (K\u00d5VASULAM) - Espak E-pood","robots":{"index":"index","follow":"follow","max-snippet":"max-snippet:-1","max-image-preview":"max-image-preview:large","max-video-preview":"max-video-preview:-1"},"canonical":"https:\/\/espak.ee\/epood\/toode\/saekett-mc-15-325-15mm-64h-oregon-kovasulam\/","og_locale":"et_EE","og_type":"article","og_title":"SAEKETT MC 15\" 325\" 1,5MM 64H OREGON (K\u00d5VASULAM) - Espak E-pood","og_url":"https:\/\/espak.ee\/epood\/toode\/saekett-mc-15-325-15mm-64h-oregon-kovasulam\/","og_site_name":"Espak E-pood","article_modified_time":"2026-01-14T13:38:32+00:00","og_image":[{"width":1000,"height":1000,"url":"https:\/\/espak.ee\/epood\/wp-content\/uploads\/2026\/01\/M22LPX062E.jpg","type":"image\/jpeg"}],"twitter_card":"summary_large_image","twitter_misc":{"Est. reading time":"1 minut"},"schema":{"@context":"https:\/\/schema.org","@graph":[{"@type":"WebPage","@id":"https:\/\/espak.ee\/epood\/toode\/saekett-mc-15-325-15mm-64h-oregon-kovasulam\/","url":"https:\/\/espak.ee\/epood\/toode\/saekett-mc-15-325-15mm-64h-oregon-kovasulam\/","name":"SAEKETT MC 15\" 325\" 1,5MM 64H OREGON (K\u00d5VASULAM) - Espak E-pood","isPartOf":{"@id":"https:\/\/espak.ee\/epood\/#website"},"primaryImageOfPage":{"@id":"https:\/\/espak.ee\/epood\/toode\/saekett-mc-15-325-15mm-64h-oregon-kovasulam\/#primaryimage"},"image":{"@id":"https:\/\/espak.ee\/epood\/toode\/saekett-mc-15-325-15mm-64h-oregon-kovasulam\/#primaryimage"},"thumbnailUrl":"https:\/\/espak.ee\/epood\/wp-content\/uploads\/2026\/01\/M22LPX062E.jpg","datePublished":"2026-01-14T03:10:02+00:00","dateModified":"2026-01-14T13:38:32+00:00","breadcrumb":{"@id":"https:\/\/espak.ee\/epood\/toode\/saekett-mc-15-325-15mm-64h-oregon-kovasulam\/#breadcrumb"},"inLanguage":"et","potentialAction":[{"@type":"ReadAction","target":["https:\/\/espak.ee\/epood\/toode\/saekett-mc-15-325-15mm-64h-oregon-kovasulam\/"]}]},{"@type":"ImageObject","inLanguage":"et","@id":"https:\/\/espak.ee\/epood\/toode\/saekett-mc-15-325-15mm-64h-oregon-kovasulam\/#primaryimage","url":"https:\/\/espak.ee\/epood\/wp-content\/uploads\/2026\/01\/M22LPX062E.jpg","contentUrl":"https:\/\/espak.ee\/epood\/wp-content\/uploads\/2026\/01\/M22LPX062E.jpg","width":1000,"height":1000},{"@type":"BreadcrumbList","@id":"https:\/\/espak.ee\/epood\/toode\/saekett-mc-15-325-15mm-64h-oregon-kovasulam\/#breadcrumb","itemListElement":[{"@type":"ListItem","position":1,"name":"Home","item":"https:\/\/espak.ee\/epood\/"},{"@type":"ListItem","position":2,"name":"Tootevalik","item":"https:\/\/espak.ee\/epood\/tootevalik\/"},{"@type":"ListItem","position":3,"name":"SAEKETT MC 15&#8243; 325&#8243; 1,5MM 64H OREGON (K\u00d5VASULAM)"}]},{"@type":"WebSite","@id":"https:\/\/espak.ee\/epood\/#website","url":"https:\/\/espak.ee\/epood\/","name":"Espak E-pood","description":"","potentialAction":[{"@type":"SearchAction","target":{"@type":"EntryPoint","urlTemplate":"https:\/\/espak.ee\/epood\/?s={search_term_string}"},"query-input":{"@type":"PropertyValueSpecification","valueRequired":true,"valueName":"search_term_string"}}],"inLanguage":"et"}]}},"_links":{"self":[{"href":"https:\/\/espak.ee\/epood\/wp-json\/wp\/v2\/product\/260967","targetHints":{"allow":["GET"]}}],"collection":[{"href":"https:\/\/espak.ee\/epood\/wp-json\/wp\/v2\/product"}],"about":[{"href":"https:\/\/espak.ee\/epood\/wp-json\/wp\/v2\/types\/product"}],"replies":[{"embeddable":true,"href":"https:\/\/espak.ee\/epood\/wp-json\/wp\/v2\/comments?post=260967"}],"wp:featuredmedia":[{"embeddable":true,"href":"https:\/\/espak.ee\/epood\/wp-json\/wp\/v2\/media\/261149"}],"wp:attachment":[{"href":"https:\/\/espak.ee\/epood\/wp-json\/wp\/v2\/media?parent=260967"}],"wp:term":[{"taxonomy":"product_brand","embeddable":true,"href":"https:\/\/espak.ee\/epood\/wp-json\/wp\/v2\/product_brand?post=260967"},{"taxonomy":"product_cat","embeddable":true,"href":"https:\/\/espak.ee\/epood\/wp-json\/wp\/v2\/product_cat?post=260967"},{"taxonomy":"product_tag","embeddable":true,"href":"https:\/\/espak.ee\/epood\/wp-json\/wp\/v2\/product_tag?post=260967"}],"curies":[{"name":"wp","href":"https:\/\/api.w.org\/{rel}","templated":true}]}}