{"id":260262,"date":"2026-01-06T05:05:42","date_gmt":"2026-01-06T03:05:42","guid":{"rendered":"https:\/\/espak.ee\/epood\/?post_type=product&#038;p=260262"},"modified":"2026-01-28T22:37:04","modified_gmt":"2026-01-28T20:37:04","slug":"sidrunmelissi-rohemundi-kummeli-kettad-baltic-agro","status":"publish","type":"product","link":"https:\/\/espak.ee\/epood\/toode\/sidrunmelissi-rohemundi-kummeli-kettad-baltic-agro\/","title":{"rendered":"SIDRUNMELISSI, ROHEM\u00dcNDI, KUMMELI KETTAD BALTIC AGRO"},"content":{"rendered":"<div class=\"row\"  id=\"row-201596494\">\n\n\t<div id=\"col-2090175628\" class=\"col medium-9 small-12 large-9\"  >\n\t\t\t\t<div class=\"col-inner\"  >\n\t\t\t\n\t\t\t\n<h3>Sidrunmelissi, rohem\u00fcndi, kummeli kettad Baltic Agro<\/h3>\n<p>Komplekt tees\u00f5pradele! Pakendis 3 ravimtaimede seemneketast l\u00e4bim\u00f5\u00f5duga 8 cm: 1) sidrunmeliss 2) rohem\u00fcnt 3) teekummel. <\/p>\n<p>Sidrunmeliss on mitmeaastane maitse-, ravim- ja meetaim. Sobib k\u00f5ikidesse nendesse toitudesse, kuhu sobib sidrun. Sobib suurep\u00e4raselt tee valmistamiseks ja lik\u00f6\u00f6ride maitsestamiseks. Ravimtaimena rahustav ja und soodustav, k\u00fclmetushaigusi, grippi ja astmat leevendav. Taime lehti ja v\u00f5rseid v\u00f5ib ka s\u00fcgavk\u00fclmutada. Kuivatamiseks kogutakse melissilehti enne \u00f5itsemise algust.<\/p>\n<p>Rohem\u00fcnt on mitmeaastane maitse- ja ravimtaim. Sarnaneb piparm\u00fcndiga, aga maitselt mahedam, kuna rohem\u00fcndil on madalam mentooli sisaldus. Lehti kasutatakse magustoitude, salatite, suppide, marinaadide ja jookide maitsestamiseks.  Ravimtaimena p\u00f5letikuvastane, iiveldust ja oksendamist leevendav ning hormoonitaset tasakaalustav.<\/p>\n<p>Teekummel on v\u00e4\u00e4rtuslik ravimtaim, mida kasutatakse eelk\u00f5ige tema p\u00f5letikuvastase toime t\u00f5ttu. Teda tarvitatakse ka k\u00f5huvalu ja tundliku mao korral, kerge unerohuna ja kerge lahtistina. V\u00e4idetavalt suurendab kummeli kasvatamine maitsetaimede l\u00e4heduses nende eeterlike \u00f5lide sisaldust.<br \/>\nKummelit kasvatatakse ka ilutaimena. \u00d5itseb juunist augustini ja on meeldivalt l\u00f5hnav. Kummel paljundab end ise isek\u00fclvi kaudu.<\/p>\n<p><strong>Kasutamine: <\/strong><br \/>\nAseta iga ketas eraldi 10-12 cm l\u00e4bim\u00f5\u00f5duga potti niiske mulla peale, suru mulla vastu. Hoia k\u00fclvid niiskena.<\/p>\n\t\t<\/div>\n\t\t\t\t\t<\/div>\n\n\t\n\n\t<div id=\"col-1169037606\" class=\"col medium-3 small-12 large-3\"  >\n\t\t\t\t<div class=\"col-inner\"  >\n\t\t\t\n\t\t\t\n<p><strong>\u00dcksikasjalikuma n\u00f5u saamiseks v\u00f5tke \u00fchendust:<br \/><\/strong>Baltic Agro AS<br \/> Rukki tee 8<br \/> Lehmja k\u00fcla<br \/> Rae vald<br \/> Telefon +372 606 2260<\/p>\n\t\t<\/div>\n\t\t\t\t\t<\/div>\n\n\t\n<\/div>\n","protected":false},"excerpt":{"rendered":"","protected":false},"featured_media":260289,"comment_status":"closed","ping_status":"closed","template":"","meta":[],"product_brand":[],"product_cat":[2789,2788,3349,3346],"product_tag":[],"class_list":{"0":"post-260262","1":"product","2":"type-product","3":"status-publish","4":"has-post-thumbnail","6":"product_cat-aiatarbed","7":"product_cat-aiatarbed-ja-kodukaubad","8":"product_cat-koogiviljaseemned","9":"product_cat-seemned-ja-sibulad","10":"pa_kaubamark-baltic-agro-as","12":"first","13":"instock","14":"sale","15":"taxable","16":"shipping-taxable","17":"purchasable","18":"product-type-simple"},"yoast_head":"<!-- This site is optimized with the Yoast SEO plugin v26.9 - https:\/\/yoast.com\/product\/yoast-seo-wordpress\/ -->\n<title>SIDRUNMELISSI, ROHEM\u00dcNDI, KUMMELI KETTAD BALTIC AGRO - Espak E-pood<\/title>\n<meta name=\"robots\" content=\"index, follow, max-snippet:-1, max-image-preview:large, max-video-preview:-1\" \/>\n<link rel=\"canonical\" href=\"https:\/\/espak.ee\/epood\/toode\/sidrunmelissi-rohemundi-kummeli-kettad-baltic-agro\/\" \/>\n<meta property=\"og:locale\" content=\"et_EE\" \/>\n<meta property=\"og:type\" content=\"article\" \/>\n<meta property=\"og:title\" content=\"SIDRUNMELISSI, ROHEM\u00dcNDI, KUMMELI KETTAD BALTIC AGRO - Espak E-pood\" \/>\n<meta property=\"og:url\" content=\"https:\/\/espak.ee\/epood\/toode\/sidrunmelissi-rohemundi-kummeli-kettad-baltic-agro\/\" \/>\n<meta property=\"og:site_name\" content=\"Espak E-pood\" \/>\n<meta property=\"article:modified_time\" content=\"2026-01-28T20:37:04+00:00\" \/>\n<meta property=\"og:image\" content=\"https:\/\/espak.ee\/epood\/wp-content\/uploads\/2026\/01\/4744360013343-1.jpg\" \/>\n\t<meta property=\"og:image:width\" content=\"1000\" \/>\n\t<meta property=\"og:image:height\" content=\"1000\" \/>\n\t<meta property=\"og:image:type\" content=\"image\/jpeg\" \/>\n<meta name=\"twitter:card\" content=\"summary_large_image\" \/>\n<meta name=\"twitter:label1\" content=\"Est. reading time\" \/>\n\t<meta name=\"twitter:data1\" content=\"1 minut\" \/>\n<script type=\"application\/ld+json\" class=\"yoast-schema-graph\">{\"@context\":\"https:\/\/schema.org\",\"@graph\":[{\"@type\":\"WebPage\",\"@id\":\"https:\/\/espak.ee\/epood\/toode\/sidrunmelissi-rohemundi-kummeli-kettad-baltic-agro\/\",\"url\":\"https:\/\/espak.ee\/epood\/toode\/sidrunmelissi-rohemundi-kummeli-kettad-baltic-agro\/\",\"name\":\"SIDRUNMELISSI, ROHEM\u00dcNDI, KUMMELI KETTAD BALTIC AGRO - Espak E-pood\",\"isPartOf\":{\"@id\":\"https:\/\/espak.ee\/epood\/#website\"},\"primaryImageOfPage\":{\"@id\":\"https:\/\/espak.ee\/epood\/toode\/sidrunmelissi-rohemundi-kummeli-kettad-baltic-agro\/#primaryimage\"},\"image\":{\"@id\":\"https:\/\/espak.ee\/epood\/toode\/sidrunmelissi-rohemundi-kummeli-kettad-baltic-agro\/#primaryimage\"},\"thumbnailUrl\":\"https:\/\/espak.ee\/epood\/wp-content\/uploads\/2026\/01\/4744360013343-1.jpg\",\"datePublished\":\"2026-01-06T03:05:42+00:00\",\"dateModified\":\"2026-01-28T20:37:04+00:00\",\"breadcrumb\":{\"@id\":\"https:\/\/espak.ee\/epood\/toode\/sidrunmelissi-rohemundi-kummeli-kettad-baltic-agro\/#breadcrumb\"},\"inLanguage\":\"et\",\"potentialAction\":[{\"@type\":\"ReadAction\",\"target\":[\"https:\/\/espak.ee\/epood\/toode\/sidrunmelissi-rohemundi-kummeli-kettad-baltic-agro\/\"]}]},{\"@type\":\"ImageObject\",\"inLanguage\":\"et\",\"@id\":\"https:\/\/espak.ee\/epood\/toode\/sidrunmelissi-rohemundi-kummeli-kettad-baltic-agro\/#primaryimage\",\"url\":\"https:\/\/espak.ee\/epood\/wp-content\/uploads\/2026\/01\/4744360013343-1.jpg\",\"contentUrl\":\"https:\/\/espak.ee\/epood\/wp-content\/uploads\/2026\/01\/4744360013343-1.jpg\",\"width\":1000,\"height\":1000},{\"@type\":\"BreadcrumbList\",\"@id\":\"https:\/\/espak.ee\/epood\/toode\/sidrunmelissi-rohemundi-kummeli-kettad-baltic-agro\/#breadcrumb\",\"itemListElement\":[{\"@type\":\"ListItem\",\"position\":1,\"name\":\"Home\",\"item\":\"https:\/\/espak.ee\/epood\/\"},{\"@type\":\"ListItem\",\"position\":2,\"name\":\"Tootevalik\",\"item\":\"https:\/\/espak.ee\/epood\/tootevalik\/\"},{\"@type\":\"ListItem\",\"position\":3,\"name\":\"SIDRUNMELISSI, ROHEM\u00dcNDI, KUMMELI KETTAD BALTIC AGRO\"}]},{\"@type\":\"WebSite\",\"@id\":\"https:\/\/espak.ee\/epood\/#website\",\"url\":\"https:\/\/espak.ee\/epood\/\",\"name\":\"Espak E-pood\",\"description\":\"\",\"potentialAction\":[{\"@type\":\"SearchAction\",\"target\":{\"@type\":\"EntryPoint\",\"urlTemplate\":\"https:\/\/espak.ee\/epood\/?s={search_term_string}\"},\"query-input\":{\"@type\":\"PropertyValueSpecification\",\"valueRequired\":true,\"valueName\":\"search_term_string\"}}],\"inLanguage\":\"et\"}]}<\/script>\n<!-- \/ Yoast SEO plugin. -->","yoast_head_json":{"title":"SIDRUNMELISSI, ROHEM\u00dcNDI, KUMMELI KETTAD BALTIC AGRO - Espak E-pood","robots":{"index":"index","follow":"follow","max-snippet":"max-snippet:-1","max-image-preview":"max-image-preview:large","max-video-preview":"max-video-preview:-1"},"canonical":"https:\/\/espak.ee\/epood\/toode\/sidrunmelissi-rohemundi-kummeli-kettad-baltic-agro\/","og_locale":"et_EE","og_type":"article","og_title":"SIDRUNMELISSI, ROHEM\u00dcNDI, KUMMELI KETTAD BALTIC AGRO - Espak E-pood","og_url":"https:\/\/espak.ee\/epood\/toode\/sidrunmelissi-rohemundi-kummeli-kettad-baltic-agro\/","og_site_name":"Espak E-pood","article_modified_time":"2026-01-28T20:37:04+00:00","og_image":[{"width":1000,"height":1000,"url":"https:\/\/espak.ee\/epood\/wp-content\/uploads\/2026\/01\/4744360013343-1.jpg","type":"image\/jpeg"}],"twitter_card":"summary_large_image","twitter_misc":{"Est. reading time":"1 minut"},"schema":{"@context":"https:\/\/schema.org","@graph":[{"@type":"WebPage","@id":"https:\/\/espak.ee\/epood\/toode\/sidrunmelissi-rohemundi-kummeli-kettad-baltic-agro\/","url":"https:\/\/espak.ee\/epood\/toode\/sidrunmelissi-rohemundi-kummeli-kettad-baltic-agro\/","name":"SIDRUNMELISSI, ROHEM\u00dcNDI, KUMMELI KETTAD BALTIC AGRO - Espak E-pood","isPartOf":{"@id":"https:\/\/espak.ee\/epood\/#website"},"primaryImageOfPage":{"@id":"https:\/\/espak.ee\/epood\/toode\/sidrunmelissi-rohemundi-kummeli-kettad-baltic-agro\/#primaryimage"},"image":{"@id":"https:\/\/espak.ee\/epood\/toode\/sidrunmelissi-rohemundi-kummeli-kettad-baltic-agro\/#primaryimage"},"thumbnailUrl":"https:\/\/espak.ee\/epood\/wp-content\/uploads\/2026\/01\/4744360013343-1.jpg","datePublished":"2026-01-06T03:05:42+00:00","dateModified":"2026-01-28T20:37:04+00:00","breadcrumb":{"@id":"https:\/\/espak.ee\/epood\/toode\/sidrunmelissi-rohemundi-kummeli-kettad-baltic-agro\/#breadcrumb"},"inLanguage":"et","potentialAction":[{"@type":"ReadAction","target":["https:\/\/espak.ee\/epood\/toode\/sidrunmelissi-rohemundi-kummeli-kettad-baltic-agro\/"]}]},{"@type":"ImageObject","inLanguage":"et","@id":"https:\/\/espak.ee\/epood\/toode\/sidrunmelissi-rohemundi-kummeli-kettad-baltic-agro\/#primaryimage","url":"https:\/\/espak.ee\/epood\/wp-content\/uploads\/2026\/01\/4744360013343-1.jpg","contentUrl":"https:\/\/espak.ee\/epood\/wp-content\/uploads\/2026\/01\/4744360013343-1.jpg","width":1000,"height":1000},{"@type":"BreadcrumbList","@id":"https:\/\/espak.ee\/epood\/toode\/sidrunmelissi-rohemundi-kummeli-kettad-baltic-agro\/#breadcrumb","itemListElement":[{"@type":"ListItem","position":1,"name":"Home","item":"https:\/\/espak.ee\/epood\/"},{"@type":"ListItem","position":2,"name":"Tootevalik","item":"https:\/\/espak.ee\/epood\/tootevalik\/"},{"@type":"ListItem","position":3,"name":"SIDRUNMELISSI, ROHEM\u00dcNDI, KUMMELI KETTAD BALTIC AGRO"}]},{"@type":"WebSite","@id":"https:\/\/espak.ee\/epood\/#website","url":"https:\/\/espak.ee\/epood\/","name":"Espak E-pood","description":"","potentialAction":[{"@type":"SearchAction","target":{"@type":"EntryPoint","urlTemplate":"https:\/\/espak.ee\/epood\/?s={search_term_string}"},"query-input":{"@type":"PropertyValueSpecification","valueRequired":true,"valueName":"search_term_string"}}],"inLanguage":"et"}]}},"_links":{"self":[{"href":"https:\/\/espak.ee\/epood\/wp-json\/wp\/v2\/product\/260262","targetHints":{"allow":["GET"]}}],"collection":[{"href":"https:\/\/espak.ee\/epood\/wp-json\/wp\/v2\/product"}],"about":[{"href":"https:\/\/espak.ee\/epood\/wp-json\/wp\/v2\/types\/product"}],"replies":[{"embeddable":true,"href":"https:\/\/espak.ee\/epood\/wp-json\/wp\/v2\/comments?post=260262"}],"wp:featuredmedia":[{"embeddable":true,"href":"https:\/\/espak.ee\/epood\/wp-json\/wp\/v2\/media\/260289"}],"wp:attachment":[{"href":"https:\/\/espak.ee\/epood\/wp-json\/wp\/v2\/media?parent=260262"}],"wp:term":[{"taxonomy":"product_brand","embeddable":true,"href":"https:\/\/espak.ee\/epood\/wp-json\/wp\/v2\/product_brand?post=260262"},{"taxonomy":"product_cat","embeddable":true,"href":"https:\/\/espak.ee\/epood\/wp-json\/wp\/v2\/product_cat?post=260262"},{"taxonomy":"product_tag","embeddable":true,"href":"https:\/\/espak.ee\/epood\/wp-json\/wp\/v2\/product_tag?post=260262"}],"curies":[{"name":"wp","href":"https:\/\/api.w.org\/{rel}","templated":true}]}}