{"id":260222,"date":"2026-01-06T05:05:02","date_gmt":"2026-01-06T03:05:02","guid":{"rendered":"https:\/\/espak.ee\/epood\/?post_type=product&#038;p=260222"},"modified":"2026-01-07T15:54:37","modified_gmt":"2026-01-07T13:54:37","slug":"dusiuks-cool-cosd2-120-kroom-klaas-transparent-ravak-tellimisel","status":"publish","type":"product","link":"https:\/\/espak.ee\/epood\/toode\/dusiuks-cool-cosd2-120-kroom-klaas-transparent-ravak-tellimisel\/","title":{"rendered":"DU\u0160IUKS COOL! COSD2-120 KROOM + KLAAS TRANSPARENT RAVAK &#8211; TELLIMISEL"},"content":{"rendered":"<div class=\"row\"  id=\"row-1693002813\">\n\n\t<div id=\"col-1183449873\" class=\"col medium-9 small-12 large-9\"  >\n\t\t\t\t<div class=\"col-inner\"  >\n\t\t\t\n\t\t\t\n<h2>Du\u0161iuks Cool! COSD2-120 kroom + klaas Transparent Ravak &#8211; TELLIMISEL<\/h2>\n<p>Kaheosaline du\u0161iuks COOL! L\u00e4ikiv kroom v\u00f5i must. T\u00e4iteaine on valmistatud l\u00e4bipaistvast klaasist, millel on RAVAK Anticalc\u00ae kaitsekiht peal. Kaasaegne hingede avamise s\u00fcsteem, saadaval vasak ja parem variant. Ideaalne lahendus du\u0161iruumi loomiseks 100 &#8211; 120 cm laiusesse ni\u0161\u0161i.<\/p>\n<div class=\"is-divider divider clearfix\" ><\/div>\n&#8211; T\u00fc\u00fcplahendus: p\u00f6\u00f6ratav toode (L\/R)<br \/>\n&#8211; V\u00e4rvilahendus: must<br \/>\n&#8211; Ohutust klaasist vitraa\u017e: 6 mm; Transparent<br \/>\n&#8211; Toote k\u00f5rgus: 195 cm<br \/>\n&#8211; Garantii: 5 aastat<\/p>\n\t<div id=\"gap-1055283972\" class=\"gap-element clearfix\" style=\"display:block; height:auto;\">\n\t\t\n<style>\n#gap-1055283972 {\n  padding-top: 30px;\n}\n<\/style>\n\t<\/div>\n\t\nP\u00e4rast toote 180\u00b0 p\u00f6\u00f6ramist saate v\u00f5imaluse avada uks vasakule v\u00f5i paremale. Toode paigaldatakse ni\u0161\u0161i v\u00f5i koos COPS klaasseinaga, RAVAK Gigant, Gigant Pro, Gigant Pro Flat, Gigant Pro alusele v\u00f5i otse p\u00f5randale. Hoidja kuulub komplekti. CONPS reguleerimisprofiiliga saab du\u0161i ust laiendada kuni 25 mm (magnetiga k\u00fcljel ja sobib ainult ni\u0161\u0161ikasutuseks).\n<\/p>\n\t<div id=\"gap-715909260\" class=\"gap-element clearfix\" style=\"display:block; height:auto;\">\n\t\t\n<style>\n#gap-715909260 {\n  padding-top: 30px;\n}\n<\/style>\n\t<\/div>\n\t\n\t\t<\/div>\n\t\t\t\t\t<\/div>\n\n\t\n\n\t<div id=\"col-1453356057\" class=\"col medium-3 small-12 large-3\"  >\n\t\t\t\t<div class=\"col-inner\"  >\n\t\t\t\n\t\t\t\n<div class=\"is-divider divider clearfix\" ><\/div>\n<p><strong>\u00dcksikasjalikuma n\u00f5u saamiseks v\u00f5tke \u00fchendust:<br \/><\/strong> Ravak Baltic UAB<br \/><a href=\"mailto:info@ravak.ee\">info@ravak.ee<\/a><\/p>\n<div class=\"is-divider divider clearfix\" ><\/div>\n\t\t<\/div>\n\t\t\t\t\t<\/div>\n\n\t\n<\/div>\n","protected":false},"excerpt":{"rendered":"","protected":false},"featured_media":232997,"comment_status":"closed","ping_status":"closed","template":"","meta":[],"product_brand":[],"product_cat":[2819,2820,4950,4949],"product_tag":[],"class_list":{"0":"post-260222","1":"product","2":"type-product","3":"status-publish","4":"has-post-thumbnail","6":"product_cat-sanitaartehnika","7":"product_cat-sanitaartehnika-sanitaartehnika","8":"product_cat-vann-dushikabiinid","9":"product_cat-vannid-ja-dushinurgad","10":"pa_kaubamark-ravak-baltic-uab","12":"first","13":"onbackorder","14":"sale","15":"taxable","16":"shipping-taxable","17":"purchasable","18":"product-type-simple"},"yoast_head":"<!-- This site is optimized with the Yoast SEO plugin v26.9 - https:\/\/yoast.com\/product\/yoast-seo-wordpress\/ -->\n<title>DU\u0160IUKS COOL! COSD2-120 KROOM + KLAAS TRANSPARENT RAVAK - TELLIMISEL - Espak E-pood<\/title>\n<meta name=\"robots\" content=\"index, follow, max-snippet:-1, max-image-preview:large, max-video-preview:-1\" \/>\n<link rel=\"canonical\" href=\"https:\/\/espak.ee\/epood\/toode\/dusiuks-cool-cosd2-120-kroom-klaas-transparent-ravak-tellimisel\/\" \/>\n<meta property=\"og:locale\" content=\"et_EE\" \/>\n<meta property=\"og:type\" content=\"article\" \/>\n<meta property=\"og:title\" content=\"DU\u0160IUKS COOL! COSD2-120 KROOM + KLAAS TRANSPARENT RAVAK - TELLIMISEL - Espak E-pood\" \/>\n<meta property=\"og:url\" content=\"https:\/\/espak.ee\/epood\/toode\/dusiuks-cool-cosd2-120-kroom-klaas-transparent-ravak-tellimisel\/\" \/>\n<meta property=\"og:site_name\" content=\"Espak E-pood\" \/>\n<meta property=\"article:modified_time\" content=\"2026-01-07T13:54:37+00:00\" \/>\n<meta property=\"og:image\" content=\"https:\/\/espak.ee\/epood\/wp-content\/uploads\/2025\/04\/cosd2-celek_chrom-2.jpg\" \/>\n\t<meta property=\"og:image:width\" content=\"1000\" \/>\n\t<meta property=\"og:image:height\" content=\"1000\" \/>\n\t<meta property=\"og:image:type\" content=\"image\/jpeg\" \/>\n<meta name=\"twitter:card\" content=\"summary_large_image\" \/>\n<meta name=\"twitter:label1\" content=\"Est. reading time\" \/>\n\t<meta name=\"twitter:data1\" content=\"1 minut\" \/>\n<script type=\"application\/ld+json\" class=\"yoast-schema-graph\">{\"@context\":\"https:\/\/schema.org\",\"@graph\":[{\"@type\":\"WebPage\",\"@id\":\"https:\/\/espak.ee\/epood\/toode\/dusiuks-cool-cosd2-120-kroom-klaas-transparent-ravak-tellimisel\/\",\"url\":\"https:\/\/espak.ee\/epood\/toode\/dusiuks-cool-cosd2-120-kroom-klaas-transparent-ravak-tellimisel\/\",\"name\":\"DU\u0160IUKS COOL! COSD2-120 KROOM + KLAAS TRANSPARENT RAVAK - TELLIMISEL - Espak E-pood\",\"isPartOf\":{\"@id\":\"https:\/\/espak.ee\/epood\/#website\"},\"primaryImageOfPage\":{\"@id\":\"https:\/\/espak.ee\/epood\/toode\/dusiuks-cool-cosd2-120-kroom-klaas-transparent-ravak-tellimisel\/#primaryimage\"},\"image\":{\"@id\":\"https:\/\/espak.ee\/epood\/toode\/dusiuks-cool-cosd2-120-kroom-klaas-transparent-ravak-tellimisel\/#primaryimage\"},\"thumbnailUrl\":\"https:\/\/espak.ee\/epood\/wp-content\/uploads\/2025\/04\/cosd2-celek_chrom-2.jpg\",\"datePublished\":\"2026-01-06T03:05:02+00:00\",\"dateModified\":\"2026-01-07T13:54:37+00:00\",\"breadcrumb\":{\"@id\":\"https:\/\/espak.ee\/epood\/toode\/dusiuks-cool-cosd2-120-kroom-klaas-transparent-ravak-tellimisel\/#breadcrumb\"},\"inLanguage\":\"et\",\"potentialAction\":[{\"@type\":\"ReadAction\",\"target\":[\"https:\/\/espak.ee\/epood\/toode\/dusiuks-cool-cosd2-120-kroom-klaas-transparent-ravak-tellimisel\/\"]}]},{\"@type\":\"ImageObject\",\"inLanguage\":\"et\",\"@id\":\"https:\/\/espak.ee\/epood\/toode\/dusiuks-cool-cosd2-120-kroom-klaas-transparent-ravak-tellimisel\/#primaryimage\",\"url\":\"https:\/\/espak.ee\/epood\/wp-content\/uploads\/2025\/04\/cosd2-celek_chrom-2.jpg\",\"contentUrl\":\"https:\/\/espak.ee\/epood\/wp-content\/uploads\/2025\/04\/cosd2-celek_chrom-2.jpg\",\"width\":1000,\"height\":1000},{\"@type\":\"BreadcrumbList\",\"@id\":\"https:\/\/espak.ee\/epood\/toode\/dusiuks-cool-cosd2-120-kroom-klaas-transparent-ravak-tellimisel\/#breadcrumb\",\"itemListElement\":[{\"@type\":\"ListItem\",\"position\":1,\"name\":\"Home\",\"item\":\"https:\/\/espak.ee\/epood\/\"},{\"@type\":\"ListItem\",\"position\":2,\"name\":\"Tootevalik\",\"item\":\"https:\/\/espak.ee\/epood\/tootevalik\/\"},{\"@type\":\"ListItem\",\"position\":3,\"name\":\"DU\u0160IUKS COOL! COSD2-120 KROOM + KLAAS TRANSPARENT RAVAK &#8211; TELLIMISEL\"}]},{\"@type\":\"WebSite\",\"@id\":\"https:\/\/espak.ee\/epood\/#website\",\"url\":\"https:\/\/espak.ee\/epood\/\",\"name\":\"Espak E-pood\",\"description\":\"\",\"potentialAction\":[{\"@type\":\"SearchAction\",\"target\":{\"@type\":\"EntryPoint\",\"urlTemplate\":\"https:\/\/espak.ee\/epood\/?s={search_term_string}\"},\"query-input\":{\"@type\":\"PropertyValueSpecification\",\"valueRequired\":true,\"valueName\":\"search_term_string\"}}],\"inLanguage\":\"et\"}]}<\/script>\n<!-- \/ Yoast SEO plugin. -->","yoast_head_json":{"title":"DU\u0160IUKS COOL! COSD2-120 KROOM + KLAAS TRANSPARENT RAVAK - TELLIMISEL - Espak E-pood","robots":{"index":"index","follow":"follow","max-snippet":"max-snippet:-1","max-image-preview":"max-image-preview:large","max-video-preview":"max-video-preview:-1"},"canonical":"https:\/\/espak.ee\/epood\/toode\/dusiuks-cool-cosd2-120-kroom-klaas-transparent-ravak-tellimisel\/","og_locale":"et_EE","og_type":"article","og_title":"DU\u0160IUKS COOL! COSD2-120 KROOM + KLAAS TRANSPARENT RAVAK - TELLIMISEL - Espak E-pood","og_url":"https:\/\/espak.ee\/epood\/toode\/dusiuks-cool-cosd2-120-kroom-klaas-transparent-ravak-tellimisel\/","og_site_name":"Espak E-pood","article_modified_time":"2026-01-07T13:54:37+00:00","og_image":[{"width":1000,"height":1000,"url":"https:\/\/espak.ee\/epood\/wp-content\/uploads\/2025\/04\/cosd2-celek_chrom-2.jpg","type":"image\/jpeg"}],"twitter_card":"summary_large_image","twitter_misc":{"Est. reading time":"1 minut"},"schema":{"@context":"https:\/\/schema.org","@graph":[{"@type":"WebPage","@id":"https:\/\/espak.ee\/epood\/toode\/dusiuks-cool-cosd2-120-kroom-klaas-transparent-ravak-tellimisel\/","url":"https:\/\/espak.ee\/epood\/toode\/dusiuks-cool-cosd2-120-kroom-klaas-transparent-ravak-tellimisel\/","name":"DU\u0160IUKS COOL! COSD2-120 KROOM + KLAAS TRANSPARENT RAVAK - TELLIMISEL - Espak E-pood","isPartOf":{"@id":"https:\/\/espak.ee\/epood\/#website"},"primaryImageOfPage":{"@id":"https:\/\/espak.ee\/epood\/toode\/dusiuks-cool-cosd2-120-kroom-klaas-transparent-ravak-tellimisel\/#primaryimage"},"image":{"@id":"https:\/\/espak.ee\/epood\/toode\/dusiuks-cool-cosd2-120-kroom-klaas-transparent-ravak-tellimisel\/#primaryimage"},"thumbnailUrl":"https:\/\/espak.ee\/epood\/wp-content\/uploads\/2025\/04\/cosd2-celek_chrom-2.jpg","datePublished":"2026-01-06T03:05:02+00:00","dateModified":"2026-01-07T13:54:37+00:00","breadcrumb":{"@id":"https:\/\/espak.ee\/epood\/toode\/dusiuks-cool-cosd2-120-kroom-klaas-transparent-ravak-tellimisel\/#breadcrumb"},"inLanguage":"et","potentialAction":[{"@type":"ReadAction","target":["https:\/\/espak.ee\/epood\/toode\/dusiuks-cool-cosd2-120-kroom-klaas-transparent-ravak-tellimisel\/"]}]},{"@type":"ImageObject","inLanguage":"et","@id":"https:\/\/espak.ee\/epood\/toode\/dusiuks-cool-cosd2-120-kroom-klaas-transparent-ravak-tellimisel\/#primaryimage","url":"https:\/\/espak.ee\/epood\/wp-content\/uploads\/2025\/04\/cosd2-celek_chrom-2.jpg","contentUrl":"https:\/\/espak.ee\/epood\/wp-content\/uploads\/2025\/04\/cosd2-celek_chrom-2.jpg","width":1000,"height":1000},{"@type":"BreadcrumbList","@id":"https:\/\/espak.ee\/epood\/toode\/dusiuks-cool-cosd2-120-kroom-klaas-transparent-ravak-tellimisel\/#breadcrumb","itemListElement":[{"@type":"ListItem","position":1,"name":"Home","item":"https:\/\/espak.ee\/epood\/"},{"@type":"ListItem","position":2,"name":"Tootevalik","item":"https:\/\/espak.ee\/epood\/tootevalik\/"},{"@type":"ListItem","position":3,"name":"DU\u0160IUKS COOL! COSD2-120 KROOM + KLAAS TRANSPARENT RAVAK &#8211; TELLIMISEL"}]},{"@type":"WebSite","@id":"https:\/\/espak.ee\/epood\/#website","url":"https:\/\/espak.ee\/epood\/","name":"Espak E-pood","description":"","potentialAction":[{"@type":"SearchAction","target":{"@type":"EntryPoint","urlTemplate":"https:\/\/espak.ee\/epood\/?s={search_term_string}"},"query-input":{"@type":"PropertyValueSpecification","valueRequired":true,"valueName":"search_term_string"}}],"inLanguage":"et"}]}},"_links":{"self":[{"href":"https:\/\/espak.ee\/epood\/wp-json\/wp\/v2\/product\/260222","targetHints":{"allow":["GET"]}}],"collection":[{"href":"https:\/\/espak.ee\/epood\/wp-json\/wp\/v2\/product"}],"about":[{"href":"https:\/\/espak.ee\/epood\/wp-json\/wp\/v2\/types\/product"}],"replies":[{"embeddable":true,"href":"https:\/\/espak.ee\/epood\/wp-json\/wp\/v2\/comments?post=260222"}],"wp:featuredmedia":[{"embeddable":true,"href":"https:\/\/espak.ee\/epood\/wp-json\/wp\/v2\/media\/232997"}],"wp:attachment":[{"href":"https:\/\/espak.ee\/epood\/wp-json\/wp\/v2\/media?parent=260222"}],"wp:term":[{"taxonomy":"product_brand","embeddable":true,"href":"https:\/\/espak.ee\/epood\/wp-json\/wp\/v2\/product_brand?post=260222"},{"taxonomy":"product_cat","embeddable":true,"href":"https:\/\/espak.ee\/epood\/wp-json\/wp\/v2\/product_cat?post=260222"},{"taxonomy":"product_tag","embeddable":true,"href":"https:\/\/espak.ee\/epood\/wp-json\/wp\/v2\/product_tag?post=260222"}],"curies":[{"name":"wp","href":"https:\/\/api.w.org\/{rel}","templated":true}]}}