{"id":260218,"date":"2026-01-06T05:05:02","date_gmt":"2026-01-06T03:05:02","guid":{"rendered":"https:\/\/espak.ee\/epood\/?post_type=product&#038;p=260218"},"modified":"2026-03-22T09:30:53","modified_gmt":"2026-03-22T07:30:53","slug":"orhideemuld-substral-3losmocote","status":"publish","type":"product","link":"https:\/\/espak.ee\/epood\/toode\/orhideemuld-substral-3losmocote\/","title":{"rendered":"ORHIDEEMULD SUBSTRAL 3L+OSMOCOTE"},"content":{"rendered":"<div class=\"row\"  id=\"row-581478895\">\n\n\t<div id=\"col-1706941332\" class=\"col medium-9 small-12 large-9\"  >\n\t\t\t\t<div class=\"col-inner\"  >\n\t\t\t\n\t\t\t\n<h2>Orhidee muld + Osmocote\u00ae 3L<\/h2>\n<p>Kasutusvalmis substraat, mis on ette n\u00e4htud k\u00f5ikide orhideeliikide ja teiste epif\u00fc\u00fctide istutamiseks ja \u00fcmberistutamiseks. Substraat on kohandatud orhideede erivajadustele, pakkudes taimedele piisavalt \u00f5hulisust, drenaa\u017ei ning olulisi toitaineid, millele on lisatud v\u00e4etist tervisliku kasvu toetamiseks. Substraadi pH vahemikus 5,0\u20136,0 tagab optimaalsed tingimused kasvuks ja \u00f5itsemiseks.<\/p>\n\t<div id=\"gap-953528563\" class=\"gap-element clearfix\" style=\"display:block; height:auto;\">\n\t\t\n<style>\n#gap-953528563 {\n  padding-top: 30px;\n}\n<\/style>\n\t<\/div>\n\t\n<h3>Kasutamise \u00fcksikasjad<\/h3>\n<p><strong>Kasutamine:<\/strong><br \/>\n\u2013 Orhideele meeldivad valgusk\u00fcllased kasvukohad, mis ei ole avatud otsestele p\u00e4ikesekiirtele.<br \/>\n\u2013 Kasvatada soovituslikult l\u00e4bipaistvates anumates.<br \/>\n\u2013 Orhideede kastmisel kasutada veevanni. Asetage pott veega t\u00e4idetud anumasse ja hoidke seni kuni kogu substraat on niisutatud (ca\u201910-15 min).<br \/>\n\u2013 P\u00e4rast \u201cveevanni\u201d eemaldage lillepotist liigne vesi.<br \/>\n\u2013 \u00d5itsemisj\u00e4rgse v\u00f5rse kasvu esilekutsumiseks tuleks taim viia \u201estressi\u201c, st asetada 5-6 kraadi jahedamasse kohta.<\/p>\n<p>Orhideed jt epif\u00fc\u00fcdid istutatakse \u00fcmber arvestades liigilist erip\u00e4ra  p\u00e4rast \u00f5itsemist vastavalt vajadusele kui substraat on lagunenud v\u00f5i taim ei seisa p\u00fcsti.<\/p>\n<p><p><strong>Koostis:<\/strong> Turbavaba koostis: kompostitud m\u00e4nnikoor, kookoslaastud, Osmocote\u00ae pikatoimeline v\u00e4etis NPK 15-09-11 pH: 5,0-6,0 (H2O) vesilahuse el.juhtivus EC: alla 50 mS\/m Vorm: tahke, lahtine. Fraktsioon 0-20 mm<\/p>\n<p>Substraat on rikastatud Osmocote\u00ae pikatoimelise baasv\u00e4etisega, mis eraldab pinnasesse iga p\u00e4ev v\u00e4ikese annuse toitaineid substraadi temperatuuri ja niiskuse m\u00f5jul. Osmocote\u00ae v\u00e4etis on v\u00e4ga t\u00f5hus ja taimedele ohutu granuleeritud v\u00e4etis, mis vabastab toitaineid aeglaselt kuni 6 kuu jooksul, olenevalt taime kasvukiirusest. T\u00e4nu v\u00e4etise sisaldusele, mis on makrotoitainete allika ja substraadi sobivale l\u00e4bilaskvusele on orhideedel sobivad tingimused lopsakaks kasvuks ja \u00f5itsemiseks.<br \/>\nNB!: V\u00e4etisekest laguneb alles aasta p\u00e4rast, vabastades eelnevalt sees oleva v\u00e4etise.<\/p>\n<p><strong>Hoidmine ja s\u00e4ilitamine: <\/strong>Kandke alati kindaid. P\u00e4rast kasutamist pesta k\u00e4ed. Hoidke kotti p\u00e4rast kasutamist ja ladustamise ajal suletuna, et v\u00e4ltida substraadi kuivamist. Pikaajaline ladustamine v\u00f5ib m\u00f5jutada toimet. Hoida originaalpakendis, kuivas ja varjulises kohas. Hoida lastele ja loomadele k\u00e4ttesaamatus kohas. Hoida pestitsiididest eemal. L\u00e4bik\u00fclmumine ei muuda mulla struktuuri. S\u00e4ilitamise ja kasutamise aeg ei ole piiratud.<\/p>\n\t\t<\/div>\n\t\t\t\t\t<\/div>\n\n\t\n\n\t<div id=\"col-432540117\" class=\"col medium-3 small-12 large-3\"  >\n\t\t\t\t<div class=\"col-inner\"  >\n\t\t\t\n\t\t\t\n\t<div id=\"gap-1578271301\" class=\"gap-element clearfix\" style=\"display:block; height:auto;\">\n\t\t\n<style>\n#gap-1578271301 {\n  padding-top: 30px;\n}\n<\/style>\n\t<\/div>\n\t\n<div class=\"is-divider divider clearfix\" ><\/div>\n<p><strong>\u00dcksikasjalikuma n\u00f5u saamiseks v\u00f5tke \u00fchendust:<br \/><\/strong>Innotrade Group O\u00dc<br \/>Kanali tee 6<br \/>10112<br \/>Tallinn<br \/>+372 5047793<\/p>\n<div class=\"is-divider divider clearfix\" ><\/div>\n\t\t<\/div>\n\t\t\t\t\t<\/div>\n\n\t\n<\/div>\n","protected":false},"excerpt":{"rendered":"","protected":false},"featured_media":260346,"comment_status":"closed","ping_status":"closed","template":"","meta":[],"product_brand":[],"product_cat":[2789,2788,2879,2880],"product_tag":[],"class_list":{"0":"post-260218","1":"product","2":"type-product","3":"status-publish","4":"has-post-thumbnail","6":"product_cat-aiatarbed","7":"product_cat-aiatarbed-ja-kodukaubad","8":"product_cat-aiaturbad-ja-mullad","9":"product_cat-lillemullad","10":"pa_kaubamark-evergreen-garden-care","12":"first","13":"instock","14":"sale","15":"taxable","16":"shipping-taxable","17":"purchasable","18":"product-type-simple"},"yoast_head":"<!-- This site is optimized with the Yoast SEO plugin v26.9 - https:\/\/yoast.com\/product\/yoast-seo-wordpress\/ -->\n<title>ORHIDEEMULD SUBSTRAL 3L+OSMOCOTE - Espak E-pood<\/title>\n<meta name=\"robots\" content=\"index, follow, max-snippet:-1, max-image-preview:large, max-video-preview:-1\" \/>\n<link rel=\"canonical\" href=\"https:\/\/espak.ee\/epood\/toode\/orhideemuld-substral-3losmocote\/\" \/>\n<meta property=\"og:locale\" content=\"et_EE\" \/>\n<meta property=\"og:type\" content=\"article\" \/>\n<meta property=\"og:title\" content=\"ORHIDEEMULD SUBSTRAL 3L+OSMOCOTE - Espak E-pood\" \/>\n<meta property=\"og:url\" content=\"https:\/\/espak.ee\/epood\/toode\/orhideemuld-substral-3losmocote\/\" \/>\n<meta property=\"og:site_name\" content=\"Espak E-pood\" \/>\n<meta property=\"article:modified_time\" content=\"2026-03-22T07:30:53+00:00\" \/>\n<meta property=\"og:image\" content=\"https:\/\/espak.ee\/epood\/wp-content\/uploads\/2026\/01\/10563T_UUS-ORHIDEE-3L-OSMOCOTE.jpg\" \/>\n\t<meta property=\"og:image:width\" content=\"1000\" \/>\n\t<meta property=\"og:image:height\" content=\"1000\" \/>\n\t<meta property=\"og:image:type\" content=\"image\/jpeg\" \/>\n<meta name=\"twitter:card\" content=\"summary_large_image\" \/>\n<meta name=\"twitter:label1\" content=\"Est. reading time\" \/>\n\t<meta name=\"twitter:data1\" content=\"2 minutit\" \/>\n<script type=\"application\/ld+json\" class=\"yoast-schema-graph\">{\"@context\":\"https:\/\/schema.org\",\"@graph\":[{\"@type\":\"WebPage\",\"@id\":\"https:\/\/espak.ee\/epood\/toode\/orhideemuld-substral-3losmocote\/\",\"url\":\"https:\/\/espak.ee\/epood\/toode\/orhideemuld-substral-3losmocote\/\",\"name\":\"ORHIDEEMULD SUBSTRAL 3L+OSMOCOTE - Espak E-pood\",\"isPartOf\":{\"@id\":\"https:\/\/espak.ee\/epood\/#website\"},\"primaryImageOfPage\":{\"@id\":\"https:\/\/espak.ee\/epood\/toode\/orhideemuld-substral-3losmocote\/#primaryimage\"},\"image\":{\"@id\":\"https:\/\/espak.ee\/epood\/toode\/orhideemuld-substral-3losmocote\/#primaryimage\"},\"thumbnailUrl\":\"https:\/\/espak.ee\/epood\/wp-content\/uploads\/2026\/01\/10563T_UUS-ORHIDEE-3L-OSMOCOTE.jpg\",\"datePublished\":\"2026-01-06T03:05:02+00:00\",\"dateModified\":\"2026-03-22T07:30:53+00:00\",\"breadcrumb\":{\"@id\":\"https:\/\/espak.ee\/epood\/toode\/orhideemuld-substral-3losmocote\/#breadcrumb\"},\"inLanguage\":\"et\",\"potentialAction\":[{\"@type\":\"ReadAction\",\"target\":[\"https:\/\/espak.ee\/epood\/toode\/orhideemuld-substral-3losmocote\/\"]}]},{\"@type\":\"ImageObject\",\"inLanguage\":\"et\",\"@id\":\"https:\/\/espak.ee\/epood\/toode\/orhideemuld-substral-3losmocote\/#primaryimage\",\"url\":\"https:\/\/espak.ee\/epood\/wp-content\/uploads\/2026\/01\/10563T_UUS-ORHIDEE-3L-OSMOCOTE.jpg\",\"contentUrl\":\"https:\/\/espak.ee\/epood\/wp-content\/uploads\/2026\/01\/10563T_UUS-ORHIDEE-3L-OSMOCOTE.jpg\",\"width\":1000,\"height\":1000},{\"@type\":\"BreadcrumbList\",\"@id\":\"https:\/\/espak.ee\/epood\/toode\/orhideemuld-substral-3losmocote\/#breadcrumb\",\"itemListElement\":[{\"@type\":\"ListItem\",\"position\":1,\"name\":\"Home\",\"item\":\"https:\/\/espak.ee\/epood\/\"},{\"@type\":\"ListItem\",\"position\":2,\"name\":\"Tootevalik\",\"item\":\"https:\/\/espak.ee\/epood\/tootevalik\/\"},{\"@type\":\"ListItem\",\"position\":3,\"name\":\"ORHIDEEMULD SUBSTRAL 3L+OSMOCOTE\"}]},{\"@type\":\"WebSite\",\"@id\":\"https:\/\/espak.ee\/epood\/#website\",\"url\":\"https:\/\/espak.ee\/epood\/\",\"name\":\"Espak E-pood\",\"description\":\"\",\"potentialAction\":[{\"@type\":\"SearchAction\",\"target\":{\"@type\":\"EntryPoint\",\"urlTemplate\":\"https:\/\/espak.ee\/epood\/?s={search_term_string}\"},\"query-input\":{\"@type\":\"PropertyValueSpecification\",\"valueRequired\":true,\"valueName\":\"search_term_string\"}}],\"inLanguage\":\"et\"}]}<\/script>\n<!-- \/ Yoast SEO plugin. -->","yoast_head_json":{"title":"ORHIDEEMULD SUBSTRAL 3L+OSMOCOTE - Espak E-pood","robots":{"index":"index","follow":"follow","max-snippet":"max-snippet:-1","max-image-preview":"max-image-preview:large","max-video-preview":"max-video-preview:-1"},"canonical":"https:\/\/espak.ee\/epood\/toode\/orhideemuld-substral-3losmocote\/","og_locale":"et_EE","og_type":"article","og_title":"ORHIDEEMULD SUBSTRAL 3L+OSMOCOTE - Espak E-pood","og_url":"https:\/\/espak.ee\/epood\/toode\/orhideemuld-substral-3losmocote\/","og_site_name":"Espak E-pood","article_modified_time":"2026-03-22T07:30:53+00:00","og_image":[{"width":1000,"height":1000,"url":"https:\/\/espak.ee\/epood\/wp-content\/uploads\/2026\/01\/10563T_UUS-ORHIDEE-3L-OSMOCOTE.jpg","type":"image\/jpeg"}],"twitter_card":"summary_large_image","twitter_misc":{"Est. reading time":"2 minutit"},"schema":{"@context":"https:\/\/schema.org","@graph":[{"@type":"WebPage","@id":"https:\/\/espak.ee\/epood\/toode\/orhideemuld-substral-3losmocote\/","url":"https:\/\/espak.ee\/epood\/toode\/orhideemuld-substral-3losmocote\/","name":"ORHIDEEMULD SUBSTRAL 3L+OSMOCOTE - Espak E-pood","isPartOf":{"@id":"https:\/\/espak.ee\/epood\/#website"},"primaryImageOfPage":{"@id":"https:\/\/espak.ee\/epood\/toode\/orhideemuld-substral-3losmocote\/#primaryimage"},"image":{"@id":"https:\/\/espak.ee\/epood\/toode\/orhideemuld-substral-3losmocote\/#primaryimage"},"thumbnailUrl":"https:\/\/espak.ee\/epood\/wp-content\/uploads\/2026\/01\/10563T_UUS-ORHIDEE-3L-OSMOCOTE.jpg","datePublished":"2026-01-06T03:05:02+00:00","dateModified":"2026-03-22T07:30:53+00:00","breadcrumb":{"@id":"https:\/\/espak.ee\/epood\/toode\/orhideemuld-substral-3losmocote\/#breadcrumb"},"inLanguage":"et","potentialAction":[{"@type":"ReadAction","target":["https:\/\/espak.ee\/epood\/toode\/orhideemuld-substral-3losmocote\/"]}]},{"@type":"ImageObject","inLanguage":"et","@id":"https:\/\/espak.ee\/epood\/toode\/orhideemuld-substral-3losmocote\/#primaryimage","url":"https:\/\/espak.ee\/epood\/wp-content\/uploads\/2026\/01\/10563T_UUS-ORHIDEE-3L-OSMOCOTE.jpg","contentUrl":"https:\/\/espak.ee\/epood\/wp-content\/uploads\/2026\/01\/10563T_UUS-ORHIDEE-3L-OSMOCOTE.jpg","width":1000,"height":1000},{"@type":"BreadcrumbList","@id":"https:\/\/espak.ee\/epood\/toode\/orhideemuld-substral-3losmocote\/#breadcrumb","itemListElement":[{"@type":"ListItem","position":1,"name":"Home","item":"https:\/\/espak.ee\/epood\/"},{"@type":"ListItem","position":2,"name":"Tootevalik","item":"https:\/\/espak.ee\/epood\/tootevalik\/"},{"@type":"ListItem","position":3,"name":"ORHIDEEMULD SUBSTRAL 3L+OSMOCOTE"}]},{"@type":"WebSite","@id":"https:\/\/espak.ee\/epood\/#website","url":"https:\/\/espak.ee\/epood\/","name":"Espak E-pood","description":"","potentialAction":[{"@type":"SearchAction","target":{"@type":"EntryPoint","urlTemplate":"https:\/\/espak.ee\/epood\/?s={search_term_string}"},"query-input":{"@type":"PropertyValueSpecification","valueRequired":true,"valueName":"search_term_string"}}],"inLanguage":"et"}]}},"_links":{"self":[{"href":"https:\/\/espak.ee\/epood\/wp-json\/wp\/v2\/product\/260218","targetHints":{"allow":["GET"]}}],"collection":[{"href":"https:\/\/espak.ee\/epood\/wp-json\/wp\/v2\/product"}],"about":[{"href":"https:\/\/espak.ee\/epood\/wp-json\/wp\/v2\/types\/product"}],"replies":[{"embeddable":true,"href":"https:\/\/espak.ee\/epood\/wp-json\/wp\/v2\/comments?post=260218"}],"wp:featuredmedia":[{"embeddable":true,"href":"https:\/\/espak.ee\/epood\/wp-json\/wp\/v2\/media\/260346"}],"wp:attachment":[{"href":"https:\/\/espak.ee\/epood\/wp-json\/wp\/v2\/media?parent=260218"}],"wp:term":[{"taxonomy":"product_brand","embeddable":true,"href":"https:\/\/espak.ee\/epood\/wp-json\/wp\/v2\/product_brand?post=260218"},{"taxonomy":"product_cat","embeddable":true,"href":"https:\/\/espak.ee\/epood\/wp-json\/wp\/v2\/product_cat?post=260218"},{"taxonomy":"product_tag","embeddable":true,"href":"https:\/\/espak.ee\/epood\/wp-json\/wp\/v2\/product_tag?post=260218"}],"curies":[{"name":"wp","href":"https:\/\/api.w.org\/{rel}","templated":true}]}}