{"id":259106,"date":"2025-12-16T05:10:02","date_gmt":"2025-12-16T03:10:02","guid":{"rendered":"https:\/\/espak.ee\/epood\/?post_type=product&#038;p=259106"},"modified":"2025-12-16T15:44:24","modified_gmt":"2025-12-16T13:44:24","slug":"taskulamp-led-laetav-150lm-emos","status":"publish","type":"product","link":"https:\/\/espak.ee\/epood\/toode\/taskulamp-led-laetav-150lm-emos\/","title":{"rendered":"TASKULAMP LED LAETAV 150LM EMOS"},"content":{"rendered":"<div class=\"row\"  id=\"row-2091756821\">\n\n\t<div id=\"col-335334797\" class=\"col medium-9 small-12 large-9\"  >\n\t\t\t\t<div class=\"col-inner\"  >\n\t\t\t\n\t\t\t\n<h3>LED laetav plastikust taskulamp P3214, 150 lm<\/h3>\n<p>Toiteallikas: aku Li-Ion 18650<br \/>\nMaks. valgusvoog: 150 lm<br \/>\nMaks. valgusvoo ulatuskaugus: 150 m<br \/>\nAku t\u00fc\u00fcp: 1200 mAh\/3,7 V<br \/>\nLaadimine: jah<br \/>\nFookus: jah<br \/>\nVeekindel: jah (IP44)<br \/>\nMaterjal: plast<br \/>\nP\u00f5lemise kestus: 2 &#8211; 4,5 tundi<br \/>\nP\u00f5lemise kestus detail: LED 100% &#8211; 4 h, LED 50% &#8211; 4,5 h, COB LED 100% &#8211; 2 h<br \/>\nLaadimise aeg: 2 tundi<br \/>\nL\u00f6\u00f6gikindlus: jah<br \/>\nV\u00e4rv: must<br \/>\nValgusvoog: LED 100 % \u2013 100 lm, LED 50 % \u2013 50 lm, COB LED 100 % \u2013 150 lm<br \/>\nValgusallikas: LED + COB LED<br \/>\nValgusvoo ulatuskaugus: LED 100 % \u2013 150 m, LED 50 % \u2013 130 m, COB LED 100 % \u2013 15 m<br \/>\nValgusre\u017eiimide arv: 4<br \/>\nToite\u00fchenduse t\u00fc\u00fcp: micro-USB<br \/>\nAku oleku LED-n\u00e4idik: pole m\u00e4rgitud<br \/>\nRe\u017eiimid: LED 100 %, LED 50 %, LED \u2013 vilkuv, COB LED 100 %<br \/>\nLaadimise LED-n\u00e4idik: jah<br \/>\nErifunktsioonid: aku kaitse<br \/>\nKaal: 80 g<br \/>\nM\u00f5\u00f5tmed: 132 \u00d7 35 \u00d7 32 mm\n<\/p>\n\t\t<\/div>\n\t\t\t\t\t<\/div>\n\n\t\n\n\t<div id=\"col-621715845\" class=\"col medium-3 small-12 large-3\"  >\n\t\t\t\t<div class=\"col-inner\"  >\n\t\t\t\n\t\t\t\n<h3>Kasutusjuhend<\/h3>\n<p><a href=\"https:\/\/espak.ee\/epood\/wp-content\/uploads\/2025\/12\/1440004908_31-P3214_00_01_WEB.pdf\"target=\"_blank\" rel=\"noopener noreferrer\"><i class=\"far fa-file-pdf\"><\/i> Kasutusjuhend (PDF)<\/a><\/p>\n<h3>Ohutusalane teave<\/h3>\n<p><a href=\"https:\/\/espak.ee\/epood\/wp-content\/uploads\/2025\/12\/1440004908_67-P3214.pdf\"target=\"_blank\" rel=\"noopener noreferrer\"><i class=\"far fa-file-pdf\"><\/i> Ohutusalane teave (PDF)<\/a><\/p>\n\t<div id=\"gap-53387279\" class=\"gap-element clearfix\" style=\"display:block; height:auto;\">\n\t\t\n<style>\n#gap-53387279 {\n  padding-top: 30px;\n}\n<\/style>\n\t<\/div>\n\t\n<p><strong>\u00dcksikasjalikuma n\u00f5u saamiseks v\u00f5tke \u00fchendust:<br \/><\/strong>Espak AS<br \/>Viadukti 42<br \/>11313<br \/>Tallinn<br \/>+372 6 512333<\/p>\n\t\t<\/div>\n\t\t\t\t\t<\/div>\n\n\t\n<\/div>\n","protected":false},"excerpt":{"rendered":"","protected":false},"featured_media":259315,"comment_status":"closed","ping_status":"closed","template":"","meta":[],"product_brand":[],"product_cat":[2934,4187,2960,2959],"product_tag":[],"class_list":{"0":"post-259106","1":"product","2":"type-product","3":"status-publish","4":"has-post-thumbnail","6":"product_cat-elektrikaubad-ja-valgustid","7":"product_cat-taskulambid-valgustid-valgustid","8":"product_cat-valgustid-valgustid","9":"product_cat-valgustid","10":"pa_kaubamark-emos-spol-s-r-o","12":"first","13":"instock","14":"sale","15":"taxable","16":"shipping-taxable","17":"purchasable","18":"product-type-simple"},"yoast_head":"<!-- This site is optimized with the Yoast SEO plugin v26.9 - https:\/\/yoast.com\/product\/yoast-seo-wordpress\/ -->\n<title>TASKULAMP LED LAETAV 150LM EMOS - Espak E-pood<\/title>\n<meta name=\"robots\" content=\"index, follow, max-snippet:-1, max-image-preview:large, max-video-preview:-1\" \/>\n<link rel=\"canonical\" href=\"https:\/\/espak.ee\/epood\/toode\/taskulamp-led-laetav-150lm-emos\/\" \/>\n<meta property=\"og:locale\" content=\"et_EE\" \/>\n<meta property=\"og:type\" content=\"article\" \/>\n<meta property=\"og:title\" content=\"TASKULAMP LED LAETAV 150LM EMOS - Espak E-pood\" \/>\n<meta property=\"og:url\" content=\"https:\/\/espak.ee\/epood\/toode\/taskulamp-led-laetav-150lm-emos\/\" \/>\n<meta property=\"og:site_name\" content=\"Espak E-pood\" \/>\n<meta property=\"article:modified_time\" content=\"2025-12-16T13:44:24+00:00\" \/>\n<meta property=\"og:image\" content=\"https:\/\/espak.ee\/epood\/wp-content\/uploads\/2025\/12\/3141959.jpg\" \/>\n\t<meta property=\"og:image:width\" content=\"1000\" \/>\n\t<meta property=\"og:image:height\" content=\"1000\" \/>\n\t<meta property=\"og:image:type\" content=\"image\/jpeg\" \/>\n<meta name=\"twitter:card\" content=\"summary_large_image\" \/>\n<meta name=\"twitter:label1\" content=\"Est. reading time\" \/>\n\t<meta name=\"twitter:data1\" content=\"1 minut\" \/>\n<script type=\"application\/ld+json\" class=\"yoast-schema-graph\">{\"@context\":\"https:\/\/schema.org\",\"@graph\":[{\"@type\":\"WebPage\",\"@id\":\"https:\/\/espak.ee\/epood\/toode\/taskulamp-led-laetav-150lm-emos\/\",\"url\":\"https:\/\/espak.ee\/epood\/toode\/taskulamp-led-laetav-150lm-emos\/\",\"name\":\"TASKULAMP LED LAETAV 150LM EMOS - Espak E-pood\",\"isPartOf\":{\"@id\":\"https:\/\/espak.ee\/epood\/#website\"},\"primaryImageOfPage\":{\"@id\":\"https:\/\/espak.ee\/epood\/toode\/taskulamp-led-laetav-150lm-emos\/#primaryimage\"},\"image\":{\"@id\":\"https:\/\/espak.ee\/epood\/toode\/taskulamp-led-laetav-150lm-emos\/#primaryimage\"},\"thumbnailUrl\":\"https:\/\/espak.ee\/epood\/wp-content\/uploads\/2025\/12\/3141959.jpg\",\"datePublished\":\"2025-12-16T03:10:02+00:00\",\"dateModified\":\"2025-12-16T13:44:24+00:00\",\"breadcrumb\":{\"@id\":\"https:\/\/espak.ee\/epood\/toode\/taskulamp-led-laetav-150lm-emos\/#breadcrumb\"},\"inLanguage\":\"et\",\"potentialAction\":[{\"@type\":\"ReadAction\",\"target\":[\"https:\/\/espak.ee\/epood\/toode\/taskulamp-led-laetav-150lm-emos\/\"]}]},{\"@type\":\"ImageObject\",\"inLanguage\":\"et\",\"@id\":\"https:\/\/espak.ee\/epood\/toode\/taskulamp-led-laetav-150lm-emos\/#primaryimage\",\"url\":\"https:\/\/espak.ee\/epood\/wp-content\/uploads\/2025\/12\/3141959.jpg\",\"contentUrl\":\"https:\/\/espak.ee\/epood\/wp-content\/uploads\/2025\/12\/3141959.jpg\",\"width\":1000,\"height\":1000},{\"@type\":\"BreadcrumbList\",\"@id\":\"https:\/\/espak.ee\/epood\/toode\/taskulamp-led-laetav-150lm-emos\/#breadcrumb\",\"itemListElement\":[{\"@type\":\"ListItem\",\"position\":1,\"name\":\"Home\",\"item\":\"https:\/\/espak.ee\/epood\/\"},{\"@type\":\"ListItem\",\"position\":2,\"name\":\"Tootevalik\",\"item\":\"https:\/\/espak.ee\/epood\/tootevalik\/\"},{\"@type\":\"ListItem\",\"position\":3,\"name\":\"TASKULAMP LED LAETAV 150LM EMOS\"}]},{\"@type\":\"WebSite\",\"@id\":\"https:\/\/espak.ee\/epood\/#website\",\"url\":\"https:\/\/espak.ee\/epood\/\",\"name\":\"Espak E-pood\",\"description\":\"\",\"potentialAction\":[{\"@type\":\"SearchAction\",\"target\":{\"@type\":\"EntryPoint\",\"urlTemplate\":\"https:\/\/espak.ee\/epood\/?s={search_term_string}\"},\"query-input\":{\"@type\":\"PropertyValueSpecification\",\"valueRequired\":true,\"valueName\":\"search_term_string\"}}],\"inLanguage\":\"et\"}]}<\/script>\n<!-- \/ Yoast SEO plugin. -->","yoast_head_json":{"title":"TASKULAMP LED LAETAV 150LM EMOS - Espak E-pood","robots":{"index":"index","follow":"follow","max-snippet":"max-snippet:-1","max-image-preview":"max-image-preview:large","max-video-preview":"max-video-preview:-1"},"canonical":"https:\/\/espak.ee\/epood\/toode\/taskulamp-led-laetav-150lm-emos\/","og_locale":"et_EE","og_type":"article","og_title":"TASKULAMP LED LAETAV 150LM EMOS - Espak E-pood","og_url":"https:\/\/espak.ee\/epood\/toode\/taskulamp-led-laetav-150lm-emos\/","og_site_name":"Espak E-pood","article_modified_time":"2025-12-16T13:44:24+00:00","og_image":[{"width":1000,"height":1000,"url":"https:\/\/espak.ee\/epood\/wp-content\/uploads\/2025\/12\/3141959.jpg","type":"image\/jpeg"}],"twitter_card":"summary_large_image","twitter_misc":{"Est. reading time":"1 minut"},"schema":{"@context":"https:\/\/schema.org","@graph":[{"@type":"WebPage","@id":"https:\/\/espak.ee\/epood\/toode\/taskulamp-led-laetav-150lm-emos\/","url":"https:\/\/espak.ee\/epood\/toode\/taskulamp-led-laetav-150lm-emos\/","name":"TASKULAMP LED LAETAV 150LM EMOS - Espak E-pood","isPartOf":{"@id":"https:\/\/espak.ee\/epood\/#website"},"primaryImageOfPage":{"@id":"https:\/\/espak.ee\/epood\/toode\/taskulamp-led-laetav-150lm-emos\/#primaryimage"},"image":{"@id":"https:\/\/espak.ee\/epood\/toode\/taskulamp-led-laetav-150lm-emos\/#primaryimage"},"thumbnailUrl":"https:\/\/espak.ee\/epood\/wp-content\/uploads\/2025\/12\/3141959.jpg","datePublished":"2025-12-16T03:10:02+00:00","dateModified":"2025-12-16T13:44:24+00:00","breadcrumb":{"@id":"https:\/\/espak.ee\/epood\/toode\/taskulamp-led-laetav-150lm-emos\/#breadcrumb"},"inLanguage":"et","potentialAction":[{"@type":"ReadAction","target":["https:\/\/espak.ee\/epood\/toode\/taskulamp-led-laetav-150lm-emos\/"]}]},{"@type":"ImageObject","inLanguage":"et","@id":"https:\/\/espak.ee\/epood\/toode\/taskulamp-led-laetav-150lm-emos\/#primaryimage","url":"https:\/\/espak.ee\/epood\/wp-content\/uploads\/2025\/12\/3141959.jpg","contentUrl":"https:\/\/espak.ee\/epood\/wp-content\/uploads\/2025\/12\/3141959.jpg","width":1000,"height":1000},{"@type":"BreadcrumbList","@id":"https:\/\/espak.ee\/epood\/toode\/taskulamp-led-laetav-150lm-emos\/#breadcrumb","itemListElement":[{"@type":"ListItem","position":1,"name":"Home","item":"https:\/\/espak.ee\/epood\/"},{"@type":"ListItem","position":2,"name":"Tootevalik","item":"https:\/\/espak.ee\/epood\/tootevalik\/"},{"@type":"ListItem","position":3,"name":"TASKULAMP LED LAETAV 150LM EMOS"}]},{"@type":"WebSite","@id":"https:\/\/espak.ee\/epood\/#website","url":"https:\/\/espak.ee\/epood\/","name":"Espak E-pood","description":"","potentialAction":[{"@type":"SearchAction","target":{"@type":"EntryPoint","urlTemplate":"https:\/\/espak.ee\/epood\/?s={search_term_string}"},"query-input":{"@type":"PropertyValueSpecification","valueRequired":true,"valueName":"search_term_string"}}],"inLanguage":"et"}]}},"_links":{"self":[{"href":"https:\/\/espak.ee\/epood\/wp-json\/wp\/v2\/product\/259106","targetHints":{"allow":["GET"]}}],"collection":[{"href":"https:\/\/espak.ee\/epood\/wp-json\/wp\/v2\/product"}],"about":[{"href":"https:\/\/espak.ee\/epood\/wp-json\/wp\/v2\/types\/product"}],"replies":[{"embeddable":true,"href":"https:\/\/espak.ee\/epood\/wp-json\/wp\/v2\/comments?post=259106"}],"wp:featuredmedia":[{"embeddable":true,"href":"https:\/\/espak.ee\/epood\/wp-json\/wp\/v2\/media\/259315"}],"wp:attachment":[{"href":"https:\/\/espak.ee\/epood\/wp-json\/wp\/v2\/media?parent=259106"}],"wp:term":[{"taxonomy":"product_brand","embeddable":true,"href":"https:\/\/espak.ee\/epood\/wp-json\/wp\/v2\/product_brand?post=259106"},{"taxonomy":"product_cat","embeddable":true,"href":"https:\/\/espak.ee\/epood\/wp-json\/wp\/v2\/product_cat?post=259106"},{"taxonomy":"product_tag","embeddable":true,"href":"https:\/\/espak.ee\/epood\/wp-json\/wp\/v2\/product_tag?post=259106"}],"curies":[{"name":"wp","href":"https:\/\/api.w.org\/{rel}","templated":true}]}}