{"id":258486,"date":"2025-12-10T05:10:42","date_gmt":"2025-12-10T03:10:42","guid":{"rendered":"https:\/\/espak.ee\/epood\/?post_type=product&#038;p=258486"},"modified":"2025-12-10T10:22:05","modified_gmt":"2025-12-10T08:22:05","slug":"adapter-220v21-usb-a1usb-c-p0077pd-emos","status":"publish","type":"product","link":"https:\/\/espak.ee\/epood\/toode\/adapter-220v21-usb-a1usb-c-p0077pd-emos\/","title":{"rendered":"ADAPTER 220V*2+1* USB A+1*USB C P0077PD EMOS"},"content":{"rendered":"<div class=\"row\"  id=\"row-813640747\">\n\n\t<div id=\"col-657968627\" class=\"col medium-9 small-12 large-9\"  >\n\t\t\t\t<div class=\"col-inner\"  >\n\t\t\t\n\t\t\t\n<h3>Adapter 220V*2 + USB-A(QC18W) + 1\u00d7USB-C(PD20W) SCHUKO<\/h3>\n<p>Kvaliteetne adapter 2 saksa t\u00fc\u00fcpi pistikupesa ja 2 USB-porti. Maksimaalne koormus 3,680 W (250 V, 16 A) v\u00f5imaldab \u00fchendada mitu seadet siseruumides. USB-pordid toetavad kiirlaadimisfunktsiooni.<br \/>\nMaksimaalne koormus 3,680 W (250 V, 16 A) v\u00f5imaldab \u00fchendada mitu seadet siseruumides.<\/p>\n<p>Toode: adapteri pistik 2\u00d7 + 1\u00d7 USB-A (QC 20 W) + 1\u00d7 USB-C (PD 20 W)<br \/>\nPistikupesade arv: 2 \u00d7 2P + PE<br \/>\nL\u00fcliti: ei<br \/>\nPinge\/vool: 250 V~\/16 A max.<br \/>\nLapselukk: jah<br \/>\nIP-reiting: IP20<br \/>\nMaterjal: plast<br \/>\nMaksimumlaeng: 3 680 W<br \/>\nt\u00fc\u00fcp: SCHUKO<\/p>\n\t\t<\/div>\n\t\t\t\t\t<\/div>\n\n\t\n\n\t<div id=\"col-145108627\" class=\"col medium-3 small-12 large-3\"  >\n\t\t\t\t<div class=\"col-inner\"  >\n\t\t\t\n\t\t\t\n<h3>Ohutusalane teave<\/h3>\n<p><a href=\"https:\/\/espak.ee\/epood\/wp-content\/uploads\/2025\/12\/1925020001_31-P0077PD_00_01_nahled.pdf\"target=\"_blank\" rel=\"noopener noreferrer\"><i class=\"far fa-file-pdf\"><\/i> Ohutusalane teave (PDF)<\/a><\/p>\n\t<div id=\"gap-1584337573\" class=\"gap-element clearfix\" style=\"display:block; height:auto;\">\n\t\t\n<style>\n#gap-1584337573 {\n  padding-top: 30px;\n}\n<\/style>\n\t<\/div>\n\t\n<p><strong>\u00dcksikasjalikuma n\u00f5u saamiseks v\u00f5tke \u00fchendust:<br \/><\/strong>Espak AS<br \/>Viadukti 42<br \/>11313<br \/>Tallinn<br \/>+372 6 512333<\/p>\n\t\t<\/div>\n\t\t\t\t\t<\/div>\n\n\t\n<\/div>\n","protected":false},"excerpt":{"rendered":"","protected":false},"featured_media":258586,"comment_status":"closed","ping_status":"closed","template":"","meta":[],"product_brand":[],"product_cat":[2935,2934,3224,3287],"product_tag":[],"class_list":{"0":"post-258486","1":"product","2":"type-product","3":"status-publish","4":"has-post-thumbnail","6":"product_cat-elektrikaubad","7":"product_cat-elektrikaubad-ja-valgustid","8":"product_cat-lulitid-ja-pistikupesad","9":"product_cat-usb-ja-autolaadijad","10":"pa_kaubamark-emos-spol-s-r-o","12":"first","13":"instock","14":"sale","15":"taxable","16":"shipping-taxable","17":"purchasable","18":"product-type-simple"},"yoast_head":"<!-- This site is optimized with the Yoast SEO plugin v26.9 - https:\/\/yoast.com\/product\/yoast-seo-wordpress\/ -->\n<title>ADAPTER 220V*2+1* USB A+1*USB C P0077PD EMOS - Espak E-pood<\/title>\n<meta name=\"robots\" content=\"index, follow, max-snippet:-1, max-image-preview:large, max-video-preview:-1\" \/>\n<link rel=\"canonical\" href=\"https:\/\/espak.ee\/epood\/toode\/adapter-220v21-usb-a1usb-c-p0077pd-emos\/\" \/>\n<meta property=\"og:locale\" content=\"et_EE\" \/>\n<meta property=\"og:type\" content=\"article\" \/>\n<meta property=\"og:title\" content=\"ADAPTER 220V*2+1* USB A+1*USB C P0077PD EMOS - Espak E-pood\" \/>\n<meta property=\"og:url\" content=\"https:\/\/espak.ee\/epood\/toode\/adapter-220v21-usb-a1usb-c-p0077pd-emos\/\" \/>\n<meta property=\"og:site_name\" content=\"Espak E-pood\" \/>\n<meta property=\"article:modified_time\" content=\"2025-12-10T08:22:05+00:00\" \/>\n<meta property=\"og:image\" content=\"https:\/\/espak.ee\/epood\/wp-content\/uploads\/2025\/12\/3110525.jpg\" \/>\n\t<meta property=\"og:image:width\" content=\"1000\" \/>\n\t<meta property=\"og:image:height\" content=\"1000\" \/>\n\t<meta property=\"og:image:type\" content=\"image\/jpeg\" \/>\n<meta name=\"twitter:card\" content=\"summary_large_image\" \/>\n<meta name=\"twitter:label1\" content=\"Est. reading time\" \/>\n\t<meta name=\"twitter:data1\" content=\"1 minut\" \/>\n<script type=\"application\/ld+json\" class=\"yoast-schema-graph\">{\"@context\":\"https:\/\/schema.org\",\"@graph\":[{\"@type\":\"WebPage\",\"@id\":\"https:\/\/espak.ee\/epood\/toode\/adapter-220v21-usb-a1usb-c-p0077pd-emos\/\",\"url\":\"https:\/\/espak.ee\/epood\/toode\/adapter-220v21-usb-a1usb-c-p0077pd-emos\/\",\"name\":\"ADAPTER 220V*2+1* USB A+1*USB C P0077PD EMOS - Espak E-pood\",\"isPartOf\":{\"@id\":\"https:\/\/espak.ee\/epood\/#website\"},\"primaryImageOfPage\":{\"@id\":\"https:\/\/espak.ee\/epood\/toode\/adapter-220v21-usb-a1usb-c-p0077pd-emos\/#primaryimage\"},\"image\":{\"@id\":\"https:\/\/espak.ee\/epood\/toode\/adapter-220v21-usb-a1usb-c-p0077pd-emos\/#primaryimage\"},\"thumbnailUrl\":\"https:\/\/espak.ee\/epood\/wp-content\/uploads\/2025\/12\/3110525.jpg\",\"datePublished\":\"2025-12-10T03:10:42+00:00\",\"dateModified\":\"2025-12-10T08:22:05+00:00\",\"breadcrumb\":{\"@id\":\"https:\/\/espak.ee\/epood\/toode\/adapter-220v21-usb-a1usb-c-p0077pd-emos\/#breadcrumb\"},\"inLanguage\":\"et\",\"potentialAction\":[{\"@type\":\"ReadAction\",\"target\":[\"https:\/\/espak.ee\/epood\/toode\/adapter-220v21-usb-a1usb-c-p0077pd-emos\/\"]}]},{\"@type\":\"ImageObject\",\"inLanguage\":\"et\",\"@id\":\"https:\/\/espak.ee\/epood\/toode\/adapter-220v21-usb-a1usb-c-p0077pd-emos\/#primaryimage\",\"url\":\"https:\/\/espak.ee\/epood\/wp-content\/uploads\/2025\/12\/3110525.jpg\",\"contentUrl\":\"https:\/\/espak.ee\/epood\/wp-content\/uploads\/2025\/12\/3110525.jpg\",\"width\":1000,\"height\":1000},{\"@type\":\"BreadcrumbList\",\"@id\":\"https:\/\/espak.ee\/epood\/toode\/adapter-220v21-usb-a1usb-c-p0077pd-emos\/#breadcrumb\",\"itemListElement\":[{\"@type\":\"ListItem\",\"position\":1,\"name\":\"Home\",\"item\":\"https:\/\/espak.ee\/epood\/\"},{\"@type\":\"ListItem\",\"position\":2,\"name\":\"Tootevalik\",\"item\":\"https:\/\/espak.ee\/epood\/tootevalik\/\"},{\"@type\":\"ListItem\",\"position\":3,\"name\":\"ADAPTER 220V*2+1* USB A+1*USB C P0077PD EMOS\"}]},{\"@type\":\"WebSite\",\"@id\":\"https:\/\/espak.ee\/epood\/#website\",\"url\":\"https:\/\/espak.ee\/epood\/\",\"name\":\"Espak E-pood\",\"description\":\"\",\"potentialAction\":[{\"@type\":\"SearchAction\",\"target\":{\"@type\":\"EntryPoint\",\"urlTemplate\":\"https:\/\/espak.ee\/epood\/?s={search_term_string}\"},\"query-input\":{\"@type\":\"PropertyValueSpecification\",\"valueRequired\":true,\"valueName\":\"search_term_string\"}}],\"inLanguage\":\"et\"}]}<\/script>\n<!-- \/ Yoast SEO plugin. -->","yoast_head_json":{"title":"ADAPTER 220V*2+1* USB A+1*USB C P0077PD EMOS - Espak E-pood","robots":{"index":"index","follow":"follow","max-snippet":"max-snippet:-1","max-image-preview":"max-image-preview:large","max-video-preview":"max-video-preview:-1"},"canonical":"https:\/\/espak.ee\/epood\/toode\/adapter-220v21-usb-a1usb-c-p0077pd-emos\/","og_locale":"et_EE","og_type":"article","og_title":"ADAPTER 220V*2+1* USB A+1*USB C P0077PD EMOS - Espak E-pood","og_url":"https:\/\/espak.ee\/epood\/toode\/adapter-220v21-usb-a1usb-c-p0077pd-emos\/","og_site_name":"Espak E-pood","article_modified_time":"2025-12-10T08:22:05+00:00","og_image":[{"width":1000,"height":1000,"url":"https:\/\/espak.ee\/epood\/wp-content\/uploads\/2025\/12\/3110525.jpg","type":"image\/jpeg"}],"twitter_card":"summary_large_image","twitter_misc":{"Est. reading time":"1 minut"},"schema":{"@context":"https:\/\/schema.org","@graph":[{"@type":"WebPage","@id":"https:\/\/espak.ee\/epood\/toode\/adapter-220v21-usb-a1usb-c-p0077pd-emos\/","url":"https:\/\/espak.ee\/epood\/toode\/adapter-220v21-usb-a1usb-c-p0077pd-emos\/","name":"ADAPTER 220V*2+1* USB A+1*USB C P0077PD EMOS - Espak E-pood","isPartOf":{"@id":"https:\/\/espak.ee\/epood\/#website"},"primaryImageOfPage":{"@id":"https:\/\/espak.ee\/epood\/toode\/adapter-220v21-usb-a1usb-c-p0077pd-emos\/#primaryimage"},"image":{"@id":"https:\/\/espak.ee\/epood\/toode\/adapter-220v21-usb-a1usb-c-p0077pd-emos\/#primaryimage"},"thumbnailUrl":"https:\/\/espak.ee\/epood\/wp-content\/uploads\/2025\/12\/3110525.jpg","datePublished":"2025-12-10T03:10:42+00:00","dateModified":"2025-12-10T08:22:05+00:00","breadcrumb":{"@id":"https:\/\/espak.ee\/epood\/toode\/adapter-220v21-usb-a1usb-c-p0077pd-emos\/#breadcrumb"},"inLanguage":"et","potentialAction":[{"@type":"ReadAction","target":["https:\/\/espak.ee\/epood\/toode\/adapter-220v21-usb-a1usb-c-p0077pd-emos\/"]}]},{"@type":"ImageObject","inLanguage":"et","@id":"https:\/\/espak.ee\/epood\/toode\/adapter-220v21-usb-a1usb-c-p0077pd-emos\/#primaryimage","url":"https:\/\/espak.ee\/epood\/wp-content\/uploads\/2025\/12\/3110525.jpg","contentUrl":"https:\/\/espak.ee\/epood\/wp-content\/uploads\/2025\/12\/3110525.jpg","width":1000,"height":1000},{"@type":"BreadcrumbList","@id":"https:\/\/espak.ee\/epood\/toode\/adapter-220v21-usb-a1usb-c-p0077pd-emos\/#breadcrumb","itemListElement":[{"@type":"ListItem","position":1,"name":"Home","item":"https:\/\/espak.ee\/epood\/"},{"@type":"ListItem","position":2,"name":"Tootevalik","item":"https:\/\/espak.ee\/epood\/tootevalik\/"},{"@type":"ListItem","position":3,"name":"ADAPTER 220V*2+1* USB A+1*USB C P0077PD EMOS"}]},{"@type":"WebSite","@id":"https:\/\/espak.ee\/epood\/#website","url":"https:\/\/espak.ee\/epood\/","name":"Espak E-pood","description":"","potentialAction":[{"@type":"SearchAction","target":{"@type":"EntryPoint","urlTemplate":"https:\/\/espak.ee\/epood\/?s={search_term_string}"},"query-input":{"@type":"PropertyValueSpecification","valueRequired":true,"valueName":"search_term_string"}}],"inLanguage":"et"}]}},"_links":{"self":[{"href":"https:\/\/espak.ee\/epood\/wp-json\/wp\/v2\/product\/258486","targetHints":{"allow":["GET"]}}],"collection":[{"href":"https:\/\/espak.ee\/epood\/wp-json\/wp\/v2\/product"}],"about":[{"href":"https:\/\/espak.ee\/epood\/wp-json\/wp\/v2\/types\/product"}],"replies":[{"embeddable":true,"href":"https:\/\/espak.ee\/epood\/wp-json\/wp\/v2\/comments?post=258486"}],"wp:featuredmedia":[{"embeddable":true,"href":"https:\/\/espak.ee\/epood\/wp-json\/wp\/v2\/media\/258586"}],"wp:attachment":[{"href":"https:\/\/espak.ee\/epood\/wp-json\/wp\/v2\/media?parent=258486"}],"wp:term":[{"taxonomy":"product_brand","embeddable":true,"href":"https:\/\/espak.ee\/epood\/wp-json\/wp\/v2\/product_brand?post=258486"},{"taxonomy":"product_cat","embeddable":true,"href":"https:\/\/espak.ee\/epood\/wp-json\/wp\/v2\/product_cat?post=258486"},{"taxonomy":"product_tag","embeddable":true,"href":"https:\/\/espak.ee\/epood\/wp-json\/wp\/v2\/product_tag?post=258486"}],"curies":[{"name":"wp","href":"https:\/\/api.w.org\/{rel}","templated":true}]}}