{"id":258465,"date":"2025-12-10T05:10:02","date_gmt":"2025-12-10T03:10:02","guid":{"rendered":"https:\/\/espak.ee\/epood\/?post_type=product&#038;p=258465"},"modified":"2025-12-10T15:23:22","modified_gmt":"2025-12-10T13:23:22","slug":"akupatarei-sla-12v-40ah-m6-b9684-emos","status":"publish","type":"product","link":"https:\/\/espak.ee\/epood\/toode\/akupatarei-sla-12v-40ah-m6-b9684-emos\/","title":{"rendered":"AKUPATAREI SLA 12V\/40AH M6 B9684 EMOS"},"content":{"rendered":"<div class=\"row\"  id=\"row-1784734401\">\n\n\t<div id=\"col-1098567084\" class=\"col medium-9 small-12 large-9\"  >\n\t\t\t\t<div class=\"col-inner\"  >\n\t\t\t\n\t\t\t\n<h3>SLA (suletud pliihappe) aku 12 V\/40 Ah M6 <\/h3>\n<p>Hooldusvabad EMOS pliiakud on m\u00f5eldud asendusakudena UPS-i varutoiteallikatele, RBC-komplektidele, elektroonilistele turvas\u00fcsteemidele (ESS), elektrilistele tulekahjusignalisatsioonis\u00fcsteemidele (EPS), liftide varus\u00fcsteemidele jne.<\/p>\n<p>Sellis t\u00fc\u00fcpi akud ei ole ette n\u00e4htud energia salvestamiseks nt p\u00e4ikeses\u00fcsteemides ja neid ei saa kasutada autode, mootorrataste ja elektriliste rollerite stardipatareidena.<\/p>\n<p>Enne esimest kasutamist tuleb akut laadida. Kui aku sisestatakse seadmesse, mis ei suuda selle laadimisolekut tuvastada, v\u00f5ib aku t\u00e4ielikult t\u00fchjeneda, mille tulemuseks on aku p\u00f6\u00f6rdumatu kahjustus &#8211; aku h\u00e4vimine.<\/p>\n<p>Aku laadimine peab toimuma sobiva toiteallika v\u00f5i AGM-tehnoloogiat toetava laadijaga, mille laadimispinge on 14,4 V 12 V akude puhul ja 7,2 V 6 V akude puhul. Kui laadija v\u00f5i toiteallikas ei vasta nendele parameetritele, v\u00f5ib see p\u00f5hjustada aku mittet\u00e4ielikku laadimist, kiiret energiakulu ja \u00e4\u00e4rmuslikel juhtudel aku h\u00e4vimist.<\/p>\n<p>Pinge: 12 V<br \/>\nV\u00f5imsus: 40 Ah<br \/>\nHooldusvaba: jah<br \/>\nOptimaalne eluaeg: 5 aastat<br \/>\nKaal: 13,05 kg<br \/>\nTehnoloogia: AGM<br \/>\nElektroonilised turvas\u00fcsteemid: ei<br \/>\nPBX JABLOTRON JA100K: ei<br \/>\nElektroonilised tulekahjus\u00fcsteemid: ei<br \/>\nTerminal: T1 \u2013 M6<br \/>\nUPS (puhvertoiteallikas): jah<br \/>\nPBX JABLOTRON JA82K: ei<br \/>\nKeemiline koostis: Pb<br \/>\nAvariilambid: jah<br \/>\nPARADOX: ei<br \/>\nPBX JABLOTRON JA106K: ei<br \/>\nPBX JABLOTRON JA106K(R): ei<br \/>\nPBX JABLOTRON JA83: ei<br \/>\nVaruakud liftidele &#8211; valgustus, helistamine: ei<br \/>\nM\u00f5\u00f5tmed: 196 \u00d7 166 \u00d7 175 mm<\/p>\n\t\t<\/div>\n\t\t\t\t\t<\/div>\n\n\t\n\n\t<div id=\"col-1821786285\" class=\"col medium-3 small-12 large-3\"  >\n\t\t\t\t<div class=\"col-inner\"  >\n\t\t\t\n\t\t\t\n<h3>Kasutusjuhend<\/h3>\n<p><a href=\"https:\/\/espak.ee\/epood\/wp-content\/uploads\/2025\/12\/1201003700_31-B9684_00_01.pdf\"target=\"_blank\" rel=\"noopener noreferrer\"><i class=\"far fa-file-pdf\"><\/i> Kasutusjuhend (PDF)<\/a><\/p>\n<p><a href=\"https:\/\/espak.ee\/epood\/wp-content\/uploads\/2025\/12\/1201003700_31-B9684_00_01_WEB.pdf\"target=\"_blank\" rel=\"noopener noreferrer\"><i class=\"far fa-file-pdf\"><\/i> Kasutusjuhend (PDF)<\/a><\/p>\n\t<div id=\"gap-450800272\" class=\"gap-element clearfix\" style=\"display:block; height:auto;\">\n\t\t\n<style>\n#gap-450800272 {\n  padding-top: 30px;\n}\n<\/style>\n\t<\/div>\n\t\n<p><strong>\u00dcksikasjalikuma n\u00f5u saamiseks v\u00f5tke \u00fchendust:<br \/><\/strong>Espak AS<br \/>Viadukti 42<br \/>11313<br \/>Tallinn<br \/>+372 6 512333<\/p>\n\t\t<\/div>\n\t\t\t\t\t<\/div>\n\n\t\n<\/div>\n","protected":false},"excerpt":{"rendered":"","protected":false},"featured_media":258705,"comment_status":"closed","ping_status":"closed","template":"","meta":[],"product_brand":[],"product_cat":[2935,2934,3289,3288],"product_tag":[],"class_list":{"0":"post-258465","1":"product","2":"type-product","3":"status-publish","4":"has-post-thumbnail","6":"product_cat-elektrikaubad","7":"product_cat-elektrikaubad-ja-valgustid","8":"product_cat-patareid","9":"product_cat-taskulambid-ja-patareid","10":"pa_kaubamark-emos-spol-s-r-o","12":"first","13":"instock","14":"sale","15":"taxable","16":"shipping-taxable","17":"purchasable","18":"product-type-simple"},"yoast_head":"<!-- This site is optimized with the Yoast SEO plugin v26.9 - https:\/\/yoast.com\/product\/yoast-seo-wordpress\/ -->\n<title>AKUPATAREI SLA 12V\/40AH M6 B9684 EMOS - Espak E-pood<\/title>\n<meta name=\"robots\" content=\"index, follow, max-snippet:-1, max-image-preview:large, max-video-preview:-1\" \/>\n<link rel=\"canonical\" href=\"https:\/\/espak.ee\/epood\/toode\/akupatarei-sla-12v-40ah-m6-b9684-emos\/\" \/>\n<meta property=\"og:locale\" content=\"et_EE\" \/>\n<meta property=\"og:type\" content=\"article\" \/>\n<meta property=\"og:title\" content=\"AKUPATAREI SLA 12V\/40AH M6 B9684 EMOS - Espak E-pood\" \/>\n<meta property=\"og:url\" content=\"https:\/\/espak.ee\/epood\/toode\/akupatarei-sla-12v-40ah-m6-b9684-emos\/\" \/>\n<meta property=\"og:site_name\" content=\"Espak E-pood\" \/>\n<meta property=\"article:modified_time\" content=\"2025-12-10T13:23:22+00:00\" \/>\n<meta property=\"og:image\" content=\"https:\/\/espak.ee\/epood\/wp-content\/uploads\/2025\/12\/3001525.jpg\" \/>\n\t<meta property=\"og:image:width\" content=\"1000\" \/>\n\t<meta property=\"og:image:height\" content=\"1000\" \/>\n\t<meta property=\"og:image:type\" content=\"image\/jpeg\" \/>\n<meta name=\"twitter:card\" content=\"summary_large_image\" \/>\n<meta name=\"twitter:label1\" content=\"Est. reading time\" \/>\n\t<meta name=\"twitter:data1\" content=\"1 minut\" \/>\n<script type=\"application\/ld+json\" class=\"yoast-schema-graph\">{\"@context\":\"https:\/\/schema.org\",\"@graph\":[{\"@type\":\"WebPage\",\"@id\":\"https:\/\/espak.ee\/epood\/toode\/akupatarei-sla-12v-40ah-m6-b9684-emos\/\",\"url\":\"https:\/\/espak.ee\/epood\/toode\/akupatarei-sla-12v-40ah-m6-b9684-emos\/\",\"name\":\"AKUPATAREI SLA 12V\/40AH M6 B9684 EMOS - Espak E-pood\",\"isPartOf\":{\"@id\":\"https:\/\/espak.ee\/epood\/#website\"},\"primaryImageOfPage\":{\"@id\":\"https:\/\/espak.ee\/epood\/toode\/akupatarei-sla-12v-40ah-m6-b9684-emos\/#primaryimage\"},\"image\":{\"@id\":\"https:\/\/espak.ee\/epood\/toode\/akupatarei-sla-12v-40ah-m6-b9684-emos\/#primaryimage\"},\"thumbnailUrl\":\"https:\/\/espak.ee\/epood\/wp-content\/uploads\/2025\/12\/3001525.jpg\",\"datePublished\":\"2025-12-10T03:10:02+00:00\",\"dateModified\":\"2025-12-10T13:23:22+00:00\",\"breadcrumb\":{\"@id\":\"https:\/\/espak.ee\/epood\/toode\/akupatarei-sla-12v-40ah-m6-b9684-emos\/#breadcrumb\"},\"inLanguage\":\"et\",\"potentialAction\":[{\"@type\":\"ReadAction\",\"target\":[\"https:\/\/espak.ee\/epood\/toode\/akupatarei-sla-12v-40ah-m6-b9684-emos\/\"]}]},{\"@type\":\"ImageObject\",\"inLanguage\":\"et\",\"@id\":\"https:\/\/espak.ee\/epood\/toode\/akupatarei-sla-12v-40ah-m6-b9684-emos\/#primaryimage\",\"url\":\"https:\/\/espak.ee\/epood\/wp-content\/uploads\/2025\/12\/3001525.jpg\",\"contentUrl\":\"https:\/\/espak.ee\/epood\/wp-content\/uploads\/2025\/12\/3001525.jpg\",\"width\":1000,\"height\":1000},{\"@type\":\"BreadcrumbList\",\"@id\":\"https:\/\/espak.ee\/epood\/toode\/akupatarei-sla-12v-40ah-m6-b9684-emos\/#breadcrumb\",\"itemListElement\":[{\"@type\":\"ListItem\",\"position\":1,\"name\":\"Home\",\"item\":\"https:\/\/espak.ee\/epood\/\"},{\"@type\":\"ListItem\",\"position\":2,\"name\":\"Tootevalik\",\"item\":\"https:\/\/espak.ee\/epood\/tootevalik\/\"},{\"@type\":\"ListItem\",\"position\":3,\"name\":\"AKUPATAREI SLA 12V\/40AH M6 B9684 EMOS\"}]},{\"@type\":\"WebSite\",\"@id\":\"https:\/\/espak.ee\/epood\/#website\",\"url\":\"https:\/\/espak.ee\/epood\/\",\"name\":\"Espak E-pood\",\"description\":\"\",\"potentialAction\":[{\"@type\":\"SearchAction\",\"target\":{\"@type\":\"EntryPoint\",\"urlTemplate\":\"https:\/\/espak.ee\/epood\/?s={search_term_string}\"},\"query-input\":{\"@type\":\"PropertyValueSpecification\",\"valueRequired\":true,\"valueName\":\"search_term_string\"}}],\"inLanguage\":\"et\"}]}<\/script>\n<!-- \/ Yoast SEO plugin. -->","yoast_head_json":{"title":"AKUPATAREI SLA 12V\/40AH M6 B9684 EMOS - Espak E-pood","robots":{"index":"index","follow":"follow","max-snippet":"max-snippet:-1","max-image-preview":"max-image-preview:large","max-video-preview":"max-video-preview:-1"},"canonical":"https:\/\/espak.ee\/epood\/toode\/akupatarei-sla-12v-40ah-m6-b9684-emos\/","og_locale":"et_EE","og_type":"article","og_title":"AKUPATAREI SLA 12V\/40AH M6 B9684 EMOS - Espak E-pood","og_url":"https:\/\/espak.ee\/epood\/toode\/akupatarei-sla-12v-40ah-m6-b9684-emos\/","og_site_name":"Espak E-pood","article_modified_time":"2025-12-10T13:23:22+00:00","og_image":[{"width":1000,"height":1000,"url":"https:\/\/espak.ee\/epood\/wp-content\/uploads\/2025\/12\/3001525.jpg","type":"image\/jpeg"}],"twitter_card":"summary_large_image","twitter_misc":{"Est. reading time":"1 minut"},"schema":{"@context":"https:\/\/schema.org","@graph":[{"@type":"WebPage","@id":"https:\/\/espak.ee\/epood\/toode\/akupatarei-sla-12v-40ah-m6-b9684-emos\/","url":"https:\/\/espak.ee\/epood\/toode\/akupatarei-sla-12v-40ah-m6-b9684-emos\/","name":"AKUPATAREI SLA 12V\/40AH M6 B9684 EMOS - Espak E-pood","isPartOf":{"@id":"https:\/\/espak.ee\/epood\/#website"},"primaryImageOfPage":{"@id":"https:\/\/espak.ee\/epood\/toode\/akupatarei-sla-12v-40ah-m6-b9684-emos\/#primaryimage"},"image":{"@id":"https:\/\/espak.ee\/epood\/toode\/akupatarei-sla-12v-40ah-m6-b9684-emos\/#primaryimage"},"thumbnailUrl":"https:\/\/espak.ee\/epood\/wp-content\/uploads\/2025\/12\/3001525.jpg","datePublished":"2025-12-10T03:10:02+00:00","dateModified":"2025-12-10T13:23:22+00:00","breadcrumb":{"@id":"https:\/\/espak.ee\/epood\/toode\/akupatarei-sla-12v-40ah-m6-b9684-emos\/#breadcrumb"},"inLanguage":"et","potentialAction":[{"@type":"ReadAction","target":["https:\/\/espak.ee\/epood\/toode\/akupatarei-sla-12v-40ah-m6-b9684-emos\/"]}]},{"@type":"ImageObject","inLanguage":"et","@id":"https:\/\/espak.ee\/epood\/toode\/akupatarei-sla-12v-40ah-m6-b9684-emos\/#primaryimage","url":"https:\/\/espak.ee\/epood\/wp-content\/uploads\/2025\/12\/3001525.jpg","contentUrl":"https:\/\/espak.ee\/epood\/wp-content\/uploads\/2025\/12\/3001525.jpg","width":1000,"height":1000},{"@type":"BreadcrumbList","@id":"https:\/\/espak.ee\/epood\/toode\/akupatarei-sla-12v-40ah-m6-b9684-emos\/#breadcrumb","itemListElement":[{"@type":"ListItem","position":1,"name":"Home","item":"https:\/\/espak.ee\/epood\/"},{"@type":"ListItem","position":2,"name":"Tootevalik","item":"https:\/\/espak.ee\/epood\/tootevalik\/"},{"@type":"ListItem","position":3,"name":"AKUPATAREI SLA 12V\/40AH M6 B9684 EMOS"}]},{"@type":"WebSite","@id":"https:\/\/espak.ee\/epood\/#website","url":"https:\/\/espak.ee\/epood\/","name":"Espak E-pood","description":"","potentialAction":[{"@type":"SearchAction","target":{"@type":"EntryPoint","urlTemplate":"https:\/\/espak.ee\/epood\/?s={search_term_string}"},"query-input":{"@type":"PropertyValueSpecification","valueRequired":true,"valueName":"search_term_string"}}],"inLanguage":"et"}]}},"_links":{"self":[{"href":"https:\/\/espak.ee\/epood\/wp-json\/wp\/v2\/product\/258465","targetHints":{"allow":["GET"]}}],"collection":[{"href":"https:\/\/espak.ee\/epood\/wp-json\/wp\/v2\/product"}],"about":[{"href":"https:\/\/espak.ee\/epood\/wp-json\/wp\/v2\/types\/product"}],"replies":[{"embeddable":true,"href":"https:\/\/espak.ee\/epood\/wp-json\/wp\/v2\/comments?post=258465"}],"wp:featuredmedia":[{"embeddable":true,"href":"https:\/\/espak.ee\/epood\/wp-json\/wp\/v2\/media\/258705"}],"wp:attachment":[{"href":"https:\/\/espak.ee\/epood\/wp-json\/wp\/v2\/media?parent=258465"}],"wp:term":[{"taxonomy":"product_brand","embeddable":true,"href":"https:\/\/espak.ee\/epood\/wp-json\/wp\/v2\/product_brand?post=258465"},{"taxonomy":"product_cat","embeddable":true,"href":"https:\/\/espak.ee\/epood\/wp-json\/wp\/v2\/product_cat?post=258465"},{"taxonomy":"product_tag","embeddable":true,"href":"https:\/\/espak.ee\/epood\/wp-json\/wp\/v2\/product_tag?post=258465"}],"curies":[{"name":"wp","href":"https:\/\/api.w.org\/{rel}","templated":true}]}}