{"id":25671,"date":"2020-05-06T05:26:13","date_gmt":"2020-05-06T02:26:13","guid":{"rendered":"https:\/\/espak.ee\/hinnakiri\/?post_type=product&#038;p=25671"},"modified":"2024-03-22T23:13:22","modified_gmt":"2024-03-22T21:13:22","slug":"laminaatparkett-d3676-8mm-kl32-mand-kunsterspring","status":"publish","type":"product","link":"https:\/\/espak.ee\/epood\/toode\/laminaatparkett-d3676-8mm-kl32-mand-kunsterspring\/","title":{"rendered":"LAMINAATPARKETT  D3676 8MM KL32 M\u00c4ND KUNSTERSPRING"},"content":{"rendered":"<div class=\"row\"  id=\"row-705032742\">\n\n\t<div id=\"col-1249426784\" class=\"col medium-9 small-12 large-9\"  >\n\t\t\t\t<div class=\"col-inner\"  >\n\t\t\t\n\t\t\t\n<h3>LAMINAATPARKETT DYNAMIC PLUS D3676<\/h3>\n<p>Kronotex Dynamic plus laminaatp\u00f5randad on suurep\u00e4rane valik k\u00f5ikjal, kus on suur k\u00e4imiskoormus, ohverdamata seejuures k\u00f5rgetasemelist mugavust. Paljud v\u00e4rske v\u00e4limusega mitmek\u00fclgsed dekoorid on \u00fchtaegu silmatorkavad ja inspireerivad.<\/p>\n<div class=\"message-box relative\" style=\"padding-top:15px;padding-bottom:15px;\"><div class=\"message-box-bg-image bg-fill fill\" ><\/div><div class=\"message-box-bg-overlay bg-fill fill\" ><\/div><div class=\"container relative\"><div class=\"inner last-reset\">\n<div class=\"row align-middle align-center\"  id=\"row-126969554\">\n\n\t<div id=\"col-1321583247\" class=\"col small-12 large-12\"  >\n\t\t\t\t<div class=\"col-inner text-left\"  >\n\t\t\t\n\t\t\t\n<h4>Omadused<\/h4>\n<div class=\"row\"  id=\"row-277915823\">\n\n\t<div id=\"col-703050595\" class=\"col medium-6 small-12 large-6\"  >\n\t\t\t\t<div class=\"col-inner\"  >\n\t\t\t\n\t\t\t\n<p><strong>Kasutusklass:<\/strong> 32 \u2013 sobilik keskmise koormusega \u00e4ripindadele<\/p>\n<p><strong>Kulumiskindlus:<\/strong> AC4<\/p>\n<p><strong>1-lipiline<\/strong><\/p>\n\t\t<\/div>\n\t\t\t\t\n<style>\n#col-703050595 > .col-inner {\n  margin: 10px 0px 15px 0px;\n}\n<\/style>\n\t<\/div>\n\n\t\n\n\t<div id=\"col-488335954\" class=\"col medium-6 small-12 large-6\"  >\n\t\t\t\t<div class=\"col-inner\"  >\n\t\t\t\n\t\t\t\n<p><strong>Paki kogus:<\/strong> 2,131m2 \/8 lehte<\/p>\n<p><strong>Laua m\u00f5\u00f5dud:<\/strong> 8*193*1380<\/p>\n<p><strong>Sobib p\u00f5randak\u00fcttele:<\/strong> Jah<\/p>\n<p><strong>Paigalduse viis:<\/strong> Ujuv paigaldus, 5G click<\/p>\n\t\t<\/div>\n\t\t\t\t\n<style>\n#col-488335954 > .col-inner {\n  margin: 10px 0px 15px 0px;\n}\n<\/style>\n\t<\/div>\n\n\t\n<\/div>\n\t\t<\/div>\n\t\t\t\t\t<\/div>\n\n\t\n<\/div>\n<\/div><\/div><\/div>\n\t<div id=\"gap-905983311\" class=\"gap-element clearfix\" style=\"display:block; height:auto;\">\n\t\t\n<style>\n#gap-905983311 {\n  padding-top: 30px;\n}\n<\/style>\n\t<\/div>\n\t\n\t\t<\/div>\n\t\t\t\t\t<\/div>\n\n\t\n<\/div>\n","protected":false},"excerpt":{"rendered":"","protected":false},"featured_media":33456,"comment_status":"closed","ping_status":"closed","template":"","meta":[],"product_brand":[],"product_cat":[3188,3189,3187,2683],"product_tag":[],"class_list":{"0":"post-25671","1":"product","2":"type-product","3":"status-publish","4":"has-post-thumbnail","6":"product_cat-laminaatparkett","7":"product_cat-laminaatparkett-8-mm","8":"product_cat-parketid","9":"product_cat-viimistluskaubad","10":"pa_kaubamark-kronotex-fussboden-gmbh-co","12":"first","13":"instock","14":"sale","15":"taxable","16":"shipping-taxable","17":"purchasable","18":"product-type-simple"},"yoast_head":"<!-- This site is optimized with the Yoast SEO plugin v26.9 - https:\/\/yoast.com\/product\/yoast-seo-wordpress\/ -->\n<title>LAMINAATPARKETT D3676 8MM KL32 M\u00c4ND KUNSTERSPRING - Espak E-pood<\/title>\n<meta name=\"robots\" content=\"index, follow, max-snippet:-1, max-image-preview:large, max-video-preview:-1\" \/>\n<link rel=\"canonical\" href=\"https:\/\/espak.ee\/epood\/toode\/laminaatparkett-d3676-8mm-kl32-mand-kunsterspring\/\" \/>\n<meta property=\"og:locale\" content=\"et_EE\" \/>\n<meta property=\"og:type\" content=\"article\" \/>\n<meta property=\"og:title\" content=\"LAMINAATPARKETT D3676 8MM KL32 M\u00c4ND KUNSTERSPRING - Espak E-pood\" \/>\n<meta property=\"og:url\" content=\"https:\/\/espak.ee\/epood\/toode\/laminaatparkett-d3676-8mm-kl32-mand-kunsterspring\/\" \/>\n<meta property=\"og:site_name\" content=\"Espak E-pood\" \/>\n<meta property=\"article:modified_time\" content=\"2024-03-22T21:13:22+00:00\" \/>\n<meta property=\"og:image\" content=\"https:\/\/espak.ee\/epood\/wp-content\/uploads\/D3676_1380_193-Area_A2_CMYK_ECI.jpg\" \/>\n\t<meta property=\"og:image:width\" content=\"1000\" \/>\n\t<meta property=\"og:image:height\" content=\"1000\" \/>\n\t<meta property=\"og:image:type\" content=\"image\/jpeg\" \/>\n<meta name=\"twitter:card\" content=\"summary_large_image\" \/>\n<meta name=\"twitter:label1\" content=\"Est. reading time\" \/>\n\t<meta name=\"twitter:data1\" content=\"1 minut\" \/>\n<script type=\"application\/ld+json\" class=\"yoast-schema-graph\">{\"@context\":\"https:\/\/schema.org\",\"@graph\":[{\"@type\":\"WebPage\",\"@id\":\"https:\/\/espak.ee\/epood\/toode\/laminaatparkett-d3676-8mm-kl32-mand-kunsterspring\/\",\"url\":\"https:\/\/espak.ee\/epood\/toode\/laminaatparkett-d3676-8mm-kl32-mand-kunsterspring\/\",\"name\":\"LAMINAATPARKETT D3676 8MM KL32 M\u00c4ND KUNSTERSPRING - Espak E-pood\",\"isPartOf\":{\"@id\":\"https:\/\/espak.ee\/epood\/#website\"},\"primaryImageOfPage\":{\"@id\":\"https:\/\/espak.ee\/epood\/toode\/laminaatparkett-d3676-8mm-kl32-mand-kunsterspring\/#primaryimage\"},\"image\":{\"@id\":\"https:\/\/espak.ee\/epood\/toode\/laminaatparkett-d3676-8mm-kl32-mand-kunsterspring\/#primaryimage\"},\"thumbnailUrl\":\"https:\/\/espak.ee\/epood\/wp-content\/uploads\/D3676_1380_193-Area_A2_CMYK_ECI.jpg\",\"datePublished\":\"2020-05-06T02:26:13+00:00\",\"dateModified\":\"2024-03-22T21:13:22+00:00\",\"breadcrumb\":{\"@id\":\"https:\/\/espak.ee\/epood\/toode\/laminaatparkett-d3676-8mm-kl32-mand-kunsterspring\/#breadcrumb\"},\"inLanguage\":\"et\",\"potentialAction\":[{\"@type\":\"ReadAction\",\"target\":[\"https:\/\/espak.ee\/epood\/toode\/laminaatparkett-d3676-8mm-kl32-mand-kunsterspring\/\"]}]},{\"@type\":\"ImageObject\",\"inLanguage\":\"et\",\"@id\":\"https:\/\/espak.ee\/epood\/toode\/laminaatparkett-d3676-8mm-kl32-mand-kunsterspring\/#primaryimage\",\"url\":\"https:\/\/espak.ee\/epood\/wp-content\/uploads\/D3676_1380_193-Area_A2_CMYK_ECI.jpg\",\"contentUrl\":\"https:\/\/espak.ee\/epood\/wp-content\/uploads\/D3676_1380_193-Area_A2_CMYK_ECI.jpg\",\"width\":1000,\"height\":1000},{\"@type\":\"BreadcrumbList\",\"@id\":\"https:\/\/espak.ee\/epood\/toode\/laminaatparkett-d3676-8mm-kl32-mand-kunsterspring\/#breadcrumb\",\"itemListElement\":[{\"@type\":\"ListItem\",\"position\":1,\"name\":\"Home\",\"item\":\"https:\/\/espak.ee\/epood\/\"},{\"@type\":\"ListItem\",\"position\":2,\"name\":\"Tootevalik\",\"item\":\"https:\/\/espak.ee\/epood\/tootevalik\/\"},{\"@type\":\"ListItem\",\"position\":3,\"name\":\"LAMINAATPARKETT D3676 8MM KL32 M\u00c4ND KUNSTERSPRING\"}]},{\"@type\":\"WebSite\",\"@id\":\"https:\/\/espak.ee\/epood\/#website\",\"url\":\"https:\/\/espak.ee\/epood\/\",\"name\":\"Espak E-pood\",\"description\":\"\",\"potentialAction\":[{\"@type\":\"SearchAction\",\"target\":{\"@type\":\"EntryPoint\",\"urlTemplate\":\"https:\/\/espak.ee\/epood\/?s={search_term_string}\"},\"query-input\":{\"@type\":\"PropertyValueSpecification\",\"valueRequired\":true,\"valueName\":\"search_term_string\"}}],\"inLanguage\":\"et\"}]}<\/script>\n<!-- \/ Yoast SEO plugin. -->","yoast_head_json":{"title":"LAMINAATPARKETT D3676 8MM KL32 M\u00c4ND KUNSTERSPRING - Espak E-pood","robots":{"index":"index","follow":"follow","max-snippet":"max-snippet:-1","max-image-preview":"max-image-preview:large","max-video-preview":"max-video-preview:-1"},"canonical":"https:\/\/espak.ee\/epood\/toode\/laminaatparkett-d3676-8mm-kl32-mand-kunsterspring\/","og_locale":"et_EE","og_type":"article","og_title":"LAMINAATPARKETT D3676 8MM KL32 M\u00c4ND KUNSTERSPRING - Espak E-pood","og_url":"https:\/\/espak.ee\/epood\/toode\/laminaatparkett-d3676-8mm-kl32-mand-kunsterspring\/","og_site_name":"Espak E-pood","article_modified_time":"2024-03-22T21:13:22+00:00","og_image":[{"width":1000,"height":1000,"url":"https:\/\/espak.ee\/epood\/wp-content\/uploads\/D3676_1380_193-Area_A2_CMYK_ECI.jpg","type":"image\/jpeg"}],"twitter_card":"summary_large_image","twitter_misc":{"Est. reading time":"1 minut"},"schema":{"@context":"https:\/\/schema.org","@graph":[{"@type":"WebPage","@id":"https:\/\/espak.ee\/epood\/toode\/laminaatparkett-d3676-8mm-kl32-mand-kunsterspring\/","url":"https:\/\/espak.ee\/epood\/toode\/laminaatparkett-d3676-8mm-kl32-mand-kunsterspring\/","name":"LAMINAATPARKETT D3676 8MM KL32 M\u00c4ND KUNSTERSPRING - Espak E-pood","isPartOf":{"@id":"https:\/\/espak.ee\/epood\/#website"},"primaryImageOfPage":{"@id":"https:\/\/espak.ee\/epood\/toode\/laminaatparkett-d3676-8mm-kl32-mand-kunsterspring\/#primaryimage"},"image":{"@id":"https:\/\/espak.ee\/epood\/toode\/laminaatparkett-d3676-8mm-kl32-mand-kunsterspring\/#primaryimage"},"thumbnailUrl":"https:\/\/espak.ee\/epood\/wp-content\/uploads\/D3676_1380_193-Area_A2_CMYK_ECI.jpg","datePublished":"2020-05-06T02:26:13+00:00","dateModified":"2024-03-22T21:13:22+00:00","breadcrumb":{"@id":"https:\/\/espak.ee\/epood\/toode\/laminaatparkett-d3676-8mm-kl32-mand-kunsterspring\/#breadcrumb"},"inLanguage":"et","potentialAction":[{"@type":"ReadAction","target":["https:\/\/espak.ee\/epood\/toode\/laminaatparkett-d3676-8mm-kl32-mand-kunsterspring\/"]}]},{"@type":"ImageObject","inLanguage":"et","@id":"https:\/\/espak.ee\/epood\/toode\/laminaatparkett-d3676-8mm-kl32-mand-kunsterspring\/#primaryimage","url":"https:\/\/espak.ee\/epood\/wp-content\/uploads\/D3676_1380_193-Area_A2_CMYK_ECI.jpg","contentUrl":"https:\/\/espak.ee\/epood\/wp-content\/uploads\/D3676_1380_193-Area_A2_CMYK_ECI.jpg","width":1000,"height":1000},{"@type":"BreadcrumbList","@id":"https:\/\/espak.ee\/epood\/toode\/laminaatparkett-d3676-8mm-kl32-mand-kunsterspring\/#breadcrumb","itemListElement":[{"@type":"ListItem","position":1,"name":"Home","item":"https:\/\/espak.ee\/epood\/"},{"@type":"ListItem","position":2,"name":"Tootevalik","item":"https:\/\/espak.ee\/epood\/tootevalik\/"},{"@type":"ListItem","position":3,"name":"LAMINAATPARKETT D3676 8MM KL32 M\u00c4ND KUNSTERSPRING"}]},{"@type":"WebSite","@id":"https:\/\/espak.ee\/epood\/#website","url":"https:\/\/espak.ee\/epood\/","name":"Espak E-pood","description":"","potentialAction":[{"@type":"SearchAction","target":{"@type":"EntryPoint","urlTemplate":"https:\/\/espak.ee\/epood\/?s={search_term_string}"},"query-input":{"@type":"PropertyValueSpecification","valueRequired":true,"valueName":"search_term_string"}}],"inLanguage":"et"}]}},"_links":{"self":[{"href":"https:\/\/espak.ee\/epood\/wp-json\/wp\/v2\/product\/25671","targetHints":{"allow":["GET"]}}],"collection":[{"href":"https:\/\/espak.ee\/epood\/wp-json\/wp\/v2\/product"}],"about":[{"href":"https:\/\/espak.ee\/epood\/wp-json\/wp\/v2\/types\/product"}],"replies":[{"embeddable":true,"href":"https:\/\/espak.ee\/epood\/wp-json\/wp\/v2\/comments?post=25671"}],"wp:featuredmedia":[{"embeddable":true,"href":"https:\/\/espak.ee\/epood\/wp-json\/wp\/v2\/media\/33456"}],"wp:attachment":[{"href":"https:\/\/espak.ee\/epood\/wp-json\/wp\/v2\/media?parent=25671"}],"wp:term":[{"taxonomy":"product_brand","embeddable":true,"href":"https:\/\/espak.ee\/epood\/wp-json\/wp\/v2\/product_brand?post=25671"},{"taxonomy":"product_cat","embeddable":true,"href":"https:\/\/espak.ee\/epood\/wp-json\/wp\/v2\/product_cat?post=25671"},{"taxonomy":"product_tag","embeddable":true,"href":"https:\/\/espak.ee\/epood\/wp-json\/wp\/v2\/product_tag?post=25671"}],"curies":[{"name":"wp","href":"https:\/\/api.w.org\/{rel}","templated":true}]}}