{"id":256577,"date":"2025-11-25T05:05:02","date_gmt":"2025-11-25T03:05:02","guid":{"rendered":"https:\/\/espak.ee\/epood\/?post_type=product&#038;p=256577"},"modified":"2025-11-25T08:43:06","modified_gmt":"2025-11-25T06:43:06","slug":"aku-bosch-s5-007-74ah-750a","status":"publish","type":"product","link":"https:\/\/espak.ee\/epood\/toode\/aku-bosch-s5-007-74ah-750a\/","title":{"rendered":"AKU BOSCH S5 007 74Ah 750A"},"content":{"rendered":"<div class=\"row\"  id=\"row-1891714851\">\n\n\t<div id=\"col-793937575\" class=\"col medium-9 small-12 large-9\"  >\n\t\t\t\t<div class=\"col-inner\"  >\n\t\t\t\n\t\t\t\n<h3>Aku Bosch S5 007 74Ah 750A<\/h3>\n<p>Bosch S5 seeria k\u00e4ivitusaku pakub parimat j\u00f5udlust, ohutust ja usaldusv\u00e4\u00e4rsust.<\/p>\n<p>&#8211; V\u00f5imas energiaallikas, mis on loodud toime tulema \u00fcha suurema mugavuselektroonika kasutamisega t\u00e4nap\u00e4evastel s\u00f5idukitel.<br \/>\n&#8211; Suure j\u00f5udlusega aku v\u00f5imsate kaasaegsete mootorite jaoks \u2013 k\u00fclmk\u00e4ivitusvool on 30% k\u00f5rgem kui tavaakul. Isegi eriti k\u00fclmade temperatuuride korral pakub Bosch S5 aku mootorile usaldusv\u00e4\u00e4rse k\u00e4ivituse.<br \/>\n&#8211; Minimaalne iset\u00fchjenemine ja meelerahu rohkel linnas\u00f5idul.<br \/>\n&#8211; Paljud auto- ja kaubikute tootjad paigaldavad Boschi akusid originaalvarustuses.<br \/>\nSobib k\u00f5ikidele s\u00f5idukiklassidele.<\/p>\n<div class=\"is-divider divider clearfix\" ><\/div>\n<p>T\u00fc\u00fcp: K\u00e4ivitusaku Bosch S5<br \/>\nMahutuvus: 74Ah<br \/>\nK\u00e4ivitusvool: 750A<br \/>\nPinge (V): 12<br \/>\nPikkus: 278mm<br \/>\nLaius: 175mm<br \/>\nK\u00f5rgus: 175mm<br \/>\nKlemmide asetus: &#8211; +<\/p>\n\t\t<\/div>\n\t\t\t\t\t<\/div>\n\n\t\n\n\t<div id=\"col-385345481\" class=\"col medium-3 small-12 large-3\"  >\n\t\t\t\t<div class=\"col-inner\"  >\n\t\t\t\n\t\t\t\n\t<div id=\"gap-892607854\" class=\"gap-element clearfix\" style=\"display:block; height:auto;\">\n\t\t\n<style>\n#gap-892607854 {\n  padding-top: 30px;\n}\n<\/style>\n\t<\/div>\n\t\n<p><strong>\u00dcksikasjalikuma n\u00f5u saamiseks v\u00f5tke \u00fchendust:<br \/><\/strong>AS Salome Auto<br \/>Kadaka tee 42a<br \/>12915<br \/>Tallinn<br \/> Telefon +372 6808 801<\/p>\n\t\t<\/div>\n\t\t\t\t\t<\/div>\n\n\t\n<\/div>\n","protected":false},"excerpt":{"rendered":"","protected":false},"featured_media":256614,"comment_status":"closed","ping_status":"closed","template":"","meta":[],"product_brand":[],"product_cat":[2788,2941,2942,2943],"product_tag":[],"class_list":{"0":"post-256577","1":"product","2":"type-product","3":"status-publish","4":"has-post-thumbnail","6":"product_cat-aiatarbed-ja-kodukaubad","7":"product_cat-autokaubad","8":"product_cat-autokaubad-autokaubad","9":"product_cat-autotarvikud","10":"pa_kaubamark-bosch","12":"first","13":"instock","14":"sale","15":"taxable","16":"shipping-taxable","17":"purchasable","18":"product-type-simple"},"yoast_head":"<!-- This site is optimized with the Yoast SEO plugin v26.9 - https:\/\/yoast.com\/product\/yoast-seo-wordpress\/ -->\n<title>AKU BOSCH S5 007 74Ah 750A - Espak E-pood<\/title>\n<meta name=\"robots\" content=\"index, follow, max-snippet:-1, max-image-preview:large, max-video-preview:-1\" \/>\n<link rel=\"canonical\" href=\"https:\/\/espak.ee\/epood\/toode\/aku-bosch-s5-007-74ah-750a\/\" \/>\n<meta property=\"og:locale\" content=\"et_EE\" \/>\n<meta property=\"og:type\" content=\"article\" \/>\n<meta property=\"og:title\" content=\"AKU BOSCH S5 007 74Ah 750A - Espak E-pood\" \/>\n<meta property=\"og:url\" content=\"https:\/\/espak.ee\/epood\/toode\/aku-bosch-s5-007-74ah-750a\/\" \/>\n<meta property=\"og:site_name\" content=\"Espak E-pood\" \/>\n<meta property=\"article:modified_time\" content=\"2025-11-25T06:43:06+00:00\" \/>\n<meta property=\"og:image\" content=\"https:\/\/espak.ee\/epood\/wp-content\/uploads\/2025\/11\/0092S500706924040e6265b_1.jpg\" \/>\n\t<meta property=\"og:image:width\" content=\"800\" \/>\n\t<meta property=\"og:image:height\" content=\"800\" \/>\n\t<meta property=\"og:image:type\" content=\"image\/jpeg\" \/>\n<meta name=\"twitter:card\" content=\"summary_large_image\" \/>\n<meta name=\"twitter:label1\" content=\"Est. reading time\" \/>\n\t<meta name=\"twitter:data1\" content=\"1 minut\" \/>\n<script type=\"application\/ld+json\" class=\"yoast-schema-graph\">{\"@context\":\"https:\/\/schema.org\",\"@graph\":[{\"@type\":\"WebPage\",\"@id\":\"https:\/\/espak.ee\/epood\/toode\/aku-bosch-s5-007-74ah-750a\/\",\"url\":\"https:\/\/espak.ee\/epood\/toode\/aku-bosch-s5-007-74ah-750a\/\",\"name\":\"AKU BOSCH S5 007 74Ah 750A - Espak E-pood\",\"isPartOf\":{\"@id\":\"https:\/\/espak.ee\/epood\/#website\"},\"primaryImageOfPage\":{\"@id\":\"https:\/\/espak.ee\/epood\/toode\/aku-bosch-s5-007-74ah-750a\/#primaryimage\"},\"image\":{\"@id\":\"https:\/\/espak.ee\/epood\/toode\/aku-bosch-s5-007-74ah-750a\/#primaryimage\"},\"thumbnailUrl\":\"https:\/\/espak.ee\/epood\/wp-content\/uploads\/2025\/11\/0092S500706924040e6265b_1.jpg\",\"datePublished\":\"2025-11-25T03:05:02+00:00\",\"dateModified\":\"2025-11-25T06:43:06+00:00\",\"breadcrumb\":{\"@id\":\"https:\/\/espak.ee\/epood\/toode\/aku-bosch-s5-007-74ah-750a\/#breadcrumb\"},\"inLanguage\":\"et\",\"potentialAction\":[{\"@type\":\"ReadAction\",\"target\":[\"https:\/\/espak.ee\/epood\/toode\/aku-bosch-s5-007-74ah-750a\/\"]}]},{\"@type\":\"ImageObject\",\"inLanguage\":\"et\",\"@id\":\"https:\/\/espak.ee\/epood\/toode\/aku-bosch-s5-007-74ah-750a\/#primaryimage\",\"url\":\"https:\/\/espak.ee\/epood\/wp-content\/uploads\/2025\/11\/0092S500706924040e6265b_1.jpg\",\"contentUrl\":\"https:\/\/espak.ee\/epood\/wp-content\/uploads\/2025\/11\/0092S500706924040e6265b_1.jpg\",\"width\":800,\"height\":800},{\"@type\":\"BreadcrumbList\",\"@id\":\"https:\/\/espak.ee\/epood\/toode\/aku-bosch-s5-007-74ah-750a\/#breadcrumb\",\"itemListElement\":[{\"@type\":\"ListItem\",\"position\":1,\"name\":\"Home\",\"item\":\"https:\/\/espak.ee\/epood\/\"},{\"@type\":\"ListItem\",\"position\":2,\"name\":\"Tootevalik\",\"item\":\"https:\/\/espak.ee\/epood\/tootevalik\/\"},{\"@type\":\"ListItem\",\"position\":3,\"name\":\"AKU BOSCH S5 007 74Ah 750A\"}]},{\"@type\":\"WebSite\",\"@id\":\"https:\/\/espak.ee\/epood\/#website\",\"url\":\"https:\/\/espak.ee\/epood\/\",\"name\":\"Espak E-pood\",\"description\":\"\",\"potentialAction\":[{\"@type\":\"SearchAction\",\"target\":{\"@type\":\"EntryPoint\",\"urlTemplate\":\"https:\/\/espak.ee\/epood\/?s={search_term_string}\"},\"query-input\":{\"@type\":\"PropertyValueSpecification\",\"valueRequired\":true,\"valueName\":\"search_term_string\"}}],\"inLanguage\":\"et\"}]}<\/script>\n<!-- \/ Yoast SEO plugin. -->","yoast_head_json":{"title":"AKU BOSCH S5 007 74Ah 750A - Espak E-pood","robots":{"index":"index","follow":"follow","max-snippet":"max-snippet:-1","max-image-preview":"max-image-preview:large","max-video-preview":"max-video-preview:-1"},"canonical":"https:\/\/espak.ee\/epood\/toode\/aku-bosch-s5-007-74ah-750a\/","og_locale":"et_EE","og_type":"article","og_title":"AKU BOSCH S5 007 74Ah 750A - Espak E-pood","og_url":"https:\/\/espak.ee\/epood\/toode\/aku-bosch-s5-007-74ah-750a\/","og_site_name":"Espak E-pood","article_modified_time":"2025-11-25T06:43:06+00:00","og_image":[{"width":800,"height":800,"url":"https:\/\/espak.ee\/epood\/wp-content\/uploads\/2025\/11\/0092S500706924040e6265b_1.jpg","type":"image\/jpeg"}],"twitter_card":"summary_large_image","twitter_misc":{"Est. reading time":"1 minut"},"schema":{"@context":"https:\/\/schema.org","@graph":[{"@type":"WebPage","@id":"https:\/\/espak.ee\/epood\/toode\/aku-bosch-s5-007-74ah-750a\/","url":"https:\/\/espak.ee\/epood\/toode\/aku-bosch-s5-007-74ah-750a\/","name":"AKU BOSCH S5 007 74Ah 750A - Espak E-pood","isPartOf":{"@id":"https:\/\/espak.ee\/epood\/#website"},"primaryImageOfPage":{"@id":"https:\/\/espak.ee\/epood\/toode\/aku-bosch-s5-007-74ah-750a\/#primaryimage"},"image":{"@id":"https:\/\/espak.ee\/epood\/toode\/aku-bosch-s5-007-74ah-750a\/#primaryimage"},"thumbnailUrl":"https:\/\/espak.ee\/epood\/wp-content\/uploads\/2025\/11\/0092S500706924040e6265b_1.jpg","datePublished":"2025-11-25T03:05:02+00:00","dateModified":"2025-11-25T06:43:06+00:00","breadcrumb":{"@id":"https:\/\/espak.ee\/epood\/toode\/aku-bosch-s5-007-74ah-750a\/#breadcrumb"},"inLanguage":"et","potentialAction":[{"@type":"ReadAction","target":["https:\/\/espak.ee\/epood\/toode\/aku-bosch-s5-007-74ah-750a\/"]}]},{"@type":"ImageObject","inLanguage":"et","@id":"https:\/\/espak.ee\/epood\/toode\/aku-bosch-s5-007-74ah-750a\/#primaryimage","url":"https:\/\/espak.ee\/epood\/wp-content\/uploads\/2025\/11\/0092S500706924040e6265b_1.jpg","contentUrl":"https:\/\/espak.ee\/epood\/wp-content\/uploads\/2025\/11\/0092S500706924040e6265b_1.jpg","width":800,"height":800},{"@type":"BreadcrumbList","@id":"https:\/\/espak.ee\/epood\/toode\/aku-bosch-s5-007-74ah-750a\/#breadcrumb","itemListElement":[{"@type":"ListItem","position":1,"name":"Home","item":"https:\/\/espak.ee\/epood\/"},{"@type":"ListItem","position":2,"name":"Tootevalik","item":"https:\/\/espak.ee\/epood\/tootevalik\/"},{"@type":"ListItem","position":3,"name":"AKU BOSCH S5 007 74Ah 750A"}]},{"@type":"WebSite","@id":"https:\/\/espak.ee\/epood\/#website","url":"https:\/\/espak.ee\/epood\/","name":"Espak E-pood","description":"","potentialAction":[{"@type":"SearchAction","target":{"@type":"EntryPoint","urlTemplate":"https:\/\/espak.ee\/epood\/?s={search_term_string}"},"query-input":{"@type":"PropertyValueSpecification","valueRequired":true,"valueName":"search_term_string"}}],"inLanguage":"et"}]}},"_links":{"self":[{"href":"https:\/\/espak.ee\/epood\/wp-json\/wp\/v2\/product\/256577","targetHints":{"allow":["GET"]}}],"collection":[{"href":"https:\/\/espak.ee\/epood\/wp-json\/wp\/v2\/product"}],"about":[{"href":"https:\/\/espak.ee\/epood\/wp-json\/wp\/v2\/types\/product"}],"replies":[{"embeddable":true,"href":"https:\/\/espak.ee\/epood\/wp-json\/wp\/v2\/comments?post=256577"}],"wp:featuredmedia":[{"embeddable":true,"href":"https:\/\/espak.ee\/epood\/wp-json\/wp\/v2\/media\/256614"}],"wp:attachment":[{"href":"https:\/\/espak.ee\/epood\/wp-json\/wp\/v2\/media?parent=256577"}],"wp:term":[{"taxonomy":"product_brand","embeddable":true,"href":"https:\/\/espak.ee\/epood\/wp-json\/wp\/v2\/product_brand?post=256577"},{"taxonomy":"product_cat","embeddable":true,"href":"https:\/\/espak.ee\/epood\/wp-json\/wp\/v2\/product_cat?post=256577"},{"taxonomy":"product_tag","embeddable":true,"href":"https:\/\/espak.ee\/epood\/wp-json\/wp\/v2\/product_tag?post=256577"}],"curies":[{"name":"wp","href":"https:\/\/api.w.org\/{rel}","templated":true}]}}