{"id":254682,"date":"2025-11-06T05:10:01","date_gmt":"2025-11-06T03:10:01","guid":{"rendered":"https:\/\/espak.ee\/epood\/?post_type=product&#038;p=254682"},"modified":"2025-11-06T10:52:44","modified_gmt":"2025-11-06T08:52:44","slug":"keevituskindad-faster-tools-p531-58-s-10","status":"publish","type":"product","link":"https:\/\/espak.ee\/epood\/toode\/keevituskindad-faster-tools-p531-58-s-10\/","title":{"rendered":"KEEVITUSKINDAD FASTER TOOLS P531-58 S.10"},"content":{"rendered":"<div class=\"row\"  id=\"row-103352847\">\n\n\t<div id=\"col-109817706\" class=\"col medium-9 small-12 large-9\"  >\n\t\t\t\t<div class=\"col-inner\"  >\n\t\t\t\n\t\t\t\n<h3>Keevituskindad Faster Tools s10 <\/h3>\n<p>PROTECT2U BLACK keevituskindad on valmistatud kvaliteetsest mustast lehmanahast. Nahk on paksem ja vastupidavam, mist\u00f5ttu sobivad kindad raskemateks keevitust\u00f6\u00f6deks ning t\u00f6\u00f6stuslikeks rakendusteks, kus on vaja suuremat kaitset. Kindad on 36 cm pikad, pakkudes t\u00f5husat kaitset k\u00e4tele, randmetele ja k\u00fc\u00fcnarvartele.<\/p>\n<p>\u00d5mblemisel kasutatakse tugevat Kevlari niiti, mis on vastupidavad k\u00f5rgetele temperatuuridele, h\u00f5\u00f5rdumisele ja l\u00f5igetele ning on m\u00f5\u00f5tmetelt stabiilne. See muudab \u00f5mblused vastupidavaks ja t\u00f6\u00f6kindlaks ning kinnastel on pikem kasutusiga rasketes t\u00f6\u00f6tingimustes.<\/p>\n<p>Kindad vastavad j\u00e4rgmiste standardite n\u00f5uetele: EN 388: 4244X, EN 407: 41114X, EN ISO 21420, EN 12477, on klassifitseeritud II kaitsekategooriasse ja omavad CE-sertifikaati.\n <\/p>\n\t\t<\/div>\n\t\t\t\t\t<\/div>\n\n\t\n\n\t<div id=\"col-682837181\" class=\"col medium-3 small-12 large-3\"  >\n\t\t\t\t<div class=\"col-inner\"  >\n\t\t\t\n\t\t\t\n\t<div id=\"gap-1191276822\" class=\"gap-element clearfix\" style=\"display:block; height:auto;\">\n\t\t\n<style>\n#gap-1191276822 {\n  padding-top: 30px;\n}\n<\/style>\n\t<\/div>\n\t\n<p><strong>\u00dcksikasjalikuma n\u00f5u saamiseks v\u00f5tke \u00fchendust:<br \/><\/strong>Espak AS<br \/>Viadukti 42<br \/>11313<br \/>Tallinn<br \/> T\u00f6\u00f6riista osakond +372 6512 335<br \/><a href=\"mailto:tooriist@espak.ee\">tooriist@espak.ee<\/a><\/p>\n\t\t<\/div>\n\t\t\t\t\t<\/div>\n\n\t\n<\/div>\n","protected":false},"excerpt":{"rendered":"","protected":false},"featured_media":254757,"comment_status":"closed","ping_status":"closed","template":"","meta":[],"product_brand":[],"product_cat":[2680,2681,3172,2679],"product_tag":[],"class_list":{"0":"post-254682","1":"product","2":"type-product","3":"status-publish","4":"has-post-thumbnail","6":"product_cat-elektritooriistad","7":"product_cat-masinad-ja-seadmed","8":"product_cat-masinate-ja-seadmete-tarvikud","9":"product_cat-tooriistad","10":"pa_kaubamark-faster-tools","12":"first","13":"outofstock","14":"sale","15":"taxable","16":"shipping-taxable","17":"purchasable","18":"product-type-simple"},"yoast_head":"<!-- This site is optimized with the Yoast SEO plugin v26.9 - https:\/\/yoast.com\/product\/yoast-seo-wordpress\/ -->\n<title>KEEVITUSKINDAD FASTER TOOLS P531-58 S.10 - Espak E-pood<\/title>\n<meta name=\"robots\" content=\"index, follow, max-snippet:-1, max-image-preview:large, max-video-preview:-1\" \/>\n<link rel=\"canonical\" href=\"https:\/\/espak.ee\/epood\/toode\/keevituskindad-faster-tools-p531-58-s-10\/\" \/>\n<meta property=\"og:locale\" content=\"et_EE\" \/>\n<meta property=\"og:type\" content=\"article\" \/>\n<meta property=\"og:title\" content=\"KEEVITUSKINDAD FASTER TOOLS P531-58 S.10 - Espak E-pood\" \/>\n<meta property=\"og:url\" content=\"https:\/\/espak.ee\/epood\/toode\/keevituskindad-faster-tools-p531-58-s-10\/\" \/>\n<meta property=\"og:site_name\" content=\"Espak E-pood\" \/>\n<meta property=\"article:modified_time\" content=\"2025-11-06T08:52:44+00:00\" \/>\n<meta property=\"og:image\" content=\"https:\/\/espak.ee\/epood\/wp-content\/uploads\/2025\/11\/20250929145917_p531-58-1-scaled.jpg\" \/>\n\t<meta property=\"og:image:width\" content=\"2048\" \/>\n\t<meta property=\"og:image:height\" content=\"2048\" \/>\n\t<meta property=\"og:image:type\" content=\"image\/jpeg\" \/>\n<meta name=\"twitter:card\" content=\"summary_large_image\" \/>\n<meta name=\"twitter:label1\" content=\"Est. reading time\" \/>\n\t<meta name=\"twitter:data1\" content=\"1 minut\" \/>\n<script type=\"application\/ld+json\" class=\"yoast-schema-graph\">{\"@context\":\"https:\/\/schema.org\",\"@graph\":[{\"@type\":\"WebPage\",\"@id\":\"https:\/\/espak.ee\/epood\/toode\/keevituskindad-faster-tools-p531-58-s-10\/\",\"url\":\"https:\/\/espak.ee\/epood\/toode\/keevituskindad-faster-tools-p531-58-s-10\/\",\"name\":\"KEEVITUSKINDAD FASTER TOOLS P531-58 S.10 - Espak E-pood\",\"isPartOf\":{\"@id\":\"https:\/\/espak.ee\/epood\/#website\"},\"primaryImageOfPage\":{\"@id\":\"https:\/\/espak.ee\/epood\/toode\/keevituskindad-faster-tools-p531-58-s-10\/#primaryimage\"},\"image\":{\"@id\":\"https:\/\/espak.ee\/epood\/toode\/keevituskindad-faster-tools-p531-58-s-10\/#primaryimage\"},\"thumbnailUrl\":\"https:\/\/espak.ee\/epood\/wp-content\/uploads\/2025\/11\/20250929145917_p531-58-1-scaled.jpg\",\"datePublished\":\"2025-11-06T03:10:01+00:00\",\"dateModified\":\"2025-11-06T08:52:44+00:00\",\"breadcrumb\":{\"@id\":\"https:\/\/espak.ee\/epood\/toode\/keevituskindad-faster-tools-p531-58-s-10\/#breadcrumb\"},\"inLanguage\":\"et\",\"potentialAction\":[{\"@type\":\"ReadAction\",\"target\":[\"https:\/\/espak.ee\/epood\/toode\/keevituskindad-faster-tools-p531-58-s-10\/\"]}]},{\"@type\":\"ImageObject\",\"inLanguage\":\"et\",\"@id\":\"https:\/\/espak.ee\/epood\/toode\/keevituskindad-faster-tools-p531-58-s-10\/#primaryimage\",\"url\":\"https:\/\/espak.ee\/epood\/wp-content\/uploads\/2025\/11\/20250929145917_p531-58-1-scaled.jpg\",\"contentUrl\":\"https:\/\/espak.ee\/epood\/wp-content\/uploads\/2025\/11\/20250929145917_p531-58-1-scaled.jpg\",\"width\":2048,\"height\":2048},{\"@type\":\"BreadcrumbList\",\"@id\":\"https:\/\/espak.ee\/epood\/toode\/keevituskindad-faster-tools-p531-58-s-10\/#breadcrumb\",\"itemListElement\":[{\"@type\":\"ListItem\",\"position\":1,\"name\":\"Home\",\"item\":\"https:\/\/espak.ee\/epood\/\"},{\"@type\":\"ListItem\",\"position\":2,\"name\":\"Tootevalik\",\"item\":\"https:\/\/espak.ee\/epood\/tootevalik\/\"},{\"@type\":\"ListItem\",\"position\":3,\"name\":\"KEEVITUSKINDAD FASTER TOOLS P531-58 S.10\"}]},{\"@type\":\"WebSite\",\"@id\":\"https:\/\/espak.ee\/epood\/#website\",\"url\":\"https:\/\/espak.ee\/epood\/\",\"name\":\"Espak E-pood\",\"description\":\"\",\"potentialAction\":[{\"@type\":\"SearchAction\",\"target\":{\"@type\":\"EntryPoint\",\"urlTemplate\":\"https:\/\/espak.ee\/epood\/?s={search_term_string}\"},\"query-input\":{\"@type\":\"PropertyValueSpecification\",\"valueRequired\":true,\"valueName\":\"search_term_string\"}}],\"inLanguage\":\"et\"}]}<\/script>\n<!-- \/ Yoast SEO plugin. -->","yoast_head_json":{"title":"KEEVITUSKINDAD FASTER TOOLS P531-58 S.10 - Espak E-pood","robots":{"index":"index","follow":"follow","max-snippet":"max-snippet:-1","max-image-preview":"max-image-preview:large","max-video-preview":"max-video-preview:-1"},"canonical":"https:\/\/espak.ee\/epood\/toode\/keevituskindad-faster-tools-p531-58-s-10\/","og_locale":"et_EE","og_type":"article","og_title":"KEEVITUSKINDAD FASTER TOOLS P531-58 S.10 - Espak E-pood","og_url":"https:\/\/espak.ee\/epood\/toode\/keevituskindad-faster-tools-p531-58-s-10\/","og_site_name":"Espak E-pood","article_modified_time":"2025-11-06T08:52:44+00:00","og_image":[{"width":2048,"height":2048,"url":"https:\/\/espak.ee\/epood\/wp-content\/uploads\/2025\/11\/20250929145917_p531-58-1-scaled.jpg","type":"image\/jpeg"}],"twitter_card":"summary_large_image","twitter_misc":{"Est. reading time":"1 minut"},"schema":{"@context":"https:\/\/schema.org","@graph":[{"@type":"WebPage","@id":"https:\/\/espak.ee\/epood\/toode\/keevituskindad-faster-tools-p531-58-s-10\/","url":"https:\/\/espak.ee\/epood\/toode\/keevituskindad-faster-tools-p531-58-s-10\/","name":"KEEVITUSKINDAD FASTER TOOLS P531-58 S.10 - Espak E-pood","isPartOf":{"@id":"https:\/\/espak.ee\/epood\/#website"},"primaryImageOfPage":{"@id":"https:\/\/espak.ee\/epood\/toode\/keevituskindad-faster-tools-p531-58-s-10\/#primaryimage"},"image":{"@id":"https:\/\/espak.ee\/epood\/toode\/keevituskindad-faster-tools-p531-58-s-10\/#primaryimage"},"thumbnailUrl":"https:\/\/espak.ee\/epood\/wp-content\/uploads\/2025\/11\/20250929145917_p531-58-1-scaled.jpg","datePublished":"2025-11-06T03:10:01+00:00","dateModified":"2025-11-06T08:52:44+00:00","breadcrumb":{"@id":"https:\/\/espak.ee\/epood\/toode\/keevituskindad-faster-tools-p531-58-s-10\/#breadcrumb"},"inLanguage":"et","potentialAction":[{"@type":"ReadAction","target":["https:\/\/espak.ee\/epood\/toode\/keevituskindad-faster-tools-p531-58-s-10\/"]}]},{"@type":"ImageObject","inLanguage":"et","@id":"https:\/\/espak.ee\/epood\/toode\/keevituskindad-faster-tools-p531-58-s-10\/#primaryimage","url":"https:\/\/espak.ee\/epood\/wp-content\/uploads\/2025\/11\/20250929145917_p531-58-1-scaled.jpg","contentUrl":"https:\/\/espak.ee\/epood\/wp-content\/uploads\/2025\/11\/20250929145917_p531-58-1-scaled.jpg","width":2048,"height":2048},{"@type":"BreadcrumbList","@id":"https:\/\/espak.ee\/epood\/toode\/keevituskindad-faster-tools-p531-58-s-10\/#breadcrumb","itemListElement":[{"@type":"ListItem","position":1,"name":"Home","item":"https:\/\/espak.ee\/epood\/"},{"@type":"ListItem","position":2,"name":"Tootevalik","item":"https:\/\/espak.ee\/epood\/tootevalik\/"},{"@type":"ListItem","position":3,"name":"KEEVITUSKINDAD FASTER TOOLS P531-58 S.10"}]},{"@type":"WebSite","@id":"https:\/\/espak.ee\/epood\/#website","url":"https:\/\/espak.ee\/epood\/","name":"Espak E-pood","description":"","potentialAction":[{"@type":"SearchAction","target":{"@type":"EntryPoint","urlTemplate":"https:\/\/espak.ee\/epood\/?s={search_term_string}"},"query-input":{"@type":"PropertyValueSpecification","valueRequired":true,"valueName":"search_term_string"}}],"inLanguage":"et"}]}},"_links":{"self":[{"href":"https:\/\/espak.ee\/epood\/wp-json\/wp\/v2\/product\/254682","targetHints":{"allow":["GET"]}}],"collection":[{"href":"https:\/\/espak.ee\/epood\/wp-json\/wp\/v2\/product"}],"about":[{"href":"https:\/\/espak.ee\/epood\/wp-json\/wp\/v2\/types\/product"}],"replies":[{"embeddable":true,"href":"https:\/\/espak.ee\/epood\/wp-json\/wp\/v2\/comments?post=254682"}],"wp:featuredmedia":[{"embeddable":true,"href":"https:\/\/espak.ee\/epood\/wp-json\/wp\/v2\/media\/254757"}],"wp:attachment":[{"href":"https:\/\/espak.ee\/epood\/wp-json\/wp\/v2\/media?parent=254682"}],"wp:term":[{"taxonomy":"product_brand","embeddable":true,"href":"https:\/\/espak.ee\/epood\/wp-json\/wp\/v2\/product_brand?post=254682"},{"taxonomy":"product_cat","embeddable":true,"href":"https:\/\/espak.ee\/epood\/wp-json\/wp\/v2\/product_cat?post=254682"},{"taxonomy":"product_tag","embeddable":true,"href":"https:\/\/espak.ee\/epood\/wp-json\/wp\/v2\/product_tag?post=254682"}],"curies":[{"name":"wp","href":"https:\/\/api.w.org\/{rel}","templated":true}]}}