{"id":254298,"date":"2025-11-01T05:05:02","date_gmt":"2025-11-01T03:05:02","guid":{"rendered":"https:\/\/espak.ee\/epood\/?post_type=product&#038;p=254298"},"modified":"2025-11-11T10:17:07","modified_gmt":"2025-11-11T08:17:07","slug":"lintlihvija-einhell-te-bs-850-e","status":"publish","type":"product","link":"https:\/\/espak.ee\/epood\/toode\/lintlihvija-einhell-te-bs-850-e\/","title":{"rendered":"LINTLIHVIJA EINHELL TE-BS 850 E"},"content":{"rendered":"<div class=\"row\"  id=\"row-2031123058\">\n\n\t<div id=\"col-970894839\" class=\"col medium-9 small-12 large-9\"  >\n\t\t\t\t<div class=\"col-inner\"  >\n\t\t\t\n\t\t\t\n<h3>Lintlihvija Einhell TE-BS 850 E<\/h3>\n<div class=\"message-box relative\" style=\"padding-top:15px;padding-bottom:15px;\"><div class=\"message-box-bg-image bg-fill fill\" ><\/div><div class=\"message-box-bg-overlay bg-fill fill\" ><\/div><div class=\"container relative\"><div class=\"inner last-reset\">\n<div class=\"row align-middle align-center\"  id=\"row-1859730901\">\n\n\t<div id=\"col-910042057\" class=\"col small-12 large-12\"  >\n\t\t\t\t<div class=\"col-inner text-left\"  >\n\t\t\t\n\t\t\t\n<h4>Omadused<\/h4>\n<div class=\"row\"  id=\"row-166211595\">\n\n\t<div id=\"col-1652597852\" class=\"col medium-6 small-12 large-6\"  >\n\t\t\t\t<div class=\"col-inner\"  >\n\t\t\t\n\t\t\t\n<p><i class=\"far fa-check-circle fa-2x\"><\/i><strong>\u00a0Kiire ja lihtne lihvlindi vahetamine lukustushoova abil<\/strong><\/p>\n<p><i class=\"far fa-check-circle fa-2x\"><\/i><strong> Lihvlindi t\u00e4pne paigutus t\u00e4ppisseadistuse abil\u00a0<\/strong><\/p>\n<p><i class=\"far fa-check-circle fa-2x\"><\/i><strong> Sisseehitatud tolmu\u00e4rastuss\u00fcsteem tolmukogumismahutiga<\/strong><\/p>\n<p><i class=\"far fa-check-circle fa-2x\"><\/i><strong> Mugav ja ohutu t\u00f6\u00f6tada t\u00e4nu pehmendusega pindadele\u00a0<\/strong><\/p>\n<p><i class=\"far fa-check-circle fa-2x\"><\/i><strong> Kaasas 3 lihvlinti (P80)\u00a0<\/strong><\/p>\n\t\t<\/div>\n\t\t\t\t\n<style>\n#col-1652597852 > .col-inner {\n  margin: 0px 0px 15px 0px;\n}\n<\/style>\n\t<\/div>\n\n\t\n\n\t<div id=\"col-1633742727\" class=\"col medium-6 small-12 large-6\"  >\n\t\t\t\t<div class=\"col-inner\"  >\n\t\t\t\n\t\t\t\n<p><i class=\"far fa-check-circle fa-2x\"><\/i><strong> Elektrooniline v\u00f5nkesageduse seadistus materjali ja t\u00f6\u00f6tlusega kohandamiseks <\/strong><\/p>\n<p><i class=\"far fa-check-circle fa-2x\"><\/i><strong> Lisak\u00e4epide paindlikuks t\u00f6\u00f6tamiseks\u00a0<\/strong><\/p>\n<p><i class=\"far fa-check-circle fa-2x\"><\/i><strong> Komplektis pitskruvid lihvija laua k\u00fclge kinnitamiseks\u00a0<\/strong><\/p>\n<p><i class=\"far fa-check-circle fa-2x\"><\/i><strong> \u00dchildub Einhelli m\u00e4rg-\/kuivtolmuimejatega\u00a0<\/strong><\/p>\n\t\t<\/div>\n\t\t\t\t\n<style>\n#col-1633742727 > .col-inner {\n  margin: 0px 0px 15px 0px;\n}\n<\/style>\n\t<\/div>\n\n\t\n<\/div>\n\t\t<\/div>\n\t\t\t\t\t<\/div>\n\n\t\n<\/div>\n<\/div><\/div><\/div>\n\t<div id=\"gap-1628034383\" class=\"gap-element clearfix\" style=\"display:block; height:auto;\">\n\t\t\n<style>\n#gap-1628034383 {\n  padding-top: 30px;\n}\n<\/style>\n\t<\/div>\n\t\n<h2>Tootekirjeldus<\/h2>\n<p> Lintlihvija Einhell TE-BS 850 E on kvaliteetne ja v\u00f5imas lihvimisriist suurte pindade kiireks ning \u00fchtlaseks lihvimiseks. Elektrooniline juhtimine v\u00f5imaldab kohandada tarvikut vastavalt kasutatavale materjalile ja rakendusele. T\u00e4ppisseadistuse abil saab lihvlindi asendit \u00e4\u00e4rmiselt t\u00e4pselt ja optimaalselt kohandada. Lihvlinti saab t\u00e4nu lukustushoovale asendada vaid randmep\u00f6\u00f6rdega ja ilma t\u00f6\u00f6riistadeta. Aegan\u00f5udvate t\u00f6\u00f6de puhul pakub abi p\u00fcsilukustus ja lisak\u00e4epide v\u00f5imaldab kahe k\u00e4ega juhtimist. Pehmed haardepinnad tagavad mugava k\u00e4sitsemise ja t\u00f6\u00f6riista kindla juhtimise. T\u00f6\u00f6koha tolmuvabana hoidmiseks on lintlihvijal sissehitatud tolmukogumismahuti ja v\u00e4line tolmuimeja adapter Einhelli m\u00e4rg-\/kuivtolmuimejaga \u00fchendamiseks. T\u00f6\u00f6ga kohe alustamiseks on kaasas kolm lihvlint (P80). <\/p>\n\t<div id=\"gap-1804150175\" class=\"gap-element clearfix\" style=\"display:block; height:auto;\">\n\t\t\n<style>\n#gap-1804150175 {\n  padding-top: 30px;\n}\n<\/style>\n\t<\/div>\n\t\n\t\t<\/div>\n\t\t\t\t\t<\/div>\n\n\t\n\n\t<div id=\"col-2090912126\" class=\"col medium-3 small-12 large-3\"  >\n\t\t\t\t<div class=\"col-inner\"  >\n\t\t\t\n\t\t\t\n\t<div id=\"gap-1217414027\" class=\"gap-element clearfix\" style=\"display:block; height:auto;\">\n\t\t\n<style>\n#gap-1217414027 {\n  padding-top: 30px;\n}\n<\/style>\n\t<\/div>\n\t\n<h3>Kasutusjuhend<\/h3>\n<p><a href=\"https:\/\/espak.ee\/epood\/wp-content\/uploads\/2025\/11\/4466245_21012_001_SPK13.pdf\"target=\"_blank\" rel=\"noopener noreferrer\"><i class=\"far fa-file-pdf\"><\/i> Kasutusjuhend (PDF)<\/a><\/p>\n<div class=\"is-divider divider clearfix\" ><\/div>\n<p><strong>\u00dcksikasjalikuma n\u00f5u saamiseks v\u00f5tke \u00fchendust:<br \/><\/strong>Espak AS<br \/>Viadukti 42<br \/>11313<br \/>Tallinn<br \/>+372 6 512333<\/p>\n\t\t<\/div>\n\t\t\t\t\t<\/div>\n\n\t\n<\/div>\n","protected":false},"excerpt":{"rendered":"","protected":false},"featured_media":255139,"comment_status":"closed","ping_status":"closed","template":"","meta":[],"product_brand":[],"product_cat":[2739,2680,2759,2679],"product_tag":[],"class_list":{"0":"post-254298","1":"product","2":"type-product","3":"status-publish","4":"has-post-thumbnail","6":"product_cat-elektrikasitooriistad","7":"product_cat-elektritooriistad","8":"product_cat-lihvmasinad","9":"product_cat-tooriistad","10":"pa_kaubamark-einhell","12":"first","13":"instock","14":"sale","15":"taxable","16":"shipping-taxable","17":"purchasable","18":"product-type-simple"},"yoast_head":"<!-- This site is optimized with the Yoast SEO plugin v26.9 - https:\/\/yoast.com\/product\/yoast-seo-wordpress\/ -->\n<title>LINTLIHVIJA EINHELL TE-BS 850 E - Espak E-pood<\/title>\n<meta name=\"robots\" content=\"index, follow, max-snippet:-1, max-image-preview:large, max-video-preview:-1\" \/>\n<link rel=\"canonical\" href=\"https:\/\/espak.ee\/epood\/toode\/lintlihvija-einhell-te-bs-850-e\/\" \/>\n<meta property=\"og:locale\" content=\"et_EE\" \/>\n<meta property=\"og:type\" content=\"article\" \/>\n<meta property=\"og:title\" content=\"LINTLIHVIJA EINHELL TE-BS 850 E - Espak E-pood\" \/>\n<meta property=\"og:url\" content=\"https:\/\/espak.ee\/epood\/toode\/lintlihvija-einhell-te-bs-850-e\/\" \/>\n<meta property=\"og:site_name\" content=\"Espak E-pood\" \/>\n<meta property=\"article:modified_time\" content=\"2025-11-11T08:17:07+00:00\" \/>\n<meta property=\"og:image\" content=\"https:\/\/espak.ee\/epood\/wp-content\/uploads\/2025\/11\/4466245_21012_001_TE_BS_850_Pic.jpg\" \/>\n\t<meta property=\"og:image:width\" content=\"1000\" \/>\n\t<meta property=\"og:image:height\" content=\"1000\" \/>\n\t<meta property=\"og:image:type\" content=\"image\/jpeg\" \/>\n<meta name=\"twitter:card\" content=\"summary_large_image\" \/>\n<meta name=\"twitter:label1\" content=\"Est. reading time\" \/>\n\t<meta name=\"twitter:data1\" content=\"1 minut\" \/>\n<script type=\"application\/ld+json\" class=\"yoast-schema-graph\">{\"@context\":\"https:\/\/schema.org\",\"@graph\":[{\"@type\":\"WebPage\",\"@id\":\"https:\/\/espak.ee\/epood\/toode\/lintlihvija-einhell-te-bs-850-e\/\",\"url\":\"https:\/\/espak.ee\/epood\/toode\/lintlihvija-einhell-te-bs-850-e\/\",\"name\":\"LINTLIHVIJA EINHELL TE-BS 850 E - Espak E-pood\",\"isPartOf\":{\"@id\":\"https:\/\/espak.ee\/epood\/#website\"},\"primaryImageOfPage\":{\"@id\":\"https:\/\/espak.ee\/epood\/toode\/lintlihvija-einhell-te-bs-850-e\/#primaryimage\"},\"image\":{\"@id\":\"https:\/\/espak.ee\/epood\/toode\/lintlihvija-einhell-te-bs-850-e\/#primaryimage\"},\"thumbnailUrl\":\"https:\/\/espak.ee\/epood\/wp-content\/uploads\/2025\/11\/4466245_21012_001_TE_BS_850_Pic.jpg\",\"datePublished\":\"2025-11-01T03:05:02+00:00\",\"dateModified\":\"2025-11-11T08:17:07+00:00\",\"breadcrumb\":{\"@id\":\"https:\/\/espak.ee\/epood\/toode\/lintlihvija-einhell-te-bs-850-e\/#breadcrumb\"},\"inLanguage\":\"et\",\"potentialAction\":[{\"@type\":\"ReadAction\",\"target\":[\"https:\/\/espak.ee\/epood\/toode\/lintlihvija-einhell-te-bs-850-e\/\"]}]},{\"@type\":\"ImageObject\",\"inLanguage\":\"et\",\"@id\":\"https:\/\/espak.ee\/epood\/toode\/lintlihvija-einhell-te-bs-850-e\/#primaryimage\",\"url\":\"https:\/\/espak.ee\/epood\/wp-content\/uploads\/2025\/11\/4466245_21012_001_TE_BS_850_Pic.jpg\",\"contentUrl\":\"https:\/\/espak.ee\/epood\/wp-content\/uploads\/2025\/11\/4466245_21012_001_TE_BS_850_Pic.jpg\",\"width\":1000,\"height\":1000},{\"@type\":\"BreadcrumbList\",\"@id\":\"https:\/\/espak.ee\/epood\/toode\/lintlihvija-einhell-te-bs-850-e\/#breadcrumb\",\"itemListElement\":[{\"@type\":\"ListItem\",\"position\":1,\"name\":\"Home\",\"item\":\"https:\/\/espak.ee\/epood\/\"},{\"@type\":\"ListItem\",\"position\":2,\"name\":\"Tootevalik\",\"item\":\"https:\/\/espak.ee\/epood\/tootevalik\/\"},{\"@type\":\"ListItem\",\"position\":3,\"name\":\"LINTLIHVIJA EINHELL TE-BS 850 E\"}]},{\"@type\":\"WebSite\",\"@id\":\"https:\/\/espak.ee\/epood\/#website\",\"url\":\"https:\/\/espak.ee\/epood\/\",\"name\":\"Espak E-pood\",\"description\":\"\",\"potentialAction\":[{\"@type\":\"SearchAction\",\"target\":{\"@type\":\"EntryPoint\",\"urlTemplate\":\"https:\/\/espak.ee\/epood\/?s={search_term_string}\"},\"query-input\":{\"@type\":\"PropertyValueSpecification\",\"valueRequired\":true,\"valueName\":\"search_term_string\"}}],\"inLanguage\":\"et\"}]}<\/script>\n<!-- \/ Yoast SEO plugin. -->","yoast_head_json":{"title":"LINTLIHVIJA EINHELL TE-BS 850 E - Espak E-pood","robots":{"index":"index","follow":"follow","max-snippet":"max-snippet:-1","max-image-preview":"max-image-preview:large","max-video-preview":"max-video-preview:-1"},"canonical":"https:\/\/espak.ee\/epood\/toode\/lintlihvija-einhell-te-bs-850-e\/","og_locale":"et_EE","og_type":"article","og_title":"LINTLIHVIJA EINHELL TE-BS 850 E - Espak E-pood","og_url":"https:\/\/espak.ee\/epood\/toode\/lintlihvija-einhell-te-bs-850-e\/","og_site_name":"Espak E-pood","article_modified_time":"2025-11-11T08:17:07+00:00","og_image":[{"width":1000,"height":1000,"url":"https:\/\/espak.ee\/epood\/wp-content\/uploads\/2025\/11\/4466245_21012_001_TE_BS_850_Pic.jpg","type":"image\/jpeg"}],"twitter_card":"summary_large_image","twitter_misc":{"Est. reading time":"1 minut"},"schema":{"@context":"https:\/\/schema.org","@graph":[{"@type":"WebPage","@id":"https:\/\/espak.ee\/epood\/toode\/lintlihvija-einhell-te-bs-850-e\/","url":"https:\/\/espak.ee\/epood\/toode\/lintlihvija-einhell-te-bs-850-e\/","name":"LINTLIHVIJA EINHELL TE-BS 850 E - Espak E-pood","isPartOf":{"@id":"https:\/\/espak.ee\/epood\/#website"},"primaryImageOfPage":{"@id":"https:\/\/espak.ee\/epood\/toode\/lintlihvija-einhell-te-bs-850-e\/#primaryimage"},"image":{"@id":"https:\/\/espak.ee\/epood\/toode\/lintlihvija-einhell-te-bs-850-e\/#primaryimage"},"thumbnailUrl":"https:\/\/espak.ee\/epood\/wp-content\/uploads\/2025\/11\/4466245_21012_001_TE_BS_850_Pic.jpg","datePublished":"2025-11-01T03:05:02+00:00","dateModified":"2025-11-11T08:17:07+00:00","breadcrumb":{"@id":"https:\/\/espak.ee\/epood\/toode\/lintlihvija-einhell-te-bs-850-e\/#breadcrumb"},"inLanguage":"et","potentialAction":[{"@type":"ReadAction","target":["https:\/\/espak.ee\/epood\/toode\/lintlihvija-einhell-te-bs-850-e\/"]}]},{"@type":"ImageObject","inLanguage":"et","@id":"https:\/\/espak.ee\/epood\/toode\/lintlihvija-einhell-te-bs-850-e\/#primaryimage","url":"https:\/\/espak.ee\/epood\/wp-content\/uploads\/2025\/11\/4466245_21012_001_TE_BS_850_Pic.jpg","contentUrl":"https:\/\/espak.ee\/epood\/wp-content\/uploads\/2025\/11\/4466245_21012_001_TE_BS_850_Pic.jpg","width":1000,"height":1000},{"@type":"BreadcrumbList","@id":"https:\/\/espak.ee\/epood\/toode\/lintlihvija-einhell-te-bs-850-e\/#breadcrumb","itemListElement":[{"@type":"ListItem","position":1,"name":"Home","item":"https:\/\/espak.ee\/epood\/"},{"@type":"ListItem","position":2,"name":"Tootevalik","item":"https:\/\/espak.ee\/epood\/tootevalik\/"},{"@type":"ListItem","position":3,"name":"LINTLIHVIJA EINHELL TE-BS 850 E"}]},{"@type":"WebSite","@id":"https:\/\/espak.ee\/epood\/#website","url":"https:\/\/espak.ee\/epood\/","name":"Espak E-pood","description":"","potentialAction":[{"@type":"SearchAction","target":{"@type":"EntryPoint","urlTemplate":"https:\/\/espak.ee\/epood\/?s={search_term_string}"},"query-input":{"@type":"PropertyValueSpecification","valueRequired":true,"valueName":"search_term_string"}}],"inLanguage":"et"}]}},"_links":{"self":[{"href":"https:\/\/espak.ee\/epood\/wp-json\/wp\/v2\/product\/254298","targetHints":{"allow":["GET"]}}],"collection":[{"href":"https:\/\/espak.ee\/epood\/wp-json\/wp\/v2\/product"}],"about":[{"href":"https:\/\/espak.ee\/epood\/wp-json\/wp\/v2\/types\/product"}],"replies":[{"embeddable":true,"href":"https:\/\/espak.ee\/epood\/wp-json\/wp\/v2\/comments?post=254298"}],"wp:featuredmedia":[{"embeddable":true,"href":"https:\/\/espak.ee\/epood\/wp-json\/wp\/v2\/media\/255139"}],"wp:attachment":[{"href":"https:\/\/espak.ee\/epood\/wp-json\/wp\/v2\/media?parent=254298"}],"wp:term":[{"taxonomy":"product_brand","embeddable":true,"href":"https:\/\/espak.ee\/epood\/wp-json\/wp\/v2\/product_brand?post=254298"},{"taxonomy":"product_cat","embeddable":true,"href":"https:\/\/espak.ee\/epood\/wp-json\/wp\/v2\/product_cat?post=254298"},{"taxonomy":"product_tag","embeddable":true,"href":"https:\/\/espak.ee\/epood\/wp-json\/wp\/v2\/product_tag?post=254298"}],"curies":[{"name":"wp","href":"https:\/\/api.w.org\/{rel}","templated":true}]}}