{"id":254297,"date":"2025-11-01T05:05:02","date_gmt":"2025-11-01T03:05:02","guid":{"rendered":"https:\/\/espak.ee\/epood\/?post_type=product&#038;p=254297"},"modified":"2026-04-10T23:01:19","modified_gmt":"2026-04-10T20:01:19","slug":"aku-ja-laadija-komplekt-einhell-52ah-akuga-4512147","status":"publish","type":"product","link":"https:\/\/espak.ee\/epood\/toode\/aku-ja-laadija-komplekt-einhell-52ah-akuga-4512147\/","title":{"rendered":"AKU JA LAADIJA KOMPLEKT EINHELL 5,2AH AKUGA 4512147"},"content":{"rendered":"<div class=\"row\"  id=\"row-1737051307\">\n\n\t<div id=\"col-2026072617\" class=\"col medium-9 small-12 large-9\"  >\n\t\t\t\t<div class=\"col-inner\"  >\n\t\t\t\n\t\t\t\n<h2>Aku ja laadija komplekt 5,2Ah Einhell PXC<\/h2>\n<p>Akukomplekt Einhell 18\u00a0V 5,2\u00a0Ah PXC on ideaalne koduse Power X-Change\u00b4i sarja alustamiseks v\u00f5i laiendamiseks. Akukomplekti Einhell 18\u00a0V 5,2 Ah Power X-Change laetav aku ja laadija kuuluvad mitmeotstarbeliste ning t\u00e4ielikult vastastikku vahetatavate laetavate Einhelli Power X-Change\u00b4i akude s\u00fcsteemi. Laetavaid Power X-Change\u00b4i akusid saab kasutada k\u00f5ikide sama tootepere aia ja t\u00f6\u00f6koja akut\u00f6\u00f6riistade toiteallikana. Sarja akulaaduriga saab laadida universaalselt iga PXC sarja laetavat akut. Kliendi kasud on ilmselged. \u00dcks laetav aku ja laadija mitte ainult ei s\u00e4\u00e4sta oluliselt soetuskulusid, vaid selle universaalne kasutus aitab s\u00e4\u00e4sta keskkonda ning pakub kodus ja aias ka suurt paindlikkust. Lisaks sellele peab kvaliteetne aku vastu m\u00e4luefektile ja iset\u00fchjenemisele, mis akudes pidevalt ja suure v\u00f5imsuse tagamiseks tavaliselt esineb.<br \/>\n Aku 18\u00a0V 5,2\u00a0Ah Power X-Change on kvaliteetne aku, mida sobib kasutada ka TWIN-PACK 36\u00a0V rakenduste jaoks. ABS-protsessiga juhitaval aktiivsel akuhalduss\u00fcsteemil on mikroprotsessor aku parameetrite p\u00fcsivaks j\u00e4lgimiseks. See tagab parima ohutuse, t\u00f6\u00f6riista optimaalse j\u00f5udluse, pikima t\u00f6\u00f6aja ja kauakestvuse. Laetuse hetketaset saab vaadata 3-astmelise valgusdioodn\u00e4idiku j\u00e4rgi. Korpus on kavandatud tolmu- ja korrosioonikindlaks ning vastupidavaks mehaanilistele m\u00f5judele. Kummikate annab akule suure l\u00f6\u00f6gikaitse ja hea haarduvuse.<br \/>\n Akul on s\u00fcvistatud k\u00e4epide, et seda oleks igast t\u00f6\u00f6riistast mugav eemaldada. 3A akulaadija on kompaktse disainiga ning vajab seet\u00f5ttu v\u00e4he ruumi. Riputusaasade abil saab laadija h\u00f5lpsasti seinale kinnitada. Kiirlaadimistehnoloogia l\u00fchendab laadimisaega veelgi ning aku on optimaalse laadimise ja maksimaalse ohutuse tagamiseks pidevalt j\u00e4lgitav nutika laadimise juhtimiss\u00fcsteemi abil.<br \/>\nS\u00fcvat\u00fchjendatud akude taask\u00e4ivitamiseks on olemas eraldi v\u00e4rskendusre\u017eiim. Laetuse hetketaset saab vaadata 6-astmelise laadimistaseme LED-n\u00e4idiku abil.<br \/>\n5,2 Ah aku on kasutusvalmis vaid 100 minutiga. Kui aku j\u00e4\u00e4b laadijasse kauemaks, laaditakse see vaikselt 100 %-ni.\n<\/p>\n<div class=\"message-box relative\" style=\"padding-top:15px;padding-bottom:15px;\"><div class=\"message-box-bg-image bg-fill fill\" ><\/div><div class=\"message-box-bg-overlay bg-fill fill\" ><\/div><div class=\"container relative\"><div class=\"inner last-reset\">\n<div class=\"row align-middle align-center\"  id=\"row-1622121849\">\n\n\t<div id=\"col-214133492\" class=\"col small-12 large-12\"  >\n\t\t\t\t<div class=\"col-inner text-left\"  >\n\t\t\t\n\t\t\t\n<h4>Omadused<\/h4>\n<div class=\"row\"  id=\"row-1707396872\">\n\n\t<div id=\"col-1023731064\" class=\"col medium-6 small-12 large-6\"  >\n\t\t\t\t<div class=\"col-inner\"  >\n\t\t\t\n\t\t\t\n<p><i class=\"fa fa-check fa-2x\"><\/i> <strong>Universaalsel kasutatavusel Power X-Change\u00b4i sarja seadmetega on palju eeliseid<\/strong><\/p>\n<p><i class=\"fa fa-check fa-2x\"><\/i> <strong>S\u00e4\u00e4stab raha ja keskkonda, pakub paindlikkust<\/strong><\/p>\n\t\t<\/div>\n\t\t\t\t\n<style>\n#col-1023731064 > .col-inner {\n  margin: 0px 0px 15px 0px;\n}\n<\/style>\n\t<\/div>\n\n\t\n\n\t<div id=\"col-1519529933\" class=\"col medium-6 small-12 large-6\"  >\n\t\t\t\t<div class=\"col-inner\"  >\n\t\t\t\n\t\t\t\n<p><i class=\"fa fa-check fa-2x\"><\/i> <strong>Laetuse hetketaset n\u00e4idatakse 3-astmelise valgusdioodn\u00e4idikuga<\/strong><\/p>\n<p><i class=\"fa fa-check fa-2x\"><\/i> <strong>Korpus kaitseb tolmu, korrosiooni ja mehaaniliste kahjustuste eest<\/strong><\/p>\n\t\t<\/div>\n\t\t\t\t\n<style>\n#col-1519529933 > .col-inner {\n  margin: 0px 0px 15px 0px;\n}\n<\/style>\n\t<\/div>\n\n\t\n<\/div>\n\t\t<\/div>\n\t\t\t\t\t<\/div>\n\n\t\n<\/div>\n<\/div><\/div><\/div>\n\t<div id=\"gap-273282195\" class=\"gap-element clearfix\" style=\"display:block; height:auto;\">\n\t\t\n<style>\n#gap-273282195 {\n  padding-top: 30px;\n}\n<\/style>\n\t<\/div>\n\t\n\t\t<\/div>\n\t\t\t\t\t<\/div>\n\n\t\n\n\t<div id=\"col-92855511\" class=\"col medium-3 small-12 large-3\"  >\n\t\t\t\t<div class=\"col-inner\"  >\n\t\t\t\n\t\t\t\n<div class=\"is-divider divider clearfix\" ><\/div>\n<p><strong>\u00dcksikasjalikuma n\u00f5u saamiseks v\u00f5tke \u00fchendust:<br \/><\/strong>Espak AS<br \/>Viadukti 42<br \/>11313<br \/>Tallinn<br \/>+372 6 512333<\/p>\n<div class=\"is-divider divider clearfix\" ><\/div>\n\t\t<\/div>\n\t\t\t\t\t<\/div>\n\n\t\n<\/div>\n","protected":false},"excerpt":{"rendered":"","protected":false},"featured_media":254443,"comment_status":"closed","ping_status":"closed","template":"","meta":[],"product_brand":[],"product_cat":[2734,2733,2680,2679],"product_tag":[],"class_list":{"0":"post-254297","1":"product","2":"type-product","3":"status-publish","4":"has-post-thumbnail","6":"product_cat-akud-ja-laadijad","7":"product_cat-akutooriistad","8":"product_cat-elektritooriistad","9":"product_cat-tooriistad","10":"pa_kaubamark-einhell","12":"first","13":"instock","14":"sale","15":"taxable","16":"shipping-taxable","17":"purchasable","18":"product-type-simple"},"yoast_head":"<!-- This site is optimized with the Yoast SEO plugin v26.9 - https:\/\/yoast.com\/product\/yoast-seo-wordpress\/ -->\n<title>AKU JA LAADIJA KOMPLEKT EINHELL 5,2AH AKUGA 4512147 - Espak E-pood<\/title>\n<meta name=\"robots\" content=\"index, follow, max-snippet:-1, max-image-preview:large, max-video-preview:-1\" \/>\n<link rel=\"canonical\" href=\"https:\/\/espak.ee\/epood\/toode\/aku-ja-laadija-komplekt-einhell-52ah-akuga-4512147\/\" \/>\n<meta property=\"og:locale\" content=\"et_EE\" \/>\n<meta property=\"og:type\" content=\"article\" \/>\n<meta property=\"og:title\" content=\"AKU JA LAADIJA KOMPLEKT EINHELL 5,2AH AKUGA 4512147 - Espak E-pood\" \/>\n<meta property=\"og:url\" content=\"https:\/\/espak.ee\/epood\/toode\/aku-ja-laadija-komplekt-einhell-52ah-akuga-4512147\/\" \/>\n<meta property=\"og:site_name\" content=\"Espak E-pood\" \/>\n<meta property=\"article:modified_time\" content=\"2026-04-10T20:01:19+00:00\" \/>\n<meta property=\"og:image\" content=\"https:\/\/espak.ee\/epood\/wp-content\/uploads\/2025\/11\/4512147_21013_001_NEW_PXC_Starter_Kit_5_2Ah_Pic1.jpg\" \/>\n\t<meta property=\"og:image:width\" content=\"1000\" \/>\n\t<meta property=\"og:image:height\" content=\"1000\" \/>\n\t<meta property=\"og:image:type\" content=\"image\/jpeg\" \/>\n<meta name=\"twitter:card\" content=\"summary_large_image\" \/>\n<meta name=\"twitter:label1\" content=\"Est. reading time\" \/>\n\t<meta name=\"twitter:data1\" content=\"2 minutit\" \/>\n<script type=\"application\/ld+json\" class=\"yoast-schema-graph\">{\"@context\":\"https:\/\/schema.org\",\"@graph\":[{\"@type\":\"WebPage\",\"@id\":\"https:\/\/espak.ee\/epood\/toode\/aku-ja-laadija-komplekt-einhell-52ah-akuga-4512147\/\",\"url\":\"https:\/\/espak.ee\/epood\/toode\/aku-ja-laadija-komplekt-einhell-52ah-akuga-4512147\/\",\"name\":\"AKU JA LAADIJA KOMPLEKT EINHELL 5,2AH AKUGA 4512147 - Espak E-pood\",\"isPartOf\":{\"@id\":\"https:\/\/espak.ee\/epood\/#website\"},\"primaryImageOfPage\":{\"@id\":\"https:\/\/espak.ee\/epood\/toode\/aku-ja-laadija-komplekt-einhell-52ah-akuga-4512147\/#primaryimage\"},\"image\":{\"@id\":\"https:\/\/espak.ee\/epood\/toode\/aku-ja-laadija-komplekt-einhell-52ah-akuga-4512147\/#primaryimage\"},\"thumbnailUrl\":\"https:\/\/espak.ee\/epood\/wp-content\/uploads\/2025\/11\/4512147_21013_001_NEW_PXC_Starter_Kit_5_2Ah_Pic1.jpg\",\"datePublished\":\"2025-11-01T03:05:02+00:00\",\"dateModified\":\"2026-04-10T20:01:19+00:00\",\"breadcrumb\":{\"@id\":\"https:\/\/espak.ee\/epood\/toode\/aku-ja-laadija-komplekt-einhell-52ah-akuga-4512147\/#breadcrumb\"},\"inLanguage\":\"et\",\"potentialAction\":[{\"@type\":\"ReadAction\",\"target\":[\"https:\/\/espak.ee\/epood\/toode\/aku-ja-laadija-komplekt-einhell-52ah-akuga-4512147\/\"]}]},{\"@type\":\"ImageObject\",\"inLanguage\":\"et\",\"@id\":\"https:\/\/espak.ee\/epood\/toode\/aku-ja-laadija-komplekt-einhell-52ah-akuga-4512147\/#primaryimage\",\"url\":\"https:\/\/espak.ee\/epood\/wp-content\/uploads\/2025\/11\/4512147_21013_001_NEW_PXC_Starter_Kit_5_2Ah_Pic1.jpg\",\"contentUrl\":\"https:\/\/espak.ee\/epood\/wp-content\/uploads\/2025\/11\/4512147_21013_001_NEW_PXC_Starter_Kit_5_2Ah_Pic1.jpg\",\"width\":1000,\"height\":1000},{\"@type\":\"BreadcrumbList\",\"@id\":\"https:\/\/espak.ee\/epood\/toode\/aku-ja-laadija-komplekt-einhell-52ah-akuga-4512147\/#breadcrumb\",\"itemListElement\":[{\"@type\":\"ListItem\",\"position\":1,\"name\":\"Home\",\"item\":\"https:\/\/espak.ee\/epood\/\"},{\"@type\":\"ListItem\",\"position\":2,\"name\":\"Tootevalik\",\"item\":\"https:\/\/espak.ee\/epood\/tootevalik\/\"},{\"@type\":\"ListItem\",\"position\":3,\"name\":\"AKU JA LAADIJA KOMPLEKT EINHELL 5,2AH AKUGA 4512147\"}]},{\"@type\":\"WebSite\",\"@id\":\"https:\/\/espak.ee\/epood\/#website\",\"url\":\"https:\/\/espak.ee\/epood\/\",\"name\":\"Espak E-pood\",\"description\":\"\",\"potentialAction\":[{\"@type\":\"SearchAction\",\"target\":{\"@type\":\"EntryPoint\",\"urlTemplate\":\"https:\/\/espak.ee\/epood\/?s={search_term_string}\"},\"query-input\":{\"@type\":\"PropertyValueSpecification\",\"valueRequired\":true,\"valueName\":\"search_term_string\"}}],\"inLanguage\":\"et\"}]}<\/script>\n<!-- \/ Yoast SEO plugin. -->","yoast_head_json":{"title":"AKU JA LAADIJA KOMPLEKT EINHELL 5,2AH AKUGA 4512147 - Espak E-pood","robots":{"index":"index","follow":"follow","max-snippet":"max-snippet:-1","max-image-preview":"max-image-preview:large","max-video-preview":"max-video-preview:-1"},"canonical":"https:\/\/espak.ee\/epood\/toode\/aku-ja-laadija-komplekt-einhell-52ah-akuga-4512147\/","og_locale":"et_EE","og_type":"article","og_title":"AKU JA LAADIJA KOMPLEKT EINHELL 5,2AH AKUGA 4512147 - Espak E-pood","og_url":"https:\/\/espak.ee\/epood\/toode\/aku-ja-laadija-komplekt-einhell-52ah-akuga-4512147\/","og_site_name":"Espak E-pood","article_modified_time":"2026-04-10T20:01:19+00:00","og_image":[{"width":1000,"height":1000,"url":"https:\/\/espak.ee\/epood\/wp-content\/uploads\/2025\/11\/4512147_21013_001_NEW_PXC_Starter_Kit_5_2Ah_Pic1.jpg","type":"image\/jpeg"}],"twitter_card":"summary_large_image","twitter_misc":{"Est. reading time":"2 minutit"},"schema":{"@context":"https:\/\/schema.org","@graph":[{"@type":"WebPage","@id":"https:\/\/espak.ee\/epood\/toode\/aku-ja-laadija-komplekt-einhell-52ah-akuga-4512147\/","url":"https:\/\/espak.ee\/epood\/toode\/aku-ja-laadija-komplekt-einhell-52ah-akuga-4512147\/","name":"AKU JA LAADIJA KOMPLEKT EINHELL 5,2AH AKUGA 4512147 - Espak E-pood","isPartOf":{"@id":"https:\/\/espak.ee\/epood\/#website"},"primaryImageOfPage":{"@id":"https:\/\/espak.ee\/epood\/toode\/aku-ja-laadija-komplekt-einhell-52ah-akuga-4512147\/#primaryimage"},"image":{"@id":"https:\/\/espak.ee\/epood\/toode\/aku-ja-laadija-komplekt-einhell-52ah-akuga-4512147\/#primaryimage"},"thumbnailUrl":"https:\/\/espak.ee\/epood\/wp-content\/uploads\/2025\/11\/4512147_21013_001_NEW_PXC_Starter_Kit_5_2Ah_Pic1.jpg","datePublished":"2025-11-01T03:05:02+00:00","dateModified":"2026-04-10T20:01:19+00:00","breadcrumb":{"@id":"https:\/\/espak.ee\/epood\/toode\/aku-ja-laadija-komplekt-einhell-52ah-akuga-4512147\/#breadcrumb"},"inLanguage":"et","potentialAction":[{"@type":"ReadAction","target":["https:\/\/espak.ee\/epood\/toode\/aku-ja-laadija-komplekt-einhell-52ah-akuga-4512147\/"]}]},{"@type":"ImageObject","inLanguage":"et","@id":"https:\/\/espak.ee\/epood\/toode\/aku-ja-laadija-komplekt-einhell-52ah-akuga-4512147\/#primaryimage","url":"https:\/\/espak.ee\/epood\/wp-content\/uploads\/2025\/11\/4512147_21013_001_NEW_PXC_Starter_Kit_5_2Ah_Pic1.jpg","contentUrl":"https:\/\/espak.ee\/epood\/wp-content\/uploads\/2025\/11\/4512147_21013_001_NEW_PXC_Starter_Kit_5_2Ah_Pic1.jpg","width":1000,"height":1000},{"@type":"BreadcrumbList","@id":"https:\/\/espak.ee\/epood\/toode\/aku-ja-laadija-komplekt-einhell-52ah-akuga-4512147\/#breadcrumb","itemListElement":[{"@type":"ListItem","position":1,"name":"Home","item":"https:\/\/espak.ee\/epood\/"},{"@type":"ListItem","position":2,"name":"Tootevalik","item":"https:\/\/espak.ee\/epood\/tootevalik\/"},{"@type":"ListItem","position":3,"name":"AKU JA LAADIJA KOMPLEKT EINHELL 5,2AH AKUGA 4512147"}]},{"@type":"WebSite","@id":"https:\/\/espak.ee\/epood\/#website","url":"https:\/\/espak.ee\/epood\/","name":"Espak E-pood","description":"","potentialAction":[{"@type":"SearchAction","target":{"@type":"EntryPoint","urlTemplate":"https:\/\/espak.ee\/epood\/?s={search_term_string}"},"query-input":{"@type":"PropertyValueSpecification","valueRequired":true,"valueName":"search_term_string"}}],"inLanguage":"et"}]}},"_links":{"self":[{"href":"https:\/\/espak.ee\/epood\/wp-json\/wp\/v2\/product\/254297","targetHints":{"allow":["GET"]}}],"collection":[{"href":"https:\/\/espak.ee\/epood\/wp-json\/wp\/v2\/product"}],"about":[{"href":"https:\/\/espak.ee\/epood\/wp-json\/wp\/v2\/types\/product"}],"replies":[{"embeddable":true,"href":"https:\/\/espak.ee\/epood\/wp-json\/wp\/v2\/comments?post=254297"}],"wp:featuredmedia":[{"embeddable":true,"href":"https:\/\/espak.ee\/epood\/wp-json\/wp\/v2\/media\/254443"}],"wp:attachment":[{"href":"https:\/\/espak.ee\/epood\/wp-json\/wp\/v2\/media?parent=254297"}],"wp:term":[{"taxonomy":"product_brand","embeddable":true,"href":"https:\/\/espak.ee\/epood\/wp-json\/wp\/v2\/product_brand?post=254297"},{"taxonomy":"product_cat","embeddable":true,"href":"https:\/\/espak.ee\/epood\/wp-json\/wp\/v2\/product_cat?post=254297"},{"taxonomy":"product_tag","embeddable":true,"href":"https:\/\/espak.ee\/epood\/wp-json\/wp\/v2\/product_tag?post=254297"}],"curies":[{"name":"wp","href":"https:\/\/api.w.org\/{rel}","templated":true}]}}