{"id":253526,"date":"2025-10-24T05:05:01","date_gmt":"2025-10-24T02:05:01","guid":{"rendered":"https:\/\/espak.ee\/epood\/?post_type=product&#038;p=253526"},"modified":"2025-11-30T16:47:55","modified_gmt":"2025-11-30T14:47:55","slug":"akutikksaag-makita-djv186z","status":"publish","type":"product","link":"https:\/\/espak.ee\/epood\/toode\/akutikksaag-makita-djv186z\/","title":{"rendered":"AKUTIKKSAAG MAKITA DJV186Z"},"content":{"rendered":"<div class=\"row\"  id=\"row-55628892\">\n\n\t<div id=\"col-1402049104\" class=\"col medium-9 small-12 large-9\"  >\n\t\t\t\t<div class=\"col-inner\"  >\n\t\t\t\n\t\t\t\n<h3>Akutikksaag DJV186Z Makita<\/h3>\n<p>Muudetava kiirusega tikksaag.<\/p>\n<p> Akutikksaag orbitaalse seadistushoovaga. Mootori p\u00f6\u00f6rete kiirust saab reguleerida vastavalt materjalile, vahemikus 0-2900 min1. Tera k\u00e4igupikkus 18 mm ja l\u00f5ikev\u00f5ime 65 mm puidus ja 6 mm terases.<\/p>\n<p><strong>Ilma aku ja laadijata komplekt!<\/strong>  <\/p>\n<div class=\"message-box relative\" style=\"padding-top:15px;padding-bottom:15px;\"><div class=\"message-box-bg-image bg-fill fill\" ><\/div><div class=\"message-box-bg-overlay bg-fill fill\" ><\/div><div class=\"container relative\"><div class=\"inner last-reset\">\n<div class=\"row align-middle align-center\"  id=\"row-1243311920\">\n\n\t<div id=\"col-102435556\" class=\"col small-12 large-12\"  >\n\t\t\t\t<div class=\"col-inner text-left\"  >\n\t\t\t\n\t\t\t\n<h4>Omadused<\/h4>\n<div class=\"row\"  id=\"row-144095254\">\n\n\t<div id=\"col-795549706\" class=\"col medium-6 small-12 large-6\"  >\n\t\t\t\t<div class=\"col-inner\"  >\n\t\t\t\n\t\t\t\n<p><i class=\"far fa-check-circle fa-2x\"><\/i><strong>\u00a0V\u00e4ga kerge ja kompaktne konstruktsioon<\/strong><\/p>\n<p><i class=\"far fa-check-circle fa-2x\"><\/i><strong>\u00a0Kiiruse reguleerimine v\u00f5imaldab kasutajal kohandada kiirust vastavalt olukorrale, et saavutada suurem mitmek\u00fclgsus<\/strong><\/p>\n<p><i class=\"far fa-check-circle fa-2x\"><\/i><strong>\u00a0Kolme asendiga pendelfunktsioon<\/strong><\/p>\n\t\t<\/div>\n\t\t\t\t\n<style>\n#col-795549706 > .col-inner {\n  margin: 0px 0px 15px 0px;\n}\n<\/style>\n\t<\/div>\n\n\t\n\n\t<div id=\"col-467622795\" class=\"col medium-6 small-12 large-6\"  >\n\t\t\t\t<div class=\"col-inner\"  >\n\t\t\t\n\t\t\t\n<p><i class=\"far fa-check-circle fa-2x\"><\/i><strong>\u00a0Kompaktne disain ning kummeeritud k\u00e4epide tagab mugava kasutuse<\/strong><\/p>\n<p><i class=\"far fa-check-circle fa-2x\"><\/i><strong>\u00a0Kallutatav 0\u201345 kraadi<\/strong><\/p>\n<p><i class=\"far fa-check-circle fa-2x\"><\/i><strong>\u00a0Elektriline pidur suurendamaks t\u00f6\u00f6tamise ohutust<\/strong><\/p>\n\t\t<\/div>\n\t\t\t\t\n<style>\n#col-467622795 > .col-inner {\n  margin: 0px 0px 15px 0px;\n}\n<\/style>\n\t<\/div>\n\n\t\n<\/div>\n\t\t<\/div>\n\t\t\t\t\t<\/div>\n\n\t\n<\/div>\n<\/div><\/div><\/div>\n\t<div id=\"gap-193965861\" class=\"gap-element clearfix\" style=\"display:block; height:auto;\">\n\t\t\n<style>\n#gap-193965861 {\n  padding-top: 30px;\n}\n<\/style>\n\t<\/div>\n\t\n<p>Makita 18V LXT\u00ae akutikksaag tagab kiire ja t\u00e4pse l\u00f5ikamise kolme orbiitre\u017eiimi ning sirge l\u00f5ikamisega, pakkudes mitmek\u00fclgsust erinevate materjalide l\u00f5ikamisel. Muudetava kiirusega p\u00e4\u00e4stik v\u00f5imaldab kohandada kiirust vastavalt t\u00f6\u00f6\u00fclesandele. Akutikksaag on on kerge ja kompaktne, et minimeerida kasuta v\u00e4simust. Kummeeritud pinnaga \u00fclemine k\u00e4epide tagab kindla haarde. Elektriline pidur suurendamaks t\u00f6\u00f6tamise ohutust. Akutikksaagi on v\u00f5imalik \u00fchendada tolmuimejaga.<\/p>\n\t\t<\/div>\n\t\t\t\t\t<\/div>\n\n\t\n\n\t<div id=\"col-1508194042\" class=\"col medium-3 small-12 large-3\"  >\n\t\t\t\t<div class=\"col-inner\"  >\n\t\t\t\n\t\t\t\n\t<div id=\"gap-556098228\" class=\"gap-element clearfix\" style=\"display:block; height:auto;\">\n\t\t\n<style>\n#gap-556098228 {\n  padding-top: 30px;\n}\n<\/style>\n\t<\/div>\n\t\n<h3>Infoleht<\/h3>\n<p><a href=\"https:\/\/espak.ee\/epood\/wp-content\/uploads\/2025\/10\/djv186z_6_262790370.pdf\"target=\"_blank\" rel=\"noopener noreferrer\"><i class=\"far fa-file-pdf\"><\/i> Infoleht (PDF)<\/a><\/p>\n<h3>Kasutusjuhend<\/h3>\n<p><a href=\"https:\/\/espak.ee\/epood\/wp-content\/uploads\/2025\/10\/DJV186.pdf\"target=\"_blank\" rel=\"noopener noreferrer\"><i class=\"far fa-file-pdf\"><\/i> Kasutusjuhend (PDF)<\/a><\/p>\n<div class=\"is-divider divider clearfix\" ><\/div>\n<p><strong>\u00dcksikasjalikuma n\u00f5u saamiseks v\u00f5tke \u00fchendust:<br \/><\/strong>Espak AS<br \/>Viadukti 42<br \/>11313<br \/>Tallinn<br \/> T\u00f6\u00f6riista osakond +372 6512 335<br \/><a href=\"mailto:tooriist@espak.ee\">tooriist@espak.ee<\/a><\/p>\n\t\t<\/div>\n\t\t\t\t\t<\/div>\n\n\t\n<\/div>\n","protected":false},"excerpt":{"rendered":"","protected":false},"featured_media":253545,"comment_status":"closed","ping_status":"closed","template":"","meta":[],"product_brand":[],"product_cat":[2756,2733,2680,2679],"product_tag":[],"class_list":{"0":"post-253526","1":"product","2":"type-product","3":"status-publish","4":"has-post-thumbnail","6":"product_cat-akutikksaed","7":"product_cat-akutooriistad","8":"product_cat-elektritooriistad","9":"product_cat-tooriistad","10":"pa_kaubamark-makita","12":"first","13":"instock","14":"sale","15":"taxable","16":"shipping-taxable","17":"purchasable","18":"product-type-simple"},"yoast_head":"<!-- This site is optimized with the Yoast SEO plugin v26.9 - https:\/\/yoast.com\/product\/yoast-seo-wordpress\/ -->\n<title>AKUTIKKSAAG MAKITA DJV186Z - Espak E-pood<\/title>\n<meta name=\"robots\" content=\"index, follow, max-snippet:-1, max-image-preview:large, max-video-preview:-1\" \/>\n<link rel=\"canonical\" href=\"https:\/\/espak.ee\/epood\/toode\/akutikksaag-makita-djv186z\/\" \/>\n<meta property=\"og:locale\" content=\"et_EE\" \/>\n<meta property=\"og:type\" content=\"article\" \/>\n<meta property=\"og:title\" content=\"AKUTIKKSAAG MAKITA DJV186Z - Espak E-pood\" \/>\n<meta property=\"og:url\" content=\"https:\/\/espak.ee\/epood\/toode\/akutikksaag-makita-djv186z\/\" \/>\n<meta property=\"og:site_name\" content=\"Espak E-pood\" \/>\n<meta property=\"article:modified_time\" content=\"2025-11-30T14:47:55+00:00\" \/>\n<meta property=\"og:image\" content=\"https:\/\/espak.ee\/epood\/wp-content\/uploads\/2025\/10\/DJV186Z_C2L0-2.jpg\" \/>\n\t<meta property=\"og:image:width\" content=\"1000\" \/>\n\t<meta property=\"og:image:height\" content=\"1000\" \/>\n\t<meta property=\"og:image:type\" content=\"image\/jpeg\" \/>\n<meta name=\"twitter:card\" content=\"summary_large_image\" \/>\n<meta name=\"twitter:label1\" content=\"Est. reading time\" \/>\n\t<meta name=\"twitter:data1\" content=\"1 minut\" \/>\n<script type=\"application\/ld+json\" class=\"yoast-schema-graph\">{\"@context\":\"https:\/\/schema.org\",\"@graph\":[{\"@type\":\"WebPage\",\"@id\":\"https:\/\/espak.ee\/epood\/toode\/akutikksaag-makita-djv186z\/\",\"url\":\"https:\/\/espak.ee\/epood\/toode\/akutikksaag-makita-djv186z\/\",\"name\":\"AKUTIKKSAAG MAKITA DJV186Z - Espak E-pood\",\"isPartOf\":{\"@id\":\"https:\/\/espak.ee\/epood\/#website\"},\"primaryImageOfPage\":{\"@id\":\"https:\/\/espak.ee\/epood\/toode\/akutikksaag-makita-djv186z\/#primaryimage\"},\"image\":{\"@id\":\"https:\/\/espak.ee\/epood\/toode\/akutikksaag-makita-djv186z\/#primaryimage\"},\"thumbnailUrl\":\"https:\/\/espak.ee\/epood\/wp-content\/uploads\/2025\/10\/DJV186Z_C2L0-2.jpg\",\"datePublished\":\"2025-10-24T02:05:01+00:00\",\"dateModified\":\"2025-11-30T14:47:55+00:00\",\"breadcrumb\":{\"@id\":\"https:\/\/espak.ee\/epood\/toode\/akutikksaag-makita-djv186z\/#breadcrumb\"},\"inLanguage\":\"et\",\"potentialAction\":[{\"@type\":\"ReadAction\",\"target\":[\"https:\/\/espak.ee\/epood\/toode\/akutikksaag-makita-djv186z\/\"]}]},{\"@type\":\"ImageObject\",\"inLanguage\":\"et\",\"@id\":\"https:\/\/espak.ee\/epood\/toode\/akutikksaag-makita-djv186z\/#primaryimage\",\"url\":\"https:\/\/espak.ee\/epood\/wp-content\/uploads\/2025\/10\/DJV186Z_C2L0-2.jpg\",\"contentUrl\":\"https:\/\/espak.ee\/epood\/wp-content\/uploads\/2025\/10\/DJV186Z_C2L0-2.jpg\",\"width\":1000,\"height\":1000},{\"@type\":\"BreadcrumbList\",\"@id\":\"https:\/\/espak.ee\/epood\/toode\/akutikksaag-makita-djv186z\/#breadcrumb\",\"itemListElement\":[{\"@type\":\"ListItem\",\"position\":1,\"name\":\"Home\",\"item\":\"https:\/\/espak.ee\/epood\/\"},{\"@type\":\"ListItem\",\"position\":2,\"name\":\"Tootevalik\",\"item\":\"https:\/\/espak.ee\/epood\/tootevalik\/\"},{\"@type\":\"ListItem\",\"position\":3,\"name\":\"AKUTIKKSAAG MAKITA DJV186Z\"}]},{\"@type\":\"WebSite\",\"@id\":\"https:\/\/espak.ee\/epood\/#website\",\"url\":\"https:\/\/espak.ee\/epood\/\",\"name\":\"Espak E-pood\",\"description\":\"\",\"potentialAction\":[{\"@type\":\"SearchAction\",\"target\":{\"@type\":\"EntryPoint\",\"urlTemplate\":\"https:\/\/espak.ee\/epood\/?s={search_term_string}\"},\"query-input\":{\"@type\":\"PropertyValueSpecification\",\"valueRequired\":true,\"valueName\":\"search_term_string\"}}],\"inLanguage\":\"et\"}]}<\/script>\n<!-- \/ Yoast SEO plugin. -->","yoast_head_json":{"title":"AKUTIKKSAAG MAKITA DJV186Z - Espak E-pood","robots":{"index":"index","follow":"follow","max-snippet":"max-snippet:-1","max-image-preview":"max-image-preview:large","max-video-preview":"max-video-preview:-1"},"canonical":"https:\/\/espak.ee\/epood\/toode\/akutikksaag-makita-djv186z\/","og_locale":"et_EE","og_type":"article","og_title":"AKUTIKKSAAG MAKITA DJV186Z - Espak E-pood","og_url":"https:\/\/espak.ee\/epood\/toode\/akutikksaag-makita-djv186z\/","og_site_name":"Espak E-pood","article_modified_time":"2025-11-30T14:47:55+00:00","og_image":[{"width":1000,"height":1000,"url":"https:\/\/espak.ee\/epood\/wp-content\/uploads\/2025\/10\/DJV186Z_C2L0-2.jpg","type":"image\/jpeg"}],"twitter_card":"summary_large_image","twitter_misc":{"Est. reading time":"1 minut"},"schema":{"@context":"https:\/\/schema.org","@graph":[{"@type":"WebPage","@id":"https:\/\/espak.ee\/epood\/toode\/akutikksaag-makita-djv186z\/","url":"https:\/\/espak.ee\/epood\/toode\/akutikksaag-makita-djv186z\/","name":"AKUTIKKSAAG MAKITA DJV186Z - Espak E-pood","isPartOf":{"@id":"https:\/\/espak.ee\/epood\/#website"},"primaryImageOfPage":{"@id":"https:\/\/espak.ee\/epood\/toode\/akutikksaag-makita-djv186z\/#primaryimage"},"image":{"@id":"https:\/\/espak.ee\/epood\/toode\/akutikksaag-makita-djv186z\/#primaryimage"},"thumbnailUrl":"https:\/\/espak.ee\/epood\/wp-content\/uploads\/2025\/10\/DJV186Z_C2L0-2.jpg","datePublished":"2025-10-24T02:05:01+00:00","dateModified":"2025-11-30T14:47:55+00:00","breadcrumb":{"@id":"https:\/\/espak.ee\/epood\/toode\/akutikksaag-makita-djv186z\/#breadcrumb"},"inLanguage":"et","potentialAction":[{"@type":"ReadAction","target":["https:\/\/espak.ee\/epood\/toode\/akutikksaag-makita-djv186z\/"]}]},{"@type":"ImageObject","inLanguage":"et","@id":"https:\/\/espak.ee\/epood\/toode\/akutikksaag-makita-djv186z\/#primaryimage","url":"https:\/\/espak.ee\/epood\/wp-content\/uploads\/2025\/10\/DJV186Z_C2L0-2.jpg","contentUrl":"https:\/\/espak.ee\/epood\/wp-content\/uploads\/2025\/10\/DJV186Z_C2L0-2.jpg","width":1000,"height":1000},{"@type":"BreadcrumbList","@id":"https:\/\/espak.ee\/epood\/toode\/akutikksaag-makita-djv186z\/#breadcrumb","itemListElement":[{"@type":"ListItem","position":1,"name":"Home","item":"https:\/\/espak.ee\/epood\/"},{"@type":"ListItem","position":2,"name":"Tootevalik","item":"https:\/\/espak.ee\/epood\/tootevalik\/"},{"@type":"ListItem","position":3,"name":"AKUTIKKSAAG MAKITA DJV186Z"}]},{"@type":"WebSite","@id":"https:\/\/espak.ee\/epood\/#website","url":"https:\/\/espak.ee\/epood\/","name":"Espak E-pood","description":"","potentialAction":[{"@type":"SearchAction","target":{"@type":"EntryPoint","urlTemplate":"https:\/\/espak.ee\/epood\/?s={search_term_string}"},"query-input":{"@type":"PropertyValueSpecification","valueRequired":true,"valueName":"search_term_string"}}],"inLanguage":"et"}]}},"_links":{"self":[{"href":"https:\/\/espak.ee\/epood\/wp-json\/wp\/v2\/product\/253526","targetHints":{"allow":["GET"]}}],"collection":[{"href":"https:\/\/espak.ee\/epood\/wp-json\/wp\/v2\/product"}],"about":[{"href":"https:\/\/espak.ee\/epood\/wp-json\/wp\/v2\/types\/product"}],"replies":[{"embeddable":true,"href":"https:\/\/espak.ee\/epood\/wp-json\/wp\/v2\/comments?post=253526"}],"wp:featuredmedia":[{"embeddable":true,"href":"https:\/\/espak.ee\/epood\/wp-json\/wp\/v2\/media\/253545"}],"wp:attachment":[{"href":"https:\/\/espak.ee\/epood\/wp-json\/wp\/v2\/media?parent=253526"}],"wp:term":[{"taxonomy":"product_brand","embeddable":true,"href":"https:\/\/espak.ee\/epood\/wp-json\/wp\/v2\/product_brand?post=253526"},{"taxonomy":"product_cat","embeddable":true,"href":"https:\/\/espak.ee\/epood\/wp-json\/wp\/v2\/product_cat?post=253526"},{"taxonomy":"product_tag","embeddable":true,"href":"https:\/\/espak.ee\/epood\/wp-json\/wp\/v2\/product_tag?post=253526"}],"curies":[{"name":"wp","href":"https:\/\/api.w.org\/{rel}","templated":true}]}}