{"id":252755,"date":"2025-10-16T05:05:01","date_gmt":"2025-10-16T02:05:01","guid":{"rendered":"https:\/\/espak.ee\/epood\/?post_type=product&#038;p=252755"},"modified":"2025-10-16T10:42:39","modified_gmt":"2025-10-16T07:42:39","slug":"praeahi-svt-547-malm-360380485mm","status":"publish","type":"product","link":"https:\/\/espak.ee\/epood\/toode\/praeahi-svt-547-malm-360380485mm\/","title":{"rendered":"PRAEAHI SVT 547 MALM 360*380*485MM"},"content":{"rendered":"<div class=\"row\"  id=\"row-357519364\">\n\n\t<div id=\"col-1189242323\" class=\"col medium-9 small-12 large-9\"  >\n\t\t\t\t<div class=\"col-inner\"  >\n\t\t\t\n\t\t\t\n<h3>Praeahi SVT 547<\/h3>\n<p>SVT tooted on valmistatud malmivalust, mis on aastasadade v\u00e4ltel olnud parimaks tulekoldematerjaliks. Malm kannatab kuumust ja on temperatuurik\u00f5ikumistele vaatamata kujup\u00fcsiv materjal.<\/p>\n<p><strong>Klaas:<\/strong> Toodete juures on kasutatud mineraliseeritud klaasi, mille kuumataluvus ulatub 800 kraadini. Tooteid paigaldades ja kasutades tuleb olla eriti ettevaatlik, kuna klaas ei erine vigastustele ja mehhaanilistele l\u00f6\u00f6kidele vastupidavuse poolest tavalisest klaasist. Klaasid on kinnitatud suhteliselt n\u00f5rgalt, et v\u00e4ltida pingete tekkimist klaasis.<\/p>\n<p><strong>V\u00e4rv: <\/strong>Tooted on v\u00e4rvitud kahekomponentse Thermodur 600 kuumuskindla v\u00e4rviga, mille kuumataluvus on kuni 600 kraadi. Esimestel k\u00fctmiskordadel tuleks ruume hoolikalt tuulutada, et v\u00e4ltida \u00f5liaurude levimist ruumis.<\/p>\n<p><strong>Hooldamine:<\/strong> Tooteid v\u00f5ib puhastada ainult siis, kui nad on jahtunud. Malmosi v\u00f5ib puhastada toidu\u00f5liga niisutatud lapiga, mis j\u00e4tab malmile kaitsva kihi. Klaase on kerge puhastada tuhaga &#8211; selleks tuleks niiske majapidamispaber teha tuhaga kokku ja sellega klaas puhastada. Klaas tuleb kuivatada puhta majapidamispaberiga.<\/p>\n<p><strong>Garantii: <\/strong>Toodetele on \u00fcheaastane tehasegarantii, mis katab v\u00f5imalikud tehasepoolsed puuduj\u00e4\u00e4gid. Reklamatsioonid tuleb esitada kirjalikult koos ostu t\u00f5endavate dokumentidega. Transpordi, paigalduse ja kasutuse k\u00e4igus viga saanud toodetele garantii ei laiene.<\/p>\n<p>Sisem\u00f5\u00f5t 380 x 360 x 485 mm<br \/>\nV\u00e4lism\u00f5\u00f5t 420 x 400 x 520 mm <\/p>\n\t\t<\/div>\n\t\t\t\t\t<\/div>\n\n\t\n\n\t<div id=\"col-1592607798\" class=\"col medium-3 small-12 large-3\"  >\n\t\t\t\t<div class=\"col-inner\"  >\n\t\t\t\n\t\t\t\n<h3>Termomeetri kalibreerimine<\/h3>\n<p><a href=\"https:\/\/espak.ee\/epood\/wp-content\/uploads\/2025\/10\/termomeetri-kalibreerimine1.pdf\"target=\"_blank\" rel=\"noopener noreferrer\"><i class=\"far fa-file-pdf\"><\/i> Termomeetri kalibreerimine (PDF)<\/a><\/p>\n<h3>Kasutusjuhend<\/h3>\n<p><a href=\"https:\/\/espak.ee\/epood\/wp-content\/uploads\/2025\/10\/SVT-tarvikute-INFO.pdf\"target=\"_blank\" rel=\"noopener noreferrer\"><i class=\"far fa-file-pdf\"><\/i> Kasutusjuhend (PDF)<\/a><\/p>\n<p><strong>\u00dcksikasjalikuma n\u00f5u saamiseks v\u00f5tke \u00fchendust:<br \/><\/strong>SVT Balti O\u00dc<br \/>Hoiu 9a<br \/>76401<br \/>Laagri<br \/>+372 6562 632<\/p>\n\t\t<\/div>\n\t\t\t\t\t<\/div>\n\n\t\n<\/div>\n","protected":false},"excerpt":{"rendered":"","protected":false},"featured_media":252801,"comment_status":"closed","ping_status":"closed","template":"","meta":[],"product_brand":[],"product_cat":[3684,3071,3070,3692],"product_tag":[],"class_list":{"0":"post-252755","1":"product","2":"type-product","3":"status-publish","4":"has-post-thumbnail","6":"product_cat-ahju-kamina-pliididetailid","7":"product_cat-ahjud-kaminad-kerised","8":"product_cat-kute-ja-ventilatsioon","9":"product_cat-praeahjud","10":"pa_kaubamark-svt-balti-ou","12":"first","13":"instock","14":"sale","15":"taxable","16":"shipping-taxable","17":"purchasable","18":"product-type-simple"},"yoast_head":"<!-- This site is optimized with the Yoast SEO plugin v26.9 - https:\/\/yoast.com\/product\/yoast-seo-wordpress\/ -->\n<title>PRAEAHI SVT 547 MALM 360*380*485MM - Espak E-pood<\/title>\n<meta name=\"robots\" content=\"index, follow, max-snippet:-1, max-image-preview:large, max-video-preview:-1\" \/>\n<link rel=\"canonical\" href=\"https:\/\/espak.ee\/epood\/toode\/praeahi-svt-547-malm-360380485mm\/\" \/>\n<meta property=\"og:locale\" content=\"et_EE\" \/>\n<meta property=\"og:type\" content=\"article\" \/>\n<meta property=\"og:title\" content=\"PRAEAHI SVT 547 MALM 360*380*485MM - Espak E-pood\" \/>\n<meta property=\"og:url\" content=\"https:\/\/espak.ee\/epood\/toode\/praeahi-svt-547-malm-360380485mm\/\" \/>\n<meta property=\"og:site_name\" content=\"Espak E-pood\" \/>\n<meta property=\"article:modified_time\" content=\"2025-10-16T07:42:39+00:00\" \/>\n<meta property=\"og:image\" content=\"https:\/\/espak.ee\/epood\/wp-content\/uploads\/2025\/10\/547-2.jpg\" \/>\n\t<meta property=\"og:image:width\" content=\"1000\" \/>\n\t<meta property=\"og:image:height\" content=\"1000\" \/>\n\t<meta property=\"og:image:type\" content=\"image\/jpeg\" \/>\n<meta name=\"twitter:card\" content=\"summary_large_image\" \/>\n<meta name=\"twitter:label1\" content=\"Est. reading time\" \/>\n\t<meta name=\"twitter:data1\" content=\"1 minut\" \/>\n<script type=\"application\/ld+json\" class=\"yoast-schema-graph\">{\"@context\":\"https:\/\/schema.org\",\"@graph\":[{\"@type\":\"WebPage\",\"@id\":\"https:\/\/espak.ee\/epood\/toode\/praeahi-svt-547-malm-360380485mm\/\",\"url\":\"https:\/\/espak.ee\/epood\/toode\/praeahi-svt-547-malm-360380485mm\/\",\"name\":\"PRAEAHI SVT 547 MALM 360*380*485MM - Espak E-pood\",\"isPartOf\":{\"@id\":\"https:\/\/espak.ee\/epood\/#website\"},\"primaryImageOfPage\":{\"@id\":\"https:\/\/espak.ee\/epood\/toode\/praeahi-svt-547-malm-360380485mm\/#primaryimage\"},\"image\":{\"@id\":\"https:\/\/espak.ee\/epood\/toode\/praeahi-svt-547-malm-360380485mm\/#primaryimage\"},\"thumbnailUrl\":\"https:\/\/espak.ee\/epood\/wp-content\/uploads\/2025\/10\/547-2.jpg\",\"datePublished\":\"2025-10-16T02:05:01+00:00\",\"dateModified\":\"2025-10-16T07:42:39+00:00\",\"breadcrumb\":{\"@id\":\"https:\/\/espak.ee\/epood\/toode\/praeahi-svt-547-malm-360380485mm\/#breadcrumb\"},\"inLanguage\":\"et\",\"potentialAction\":[{\"@type\":\"ReadAction\",\"target\":[\"https:\/\/espak.ee\/epood\/toode\/praeahi-svt-547-malm-360380485mm\/\"]}]},{\"@type\":\"ImageObject\",\"inLanguage\":\"et\",\"@id\":\"https:\/\/espak.ee\/epood\/toode\/praeahi-svt-547-malm-360380485mm\/#primaryimage\",\"url\":\"https:\/\/espak.ee\/epood\/wp-content\/uploads\/2025\/10\/547-2.jpg\",\"contentUrl\":\"https:\/\/espak.ee\/epood\/wp-content\/uploads\/2025\/10\/547-2.jpg\",\"width\":1000,\"height\":1000},{\"@type\":\"BreadcrumbList\",\"@id\":\"https:\/\/espak.ee\/epood\/toode\/praeahi-svt-547-malm-360380485mm\/#breadcrumb\",\"itemListElement\":[{\"@type\":\"ListItem\",\"position\":1,\"name\":\"Home\",\"item\":\"https:\/\/espak.ee\/epood\/\"},{\"@type\":\"ListItem\",\"position\":2,\"name\":\"Tootevalik\",\"item\":\"https:\/\/espak.ee\/epood\/tootevalik\/\"},{\"@type\":\"ListItem\",\"position\":3,\"name\":\"PRAEAHI SVT 547 MALM 360*380*485MM\"}]},{\"@type\":\"WebSite\",\"@id\":\"https:\/\/espak.ee\/epood\/#website\",\"url\":\"https:\/\/espak.ee\/epood\/\",\"name\":\"Espak E-pood\",\"description\":\"\",\"potentialAction\":[{\"@type\":\"SearchAction\",\"target\":{\"@type\":\"EntryPoint\",\"urlTemplate\":\"https:\/\/espak.ee\/epood\/?s={search_term_string}\"},\"query-input\":{\"@type\":\"PropertyValueSpecification\",\"valueRequired\":true,\"valueName\":\"search_term_string\"}}],\"inLanguage\":\"et\"}]}<\/script>\n<!-- \/ Yoast SEO plugin. -->","yoast_head_json":{"title":"PRAEAHI SVT 547 MALM 360*380*485MM - Espak E-pood","robots":{"index":"index","follow":"follow","max-snippet":"max-snippet:-1","max-image-preview":"max-image-preview:large","max-video-preview":"max-video-preview:-1"},"canonical":"https:\/\/espak.ee\/epood\/toode\/praeahi-svt-547-malm-360380485mm\/","og_locale":"et_EE","og_type":"article","og_title":"PRAEAHI SVT 547 MALM 360*380*485MM - Espak E-pood","og_url":"https:\/\/espak.ee\/epood\/toode\/praeahi-svt-547-malm-360380485mm\/","og_site_name":"Espak E-pood","article_modified_time":"2025-10-16T07:42:39+00:00","og_image":[{"width":1000,"height":1000,"url":"https:\/\/espak.ee\/epood\/wp-content\/uploads\/2025\/10\/547-2.jpg","type":"image\/jpeg"}],"twitter_card":"summary_large_image","twitter_misc":{"Est. reading time":"1 minut"},"schema":{"@context":"https:\/\/schema.org","@graph":[{"@type":"WebPage","@id":"https:\/\/espak.ee\/epood\/toode\/praeahi-svt-547-malm-360380485mm\/","url":"https:\/\/espak.ee\/epood\/toode\/praeahi-svt-547-malm-360380485mm\/","name":"PRAEAHI SVT 547 MALM 360*380*485MM - Espak E-pood","isPartOf":{"@id":"https:\/\/espak.ee\/epood\/#website"},"primaryImageOfPage":{"@id":"https:\/\/espak.ee\/epood\/toode\/praeahi-svt-547-malm-360380485mm\/#primaryimage"},"image":{"@id":"https:\/\/espak.ee\/epood\/toode\/praeahi-svt-547-malm-360380485mm\/#primaryimage"},"thumbnailUrl":"https:\/\/espak.ee\/epood\/wp-content\/uploads\/2025\/10\/547-2.jpg","datePublished":"2025-10-16T02:05:01+00:00","dateModified":"2025-10-16T07:42:39+00:00","breadcrumb":{"@id":"https:\/\/espak.ee\/epood\/toode\/praeahi-svt-547-malm-360380485mm\/#breadcrumb"},"inLanguage":"et","potentialAction":[{"@type":"ReadAction","target":["https:\/\/espak.ee\/epood\/toode\/praeahi-svt-547-malm-360380485mm\/"]}]},{"@type":"ImageObject","inLanguage":"et","@id":"https:\/\/espak.ee\/epood\/toode\/praeahi-svt-547-malm-360380485mm\/#primaryimage","url":"https:\/\/espak.ee\/epood\/wp-content\/uploads\/2025\/10\/547-2.jpg","contentUrl":"https:\/\/espak.ee\/epood\/wp-content\/uploads\/2025\/10\/547-2.jpg","width":1000,"height":1000},{"@type":"BreadcrumbList","@id":"https:\/\/espak.ee\/epood\/toode\/praeahi-svt-547-malm-360380485mm\/#breadcrumb","itemListElement":[{"@type":"ListItem","position":1,"name":"Home","item":"https:\/\/espak.ee\/epood\/"},{"@type":"ListItem","position":2,"name":"Tootevalik","item":"https:\/\/espak.ee\/epood\/tootevalik\/"},{"@type":"ListItem","position":3,"name":"PRAEAHI SVT 547 MALM 360*380*485MM"}]},{"@type":"WebSite","@id":"https:\/\/espak.ee\/epood\/#website","url":"https:\/\/espak.ee\/epood\/","name":"Espak E-pood","description":"","potentialAction":[{"@type":"SearchAction","target":{"@type":"EntryPoint","urlTemplate":"https:\/\/espak.ee\/epood\/?s={search_term_string}"},"query-input":{"@type":"PropertyValueSpecification","valueRequired":true,"valueName":"search_term_string"}}],"inLanguage":"et"}]}},"_links":{"self":[{"href":"https:\/\/espak.ee\/epood\/wp-json\/wp\/v2\/product\/252755","targetHints":{"allow":["GET"]}}],"collection":[{"href":"https:\/\/espak.ee\/epood\/wp-json\/wp\/v2\/product"}],"about":[{"href":"https:\/\/espak.ee\/epood\/wp-json\/wp\/v2\/types\/product"}],"replies":[{"embeddable":true,"href":"https:\/\/espak.ee\/epood\/wp-json\/wp\/v2\/comments?post=252755"}],"wp:featuredmedia":[{"embeddable":true,"href":"https:\/\/espak.ee\/epood\/wp-json\/wp\/v2\/media\/252801"}],"wp:attachment":[{"href":"https:\/\/espak.ee\/epood\/wp-json\/wp\/v2\/media?parent=252755"}],"wp:term":[{"taxonomy":"product_brand","embeddable":true,"href":"https:\/\/espak.ee\/epood\/wp-json\/wp\/v2\/product_brand?post=252755"},{"taxonomy":"product_cat","embeddable":true,"href":"https:\/\/espak.ee\/epood\/wp-json\/wp\/v2\/product_cat?post=252755"},{"taxonomy":"product_tag","embeddable":true,"href":"https:\/\/espak.ee\/epood\/wp-json\/wp\/v2\/product_tag?post=252755"}],"curies":[{"name":"wp","href":"https:\/\/api.w.org\/{rel}","templated":true}]}}