{"id":252486,"date":"2025-10-14T05:05:44","date_gmt":"2025-10-14T02:05:44","guid":{"rendered":"https:\/\/espak.ee\/epood\/?post_type=product&#038;p=252486"},"modified":"2025-10-14T09:01:47","modified_gmt":"2025-10-14T06:01:47","slug":"turvasaapad-solid-gear-vapor-3-mid-s3s-42","status":"publish","type":"product","link":"https:\/\/espak.ee\/epood\/toode\/turvasaapad-solid-gear-vapor-3-mid-s3s-42\/","title":{"rendered":"TURVASAAPAD SOLID GEAR VAPOR 3 MID S3S 42"},"content":{"rendered":"<div class=\"row\"  id=\"row-1223983886\">\n\n\t<div id=\"col-1840973\" class=\"col medium-9 small-12 large-9\"  >\n\t\t\t\t<div class=\"col-inner\"  >\n\t\t\t\n\t\t\t\n<h3>SOLID GEAR Vapor 3 Mid poolsaapad S3S SR HRO FO 42 <\/h3>\n<p>Turvasaabaste vetth\u00fclgavad pealsed on valmistatud vastupidavast LWG (Leather Working Group \u2013 Responsible leather) sertifikaadiga nubuknahast, pahkluu piirkonnas on kasutatud vastupidavat tekstiilist.<\/p>\n<p>Materjalid on hea kulumiskindlusega, mugavad ja hingavad.\n <\/p>\n<div class=\"message-box relative\" style=\"padding-top:15px;padding-bottom:15px;\"><div class=\"message-box-bg-image bg-fill fill\" ><\/div><div class=\"message-box-bg-overlay bg-fill fill\" ><\/div><div class=\"container relative\"><div class=\"inner last-reset\">\n<div class=\"row align-middle align-center\"  id=\"row-1749743223\">\n\n\t<div id=\"col-496893552\" class=\"col small-12 large-12\"  >\n\t\t\t\t<div class=\"col-inner text-left\"  >\n\t\t\t\n\t\t\t\n<div class=\"row\"  id=\"row-531016359\">\n\n\t<div id=\"col-634488612\" class=\"col medium-6 small-12 large-6\"  >\n\t\t\t\t<div class=\"col-inner\"  >\n\t\t\t\n\t\t\t\n<p><i class=\"fa fa-check  fa-2x\"><\/i><strong> Pealsed &#8211; vetth\u00fclgav nubuknahk ja tekstiil<\/strong><\/p>\n<p><i class=\"fa fa-check  fa-2x\"><\/i><strong> BOA\u00ae kinnituss\u00fcsteem<\/strong><\/p>\n<p><i class=\"fa fa-check  fa-2x\"><\/i><strong> Vibram\u00ae \u00f5li- ja libisemiskindel v\u00e4listald<\/strong><\/p>\n\t\t<\/div>\n\t\t\t\t\n<style>\n#col-634488612 > .col-inner {\n  margin: 0px 0px 15px 0px;\n}\n<\/style>\n\t<\/div>\n\n\t\n\n\t<div id=\"col-1976992279\" class=\"col medium-6 small-12 large-6\"  >\n\t\t\t\t<div class=\"col-inner\"  >\n\t\t\t\n\t\t\t\n<p><i class=\"fa fa-check fa-2x\"><\/i><strong> Klaaskiust turvanina ja pehme naelat\u00f5ke <\/strong><\/p>\n<p><i class=\"fa fa-check fa-2x\"><\/i><strong> Lai liist ja PU-sisep\u00f5hi hingavatest taaskasutatud materjalidest<\/strong><\/p>\n<p><i class=\"fa fa-check fa-2x\"><\/i><strong> EN ISO 20345:2022 S3S, SR, HRO, FO sertifikaat<\/strong><\/p>\n\t\t<\/div>\n\t\t\t\t\n<style>\n#col-1976992279 > .col-inner {\n  margin: 0px 0px 15px 0px;\n}\n<\/style>\n\t<\/div>\n\n\t\n<\/div>\n\t\t<\/div>\n\t\t\t\t\t<\/div>\n\n\t\n<\/div>\n<\/div><\/div><\/div>\n\t<div id=\"gap-1030882036\" class=\"gap-element clearfix\" style=\"display:block; height:auto;\">\n\t\t\n<style>\n#gap-1030882036 {\n  padding-top: 30px;\n}\n<\/style>\n\t<\/div>\n\t\n<p>Boa\u00ae kinnituss\u00fcsteem lisab jalan\u00f5udele kindlust, p\u00fcsivust, kasutajas\u00f5bralikkust, vastupidavust ja ohutust. Enam ei esine lahtiseid paelu, mis kusagile takerduda v\u00f5iksid.<br \/>\nBoa\u00ae\u2019d on testitud k\u00f5ige \u00e4\u00e4rmuslikemas tingimustes: vees ja liivas, mudas ja tolmus, k\u00fclmas ja kuumas. Jalan\u00f5ude jalga panek ja jalast v\u00f5tmine on lihtne ja kiire. Boa\u00ae fikseerib jalan\u00f5ud \u00fchtlaselt ja t\u00e4pselt teie jala j\u00e4rgi ning hoiab seatud pinget kogu t\u00f6\u00f6p\u00e4eva.<br \/>\nTugev terastross koosneb 49 imepeenikesest roostevabast teraskiust, mis on kaetud vastupidava nailonkattega.<br \/>\nBoa\u00ae ketassulgurile kehtib garantii jalan\u00f5ude eluea l\u00f5puni.Vibram\u00ae \u00f5li- ja libisemiskindel v\u00e4listald.<\/p>\n<p>Jalan\u00f5ud on varustatud vastupidava Vibram\u00ae kummitallaga, mis tagab kindla haarduvuse nii m\u00e4rgadel kui ka \u00f5liseguse pinnaga t\u00f6\u00f6kohtadel. S\u00fcgav tallamuster suurendab stabiilsust ja v\u00e4hendadab libisemisohtu.<\/p>\n<p>Turvajalatsites on klaaskiust varbakaitse, mis kaitseb varbaid kuni 200 J l\u00f6\u00f6gienergia ja 15000 N surve eest. Ninaosas pealsed kaetud vastupudava TPU-ga.<br \/>\nJalatsi tallas on pehme metallivaba naelat\u00f5ke, mis kaitseb 3 mm naeltest l\u00e4biastumise eest.<\/p>\n<p>Laia liistuga jalan\u00f5ud pakuvad t\u00f5elist kandmismugavust laiemale jalale.<br \/>\nSisetald on valmistatud hingavast PU-vahust, mis sisaldab taaskasutatud materjale.<\/p>\n<p>Jalatsid vastavad EN ISO 20345:2022 turvajalatsite standardile. Need on testitud veeimavuse ja l\u00e4bitungimise, antistaatiliste omaduste, kuumuskindluse ning energiasummutuse osas kannapiirkonnas.\n<\/p>\n\t\t<\/div>\n\t\t\t\t\t<\/div>\n\n\t\n\n\t<div id=\"col-1946658302\" class=\"col medium-3 small-12 large-3\"  >\n\t\t\t\t<div class=\"col-inner\"  >\n\t\t\t\n\t\t\t\n\t<div id=\"gap-1355379929\" class=\"gap-element clearfix\" style=\"display:block; height:auto;\">\n\t\t\n<style>\n#gap-1355379929 {\n  padding-top: 30px;\n}\n<\/style>\n\t<\/div>\n\t\n<p><strong>\u00dcksikasjalikuma n\u00f5u saamiseks v\u00f5tke \u00fchendust:<br \/><\/strong>Tamrex Ohutuse O\u00dc<br \/>Laki 5<br \/>10621<br \/>Tallinn<br \/>+372 654 9900<\/p>\n\t\t<\/div>\n\t\t\t\t\t<\/div>\n\n\t\n<\/div>\n","protected":false},"excerpt":{"rendered":"","protected":false},"featured_media":252545,"comment_status":"closed","ping_status":"closed","template":"","meta":[],"product_brand":[],"product_cat":[2788,3031,3035,2972],"product_tag":[],"class_list":{"0":"post-252486","1":"product","2":"type-product","3":"status-publish","4":"has-post-thumbnail","6":"product_cat-aiatarbed-ja-kodukaubad","7":"product_cat-jalanoud","8":"product_cat-kingad","9":"product_cat-tookaitsevahendid","10":"pa_kaubamark-tamrex-ohutuse-ou","12":"first","13":"instock","14":"sale","15":"taxable","16":"shipping-taxable","17":"purchasable","18":"product-type-simple"},"yoast_head":"<!-- This site is optimized with the Yoast SEO plugin v26.9 - https:\/\/yoast.com\/product\/yoast-seo-wordpress\/ -->\n<title>TURVASAAPAD SOLID GEAR VAPOR 3 MID S3S 42 - Espak E-pood<\/title>\n<meta name=\"robots\" content=\"index, follow, max-snippet:-1, max-image-preview:large, max-video-preview:-1\" \/>\n<link rel=\"canonical\" href=\"https:\/\/espak.ee\/epood\/toode\/turvasaapad-solid-gear-vapor-3-mid-s3s-42\/\" \/>\n<meta property=\"og:locale\" content=\"et_EE\" \/>\n<meta property=\"og:type\" content=\"article\" \/>\n<meta property=\"og:title\" content=\"TURVASAAPAD SOLID GEAR VAPOR 3 MID S3S 42 - Espak E-pood\" \/>\n<meta property=\"og:url\" content=\"https:\/\/espak.ee\/epood\/toode\/turvasaapad-solid-gear-vapor-3-mid-s3s-42\/\" \/>\n<meta property=\"og:site_name\" content=\"Espak E-pood\" \/>\n<meta property=\"article:modified_time\" content=\"2025-10-14T06:01:47+00:00\" \/>\n<meta property=\"og:image\" content=\"https:\/\/espak.ee\/epood\/wp-content\/uploads\/2025\/10\/solid-gear-vapor-3-mid-poolsaapad-s3s-sr-hro-fo-2.jpg\" \/>\n\t<meta property=\"og:image:width\" content=\"1000\" \/>\n\t<meta property=\"og:image:height\" content=\"1000\" \/>\n\t<meta property=\"og:image:type\" content=\"image\/jpeg\" \/>\n<meta name=\"twitter:card\" content=\"summary_large_image\" \/>\n<meta name=\"twitter:label1\" content=\"Est. reading time\" \/>\n\t<meta name=\"twitter:data1\" content=\"2 minutit\" \/>\n<script type=\"application\/ld+json\" class=\"yoast-schema-graph\">{\"@context\":\"https:\/\/schema.org\",\"@graph\":[{\"@type\":\"WebPage\",\"@id\":\"https:\/\/espak.ee\/epood\/toode\/turvasaapad-solid-gear-vapor-3-mid-s3s-42\/\",\"url\":\"https:\/\/espak.ee\/epood\/toode\/turvasaapad-solid-gear-vapor-3-mid-s3s-42\/\",\"name\":\"TURVASAAPAD SOLID GEAR VAPOR 3 MID S3S 42 - Espak E-pood\",\"isPartOf\":{\"@id\":\"https:\/\/espak.ee\/epood\/#website\"},\"primaryImageOfPage\":{\"@id\":\"https:\/\/espak.ee\/epood\/toode\/turvasaapad-solid-gear-vapor-3-mid-s3s-42\/#primaryimage\"},\"image\":{\"@id\":\"https:\/\/espak.ee\/epood\/toode\/turvasaapad-solid-gear-vapor-3-mid-s3s-42\/#primaryimage\"},\"thumbnailUrl\":\"https:\/\/espak.ee\/epood\/wp-content\/uploads\/2025\/10\/solid-gear-vapor-3-mid-poolsaapad-s3s-sr-hro-fo-2.jpg\",\"datePublished\":\"2025-10-14T02:05:44+00:00\",\"dateModified\":\"2025-10-14T06:01:47+00:00\",\"breadcrumb\":{\"@id\":\"https:\/\/espak.ee\/epood\/toode\/turvasaapad-solid-gear-vapor-3-mid-s3s-42\/#breadcrumb\"},\"inLanguage\":\"et\",\"potentialAction\":[{\"@type\":\"ReadAction\",\"target\":[\"https:\/\/espak.ee\/epood\/toode\/turvasaapad-solid-gear-vapor-3-mid-s3s-42\/\"]}]},{\"@type\":\"ImageObject\",\"inLanguage\":\"et\",\"@id\":\"https:\/\/espak.ee\/epood\/toode\/turvasaapad-solid-gear-vapor-3-mid-s3s-42\/#primaryimage\",\"url\":\"https:\/\/espak.ee\/epood\/wp-content\/uploads\/2025\/10\/solid-gear-vapor-3-mid-poolsaapad-s3s-sr-hro-fo-2.jpg\",\"contentUrl\":\"https:\/\/espak.ee\/epood\/wp-content\/uploads\/2025\/10\/solid-gear-vapor-3-mid-poolsaapad-s3s-sr-hro-fo-2.jpg\",\"width\":1000,\"height\":1000},{\"@type\":\"BreadcrumbList\",\"@id\":\"https:\/\/espak.ee\/epood\/toode\/turvasaapad-solid-gear-vapor-3-mid-s3s-42\/#breadcrumb\",\"itemListElement\":[{\"@type\":\"ListItem\",\"position\":1,\"name\":\"Home\",\"item\":\"https:\/\/espak.ee\/epood\/\"},{\"@type\":\"ListItem\",\"position\":2,\"name\":\"Tootevalik\",\"item\":\"https:\/\/espak.ee\/epood\/tootevalik\/\"},{\"@type\":\"ListItem\",\"position\":3,\"name\":\"TURVASAAPAD SOLID GEAR VAPOR 3 MID S3S 42\"}]},{\"@type\":\"WebSite\",\"@id\":\"https:\/\/espak.ee\/epood\/#website\",\"url\":\"https:\/\/espak.ee\/epood\/\",\"name\":\"Espak E-pood\",\"description\":\"\",\"potentialAction\":[{\"@type\":\"SearchAction\",\"target\":{\"@type\":\"EntryPoint\",\"urlTemplate\":\"https:\/\/espak.ee\/epood\/?s={search_term_string}\"},\"query-input\":{\"@type\":\"PropertyValueSpecification\",\"valueRequired\":true,\"valueName\":\"search_term_string\"}}],\"inLanguage\":\"et\"}]}<\/script>\n<!-- \/ Yoast SEO plugin. -->","yoast_head_json":{"title":"TURVASAAPAD SOLID GEAR VAPOR 3 MID S3S 42 - Espak E-pood","robots":{"index":"index","follow":"follow","max-snippet":"max-snippet:-1","max-image-preview":"max-image-preview:large","max-video-preview":"max-video-preview:-1"},"canonical":"https:\/\/espak.ee\/epood\/toode\/turvasaapad-solid-gear-vapor-3-mid-s3s-42\/","og_locale":"et_EE","og_type":"article","og_title":"TURVASAAPAD SOLID GEAR VAPOR 3 MID S3S 42 - Espak E-pood","og_url":"https:\/\/espak.ee\/epood\/toode\/turvasaapad-solid-gear-vapor-3-mid-s3s-42\/","og_site_name":"Espak E-pood","article_modified_time":"2025-10-14T06:01:47+00:00","og_image":[{"width":1000,"height":1000,"url":"https:\/\/espak.ee\/epood\/wp-content\/uploads\/2025\/10\/solid-gear-vapor-3-mid-poolsaapad-s3s-sr-hro-fo-2.jpg","type":"image\/jpeg"}],"twitter_card":"summary_large_image","twitter_misc":{"Est. reading time":"2 minutit"},"schema":{"@context":"https:\/\/schema.org","@graph":[{"@type":"WebPage","@id":"https:\/\/espak.ee\/epood\/toode\/turvasaapad-solid-gear-vapor-3-mid-s3s-42\/","url":"https:\/\/espak.ee\/epood\/toode\/turvasaapad-solid-gear-vapor-3-mid-s3s-42\/","name":"TURVASAAPAD SOLID GEAR VAPOR 3 MID S3S 42 - Espak E-pood","isPartOf":{"@id":"https:\/\/espak.ee\/epood\/#website"},"primaryImageOfPage":{"@id":"https:\/\/espak.ee\/epood\/toode\/turvasaapad-solid-gear-vapor-3-mid-s3s-42\/#primaryimage"},"image":{"@id":"https:\/\/espak.ee\/epood\/toode\/turvasaapad-solid-gear-vapor-3-mid-s3s-42\/#primaryimage"},"thumbnailUrl":"https:\/\/espak.ee\/epood\/wp-content\/uploads\/2025\/10\/solid-gear-vapor-3-mid-poolsaapad-s3s-sr-hro-fo-2.jpg","datePublished":"2025-10-14T02:05:44+00:00","dateModified":"2025-10-14T06:01:47+00:00","breadcrumb":{"@id":"https:\/\/espak.ee\/epood\/toode\/turvasaapad-solid-gear-vapor-3-mid-s3s-42\/#breadcrumb"},"inLanguage":"et","potentialAction":[{"@type":"ReadAction","target":["https:\/\/espak.ee\/epood\/toode\/turvasaapad-solid-gear-vapor-3-mid-s3s-42\/"]}]},{"@type":"ImageObject","inLanguage":"et","@id":"https:\/\/espak.ee\/epood\/toode\/turvasaapad-solid-gear-vapor-3-mid-s3s-42\/#primaryimage","url":"https:\/\/espak.ee\/epood\/wp-content\/uploads\/2025\/10\/solid-gear-vapor-3-mid-poolsaapad-s3s-sr-hro-fo-2.jpg","contentUrl":"https:\/\/espak.ee\/epood\/wp-content\/uploads\/2025\/10\/solid-gear-vapor-3-mid-poolsaapad-s3s-sr-hro-fo-2.jpg","width":1000,"height":1000},{"@type":"BreadcrumbList","@id":"https:\/\/espak.ee\/epood\/toode\/turvasaapad-solid-gear-vapor-3-mid-s3s-42\/#breadcrumb","itemListElement":[{"@type":"ListItem","position":1,"name":"Home","item":"https:\/\/espak.ee\/epood\/"},{"@type":"ListItem","position":2,"name":"Tootevalik","item":"https:\/\/espak.ee\/epood\/tootevalik\/"},{"@type":"ListItem","position":3,"name":"TURVASAAPAD SOLID GEAR VAPOR 3 MID S3S 42"}]},{"@type":"WebSite","@id":"https:\/\/espak.ee\/epood\/#website","url":"https:\/\/espak.ee\/epood\/","name":"Espak E-pood","description":"","potentialAction":[{"@type":"SearchAction","target":{"@type":"EntryPoint","urlTemplate":"https:\/\/espak.ee\/epood\/?s={search_term_string}"},"query-input":{"@type":"PropertyValueSpecification","valueRequired":true,"valueName":"search_term_string"}}],"inLanguage":"et"}]}},"_links":{"self":[{"href":"https:\/\/espak.ee\/epood\/wp-json\/wp\/v2\/product\/252486","targetHints":{"allow":["GET"]}}],"collection":[{"href":"https:\/\/espak.ee\/epood\/wp-json\/wp\/v2\/product"}],"about":[{"href":"https:\/\/espak.ee\/epood\/wp-json\/wp\/v2\/types\/product"}],"replies":[{"embeddable":true,"href":"https:\/\/espak.ee\/epood\/wp-json\/wp\/v2\/comments?post=252486"}],"wp:featuredmedia":[{"embeddable":true,"href":"https:\/\/espak.ee\/epood\/wp-json\/wp\/v2\/media\/252545"}],"wp:attachment":[{"href":"https:\/\/espak.ee\/epood\/wp-json\/wp\/v2\/media?parent=252486"}],"wp:term":[{"taxonomy":"product_brand","embeddable":true,"href":"https:\/\/espak.ee\/epood\/wp-json\/wp\/v2\/product_brand?post=252486"},{"taxonomy":"product_cat","embeddable":true,"href":"https:\/\/espak.ee\/epood\/wp-json\/wp\/v2\/product_cat?post=252486"},{"taxonomy":"product_tag","embeddable":true,"href":"https:\/\/espak.ee\/epood\/wp-json\/wp\/v2\/product_tag?post=252486"}],"curies":[{"name":"wp","href":"https:\/\/api.w.org\/{rel}","templated":true}]}}