{"id":252451,"date":"2025-10-14T05:05:01","date_gmt":"2025-10-14T02:05:01","guid":{"rendered":"https:\/\/espak.ee\/epood\/?post_type=product&#038;p=252451"},"modified":"2025-12-13T12:57:32","modified_gmt":"2025-12-13T10:57:32","slug":"tookinnas-winterpro-touchscreen-nr-10","status":"publish","type":"product","link":"https:\/\/espak.ee\/epood\/toode\/tookinnas-winterpro-touchscreen-nr-10\/","title":{"rendered":"T\u00d6\u00d6KINNAS WINTERPRO TOUCHSCREEN NR.10"},"content":{"rendered":"<div class=\"row\"  id=\"row-349526785\">\n\n\t<div id=\"col-2009410879\" class=\"col medium-9 small-12 large-9\"  >\n\t\t\t\t<div class=\"col-inner\"  >\n\t\t\t\n\t\t\t\n<h3>TAMREX WinterPRO9000 TouchScreen veekindlad talvekindad 10 <\/h3>\n<p>TAMREX Pro sarja parimad kindad on soojad, veekindlad, hingavad, mugavad ja vastupidavad! Peopesa ja s\u00f5rmed on valmistatud materjalist, mis sobib puutetundlikke ekraanide k\u00e4sitsemiseks. Soe Thinsulate\u00ae G80 voodriga mugavad kvaliteetkindad on t\u00e4ielikult veekindlad ning tuule ja k\u00fclma eest hoiab resortekstiil randmekohal.<\/p>\n<p>3M Scotchlite helkurriba tagab parema silmatorkavuse. Erinevate \u00fcldt\u00f6\u00f6de tegemise k\u00f5rval sobivad n\u00e4gusad, sportliku disainiga kindad vabal ajal kandmiseks v\u00f5i sportimiseks.\n <\/p>\n\t<div id=\"gap-218306278\" class=\"gap-element clearfix\" style=\"display:block; height:auto;\">\n\t\t\n<style>\n#gap-218306278 {\n  padding-top: 30px;\n}\n<\/style>\n\t<\/div>\n\t\n<p>Thinsulate\u00ae G80 voodriga veekindlad talvekindad sobivad kasutamiseks mistahes talit\u00f6\u00f6de tegemiseks niisketes, m\u00e4rgades ja k\u00fclmades tingimustes, aga ka kodut\u00f6\u00f6del kasutamiseks v\u00f5i sportimiseks. V\u00e4ga hea valik nii h\u00e4sti m\u00e4esuusatamiseks, kalastamiseks kui ka ATVga s\u00f5itmiseks.<\/p>\n<p>Need kindad valiti parimateks Soome kalameeste poolt l\u00e4biviidud testis. V\u00e4ga laia kasutustemperatuuriga kinnas, mis sobib nii viiekraadises soojas l\u00f6rtsi v\u00f5i vihmaga kui ka 20 kraadises k\u00fclmas.<\/p>\n<p>Puutetundlikust PUst reljeefne pind peopesas ja s\u00f5rmedel tagab hea haarde ja v\u00f5imaldab muretult ekraanide s\u00f5rmitsemist. Pehmendused erinevates piirkondades pakuvad kaitset raske t\u00f6\u00f6 tegijale.<\/p>\n<p>Kvaliteetne ja korralikult \u00fcmber k\u00e4e randme hoidev resortekstiil mahub jope varruka sisse peitu, tekitades nii tuule- ja lumeluku. 3M Scotchlite helkurkant lisab silmatorkavust pimedal ajal autotulede valguses.<\/p>\n<p>Veekindlad, hingavad ning soojad kindad neile, kes terve p\u00e4ev \u00f5ues k\u00e4tele kaitset vajavad.<\/p>\n<p>Tegemist on t\u00f6\u00f6kinnastega, mis kaitsevad t\u00f6\u00f6tegijat mehhaaniliste ohtude eest (Kat 2), mis t\u00e4hendab, et kinnaste kaitseomadusi on testitud.<\/p>\n<p>Kui vajad sama head kinnast ektreemsete k\u00fclmadega kandmiseks, v\u00f5ta 44-384 TAMREXi kindad, mis on paksu ja v\u00e4ga sooja Thinsulate\u00ae G120 voodriga. \u00d5hema, Thinsulate\u00ae G60 voodriga kindad on 44-384B artiklikoodiga.<\/p>\n<p>M\u00f5istlik on varuda endale erinevaid kindaid, et vastavalt ilmastikuoludele optimaalne valik teha. Olemas v\u00f5iksid olla ekstra soojad kindad juhuks, kui tuleb kr\u00f5bek\u00fclm talvep\u00e4ev (Thinsulate\u00ae G120 voodriga), pisut \u00f5hema voodriga (Thinsulate G80 v\u00f5i G60) kindad nulli ja k\u00fcmne miinuskraadi vahel kasutamiseks aga ka veekindlad ja hingavad talvekindad, mida kasutada siis, kui \u00f5hutemperatuur \u00fcle nulli t\u00f5useb ning olud on niiskemad v\u00f5i koguni m\u00e4rjad.<\/p>\n<p><strong>Materjalid<\/strong><br \/>\nPol\u00fcestrist k\u00e4eselg, PU peopesa ja s\u00f5rmed ning Thinsulate\u00ae vooder.<\/p>\n<p><strong>Standardid<\/strong><br \/>\nEN420, EN388:2016 (2.2.2.2.X), EN511 (X.3.1). Kat 2. CE\n<\/p>\n\t\t<\/div>\n\t\t\t\t\t<\/div>\n\n\t\n\n\t<div id=\"col-1987699995\" class=\"col medium-3 small-12 large-3\"  >\n\t\t\t\t<div class=\"col-inner\"  >\n\t\t\t\n\t\t\t\n\t<div id=\"gap-336951441\" class=\"gap-element clearfix\" style=\"display:block; height:auto;\">\n\t\t\n<style>\n#gap-336951441 {\n  padding-top: 30px;\n}\n<\/style>\n\t<\/div>\n\t\n<p><strong>\u00dcksikasjalikuma n\u00f5u saamiseks v\u00f5tke \u00fchendust:<br \/><\/strong>Tamrex Ohutuse O\u00dc<br \/>Laki 5<br \/>10621<br \/>Tallinn<br \/>+372 654 9900<\/p>\n\t\t<\/div>\n\t\t\t\t\t<\/div>\n\n\t\n<\/div>\n","protected":false},"excerpt":{"rendered":"","protected":false},"featured_media":252557,"comment_status":"closed","ping_status":"closed","template":"","meta":[],"product_brand":[],"product_cat":[2788,2976,2979,2972],"product_tag":[],"class_list":{"0":"post-252451","1":"product","2":"type-product","3":"status-publish","4":"has-post-thumbnail","6":"product_cat-aiatarbed-ja-kodukaubad","7":"product_cat-kindad","8":"product_cat-talvekindad","9":"product_cat-tookaitsevahendid","10":"pa_kaubamark-tamrex-ohutuse-ou","12":"first","13":"outofstock","14":"sale","15":"taxable","16":"shipping-taxable","17":"purchasable","18":"product-type-simple"},"yoast_head":"<!-- This site is optimized with the Yoast SEO plugin v26.9 - https:\/\/yoast.com\/product\/yoast-seo-wordpress\/ -->\n<title>T\u00d6\u00d6KINNAS WINTERPRO TOUCHSCREEN NR.10 - Espak E-pood<\/title>\n<meta name=\"robots\" content=\"index, follow, max-snippet:-1, max-image-preview:large, max-video-preview:-1\" \/>\n<link rel=\"canonical\" href=\"https:\/\/espak.ee\/epood\/toode\/tookinnas-winterpro-touchscreen-nr-10\/\" \/>\n<meta property=\"og:locale\" content=\"et_EE\" \/>\n<meta property=\"og:type\" content=\"article\" \/>\n<meta property=\"og:title\" content=\"T\u00d6\u00d6KINNAS WINTERPRO TOUCHSCREEN NR.10 - Espak E-pood\" \/>\n<meta property=\"og:url\" content=\"https:\/\/espak.ee\/epood\/toode\/tookinnas-winterpro-touchscreen-nr-10\/\" \/>\n<meta property=\"og:site_name\" content=\"Espak E-pood\" \/>\n<meta property=\"article:modified_time\" content=\"2025-12-13T10:57:32+00:00\" \/>\n<meta property=\"og:image\" content=\"https:\/\/espak.ee\/epood\/wp-content\/uploads\/2025\/10\/tamrex-winterpro9000-touchscreen-veekindlad-talvekindad-2.jpg\" \/>\n\t<meta property=\"og:image:width\" content=\"1000\" \/>\n\t<meta property=\"og:image:height\" content=\"1000\" \/>\n\t<meta property=\"og:image:type\" content=\"image\/jpeg\" \/>\n<meta name=\"twitter:card\" content=\"summary_large_image\" \/>\n<meta name=\"twitter:label1\" content=\"Est. reading time\" \/>\n\t<meta name=\"twitter:data1\" content=\"2 minutit\" \/>\n<script type=\"application\/ld+json\" class=\"yoast-schema-graph\">{\"@context\":\"https:\/\/schema.org\",\"@graph\":[{\"@type\":\"WebPage\",\"@id\":\"https:\/\/espak.ee\/epood\/toode\/tookinnas-winterpro-touchscreen-nr-10\/\",\"url\":\"https:\/\/espak.ee\/epood\/toode\/tookinnas-winterpro-touchscreen-nr-10\/\",\"name\":\"T\u00d6\u00d6KINNAS WINTERPRO TOUCHSCREEN NR.10 - Espak E-pood\",\"isPartOf\":{\"@id\":\"https:\/\/espak.ee\/epood\/#website\"},\"primaryImageOfPage\":{\"@id\":\"https:\/\/espak.ee\/epood\/toode\/tookinnas-winterpro-touchscreen-nr-10\/#primaryimage\"},\"image\":{\"@id\":\"https:\/\/espak.ee\/epood\/toode\/tookinnas-winterpro-touchscreen-nr-10\/#primaryimage\"},\"thumbnailUrl\":\"https:\/\/espak.ee\/epood\/wp-content\/uploads\/2025\/10\/tamrex-winterpro9000-touchscreen-veekindlad-talvekindad-2.jpg\",\"datePublished\":\"2025-10-14T02:05:01+00:00\",\"dateModified\":\"2025-12-13T10:57:32+00:00\",\"breadcrumb\":{\"@id\":\"https:\/\/espak.ee\/epood\/toode\/tookinnas-winterpro-touchscreen-nr-10\/#breadcrumb\"},\"inLanguage\":\"et\",\"potentialAction\":[{\"@type\":\"ReadAction\",\"target\":[\"https:\/\/espak.ee\/epood\/toode\/tookinnas-winterpro-touchscreen-nr-10\/\"]}]},{\"@type\":\"ImageObject\",\"inLanguage\":\"et\",\"@id\":\"https:\/\/espak.ee\/epood\/toode\/tookinnas-winterpro-touchscreen-nr-10\/#primaryimage\",\"url\":\"https:\/\/espak.ee\/epood\/wp-content\/uploads\/2025\/10\/tamrex-winterpro9000-touchscreen-veekindlad-talvekindad-2.jpg\",\"contentUrl\":\"https:\/\/espak.ee\/epood\/wp-content\/uploads\/2025\/10\/tamrex-winterpro9000-touchscreen-veekindlad-talvekindad-2.jpg\",\"width\":1000,\"height\":1000},{\"@type\":\"BreadcrumbList\",\"@id\":\"https:\/\/espak.ee\/epood\/toode\/tookinnas-winterpro-touchscreen-nr-10\/#breadcrumb\",\"itemListElement\":[{\"@type\":\"ListItem\",\"position\":1,\"name\":\"Home\",\"item\":\"https:\/\/espak.ee\/epood\/\"},{\"@type\":\"ListItem\",\"position\":2,\"name\":\"Tootevalik\",\"item\":\"https:\/\/espak.ee\/epood\/tootevalik\/\"},{\"@type\":\"ListItem\",\"position\":3,\"name\":\"T\u00d6\u00d6KINNAS WINTERPRO TOUCHSCREEN NR.10\"}]},{\"@type\":\"WebSite\",\"@id\":\"https:\/\/espak.ee\/epood\/#website\",\"url\":\"https:\/\/espak.ee\/epood\/\",\"name\":\"Espak E-pood\",\"description\":\"\",\"potentialAction\":[{\"@type\":\"SearchAction\",\"target\":{\"@type\":\"EntryPoint\",\"urlTemplate\":\"https:\/\/espak.ee\/epood\/?s={search_term_string}\"},\"query-input\":{\"@type\":\"PropertyValueSpecification\",\"valueRequired\":true,\"valueName\":\"search_term_string\"}}],\"inLanguage\":\"et\"}]}<\/script>\n<!-- \/ Yoast SEO plugin. -->","yoast_head_json":{"title":"T\u00d6\u00d6KINNAS WINTERPRO TOUCHSCREEN NR.10 - Espak E-pood","robots":{"index":"index","follow":"follow","max-snippet":"max-snippet:-1","max-image-preview":"max-image-preview:large","max-video-preview":"max-video-preview:-1"},"canonical":"https:\/\/espak.ee\/epood\/toode\/tookinnas-winterpro-touchscreen-nr-10\/","og_locale":"et_EE","og_type":"article","og_title":"T\u00d6\u00d6KINNAS WINTERPRO TOUCHSCREEN NR.10 - Espak E-pood","og_url":"https:\/\/espak.ee\/epood\/toode\/tookinnas-winterpro-touchscreen-nr-10\/","og_site_name":"Espak E-pood","article_modified_time":"2025-12-13T10:57:32+00:00","og_image":[{"width":1000,"height":1000,"url":"https:\/\/espak.ee\/epood\/wp-content\/uploads\/2025\/10\/tamrex-winterpro9000-touchscreen-veekindlad-talvekindad-2.jpg","type":"image\/jpeg"}],"twitter_card":"summary_large_image","twitter_misc":{"Est. reading time":"2 minutit"},"schema":{"@context":"https:\/\/schema.org","@graph":[{"@type":"WebPage","@id":"https:\/\/espak.ee\/epood\/toode\/tookinnas-winterpro-touchscreen-nr-10\/","url":"https:\/\/espak.ee\/epood\/toode\/tookinnas-winterpro-touchscreen-nr-10\/","name":"T\u00d6\u00d6KINNAS WINTERPRO TOUCHSCREEN NR.10 - Espak E-pood","isPartOf":{"@id":"https:\/\/espak.ee\/epood\/#website"},"primaryImageOfPage":{"@id":"https:\/\/espak.ee\/epood\/toode\/tookinnas-winterpro-touchscreen-nr-10\/#primaryimage"},"image":{"@id":"https:\/\/espak.ee\/epood\/toode\/tookinnas-winterpro-touchscreen-nr-10\/#primaryimage"},"thumbnailUrl":"https:\/\/espak.ee\/epood\/wp-content\/uploads\/2025\/10\/tamrex-winterpro9000-touchscreen-veekindlad-talvekindad-2.jpg","datePublished":"2025-10-14T02:05:01+00:00","dateModified":"2025-12-13T10:57:32+00:00","breadcrumb":{"@id":"https:\/\/espak.ee\/epood\/toode\/tookinnas-winterpro-touchscreen-nr-10\/#breadcrumb"},"inLanguage":"et","potentialAction":[{"@type":"ReadAction","target":["https:\/\/espak.ee\/epood\/toode\/tookinnas-winterpro-touchscreen-nr-10\/"]}]},{"@type":"ImageObject","inLanguage":"et","@id":"https:\/\/espak.ee\/epood\/toode\/tookinnas-winterpro-touchscreen-nr-10\/#primaryimage","url":"https:\/\/espak.ee\/epood\/wp-content\/uploads\/2025\/10\/tamrex-winterpro9000-touchscreen-veekindlad-talvekindad-2.jpg","contentUrl":"https:\/\/espak.ee\/epood\/wp-content\/uploads\/2025\/10\/tamrex-winterpro9000-touchscreen-veekindlad-talvekindad-2.jpg","width":1000,"height":1000},{"@type":"BreadcrumbList","@id":"https:\/\/espak.ee\/epood\/toode\/tookinnas-winterpro-touchscreen-nr-10\/#breadcrumb","itemListElement":[{"@type":"ListItem","position":1,"name":"Home","item":"https:\/\/espak.ee\/epood\/"},{"@type":"ListItem","position":2,"name":"Tootevalik","item":"https:\/\/espak.ee\/epood\/tootevalik\/"},{"@type":"ListItem","position":3,"name":"T\u00d6\u00d6KINNAS WINTERPRO TOUCHSCREEN NR.10"}]},{"@type":"WebSite","@id":"https:\/\/espak.ee\/epood\/#website","url":"https:\/\/espak.ee\/epood\/","name":"Espak E-pood","description":"","potentialAction":[{"@type":"SearchAction","target":{"@type":"EntryPoint","urlTemplate":"https:\/\/espak.ee\/epood\/?s={search_term_string}"},"query-input":{"@type":"PropertyValueSpecification","valueRequired":true,"valueName":"search_term_string"}}],"inLanguage":"et"}]}},"_links":{"self":[{"href":"https:\/\/espak.ee\/epood\/wp-json\/wp\/v2\/product\/252451","targetHints":{"allow":["GET"]}}],"collection":[{"href":"https:\/\/espak.ee\/epood\/wp-json\/wp\/v2\/product"}],"about":[{"href":"https:\/\/espak.ee\/epood\/wp-json\/wp\/v2\/types\/product"}],"replies":[{"embeddable":true,"href":"https:\/\/espak.ee\/epood\/wp-json\/wp\/v2\/comments?post=252451"}],"wp:featuredmedia":[{"embeddable":true,"href":"https:\/\/espak.ee\/epood\/wp-json\/wp\/v2\/media\/252557"}],"wp:attachment":[{"href":"https:\/\/espak.ee\/epood\/wp-json\/wp\/v2\/media?parent=252451"}],"wp:term":[{"taxonomy":"product_brand","embeddable":true,"href":"https:\/\/espak.ee\/epood\/wp-json\/wp\/v2\/product_brand?post=252451"},{"taxonomy":"product_cat","embeddable":true,"href":"https:\/\/espak.ee\/epood\/wp-json\/wp\/v2\/product_cat?post=252451"},{"taxonomy":"product_tag","embeddable":true,"href":"https:\/\/espak.ee\/epood\/wp-json\/wp\/v2\/product_tag?post=252451"}],"curies":[{"name":"wp","href":"https:\/\/api.w.org\/{rel}","templated":true}]}}