{"id":251822,"date":"2025-10-07T05:10:01","date_gmt":"2025-10-07T02:10:01","guid":{"rendered":"https:\/\/espak.ee\/epood\/?post_type=product&#038;p=251822"},"modified":"2026-04-06T15:15:31","modified_gmt":"2026-04-06T12:15:31","slug":"sds-plus-pikenduse-adapter-130011","status":"publish","type":"product","link":"https:\/\/espak.ee\/epood\/toode\/sds-plus-pikenduse-adapter-130011\/","title":{"rendered":"SDS PLUS PIKENDUSE ADAPTER 130011"},"content":{"rendered":"<div class=\"row\"  id=\"row-1567888793\">\n\n\t<div id=\"col-1115377269\" class=\"col medium-9 small-12 large-9\"  >\n\t\t\t\t<div class=\"col-inner\"  >\n\t\t\t\n\t\t\t\n<h3>SDS Plus pikenduse adapter Tamo<\/h3>\n<p>TAMO SDS Plus pikenduse adapter on oluline lisadetail k\u00f5igile, kes vajavad puurimist\u00f6\u00f6deks lisapikkust. See k\u00f5rgekvaliteediline adapter v\u00f5imaldab puurida pikemalt kauguselt v\u00f5i raskesti ligip\u00e4\u00e4setavates kohtades. \u00dchildub 250 mm v\u00f5i 500 mm SDS Plus pikendustega.\n <\/p>\n\t\t<\/div>\n\t\t\t\t\t<\/div>\n\n\t\n\n\t<div id=\"col-1839813926\" class=\"col medium-3 small-12 large-3\"  >\n\t\t\t\t<div class=\"col-inner\"  >\n\t\t\t\n\t\t\t\n\t<div id=\"gap-1499771866\" class=\"gap-element clearfix\" style=\"display:block; height:auto;\">\n\t\t\n<style>\n#gap-1499771866 {\n  padding-top: 30px;\n}\n<\/style>\n\t<\/div>\n\t\n<img decoding=\"async\" src=\"https:\/\/espak.ee\/epood\/wp-content\/uploads\/2021\/08\/TamoProfessional-scaled.jpg\" alt=\"\" width=\"2048\" height=\"838\" class=\"alignnone size-full wp-image-91725\" srcset=\"https:\/\/espak.ee\/epood\/wp-content\/uploads\/2021\/08\/TamoProfessional-scaled.jpg 2048w, https:\/\/espak.ee\/epood\/wp-content\/uploads\/2021\/08\/TamoProfessional-scaled-500x205.jpg 500w, https:\/\/espak.ee\/epood\/wp-content\/uploads\/2021\/08\/TamoProfessional-scaled-769x315.jpg 769w, https:\/\/espak.ee\/epood\/wp-content\/uploads\/2021\/08\/TamoProfessional-300x123.jpg 300w, https:\/\/espak.ee\/epood\/wp-content\/uploads\/2021\/08\/TamoProfessional-1024x419.jpg 1024w, https:\/\/espak.ee\/epood\/wp-content\/uploads\/2021\/08\/TamoProfessional-150x61.jpg 150w, https:\/\/espak.ee\/epood\/wp-content\/uploads\/2021\/08\/TamoProfessional-768x314.jpg 768w, https:\/\/espak.ee\/epood\/wp-content\/uploads\/2021\/08\/TamoProfessional-1536x629.jpg 1536w\" sizes=\"(max-width: 2048px) 100vw, 2048px\" \/><\/p>\n<div class=\"is-divider divider clearfix\" ><\/div>\n<p><strong>\u00dcksikasjalikuma n\u00f5u saamiseks v\u00f5tke \u00fchendust:<br \/><\/strong>Espak AS<br \/>Viadukti 42<br \/>11313<br \/>Tallinn<br \/> T\u00f6\u00f6riista osakond +372 6512 335<br \/><a href=\"mailto:tooriist@espak.ee\">tooriist@espak.ee<\/a><\/p>\n\t\t<\/div>\n\t\t\t\t\t<\/div>\n\n\t\n<\/div>\n","protected":false},"excerpt":{"rendered":"","protected":false},"featured_media":251844,"comment_status":"closed","ping_status":"closed","template":"","meta":[],"product_brand":[],"product_cat":[3415,3091,2679,2951],"product_tag":[],"class_list":{"0":"post-251822","1":"product","2":"type-product","3":"status-publish","4":"has-post-thumbnail","6":"product_cat-kivipuurid-ja-meislid-sds-plus","7":"product_cat-puurid","8":"product_cat-tooriistad","9":"product_cat-tooriistatarvikud","10":"pa_kaubamark-tamoline","12":"first","13":"outofstock","14":"sale","15":"taxable","16":"shipping-taxable","17":"purchasable","18":"product-type-simple"},"yoast_head":"<!-- This site is optimized with the Yoast SEO plugin v26.9 - https:\/\/yoast.com\/product\/yoast-seo-wordpress\/ -->\n<title>SDS PLUS PIKENDUSE ADAPTER 130011 - Espak E-pood<\/title>\n<meta name=\"robots\" content=\"index, follow, max-snippet:-1, max-image-preview:large, max-video-preview:-1\" \/>\n<link rel=\"canonical\" href=\"https:\/\/espak.ee\/epood\/toode\/sds-plus-pikenduse-adapter-130011\/\" \/>\n<meta property=\"og:locale\" content=\"et_EE\" \/>\n<meta property=\"og:type\" content=\"article\" \/>\n<meta property=\"og:title\" content=\"SDS PLUS PIKENDUSE ADAPTER 130011 - Espak E-pood\" \/>\n<meta property=\"og:url\" content=\"https:\/\/espak.ee\/epood\/toode\/sds-plus-pikenduse-adapter-130011\/\" \/>\n<meta property=\"og:site_name\" content=\"Espak E-pood\" \/>\n<meta property=\"article:modified_time\" content=\"2026-04-06T12:15:31+00:00\" \/>\n<meta property=\"og:image\" content=\"https:\/\/espak.ee\/epood\/wp-content\/uploads\/2025\/10\/130011-9.jpg\" \/>\n\t<meta property=\"og:image:width\" content=\"1000\" \/>\n\t<meta property=\"og:image:height\" content=\"1000\" \/>\n\t<meta property=\"og:image:type\" content=\"image\/jpeg\" \/>\n<meta name=\"twitter:card\" content=\"summary_large_image\" \/>\n<script type=\"application\/ld+json\" class=\"yoast-schema-graph\">{\"@context\":\"https:\/\/schema.org\",\"@graph\":[{\"@type\":\"WebPage\",\"@id\":\"https:\/\/espak.ee\/epood\/toode\/sds-plus-pikenduse-adapter-130011\/\",\"url\":\"https:\/\/espak.ee\/epood\/toode\/sds-plus-pikenduse-adapter-130011\/\",\"name\":\"SDS PLUS PIKENDUSE ADAPTER 130011 - Espak E-pood\",\"isPartOf\":{\"@id\":\"https:\/\/espak.ee\/epood\/#website\"},\"primaryImageOfPage\":{\"@id\":\"https:\/\/espak.ee\/epood\/toode\/sds-plus-pikenduse-adapter-130011\/#primaryimage\"},\"image\":{\"@id\":\"https:\/\/espak.ee\/epood\/toode\/sds-plus-pikenduse-adapter-130011\/#primaryimage\"},\"thumbnailUrl\":\"https:\/\/espak.ee\/epood\/wp-content\/uploads\/2025\/10\/130011-9.jpg\",\"datePublished\":\"2025-10-07T02:10:01+00:00\",\"dateModified\":\"2026-04-06T12:15:31+00:00\",\"breadcrumb\":{\"@id\":\"https:\/\/espak.ee\/epood\/toode\/sds-plus-pikenduse-adapter-130011\/#breadcrumb\"},\"inLanguage\":\"et\",\"potentialAction\":[{\"@type\":\"ReadAction\",\"target\":[\"https:\/\/espak.ee\/epood\/toode\/sds-plus-pikenduse-adapter-130011\/\"]}]},{\"@type\":\"ImageObject\",\"inLanguage\":\"et\",\"@id\":\"https:\/\/espak.ee\/epood\/toode\/sds-plus-pikenduse-adapter-130011\/#primaryimage\",\"url\":\"https:\/\/espak.ee\/epood\/wp-content\/uploads\/2025\/10\/130011-9.jpg\",\"contentUrl\":\"https:\/\/espak.ee\/epood\/wp-content\/uploads\/2025\/10\/130011-9.jpg\",\"width\":1000,\"height\":1000},{\"@type\":\"BreadcrumbList\",\"@id\":\"https:\/\/espak.ee\/epood\/toode\/sds-plus-pikenduse-adapter-130011\/#breadcrumb\",\"itemListElement\":[{\"@type\":\"ListItem\",\"position\":1,\"name\":\"Home\",\"item\":\"https:\/\/espak.ee\/epood\/\"},{\"@type\":\"ListItem\",\"position\":2,\"name\":\"Tootevalik\",\"item\":\"https:\/\/espak.ee\/epood\/tootevalik\/\"},{\"@type\":\"ListItem\",\"position\":3,\"name\":\"SDS PLUS PIKENDUSE ADAPTER 130011\"}]},{\"@type\":\"WebSite\",\"@id\":\"https:\/\/espak.ee\/epood\/#website\",\"url\":\"https:\/\/espak.ee\/epood\/\",\"name\":\"Espak E-pood\",\"description\":\"\",\"potentialAction\":[{\"@type\":\"SearchAction\",\"target\":{\"@type\":\"EntryPoint\",\"urlTemplate\":\"https:\/\/espak.ee\/epood\/?s={search_term_string}\"},\"query-input\":{\"@type\":\"PropertyValueSpecification\",\"valueRequired\":true,\"valueName\":\"search_term_string\"}}],\"inLanguage\":\"et\"}]}<\/script>\n<!-- \/ Yoast SEO plugin. -->","yoast_head_json":{"title":"SDS PLUS PIKENDUSE ADAPTER 130011 - Espak E-pood","robots":{"index":"index","follow":"follow","max-snippet":"max-snippet:-1","max-image-preview":"max-image-preview:large","max-video-preview":"max-video-preview:-1"},"canonical":"https:\/\/espak.ee\/epood\/toode\/sds-plus-pikenduse-adapter-130011\/","og_locale":"et_EE","og_type":"article","og_title":"SDS PLUS PIKENDUSE ADAPTER 130011 - Espak E-pood","og_url":"https:\/\/espak.ee\/epood\/toode\/sds-plus-pikenduse-adapter-130011\/","og_site_name":"Espak E-pood","article_modified_time":"2026-04-06T12:15:31+00:00","og_image":[{"width":1000,"height":1000,"url":"https:\/\/espak.ee\/epood\/wp-content\/uploads\/2025\/10\/130011-9.jpg","type":"image\/jpeg"}],"twitter_card":"summary_large_image","schema":{"@context":"https:\/\/schema.org","@graph":[{"@type":"WebPage","@id":"https:\/\/espak.ee\/epood\/toode\/sds-plus-pikenduse-adapter-130011\/","url":"https:\/\/espak.ee\/epood\/toode\/sds-plus-pikenduse-adapter-130011\/","name":"SDS PLUS PIKENDUSE ADAPTER 130011 - Espak E-pood","isPartOf":{"@id":"https:\/\/espak.ee\/epood\/#website"},"primaryImageOfPage":{"@id":"https:\/\/espak.ee\/epood\/toode\/sds-plus-pikenduse-adapter-130011\/#primaryimage"},"image":{"@id":"https:\/\/espak.ee\/epood\/toode\/sds-plus-pikenduse-adapter-130011\/#primaryimage"},"thumbnailUrl":"https:\/\/espak.ee\/epood\/wp-content\/uploads\/2025\/10\/130011-9.jpg","datePublished":"2025-10-07T02:10:01+00:00","dateModified":"2026-04-06T12:15:31+00:00","breadcrumb":{"@id":"https:\/\/espak.ee\/epood\/toode\/sds-plus-pikenduse-adapter-130011\/#breadcrumb"},"inLanguage":"et","potentialAction":[{"@type":"ReadAction","target":["https:\/\/espak.ee\/epood\/toode\/sds-plus-pikenduse-adapter-130011\/"]}]},{"@type":"ImageObject","inLanguage":"et","@id":"https:\/\/espak.ee\/epood\/toode\/sds-plus-pikenduse-adapter-130011\/#primaryimage","url":"https:\/\/espak.ee\/epood\/wp-content\/uploads\/2025\/10\/130011-9.jpg","contentUrl":"https:\/\/espak.ee\/epood\/wp-content\/uploads\/2025\/10\/130011-9.jpg","width":1000,"height":1000},{"@type":"BreadcrumbList","@id":"https:\/\/espak.ee\/epood\/toode\/sds-plus-pikenduse-adapter-130011\/#breadcrumb","itemListElement":[{"@type":"ListItem","position":1,"name":"Home","item":"https:\/\/espak.ee\/epood\/"},{"@type":"ListItem","position":2,"name":"Tootevalik","item":"https:\/\/espak.ee\/epood\/tootevalik\/"},{"@type":"ListItem","position":3,"name":"SDS PLUS PIKENDUSE ADAPTER 130011"}]},{"@type":"WebSite","@id":"https:\/\/espak.ee\/epood\/#website","url":"https:\/\/espak.ee\/epood\/","name":"Espak E-pood","description":"","potentialAction":[{"@type":"SearchAction","target":{"@type":"EntryPoint","urlTemplate":"https:\/\/espak.ee\/epood\/?s={search_term_string}"},"query-input":{"@type":"PropertyValueSpecification","valueRequired":true,"valueName":"search_term_string"}}],"inLanguage":"et"}]}},"_links":{"self":[{"href":"https:\/\/espak.ee\/epood\/wp-json\/wp\/v2\/product\/251822","targetHints":{"allow":["GET"]}}],"collection":[{"href":"https:\/\/espak.ee\/epood\/wp-json\/wp\/v2\/product"}],"about":[{"href":"https:\/\/espak.ee\/epood\/wp-json\/wp\/v2\/types\/product"}],"replies":[{"embeddable":true,"href":"https:\/\/espak.ee\/epood\/wp-json\/wp\/v2\/comments?post=251822"}],"wp:featuredmedia":[{"embeddable":true,"href":"https:\/\/espak.ee\/epood\/wp-json\/wp\/v2\/media\/251844"}],"wp:attachment":[{"href":"https:\/\/espak.ee\/epood\/wp-json\/wp\/v2\/media?parent=251822"}],"wp:term":[{"taxonomy":"product_brand","embeddable":true,"href":"https:\/\/espak.ee\/epood\/wp-json\/wp\/v2\/product_brand?post=251822"},{"taxonomy":"product_cat","embeddable":true,"href":"https:\/\/espak.ee\/epood\/wp-json\/wp\/v2\/product_cat?post=251822"},{"taxonomy":"product_tag","embeddable":true,"href":"https:\/\/espak.ee\/epood\/wp-json\/wp\/v2\/product_tag?post=251822"}],"curies":[{"name":"wp","href":"https:\/\/api.w.org\/{rel}","templated":true}]}}