{"id":251586,"date":"2025-10-04T05:10:41","date_gmt":"2025-10-04T02:10:41","guid":{"rendered":"https:\/\/espak.ee\/epood\/?post_type=product&#038;p=251586"},"modified":"2025-12-08T21:36:26","modified_gmt":"2025-12-08T19:36:26","slug":"led-pirn-akuga-e27-75w-4000k-806lm-2000mah","status":"publish","type":"product","link":"https:\/\/espak.ee\/epood\/toode\/led-pirn-akuga-e27-75w-4000k-806lm-2000mah\/","title":{"rendered":"LED PIRN AKUGA E27 7,5W 4000K 806LM 2000MAH"},"content":{"rendered":"<div class=\"row\"  id=\"row-1740363624\">\n\n\t<div id=\"col-1023071309\" class=\"col medium-9 small-12 large-9\"  >\n\t\t\t\t<div class=\"col-inner\"  >\n\t\t\t\n\t\t\t\n<h3>LED pirn akuga E27 7,5W 4000K 806lm 2000mAh<\/h3>\n<p>Akuga avariilampi v\u00f5ib kasutada nagu tavalist lambipirni, kuid voolukatkestuse korral annab sisseehitatud 2000mAh akuga lamp veel kuni 3 tunni jooksul valgust. Akuga avariilamp tagab valgustuse igal ajal ja igas kohas.<\/p>\n<p><strong>Laetav E27 pistikupesast:<\/strong> keerake lamp tavalisse E27 soklisse ja laske lambiakul laadida. Avariilampi v\u00f5ib kasutada ka tavalise lambipirni asemel! Laadimiseks keerake lamp E27 lambipessa v\u00e4hemalt 24 tunniks. Seej\u00e4rel \u00fchendage taas komplektis oleva riputatava kannaga. Kannal asuvat l\u00fclitit vajutades s\u00fcttib valgus. <\/p>\n<p><strong>Kauakestev aku:<\/strong> T\u00e4islaetud aku tagab teile kuni 3 tundi valgustust, v\u00f5imaldades teil nautida eredat ja \u00fchtlast valgust ka siis, kui voolukatkestus peaks tekkima.<\/p>\n<p><strong>Energias\u00e4\u00e4stlik LED-tehnoloogia: <\/strong>kasutusel olev LED-tehnoloogia tagab ereda ja selge valguse, tarbides samal ajal v\u00e4he energiat.<\/p>\n<p><strong>Mitmek\u00fclgne kasutus:<\/strong> Ideaalne lahendus nii kodudesse, kontoritesse kui ka v\u00e4listingimustesse (nt puukuuride, garaazide, keldrite, v\u00e4lik\u00e4imlate, \u00f5uek\u00f6\u00f6kide, matkaalade vms valgustamiseks)<\/p>\n<p><strong>Lihtne paigaldus:<\/strong> Keerake lamp tavalisse E27 pistikupesasse ja see ongi kasutusvalmis.<\/p>\n<p>4000K v\u00e4rvitemperatuur t\u00e4hendab loomulikku (neutraalset) valget valgust.<\/p>\n<p>Lampi saab kasutada ka riputatavast kannast eraldatult, hoides s\u00f5rme lambi alusel ja korpuse k\u00fcljes.<\/p>\n<p>T\u00f6\u00f6iga: 15000h<\/p>\n<p>Aku ei ole vahetatav.\n<\/p>\n\t<div id=\"gap-525664131\" class=\"gap-element clearfix\" style=\"display:block; height:auto;\">\n\t\t\n<style>\n#gap-525664131 {\n  padding-top: 30px;\n}\n<\/style>\n\t<\/div>\n\t\n\t\t<\/div>\n\t\t\t\t\t<\/div>\n\n\t\n\n\t<div id=\"col-1744457617\" class=\"col medium-3 small-12 large-3\"  >\n\t\t\t\t<div class=\"col-inner\"  >\n\t\t\t\n\t\t\t\n<div class=\"is-divider divider clearfix\" ><\/div>\n<p><strong>\u00dcksikasjalikuma n\u00f5u saamiseks v\u00f5tke \u00fchendust:<br \/><\/strong>Pureva O\u00dc<br \/>R\u00f6a k\u00fcla<br \/>79614<br \/>Rapla vald<br \/>+372 48 37 235<\/p>\n<div class=\"is-divider divider clearfix\" ><\/div>\n\t\t<\/div>\n\t\t\t\t\t<\/div>\n\n\t\n<\/div>\n","protected":false},"excerpt":{"rendered":"","protected":false},"featured_media":251717,"comment_status":"closed","ping_status":"closed","template":"","meta":[],"product_brand":[],"product_cat":[2934,3315,3314,2959],"product_tag":[],"class_list":{"0":"post-251586","1":"product","2":"type-product","3":"status-publish","4":"has-post-thumbnail","6":"product_cat-elektrikaubad-ja-valgustid","7":"product_cat-led-pirnid","8":"product_cat-valgusallikad","9":"product_cat-valgustid","11":"first","12":"instock","13":"sale","14":"taxable","15":"shipping-taxable","16":"purchasable","17":"product-type-simple"},"yoast_head":"<!-- This site is optimized with the Yoast SEO plugin v26.9 - https:\/\/yoast.com\/product\/yoast-seo-wordpress\/ -->\n<title>LED PIRN AKUGA E27 7,5W 4000K 806LM 2000MAH - Espak E-pood<\/title>\n<meta name=\"robots\" content=\"index, follow, max-snippet:-1, max-image-preview:large, max-video-preview:-1\" \/>\n<link rel=\"canonical\" href=\"https:\/\/espak.ee\/epood\/toode\/led-pirn-akuga-e27-75w-4000k-806lm-2000mah\/\" \/>\n<meta property=\"og:locale\" content=\"et_EE\" \/>\n<meta property=\"og:type\" content=\"article\" \/>\n<meta property=\"og:title\" content=\"LED PIRN AKUGA E27 7,5W 4000K 806LM 2000MAH - Espak E-pood\" \/>\n<meta property=\"og:url\" content=\"https:\/\/espak.ee\/epood\/toode\/led-pirn-akuga-e27-75w-4000k-806lm-2000mah\/\" \/>\n<meta property=\"og:site_name\" content=\"Espak E-pood\" \/>\n<meta property=\"article:modified_time\" content=\"2025-12-08T19:36:26+00:00\" \/>\n<meta property=\"og:image\" content=\"https:\/\/espak.ee\/epood\/wp-content\/uploads\/2025\/10\/5999574567130-3.jpg\" \/>\n\t<meta property=\"og:image:width\" content=\"1000\" \/>\n\t<meta property=\"og:image:height\" content=\"1000\" \/>\n\t<meta property=\"og:image:type\" content=\"image\/jpeg\" \/>\n<meta name=\"twitter:card\" content=\"summary_large_image\" \/>\n<meta name=\"twitter:label1\" content=\"Est. reading time\" \/>\n\t<meta name=\"twitter:data1\" content=\"1 minut\" \/>\n<script type=\"application\/ld+json\" class=\"yoast-schema-graph\">{\"@context\":\"https:\/\/schema.org\",\"@graph\":[{\"@type\":\"WebPage\",\"@id\":\"https:\/\/espak.ee\/epood\/toode\/led-pirn-akuga-e27-75w-4000k-806lm-2000mah\/\",\"url\":\"https:\/\/espak.ee\/epood\/toode\/led-pirn-akuga-e27-75w-4000k-806lm-2000mah\/\",\"name\":\"LED PIRN AKUGA E27 7,5W 4000K 806LM 2000MAH - Espak E-pood\",\"isPartOf\":{\"@id\":\"https:\/\/espak.ee\/epood\/#website\"},\"primaryImageOfPage\":{\"@id\":\"https:\/\/espak.ee\/epood\/toode\/led-pirn-akuga-e27-75w-4000k-806lm-2000mah\/#primaryimage\"},\"image\":{\"@id\":\"https:\/\/espak.ee\/epood\/toode\/led-pirn-akuga-e27-75w-4000k-806lm-2000mah\/#primaryimage\"},\"thumbnailUrl\":\"https:\/\/espak.ee\/epood\/wp-content\/uploads\/2025\/10\/5999574567130-3.jpg\",\"datePublished\":\"2025-10-04T02:10:41+00:00\",\"dateModified\":\"2025-12-08T19:36:26+00:00\",\"breadcrumb\":{\"@id\":\"https:\/\/espak.ee\/epood\/toode\/led-pirn-akuga-e27-75w-4000k-806lm-2000mah\/#breadcrumb\"},\"inLanguage\":\"et\",\"potentialAction\":[{\"@type\":\"ReadAction\",\"target\":[\"https:\/\/espak.ee\/epood\/toode\/led-pirn-akuga-e27-75w-4000k-806lm-2000mah\/\"]}]},{\"@type\":\"ImageObject\",\"inLanguage\":\"et\",\"@id\":\"https:\/\/espak.ee\/epood\/toode\/led-pirn-akuga-e27-75w-4000k-806lm-2000mah\/#primaryimage\",\"url\":\"https:\/\/espak.ee\/epood\/wp-content\/uploads\/2025\/10\/5999574567130-3.jpg\",\"contentUrl\":\"https:\/\/espak.ee\/epood\/wp-content\/uploads\/2025\/10\/5999574567130-3.jpg\",\"width\":1000,\"height\":1000},{\"@type\":\"BreadcrumbList\",\"@id\":\"https:\/\/espak.ee\/epood\/toode\/led-pirn-akuga-e27-75w-4000k-806lm-2000mah\/#breadcrumb\",\"itemListElement\":[{\"@type\":\"ListItem\",\"position\":1,\"name\":\"Home\",\"item\":\"https:\/\/espak.ee\/epood\/\"},{\"@type\":\"ListItem\",\"position\":2,\"name\":\"Tootevalik\",\"item\":\"https:\/\/espak.ee\/epood\/tootevalik\/\"},{\"@type\":\"ListItem\",\"position\":3,\"name\":\"LED PIRN AKUGA E27 7,5W 4000K 806LM 2000MAH\"}]},{\"@type\":\"WebSite\",\"@id\":\"https:\/\/espak.ee\/epood\/#website\",\"url\":\"https:\/\/espak.ee\/epood\/\",\"name\":\"Espak E-pood\",\"description\":\"\",\"potentialAction\":[{\"@type\":\"SearchAction\",\"target\":{\"@type\":\"EntryPoint\",\"urlTemplate\":\"https:\/\/espak.ee\/epood\/?s={search_term_string}\"},\"query-input\":{\"@type\":\"PropertyValueSpecification\",\"valueRequired\":true,\"valueName\":\"search_term_string\"}}],\"inLanguage\":\"et\"}]}<\/script>\n<!-- \/ Yoast SEO plugin. -->","yoast_head_json":{"title":"LED PIRN AKUGA E27 7,5W 4000K 806LM 2000MAH - Espak E-pood","robots":{"index":"index","follow":"follow","max-snippet":"max-snippet:-1","max-image-preview":"max-image-preview:large","max-video-preview":"max-video-preview:-1"},"canonical":"https:\/\/espak.ee\/epood\/toode\/led-pirn-akuga-e27-75w-4000k-806lm-2000mah\/","og_locale":"et_EE","og_type":"article","og_title":"LED PIRN AKUGA E27 7,5W 4000K 806LM 2000MAH - Espak E-pood","og_url":"https:\/\/espak.ee\/epood\/toode\/led-pirn-akuga-e27-75w-4000k-806lm-2000mah\/","og_site_name":"Espak E-pood","article_modified_time":"2025-12-08T19:36:26+00:00","og_image":[{"width":1000,"height":1000,"url":"https:\/\/espak.ee\/epood\/wp-content\/uploads\/2025\/10\/5999574567130-3.jpg","type":"image\/jpeg"}],"twitter_card":"summary_large_image","twitter_misc":{"Est. reading time":"1 minut"},"schema":{"@context":"https:\/\/schema.org","@graph":[{"@type":"WebPage","@id":"https:\/\/espak.ee\/epood\/toode\/led-pirn-akuga-e27-75w-4000k-806lm-2000mah\/","url":"https:\/\/espak.ee\/epood\/toode\/led-pirn-akuga-e27-75w-4000k-806lm-2000mah\/","name":"LED PIRN AKUGA E27 7,5W 4000K 806LM 2000MAH - Espak E-pood","isPartOf":{"@id":"https:\/\/espak.ee\/epood\/#website"},"primaryImageOfPage":{"@id":"https:\/\/espak.ee\/epood\/toode\/led-pirn-akuga-e27-75w-4000k-806lm-2000mah\/#primaryimage"},"image":{"@id":"https:\/\/espak.ee\/epood\/toode\/led-pirn-akuga-e27-75w-4000k-806lm-2000mah\/#primaryimage"},"thumbnailUrl":"https:\/\/espak.ee\/epood\/wp-content\/uploads\/2025\/10\/5999574567130-3.jpg","datePublished":"2025-10-04T02:10:41+00:00","dateModified":"2025-12-08T19:36:26+00:00","breadcrumb":{"@id":"https:\/\/espak.ee\/epood\/toode\/led-pirn-akuga-e27-75w-4000k-806lm-2000mah\/#breadcrumb"},"inLanguage":"et","potentialAction":[{"@type":"ReadAction","target":["https:\/\/espak.ee\/epood\/toode\/led-pirn-akuga-e27-75w-4000k-806lm-2000mah\/"]}]},{"@type":"ImageObject","inLanguage":"et","@id":"https:\/\/espak.ee\/epood\/toode\/led-pirn-akuga-e27-75w-4000k-806lm-2000mah\/#primaryimage","url":"https:\/\/espak.ee\/epood\/wp-content\/uploads\/2025\/10\/5999574567130-3.jpg","contentUrl":"https:\/\/espak.ee\/epood\/wp-content\/uploads\/2025\/10\/5999574567130-3.jpg","width":1000,"height":1000},{"@type":"BreadcrumbList","@id":"https:\/\/espak.ee\/epood\/toode\/led-pirn-akuga-e27-75w-4000k-806lm-2000mah\/#breadcrumb","itemListElement":[{"@type":"ListItem","position":1,"name":"Home","item":"https:\/\/espak.ee\/epood\/"},{"@type":"ListItem","position":2,"name":"Tootevalik","item":"https:\/\/espak.ee\/epood\/tootevalik\/"},{"@type":"ListItem","position":3,"name":"LED PIRN AKUGA E27 7,5W 4000K 806LM 2000MAH"}]},{"@type":"WebSite","@id":"https:\/\/espak.ee\/epood\/#website","url":"https:\/\/espak.ee\/epood\/","name":"Espak E-pood","description":"","potentialAction":[{"@type":"SearchAction","target":{"@type":"EntryPoint","urlTemplate":"https:\/\/espak.ee\/epood\/?s={search_term_string}"},"query-input":{"@type":"PropertyValueSpecification","valueRequired":true,"valueName":"search_term_string"}}],"inLanguage":"et"}]}},"_links":{"self":[{"href":"https:\/\/espak.ee\/epood\/wp-json\/wp\/v2\/product\/251586","targetHints":{"allow":["GET"]}}],"collection":[{"href":"https:\/\/espak.ee\/epood\/wp-json\/wp\/v2\/product"}],"about":[{"href":"https:\/\/espak.ee\/epood\/wp-json\/wp\/v2\/types\/product"}],"replies":[{"embeddable":true,"href":"https:\/\/espak.ee\/epood\/wp-json\/wp\/v2\/comments?post=251586"}],"wp:featuredmedia":[{"embeddable":true,"href":"https:\/\/espak.ee\/epood\/wp-json\/wp\/v2\/media\/251717"}],"wp:attachment":[{"href":"https:\/\/espak.ee\/epood\/wp-json\/wp\/v2\/media?parent=251586"}],"wp:term":[{"taxonomy":"product_brand","embeddable":true,"href":"https:\/\/espak.ee\/epood\/wp-json\/wp\/v2\/product_brand?post=251586"},{"taxonomy":"product_cat","embeddable":true,"href":"https:\/\/espak.ee\/epood\/wp-json\/wp\/v2\/product_cat?post=251586"},{"taxonomy":"product_tag","embeddable":true,"href":"https:\/\/espak.ee\/epood\/wp-json\/wp\/v2\/product_tag?post=251586"}],"curies":[{"name":"wp","href":"https:\/\/api.w.org\/{rel}","templated":true}]}}