{"id":251584,"date":"2025-10-04T05:10:41","date_gmt":"2025-10-04T02:10:41","guid":{"rendered":"https:\/\/espak.ee\/epood\/?post_type=product&#038;p=251584"},"modified":"2026-03-21T09:44:04","modified_gmt":"2026-03-21T07:44:04","slug":"looduslik-valipuhastusvahend-woodcare-guide-biozyme-25l","status":"publish","type":"product","link":"https:\/\/espak.ee\/epood\/toode\/looduslik-valipuhastusvahend-woodcare-guide-biozyme-25l\/","title":{"rendered":"LOODUSLIK V\u00c4LIPUHASTUSVAHEND WOODCARE GUIDE BIOZYME 2,5L"},"content":{"rendered":"<div class=\"row\"  id=\"row-1928348166\">\n\n\t<div id=\"col-325125751\" class=\"col medium-9 small-12 large-9\"  >\n\t\t\t\t<div class=\"col-inner\"  >\n\t\t\t\n\t\t\t\n<h3>Looduslik v\u00e4lipuhastusvahend WOODCARE GUIDE BioZyme\u2122 2,5L<\/h3>\n<p>V\u00e4lispindade puhastusaine on bioloogilisel ens\u00fc\u00fcmil p\u00f5hinev puhastusvahend, mis on ideaalne erinevate v\u00e4listingimustes olevate puitpindade puhastamiseks.<br \/>\nSee lagundab t\u00f5husalt mustuse ja saasteained, tagades pikaajalise puhtuse ka puidul, tellisel, betoonil ja v\u00e4rvitud pindadel.<\/p>\n<p><strong>Kasutamine:<\/strong><br \/>\nSega 1:5 veega, kanna peale pihustiga kuivadele v\u00f5i niisketele pindadele.<br \/>\nRaske mustuse korral aitab pehme hari.<br \/>\nTulemused ilmnevad n\u00e4dalate jooksul v\u00f5i loputa kiiremaks puhastuseks.<\/p>\n<p><strong>Ettevaatusabin\u00f5ud:<\/strong><br \/>\nKasuta \u00fcle +8c ja eemale otsesest p\u00e4ikesevalgusest.<br \/>\nHoia pind 24tundi peale pealekandmist kuivana.<br \/>\nTesti v\u00e4ikesel alal esmalt; ajutine v\u00e4rvimuutus v\u00f5ib kaduda.<\/p>\n\t<div id=\"gap-852526409\" class=\"gap-element clearfix\" style=\"display:block; height:auto;\">\n\t\t\n<style>\n#gap-852526409 {\n  padding-top: 30px;\n}\n<\/style>\n\t<\/div>\n\t\n\t\t<\/div>\n\t\t\t\t\t<\/div>\n\n\t\n\n\t<div id=\"col-48223035\" class=\"col medium-3 small-12 large-3\"  >\n\t\t\t\t<div class=\"col-inner\"  >\n\t\t\t\n\t\t\t\n<div class=\"is-divider divider clearfix\" ><\/div>\n<p><strong>\u00dcksikasjalikuma n\u00f5u saamiseks v\u00f5tke \u00fchendust:<br \/><\/strong>Pureva O\u00dc<br \/>R\u00f6a k\u00fcla<br \/>79614<br \/>Rapla vald<br \/>+372 48 37 235<\/p>\n<div class=\"is-divider divider clearfix\" ><\/div>\n\t\t<\/div>\n\t\t\t\t\t<\/div>\n\n\t\n<\/div>\n","protected":false},"excerpt":{"rendered":"","protected":false},"featured_media":251681,"comment_status":"closed","ping_status":"closed","template":"","meta":[],"product_brand":[],"product_cat":[2691,3441,2684,2683],"product_tag":[],"class_list":{"0":"post-251584","1":"product","2":"type-product","3":"status-publish","4":"has-post-thumbnail","6":"product_cat-lahustid","7":"product_cat-lahustid-ja-pesuained","8":"product_cat-varvid-lakid-lahustid-puidukaitsed-olid","9":"product_cat-viimistluskaubad","10":"product_shipping_class-dpd-cold","11":"pa_kaubamark-pureva-ou","13":"first","14":"instock","15":"sale","16":"taxable","17":"shipping-taxable","18":"purchasable","19":"product-type-simple"},"yoast_head":"<!-- This site is optimized with the Yoast SEO plugin v26.9 - https:\/\/yoast.com\/product\/yoast-seo-wordpress\/ -->\n<title>LOODUSLIK V\u00c4LIPUHASTUSVAHEND WOODCARE GUIDE BIOZYME 2,5L - Espak E-pood<\/title>\n<meta name=\"robots\" content=\"index, follow, max-snippet:-1, max-image-preview:large, max-video-preview:-1\" \/>\n<link rel=\"canonical\" href=\"https:\/\/espak.ee\/epood\/toode\/looduslik-valipuhastusvahend-woodcare-guide-biozyme-25l\/\" \/>\n<meta property=\"og:locale\" content=\"et_EE\" \/>\n<meta property=\"og:type\" content=\"article\" \/>\n<meta property=\"og:title\" content=\"LOODUSLIK V\u00c4LIPUHASTUSVAHEND WOODCARE GUIDE BIOZYME 2,5L - Espak E-pood\" \/>\n<meta property=\"og:url\" content=\"https:\/\/espak.ee\/epood\/toode\/looduslik-valipuhastusvahend-woodcare-guide-biozyme-25l\/\" \/>\n<meta property=\"og:site_name\" content=\"Espak E-pood\" \/>\n<meta property=\"article:modified_time\" content=\"2026-03-21T07:44:04+00:00\" \/>\n<meta property=\"og:image\" content=\"https:\/\/espak.ee\/epood\/wp-content\/uploads\/2025\/10\/6418091101140.png.jpg\" \/>\n\t<meta property=\"og:image:width\" content=\"1000\" \/>\n\t<meta property=\"og:image:height\" content=\"1000\" \/>\n\t<meta property=\"og:image:type\" content=\"image\/jpeg\" \/>\n<meta name=\"twitter:card\" content=\"summary_large_image\" \/>\n<meta name=\"twitter:label1\" content=\"Est. reading time\" \/>\n\t<meta name=\"twitter:data1\" content=\"1 minut\" \/>\n<script type=\"application\/ld+json\" class=\"yoast-schema-graph\">{\"@context\":\"https:\/\/schema.org\",\"@graph\":[{\"@type\":\"WebPage\",\"@id\":\"https:\/\/espak.ee\/epood\/toode\/looduslik-valipuhastusvahend-woodcare-guide-biozyme-25l\/\",\"url\":\"https:\/\/espak.ee\/epood\/toode\/looduslik-valipuhastusvahend-woodcare-guide-biozyme-25l\/\",\"name\":\"LOODUSLIK V\u00c4LIPUHASTUSVAHEND WOODCARE GUIDE BIOZYME 2,5L - Espak E-pood\",\"isPartOf\":{\"@id\":\"https:\/\/espak.ee\/epood\/#website\"},\"primaryImageOfPage\":{\"@id\":\"https:\/\/espak.ee\/epood\/toode\/looduslik-valipuhastusvahend-woodcare-guide-biozyme-25l\/#primaryimage\"},\"image\":{\"@id\":\"https:\/\/espak.ee\/epood\/toode\/looduslik-valipuhastusvahend-woodcare-guide-biozyme-25l\/#primaryimage\"},\"thumbnailUrl\":\"https:\/\/espak.ee\/epood\/wp-content\/uploads\/2025\/10\/6418091101140.png.jpg\",\"datePublished\":\"2025-10-04T02:10:41+00:00\",\"dateModified\":\"2026-03-21T07:44:04+00:00\",\"breadcrumb\":{\"@id\":\"https:\/\/espak.ee\/epood\/toode\/looduslik-valipuhastusvahend-woodcare-guide-biozyme-25l\/#breadcrumb\"},\"inLanguage\":\"et\",\"potentialAction\":[{\"@type\":\"ReadAction\",\"target\":[\"https:\/\/espak.ee\/epood\/toode\/looduslik-valipuhastusvahend-woodcare-guide-biozyme-25l\/\"]}]},{\"@type\":\"ImageObject\",\"inLanguage\":\"et\",\"@id\":\"https:\/\/espak.ee\/epood\/toode\/looduslik-valipuhastusvahend-woodcare-guide-biozyme-25l\/#primaryimage\",\"url\":\"https:\/\/espak.ee\/epood\/wp-content\/uploads\/2025\/10\/6418091101140.png.jpg\",\"contentUrl\":\"https:\/\/espak.ee\/epood\/wp-content\/uploads\/2025\/10\/6418091101140.png.jpg\",\"width\":1000,\"height\":1000},{\"@type\":\"BreadcrumbList\",\"@id\":\"https:\/\/espak.ee\/epood\/toode\/looduslik-valipuhastusvahend-woodcare-guide-biozyme-25l\/#breadcrumb\",\"itemListElement\":[{\"@type\":\"ListItem\",\"position\":1,\"name\":\"Home\",\"item\":\"https:\/\/espak.ee\/epood\/\"},{\"@type\":\"ListItem\",\"position\":2,\"name\":\"Tootevalik\",\"item\":\"https:\/\/espak.ee\/epood\/tootevalik\/\"},{\"@type\":\"ListItem\",\"position\":3,\"name\":\"LOODUSLIK V\u00c4LIPUHASTUSVAHEND WOODCARE GUIDE BIOZYME 2,5L\"}]},{\"@type\":\"WebSite\",\"@id\":\"https:\/\/espak.ee\/epood\/#website\",\"url\":\"https:\/\/espak.ee\/epood\/\",\"name\":\"Espak E-pood\",\"description\":\"\",\"potentialAction\":[{\"@type\":\"SearchAction\",\"target\":{\"@type\":\"EntryPoint\",\"urlTemplate\":\"https:\/\/espak.ee\/epood\/?s={search_term_string}\"},\"query-input\":{\"@type\":\"PropertyValueSpecification\",\"valueRequired\":true,\"valueName\":\"search_term_string\"}}],\"inLanguage\":\"et\"}]}<\/script>\n<!-- \/ Yoast SEO plugin. -->","yoast_head_json":{"title":"LOODUSLIK V\u00c4LIPUHASTUSVAHEND WOODCARE GUIDE BIOZYME 2,5L - Espak E-pood","robots":{"index":"index","follow":"follow","max-snippet":"max-snippet:-1","max-image-preview":"max-image-preview:large","max-video-preview":"max-video-preview:-1"},"canonical":"https:\/\/espak.ee\/epood\/toode\/looduslik-valipuhastusvahend-woodcare-guide-biozyme-25l\/","og_locale":"et_EE","og_type":"article","og_title":"LOODUSLIK V\u00c4LIPUHASTUSVAHEND WOODCARE GUIDE BIOZYME 2,5L - Espak E-pood","og_url":"https:\/\/espak.ee\/epood\/toode\/looduslik-valipuhastusvahend-woodcare-guide-biozyme-25l\/","og_site_name":"Espak E-pood","article_modified_time":"2026-03-21T07:44:04+00:00","og_image":[{"width":1000,"height":1000,"url":"https:\/\/espak.ee\/epood\/wp-content\/uploads\/2025\/10\/6418091101140.png.jpg","type":"image\/jpeg"}],"twitter_card":"summary_large_image","twitter_misc":{"Est. reading time":"1 minut"},"schema":{"@context":"https:\/\/schema.org","@graph":[{"@type":"WebPage","@id":"https:\/\/espak.ee\/epood\/toode\/looduslik-valipuhastusvahend-woodcare-guide-biozyme-25l\/","url":"https:\/\/espak.ee\/epood\/toode\/looduslik-valipuhastusvahend-woodcare-guide-biozyme-25l\/","name":"LOODUSLIK V\u00c4LIPUHASTUSVAHEND WOODCARE GUIDE BIOZYME 2,5L - Espak E-pood","isPartOf":{"@id":"https:\/\/espak.ee\/epood\/#website"},"primaryImageOfPage":{"@id":"https:\/\/espak.ee\/epood\/toode\/looduslik-valipuhastusvahend-woodcare-guide-biozyme-25l\/#primaryimage"},"image":{"@id":"https:\/\/espak.ee\/epood\/toode\/looduslik-valipuhastusvahend-woodcare-guide-biozyme-25l\/#primaryimage"},"thumbnailUrl":"https:\/\/espak.ee\/epood\/wp-content\/uploads\/2025\/10\/6418091101140.png.jpg","datePublished":"2025-10-04T02:10:41+00:00","dateModified":"2026-03-21T07:44:04+00:00","breadcrumb":{"@id":"https:\/\/espak.ee\/epood\/toode\/looduslik-valipuhastusvahend-woodcare-guide-biozyme-25l\/#breadcrumb"},"inLanguage":"et","potentialAction":[{"@type":"ReadAction","target":["https:\/\/espak.ee\/epood\/toode\/looduslik-valipuhastusvahend-woodcare-guide-biozyme-25l\/"]}]},{"@type":"ImageObject","inLanguage":"et","@id":"https:\/\/espak.ee\/epood\/toode\/looduslik-valipuhastusvahend-woodcare-guide-biozyme-25l\/#primaryimage","url":"https:\/\/espak.ee\/epood\/wp-content\/uploads\/2025\/10\/6418091101140.png.jpg","contentUrl":"https:\/\/espak.ee\/epood\/wp-content\/uploads\/2025\/10\/6418091101140.png.jpg","width":1000,"height":1000},{"@type":"BreadcrumbList","@id":"https:\/\/espak.ee\/epood\/toode\/looduslik-valipuhastusvahend-woodcare-guide-biozyme-25l\/#breadcrumb","itemListElement":[{"@type":"ListItem","position":1,"name":"Home","item":"https:\/\/espak.ee\/epood\/"},{"@type":"ListItem","position":2,"name":"Tootevalik","item":"https:\/\/espak.ee\/epood\/tootevalik\/"},{"@type":"ListItem","position":3,"name":"LOODUSLIK V\u00c4LIPUHASTUSVAHEND WOODCARE GUIDE BIOZYME 2,5L"}]},{"@type":"WebSite","@id":"https:\/\/espak.ee\/epood\/#website","url":"https:\/\/espak.ee\/epood\/","name":"Espak E-pood","description":"","potentialAction":[{"@type":"SearchAction","target":{"@type":"EntryPoint","urlTemplate":"https:\/\/espak.ee\/epood\/?s={search_term_string}"},"query-input":{"@type":"PropertyValueSpecification","valueRequired":true,"valueName":"search_term_string"}}],"inLanguage":"et"}]}},"_links":{"self":[{"href":"https:\/\/espak.ee\/epood\/wp-json\/wp\/v2\/product\/251584","targetHints":{"allow":["GET"]}}],"collection":[{"href":"https:\/\/espak.ee\/epood\/wp-json\/wp\/v2\/product"}],"about":[{"href":"https:\/\/espak.ee\/epood\/wp-json\/wp\/v2\/types\/product"}],"replies":[{"embeddable":true,"href":"https:\/\/espak.ee\/epood\/wp-json\/wp\/v2\/comments?post=251584"}],"wp:featuredmedia":[{"embeddable":true,"href":"https:\/\/espak.ee\/epood\/wp-json\/wp\/v2\/media\/251681"}],"wp:attachment":[{"href":"https:\/\/espak.ee\/epood\/wp-json\/wp\/v2\/media?parent=251584"}],"wp:term":[{"taxonomy":"product_brand","embeddable":true,"href":"https:\/\/espak.ee\/epood\/wp-json\/wp\/v2\/product_brand?post=251584"},{"taxonomy":"product_cat","embeddable":true,"href":"https:\/\/espak.ee\/epood\/wp-json\/wp\/v2\/product_cat?post=251584"},{"taxonomy":"product_tag","embeddable":true,"href":"https:\/\/espak.ee\/epood\/wp-json\/wp\/v2\/product_tag?post=251584"}],"curies":[{"name":"wp","href":"https:\/\/api.w.org\/{rel}","templated":true}]}}