{"id":251547,"date":"2025-10-04T05:10:02","date_gmt":"2025-10-04T02:10:02","guid":{"rendered":"https:\/\/espak.ee\/epood\/?post_type=product&#038;p=251547"},"modified":"2026-03-21T09:53:44","modified_gmt":"2026-03-21T07:53:44","slug":"linaseemneoli-woodcare-guide-250ml-labipaistev","status":"publish","type":"product","link":"https:\/\/espak.ee\/epood\/toode\/linaseemneoli-woodcare-guide-250ml-labipaistev\/","title":{"rendered":"LINASEEMNE\u00d5LI WOODCARE GUIDE 250ML L\u00c4BIPAISTEV"},"content":{"rendered":"<div class=\"row\"  id=\"row-1141540574\">\n\n\t<div id=\"col-1491471017\" class=\"col medium-9 small-12 large-9\"  >\n\t\t\t\t<div class=\"col-inner\"  >\n\t\t\t\n\t\t\t\n<h3>Linaseemne\u00f5li WOODCARE GUIDE 250ml l\u00e4bipaistev<\/h3>\n<p>Linaseemne\u00f5li kasutatakse puidu t\u00f6\u00f6tlemiseks ja hooldamiseks. Linaseemne\u00f5li on ehtne k\u00fclmpressitud \u00f5li, mis on orgaaniline ja puidus h\u00e4sti imenduv.<\/p>\n<p>\u00d5li j\u00e4tab loomuliku viimistluse ja t\u00f5stab esile puidu algse struktuuri. Annab pinnale l\u00e4ikiva, p\u00fcsiva ja vastupidava pinna, mis kaitseb mustuse, niiskuse ja kuivamise eest. Heledamad puidud saavad helekollase v\u00e4rvi.<\/p>\n<p>Sobib palkseintele, paneelidele, p\u00f5randatele, m\u00f6\u00f6blile, m\u00e4nguasjadele, s\u00f6\u00f6gilaudadele, k\u00f6\u00f6gi t\u00f6\u00f6tasapindadele, l\u00f5ikelauadele ja nt puidust toidun\u00f5udele.<\/p>\n<p>Tund p\u00e4rast t\u00f6\u00f6tlemist tuleb pind poleerida.<\/p>\n<p><strong>NB! ISES\u00dcTTIMISE OHT! <\/strong>J\u00e4rgige kindlasti toote etiketil olevaid kasutus- ja utiliseerimisjuhiseid.<\/p>\n<p>Toiduohutus on testitud vastavalt 1935\/2004\/E\u00dc n\u00f5uetele.<br \/>\nM\u00e4nguasjade ohutust testitud vastavalt standardile EN 71-3.<\/p>\n\t<div id=\"gap-1033379714\" class=\"gap-element clearfix\" style=\"display:block; height:auto;\">\n\t\t\n<style>\n#gap-1033379714 {\n  padding-top: 30px;\n}\n<\/style>\n\t<\/div>\n\t\n\t\t<\/div>\n\t\t\t\t\t<\/div>\n\n\t\n\n\t<div id=\"col-1030294400\" class=\"col medium-3 small-12 large-3\"  >\n\t\t\t\t<div class=\"col-inner\"  >\n\t\t\t\n\t\t\t\n<div class=\"is-divider divider clearfix\" ><\/div>\n<p><strong>\u00dcksikasjalikuma n\u00f5u saamiseks v\u00f5tke \u00fchendust:<br \/><\/strong>Pureva O\u00dc<br \/>R\u00f6a k\u00fcla<br \/>79614<br \/>Rapla vald<br \/>+372 48 37 235<\/p>\n<div class=\"is-divider divider clearfix\" ><\/div>\n\t\t<\/div>\n\t\t\t\t\t<\/div>\n\n\t\n<\/div>\n","protected":false},"excerpt":{"rendered":"","protected":false},"featured_media":251696,"comment_status":"closed","ping_status":"closed","template":"","meta":[],"product_brand":[],"product_cat":[2693,2829,2683],"product_tag":[],"class_list":{"0":"post-251547","1":"product","2":"type-product","3":"status-publish","4":"has-post-thumbnail","6":"product_cat-lakid-peitsid-olid-puidukaitse","7":"product_cat-olid-sisepindadele","8":"product_cat-viimistluskaubad","9":"product_shipping_class-dpd-cold","10":"pa_kaubamark-pureva-ou","12":"first","13":"instock","14":"sale","15":"taxable","16":"shipping-taxable","17":"purchasable","18":"product-type-simple"},"yoast_head":"<!-- This site is optimized with the Yoast SEO plugin v26.9 - https:\/\/yoast.com\/product\/yoast-seo-wordpress\/ -->\n<title>LINASEEMNE\u00d5LI WOODCARE GUIDE 250ML L\u00c4BIPAISTEV - Espak E-pood<\/title>\n<meta name=\"robots\" content=\"index, follow, max-snippet:-1, max-image-preview:large, max-video-preview:-1\" \/>\n<link rel=\"canonical\" href=\"https:\/\/espak.ee\/epood\/toode\/linaseemneoli-woodcare-guide-250ml-labipaistev\/\" \/>\n<meta property=\"og:locale\" content=\"et_EE\" \/>\n<meta property=\"og:type\" content=\"article\" \/>\n<meta property=\"og:title\" content=\"LINASEEMNE\u00d5LI WOODCARE GUIDE 250ML L\u00c4BIPAISTEV - Espak E-pood\" \/>\n<meta property=\"og:url\" content=\"https:\/\/espak.ee\/epood\/toode\/linaseemneoli-woodcare-guide-250ml-labipaistev\/\" \/>\n<meta property=\"og:site_name\" content=\"Espak E-pood\" \/>\n<meta property=\"article:modified_time\" content=\"2026-03-21T07:53:44+00:00\" \/>\n<meta property=\"og:image\" content=\"https:\/\/espak.ee\/epood\/wp-content\/uploads\/2025\/10\/1102673.jpg\" \/>\n\t<meta property=\"og:image:width\" content=\"800\" \/>\n\t<meta property=\"og:image:height\" content=\"800\" \/>\n\t<meta property=\"og:image:type\" content=\"image\/jpeg\" \/>\n<meta name=\"twitter:card\" content=\"summary_large_image\" \/>\n<meta name=\"twitter:label1\" content=\"Est. reading time\" \/>\n\t<meta name=\"twitter:data1\" content=\"1 minut\" \/>\n<script type=\"application\/ld+json\" class=\"yoast-schema-graph\">{\"@context\":\"https:\/\/schema.org\",\"@graph\":[{\"@type\":\"WebPage\",\"@id\":\"https:\/\/espak.ee\/epood\/toode\/linaseemneoli-woodcare-guide-250ml-labipaistev\/\",\"url\":\"https:\/\/espak.ee\/epood\/toode\/linaseemneoli-woodcare-guide-250ml-labipaistev\/\",\"name\":\"LINASEEMNE\u00d5LI WOODCARE GUIDE 250ML L\u00c4BIPAISTEV - Espak E-pood\",\"isPartOf\":{\"@id\":\"https:\/\/espak.ee\/epood\/#website\"},\"primaryImageOfPage\":{\"@id\":\"https:\/\/espak.ee\/epood\/toode\/linaseemneoli-woodcare-guide-250ml-labipaistev\/#primaryimage\"},\"image\":{\"@id\":\"https:\/\/espak.ee\/epood\/toode\/linaseemneoli-woodcare-guide-250ml-labipaistev\/#primaryimage\"},\"thumbnailUrl\":\"https:\/\/espak.ee\/epood\/wp-content\/uploads\/2025\/10\/1102673.jpg\",\"datePublished\":\"2025-10-04T02:10:02+00:00\",\"dateModified\":\"2026-03-21T07:53:44+00:00\",\"breadcrumb\":{\"@id\":\"https:\/\/espak.ee\/epood\/toode\/linaseemneoli-woodcare-guide-250ml-labipaistev\/#breadcrumb\"},\"inLanguage\":\"et\",\"potentialAction\":[{\"@type\":\"ReadAction\",\"target\":[\"https:\/\/espak.ee\/epood\/toode\/linaseemneoli-woodcare-guide-250ml-labipaistev\/\"]}]},{\"@type\":\"ImageObject\",\"inLanguage\":\"et\",\"@id\":\"https:\/\/espak.ee\/epood\/toode\/linaseemneoli-woodcare-guide-250ml-labipaistev\/#primaryimage\",\"url\":\"https:\/\/espak.ee\/epood\/wp-content\/uploads\/2025\/10\/1102673.jpg\",\"contentUrl\":\"https:\/\/espak.ee\/epood\/wp-content\/uploads\/2025\/10\/1102673.jpg\",\"width\":800,\"height\":800},{\"@type\":\"BreadcrumbList\",\"@id\":\"https:\/\/espak.ee\/epood\/toode\/linaseemneoli-woodcare-guide-250ml-labipaistev\/#breadcrumb\",\"itemListElement\":[{\"@type\":\"ListItem\",\"position\":1,\"name\":\"Home\",\"item\":\"https:\/\/espak.ee\/epood\/\"},{\"@type\":\"ListItem\",\"position\":2,\"name\":\"Tootevalik\",\"item\":\"https:\/\/espak.ee\/epood\/tootevalik\/\"},{\"@type\":\"ListItem\",\"position\":3,\"name\":\"LINASEEMNE\u00d5LI WOODCARE GUIDE 250ML L\u00c4BIPAISTEV\"}]},{\"@type\":\"WebSite\",\"@id\":\"https:\/\/espak.ee\/epood\/#website\",\"url\":\"https:\/\/espak.ee\/epood\/\",\"name\":\"Espak E-pood\",\"description\":\"\",\"potentialAction\":[{\"@type\":\"SearchAction\",\"target\":{\"@type\":\"EntryPoint\",\"urlTemplate\":\"https:\/\/espak.ee\/epood\/?s={search_term_string}\"},\"query-input\":{\"@type\":\"PropertyValueSpecification\",\"valueRequired\":true,\"valueName\":\"search_term_string\"}}],\"inLanguage\":\"et\"}]}<\/script>\n<!-- \/ Yoast SEO plugin. -->","yoast_head_json":{"title":"LINASEEMNE\u00d5LI WOODCARE GUIDE 250ML L\u00c4BIPAISTEV - Espak E-pood","robots":{"index":"index","follow":"follow","max-snippet":"max-snippet:-1","max-image-preview":"max-image-preview:large","max-video-preview":"max-video-preview:-1"},"canonical":"https:\/\/espak.ee\/epood\/toode\/linaseemneoli-woodcare-guide-250ml-labipaistev\/","og_locale":"et_EE","og_type":"article","og_title":"LINASEEMNE\u00d5LI WOODCARE GUIDE 250ML L\u00c4BIPAISTEV - Espak E-pood","og_url":"https:\/\/espak.ee\/epood\/toode\/linaseemneoli-woodcare-guide-250ml-labipaistev\/","og_site_name":"Espak E-pood","article_modified_time":"2026-03-21T07:53:44+00:00","og_image":[{"width":800,"height":800,"url":"https:\/\/espak.ee\/epood\/wp-content\/uploads\/2025\/10\/1102673.jpg","type":"image\/jpeg"}],"twitter_card":"summary_large_image","twitter_misc":{"Est. reading time":"1 minut"},"schema":{"@context":"https:\/\/schema.org","@graph":[{"@type":"WebPage","@id":"https:\/\/espak.ee\/epood\/toode\/linaseemneoli-woodcare-guide-250ml-labipaistev\/","url":"https:\/\/espak.ee\/epood\/toode\/linaseemneoli-woodcare-guide-250ml-labipaistev\/","name":"LINASEEMNE\u00d5LI WOODCARE GUIDE 250ML L\u00c4BIPAISTEV - Espak E-pood","isPartOf":{"@id":"https:\/\/espak.ee\/epood\/#website"},"primaryImageOfPage":{"@id":"https:\/\/espak.ee\/epood\/toode\/linaseemneoli-woodcare-guide-250ml-labipaistev\/#primaryimage"},"image":{"@id":"https:\/\/espak.ee\/epood\/toode\/linaseemneoli-woodcare-guide-250ml-labipaistev\/#primaryimage"},"thumbnailUrl":"https:\/\/espak.ee\/epood\/wp-content\/uploads\/2025\/10\/1102673.jpg","datePublished":"2025-10-04T02:10:02+00:00","dateModified":"2026-03-21T07:53:44+00:00","breadcrumb":{"@id":"https:\/\/espak.ee\/epood\/toode\/linaseemneoli-woodcare-guide-250ml-labipaistev\/#breadcrumb"},"inLanguage":"et","potentialAction":[{"@type":"ReadAction","target":["https:\/\/espak.ee\/epood\/toode\/linaseemneoli-woodcare-guide-250ml-labipaistev\/"]}]},{"@type":"ImageObject","inLanguage":"et","@id":"https:\/\/espak.ee\/epood\/toode\/linaseemneoli-woodcare-guide-250ml-labipaistev\/#primaryimage","url":"https:\/\/espak.ee\/epood\/wp-content\/uploads\/2025\/10\/1102673.jpg","contentUrl":"https:\/\/espak.ee\/epood\/wp-content\/uploads\/2025\/10\/1102673.jpg","width":800,"height":800},{"@type":"BreadcrumbList","@id":"https:\/\/espak.ee\/epood\/toode\/linaseemneoli-woodcare-guide-250ml-labipaistev\/#breadcrumb","itemListElement":[{"@type":"ListItem","position":1,"name":"Home","item":"https:\/\/espak.ee\/epood\/"},{"@type":"ListItem","position":2,"name":"Tootevalik","item":"https:\/\/espak.ee\/epood\/tootevalik\/"},{"@type":"ListItem","position":3,"name":"LINASEEMNE\u00d5LI WOODCARE GUIDE 250ML L\u00c4BIPAISTEV"}]},{"@type":"WebSite","@id":"https:\/\/espak.ee\/epood\/#website","url":"https:\/\/espak.ee\/epood\/","name":"Espak E-pood","description":"","potentialAction":[{"@type":"SearchAction","target":{"@type":"EntryPoint","urlTemplate":"https:\/\/espak.ee\/epood\/?s={search_term_string}"},"query-input":{"@type":"PropertyValueSpecification","valueRequired":true,"valueName":"search_term_string"}}],"inLanguage":"et"}]}},"_links":{"self":[{"href":"https:\/\/espak.ee\/epood\/wp-json\/wp\/v2\/product\/251547","targetHints":{"allow":["GET"]}}],"collection":[{"href":"https:\/\/espak.ee\/epood\/wp-json\/wp\/v2\/product"}],"about":[{"href":"https:\/\/espak.ee\/epood\/wp-json\/wp\/v2\/types\/product"}],"replies":[{"embeddable":true,"href":"https:\/\/espak.ee\/epood\/wp-json\/wp\/v2\/comments?post=251547"}],"wp:featuredmedia":[{"embeddable":true,"href":"https:\/\/espak.ee\/epood\/wp-json\/wp\/v2\/media\/251696"}],"wp:attachment":[{"href":"https:\/\/espak.ee\/epood\/wp-json\/wp\/v2\/media?parent=251547"}],"wp:term":[{"taxonomy":"product_brand","embeddable":true,"href":"https:\/\/espak.ee\/epood\/wp-json\/wp\/v2\/product_brand?post=251547"},{"taxonomy":"product_cat","embeddable":true,"href":"https:\/\/espak.ee\/epood\/wp-json\/wp\/v2\/product_cat?post=251547"},{"taxonomy":"product_tag","embeddable":true,"href":"https:\/\/espak.ee\/epood\/wp-json\/wp\/v2\/product_tag?post=251547"}],"curies":[{"name":"wp","href":"https:\/\/api.w.org\/{rel}","templated":true}]}}