{"id":250952,"date":"2025-09-27T05:05:02","date_gmt":"2025-09-27T02:05:02","guid":{"rendered":"https:\/\/espak.ee\/epood\/?post_type=product&#038;p=250952"},"modified":"2025-12-20T17:14:17","modified_gmt":"2025-12-20T15:14:17","slug":"tooriistakaru-tooriistadega263-osa-tw1000-scheppach","status":"publish","type":"product","link":"https:\/\/espak.ee\/epood\/toode\/tooriistakaru-tooriistadega263-osa-tw1000-scheppach\/","title":{"rendered":"T\u00d6\u00d6RIISTAK\u00c4RU T\u00d6\u00d6RIISTADEGA(263-OSA) TW1000 SCHEPPACH"},"content":{"rendered":"<div class=\"row\"  id=\"row-1400687294\">\n\n\t<div id=\"col-1372196920\" class=\"col medium-9 small-12 large-9\"  >\n\t\t\t\t<div class=\"col-inner\"  >\n\t\t\t\n\t\t\t\n<h3>T\u00f6\u00f6riistak\u00e4ru 7 sahtlit ja 263 t\u00f6\u00f6riista ja tarvikut TW1000 Scheppach<\/h3>\n<p>Alati \u00f5iged t\u00f6\u00f6riistad k\u00e4eulatuses! Scheppach TW1000 t\u00f6\u00f6riistakapp toob Sinu t\u00f6\u00f6kotta v\u00f5i garaa\u017ei t\u00e4ieliku ja kvaliteetse t\u00f6\u00f6riistakomplekti ratastel. Vastupidav ja lukustatav kapp on t\u00e4idetud 263 professionaalse t\u00f6\u00f6riistaga, millel on oma kindel koht, tagades kiire ja mugava ligip\u00e4\u00e4su.<\/p>\n<p>T\u00e4nu suurtele lukustusfunktsiooniga ratastele on kappi lihtne liigutada ja turvaliselt paigaldada. Pehme kattega k\u00e4epidemed muudavad transportimise mugavaks, samas kui suur pealmine t\u00f6\u00f6pind ja lisa-avadega k\u00fclgpaneelid pakuvad t\u00e4iendavaid hoiustamisv\u00f5imalusi.<\/p>\n<div class=\"message-box relative\" style=\"padding-top:15px;padding-bottom:15px;\"><div class=\"message-box-bg-image bg-fill fill\" ><\/div><div class=\"message-box-bg-overlay bg-fill fill\" ><\/div><div class=\"container relative\"><div class=\"inner last-reset\">\n<div class=\"row align-middle align-center\"  id=\"row-1007816236\">\n\n\t<div id=\"col-1137187856\" class=\"col small-12 large-12\"  >\n\t\t\t\t<div class=\"col-inner text-left\"  >\n\t\t\t\n\t\t\t\n<h4>Omadused<\/h4>\n<div class=\"row\"  id=\"row-1991292803\">\n\n\t<div id=\"col-887680122\" class=\"col medium-6 small-12 large-6\"  >\n\t\t\t\t<div class=\"col-inner\"  >\n\t\t\t\n\t\t\t\n<p><i class=\"far fa-check-circle fa-2x\"><\/i><strong>\u00a07 avarat ja kergelt liikuvat sahtlit (3 t\u00fchja sahtlit oma t\u00f6\u00f6riistade jaoks)<br \/>\n<\/strong><\/p>\n<p><i class=\"far fa-check-circle fa-2x\"><\/i><strong> Lukustatav konstruktsioon t\u00f6\u00f6riistade turvaliseks hoidmiseks<\/strong><\/p>\n<p><i class=\"far fa-check-circle fa-2x\"><\/i><strong>\u00a0263 kvaliteetset Cr-V terasest t\u00f6\u00f6riista (Kroom-vanadium teras)<\/strong><\/p>\n\t\t<\/div>\n\t\t\t\t\n<style>\n#col-887680122 > .col-inner {\n  margin: 0px 0px 15px 0px;\n}\n<\/style>\n\t<\/div>\n\n\t\n\n\t<div id=\"col-2096975314\" class=\"col medium-6 small-12 large-6\"  >\n\t\t\t\t<div class=\"col-inner\"  >\n\t\t\t\n\t\t\t\n<p><i class=\"far fa-check-circle fa-2x\"><\/i><strong> Kandev\u00f5ime kuni 450 kg<\/strong><\/p>\n<p><i class=\"far fa-check-circle fa-2x\"><\/i><strong>\u00a0Suured, sujuvalt veerevad rattad lukustusfunktsiooniga<\/strong><\/p>\n<p><i class=\"far fa-check-circle fa-2x\"><\/i><strong> Mugavad Soft-Grip k\u00e4epidemed<br \/>\n<\/strong><\/p>\n<p><i class=\"far fa-check-circle fa-2x\"><\/i><strong>\u00a0T\u00e4iendavad hoiuv\u00f5imalused k\u00fclgedel<br \/>\n<\/strong><\/p>\n\t\t<\/div>\n\t\t\t\t\n<style>\n#col-2096975314 > .col-inner {\n  margin: 0px 0px 15px 0px;\n}\n<\/style>\n\t<\/div>\n\n\t\n<\/div>\n\t\t<\/div>\n\t\t\t\t\t<\/div>\n\n\t\n<\/div>\n<\/div><\/div><\/div>\n\t<div id=\"gap-15884987\" class=\"gap-element clearfix\" style=\"display:block; height:auto;\">\n\t\t\n<style>\n#gap-15884987 {\n  padding-top: 30px;\n}\n<\/style>\n\t<\/div>\n\t\n<p><strong>Tehnilised andmed:<\/strong><br \/>\nM\u00f5\u00f5dud (P x L x K): 770 x 460 x 970 mm<br \/>\nSahtlite k\u00f5rgus: 58 \/ 128 \/ 195 mm<br \/>\nSahtlite arv: 7<br \/>\nKaal: 66 \/ 81 kg (neto \/ bruto)<br \/>\nMaterjal: kroom-vanadium teras<br \/>\nMaksimaalne kandev\u00f5ime: 450 kg<\/p>\n<p><strong>Komplektis olevad t\u00f6\u00f6riistad:<\/strong><\/p>\n<p>1. sahtel:<br \/>\n&#8211; 13 padrunit (4 \/ 4,5 \/ 5 \/ 5,5 \/ 6 \/ 7 \/ 8 \/ 9 \/ 10 \/ 11 \/ 12 \/ 13 \/ 14 mm)<br \/>\n&#8211; 1 kardaanliigendadapter 1\/4&#8243;<br \/>\n&#8211; 1 T-k\u00e4epidemega liigendpadrunv\u00f5ti 1\/4&#8243;<br \/>\n&#8211; 2 pikendust (50 mm \/ 100 mm)<br \/>\n&#8211; 1 p\u00f6\u00f6rdk\u00e4epide 1\/4&#8243;<br \/>\n&#8211; 1 padrunikeeraja 1\/4&#8243;<br \/>\n&#8211; 17 padrunit (10 \/ 11 \/ 12 \/ 13 \/ 14 \/ 15 \/ 16 \/ 17 \/ 18 \/ 19 \/ 21 \/ 22 \/ 23 \/ 24 \/ 27 \/ 30 \/ 32 mm)<br \/>\n&#8211; 1 kardaanliigendadapter<br \/>\n&#8211; 1 T-k\u00e4epidemega liigendpadrunv\u00f5ti 1\/2&#8243;<br \/>\n&#8211; 2 pikendust 1\/2&#8243; (125 mm \/ 250 mm)<br \/>\n&#8211; 1 p\u00f6\u00f6rdk\u00e4epide 1\/2&#8243;<br \/>\n&#8211; 6 T-kujulist kuuskantv\u00f5tit (6 x 150 mm \/ 5 x 150 mm \/ 4 x 150 mm \/ 3 x 100 mm \/ 2,5 x 100 mm \/ 2 x 100 mm)<\/p>\n<p>2. sahtel:<br \/>\n&#8211; 4 seegeritange<br \/>\n&#8211; 1 kombineeritud tangid<br \/>\n&#8211; 1 k\u00fclgtangid<br \/>\n&#8211; 1 pikad ninatangid<br \/>\n&#8211; 6 lapikpeakruvikeerajat (PH2 x 38 mm \/ PH0 x 75 mm \/ PH1 x 100 mm \/ PH2 x 100 mm \/ PH2 x 150 mm \/ PH3 x 200 mm)<\/p>\n<p>3. sahtel:<br \/>\n&#8211; 6 ristpeakruvikeerajat (SL6 x 38 mm \/ SL3 x 75 mm \/ SL4 x 100 mm \/ SL5 x 100 mm \/ SL6 x 150 mm \/ SL8 x 200 mm)<br \/>\n&#8211; Pressimistarvikute komplekt, 160 tk<br \/>\n&#8211; 1 pressimistangid<br \/>\n&#8211; 6 isoleeritud kruvikeerajat (SL3 x 75 mm \/ SL4 x 100 mm \/ SL5,5 x 125 mm \/ PH0 x 75 mm \/ PH1 x 100 mm \/ PH2 x 100 mm)<br \/>\n&#8211; 7 t\u00e4ppiskruvikeerajat (SL1,4 \/ 2 \/ 2,4 \/ 3 \/ PH0 \/ 00 \/ 1)<br \/>\n&#8211; 8 kuuskantv\u00f5tit (T9 \/ T10 \/ T15 \/ T20 \/ T25 \/ T27 \/ T30 \/ T40)<br \/>\n&#8211; 1 faasitester<\/p>\n<p>4. sahtel:<br \/>\n&#8211; 1 metallvasar 500 g<br \/>\n&#8211; 1 plastik vasar 35 mm<br \/>\n&#8211; 12 lehtv\u00f5tmed (8 \/ 9 \/ 10 \/ 12 \/ 13 \/ 14 \/ 15 \/ 16 \/ 17 \/ 18 \/ 20 \/ 22 mm)<\/p>\n\t\t<\/div>\n\t\t\t\t\t<\/div>\n\n\t\n\n\t<div id=\"col-1233388834\" class=\"col medium-3 small-12 large-3\"  >\n\t\t\t\t<div class=\"col-inner\"  >\n\t\t\t\n\t\t\t\n\t<div id=\"gap-2147331639\" class=\"gap-element clearfix\" style=\"display:block; height:auto;\">\n\t\t\n<style>\n#gap-2147331639 {\n  padding-top: 30px;\n}\n<\/style>\n\t<\/div>\n\t\n<div class=\"is-divider divider clearfix\" ><\/div>\n<p><strong>\u00dcksikasjalikuma n\u00f5u saamiseks v\u00f5tke \u00fchendust:<br \/><\/strong>Espak AS<br \/>Viadukti 42<br \/>11313<br \/>Tallinn<br \/> T\u00f6\u00f6riista osakond +372 6512 335<br \/><a href=\"mailto:tooriist@espak.ee\">tooriist@espak.ee<\/a><\/p>\n\t\t<\/div>\n\t\t\t\t\t<\/div>\n\n\t\n<\/div>\n","protected":false},"excerpt":{"rendered":"","protected":false},"featured_media":251043,"comment_status":"closed","ping_status":"closed","template":"","meta":[],"product_brand":[],"product_cat":[2771,2679,4922,3051],"product_tag":[],"class_list":{"0":"post-250952","1":"product","2":"type-product","3":"status-publish","4":"has-post-thumbnail","6":"product_cat-kasitooriistad","7":"product_cat-tooriistad","8":"product_cat-tooriistakarud","9":"product_cat-tooriistakastid","10":"pa_kaubamark-scheppach","12":"first","13":"instock","14":"sale","15":"taxable","16":"shipping-taxable","17":"purchasable","18":"product-type-simple"},"yoast_head":"<!-- This site is optimized with the Yoast SEO plugin v26.9 - https:\/\/yoast.com\/product\/yoast-seo-wordpress\/ -->\n<title>T\u00d6\u00d6RIISTAK\u00c4RU T\u00d6\u00d6RIISTADEGA(263-OSA) TW1000 SCHEPPACH - Espak E-pood<\/title>\n<meta name=\"robots\" content=\"index, follow, max-snippet:-1, max-image-preview:large, max-video-preview:-1\" \/>\n<link rel=\"canonical\" href=\"https:\/\/espak.ee\/epood\/toode\/tooriistakaru-tooriistadega263-osa-tw1000-scheppach\/\" \/>\n<meta property=\"og:locale\" content=\"et_EE\" \/>\n<meta property=\"og:type\" content=\"article\" \/>\n<meta property=\"og:title\" content=\"T\u00d6\u00d6RIISTAK\u00c4RU T\u00d6\u00d6RIISTADEGA(263-OSA) TW1000 SCHEPPACH - Espak E-pood\" \/>\n<meta property=\"og:url\" content=\"https:\/\/espak.ee\/epood\/toode\/tooriistakaru-tooriistadega263-osa-tw1000-scheppach\/\" \/>\n<meta property=\"og:site_name\" content=\"Espak E-pood\" \/>\n<meta property=\"article:modified_time\" content=\"2025-12-20T15:14:17+00:00\" \/>\n<meta property=\"og:image\" content=\"https:\/\/espak.ee\/epood\/wp-content\/uploads\/2025\/09\/5909304900SCHEP_4.jpg\" \/>\n\t<meta property=\"og:image:width\" content=\"1000\" \/>\n\t<meta property=\"og:image:height\" content=\"1000\" \/>\n\t<meta property=\"og:image:type\" content=\"image\/jpeg\" \/>\n<meta name=\"twitter:card\" content=\"summary_large_image\" \/>\n<meta name=\"twitter:label1\" content=\"Est. reading time\" \/>\n\t<meta name=\"twitter:data1\" content=\"2 minutit\" \/>\n<script type=\"application\/ld+json\" class=\"yoast-schema-graph\">{\"@context\":\"https:\/\/schema.org\",\"@graph\":[{\"@type\":\"WebPage\",\"@id\":\"https:\/\/espak.ee\/epood\/toode\/tooriistakaru-tooriistadega263-osa-tw1000-scheppach\/\",\"url\":\"https:\/\/espak.ee\/epood\/toode\/tooriistakaru-tooriistadega263-osa-tw1000-scheppach\/\",\"name\":\"T\u00d6\u00d6RIISTAK\u00c4RU T\u00d6\u00d6RIISTADEGA(263-OSA) TW1000 SCHEPPACH - Espak E-pood\",\"isPartOf\":{\"@id\":\"https:\/\/espak.ee\/epood\/#website\"},\"primaryImageOfPage\":{\"@id\":\"https:\/\/espak.ee\/epood\/toode\/tooriistakaru-tooriistadega263-osa-tw1000-scheppach\/#primaryimage\"},\"image\":{\"@id\":\"https:\/\/espak.ee\/epood\/toode\/tooriistakaru-tooriistadega263-osa-tw1000-scheppach\/#primaryimage\"},\"thumbnailUrl\":\"https:\/\/espak.ee\/epood\/wp-content\/uploads\/2025\/09\/5909304900SCHEP_4.jpg\",\"datePublished\":\"2025-09-27T02:05:02+00:00\",\"dateModified\":\"2025-12-20T15:14:17+00:00\",\"breadcrumb\":{\"@id\":\"https:\/\/espak.ee\/epood\/toode\/tooriistakaru-tooriistadega263-osa-tw1000-scheppach\/#breadcrumb\"},\"inLanguage\":\"et\",\"potentialAction\":[{\"@type\":\"ReadAction\",\"target\":[\"https:\/\/espak.ee\/epood\/toode\/tooriistakaru-tooriistadega263-osa-tw1000-scheppach\/\"]}]},{\"@type\":\"ImageObject\",\"inLanguage\":\"et\",\"@id\":\"https:\/\/espak.ee\/epood\/toode\/tooriistakaru-tooriistadega263-osa-tw1000-scheppach\/#primaryimage\",\"url\":\"https:\/\/espak.ee\/epood\/wp-content\/uploads\/2025\/09\/5909304900SCHEP_4.jpg\",\"contentUrl\":\"https:\/\/espak.ee\/epood\/wp-content\/uploads\/2025\/09\/5909304900SCHEP_4.jpg\",\"width\":1000,\"height\":1000},{\"@type\":\"BreadcrumbList\",\"@id\":\"https:\/\/espak.ee\/epood\/toode\/tooriistakaru-tooriistadega263-osa-tw1000-scheppach\/#breadcrumb\",\"itemListElement\":[{\"@type\":\"ListItem\",\"position\":1,\"name\":\"Home\",\"item\":\"https:\/\/espak.ee\/epood\/\"},{\"@type\":\"ListItem\",\"position\":2,\"name\":\"Tootevalik\",\"item\":\"https:\/\/espak.ee\/epood\/tootevalik\/\"},{\"@type\":\"ListItem\",\"position\":3,\"name\":\"T\u00d6\u00d6RIISTAK\u00c4RU T\u00d6\u00d6RIISTADEGA(263-OSA) TW1000 SCHEPPACH\"}]},{\"@type\":\"WebSite\",\"@id\":\"https:\/\/espak.ee\/epood\/#website\",\"url\":\"https:\/\/espak.ee\/epood\/\",\"name\":\"Espak E-pood\",\"description\":\"\",\"potentialAction\":[{\"@type\":\"SearchAction\",\"target\":{\"@type\":\"EntryPoint\",\"urlTemplate\":\"https:\/\/espak.ee\/epood\/?s={search_term_string}\"},\"query-input\":{\"@type\":\"PropertyValueSpecification\",\"valueRequired\":true,\"valueName\":\"search_term_string\"}}],\"inLanguage\":\"et\"}]}<\/script>\n<!-- \/ Yoast SEO plugin. -->","yoast_head_json":{"title":"T\u00d6\u00d6RIISTAK\u00c4RU T\u00d6\u00d6RIISTADEGA(263-OSA) TW1000 SCHEPPACH - Espak E-pood","robots":{"index":"index","follow":"follow","max-snippet":"max-snippet:-1","max-image-preview":"max-image-preview:large","max-video-preview":"max-video-preview:-1"},"canonical":"https:\/\/espak.ee\/epood\/toode\/tooriistakaru-tooriistadega263-osa-tw1000-scheppach\/","og_locale":"et_EE","og_type":"article","og_title":"T\u00d6\u00d6RIISTAK\u00c4RU T\u00d6\u00d6RIISTADEGA(263-OSA) TW1000 SCHEPPACH - Espak E-pood","og_url":"https:\/\/espak.ee\/epood\/toode\/tooriistakaru-tooriistadega263-osa-tw1000-scheppach\/","og_site_name":"Espak E-pood","article_modified_time":"2025-12-20T15:14:17+00:00","og_image":[{"width":1000,"height":1000,"url":"https:\/\/espak.ee\/epood\/wp-content\/uploads\/2025\/09\/5909304900SCHEP_4.jpg","type":"image\/jpeg"}],"twitter_card":"summary_large_image","twitter_misc":{"Est. reading time":"2 minutit"},"schema":{"@context":"https:\/\/schema.org","@graph":[{"@type":"WebPage","@id":"https:\/\/espak.ee\/epood\/toode\/tooriistakaru-tooriistadega263-osa-tw1000-scheppach\/","url":"https:\/\/espak.ee\/epood\/toode\/tooriistakaru-tooriistadega263-osa-tw1000-scheppach\/","name":"T\u00d6\u00d6RIISTAK\u00c4RU T\u00d6\u00d6RIISTADEGA(263-OSA) TW1000 SCHEPPACH - Espak E-pood","isPartOf":{"@id":"https:\/\/espak.ee\/epood\/#website"},"primaryImageOfPage":{"@id":"https:\/\/espak.ee\/epood\/toode\/tooriistakaru-tooriistadega263-osa-tw1000-scheppach\/#primaryimage"},"image":{"@id":"https:\/\/espak.ee\/epood\/toode\/tooriistakaru-tooriistadega263-osa-tw1000-scheppach\/#primaryimage"},"thumbnailUrl":"https:\/\/espak.ee\/epood\/wp-content\/uploads\/2025\/09\/5909304900SCHEP_4.jpg","datePublished":"2025-09-27T02:05:02+00:00","dateModified":"2025-12-20T15:14:17+00:00","breadcrumb":{"@id":"https:\/\/espak.ee\/epood\/toode\/tooriistakaru-tooriistadega263-osa-tw1000-scheppach\/#breadcrumb"},"inLanguage":"et","potentialAction":[{"@type":"ReadAction","target":["https:\/\/espak.ee\/epood\/toode\/tooriistakaru-tooriistadega263-osa-tw1000-scheppach\/"]}]},{"@type":"ImageObject","inLanguage":"et","@id":"https:\/\/espak.ee\/epood\/toode\/tooriistakaru-tooriistadega263-osa-tw1000-scheppach\/#primaryimage","url":"https:\/\/espak.ee\/epood\/wp-content\/uploads\/2025\/09\/5909304900SCHEP_4.jpg","contentUrl":"https:\/\/espak.ee\/epood\/wp-content\/uploads\/2025\/09\/5909304900SCHEP_4.jpg","width":1000,"height":1000},{"@type":"BreadcrumbList","@id":"https:\/\/espak.ee\/epood\/toode\/tooriistakaru-tooriistadega263-osa-tw1000-scheppach\/#breadcrumb","itemListElement":[{"@type":"ListItem","position":1,"name":"Home","item":"https:\/\/espak.ee\/epood\/"},{"@type":"ListItem","position":2,"name":"Tootevalik","item":"https:\/\/espak.ee\/epood\/tootevalik\/"},{"@type":"ListItem","position":3,"name":"T\u00d6\u00d6RIISTAK\u00c4RU T\u00d6\u00d6RIISTADEGA(263-OSA) TW1000 SCHEPPACH"}]},{"@type":"WebSite","@id":"https:\/\/espak.ee\/epood\/#website","url":"https:\/\/espak.ee\/epood\/","name":"Espak E-pood","description":"","potentialAction":[{"@type":"SearchAction","target":{"@type":"EntryPoint","urlTemplate":"https:\/\/espak.ee\/epood\/?s={search_term_string}"},"query-input":{"@type":"PropertyValueSpecification","valueRequired":true,"valueName":"search_term_string"}}],"inLanguage":"et"}]}},"_links":{"self":[{"href":"https:\/\/espak.ee\/epood\/wp-json\/wp\/v2\/product\/250952","targetHints":{"allow":["GET"]}}],"collection":[{"href":"https:\/\/espak.ee\/epood\/wp-json\/wp\/v2\/product"}],"about":[{"href":"https:\/\/espak.ee\/epood\/wp-json\/wp\/v2\/types\/product"}],"replies":[{"embeddable":true,"href":"https:\/\/espak.ee\/epood\/wp-json\/wp\/v2\/comments?post=250952"}],"wp:featuredmedia":[{"embeddable":true,"href":"https:\/\/espak.ee\/epood\/wp-json\/wp\/v2\/media\/251043"}],"wp:attachment":[{"href":"https:\/\/espak.ee\/epood\/wp-json\/wp\/v2\/media?parent=250952"}],"wp:term":[{"taxonomy":"product_brand","embeddable":true,"href":"https:\/\/espak.ee\/epood\/wp-json\/wp\/v2\/product_brand?post=250952"},{"taxonomy":"product_cat","embeddable":true,"href":"https:\/\/espak.ee\/epood\/wp-json\/wp\/v2\/product_cat?post=250952"},{"taxonomy":"product_tag","embeddable":true,"href":"https:\/\/espak.ee\/epood\/wp-json\/wp\/v2\/product_tag?post=250952"}],"curies":[{"name":"wp","href":"https:\/\/api.w.org\/{rel}","templated":true}]}}