{"id":250769,"date":"2025-09-25T05:05:39","date_gmt":"2025-09-25T02:05:39","guid":{"rendered":"https:\/\/espak.ee\/epood\/?post_type=product&#038;p=250769"},"modified":"2025-10-20T14:25:03","modified_gmt":"2025-10-20T11:25:03","slug":"akuarmatuurisiduja-tjep-ultra-grip-40-tellimisel","status":"publish","type":"product","link":"https:\/\/espak.ee\/epood\/toode\/akuarmatuurisiduja-tjep-ultra-grip-40-tellimisel\/","title":{"rendered":"AKUARMATUURISIDUJA TJEP ULTRA GRIP 40- TELLIMISEL"},"content":{"rendered":"<div class=\"row\"  id=\"row-93426730\">\n\n\t<div id=\"col-1347240166\" class=\"col medium-9 small-12 large-9\"  >\n\t\t\t\t<div class=\"col-inner\"  >\n\t\t\t\n\t\t\t\n<h3>Armatuurisiduja TJEP UG40- TELLIMISEL<\/h3>\n<div class=\"message-box relative\" style=\"padding-top:15px;padding-bottom:15px;\"><div class=\"message-box-bg-image bg-fill fill\" ><\/div><div class=\"message-box-bg-overlay bg-fill fill\" ><\/div><div class=\"container relative\"><div class=\"inner last-reset\">\n<div class=\"row align-middle align-center\"  id=\"row-1904217989\">\n\n\t<div id=\"col-1826546531\" class=\"col small-12 large-12\"  >\n\t\t\t\t<div class=\"col-inner text-left\"  >\n\t\t\t\n\t\t\t\n<h4>Omadused<\/h4>\n<div class=\"row\"  id=\"row-560959391\">\n\n\t<div id=\"col-174110401\" class=\"col medium-6 small-12 large-6\"  >\n\t\t\t\t<div class=\"col-inner\"  >\n\t\t\t\n\t\t\t\n<p><i class=\"far fa-check-circle fa-2x\"><\/i><strong>\u00a0\u00dche k\u00e4ega kasutatav<\/strong><\/p>\n<p><i class=\"far fa-check-circle fa-2x\"><\/i><strong>\u00a0Seose tugevuse regulaator<\/strong><\/p>\n<p><i class=\"far fa-check-circle fa-2x\"><\/i><strong>\u00a0Kahe- ja kolmekordne seos<\/strong><\/p>\n<p><i class=\"far fa-check-circle fa-2x\"><\/i><strong>\u00a0Uus ja v\u00f5imas 18V 4Ah liugaku<\/strong><\/p>\n<p><i class=\"far fa-check-circle fa-2x\"><\/i><strong>\u00a0\u00dche laadimisega ca 4000-5000 seost<\/strong><\/p>\n<p><i class=\"far fa-check-circle fa-2x\"><\/i><strong>\u00a0Suletud k\u00e4igukast tagab tugevama seose<\/strong><\/p>\n<p><i class=\"far fa-check-circle fa-2x\"><\/i><strong>\u00a0Laiem ninaosa<\/strong><\/p>\n\t\t<\/div>\n\t\t\t\t\n<style>\n#col-174110401 > .col-inner {\n  margin: 0px 0px 15px 0px;\n}\n<\/style>\n\t<\/div>\n\n\t\n\n\t<div id=\"col-1744718420\" class=\"col medium-6 small-12 large-6\"  >\n\t\t\t\t<div class=\"col-inner\"  >\n\t\t\t\n\t\t\t\n<p><i class=\"far fa-check-circle fa-2x\"><\/i><strong>\u00a018V harjavabad mootorid tagavad kiirema seose<\/strong><\/p>\n<p><i class=\"far fa-check-circle fa-2x\"><\/i><strong>\u00a0Pikem ja kitsam k\u00e4epide \u2013 parem kasutusmugavus<\/strong><\/p>\n<p><i class=\"far fa-check-circle fa-2x\"><\/i><strong>\u00a0\u00dchendus elektroonilisele pikendusvarrele<\/strong><\/p>\n<p><i class=\"far fa-check-circle fa-2x\"><\/i><strong>\u00a0Seos on kiirem \u2013 0,6-0,8 sek\/seos<\/strong><\/p>\n<p><i class=\"far fa-check-circle fa-2x\"><\/i><strong>\u00a0Seos on tugevam<\/strong><\/p>\n\t\t<\/div>\n\t\t\t\t\n<style>\n#col-1744718420 > .col-inner {\n  margin: 0px 0px 15px 0px;\n}\n<\/style>\n\t<\/div>\n\n\t\n<\/div>\n\t\t<\/div>\n\t\t\t\t\t<\/div>\n\n\t\n<\/div>\n<\/div><\/div><\/div>\n\t<div id=\"gap-455964788\" class=\"gap-element clearfix\" style=\"display:block; height:auto;\">\n\t\t\n<style>\n#gap-455964788 {\n  padding-top: 30px;\n}\n<\/style>\n\t<\/div>\n\t\n<p><strong>Kasutusalad: <\/strong><br \/>\n&#8211; Betoonelementide tootmine<br \/>\n&#8211; P\u00f5randate ja seinte armeerimine<br \/>\n&#8211; P\u00f5randak\u00fcttetorude paigaldamine<\/p>\n<p><strong>Komplektis 2 akut, laadija, plastkohver.<\/strong><\/p>\n\t\t<\/div>\n\t\t\t\t\t<\/div>\n\n\t\n\n\t<div id=\"col-408778577\" class=\"col medium-3 small-12 large-3\"  >\n\t\t\t\t<div class=\"col-inner\"  >\n\t\t\t\n\t\t\t\n\t<div id=\"gap-427801073\" class=\"gap-element clearfix\" style=\"display:block; height:auto;\">\n\t\t\n<style>\n#gap-427801073 {\n  padding-top: 30px;\n}\n<\/style>\n\t<\/div>\n\t\n<h3>Kasutusjuhend<\/h3>\n<p><a href=\"https:\/\/espak.ee\/epood\/wp-content\/uploads\/2025\/09\/Tjep-UG-40-kasutusjuhend.pdf\"target=\"_blank\" rel=\"noopener noreferrer\"><i class=\"far fa-file-pdf\"><\/i> Kasutusjuhend (PDF)<\/a><\/p>\n<div class=\"is-divider divider clearfix\" ><\/div>\n<p><strong>\u00dcksikasjalikuma n\u00f5u saamiseks v\u00f5tke \u00fchendust:<br \/><\/strong>Espak AS<br \/>Viadukti 42<br \/>11313<br \/>Tallinn<br \/> T\u00f6\u00f6riista osakond +372 6512 335<br \/><a href=\"mailto:tooriist@espak.ee\">tooriist@espak.ee<\/a><\/p>\n\t\t<\/div>\n\t\t\t\t\t<\/div>\n\n\t\n<\/div>\n","protected":false},"excerpt":{"rendered":"","protected":false},"featured_media":250885,"comment_status":"closed","ping_status":"closed","template":"","meta":[],"product_brand":[],"product_cat":[2741,2733,2680,2679],"product_tag":[],"class_list":{"0":"post-250769","1":"product","2":"type-product","3":"status-publish","4":"has-post-thumbnail","6":"product_cat-akuga-eritooriistad","7":"product_cat-akutooriistad","8":"product_cat-elektritooriistad","9":"product_cat-tooriistad","10":"pa_kaubamark-tjep","12":"first","13":"onbackorder","14":"sale","15":"taxable","16":"shipping-taxable","17":"purchasable","18":"product-type-simple"},"yoast_head":"<!-- This site is optimized with the Yoast SEO plugin v26.9 - https:\/\/yoast.com\/product\/yoast-seo-wordpress\/ -->\n<title>AKUARMATUURISIDUJA TJEP ULTRA GRIP 40- TELLIMISEL - Espak E-pood<\/title>\n<meta name=\"robots\" content=\"index, follow, max-snippet:-1, max-image-preview:large, max-video-preview:-1\" \/>\n<link rel=\"canonical\" href=\"https:\/\/espak.ee\/epood\/toode\/akuarmatuurisiduja-tjep-ultra-grip-40-tellimisel\/\" \/>\n<meta property=\"og:locale\" content=\"et_EE\" \/>\n<meta property=\"og:type\" content=\"article\" \/>\n<meta property=\"og:title\" content=\"AKUARMATUURISIDUJA TJEP ULTRA GRIP 40- TELLIMISEL - Espak E-pood\" \/>\n<meta property=\"og:url\" content=\"https:\/\/espak.ee\/epood\/toode\/akuarmatuurisiduja-tjep-ultra-grip-40-tellimisel\/\" \/>\n<meta property=\"og:site_name\" content=\"Espak E-pood\" \/>\n<meta property=\"article:modified_time\" content=\"2025-10-20T11:25:03+00:00\" \/>\n<meta property=\"og:image\" content=\"https:\/\/espak.ee\/epood\/wp-content\/uploads\/2025\/09\/124002_TJEP-Ultra-Grip-40_01.jpg\" \/>\n\t<meta property=\"og:image:width\" content=\"1000\" \/>\n\t<meta property=\"og:image:height\" content=\"1000\" \/>\n\t<meta property=\"og:image:type\" content=\"image\/jpeg\" \/>\n<meta name=\"twitter:card\" content=\"summary_large_image\" \/>\n<meta name=\"twitter:label1\" content=\"Est. reading time\" \/>\n\t<meta name=\"twitter:data1\" content=\"1 minut\" \/>\n<script type=\"application\/ld+json\" class=\"yoast-schema-graph\">{\"@context\":\"https:\/\/schema.org\",\"@graph\":[{\"@type\":\"WebPage\",\"@id\":\"https:\/\/espak.ee\/epood\/toode\/akuarmatuurisiduja-tjep-ultra-grip-40-tellimisel\/\",\"url\":\"https:\/\/espak.ee\/epood\/toode\/akuarmatuurisiduja-tjep-ultra-grip-40-tellimisel\/\",\"name\":\"AKUARMATUURISIDUJA TJEP ULTRA GRIP 40- TELLIMISEL - Espak E-pood\",\"isPartOf\":{\"@id\":\"https:\/\/espak.ee\/epood\/#website\"},\"primaryImageOfPage\":{\"@id\":\"https:\/\/espak.ee\/epood\/toode\/akuarmatuurisiduja-tjep-ultra-grip-40-tellimisel\/#primaryimage\"},\"image\":{\"@id\":\"https:\/\/espak.ee\/epood\/toode\/akuarmatuurisiduja-tjep-ultra-grip-40-tellimisel\/#primaryimage\"},\"thumbnailUrl\":\"https:\/\/espak.ee\/epood\/wp-content\/uploads\/2025\/09\/124002_TJEP-Ultra-Grip-40_01.jpg\",\"datePublished\":\"2025-09-25T02:05:39+00:00\",\"dateModified\":\"2025-10-20T11:25:03+00:00\",\"breadcrumb\":{\"@id\":\"https:\/\/espak.ee\/epood\/toode\/akuarmatuurisiduja-tjep-ultra-grip-40-tellimisel\/#breadcrumb\"},\"inLanguage\":\"et\",\"potentialAction\":[{\"@type\":\"ReadAction\",\"target\":[\"https:\/\/espak.ee\/epood\/toode\/akuarmatuurisiduja-tjep-ultra-grip-40-tellimisel\/\"]}]},{\"@type\":\"ImageObject\",\"inLanguage\":\"et\",\"@id\":\"https:\/\/espak.ee\/epood\/toode\/akuarmatuurisiduja-tjep-ultra-grip-40-tellimisel\/#primaryimage\",\"url\":\"https:\/\/espak.ee\/epood\/wp-content\/uploads\/2025\/09\/124002_TJEP-Ultra-Grip-40_01.jpg\",\"contentUrl\":\"https:\/\/espak.ee\/epood\/wp-content\/uploads\/2025\/09\/124002_TJEP-Ultra-Grip-40_01.jpg\",\"width\":1000,\"height\":1000},{\"@type\":\"BreadcrumbList\",\"@id\":\"https:\/\/espak.ee\/epood\/toode\/akuarmatuurisiduja-tjep-ultra-grip-40-tellimisel\/#breadcrumb\",\"itemListElement\":[{\"@type\":\"ListItem\",\"position\":1,\"name\":\"Home\",\"item\":\"https:\/\/espak.ee\/epood\/\"},{\"@type\":\"ListItem\",\"position\":2,\"name\":\"Tootevalik\",\"item\":\"https:\/\/espak.ee\/epood\/tootevalik\/\"},{\"@type\":\"ListItem\",\"position\":3,\"name\":\"AKUARMATUURISIDUJA TJEP ULTRA GRIP 40- TELLIMISEL\"}]},{\"@type\":\"WebSite\",\"@id\":\"https:\/\/espak.ee\/epood\/#website\",\"url\":\"https:\/\/espak.ee\/epood\/\",\"name\":\"Espak E-pood\",\"description\":\"\",\"potentialAction\":[{\"@type\":\"SearchAction\",\"target\":{\"@type\":\"EntryPoint\",\"urlTemplate\":\"https:\/\/espak.ee\/epood\/?s={search_term_string}\"},\"query-input\":{\"@type\":\"PropertyValueSpecification\",\"valueRequired\":true,\"valueName\":\"search_term_string\"}}],\"inLanguage\":\"et\"}]}<\/script>\n<!-- \/ Yoast SEO plugin. -->","yoast_head_json":{"title":"AKUARMATUURISIDUJA TJEP ULTRA GRIP 40- TELLIMISEL - Espak E-pood","robots":{"index":"index","follow":"follow","max-snippet":"max-snippet:-1","max-image-preview":"max-image-preview:large","max-video-preview":"max-video-preview:-1"},"canonical":"https:\/\/espak.ee\/epood\/toode\/akuarmatuurisiduja-tjep-ultra-grip-40-tellimisel\/","og_locale":"et_EE","og_type":"article","og_title":"AKUARMATUURISIDUJA TJEP ULTRA GRIP 40- TELLIMISEL - Espak E-pood","og_url":"https:\/\/espak.ee\/epood\/toode\/akuarmatuurisiduja-tjep-ultra-grip-40-tellimisel\/","og_site_name":"Espak E-pood","article_modified_time":"2025-10-20T11:25:03+00:00","og_image":[{"width":1000,"height":1000,"url":"https:\/\/espak.ee\/epood\/wp-content\/uploads\/2025\/09\/124002_TJEP-Ultra-Grip-40_01.jpg","type":"image\/jpeg"}],"twitter_card":"summary_large_image","twitter_misc":{"Est. reading time":"1 minut"},"schema":{"@context":"https:\/\/schema.org","@graph":[{"@type":"WebPage","@id":"https:\/\/espak.ee\/epood\/toode\/akuarmatuurisiduja-tjep-ultra-grip-40-tellimisel\/","url":"https:\/\/espak.ee\/epood\/toode\/akuarmatuurisiduja-tjep-ultra-grip-40-tellimisel\/","name":"AKUARMATUURISIDUJA TJEP ULTRA GRIP 40- TELLIMISEL - Espak E-pood","isPartOf":{"@id":"https:\/\/espak.ee\/epood\/#website"},"primaryImageOfPage":{"@id":"https:\/\/espak.ee\/epood\/toode\/akuarmatuurisiduja-tjep-ultra-grip-40-tellimisel\/#primaryimage"},"image":{"@id":"https:\/\/espak.ee\/epood\/toode\/akuarmatuurisiduja-tjep-ultra-grip-40-tellimisel\/#primaryimage"},"thumbnailUrl":"https:\/\/espak.ee\/epood\/wp-content\/uploads\/2025\/09\/124002_TJEP-Ultra-Grip-40_01.jpg","datePublished":"2025-09-25T02:05:39+00:00","dateModified":"2025-10-20T11:25:03+00:00","breadcrumb":{"@id":"https:\/\/espak.ee\/epood\/toode\/akuarmatuurisiduja-tjep-ultra-grip-40-tellimisel\/#breadcrumb"},"inLanguage":"et","potentialAction":[{"@type":"ReadAction","target":["https:\/\/espak.ee\/epood\/toode\/akuarmatuurisiduja-tjep-ultra-grip-40-tellimisel\/"]}]},{"@type":"ImageObject","inLanguage":"et","@id":"https:\/\/espak.ee\/epood\/toode\/akuarmatuurisiduja-tjep-ultra-grip-40-tellimisel\/#primaryimage","url":"https:\/\/espak.ee\/epood\/wp-content\/uploads\/2025\/09\/124002_TJEP-Ultra-Grip-40_01.jpg","contentUrl":"https:\/\/espak.ee\/epood\/wp-content\/uploads\/2025\/09\/124002_TJEP-Ultra-Grip-40_01.jpg","width":1000,"height":1000},{"@type":"BreadcrumbList","@id":"https:\/\/espak.ee\/epood\/toode\/akuarmatuurisiduja-tjep-ultra-grip-40-tellimisel\/#breadcrumb","itemListElement":[{"@type":"ListItem","position":1,"name":"Home","item":"https:\/\/espak.ee\/epood\/"},{"@type":"ListItem","position":2,"name":"Tootevalik","item":"https:\/\/espak.ee\/epood\/tootevalik\/"},{"@type":"ListItem","position":3,"name":"AKUARMATUURISIDUJA TJEP ULTRA GRIP 40- TELLIMISEL"}]},{"@type":"WebSite","@id":"https:\/\/espak.ee\/epood\/#website","url":"https:\/\/espak.ee\/epood\/","name":"Espak E-pood","description":"","potentialAction":[{"@type":"SearchAction","target":{"@type":"EntryPoint","urlTemplate":"https:\/\/espak.ee\/epood\/?s={search_term_string}"},"query-input":{"@type":"PropertyValueSpecification","valueRequired":true,"valueName":"search_term_string"}}],"inLanguage":"et"}]}},"_links":{"self":[{"href":"https:\/\/espak.ee\/epood\/wp-json\/wp\/v2\/product\/250769","targetHints":{"allow":["GET"]}}],"collection":[{"href":"https:\/\/espak.ee\/epood\/wp-json\/wp\/v2\/product"}],"about":[{"href":"https:\/\/espak.ee\/epood\/wp-json\/wp\/v2\/types\/product"}],"replies":[{"embeddable":true,"href":"https:\/\/espak.ee\/epood\/wp-json\/wp\/v2\/comments?post=250769"}],"wp:featuredmedia":[{"embeddable":true,"href":"https:\/\/espak.ee\/epood\/wp-json\/wp\/v2\/media\/250885"}],"wp:attachment":[{"href":"https:\/\/espak.ee\/epood\/wp-json\/wp\/v2\/media?parent=250769"}],"wp:term":[{"taxonomy":"product_brand","embeddable":true,"href":"https:\/\/espak.ee\/epood\/wp-json\/wp\/v2\/product_brand?post=250769"},{"taxonomy":"product_cat","embeddable":true,"href":"https:\/\/espak.ee\/epood\/wp-json\/wp\/v2\/product_cat?post=250769"},{"taxonomy":"product_tag","embeddable":true,"href":"https:\/\/espak.ee\/epood\/wp-json\/wp\/v2\/product_tag?post=250769"}],"curies":[{"name":"wp","href":"https:\/\/api.w.org\/{rel}","templated":true}]}}