{"id":250735,"date":"2025-09-25T05:05:01","date_gmt":"2025-09-25T02:05:01","guid":{"rendered":"https:\/\/espak.ee\/epood\/?post_type=product&#038;p=250735"},"modified":"2025-09-25T09:44:36","modified_gmt":"2025-09-25T06:44:36","slug":"talvejope-wortex-nordy-w950-kollane-m","status":"publish","type":"product","link":"https:\/\/espak.ee\/epood\/toode\/talvejope-wortex-nordy-w950-kollane-m\/","title":{"rendered":"TALVEJOPE WORTEX NORDY W950 KOLLANE M"},"content":{"rendered":"<div class=\"row\"  id=\"row-458519020\">\n\n\t<div id=\"col-838789510\" class=\"col medium-9 small-12 large-9\"  >\n\t\t\t\t<div class=\"col-inner\"  >\n\t\t\t\n\t\t\t\n<h2>WORTEX W950 softshell talvine t\u00f6\u00f6jope M <\/h2>\n<p>WORTEX W950 softshell talvine t\u00f6\u00f6jope. Softshell jope on mugav, hea h\u00f5\u00f5rdumiskindlusega ja ilmastikukindel. Soe vooder, reguleeritavad k\u00e4ised, k\u00f5rge kaelus, kapuuts ja pikendatud tagaosa hoiavad kandja soojas. Katkendliku mustriga kuumliimitud helkurribad torsol, varrukatel, \u00f5lgadel ja kapuutsil tagavad n\u00e4htavuse igas asendis. Jopel on kaks mahukat lukuga k\u00fcljetaskut, millel on sees soe fliisvooder ja v\u00e4line rinnatasku. Kindel valik talviseks hooajaks!<\/p>\n<p>> Materjal 1 \u2013 kolmekihiline softshell: 100% pol\u00fcester, TPU membraan, 290 g\/m\u00b2<br \/>\n> Materjal 2 \u2013 95% pol\u00fcester, 5% spandeks, 200 g\/m\u00b2<br \/>\n> Vooder \u2013 100% pol\u00fcester<br \/>\n> Veepidavus \u2013 3000 wp<br \/>\n> Hingavus \u2013 3000 mvp<\/p>\n\t\t<\/div>\n\t\t\t\t\t<\/div>\n\n\t\n\n\t<div id=\"col-503382212\" class=\"col medium-3 small-12 large-3\"  >\n\t\t\t\t<div class=\"col-inner\"  >\n\t\t\t\n\t\t\t\n\t<div id=\"gap-1181872635\" class=\"gap-element clearfix\" style=\"display:block; height:auto;\">\n\t\t\n<style>\n#gap-1181872635 {\n  padding-top: 30px;\n}\n<\/style>\n\t<\/div>\n\t\n<div class=\"is-divider divider clearfix\" ><\/div>\n<p><strong>\u00dcksikasjalikuma n\u00f5u saamiseks v\u00f5tke \u00fchendust:<br \/><\/strong>Becky AS<br \/>Laki 30A \/ Kadaka tee 129<br \/>12915<br \/>Tallinn<br \/>+372 670 6880<\/p>\n<div class=\"is-divider divider clearfix\" ><\/div>\n\t\t<\/div>\n\t\t\t\t\t<\/div>\n\n\t\n<\/div>\n","protected":false},"excerpt":{"rendered":"","protected":false},"featured_media":250793,"comment_status":"closed","ping_status":"closed","template":"","meta":[],"product_brand":[],"product_cat":[2788,3025,2972,3023],"product_tag":[],"class_list":{"0":"post-250735","1":"product","2":"type-product","3":"status-publish","4":"has-post-thumbnail","6":"product_cat-aiatarbed-ja-kodukaubad","7":"product_cat-riided","8":"product_cat-tookaitsevahendid","9":"product_cat-tooroivad","10":"pa_kaubamark-becky-as","12":"first","13":"outofstock","14":"sale","15":"taxable","16":"shipping-taxable","17":"purchasable","18":"product-type-simple"},"yoast_head":"<!-- This site is optimized with the Yoast SEO plugin v26.9 - https:\/\/yoast.com\/product\/yoast-seo-wordpress\/ -->\n<title>TALVEJOPE WORTEX NORDY W950 KOLLANE M - Espak E-pood<\/title>\n<meta name=\"robots\" content=\"index, follow, max-snippet:-1, max-image-preview:large, max-video-preview:-1\" \/>\n<link rel=\"canonical\" href=\"https:\/\/espak.ee\/epood\/toode\/talvejope-wortex-nordy-w950-kollane-m\/\" \/>\n<meta property=\"og:locale\" content=\"et_EE\" \/>\n<meta property=\"og:type\" content=\"article\" \/>\n<meta property=\"og:title\" content=\"TALVEJOPE WORTEX NORDY W950 KOLLANE M - Espak E-pood\" \/>\n<meta property=\"og:url\" content=\"https:\/\/espak.ee\/epood\/toode\/talvejope-wortex-nordy-w950-kollane-m\/\" \/>\n<meta property=\"og:site_name\" content=\"Espak E-pood\" \/>\n<meta property=\"article:modified_time\" content=\"2025-09-25T06:44:36+00:00\" \/>\n<meta property=\"og:image\" content=\"https:\/\/espak.ee\/epood\/wp-content\/uploads\/2025\/09\/WORTEX-W950-korgnahtav-talvejope.jpg\" \/>\n\t<meta property=\"og:image:width\" content=\"1024\" \/>\n\t<meta property=\"og:image:height\" content=\"1024\" \/>\n\t<meta property=\"og:image:type\" content=\"image\/jpeg\" \/>\n<meta name=\"twitter:card\" content=\"summary_large_image\" \/>\n<meta name=\"twitter:label1\" content=\"Est. reading time\" \/>\n\t<meta name=\"twitter:data1\" content=\"1 minut\" \/>\n<script type=\"application\/ld+json\" class=\"yoast-schema-graph\">{\"@context\":\"https:\/\/schema.org\",\"@graph\":[{\"@type\":\"WebPage\",\"@id\":\"https:\/\/espak.ee\/epood\/toode\/talvejope-wortex-nordy-w950-kollane-m\/\",\"url\":\"https:\/\/espak.ee\/epood\/toode\/talvejope-wortex-nordy-w950-kollane-m\/\",\"name\":\"TALVEJOPE WORTEX NORDY W950 KOLLANE M - Espak E-pood\",\"isPartOf\":{\"@id\":\"https:\/\/espak.ee\/epood\/#website\"},\"primaryImageOfPage\":{\"@id\":\"https:\/\/espak.ee\/epood\/toode\/talvejope-wortex-nordy-w950-kollane-m\/#primaryimage\"},\"image\":{\"@id\":\"https:\/\/espak.ee\/epood\/toode\/talvejope-wortex-nordy-w950-kollane-m\/#primaryimage\"},\"thumbnailUrl\":\"https:\/\/espak.ee\/epood\/wp-content\/uploads\/2025\/09\/WORTEX-W950-korgnahtav-talvejope.jpg\",\"datePublished\":\"2025-09-25T02:05:01+00:00\",\"dateModified\":\"2025-09-25T06:44:36+00:00\",\"breadcrumb\":{\"@id\":\"https:\/\/espak.ee\/epood\/toode\/talvejope-wortex-nordy-w950-kollane-m\/#breadcrumb\"},\"inLanguage\":\"et\",\"potentialAction\":[{\"@type\":\"ReadAction\",\"target\":[\"https:\/\/espak.ee\/epood\/toode\/talvejope-wortex-nordy-w950-kollane-m\/\"]}]},{\"@type\":\"ImageObject\",\"inLanguage\":\"et\",\"@id\":\"https:\/\/espak.ee\/epood\/toode\/talvejope-wortex-nordy-w950-kollane-m\/#primaryimage\",\"url\":\"https:\/\/espak.ee\/epood\/wp-content\/uploads\/2025\/09\/WORTEX-W950-korgnahtav-talvejope.jpg\",\"contentUrl\":\"https:\/\/espak.ee\/epood\/wp-content\/uploads\/2025\/09\/WORTEX-W950-korgnahtav-talvejope.jpg\",\"width\":1024,\"height\":1024},{\"@type\":\"BreadcrumbList\",\"@id\":\"https:\/\/espak.ee\/epood\/toode\/talvejope-wortex-nordy-w950-kollane-m\/#breadcrumb\",\"itemListElement\":[{\"@type\":\"ListItem\",\"position\":1,\"name\":\"Home\",\"item\":\"https:\/\/espak.ee\/epood\/\"},{\"@type\":\"ListItem\",\"position\":2,\"name\":\"Tootevalik\",\"item\":\"https:\/\/espak.ee\/epood\/tootevalik\/\"},{\"@type\":\"ListItem\",\"position\":3,\"name\":\"TALVEJOPE WORTEX NORDY W950 KOLLANE M\"}]},{\"@type\":\"WebSite\",\"@id\":\"https:\/\/espak.ee\/epood\/#website\",\"url\":\"https:\/\/espak.ee\/epood\/\",\"name\":\"Espak E-pood\",\"description\":\"\",\"potentialAction\":[{\"@type\":\"SearchAction\",\"target\":{\"@type\":\"EntryPoint\",\"urlTemplate\":\"https:\/\/espak.ee\/epood\/?s={search_term_string}\"},\"query-input\":{\"@type\":\"PropertyValueSpecification\",\"valueRequired\":true,\"valueName\":\"search_term_string\"}}],\"inLanguage\":\"et\"}]}<\/script>\n<!-- \/ Yoast SEO plugin. -->","yoast_head_json":{"title":"TALVEJOPE WORTEX NORDY W950 KOLLANE M - Espak E-pood","robots":{"index":"index","follow":"follow","max-snippet":"max-snippet:-1","max-image-preview":"max-image-preview:large","max-video-preview":"max-video-preview:-1"},"canonical":"https:\/\/espak.ee\/epood\/toode\/talvejope-wortex-nordy-w950-kollane-m\/","og_locale":"et_EE","og_type":"article","og_title":"TALVEJOPE WORTEX NORDY W950 KOLLANE M - Espak E-pood","og_url":"https:\/\/espak.ee\/epood\/toode\/talvejope-wortex-nordy-w950-kollane-m\/","og_site_name":"Espak E-pood","article_modified_time":"2025-09-25T06:44:36+00:00","og_image":[{"width":1024,"height":1024,"url":"https:\/\/espak.ee\/epood\/wp-content\/uploads\/2025\/09\/WORTEX-W950-korgnahtav-talvejope.jpg","type":"image\/jpeg"}],"twitter_card":"summary_large_image","twitter_misc":{"Est. reading time":"1 minut"},"schema":{"@context":"https:\/\/schema.org","@graph":[{"@type":"WebPage","@id":"https:\/\/espak.ee\/epood\/toode\/talvejope-wortex-nordy-w950-kollane-m\/","url":"https:\/\/espak.ee\/epood\/toode\/talvejope-wortex-nordy-w950-kollane-m\/","name":"TALVEJOPE WORTEX NORDY W950 KOLLANE M - Espak E-pood","isPartOf":{"@id":"https:\/\/espak.ee\/epood\/#website"},"primaryImageOfPage":{"@id":"https:\/\/espak.ee\/epood\/toode\/talvejope-wortex-nordy-w950-kollane-m\/#primaryimage"},"image":{"@id":"https:\/\/espak.ee\/epood\/toode\/talvejope-wortex-nordy-w950-kollane-m\/#primaryimage"},"thumbnailUrl":"https:\/\/espak.ee\/epood\/wp-content\/uploads\/2025\/09\/WORTEX-W950-korgnahtav-talvejope.jpg","datePublished":"2025-09-25T02:05:01+00:00","dateModified":"2025-09-25T06:44:36+00:00","breadcrumb":{"@id":"https:\/\/espak.ee\/epood\/toode\/talvejope-wortex-nordy-w950-kollane-m\/#breadcrumb"},"inLanguage":"et","potentialAction":[{"@type":"ReadAction","target":["https:\/\/espak.ee\/epood\/toode\/talvejope-wortex-nordy-w950-kollane-m\/"]}]},{"@type":"ImageObject","inLanguage":"et","@id":"https:\/\/espak.ee\/epood\/toode\/talvejope-wortex-nordy-w950-kollane-m\/#primaryimage","url":"https:\/\/espak.ee\/epood\/wp-content\/uploads\/2025\/09\/WORTEX-W950-korgnahtav-talvejope.jpg","contentUrl":"https:\/\/espak.ee\/epood\/wp-content\/uploads\/2025\/09\/WORTEX-W950-korgnahtav-talvejope.jpg","width":1024,"height":1024},{"@type":"BreadcrumbList","@id":"https:\/\/espak.ee\/epood\/toode\/talvejope-wortex-nordy-w950-kollane-m\/#breadcrumb","itemListElement":[{"@type":"ListItem","position":1,"name":"Home","item":"https:\/\/espak.ee\/epood\/"},{"@type":"ListItem","position":2,"name":"Tootevalik","item":"https:\/\/espak.ee\/epood\/tootevalik\/"},{"@type":"ListItem","position":3,"name":"TALVEJOPE WORTEX NORDY W950 KOLLANE M"}]},{"@type":"WebSite","@id":"https:\/\/espak.ee\/epood\/#website","url":"https:\/\/espak.ee\/epood\/","name":"Espak E-pood","description":"","potentialAction":[{"@type":"SearchAction","target":{"@type":"EntryPoint","urlTemplate":"https:\/\/espak.ee\/epood\/?s={search_term_string}"},"query-input":{"@type":"PropertyValueSpecification","valueRequired":true,"valueName":"search_term_string"}}],"inLanguage":"et"}]}},"_links":{"self":[{"href":"https:\/\/espak.ee\/epood\/wp-json\/wp\/v2\/product\/250735","targetHints":{"allow":["GET"]}}],"collection":[{"href":"https:\/\/espak.ee\/epood\/wp-json\/wp\/v2\/product"}],"about":[{"href":"https:\/\/espak.ee\/epood\/wp-json\/wp\/v2\/types\/product"}],"replies":[{"embeddable":true,"href":"https:\/\/espak.ee\/epood\/wp-json\/wp\/v2\/comments?post=250735"}],"wp:featuredmedia":[{"embeddable":true,"href":"https:\/\/espak.ee\/epood\/wp-json\/wp\/v2\/media\/250793"}],"wp:attachment":[{"href":"https:\/\/espak.ee\/epood\/wp-json\/wp\/v2\/media?parent=250735"}],"wp:term":[{"taxonomy":"product_brand","embeddable":true,"href":"https:\/\/espak.ee\/epood\/wp-json\/wp\/v2\/product_brand?post=250735"},{"taxonomy":"product_cat","embeddable":true,"href":"https:\/\/espak.ee\/epood\/wp-json\/wp\/v2\/product_cat?post=250735"},{"taxonomy":"product_tag","embeddable":true,"href":"https:\/\/espak.ee\/epood\/wp-json\/wp\/v2\/product_tag?post=250735"}],"curies":[{"name":"wp","href":"https:\/\/api.w.org\/{rel}","templated":true}]}}