{"id":250714,"date":"2025-09-25T05:05:01","date_gmt":"2025-09-25T02:05:01","guid":{"rendered":"https:\/\/espak.ee\/epood\/?post_type=product&#038;p=250714"},"modified":"2025-09-25T12:59:35","modified_gmt":"2025-09-25T09:59:35","slug":"muurisegu-weber-m100-600-hall-1000kg","status":"publish","type":"product","link":"https:\/\/espak.ee\/epood\/toode\/muurisegu-weber-m100-600-hall-1000kg\/","title":{"rendered":"M\u00dc\u00dcRISEGU WEBER M100\/600 HALL 1000KG"},"content":{"rendered":"<div class=\"row\"  id=\"row-1168283452\">\n\n\t<div id=\"col-912126225\" class=\"col medium-9 small-12 large-9\"  >\n\t\t\t\t<div class=\"col-inner\"  >\n\t\t\t\n\t\t\t\n<h3>M\u00fc\u00fcrisegu weber M100\/600 1000kg<\/h3>\n<p>Weber M100\/600 m\u00fc\u00fcrisegu on ette n\u00e4htud kergkruus -, kergbetoon- ja betoonplokkidest ning silikaatkividest ja tellistest m\u00fc\u00fcride ladumiseks. weber M100\/600 sobib ka v\u00e4litingimustes oleva korstna ja kamina kere ladumiseks. Survetugevusklass M10 <\/p>\n<div class=\"message-box relative\" style=\"padding-top:15px;padding-bottom:15px;\"><div class=\"message-box-bg-image bg-fill fill\" ><\/div><div class=\"message-box-bg-overlay bg-fill fill\" ><\/div><div class=\"container relative\"><div class=\"inner last-reset\">\n<div class=\"row align-middle align-center\"  id=\"row-1766203852\">\n\n\t<div id=\"col-1189295788\" class=\"col small-12 large-12\"  >\n\t\t\t\t<div class=\"col-inner text-left\"  >\n\t\t\t\n\t\t\t\n<h4>Omadused<\/h4>\n<div class=\"row\"  id=\"row-1394470842\">\n\n\t<div id=\"col-1454313395\" class=\"col medium-6 small-12 large-6\"  >\n\t\t\t\t<div class=\"col-inner\"  >\n\t\t\t\n\t\t\t\n<p><i class=\"fa fa-check fa-2x\"><\/i> <strong>Tugev  <\/strong><\/p>\n<p><i class=\"fa fa-check fa-2x\"><\/i> <strong>Plastne<\/strong><\/p>\n<p><i class=\"fa fa-check fa-2x\"><\/i> <strong>Ilmastikukindel<\/strong><\/p>\n\t\t<\/div>\n\t\t\t\t\n<style>\n#col-1454313395 > .col-inner {\n  margin: 0px 0px 15px 0px;\n}\n<\/style>\n\t<\/div>\n\n\t\n\n\t<div id=\"col-760206289\" class=\"col medium-6 small-12 large-6\"  >\n\t\t\t\t<div class=\"col-inner\"  >\n\t\t\t\n\t\t\t\n<p><i class=\"fa fa-check fa-2x\"><\/i> <strong>Lihtsalt paigaldatav<\/strong><\/p>\n<p><i class=\"fa fa-check fa-2x\"><\/i> <strong>Tiksotroopne<\/strong><\/p>\n\t\t<\/div>\n\t\t\t\t\n<style>\n#col-760206289 > .col-inner {\n  margin: 0px 0px 15px 0px;\n}\n<\/style>\n\t<\/div>\n\n\t\n<\/div>\n\t\t<\/div>\n\t\t\t\t\t<\/div>\n\n\t\n<\/div>\n<\/div><\/div><\/div>\n\t<div id=\"gap-1111467300\" class=\"gap-element clearfix\" style=\"display:block; height:auto;\">\n\t\t\n<style>\n#gap-1111467300 {\n  padding-top: 30px;\n}\n<\/style>\n\t<\/div>\n\t\n<p><strong>Kasutamine<\/strong><br \/>\nKivid ja plokid peavad olema puhtad. Enne m\u00fc\u00fcrit\u00f6\u00f6de algust ja ladumise ajal tuleb kaitsta k\u00f5iki ehitiseosi, mida m\u00fc\u00fcrit\u00f6\u00f6de ajal v\u00f5idakse kahjustada.<\/p>\n<p><strong>T\u00f6\u00f6juhised: <\/strong><br \/>\nM\u00fc\u00fcrt\u00f6\u00f6deks on parim tuulevaikne ja +10&#8230;+20 C kraadiga ilm. V\u00f5imaluse korral tuleks laotavat m\u00fc\u00fcri kaitsta tugeva tuule ja intensiivse p\u00e4ikese eest. Kergplokkide ladumisel v\u00f5iks m\u00fc\u00fcrisegu keskmine kihipaksus vuugis olla 15 mm, v\u00e4iksemate kivide (tellis) ladumisel soovitatavalt mitte v\u00e4hem kui 10 mm. \u00d5hemate vuukide korral v\u00f5ib plokkide v\u00f5i kivide rihtimne keeruliseks osutuda. Liiga paksu vuugiga (>20 mm) ladumisel v\u00f5ivad v\u00e4rskelt laotud kivid vajuma hakata, mist\u00f5ttu m\u00fc\u00fcr ei pruugi j\u00e4\u00e4da sile. Liiga niiskete (v\u00f5i m\u00e4rgade) ning kuumade ja kuivade kivide ladumisel v\u00f5ib m\u00f6rdi nake kiviga j\u00e4\u00e4da n\u00f5rgaks. M\u00fc\u00fcrikive ei tohi p\u00e4rast nakkumist ja paikarihtimist enam liigutada. M\u00fc\u00fcri ajutised katkestused on soovitatav teha astmelised. M\u00f6rdipritsmed tuleb eemaldada m\u00fc\u00fcri pinnalt enne m\u00f6rdi tardumist.<\/p>\n<p><strong>J\u00e4relhooldus: <\/strong><br \/>\nV\u00e4rskelt laotud m\u00fc\u00fcri kaitsta vihma ja muu ohustava niiskuse eest. Kuiva ja sooja ilmaga tuleb takistada m\u00fc\u00fcri liiga kiiret kuivamist. V\u00e4ga soojade ilmade ja intnesiivse p\u00e4iksepaistega m\u00fc\u00fcri ladudes on soovitatav m\u00fc\u00fcri 2-3 p\u00e4eva jooksul veega kergelt niisutada.\n<\/p>\n\t\t<\/div>\n\t\t\t\t\t<\/div>\n\n\t\n\n\t<div id=\"col-673819552\" class=\"col medium-3 small-12 large-3\"  >\n\t\t\t\t<div class=\"col-inner\"  >\n\t\t\t\n\t\t\t\n\t<div id=\"gap-1213762139\" class=\"gap-element clearfix\" style=\"display:block; height:auto;\">\n\t\t\n<style>\n#gap-1213762139 {\n  padding-top: 30px;\n}\n<\/style>\n\t<\/div>\n\t\n<h3>Ohutuskaart<\/h3>\n<p><a href=\"https:\/\/espak.ee\/epood\/wp-content\/uploads\/2025\/01\/SDSXXP01000209_-_2_-_Weber_M100_600_-_EE.pdf\"target=\"_blank\" rel=\"noopener noreferrer\"><i class=\"far fa-file-pdf\"><\/i> Ohutuskaart (PDF)<\/a><\/p>\n<h3>DoP<\/h3>\n<p><a href=\"https:\/\/espak.ee\/epood\/wp-content\/uploads\/2025\/01\/Dop_M100_600.pdf\"target=\"_blank\" rel=\"noopener noreferrer\"><i class=\"far fa-file-pdf\"><\/i> DoP (PDF)<\/a><\/p>\n<h3>Tooteleht<\/h3>\n<p><a href=\"https:\/\/espak.ee\/epood\/wp-content\/uploads\/2025\/01\/weber-M100_600-tooteleht.pdf\"target=\"_blank\" rel=\"noopener noreferrer\"><i class=\"far fa-file-pdf\"><\/i> Tooteleht (PDF)<\/a><\/p>\n<div class=\"is-divider divider clearfix\" ><\/div>\n<p><strong>\u00dcksikasjalikuma n\u00f5u saamiseks v\u00f5tke \u00fchendust:<br \/><\/strong>SAINT-GOBAIN EESTI AS<br \/>Peterburi tee 75<br \/>Tallinn, 11415<br \/>Telefon: +372 6209 510<\/p>\n<div class=\"is-divider divider clearfix\" ><\/div>\n\t\t<\/div>\n\t\t\t\t\t<\/div>\n\n\t\n<\/div>\n","protected":false},"excerpt":{"rendered":"","protected":false},"featured_media":250861,"comment_status":"closed","ping_status":"closed","template":"","meta":[],"product_brand":[],"product_cat":[2861,2698,2814,2697],"product_tag":[],"class_list":{"0":"post-250714","1":"product","2":"type-product","3":"status-publish","4":"has-post-thumbnail","6":"product_cat-muurisegud","7":"product_cat-pahtlid-ja-kuivsegud","8":"product_cat-tsementsegud","9":"product_cat-uldehitus","10":"pa_kaubamark-saint-gobain-ehitustooted-as","12":"first","13":"instock","14":"sale","15":"taxable","16":"shipping-taxable","17":"purchasable","18":"product-type-simple"},"yoast_head":"<!-- This site is optimized with the Yoast SEO plugin v26.9 - https:\/\/yoast.com\/product\/yoast-seo-wordpress\/ -->\n<title>M\u00dc\u00dcRISEGU WEBER M100\/600 HALL 1000KG - Espak E-pood<\/title>\n<meta name=\"robots\" content=\"index, follow, max-snippet:-1, max-image-preview:large, max-video-preview:-1\" \/>\n<link rel=\"canonical\" href=\"https:\/\/espak.ee\/epood\/toode\/muurisegu-weber-m100-600-hall-1000kg\/\" \/>\n<meta property=\"og:locale\" content=\"et_EE\" \/>\n<meta property=\"og:type\" content=\"article\" \/>\n<meta property=\"og:title\" content=\"M\u00dc\u00dcRISEGU WEBER M100\/600 HALL 1000KG - Espak E-pood\" \/>\n<meta property=\"og:url\" content=\"https:\/\/espak.ee\/epood\/toode\/muurisegu-weber-m100-600-hall-1000kg\/\" \/>\n<meta property=\"og:site_name\" content=\"Espak E-pood\" \/>\n<meta property=\"article:modified_time\" content=\"2025-09-25T09:59:35+00:00\" \/>\n<meta property=\"og:image\" content=\"https:\/\/espak.ee\/epood\/wp-content\/uploads\/2025\/09\/weber-M100_600-1000-kg_3-we-care.jpg\" \/>\n\t<meta property=\"og:image:width\" content=\"1000\" \/>\n\t<meta property=\"og:image:height\" content=\"1000\" \/>\n\t<meta property=\"og:image:type\" content=\"image\/jpeg\" \/>\n<meta name=\"twitter:card\" content=\"summary_large_image\" \/>\n<meta name=\"twitter:label1\" content=\"Est. reading time\" \/>\n\t<meta name=\"twitter:data1\" content=\"2 minutit\" \/>\n<script type=\"application\/ld+json\" class=\"yoast-schema-graph\">{\"@context\":\"https:\/\/schema.org\",\"@graph\":[{\"@type\":\"WebPage\",\"@id\":\"https:\/\/espak.ee\/epood\/toode\/muurisegu-weber-m100-600-hall-1000kg\/\",\"url\":\"https:\/\/espak.ee\/epood\/toode\/muurisegu-weber-m100-600-hall-1000kg\/\",\"name\":\"M\u00dc\u00dcRISEGU WEBER M100\/600 HALL 1000KG - Espak E-pood\",\"isPartOf\":{\"@id\":\"https:\/\/espak.ee\/epood\/#website\"},\"primaryImageOfPage\":{\"@id\":\"https:\/\/espak.ee\/epood\/toode\/muurisegu-weber-m100-600-hall-1000kg\/#primaryimage\"},\"image\":{\"@id\":\"https:\/\/espak.ee\/epood\/toode\/muurisegu-weber-m100-600-hall-1000kg\/#primaryimage\"},\"thumbnailUrl\":\"https:\/\/espak.ee\/epood\/wp-content\/uploads\/2025\/09\/weber-M100_600-1000-kg_3-we-care.jpg\",\"datePublished\":\"2025-09-25T02:05:01+00:00\",\"dateModified\":\"2025-09-25T09:59:35+00:00\",\"breadcrumb\":{\"@id\":\"https:\/\/espak.ee\/epood\/toode\/muurisegu-weber-m100-600-hall-1000kg\/#breadcrumb\"},\"inLanguage\":\"et\",\"potentialAction\":[{\"@type\":\"ReadAction\",\"target\":[\"https:\/\/espak.ee\/epood\/toode\/muurisegu-weber-m100-600-hall-1000kg\/\"]}]},{\"@type\":\"ImageObject\",\"inLanguage\":\"et\",\"@id\":\"https:\/\/espak.ee\/epood\/toode\/muurisegu-weber-m100-600-hall-1000kg\/#primaryimage\",\"url\":\"https:\/\/espak.ee\/epood\/wp-content\/uploads\/2025\/09\/weber-M100_600-1000-kg_3-we-care.jpg\",\"contentUrl\":\"https:\/\/espak.ee\/epood\/wp-content\/uploads\/2025\/09\/weber-M100_600-1000-kg_3-we-care.jpg\",\"width\":1000,\"height\":1000},{\"@type\":\"BreadcrumbList\",\"@id\":\"https:\/\/espak.ee\/epood\/toode\/muurisegu-weber-m100-600-hall-1000kg\/#breadcrumb\",\"itemListElement\":[{\"@type\":\"ListItem\",\"position\":1,\"name\":\"Home\",\"item\":\"https:\/\/espak.ee\/epood\/\"},{\"@type\":\"ListItem\",\"position\":2,\"name\":\"Tootevalik\",\"item\":\"https:\/\/espak.ee\/epood\/tootevalik\/\"},{\"@type\":\"ListItem\",\"position\":3,\"name\":\"M\u00dc\u00dcRISEGU WEBER M100\/600 HALL 1000KG\"}]},{\"@type\":\"WebSite\",\"@id\":\"https:\/\/espak.ee\/epood\/#website\",\"url\":\"https:\/\/espak.ee\/epood\/\",\"name\":\"Espak E-pood\",\"description\":\"\",\"potentialAction\":[{\"@type\":\"SearchAction\",\"target\":{\"@type\":\"EntryPoint\",\"urlTemplate\":\"https:\/\/espak.ee\/epood\/?s={search_term_string}\"},\"query-input\":{\"@type\":\"PropertyValueSpecification\",\"valueRequired\":true,\"valueName\":\"search_term_string\"}}],\"inLanguage\":\"et\"}]}<\/script>\n<!-- \/ Yoast SEO plugin. -->","yoast_head_json":{"title":"M\u00dc\u00dcRISEGU WEBER M100\/600 HALL 1000KG - Espak E-pood","robots":{"index":"index","follow":"follow","max-snippet":"max-snippet:-1","max-image-preview":"max-image-preview:large","max-video-preview":"max-video-preview:-1"},"canonical":"https:\/\/espak.ee\/epood\/toode\/muurisegu-weber-m100-600-hall-1000kg\/","og_locale":"et_EE","og_type":"article","og_title":"M\u00dc\u00dcRISEGU WEBER M100\/600 HALL 1000KG - Espak E-pood","og_url":"https:\/\/espak.ee\/epood\/toode\/muurisegu-weber-m100-600-hall-1000kg\/","og_site_name":"Espak E-pood","article_modified_time":"2025-09-25T09:59:35+00:00","og_image":[{"width":1000,"height":1000,"url":"https:\/\/espak.ee\/epood\/wp-content\/uploads\/2025\/09\/weber-M100_600-1000-kg_3-we-care.jpg","type":"image\/jpeg"}],"twitter_card":"summary_large_image","twitter_misc":{"Est. reading time":"2 minutit"},"schema":{"@context":"https:\/\/schema.org","@graph":[{"@type":"WebPage","@id":"https:\/\/espak.ee\/epood\/toode\/muurisegu-weber-m100-600-hall-1000kg\/","url":"https:\/\/espak.ee\/epood\/toode\/muurisegu-weber-m100-600-hall-1000kg\/","name":"M\u00dc\u00dcRISEGU WEBER M100\/600 HALL 1000KG - Espak E-pood","isPartOf":{"@id":"https:\/\/espak.ee\/epood\/#website"},"primaryImageOfPage":{"@id":"https:\/\/espak.ee\/epood\/toode\/muurisegu-weber-m100-600-hall-1000kg\/#primaryimage"},"image":{"@id":"https:\/\/espak.ee\/epood\/toode\/muurisegu-weber-m100-600-hall-1000kg\/#primaryimage"},"thumbnailUrl":"https:\/\/espak.ee\/epood\/wp-content\/uploads\/2025\/09\/weber-M100_600-1000-kg_3-we-care.jpg","datePublished":"2025-09-25T02:05:01+00:00","dateModified":"2025-09-25T09:59:35+00:00","breadcrumb":{"@id":"https:\/\/espak.ee\/epood\/toode\/muurisegu-weber-m100-600-hall-1000kg\/#breadcrumb"},"inLanguage":"et","potentialAction":[{"@type":"ReadAction","target":["https:\/\/espak.ee\/epood\/toode\/muurisegu-weber-m100-600-hall-1000kg\/"]}]},{"@type":"ImageObject","inLanguage":"et","@id":"https:\/\/espak.ee\/epood\/toode\/muurisegu-weber-m100-600-hall-1000kg\/#primaryimage","url":"https:\/\/espak.ee\/epood\/wp-content\/uploads\/2025\/09\/weber-M100_600-1000-kg_3-we-care.jpg","contentUrl":"https:\/\/espak.ee\/epood\/wp-content\/uploads\/2025\/09\/weber-M100_600-1000-kg_3-we-care.jpg","width":1000,"height":1000},{"@type":"BreadcrumbList","@id":"https:\/\/espak.ee\/epood\/toode\/muurisegu-weber-m100-600-hall-1000kg\/#breadcrumb","itemListElement":[{"@type":"ListItem","position":1,"name":"Home","item":"https:\/\/espak.ee\/epood\/"},{"@type":"ListItem","position":2,"name":"Tootevalik","item":"https:\/\/espak.ee\/epood\/tootevalik\/"},{"@type":"ListItem","position":3,"name":"M\u00dc\u00dcRISEGU WEBER M100\/600 HALL 1000KG"}]},{"@type":"WebSite","@id":"https:\/\/espak.ee\/epood\/#website","url":"https:\/\/espak.ee\/epood\/","name":"Espak E-pood","description":"","potentialAction":[{"@type":"SearchAction","target":{"@type":"EntryPoint","urlTemplate":"https:\/\/espak.ee\/epood\/?s={search_term_string}"},"query-input":{"@type":"PropertyValueSpecification","valueRequired":true,"valueName":"search_term_string"}}],"inLanguage":"et"}]}},"_links":{"self":[{"href":"https:\/\/espak.ee\/epood\/wp-json\/wp\/v2\/product\/250714","targetHints":{"allow":["GET"]}}],"collection":[{"href":"https:\/\/espak.ee\/epood\/wp-json\/wp\/v2\/product"}],"about":[{"href":"https:\/\/espak.ee\/epood\/wp-json\/wp\/v2\/types\/product"}],"replies":[{"embeddable":true,"href":"https:\/\/espak.ee\/epood\/wp-json\/wp\/v2\/comments?post=250714"}],"wp:featuredmedia":[{"embeddable":true,"href":"https:\/\/espak.ee\/epood\/wp-json\/wp\/v2\/media\/250861"}],"wp:attachment":[{"href":"https:\/\/espak.ee\/epood\/wp-json\/wp\/v2\/media?parent=250714"}],"wp:term":[{"taxonomy":"product_brand","embeddable":true,"href":"https:\/\/espak.ee\/epood\/wp-json\/wp\/v2\/product_brand?post=250714"},{"taxonomy":"product_cat","embeddable":true,"href":"https:\/\/espak.ee\/epood\/wp-json\/wp\/v2\/product_cat?post=250714"},{"taxonomy":"product_tag","embeddable":true,"href":"https:\/\/espak.ee\/epood\/wp-json\/wp\/v2\/product_tag?post=250714"}],"curies":[{"name":"wp","href":"https:\/\/api.w.org\/{rel}","templated":true}]}}