{"id":250372,"date":"2025-09-20T05:10:01","date_gmt":"2025-09-20T02:10:01","guid":{"rendered":"https:\/\/espak.ee\/epood\/?post_type=product&#038;p=250372"},"modified":"2025-09-23T09:05:00","modified_gmt":"2025-09-23T06:05:00","slug":"segisti-eleganta-el-015-20blm-335mm-matt-must-ravak-tellimisel","status":"publish","type":"product","link":"https:\/\/espak.ee\/epood\/toode\/segisti-eleganta-el-015-20blm-335mm-matt-must-ravak-tellimisel\/","title":{"rendered":"SEGISTI ELEGANTA EL 015.20BLM 335MM MATT MUST RAVAK &#8211; TELLIMISEL"},"content":{"rendered":"<div class=\"row\"  id=\"row-1827342641\">\n\n\t<div id=\"col-209196168\" class=\"col medium-9 small-12 large-9\"  >\n\t\t\t\t<div class=\"col-inner\"  >\n\t\t\t\n\t\t\t\n<h2>Segisti Eleganta 335 MM ilma \u00fclevooluta matt must &#8211; TELLIMISEL<\/h2>\n<p>K\u00f5rge valamusegisti sobib suurep\u00e4raselt t\u00f6\u00f6pinnaga valamutele. Elegantsus on ilu, mis tuleneb tasakaalust. See kajastub selle valamusegisti igas detailis. Vee vool vastab metalli stabiilsusele, samas kui \u00f5rn \u00fcmardus on seotud keha tugevusega. Tugev hoob sisseehitatud aeraatoriga.<br \/>\nSee, kas v\u00e4rvist saab vannitoa \u00fchendav element, on teie otsustada. T\u00e4nu sellele saate interj\u00f6\u00f6ri muljet t\u00e4ielikult muuta. Valige v\u00e4rv, mis annab teie vannitoale p\u00f6\u00f6rde.<br \/>\n<div class=\"is-divider divider clearfix\" ><\/div>\n&#8211; Veekraani k\u00f5rgus: 335 mm<br \/>\n&#8211; Padrun (l\u00e4bim\u00f5\u00f5t, materjal): 25 mm, keraamiline<br \/>\n&#8211; V\u00e4rv: BLM: Black Matt &#8211; must matt<br \/>\n&#8211; \u00dchendusvoolikud: painduvad 700 mm, l\u00e4bim\u00f5\u00f5t G3\/8<br \/>\n&#8211; \u00dclevool: ei<br \/>\n&#8211; Segisti garantii: 5 aastat<br \/>\n&#8211; Sobib: lauapealsetele kraanikaussidele<\/p>\n\t<div id=\"gap-1380350226\" class=\"gap-element clearfix\" style=\"display:block; height:auto;\">\n\t\t\n<style>\n#gap-1380350226 {\n  padding-top: 30px;\n}\n<\/style>\n\t<\/div>\n\t\nSegisti sees on geniaalne EcoFlow funktsiooniga aeraator. Vooluhulk on piiratud 5 l minutis ja \u00f5huga rikastatud. T\u00f5en\u00e4oliselt ei pane te seda t\u00e4helegi, kuid see m\u00f5jutab teie veetarbimist, mis on v\u00e4iksem kui tavalise aku puhul.<\/p>\n<p>Vannitoa terviklikuks kujunduseks soovitame valida teised sama v\u00e4rvi Eleganta segistid. V\u00e4lispinna puhastamiseks on soovitatav kasutada RAVAK Cleaner Chrome&#8217;i.<\/p>\n\t<div id=\"gap-259445634\" class=\"gap-element clearfix\" style=\"display:block; height:auto;\">\n\t\t\n<style>\n#gap-259445634 {\n  padding-top: 30px;\n}\n<\/style>\n\t<\/div>\n\t\n\t\t<\/div>\n\t\t\t\t\t<\/div>\n\n\t\n\n\t<div id=\"col-369742462\" class=\"col medium-3 small-12 large-3\"  >\n\t\t\t\t<div class=\"col-inner\"  >\n\t\t\t\n\t\t\t\n<h3>Tootekataloog<\/h3>\n<p><a href=\"https:\/\/espak.ee\/epood\/wp-content\/uploads\/2022\/06\/ravak_collection_2022_ee.pdf\" target=\"_blank\" rel=\"noopener noreferrer\"><i class=\"far fa-file-pdf\"><\/i> Tootekataloog (PDF)<\/a><\/p>\n<div class=\"is-divider divider clearfix\" ><\/div>\n<p><strong>\u00dcksikasjalikuma n\u00f5u saamiseks v\u00f5tke \u00fchendust:<br \/><\/strong> Ravak Baltic UAB<br \/><a href=\"mailto:info@ravak.ee\">info@ravak.ee<\/a><\/p>\n<div class=\"is-divider divider clearfix\" ><\/div>\n\t\t<\/div>\n\t\t\t\t\t<\/div>\n\n\t\n<\/div>\n","protected":false},"excerpt":{"rendered":"","protected":false},"featured_media":250591,"comment_status":"closed","ping_status":"closed","template":"","meta":[],"product_brand":[],"product_cat":[2826,2819,2820,2821],"product_tag":[],"class_list":{"0":"post-250372","1":"product","2":"type-product","3":"status-publish","4":"has-post-thumbnail","6":"product_cat-koogisegistid","7":"product_cat-sanitaartehnika","8":"product_cat-sanitaartehnika-sanitaartehnika","9":"product_cat-segistid","10":"pa_kaubamark-ravak-baltic-uab","12":"first","13":"onbackorder","14":"sale","15":"taxable","16":"shipping-taxable","17":"purchasable","18":"product-type-simple"},"yoast_head":"<!-- This site is optimized with the Yoast SEO plugin v26.9 - https:\/\/yoast.com\/product\/yoast-seo-wordpress\/ -->\n<title>SEGISTI ELEGANTA EL 015.20BLM 335MM MATT MUST RAVAK - TELLIMISEL - Espak E-pood<\/title>\n<meta name=\"robots\" content=\"index, follow, max-snippet:-1, max-image-preview:large, max-video-preview:-1\" \/>\n<link rel=\"canonical\" href=\"https:\/\/espak.ee\/epood\/toode\/segisti-eleganta-el-015-20blm-335mm-matt-must-ravak-tellimisel\/\" \/>\n<meta property=\"og:locale\" content=\"et_EE\" \/>\n<meta property=\"og:type\" content=\"article\" \/>\n<meta property=\"og:title\" content=\"SEGISTI ELEGANTA EL 015.20BLM 335MM MATT MUST RAVAK - TELLIMISEL - Espak E-pood\" \/>\n<meta property=\"og:url\" content=\"https:\/\/espak.ee\/epood\/toode\/segisti-eleganta-el-015-20blm-335mm-matt-must-ravak-tellimisel\/\" \/>\n<meta property=\"og:site_name\" content=\"Espak E-pood\" \/>\n<meta property=\"article:modified_time\" content=\"2025-09-23T06:05:00+00:00\" \/>\n<meta property=\"og:image\" content=\"https:\/\/espak.ee\/epood\/wp-content\/uploads\/2025\/09\/el-015-00-black.jpg\" \/>\n\t<meta property=\"og:image:width\" content=\"1000\" \/>\n\t<meta property=\"og:image:height\" content=\"1000\" \/>\n\t<meta property=\"og:image:type\" content=\"image\/jpeg\" \/>\n<meta name=\"twitter:card\" content=\"summary_large_image\" \/>\n<meta name=\"twitter:label1\" content=\"Est. reading time\" \/>\n\t<meta name=\"twitter:data1\" content=\"1 minut\" \/>\n<script type=\"application\/ld+json\" class=\"yoast-schema-graph\">{\"@context\":\"https:\/\/schema.org\",\"@graph\":[{\"@type\":\"WebPage\",\"@id\":\"https:\/\/espak.ee\/epood\/toode\/segisti-eleganta-el-015-20blm-335mm-matt-must-ravak-tellimisel\/\",\"url\":\"https:\/\/espak.ee\/epood\/toode\/segisti-eleganta-el-015-20blm-335mm-matt-must-ravak-tellimisel\/\",\"name\":\"SEGISTI ELEGANTA EL 015.20BLM 335MM MATT MUST RAVAK - TELLIMISEL - Espak E-pood\",\"isPartOf\":{\"@id\":\"https:\/\/espak.ee\/epood\/#website\"},\"primaryImageOfPage\":{\"@id\":\"https:\/\/espak.ee\/epood\/toode\/segisti-eleganta-el-015-20blm-335mm-matt-must-ravak-tellimisel\/#primaryimage\"},\"image\":{\"@id\":\"https:\/\/espak.ee\/epood\/toode\/segisti-eleganta-el-015-20blm-335mm-matt-must-ravak-tellimisel\/#primaryimage\"},\"thumbnailUrl\":\"https:\/\/espak.ee\/epood\/wp-content\/uploads\/2025\/09\/el-015-00-black.jpg\",\"datePublished\":\"2025-09-20T02:10:01+00:00\",\"dateModified\":\"2025-09-23T06:05:00+00:00\",\"breadcrumb\":{\"@id\":\"https:\/\/espak.ee\/epood\/toode\/segisti-eleganta-el-015-20blm-335mm-matt-must-ravak-tellimisel\/#breadcrumb\"},\"inLanguage\":\"et\",\"potentialAction\":[{\"@type\":\"ReadAction\",\"target\":[\"https:\/\/espak.ee\/epood\/toode\/segisti-eleganta-el-015-20blm-335mm-matt-must-ravak-tellimisel\/\"]}]},{\"@type\":\"ImageObject\",\"inLanguage\":\"et\",\"@id\":\"https:\/\/espak.ee\/epood\/toode\/segisti-eleganta-el-015-20blm-335mm-matt-must-ravak-tellimisel\/#primaryimage\",\"url\":\"https:\/\/espak.ee\/epood\/wp-content\/uploads\/2025\/09\/el-015-00-black.jpg\",\"contentUrl\":\"https:\/\/espak.ee\/epood\/wp-content\/uploads\/2025\/09\/el-015-00-black.jpg\",\"width\":1000,\"height\":1000},{\"@type\":\"BreadcrumbList\",\"@id\":\"https:\/\/espak.ee\/epood\/toode\/segisti-eleganta-el-015-20blm-335mm-matt-must-ravak-tellimisel\/#breadcrumb\",\"itemListElement\":[{\"@type\":\"ListItem\",\"position\":1,\"name\":\"Home\",\"item\":\"https:\/\/espak.ee\/epood\/\"},{\"@type\":\"ListItem\",\"position\":2,\"name\":\"Tootevalik\",\"item\":\"https:\/\/espak.ee\/epood\/tootevalik\/\"},{\"@type\":\"ListItem\",\"position\":3,\"name\":\"SEGISTI ELEGANTA EL 015.20BLM 335MM MATT MUST RAVAK &#8211; TELLIMISEL\"}]},{\"@type\":\"WebSite\",\"@id\":\"https:\/\/espak.ee\/epood\/#website\",\"url\":\"https:\/\/espak.ee\/epood\/\",\"name\":\"Espak E-pood\",\"description\":\"\",\"potentialAction\":[{\"@type\":\"SearchAction\",\"target\":{\"@type\":\"EntryPoint\",\"urlTemplate\":\"https:\/\/espak.ee\/epood\/?s={search_term_string}\"},\"query-input\":{\"@type\":\"PropertyValueSpecification\",\"valueRequired\":true,\"valueName\":\"search_term_string\"}}],\"inLanguage\":\"et\"}]}<\/script>\n<!-- \/ Yoast SEO plugin. -->","yoast_head_json":{"title":"SEGISTI ELEGANTA EL 015.20BLM 335MM MATT MUST RAVAK - TELLIMISEL - Espak E-pood","robots":{"index":"index","follow":"follow","max-snippet":"max-snippet:-1","max-image-preview":"max-image-preview:large","max-video-preview":"max-video-preview:-1"},"canonical":"https:\/\/espak.ee\/epood\/toode\/segisti-eleganta-el-015-20blm-335mm-matt-must-ravak-tellimisel\/","og_locale":"et_EE","og_type":"article","og_title":"SEGISTI ELEGANTA EL 015.20BLM 335MM MATT MUST RAVAK - TELLIMISEL - Espak E-pood","og_url":"https:\/\/espak.ee\/epood\/toode\/segisti-eleganta-el-015-20blm-335mm-matt-must-ravak-tellimisel\/","og_site_name":"Espak E-pood","article_modified_time":"2025-09-23T06:05:00+00:00","og_image":[{"width":1000,"height":1000,"url":"https:\/\/espak.ee\/epood\/wp-content\/uploads\/2025\/09\/el-015-00-black.jpg","type":"image\/jpeg"}],"twitter_card":"summary_large_image","twitter_misc":{"Est. reading time":"1 minut"},"schema":{"@context":"https:\/\/schema.org","@graph":[{"@type":"WebPage","@id":"https:\/\/espak.ee\/epood\/toode\/segisti-eleganta-el-015-20blm-335mm-matt-must-ravak-tellimisel\/","url":"https:\/\/espak.ee\/epood\/toode\/segisti-eleganta-el-015-20blm-335mm-matt-must-ravak-tellimisel\/","name":"SEGISTI ELEGANTA EL 015.20BLM 335MM MATT MUST RAVAK - TELLIMISEL - Espak E-pood","isPartOf":{"@id":"https:\/\/espak.ee\/epood\/#website"},"primaryImageOfPage":{"@id":"https:\/\/espak.ee\/epood\/toode\/segisti-eleganta-el-015-20blm-335mm-matt-must-ravak-tellimisel\/#primaryimage"},"image":{"@id":"https:\/\/espak.ee\/epood\/toode\/segisti-eleganta-el-015-20blm-335mm-matt-must-ravak-tellimisel\/#primaryimage"},"thumbnailUrl":"https:\/\/espak.ee\/epood\/wp-content\/uploads\/2025\/09\/el-015-00-black.jpg","datePublished":"2025-09-20T02:10:01+00:00","dateModified":"2025-09-23T06:05:00+00:00","breadcrumb":{"@id":"https:\/\/espak.ee\/epood\/toode\/segisti-eleganta-el-015-20blm-335mm-matt-must-ravak-tellimisel\/#breadcrumb"},"inLanguage":"et","potentialAction":[{"@type":"ReadAction","target":["https:\/\/espak.ee\/epood\/toode\/segisti-eleganta-el-015-20blm-335mm-matt-must-ravak-tellimisel\/"]}]},{"@type":"ImageObject","inLanguage":"et","@id":"https:\/\/espak.ee\/epood\/toode\/segisti-eleganta-el-015-20blm-335mm-matt-must-ravak-tellimisel\/#primaryimage","url":"https:\/\/espak.ee\/epood\/wp-content\/uploads\/2025\/09\/el-015-00-black.jpg","contentUrl":"https:\/\/espak.ee\/epood\/wp-content\/uploads\/2025\/09\/el-015-00-black.jpg","width":1000,"height":1000},{"@type":"BreadcrumbList","@id":"https:\/\/espak.ee\/epood\/toode\/segisti-eleganta-el-015-20blm-335mm-matt-must-ravak-tellimisel\/#breadcrumb","itemListElement":[{"@type":"ListItem","position":1,"name":"Home","item":"https:\/\/espak.ee\/epood\/"},{"@type":"ListItem","position":2,"name":"Tootevalik","item":"https:\/\/espak.ee\/epood\/tootevalik\/"},{"@type":"ListItem","position":3,"name":"SEGISTI ELEGANTA EL 015.20BLM 335MM MATT MUST RAVAK &#8211; TELLIMISEL"}]},{"@type":"WebSite","@id":"https:\/\/espak.ee\/epood\/#website","url":"https:\/\/espak.ee\/epood\/","name":"Espak E-pood","description":"","potentialAction":[{"@type":"SearchAction","target":{"@type":"EntryPoint","urlTemplate":"https:\/\/espak.ee\/epood\/?s={search_term_string}"},"query-input":{"@type":"PropertyValueSpecification","valueRequired":true,"valueName":"search_term_string"}}],"inLanguage":"et"}]}},"_links":{"self":[{"href":"https:\/\/espak.ee\/epood\/wp-json\/wp\/v2\/product\/250372","targetHints":{"allow":["GET"]}}],"collection":[{"href":"https:\/\/espak.ee\/epood\/wp-json\/wp\/v2\/product"}],"about":[{"href":"https:\/\/espak.ee\/epood\/wp-json\/wp\/v2\/types\/product"}],"replies":[{"embeddable":true,"href":"https:\/\/espak.ee\/epood\/wp-json\/wp\/v2\/comments?post=250372"}],"wp:featuredmedia":[{"embeddable":true,"href":"https:\/\/espak.ee\/epood\/wp-json\/wp\/v2\/media\/250591"}],"wp:attachment":[{"href":"https:\/\/espak.ee\/epood\/wp-json\/wp\/v2\/media?parent=250372"}],"wp:term":[{"taxonomy":"product_brand","embeddable":true,"href":"https:\/\/espak.ee\/epood\/wp-json\/wp\/v2\/product_brand?post=250372"},{"taxonomy":"product_cat","embeddable":true,"href":"https:\/\/espak.ee\/epood\/wp-json\/wp\/v2\/product_cat?post=250372"},{"taxonomy":"product_tag","embeddable":true,"href":"https:\/\/espak.ee\/epood\/wp-json\/wp\/v2\/product_tag?post=250372"}],"curies":[{"name":"wp","href":"https:\/\/api.w.org\/{rel}","templated":true}]}}