{"id":250051,"date":"2025-09-17T05:06:32","date_gmt":"2025-09-17T02:06:32","guid":{"rendered":"https:\/\/espak.ee\/epood\/?post_type=product&#038;p=250051"},"modified":"2025-09-17T09:27:48","modified_gmt":"2025-09-17T06:27:48","slug":"turvasandaalid-wortex-ventura-s1-ps-nr-39","status":"publish","type":"product","link":"https:\/\/espak.ee\/epood\/toode\/turvasandaalid-wortex-ventura-s1-ps-nr-39\/","title":{"rendered":"TURVASANDAALID WORTEX VENTURA S1 PS NR.39"},"content":{"rendered":"<div class=\"row\"  id=\"row-469535826\">\n\n\t<div id=\"col-991337659\" class=\"col medium-9 small-12 large-9\"  >\n\t\t\t\t<div class=\"col-inner\"  >\n\t\t\t\n\t\t\t\n<h2>WORTEX VENTURA turvasandaalid S1 PS nr.39<\/h2>\n<p>WORTEX VENTURA turvasandaalid S1 PS SR. Mugavatel ja hingavatel t\u00f6\u00f6sandaalidel on \u00fclikergest NANO karbonfiibrist varvastekaitse, mis talub kuni 200 J l\u00f6\u00f6gienergiat ja 15 kN survet ning Kevlarist naelat\u00f5ke, mille torkekindlust on testitud 3 mm l\u00e4bim\u00f5\u00f5duga naelaga (t\u00e4his PS). Mikrofiibrist t\u00f6\u00f6sandaalidel on tugevdatud nina- ja kannaosa ning tekstiilv\u00f5rguga avad tagavad suurep\u00e4rase hingavuse. Hea libisemiskindlusega v\u00e4listalla kannaosas on p\u00f5rutusi leevendavad alad. Helkurelemendid kannaosas ning mugav NIFCO kiirkinnitus paeltele.<br \/>\n NB! Komplektis on ka klassikalised paelad, kes ei soovi kasutada kiirkinnitust.<\/p>\n<p>> Pealismaterjal \u2013 mikrofiiber + tekstiil<br \/>\n> Sisetald \u2013 PU + tekstiil<br \/>\n> V\u00e4listald \u2013 PU\/PU<br \/>\n> NANO karbonfiibrist varvastekaitse<br \/>\n> Kevlarist naelat\u00f5ke<br \/>\n> NIFCO elastne kiirkinnitus paeltele<br \/>\n> \u00dche jalatsi kaal 428 g<br \/>\n> E \u2013 Energiat absorbeeriv kannaosa<br \/>\n> A \u2013 Antistaatilised omadused<br \/>\n> PS \u2013 Metallivaba naelat\u00f5ke, testi k\u00e4igus kasutati naela l\u00e4bim\u00f5\u00f5duga 3 mm<br \/>\n> SR \u2013 Libisemiskindel v\u00e4listald gl\u00fctserooliga libestatud metallp\u00f5randal<\/p>\n<p><strong>Standardid: <\/strong><br \/>\nEN ISO 20345: 2022 turvajalatsi professionaalse kasutamise standard.<\/p>\n\t\t<\/div>\n\t\t\t\t\t<\/div>\n\n\t\n\n\t<div id=\"col-1792603144\" class=\"col medium-3 small-12 large-3\"  >\n\t\t\t\t<div class=\"col-inner\"  >\n\t\t\t\n\t\t\t\n\t<div id=\"gap-1014530689\" class=\"gap-element clearfix\" style=\"display:block; height:auto;\">\n\t\t\n<style>\n#gap-1014530689 {\n  padding-top: 30px;\n}\n<\/style>\n\t<\/div>\n\t\n<div class=\"is-divider divider clearfix\" ><\/div>\n<p><strong>\u00dcksikasjalikuma n\u00f5u saamiseks v\u00f5tke \u00fchendust:<br \/><\/strong>Becky AS<br \/>Laki 30A \/ Kadaka tee 129<br \/>12915<br \/>Tallinn<br \/>+372 670 6880<\/p>\n<div class=\"is-divider divider clearfix\" ><\/div>\n\t\t<\/div>\n\t\t\t\t\t<\/div>\n\n\t\n<\/div>\n","protected":false},"excerpt":{"rendered":"","protected":false},"featured_media":250067,"comment_status":"closed","ping_status":"closed","template":"","meta":[],"product_brand":[],"product_cat":[2788,3031,3033,2972],"product_tag":[],"class_list":{"0":"post-250051","1":"product","2":"type-product","3":"status-publish","4":"has-post-thumbnail","6":"product_cat-aiatarbed-ja-kodukaubad","7":"product_cat-jalanoud","8":"product_cat-sandaalid","9":"product_cat-tookaitsevahendid","10":"pa_kaubamark-becky-as","12":"first","13":"instock","14":"sale","15":"taxable","16":"shipping-taxable","17":"purchasable","18":"product-type-simple"},"yoast_head":"<!-- This site is optimized with the Yoast SEO plugin v26.9 - https:\/\/yoast.com\/product\/yoast-seo-wordpress\/ -->\n<title>TURVASANDAALID WORTEX VENTURA S1 PS NR.39 - Espak E-pood<\/title>\n<meta name=\"robots\" content=\"index, follow, max-snippet:-1, max-image-preview:large, max-video-preview:-1\" \/>\n<link rel=\"canonical\" href=\"https:\/\/espak.ee\/epood\/toode\/turvasandaalid-wortex-ventura-s1-ps-nr-39\/\" \/>\n<meta property=\"og:locale\" content=\"et_EE\" \/>\n<meta property=\"og:type\" content=\"article\" \/>\n<meta property=\"og:title\" content=\"TURVASANDAALID WORTEX VENTURA S1 PS NR.39 - Espak E-pood\" \/>\n<meta property=\"og:url\" content=\"https:\/\/espak.ee\/epood\/toode\/turvasandaalid-wortex-ventura-s1-ps-nr-39\/\" \/>\n<meta property=\"og:site_name\" content=\"Espak E-pood\" \/>\n<meta property=\"article:modified_time\" content=\"2025-09-17T06:27:48+00:00\" \/>\n<meta property=\"og:image\" content=\"https:\/\/espak.ee\/epood\/wp-content\/uploads\/2025\/09\/WORTEX-VENTURA-turvasandaalid-S1.jpg\" \/>\n\t<meta property=\"og:image:width\" content=\"1024\" \/>\n\t<meta property=\"og:image:height\" content=\"1024\" \/>\n\t<meta property=\"og:image:type\" content=\"image\/jpeg\" \/>\n<meta name=\"twitter:card\" content=\"summary_large_image\" \/>\n<meta name=\"twitter:label1\" content=\"Est. reading time\" \/>\n\t<meta name=\"twitter:data1\" content=\"1 minut\" \/>\n<script type=\"application\/ld+json\" class=\"yoast-schema-graph\">{\"@context\":\"https:\/\/schema.org\",\"@graph\":[{\"@type\":\"WebPage\",\"@id\":\"https:\/\/espak.ee\/epood\/toode\/turvasandaalid-wortex-ventura-s1-ps-nr-39\/\",\"url\":\"https:\/\/espak.ee\/epood\/toode\/turvasandaalid-wortex-ventura-s1-ps-nr-39\/\",\"name\":\"TURVASANDAALID WORTEX VENTURA S1 PS NR.39 - Espak E-pood\",\"isPartOf\":{\"@id\":\"https:\/\/espak.ee\/epood\/#website\"},\"primaryImageOfPage\":{\"@id\":\"https:\/\/espak.ee\/epood\/toode\/turvasandaalid-wortex-ventura-s1-ps-nr-39\/#primaryimage\"},\"image\":{\"@id\":\"https:\/\/espak.ee\/epood\/toode\/turvasandaalid-wortex-ventura-s1-ps-nr-39\/#primaryimage\"},\"thumbnailUrl\":\"https:\/\/espak.ee\/epood\/wp-content\/uploads\/2025\/09\/WORTEX-VENTURA-turvasandaalid-S1.jpg\",\"datePublished\":\"2025-09-17T02:06:32+00:00\",\"dateModified\":\"2025-09-17T06:27:48+00:00\",\"breadcrumb\":{\"@id\":\"https:\/\/espak.ee\/epood\/toode\/turvasandaalid-wortex-ventura-s1-ps-nr-39\/#breadcrumb\"},\"inLanguage\":\"et\",\"potentialAction\":[{\"@type\":\"ReadAction\",\"target\":[\"https:\/\/espak.ee\/epood\/toode\/turvasandaalid-wortex-ventura-s1-ps-nr-39\/\"]}]},{\"@type\":\"ImageObject\",\"inLanguage\":\"et\",\"@id\":\"https:\/\/espak.ee\/epood\/toode\/turvasandaalid-wortex-ventura-s1-ps-nr-39\/#primaryimage\",\"url\":\"https:\/\/espak.ee\/epood\/wp-content\/uploads\/2025\/09\/WORTEX-VENTURA-turvasandaalid-S1.jpg\",\"contentUrl\":\"https:\/\/espak.ee\/epood\/wp-content\/uploads\/2025\/09\/WORTEX-VENTURA-turvasandaalid-S1.jpg\",\"width\":1024,\"height\":1024},{\"@type\":\"BreadcrumbList\",\"@id\":\"https:\/\/espak.ee\/epood\/toode\/turvasandaalid-wortex-ventura-s1-ps-nr-39\/#breadcrumb\",\"itemListElement\":[{\"@type\":\"ListItem\",\"position\":1,\"name\":\"Home\",\"item\":\"https:\/\/espak.ee\/epood\/\"},{\"@type\":\"ListItem\",\"position\":2,\"name\":\"Tootevalik\",\"item\":\"https:\/\/espak.ee\/epood\/tootevalik\/\"},{\"@type\":\"ListItem\",\"position\":3,\"name\":\"TURVASANDAALID WORTEX VENTURA S1 PS NR.39\"}]},{\"@type\":\"WebSite\",\"@id\":\"https:\/\/espak.ee\/epood\/#website\",\"url\":\"https:\/\/espak.ee\/epood\/\",\"name\":\"Espak E-pood\",\"description\":\"\",\"potentialAction\":[{\"@type\":\"SearchAction\",\"target\":{\"@type\":\"EntryPoint\",\"urlTemplate\":\"https:\/\/espak.ee\/epood\/?s={search_term_string}\"},\"query-input\":{\"@type\":\"PropertyValueSpecification\",\"valueRequired\":true,\"valueName\":\"search_term_string\"}}],\"inLanguage\":\"et\"}]}<\/script>\n<!-- \/ Yoast SEO plugin. -->","yoast_head_json":{"title":"TURVASANDAALID WORTEX VENTURA S1 PS NR.39 - Espak E-pood","robots":{"index":"index","follow":"follow","max-snippet":"max-snippet:-1","max-image-preview":"max-image-preview:large","max-video-preview":"max-video-preview:-1"},"canonical":"https:\/\/espak.ee\/epood\/toode\/turvasandaalid-wortex-ventura-s1-ps-nr-39\/","og_locale":"et_EE","og_type":"article","og_title":"TURVASANDAALID WORTEX VENTURA S1 PS NR.39 - Espak E-pood","og_url":"https:\/\/espak.ee\/epood\/toode\/turvasandaalid-wortex-ventura-s1-ps-nr-39\/","og_site_name":"Espak E-pood","article_modified_time":"2025-09-17T06:27:48+00:00","og_image":[{"width":1024,"height":1024,"url":"https:\/\/espak.ee\/epood\/wp-content\/uploads\/2025\/09\/WORTEX-VENTURA-turvasandaalid-S1.jpg","type":"image\/jpeg"}],"twitter_card":"summary_large_image","twitter_misc":{"Est. reading time":"1 minut"},"schema":{"@context":"https:\/\/schema.org","@graph":[{"@type":"WebPage","@id":"https:\/\/espak.ee\/epood\/toode\/turvasandaalid-wortex-ventura-s1-ps-nr-39\/","url":"https:\/\/espak.ee\/epood\/toode\/turvasandaalid-wortex-ventura-s1-ps-nr-39\/","name":"TURVASANDAALID WORTEX VENTURA S1 PS NR.39 - Espak E-pood","isPartOf":{"@id":"https:\/\/espak.ee\/epood\/#website"},"primaryImageOfPage":{"@id":"https:\/\/espak.ee\/epood\/toode\/turvasandaalid-wortex-ventura-s1-ps-nr-39\/#primaryimage"},"image":{"@id":"https:\/\/espak.ee\/epood\/toode\/turvasandaalid-wortex-ventura-s1-ps-nr-39\/#primaryimage"},"thumbnailUrl":"https:\/\/espak.ee\/epood\/wp-content\/uploads\/2025\/09\/WORTEX-VENTURA-turvasandaalid-S1.jpg","datePublished":"2025-09-17T02:06:32+00:00","dateModified":"2025-09-17T06:27:48+00:00","breadcrumb":{"@id":"https:\/\/espak.ee\/epood\/toode\/turvasandaalid-wortex-ventura-s1-ps-nr-39\/#breadcrumb"},"inLanguage":"et","potentialAction":[{"@type":"ReadAction","target":["https:\/\/espak.ee\/epood\/toode\/turvasandaalid-wortex-ventura-s1-ps-nr-39\/"]}]},{"@type":"ImageObject","inLanguage":"et","@id":"https:\/\/espak.ee\/epood\/toode\/turvasandaalid-wortex-ventura-s1-ps-nr-39\/#primaryimage","url":"https:\/\/espak.ee\/epood\/wp-content\/uploads\/2025\/09\/WORTEX-VENTURA-turvasandaalid-S1.jpg","contentUrl":"https:\/\/espak.ee\/epood\/wp-content\/uploads\/2025\/09\/WORTEX-VENTURA-turvasandaalid-S1.jpg","width":1024,"height":1024},{"@type":"BreadcrumbList","@id":"https:\/\/espak.ee\/epood\/toode\/turvasandaalid-wortex-ventura-s1-ps-nr-39\/#breadcrumb","itemListElement":[{"@type":"ListItem","position":1,"name":"Home","item":"https:\/\/espak.ee\/epood\/"},{"@type":"ListItem","position":2,"name":"Tootevalik","item":"https:\/\/espak.ee\/epood\/tootevalik\/"},{"@type":"ListItem","position":3,"name":"TURVASANDAALID WORTEX VENTURA S1 PS NR.39"}]},{"@type":"WebSite","@id":"https:\/\/espak.ee\/epood\/#website","url":"https:\/\/espak.ee\/epood\/","name":"Espak E-pood","description":"","potentialAction":[{"@type":"SearchAction","target":{"@type":"EntryPoint","urlTemplate":"https:\/\/espak.ee\/epood\/?s={search_term_string}"},"query-input":{"@type":"PropertyValueSpecification","valueRequired":true,"valueName":"search_term_string"}}],"inLanguage":"et"}]}},"_links":{"self":[{"href":"https:\/\/espak.ee\/epood\/wp-json\/wp\/v2\/product\/250051","targetHints":{"allow":["GET"]}}],"collection":[{"href":"https:\/\/espak.ee\/epood\/wp-json\/wp\/v2\/product"}],"about":[{"href":"https:\/\/espak.ee\/epood\/wp-json\/wp\/v2\/types\/product"}],"replies":[{"embeddable":true,"href":"https:\/\/espak.ee\/epood\/wp-json\/wp\/v2\/comments?post=250051"}],"wp:featuredmedia":[{"embeddable":true,"href":"https:\/\/espak.ee\/epood\/wp-json\/wp\/v2\/media\/250067"}],"wp:attachment":[{"href":"https:\/\/espak.ee\/epood\/wp-json\/wp\/v2\/media?parent=250051"}],"wp:term":[{"taxonomy":"product_brand","embeddable":true,"href":"https:\/\/espak.ee\/epood\/wp-json\/wp\/v2\/product_brand?post=250051"},{"taxonomy":"product_cat","embeddable":true,"href":"https:\/\/espak.ee\/epood\/wp-json\/wp\/v2\/product_cat?post=250051"},{"taxonomy":"product_tag","embeddable":true,"href":"https:\/\/espak.ee\/epood\/wp-json\/wp\/v2\/product_tag?post=250051"}],"curies":[{"name":"wp","href":"https:\/\/api.w.org\/{rel}","templated":true}]}}