{"id":250035,"date":"2025-09-17T05:06:32","date_gmt":"2025-09-17T02:06:32","guid":{"rendered":"https:\/\/espak.ee\/epood\/?post_type=product&#038;p=250035"},"modified":"2025-09-17T08:23:20","modified_gmt":"2025-09-17T05:23:20","slug":"vabaajajalatsid-wortex-aero-black-nr-42","status":"publish","type":"product","link":"https:\/\/espak.ee\/epood\/toode\/vabaajajalatsid-wortex-aero-black-nr-42\/","title":{"rendered":"VABAAJAJALATSID WORTEX AERO BLACK NR.42"},"content":{"rendered":"<div class=\"row\"  id=\"row-325946849\">\n\n\t<div id=\"col-1630119350\" class=\"col medium-9 small-12 large-9\"  >\n\t\t\t\t<div class=\"col-inner\"  >\n\t\t\t\n\t\t\t\n<h2>WORTEX AERO vabaajajalan\u00f5ud nr.42<\/h2>\n<p>WORTEX AERO vabaajajalan\u00f5ud. V\u00e4ga kerged (k\u00f5igest 219 g) ja mugavad jalan\u00f5ud sobivad vaba aja veetmiseks nii siseruumides kui ka kuivades v\u00e4listingimustes. Sportliku disainiga jalatsitel on hingavast tekstiilist pealismaterjal ning paindlik ja pehme EVA v\u00e4listald.<\/p>\n<p>> Pealismaterjal \u2013 tekstiil<br \/>\n> Vooder \u2013 veluur<br \/>\n> Sisetald \u2013 PU + tekstiil<br \/>\n> V\u00e4listald \u2013 EVA<br \/>\n> Kerged \u2013 \u00fche jalatsi kaal 219 g<\/p>\n\t\t<\/div>\n\t\t\t\t\t<\/div>\n\n\t\n\n\t<div id=\"col-733974968\" class=\"col medium-3 small-12 large-3\"  >\n\t\t\t\t<div class=\"col-inner\"  >\n\t\t\t\n\t\t\t\n\t<div id=\"gap-2120397394\" class=\"gap-element clearfix\" style=\"display:block; height:auto;\">\n\t\t\n<style>\n#gap-2120397394 {\n  padding-top: 30px;\n}\n<\/style>\n\t<\/div>\n\t\n<div class=\"is-divider divider clearfix\" ><\/div>\n<p><strong>\u00dcksikasjalikuma n\u00f5u saamiseks v\u00f5tke \u00fchendust:<br \/><\/strong>Becky AS<br \/>Laki 30A \/ Kadaka tee 129<br \/>12915<br \/>Tallinn<br \/>+372 670 6880<\/p>\n<div class=\"is-divider divider clearfix\" ><\/div>\n\t\t<\/div>\n\t\t\t\t\t<\/div>\n\n\t\n<\/div>\n","protected":false},"excerpt":{"rendered":"","protected":false},"featured_media":250065,"comment_status":"closed","ping_status":"closed","template":"","meta":[],"product_brand":[],"product_cat":[2788,3031,3035,2972],"product_tag":[],"class_list":{"0":"post-250035","1":"product","2":"type-product","3":"status-publish","4":"has-post-thumbnail","6":"product_cat-aiatarbed-ja-kodukaubad","7":"product_cat-jalanoud","8":"product_cat-kingad","9":"product_cat-tookaitsevahendid","10":"pa_kaubamark-becky-as","12":"first","13":"outofstock","14":"sale","15":"taxable","16":"shipping-taxable","17":"purchasable","18":"product-type-simple"},"yoast_head":"<!-- This site is optimized with the Yoast SEO plugin v26.9 - https:\/\/yoast.com\/product\/yoast-seo-wordpress\/ -->\n<title>VABAAJAJALATSID WORTEX AERO BLACK NR.42 - Espak E-pood<\/title>\n<meta name=\"robots\" content=\"index, follow, max-snippet:-1, max-image-preview:large, max-video-preview:-1\" \/>\n<link rel=\"canonical\" href=\"https:\/\/espak.ee\/epood\/toode\/vabaajajalatsid-wortex-aero-black-nr-42\/\" \/>\n<meta property=\"og:locale\" content=\"et_EE\" \/>\n<meta property=\"og:type\" content=\"article\" \/>\n<meta property=\"og:title\" content=\"VABAAJAJALATSID WORTEX AERO BLACK NR.42 - Espak E-pood\" \/>\n<meta property=\"og:url\" content=\"https:\/\/espak.ee\/epood\/toode\/vabaajajalatsid-wortex-aero-black-nr-42\/\" \/>\n<meta property=\"og:site_name\" content=\"Espak E-pood\" \/>\n<meta property=\"article:modified_time\" content=\"2025-09-17T05:23:20+00:00\" \/>\n<meta property=\"og:image\" content=\"https:\/\/espak.ee\/epood\/wp-content\/uploads\/2025\/09\/WORTEX-AERO-vabaajajalanoud-1.jpg\" \/>\n\t<meta property=\"og:image:width\" content=\"1024\" \/>\n\t<meta property=\"og:image:height\" content=\"1024\" \/>\n\t<meta property=\"og:image:type\" content=\"image\/jpeg\" \/>\n<meta name=\"twitter:card\" content=\"summary_large_image\" \/>\n<script type=\"application\/ld+json\" class=\"yoast-schema-graph\">{\"@context\":\"https:\/\/schema.org\",\"@graph\":[{\"@type\":\"WebPage\",\"@id\":\"https:\/\/espak.ee\/epood\/toode\/vabaajajalatsid-wortex-aero-black-nr-42\/\",\"url\":\"https:\/\/espak.ee\/epood\/toode\/vabaajajalatsid-wortex-aero-black-nr-42\/\",\"name\":\"VABAAJAJALATSID WORTEX AERO BLACK NR.42 - Espak E-pood\",\"isPartOf\":{\"@id\":\"https:\/\/espak.ee\/epood\/#website\"},\"primaryImageOfPage\":{\"@id\":\"https:\/\/espak.ee\/epood\/toode\/vabaajajalatsid-wortex-aero-black-nr-42\/#primaryimage\"},\"image\":{\"@id\":\"https:\/\/espak.ee\/epood\/toode\/vabaajajalatsid-wortex-aero-black-nr-42\/#primaryimage\"},\"thumbnailUrl\":\"https:\/\/espak.ee\/epood\/wp-content\/uploads\/2025\/09\/WORTEX-AERO-vabaajajalanoud-1.jpg\",\"datePublished\":\"2025-09-17T02:06:32+00:00\",\"dateModified\":\"2025-09-17T05:23:20+00:00\",\"breadcrumb\":{\"@id\":\"https:\/\/espak.ee\/epood\/toode\/vabaajajalatsid-wortex-aero-black-nr-42\/#breadcrumb\"},\"inLanguage\":\"et\",\"potentialAction\":[{\"@type\":\"ReadAction\",\"target\":[\"https:\/\/espak.ee\/epood\/toode\/vabaajajalatsid-wortex-aero-black-nr-42\/\"]}]},{\"@type\":\"ImageObject\",\"inLanguage\":\"et\",\"@id\":\"https:\/\/espak.ee\/epood\/toode\/vabaajajalatsid-wortex-aero-black-nr-42\/#primaryimage\",\"url\":\"https:\/\/espak.ee\/epood\/wp-content\/uploads\/2025\/09\/WORTEX-AERO-vabaajajalanoud-1.jpg\",\"contentUrl\":\"https:\/\/espak.ee\/epood\/wp-content\/uploads\/2025\/09\/WORTEX-AERO-vabaajajalanoud-1.jpg\",\"width\":1024,\"height\":1024},{\"@type\":\"BreadcrumbList\",\"@id\":\"https:\/\/espak.ee\/epood\/toode\/vabaajajalatsid-wortex-aero-black-nr-42\/#breadcrumb\",\"itemListElement\":[{\"@type\":\"ListItem\",\"position\":1,\"name\":\"Home\",\"item\":\"https:\/\/espak.ee\/epood\/\"},{\"@type\":\"ListItem\",\"position\":2,\"name\":\"Tootevalik\",\"item\":\"https:\/\/espak.ee\/epood\/tootevalik\/\"},{\"@type\":\"ListItem\",\"position\":3,\"name\":\"VABAAJAJALATSID WORTEX AERO BLACK NR.42\"}]},{\"@type\":\"WebSite\",\"@id\":\"https:\/\/espak.ee\/epood\/#website\",\"url\":\"https:\/\/espak.ee\/epood\/\",\"name\":\"Espak E-pood\",\"description\":\"\",\"potentialAction\":[{\"@type\":\"SearchAction\",\"target\":{\"@type\":\"EntryPoint\",\"urlTemplate\":\"https:\/\/espak.ee\/epood\/?s={search_term_string}\"},\"query-input\":{\"@type\":\"PropertyValueSpecification\",\"valueRequired\":true,\"valueName\":\"search_term_string\"}}],\"inLanguage\":\"et\"}]}<\/script>\n<!-- \/ Yoast SEO plugin. -->","yoast_head_json":{"title":"VABAAJAJALATSID WORTEX AERO BLACK NR.42 - Espak E-pood","robots":{"index":"index","follow":"follow","max-snippet":"max-snippet:-1","max-image-preview":"max-image-preview:large","max-video-preview":"max-video-preview:-1"},"canonical":"https:\/\/espak.ee\/epood\/toode\/vabaajajalatsid-wortex-aero-black-nr-42\/","og_locale":"et_EE","og_type":"article","og_title":"VABAAJAJALATSID WORTEX AERO BLACK NR.42 - Espak E-pood","og_url":"https:\/\/espak.ee\/epood\/toode\/vabaajajalatsid-wortex-aero-black-nr-42\/","og_site_name":"Espak E-pood","article_modified_time":"2025-09-17T05:23:20+00:00","og_image":[{"width":1024,"height":1024,"url":"https:\/\/espak.ee\/epood\/wp-content\/uploads\/2025\/09\/WORTEX-AERO-vabaajajalanoud-1.jpg","type":"image\/jpeg"}],"twitter_card":"summary_large_image","schema":{"@context":"https:\/\/schema.org","@graph":[{"@type":"WebPage","@id":"https:\/\/espak.ee\/epood\/toode\/vabaajajalatsid-wortex-aero-black-nr-42\/","url":"https:\/\/espak.ee\/epood\/toode\/vabaajajalatsid-wortex-aero-black-nr-42\/","name":"VABAAJAJALATSID WORTEX AERO BLACK NR.42 - Espak E-pood","isPartOf":{"@id":"https:\/\/espak.ee\/epood\/#website"},"primaryImageOfPage":{"@id":"https:\/\/espak.ee\/epood\/toode\/vabaajajalatsid-wortex-aero-black-nr-42\/#primaryimage"},"image":{"@id":"https:\/\/espak.ee\/epood\/toode\/vabaajajalatsid-wortex-aero-black-nr-42\/#primaryimage"},"thumbnailUrl":"https:\/\/espak.ee\/epood\/wp-content\/uploads\/2025\/09\/WORTEX-AERO-vabaajajalanoud-1.jpg","datePublished":"2025-09-17T02:06:32+00:00","dateModified":"2025-09-17T05:23:20+00:00","breadcrumb":{"@id":"https:\/\/espak.ee\/epood\/toode\/vabaajajalatsid-wortex-aero-black-nr-42\/#breadcrumb"},"inLanguage":"et","potentialAction":[{"@type":"ReadAction","target":["https:\/\/espak.ee\/epood\/toode\/vabaajajalatsid-wortex-aero-black-nr-42\/"]}]},{"@type":"ImageObject","inLanguage":"et","@id":"https:\/\/espak.ee\/epood\/toode\/vabaajajalatsid-wortex-aero-black-nr-42\/#primaryimage","url":"https:\/\/espak.ee\/epood\/wp-content\/uploads\/2025\/09\/WORTEX-AERO-vabaajajalanoud-1.jpg","contentUrl":"https:\/\/espak.ee\/epood\/wp-content\/uploads\/2025\/09\/WORTEX-AERO-vabaajajalanoud-1.jpg","width":1024,"height":1024},{"@type":"BreadcrumbList","@id":"https:\/\/espak.ee\/epood\/toode\/vabaajajalatsid-wortex-aero-black-nr-42\/#breadcrumb","itemListElement":[{"@type":"ListItem","position":1,"name":"Home","item":"https:\/\/espak.ee\/epood\/"},{"@type":"ListItem","position":2,"name":"Tootevalik","item":"https:\/\/espak.ee\/epood\/tootevalik\/"},{"@type":"ListItem","position":3,"name":"VABAAJAJALATSID WORTEX AERO BLACK NR.42"}]},{"@type":"WebSite","@id":"https:\/\/espak.ee\/epood\/#website","url":"https:\/\/espak.ee\/epood\/","name":"Espak E-pood","description":"","potentialAction":[{"@type":"SearchAction","target":{"@type":"EntryPoint","urlTemplate":"https:\/\/espak.ee\/epood\/?s={search_term_string}"},"query-input":{"@type":"PropertyValueSpecification","valueRequired":true,"valueName":"search_term_string"}}],"inLanguage":"et"}]}},"_links":{"self":[{"href":"https:\/\/espak.ee\/epood\/wp-json\/wp\/v2\/product\/250035","targetHints":{"allow":["GET"]}}],"collection":[{"href":"https:\/\/espak.ee\/epood\/wp-json\/wp\/v2\/product"}],"about":[{"href":"https:\/\/espak.ee\/epood\/wp-json\/wp\/v2\/types\/product"}],"replies":[{"embeddable":true,"href":"https:\/\/espak.ee\/epood\/wp-json\/wp\/v2\/comments?post=250035"}],"wp:featuredmedia":[{"embeddable":true,"href":"https:\/\/espak.ee\/epood\/wp-json\/wp\/v2\/media\/250065"}],"wp:attachment":[{"href":"https:\/\/espak.ee\/epood\/wp-json\/wp\/v2\/media?parent=250035"}],"wp:term":[{"taxonomy":"product_brand","embeddable":true,"href":"https:\/\/espak.ee\/epood\/wp-json\/wp\/v2\/product_brand?post=250035"},{"taxonomy":"product_cat","embeddable":true,"href":"https:\/\/espak.ee\/epood\/wp-json\/wp\/v2\/product_cat?post=250035"},{"taxonomy":"product_tag","embeddable":true,"href":"https:\/\/espak.ee\/epood\/wp-json\/wp\/v2\/product_tag?post=250035"}],"curies":[{"name":"wp","href":"https:\/\/api.w.org\/{rel}","templated":true}]}}