{"id":249976,"date":"2025-09-17T05:05:01","date_gmt":"2025-09-17T02:05:01","guid":{"rendered":"https:\/\/espak.ee\/epood\/?post_type=product&#038;p=249976"},"modified":"2025-09-17T10:25:18","modified_gmt":"2025-09-17T07:25:18","slug":"turvasandaalid-wortex-citro-s1p-43","status":"publish","type":"product","link":"https:\/\/espak.ee\/epood\/toode\/turvasandaalid-wortex-citro-s1p-43\/","title":{"rendered":"TURVASANDAALID WORTEX CITRO S1P 43"},"content":{"rendered":"<div class=\"row\"  id=\"row-1482604211\">\n\n\t<div id=\"col-1600207028\" class=\"col medium-9 small-12 large-9\"  >\n\t\t\t\t<div class=\"col-inner\"  >\n\t\t\t\n\t\t\t\n<h2>WORTEX CITRO turvasandaalid S1P nr.43<\/h2>\n<p>WORTEX CITRO turvasandaalid S1P on kerged ja mugavad. Turvasandaalidel on metallivaba komposiitmaterjalist varvastekaitse ja tallas kevlarist naelat\u00f5ke. \u00d5likindla v\u00e4listallaga t\u00f6\u00f6sandaalidel on antistaatilised omadused ning energiat absorbeeriv kannaosa. Mikrofiibrist turvasandaalidel on kaks mugavat takjakinnitust.<\/p>\n<p>WORTEX CITRO turvasandaalid S1P vastavad EN ISO 20345: 2011 turvajalatsi professionaalse kasutamise standardile. <\/p>\n<p><strong>Kasutusvaldkond:<\/strong> sobivad kuivadesse oludesse nii sise- kui ka v\u00e4listingimustes.<\/p>\n<p>> EN ISO 20345: 2011<br \/>\n> Varvastekaitse: komposiitmaterjal<br \/>\n> Naelat\u00f5ke: komposiittekstiil<br \/>\n> Pealismaterjal: mikrofiiber<br \/>\n> \u00dche sandaalipaari kaal vaid 1000 gr (nr 42)<br \/>\n> A: Antistaatilised omadused<br \/>\n> E: Energiat absorbeeriv kannaosa<br \/>\n> FO: \u00d5likindel v\u00e4listald<br \/>\n> SRC (SRA + SRB) \u2013 Libisemiskindel v\u00e4listald naatriumlaur\u00fc\u00fclsulfaadiga libestatud keraamilisel plaadil ja gl\u00fctserooliga libestatud metallp\u00f5randal<\/p>\n\t\t<\/div>\n\t\t\t\t\t<\/div>\n\n\t\n\n\t<div id=\"col-245091220\" class=\"col medium-3 small-12 large-3\"  >\n\t\t\t\t<div class=\"col-inner\"  >\n\t\t\t\n\t\t\t\n\t<div id=\"gap-406581791\" class=\"gap-element clearfix\" style=\"display:block; height:auto;\">\n\t\t\n<style>\n#gap-406581791 {\n  padding-top: 30px;\n}\n<\/style>\n\t<\/div>\n\t\n<div class=\"is-divider divider clearfix\" ><\/div>\n<p><strong>\u00dcksikasjalikuma n\u00f5u saamiseks v\u00f5tke \u00fchendust:<br \/><\/strong>Becky AS<br \/>Laki 30A \/ Kadaka tee 129<br \/>12915<br \/>Tallinn<br \/>+372 670 6880<\/p>\n<div class=\"is-divider divider clearfix\" ><\/div>\n\t\t<\/div>\n\t\t\t\t\t<\/div>\n\n\t\n<\/div>\n","protected":false},"excerpt":{"rendered":"","protected":false},"featured_media":250103,"comment_status":"closed","ping_status":"closed","template":"","meta":[],"product_brand":[],"product_cat":[2788,3031,3033,2972],"product_tag":[],"class_list":{"0":"post-249976","1":"product","2":"type-product","3":"status-publish","4":"has-post-thumbnail","6":"product_cat-aiatarbed-ja-kodukaubad","7":"product_cat-jalanoud","8":"product_cat-sandaalid","9":"product_cat-tookaitsevahendid","10":"pa_kaubamark-becky-as","12":"first","13":"instock","14":"sale","15":"taxable","16":"shipping-taxable","17":"purchasable","18":"product-type-simple"},"yoast_head":"<!-- This site is optimized with the Yoast SEO plugin v26.9 - https:\/\/yoast.com\/product\/yoast-seo-wordpress\/ -->\n<title>TURVASANDAALID WORTEX CITRO S1P 43 - Espak E-pood<\/title>\n<meta name=\"robots\" content=\"index, follow, max-snippet:-1, max-image-preview:large, max-video-preview:-1\" \/>\n<link rel=\"canonical\" href=\"https:\/\/espak.ee\/epood\/toode\/turvasandaalid-wortex-citro-s1p-43\/\" \/>\n<meta property=\"og:locale\" content=\"et_EE\" \/>\n<meta property=\"og:type\" content=\"article\" \/>\n<meta property=\"og:title\" content=\"TURVASANDAALID WORTEX CITRO S1P 43 - Espak E-pood\" \/>\n<meta property=\"og:url\" content=\"https:\/\/espak.ee\/epood\/toode\/turvasandaalid-wortex-citro-s1p-43\/\" \/>\n<meta property=\"og:site_name\" content=\"Espak E-pood\" \/>\n<meta property=\"article:modified_time\" content=\"2025-09-17T07:25:18+00:00\" \/>\n<meta property=\"og:image\" content=\"https:\/\/espak.ee\/epood\/wp-content\/uploads\/2025\/09\/WORTEX-CITRO-turvasandaalid-S1P.jpg\" \/>\n\t<meta property=\"og:image:width\" content=\"1024\" \/>\n\t<meta property=\"og:image:height\" content=\"1024\" \/>\n\t<meta property=\"og:image:type\" content=\"image\/jpeg\" \/>\n<meta name=\"twitter:card\" content=\"summary_large_image\" \/>\n<meta name=\"twitter:label1\" content=\"Est. reading time\" \/>\n\t<meta name=\"twitter:data1\" content=\"1 minut\" \/>\n<script type=\"application\/ld+json\" class=\"yoast-schema-graph\">{\"@context\":\"https:\/\/schema.org\",\"@graph\":[{\"@type\":\"WebPage\",\"@id\":\"https:\/\/espak.ee\/epood\/toode\/turvasandaalid-wortex-citro-s1p-43\/\",\"url\":\"https:\/\/espak.ee\/epood\/toode\/turvasandaalid-wortex-citro-s1p-43\/\",\"name\":\"TURVASANDAALID WORTEX CITRO S1P 43 - Espak E-pood\",\"isPartOf\":{\"@id\":\"https:\/\/espak.ee\/epood\/#website\"},\"primaryImageOfPage\":{\"@id\":\"https:\/\/espak.ee\/epood\/toode\/turvasandaalid-wortex-citro-s1p-43\/#primaryimage\"},\"image\":{\"@id\":\"https:\/\/espak.ee\/epood\/toode\/turvasandaalid-wortex-citro-s1p-43\/#primaryimage\"},\"thumbnailUrl\":\"https:\/\/espak.ee\/epood\/wp-content\/uploads\/2025\/09\/WORTEX-CITRO-turvasandaalid-S1P.jpg\",\"datePublished\":\"2025-09-17T02:05:01+00:00\",\"dateModified\":\"2025-09-17T07:25:18+00:00\",\"breadcrumb\":{\"@id\":\"https:\/\/espak.ee\/epood\/toode\/turvasandaalid-wortex-citro-s1p-43\/#breadcrumb\"},\"inLanguage\":\"et\",\"potentialAction\":[{\"@type\":\"ReadAction\",\"target\":[\"https:\/\/espak.ee\/epood\/toode\/turvasandaalid-wortex-citro-s1p-43\/\"]}]},{\"@type\":\"ImageObject\",\"inLanguage\":\"et\",\"@id\":\"https:\/\/espak.ee\/epood\/toode\/turvasandaalid-wortex-citro-s1p-43\/#primaryimage\",\"url\":\"https:\/\/espak.ee\/epood\/wp-content\/uploads\/2025\/09\/WORTEX-CITRO-turvasandaalid-S1P.jpg\",\"contentUrl\":\"https:\/\/espak.ee\/epood\/wp-content\/uploads\/2025\/09\/WORTEX-CITRO-turvasandaalid-S1P.jpg\",\"width\":1024,\"height\":1024},{\"@type\":\"BreadcrumbList\",\"@id\":\"https:\/\/espak.ee\/epood\/toode\/turvasandaalid-wortex-citro-s1p-43\/#breadcrumb\",\"itemListElement\":[{\"@type\":\"ListItem\",\"position\":1,\"name\":\"Home\",\"item\":\"https:\/\/espak.ee\/epood\/\"},{\"@type\":\"ListItem\",\"position\":2,\"name\":\"Tootevalik\",\"item\":\"https:\/\/espak.ee\/epood\/tootevalik\/\"},{\"@type\":\"ListItem\",\"position\":3,\"name\":\"TURVASANDAALID WORTEX CITRO S1P 43\"}]},{\"@type\":\"WebSite\",\"@id\":\"https:\/\/espak.ee\/epood\/#website\",\"url\":\"https:\/\/espak.ee\/epood\/\",\"name\":\"Espak E-pood\",\"description\":\"\",\"potentialAction\":[{\"@type\":\"SearchAction\",\"target\":{\"@type\":\"EntryPoint\",\"urlTemplate\":\"https:\/\/espak.ee\/epood\/?s={search_term_string}\"},\"query-input\":{\"@type\":\"PropertyValueSpecification\",\"valueRequired\":true,\"valueName\":\"search_term_string\"}}],\"inLanguage\":\"et\"}]}<\/script>\n<!-- \/ Yoast SEO plugin. -->","yoast_head_json":{"title":"TURVASANDAALID WORTEX CITRO S1P 43 - Espak E-pood","robots":{"index":"index","follow":"follow","max-snippet":"max-snippet:-1","max-image-preview":"max-image-preview:large","max-video-preview":"max-video-preview:-1"},"canonical":"https:\/\/espak.ee\/epood\/toode\/turvasandaalid-wortex-citro-s1p-43\/","og_locale":"et_EE","og_type":"article","og_title":"TURVASANDAALID WORTEX CITRO S1P 43 - Espak E-pood","og_url":"https:\/\/espak.ee\/epood\/toode\/turvasandaalid-wortex-citro-s1p-43\/","og_site_name":"Espak E-pood","article_modified_time":"2025-09-17T07:25:18+00:00","og_image":[{"width":1024,"height":1024,"url":"https:\/\/espak.ee\/epood\/wp-content\/uploads\/2025\/09\/WORTEX-CITRO-turvasandaalid-S1P.jpg","type":"image\/jpeg"}],"twitter_card":"summary_large_image","twitter_misc":{"Est. reading time":"1 minut"},"schema":{"@context":"https:\/\/schema.org","@graph":[{"@type":"WebPage","@id":"https:\/\/espak.ee\/epood\/toode\/turvasandaalid-wortex-citro-s1p-43\/","url":"https:\/\/espak.ee\/epood\/toode\/turvasandaalid-wortex-citro-s1p-43\/","name":"TURVASANDAALID WORTEX CITRO S1P 43 - Espak E-pood","isPartOf":{"@id":"https:\/\/espak.ee\/epood\/#website"},"primaryImageOfPage":{"@id":"https:\/\/espak.ee\/epood\/toode\/turvasandaalid-wortex-citro-s1p-43\/#primaryimage"},"image":{"@id":"https:\/\/espak.ee\/epood\/toode\/turvasandaalid-wortex-citro-s1p-43\/#primaryimage"},"thumbnailUrl":"https:\/\/espak.ee\/epood\/wp-content\/uploads\/2025\/09\/WORTEX-CITRO-turvasandaalid-S1P.jpg","datePublished":"2025-09-17T02:05:01+00:00","dateModified":"2025-09-17T07:25:18+00:00","breadcrumb":{"@id":"https:\/\/espak.ee\/epood\/toode\/turvasandaalid-wortex-citro-s1p-43\/#breadcrumb"},"inLanguage":"et","potentialAction":[{"@type":"ReadAction","target":["https:\/\/espak.ee\/epood\/toode\/turvasandaalid-wortex-citro-s1p-43\/"]}]},{"@type":"ImageObject","inLanguage":"et","@id":"https:\/\/espak.ee\/epood\/toode\/turvasandaalid-wortex-citro-s1p-43\/#primaryimage","url":"https:\/\/espak.ee\/epood\/wp-content\/uploads\/2025\/09\/WORTEX-CITRO-turvasandaalid-S1P.jpg","contentUrl":"https:\/\/espak.ee\/epood\/wp-content\/uploads\/2025\/09\/WORTEX-CITRO-turvasandaalid-S1P.jpg","width":1024,"height":1024},{"@type":"BreadcrumbList","@id":"https:\/\/espak.ee\/epood\/toode\/turvasandaalid-wortex-citro-s1p-43\/#breadcrumb","itemListElement":[{"@type":"ListItem","position":1,"name":"Home","item":"https:\/\/espak.ee\/epood\/"},{"@type":"ListItem","position":2,"name":"Tootevalik","item":"https:\/\/espak.ee\/epood\/tootevalik\/"},{"@type":"ListItem","position":3,"name":"TURVASANDAALID WORTEX CITRO S1P 43"}]},{"@type":"WebSite","@id":"https:\/\/espak.ee\/epood\/#website","url":"https:\/\/espak.ee\/epood\/","name":"Espak E-pood","description":"","potentialAction":[{"@type":"SearchAction","target":{"@type":"EntryPoint","urlTemplate":"https:\/\/espak.ee\/epood\/?s={search_term_string}"},"query-input":{"@type":"PropertyValueSpecification","valueRequired":true,"valueName":"search_term_string"}}],"inLanguage":"et"}]}},"_links":{"self":[{"href":"https:\/\/espak.ee\/epood\/wp-json\/wp\/v2\/product\/249976","targetHints":{"allow":["GET"]}}],"collection":[{"href":"https:\/\/espak.ee\/epood\/wp-json\/wp\/v2\/product"}],"about":[{"href":"https:\/\/espak.ee\/epood\/wp-json\/wp\/v2\/types\/product"}],"replies":[{"embeddable":true,"href":"https:\/\/espak.ee\/epood\/wp-json\/wp\/v2\/comments?post=249976"}],"wp:featuredmedia":[{"embeddable":true,"href":"https:\/\/espak.ee\/epood\/wp-json\/wp\/v2\/media\/250103"}],"wp:attachment":[{"href":"https:\/\/espak.ee\/epood\/wp-json\/wp\/v2\/media?parent=249976"}],"wp:term":[{"taxonomy":"product_brand","embeddable":true,"href":"https:\/\/espak.ee\/epood\/wp-json\/wp\/v2\/product_brand?post=249976"},{"taxonomy":"product_cat","embeddable":true,"href":"https:\/\/espak.ee\/epood\/wp-json\/wp\/v2\/product_cat?post=249976"},{"taxonomy":"product_tag","embeddable":true,"href":"https:\/\/espak.ee\/epood\/wp-json\/wp\/v2\/product_tag?post=249976"}],"curies":[{"name":"wp","href":"https:\/\/api.w.org\/{rel}","templated":true}]}}