{"id":249560,"date":"2025-09-13T05:05:01","date_gmt":"2025-09-13T02:05:01","guid":{"rendered":"https:\/\/espak.ee\/epood\/?post_type=product&#038;p=249560"},"modified":"2026-02-26T08:48:57","modified_gmt":"2026-02-26T06:48:57","slug":"kipsplaat-gyproc-habito-1251227","status":"publish","type":"product","link":"https:\/\/espak.ee\/epood\/toode\/kipsplaat-gyproc-habito-1251227\/","title":{"rendered":"KIPSPLAAT GYPROC HABITO 12,5*1,2*2,7"},"content":{"rendered":"<div class=\"row\"  id=\"row-609285076\">\n\n\t<div id=\"col-2103357314\" class=\"col medium-9 small-12 large-9\"  >\n\t\t\t\t<div class=\"col-inner\"  >\n\t\t\t\n\t\t\t\n<h3>Kipsplaat Gyproc Habito GH 13 TPL 12,5x 1200x2700mm <\/h3>\n<p>Gyproc Habito\u2122 \u2013 kartongkattega ja eriti tugeva koostisega kipsplaat, mille l\u00f6\u00f6gitugevus on kuni k\u00fcmnekordne v\u00f5rreldes tavakipsplaadiga. Plaadile saab kinnitada raskeid esemeid ilma t\u00fc\u00fcblite ja abikarkassideta. Kasutades tavalist 5 mm puidukruvi on Habito\u2122 plaadile v\u00f5imalik kinnitada kuni 40 kg raskuseid esemeid. Ekstra suur tulekindlus ja v\u00e4ga head helipidavusomadused. Plaat ei muuda oma kuju ja m\u00f5\u00f5tmeid \u00f5huniiskuse m\u00f5jul. Viimistlemise teevad mugavaks ja lihtsaks plaati kattev standardplaadiga \u00fchesugune kartongpind ja serva\u00f5hendus. Paljudel juhtudel on Gyproc Habito\u2122 kipsplaat heaks asenduseks vineerile, v\u00f5i OSB plaadile. Gyproc Habito\u2122 kipsplaat on testitud ja dokumenteeritud k\u00f5ikides Gyproci seinakonstruktsioonides. Plaat on karkassi j\u00e4igastav. A2-s1, d0 klassi mittep\u00f5lev materjal. <\/p>\n\t\t<\/div>\n\t\t\t\t\t<\/div>\n\n\t\n\n\t<div id=\"col-1754863585\" class=\"col medium-3 small-12 large-3\"  >\n\t\t\t\t<div class=\"col-inner\"  >\n\t\t\t\n\t\t\t\n\t<div id=\"gap-796284014\" class=\"gap-element clearfix\" style=\"display:block; height:auto;\">\n\t\t\n<style>\n#gap-796284014 {\n  padding-top: 30px;\n}\n<\/style>\n\t<\/div>\n\t\n<h3>DoP (Toimivusdeklaratsioon)<\/h3>\n<p><a href=\"https:\/\/espak.ee\/epood\/wp-content\/uploads\/2022\/04\/DoP_EE_HABITO.pdf\"target=\"_blank\" rel=\"noopener noreferrer\"><i class=\"far fa-file-pdf\"><\/i> DoP HABITO (PDF)<\/a><\/p>\n<div class=\"is-divider divider clearfix\" ><\/div>\n<p><strong>\u00dcksikasjalikuma n\u00f5u saamiseks v\u00f5tke \u00fchendust:<br \/><\/strong>SAINT-GOBAIN EESTI AS<br \/>Peterburi tee 75<br \/>Tallinn, 11415<br \/>Telefon: +372 6209 510<\/p>\n<div class=\"is-divider divider clearfix\" ><\/div>\n\t\t<\/div>\n\t\t\t\t\t<\/div>\n\n\t\n<\/div>\n","protected":false},"excerpt":{"rendered":"","protected":false},"featured_media":116065,"comment_status":"closed","ping_status":"closed","template":"","meta":[],"product_brand":[],"product_cat":[2910,3144,3145,2697],"product_tag":[],"class_list":{"0":"post-249560","1":"product","2":"type-product","3":"status-publish","4":"has-post-thumbnail","6":"product_cat-ehitusplaadid","7":"product_cat-kipsplaat","8":"product_cat-normaalkipsplaadid","9":"product_cat-uldehitus","10":"pa_kaubamark-saint-gobain-ehitustooted-as","12":"first","13":"instock","14":"sale","15":"taxable","16":"shipping-taxable","17":"purchasable","18":"product-type-simple"},"yoast_head":"<!-- This site is optimized with the Yoast SEO plugin v26.9 - https:\/\/yoast.com\/product\/yoast-seo-wordpress\/ -->\n<title>KIPSPLAAT GYPROC HABITO 12,5*1,2*2,7 - Espak E-pood<\/title>\n<meta name=\"robots\" content=\"index, follow, max-snippet:-1, max-image-preview:large, max-video-preview:-1\" \/>\n<link rel=\"canonical\" href=\"https:\/\/espak.ee\/epood\/toode\/kipsplaat-gyproc-habito-1251227\/\" \/>\n<meta property=\"og:locale\" content=\"et_EE\" \/>\n<meta property=\"og:type\" content=\"article\" \/>\n<meta property=\"og:title\" content=\"KIPSPLAAT GYPROC HABITO 12,5*1,2*2,7 - Espak E-pood\" \/>\n<meta property=\"og:url\" content=\"https:\/\/espak.ee\/epood\/toode\/kipsplaat-gyproc-habito-1251227\/\" \/>\n<meta property=\"og:site_name\" content=\"Espak E-pood\" \/>\n<meta property=\"article:modified_time\" content=\"2026-02-26T06:48:57+00:00\" \/>\n<meta property=\"og:image\" content=\"https:\/\/espak.ee\/epood\/wp-content\/uploads\/2022\/04\/HABITO-2.jpg\" \/>\n\t<meta property=\"og:image:width\" content=\"800\" \/>\n\t<meta property=\"og:image:height\" content=\"800\" \/>\n\t<meta property=\"og:image:type\" content=\"image\/jpeg\" \/>\n<meta name=\"twitter:card\" content=\"summary_large_image\" \/>\n<meta name=\"twitter:label1\" content=\"Est. reading time\" \/>\n\t<meta name=\"twitter:data1\" content=\"1 minut\" \/>\n<script type=\"application\/ld+json\" class=\"yoast-schema-graph\">{\"@context\":\"https:\/\/schema.org\",\"@graph\":[{\"@type\":\"WebPage\",\"@id\":\"https:\/\/espak.ee\/epood\/toode\/kipsplaat-gyproc-habito-1251227\/\",\"url\":\"https:\/\/espak.ee\/epood\/toode\/kipsplaat-gyproc-habito-1251227\/\",\"name\":\"KIPSPLAAT GYPROC HABITO 12,5*1,2*2,7 - Espak E-pood\",\"isPartOf\":{\"@id\":\"https:\/\/espak.ee\/epood\/#website\"},\"primaryImageOfPage\":{\"@id\":\"https:\/\/espak.ee\/epood\/toode\/kipsplaat-gyproc-habito-1251227\/#primaryimage\"},\"image\":{\"@id\":\"https:\/\/espak.ee\/epood\/toode\/kipsplaat-gyproc-habito-1251227\/#primaryimage\"},\"thumbnailUrl\":\"https:\/\/espak.ee\/epood\/wp-content\/uploads\/2022\/04\/HABITO-2.jpg\",\"datePublished\":\"2025-09-13T02:05:01+00:00\",\"dateModified\":\"2026-02-26T06:48:57+00:00\",\"breadcrumb\":{\"@id\":\"https:\/\/espak.ee\/epood\/toode\/kipsplaat-gyproc-habito-1251227\/#breadcrumb\"},\"inLanguage\":\"et\",\"potentialAction\":[{\"@type\":\"ReadAction\",\"target\":[\"https:\/\/espak.ee\/epood\/toode\/kipsplaat-gyproc-habito-1251227\/\"]}]},{\"@type\":\"ImageObject\",\"inLanguage\":\"et\",\"@id\":\"https:\/\/espak.ee\/epood\/toode\/kipsplaat-gyproc-habito-1251227\/#primaryimage\",\"url\":\"https:\/\/espak.ee\/epood\/wp-content\/uploads\/2022\/04\/HABITO-2.jpg\",\"contentUrl\":\"https:\/\/espak.ee\/epood\/wp-content\/uploads\/2022\/04\/HABITO-2.jpg\",\"width\":800,\"height\":800},{\"@type\":\"BreadcrumbList\",\"@id\":\"https:\/\/espak.ee\/epood\/toode\/kipsplaat-gyproc-habito-1251227\/#breadcrumb\",\"itemListElement\":[{\"@type\":\"ListItem\",\"position\":1,\"name\":\"Home\",\"item\":\"https:\/\/espak.ee\/epood\/\"},{\"@type\":\"ListItem\",\"position\":2,\"name\":\"Tootevalik\",\"item\":\"https:\/\/espak.ee\/epood\/tootevalik\/\"},{\"@type\":\"ListItem\",\"position\":3,\"name\":\"KIPSPLAAT GYPROC HABITO 12,5*1,2*2,7\"}]},{\"@type\":\"WebSite\",\"@id\":\"https:\/\/espak.ee\/epood\/#website\",\"url\":\"https:\/\/espak.ee\/epood\/\",\"name\":\"Espak E-pood\",\"description\":\"\",\"potentialAction\":[{\"@type\":\"SearchAction\",\"target\":{\"@type\":\"EntryPoint\",\"urlTemplate\":\"https:\/\/espak.ee\/epood\/?s={search_term_string}\"},\"query-input\":{\"@type\":\"PropertyValueSpecification\",\"valueRequired\":true,\"valueName\":\"search_term_string\"}}],\"inLanguage\":\"et\"}]}<\/script>\n<!-- \/ Yoast SEO plugin. -->","yoast_head_json":{"title":"KIPSPLAAT GYPROC HABITO 12,5*1,2*2,7 - Espak E-pood","robots":{"index":"index","follow":"follow","max-snippet":"max-snippet:-1","max-image-preview":"max-image-preview:large","max-video-preview":"max-video-preview:-1"},"canonical":"https:\/\/espak.ee\/epood\/toode\/kipsplaat-gyproc-habito-1251227\/","og_locale":"et_EE","og_type":"article","og_title":"KIPSPLAAT GYPROC HABITO 12,5*1,2*2,7 - Espak E-pood","og_url":"https:\/\/espak.ee\/epood\/toode\/kipsplaat-gyproc-habito-1251227\/","og_site_name":"Espak E-pood","article_modified_time":"2026-02-26T06:48:57+00:00","og_image":[{"width":800,"height":800,"url":"https:\/\/espak.ee\/epood\/wp-content\/uploads\/2022\/04\/HABITO-2.jpg","type":"image\/jpeg"}],"twitter_card":"summary_large_image","twitter_misc":{"Est. reading time":"1 minut"},"schema":{"@context":"https:\/\/schema.org","@graph":[{"@type":"WebPage","@id":"https:\/\/espak.ee\/epood\/toode\/kipsplaat-gyproc-habito-1251227\/","url":"https:\/\/espak.ee\/epood\/toode\/kipsplaat-gyproc-habito-1251227\/","name":"KIPSPLAAT GYPROC HABITO 12,5*1,2*2,7 - Espak E-pood","isPartOf":{"@id":"https:\/\/espak.ee\/epood\/#website"},"primaryImageOfPage":{"@id":"https:\/\/espak.ee\/epood\/toode\/kipsplaat-gyproc-habito-1251227\/#primaryimage"},"image":{"@id":"https:\/\/espak.ee\/epood\/toode\/kipsplaat-gyproc-habito-1251227\/#primaryimage"},"thumbnailUrl":"https:\/\/espak.ee\/epood\/wp-content\/uploads\/2022\/04\/HABITO-2.jpg","datePublished":"2025-09-13T02:05:01+00:00","dateModified":"2026-02-26T06:48:57+00:00","breadcrumb":{"@id":"https:\/\/espak.ee\/epood\/toode\/kipsplaat-gyproc-habito-1251227\/#breadcrumb"},"inLanguage":"et","potentialAction":[{"@type":"ReadAction","target":["https:\/\/espak.ee\/epood\/toode\/kipsplaat-gyproc-habito-1251227\/"]}]},{"@type":"ImageObject","inLanguage":"et","@id":"https:\/\/espak.ee\/epood\/toode\/kipsplaat-gyproc-habito-1251227\/#primaryimage","url":"https:\/\/espak.ee\/epood\/wp-content\/uploads\/2022\/04\/HABITO-2.jpg","contentUrl":"https:\/\/espak.ee\/epood\/wp-content\/uploads\/2022\/04\/HABITO-2.jpg","width":800,"height":800},{"@type":"BreadcrumbList","@id":"https:\/\/espak.ee\/epood\/toode\/kipsplaat-gyproc-habito-1251227\/#breadcrumb","itemListElement":[{"@type":"ListItem","position":1,"name":"Home","item":"https:\/\/espak.ee\/epood\/"},{"@type":"ListItem","position":2,"name":"Tootevalik","item":"https:\/\/espak.ee\/epood\/tootevalik\/"},{"@type":"ListItem","position":3,"name":"KIPSPLAAT GYPROC HABITO 12,5*1,2*2,7"}]},{"@type":"WebSite","@id":"https:\/\/espak.ee\/epood\/#website","url":"https:\/\/espak.ee\/epood\/","name":"Espak E-pood","description":"","potentialAction":[{"@type":"SearchAction","target":{"@type":"EntryPoint","urlTemplate":"https:\/\/espak.ee\/epood\/?s={search_term_string}"},"query-input":{"@type":"PropertyValueSpecification","valueRequired":true,"valueName":"search_term_string"}}],"inLanguage":"et"}]}},"_links":{"self":[{"href":"https:\/\/espak.ee\/epood\/wp-json\/wp\/v2\/product\/249560","targetHints":{"allow":["GET"]}}],"collection":[{"href":"https:\/\/espak.ee\/epood\/wp-json\/wp\/v2\/product"}],"about":[{"href":"https:\/\/espak.ee\/epood\/wp-json\/wp\/v2\/types\/product"}],"replies":[{"embeddable":true,"href":"https:\/\/espak.ee\/epood\/wp-json\/wp\/v2\/comments?post=249560"}],"wp:featuredmedia":[{"embeddable":true,"href":"https:\/\/espak.ee\/epood\/wp-json\/wp\/v2\/media\/116065"}],"wp:attachment":[{"href":"https:\/\/espak.ee\/epood\/wp-json\/wp\/v2\/media?parent=249560"}],"wp:term":[{"taxonomy":"product_brand","embeddable":true,"href":"https:\/\/espak.ee\/epood\/wp-json\/wp\/v2\/product_brand?post=249560"},{"taxonomy":"product_cat","embeddable":true,"href":"https:\/\/espak.ee\/epood\/wp-json\/wp\/v2\/product_cat?post=249560"},{"taxonomy":"product_tag","embeddable":true,"href":"https:\/\/espak.ee\/epood\/wp-json\/wp\/v2\/product_tag?post=249560"}],"curies":[{"name":"wp","href":"https:\/\/api.w.org\/{rel}","templated":true}]}}