{"id":249461,"date":"2025-09-12T05:10:02","date_gmt":"2025-09-12T02:10:02","guid":{"rendered":"https:\/\/espak.ee\/epood\/?post_type=product&#038;p=249461"},"modified":"2025-12-01T21:32:17","modified_gmt":"2025-12-01T19:32:17","slug":"otsmikulamp-scangrip-zoom-03-5627","status":"publish","type":"product","link":"https:\/\/espak.ee\/epood\/toode\/otsmikulamp-scangrip-zoom-03-5627\/","title":{"rendered":"OTSMIKULAMP SCANGRIP ZOOM 03.5627"},"content":{"rendered":"<div class=\"row\"  id=\"row-1173531534\">\n\n\t<div id=\"col-843541151\" class=\"col medium-9 small-12 large-9\"  >\n\t\t\t\t<div class=\"col-inner\"  >\n\t\t\t\n\t\t\t\n<h3>Pealamp Scangrip ZOOM, 220 lm, laetav, IP54 <\/h3>\n<p>Nime \u201cZOOM\u201d on see pealamp saanud seet\u00f5ttu, et kasutaja saab valgustusnurka vastavalt tehtava t\u00f6\u00f6 iseloomule sisse ja v\u00e4lja \u201csuumida\u201d. Seega saab valgustusnurka reguleerida 10\u00b0-70\u00b0, mis annab v\u00e4ga pika, 75-meetrise valgustusvihu v\u00f5i l\u00fchema, 30-meetrise valgustusvihu.<br \/>\nUuenduskuuri l\u00e4bi teinud ZOOM lambil on 3-astmeline valgustugevuse reguleerimine: 1.aste = 10 luumenit \/ 2.aste = 80 luumenit \/ 3.aste = 220 luumenit. 1. sammu nimetatakse &#8220;LUGEMISE RE\u017dIIMI seadistuseks&#8221;, kuna 10 luumenit annab just piisavalt valgust n\u00e4iteks kasutusjuhendite lugemiseks.<\/p>\n<p>Valgusallikas: COB LED<br \/>\nLED j\u00f5udlus, lumen\/W: 120<br \/>\nValgusvoog, lumen: 10-220<br \/>\nValgustus, lux@0.5 m: 55-1200<br \/>\nValgustugevuse reguleerimine: 3 astet<br \/>\nValgustusnurk: 10\u00b0-70\u00b0<br \/>\nValgustuskaugus, m: 80<br \/>\nCRI (v\u00e4rvispektri \u00fchtluse indeks): Ra > 70<br \/>\nCCT (v\u00e4rvustemperatuur): 6500 K<br \/>\nT\u00f6\u00f6aeg maksimum v\u00f5imsusel, h: 4.5<br \/>\nT\u00f6\u00f6aeg miinimum v\u00f5imsusel, h: 19<br \/>\nLaadimisaeg, h: 2.5<br \/>\nAku: 3.7V \/ 2000 mAh Li-ion<br \/>\nKaitseklass: IP54\/IK07<br \/>\nL\u00f6\u00f6gikindlus: 1m<\/p>\n\t\t<\/div>\n\t\t\t\t\t<\/div>\n\n\t\n\n\t<div id=\"col-1692995130\" class=\"col medium-3 small-12 large-3\"  >\n\t\t\t\t<div class=\"col-inner\"  >\n\t\t\t\n\t\t\t\n\t<div id=\"gap-862184997\" class=\"gap-element clearfix\" style=\"display:block; height:auto;\">\n\t\t\n<style>\n#gap-862184997 {\n  padding-top: 30px;\n}\n<\/style>\n\t<\/div>\n\t\n<p><strong>\u00dcksikasjalikuma n\u00f5u saamiseks v\u00f5tke \u00fchendust:<br \/><\/strong>Espak AS<br \/>Viadukti 42<br \/>11313<br \/>Tallinn<br \/> T\u00f6\u00f6riista osakond +372 6512 335<br \/><a href=\"mailto:tooriist@espak.ee\">tooriist@espak.ee<\/a><\/p>\n\t\t<\/div>\n\t\t\t\t\t<\/div>\n\n\t\n<\/div>\n","protected":false},"excerpt":{"rendered":"","protected":false},"featured_media":249481,"comment_status":"closed","ping_status":"closed","template":"","meta":[],"product_brand":[],"product_cat":[2788,2941,2942,2943],"product_tag":[],"class_list":{"0":"post-249461","1":"product","2":"type-product","3":"status-publish","4":"has-post-thumbnail","6":"product_cat-aiatarbed-ja-kodukaubad","7":"product_cat-autokaubad","8":"product_cat-autokaubad-autokaubad","9":"product_cat-autotarvikud","10":"pa_kaubamark-scangrip","12":"first","13":"instock","14":"sale","15":"taxable","16":"shipping-taxable","17":"purchasable","18":"product-type-simple"},"yoast_head":"<!-- This site is optimized with the Yoast SEO plugin v26.9 - https:\/\/yoast.com\/product\/yoast-seo-wordpress\/ -->\n<title>OTSMIKULAMP SCANGRIP ZOOM 03.5627 - Espak E-pood<\/title>\n<meta name=\"robots\" content=\"index, follow, max-snippet:-1, max-image-preview:large, max-video-preview:-1\" \/>\n<link rel=\"canonical\" href=\"https:\/\/espak.ee\/epood\/toode\/otsmikulamp-scangrip-zoom-03-5627\/\" \/>\n<meta property=\"og:locale\" content=\"et_EE\" \/>\n<meta property=\"og:type\" content=\"article\" \/>\n<meta property=\"og:title\" content=\"OTSMIKULAMP SCANGRIP ZOOM 03.5627 - Espak E-pood\" \/>\n<meta property=\"og:url\" content=\"https:\/\/espak.ee\/epood\/toode\/otsmikulamp-scangrip-zoom-03-5627\/\" \/>\n<meta property=\"og:site_name\" content=\"Espak E-pood\" \/>\n<meta property=\"article:modified_time\" content=\"2025-12-01T19:32:17+00:00\" \/>\n<meta property=\"og:image\" content=\"https:\/\/espak.ee\/epood\/wp-content\/uploads\/2025\/09\/5708997356272_1.jpg\" \/>\n\t<meta property=\"og:image:width\" content=\"1000\" \/>\n\t<meta property=\"og:image:height\" content=\"1000\" \/>\n\t<meta property=\"og:image:type\" content=\"image\/jpeg\" \/>\n<meta name=\"twitter:card\" content=\"summary_large_image\" \/>\n<meta name=\"twitter:label1\" content=\"Est. reading time\" \/>\n\t<meta name=\"twitter:data1\" content=\"1 minut\" \/>\n<script type=\"application\/ld+json\" class=\"yoast-schema-graph\">{\"@context\":\"https:\/\/schema.org\",\"@graph\":[{\"@type\":\"WebPage\",\"@id\":\"https:\/\/espak.ee\/epood\/toode\/otsmikulamp-scangrip-zoom-03-5627\/\",\"url\":\"https:\/\/espak.ee\/epood\/toode\/otsmikulamp-scangrip-zoom-03-5627\/\",\"name\":\"OTSMIKULAMP SCANGRIP ZOOM 03.5627 - Espak E-pood\",\"isPartOf\":{\"@id\":\"https:\/\/espak.ee\/epood\/#website\"},\"primaryImageOfPage\":{\"@id\":\"https:\/\/espak.ee\/epood\/toode\/otsmikulamp-scangrip-zoom-03-5627\/#primaryimage\"},\"image\":{\"@id\":\"https:\/\/espak.ee\/epood\/toode\/otsmikulamp-scangrip-zoom-03-5627\/#primaryimage\"},\"thumbnailUrl\":\"https:\/\/espak.ee\/epood\/wp-content\/uploads\/2025\/09\/5708997356272_1.jpg\",\"datePublished\":\"2025-09-12T02:10:02+00:00\",\"dateModified\":\"2025-12-01T19:32:17+00:00\",\"breadcrumb\":{\"@id\":\"https:\/\/espak.ee\/epood\/toode\/otsmikulamp-scangrip-zoom-03-5627\/#breadcrumb\"},\"inLanguage\":\"et\",\"potentialAction\":[{\"@type\":\"ReadAction\",\"target\":[\"https:\/\/espak.ee\/epood\/toode\/otsmikulamp-scangrip-zoom-03-5627\/\"]}]},{\"@type\":\"ImageObject\",\"inLanguage\":\"et\",\"@id\":\"https:\/\/espak.ee\/epood\/toode\/otsmikulamp-scangrip-zoom-03-5627\/#primaryimage\",\"url\":\"https:\/\/espak.ee\/epood\/wp-content\/uploads\/2025\/09\/5708997356272_1.jpg\",\"contentUrl\":\"https:\/\/espak.ee\/epood\/wp-content\/uploads\/2025\/09\/5708997356272_1.jpg\",\"width\":1000,\"height\":1000},{\"@type\":\"BreadcrumbList\",\"@id\":\"https:\/\/espak.ee\/epood\/toode\/otsmikulamp-scangrip-zoom-03-5627\/#breadcrumb\",\"itemListElement\":[{\"@type\":\"ListItem\",\"position\":1,\"name\":\"Home\",\"item\":\"https:\/\/espak.ee\/epood\/\"},{\"@type\":\"ListItem\",\"position\":2,\"name\":\"Tootevalik\",\"item\":\"https:\/\/espak.ee\/epood\/tootevalik\/\"},{\"@type\":\"ListItem\",\"position\":3,\"name\":\"OTSMIKULAMP SCANGRIP ZOOM 03.5627\"}]},{\"@type\":\"WebSite\",\"@id\":\"https:\/\/espak.ee\/epood\/#website\",\"url\":\"https:\/\/espak.ee\/epood\/\",\"name\":\"Espak E-pood\",\"description\":\"\",\"potentialAction\":[{\"@type\":\"SearchAction\",\"target\":{\"@type\":\"EntryPoint\",\"urlTemplate\":\"https:\/\/espak.ee\/epood\/?s={search_term_string}\"},\"query-input\":{\"@type\":\"PropertyValueSpecification\",\"valueRequired\":true,\"valueName\":\"search_term_string\"}}],\"inLanguage\":\"et\"}]}<\/script>\n<!-- \/ Yoast SEO plugin. -->","yoast_head_json":{"title":"OTSMIKULAMP SCANGRIP ZOOM 03.5627 - Espak E-pood","robots":{"index":"index","follow":"follow","max-snippet":"max-snippet:-1","max-image-preview":"max-image-preview:large","max-video-preview":"max-video-preview:-1"},"canonical":"https:\/\/espak.ee\/epood\/toode\/otsmikulamp-scangrip-zoom-03-5627\/","og_locale":"et_EE","og_type":"article","og_title":"OTSMIKULAMP SCANGRIP ZOOM 03.5627 - Espak E-pood","og_url":"https:\/\/espak.ee\/epood\/toode\/otsmikulamp-scangrip-zoom-03-5627\/","og_site_name":"Espak E-pood","article_modified_time":"2025-12-01T19:32:17+00:00","og_image":[{"width":1000,"height":1000,"url":"https:\/\/espak.ee\/epood\/wp-content\/uploads\/2025\/09\/5708997356272_1.jpg","type":"image\/jpeg"}],"twitter_card":"summary_large_image","twitter_misc":{"Est. reading time":"1 minut"},"schema":{"@context":"https:\/\/schema.org","@graph":[{"@type":"WebPage","@id":"https:\/\/espak.ee\/epood\/toode\/otsmikulamp-scangrip-zoom-03-5627\/","url":"https:\/\/espak.ee\/epood\/toode\/otsmikulamp-scangrip-zoom-03-5627\/","name":"OTSMIKULAMP SCANGRIP ZOOM 03.5627 - Espak E-pood","isPartOf":{"@id":"https:\/\/espak.ee\/epood\/#website"},"primaryImageOfPage":{"@id":"https:\/\/espak.ee\/epood\/toode\/otsmikulamp-scangrip-zoom-03-5627\/#primaryimage"},"image":{"@id":"https:\/\/espak.ee\/epood\/toode\/otsmikulamp-scangrip-zoom-03-5627\/#primaryimage"},"thumbnailUrl":"https:\/\/espak.ee\/epood\/wp-content\/uploads\/2025\/09\/5708997356272_1.jpg","datePublished":"2025-09-12T02:10:02+00:00","dateModified":"2025-12-01T19:32:17+00:00","breadcrumb":{"@id":"https:\/\/espak.ee\/epood\/toode\/otsmikulamp-scangrip-zoom-03-5627\/#breadcrumb"},"inLanguage":"et","potentialAction":[{"@type":"ReadAction","target":["https:\/\/espak.ee\/epood\/toode\/otsmikulamp-scangrip-zoom-03-5627\/"]}]},{"@type":"ImageObject","inLanguage":"et","@id":"https:\/\/espak.ee\/epood\/toode\/otsmikulamp-scangrip-zoom-03-5627\/#primaryimage","url":"https:\/\/espak.ee\/epood\/wp-content\/uploads\/2025\/09\/5708997356272_1.jpg","contentUrl":"https:\/\/espak.ee\/epood\/wp-content\/uploads\/2025\/09\/5708997356272_1.jpg","width":1000,"height":1000},{"@type":"BreadcrumbList","@id":"https:\/\/espak.ee\/epood\/toode\/otsmikulamp-scangrip-zoom-03-5627\/#breadcrumb","itemListElement":[{"@type":"ListItem","position":1,"name":"Home","item":"https:\/\/espak.ee\/epood\/"},{"@type":"ListItem","position":2,"name":"Tootevalik","item":"https:\/\/espak.ee\/epood\/tootevalik\/"},{"@type":"ListItem","position":3,"name":"OTSMIKULAMP SCANGRIP ZOOM 03.5627"}]},{"@type":"WebSite","@id":"https:\/\/espak.ee\/epood\/#website","url":"https:\/\/espak.ee\/epood\/","name":"Espak E-pood","description":"","potentialAction":[{"@type":"SearchAction","target":{"@type":"EntryPoint","urlTemplate":"https:\/\/espak.ee\/epood\/?s={search_term_string}"},"query-input":{"@type":"PropertyValueSpecification","valueRequired":true,"valueName":"search_term_string"}}],"inLanguage":"et"}]}},"_links":{"self":[{"href":"https:\/\/espak.ee\/epood\/wp-json\/wp\/v2\/product\/249461","targetHints":{"allow":["GET"]}}],"collection":[{"href":"https:\/\/espak.ee\/epood\/wp-json\/wp\/v2\/product"}],"about":[{"href":"https:\/\/espak.ee\/epood\/wp-json\/wp\/v2\/types\/product"}],"replies":[{"embeddable":true,"href":"https:\/\/espak.ee\/epood\/wp-json\/wp\/v2\/comments?post=249461"}],"wp:featuredmedia":[{"embeddable":true,"href":"https:\/\/espak.ee\/epood\/wp-json\/wp\/v2\/media\/249481"}],"wp:attachment":[{"href":"https:\/\/espak.ee\/epood\/wp-json\/wp\/v2\/media?parent=249461"}],"wp:term":[{"taxonomy":"product_brand","embeddable":true,"href":"https:\/\/espak.ee\/epood\/wp-json\/wp\/v2\/product_brand?post=249461"},{"taxonomy":"product_cat","embeddable":true,"href":"https:\/\/espak.ee\/epood\/wp-json\/wp\/v2\/product_cat?post=249461"},{"taxonomy":"product_tag","embeddable":true,"href":"https:\/\/espak.ee\/epood\/wp-json\/wp\/v2\/product_tag?post=249461"}],"curies":[{"name":"wp","href":"https:\/\/api.w.org\/{rel}","templated":true}]}}