{"id":249158,"date":"2025-09-10T05:05:42","date_gmt":"2025-09-10T02:05:42","guid":{"rendered":"https:\/\/espak.ee\/epood\/?post_type=product&#038;p=249158"},"modified":"2026-04-15T07:44:54","modified_gmt":"2026-04-15T04:44:54","slug":"madratsipuhastaja-vch4-uv-clean-karcher","status":"publish","type":"product","link":"https:\/\/espak.ee\/epood\/toode\/madratsipuhastaja-vch4-uv-clean-karcher\/","title":{"rendered":"MADRATSIPUHASTAJA VCH4 UV Clean K\u00c4RCHER"},"content":{"rendered":"<div class=\"row\"  id=\"row-940705343\">\n\n\t<div id=\"col-1156577823\" class=\"col medium-9 small-12 large-9\"  >\n\t\t\t\t<div class=\"col-inner\"  >\n\t\t\t\n\t\t\t\n<h3>Madratsipuhastaja VCH 4 UVClean K\u00e4rcher<\/h3>\n<p>Kiudude s\u00fcgav puhastus, isegi allergikutele: VCH 4 UVClean kasutab UV-C valgust, vibratsiooni ja tugevat imemisj\u00f5udu, et eemaldada madratsitelt ja muudelt tekstiilpindadelt 99,9% lestadest ja bakteritest.<\/p>\n<div class=\"message-box relative\" style=\"padding-top:15px;padding-bottom:15px;\"><div class=\"message-box-bg-image bg-fill fill\" ><\/div><div class=\"message-box-bg-overlay bg-fill fill\" ><\/div><div class=\"container relative\"><div class=\"inner last-reset\">\n<div class=\"row align-middle align-center\"  id=\"row-98882642\">\n\n\t<div id=\"col-1256779873\" class=\"col small-12 large-12\"  >\n\t\t\t\t<div class=\"col-inner text-left\"  >\n\t\t\t\n\t\t\t\n<h4>Omadused<\/h4>\n<div class=\"row\"  id=\"row-1708829184\">\n\n\t<div id=\"col-7694340\" class=\"col medium-6 small-12 large-6\"  >\n\t\t\t\t<div class=\"col-inner\"  >\n\t\t\t\n\t\t\t\n<p><i class=\"fa fa-check fa-2x\"><\/i> <strong> 500 W imemisv\u00f5imsus<\/strong><\/p>\n<p><i class=\"fa fa-check fa-2x\"><\/i> <strong> V\u00f5imas kloppimisrull<\/strong><\/p>\n\t\t<\/div>\n\t\t\t\t\n<style>\n#col-7694340 > .col-inner {\n  margin: 0px 0px 15px 0px;\n}\n<\/style>\n\t<\/div>\n\n\t\n\n\t<div id=\"col-940451229\" class=\"col medium-6 small-12 large-6\"  >\n\t\t\t\t<div class=\"col-inner\"  >\n\t\t\t\n\t\t\t\n<p><i class=\"fa fa-check fa-2x\"><\/i> <strong> Integreeritud UV-C valgus m\u00f5jub pinnale ja neutraliseerib usaldusv\u00e4\u00e4rselt 99,9% k\u00f5igist bakteritest ja lestadest ilma kemikaale kasutamata<\/strong><\/p>\n<p><i class=\"fa fa-check fa-2x\"><\/i> <strong> Pikk toitekaabel<\/strong><\/p>\n\t\t<\/div>\n\t\t\t\t\n<style>\n#col-940451229 > .col-inner {\n  margin: 0px 0px 15px 0px;\n}\n<\/style>\n\t<\/div>\n\n\t\n<\/div>\n\t\t<\/div>\n\t\t\t\t\t<\/div>\n\n\t\n<\/div>\n<\/div><\/div><\/div>\n\t<div id=\"gap-2009069400\" class=\"gap-element clearfix\" style=\"display:block; height:auto;\">\n\t\t\n<style>\n#gap-2009069400 {\n  padding-top: 30px;\n}\n<\/style>\n\t<\/div>\n\t\n<p>VCH 4 UVClean puhta ja tervisliku une jaoks. Madratsites leidub miljoneid lestasid ja baktereid, mis v\u00f5ivad vallandada allergiat ja omakorda h\u00e4irida und, mist\u00f5ttu ei piisa sellest, kui madrats lihtsalt puhas v\u00e4lja n\u00e4eb. VCH 4 UVClean eemaldab teie madratsitelt ja tekstiilpindadelt t\u00f5husalt nii n\u00e4htavad kui ka n\u00e4htamatud osakesed, nagu lestad ja muud allergeenid, et puhastada p\u00f5hjalikult kuni kiududeni. Madratsipuhastusvahend \u00fchendab suurep\u00e4rase efektiga kolm v\u00f5imsat tehnoloogiat. Kloppimisrulli v\u00f5imas vibratsioon vabastab madratsi kiududest s\u00fcgavalt juurdunud mustuse, surnud naharakud ja lestad ning t\u00f5mbab need pinnale. V\u00f5imas mootor imeb seej\u00e4rel lahtised osakesed kompromissideta kokku ja p\u00fc\u00fcab need ohutult j\u00e4\u00e4tmemahutisse. Samal ajal neutraliseerib integreeritud UV-C valgus kuni 99,9 protsenti k\u00f5igist pinnal olevatest bakteritest ja lestadest. See kombinatsioon tagab, et k\u00f5ik madratsid, padjad ja muud tekstiilpinnad saavad kasutaja tervise kaitsmiseks s\u00fcgavpuhastuse.<\/p>\n\t\t<\/div>\n\t\t\t\t\t<\/div>\n\n\t\n\n\t<div id=\"col-2086128097\" class=\"col medium-3 small-12 large-3\"  >\n\t\t\t\t<div class=\"col-inner\"  >\n\t\t\t\n\t\t\t\n<h3>Kasutusjuhend<\/h3>\n<p><a href=\"https:\/\/espak.ee\/epood\/wp-content\/uploads\/2025\/09\/BTA-5946262-000-00.pdf\"target=\"_blank\" rel=\"noopener noreferrer\"><i class=\"far fa-file-pdf\"><\/i> Kasutusjuhend (PDF)<\/a><\/p>\n<p><strong>\u00dcksikasjalikuma n\u00f5u saamiseks v\u00f5tke \u00fchendust:<br \/><\/strong>Espak AS<br \/>Viadukti 42<br \/>11313<br \/>Tallinn<br \/>+372 6 512333<\/p>\n\t\t<\/div>\n\t\t\t\t\t<\/div>\n\n\t\n<\/div>\n","protected":false},"excerpt":{"rendered":"","protected":false},"featured_media":249172,"comment_status":"closed","ping_status":"closed","template":"","meta":[],"product_brand":[],"product_cat":[2757,2733,2680,2679],"product_tag":[],"class_list":{"0":"post-249158","1":"product","2":"type-product","3":"status-publish","4":"has-post-thumbnail","6":"product_cat-akutolmuimejad","7":"product_cat-akutooriistad","8":"product_cat-elektritooriistad","9":"product_cat-tooriistad","10":"pa_kaubamark-karcher","12":"first","13":"instock","14":"sale","15":"taxable","16":"shipping-taxable","17":"purchasable","18":"product-type-simple"},"yoast_head":"<!-- This site is optimized with the Yoast SEO plugin v26.9 - https:\/\/yoast.com\/product\/yoast-seo-wordpress\/ -->\n<title>MADRATSIPUHASTAJA VCH4 UV Clean K\u00c4RCHER - Espak E-pood<\/title>\n<meta name=\"robots\" content=\"index, follow, max-snippet:-1, max-image-preview:large, max-video-preview:-1\" \/>\n<link rel=\"canonical\" href=\"https:\/\/espak.ee\/epood\/toode\/madratsipuhastaja-vch4-uv-clean-karcher\/\" \/>\n<meta property=\"og:locale\" content=\"et_EE\" \/>\n<meta property=\"og:type\" content=\"article\" \/>\n<meta property=\"og:title\" content=\"MADRATSIPUHASTAJA VCH4 UV Clean K\u00c4RCHER - Espak E-pood\" \/>\n<meta property=\"og:url\" content=\"https:\/\/espak.ee\/epood\/toode\/madratsipuhastaja-vch4-uv-clean-karcher\/\" \/>\n<meta property=\"og:site_name\" content=\"Espak E-pood\" \/>\n<meta property=\"article:modified_time\" content=\"2026-04-15T04:44:54+00:00\" \/>\n<meta property=\"og:image\" content=\"https:\/\/espak.ee\/epood\/wp-content\/uploads\/2025\/09\/d0-9.jpg\" \/>\n\t<meta property=\"og:image:width\" content=\"1000\" \/>\n\t<meta property=\"og:image:height\" content=\"1000\" \/>\n\t<meta property=\"og:image:type\" content=\"image\/jpeg\" \/>\n<meta name=\"twitter:card\" content=\"summary_large_image\" \/>\n<meta name=\"twitter:label1\" content=\"Est. reading time\" \/>\n\t<meta name=\"twitter:data1\" content=\"1 minut\" \/>\n<script type=\"application\/ld+json\" class=\"yoast-schema-graph\">{\"@context\":\"https:\/\/schema.org\",\"@graph\":[{\"@type\":\"WebPage\",\"@id\":\"https:\/\/espak.ee\/epood\/toode\/madratsipuhastaja-vch4-uv-clean-karcher\/\",\"url\":\"https:\/\/espak.ee\/epood\/toode\/madratsipuhastaja-vch4-uv-clean-karcher\/\",\"name\":\"MADRATSIPUHASTAJA VCH4 UV Clean K\u00c4RCHER - Espak E-pood\",\"isPartOf\":{\"@id\":\"https:\/\/espak.ee\/epood\/#website\"},\"primaryImageOfPage\":{\"@id\":\"https:\/\/espak.ee\/epood\/toode\/madratsipuhastaja-vch4-uv-clean-karcher\/#primaryimage\"},\"image\":{\"@id\":\"https:\/\/espak.ee\/epood\/toode\/madratsipuhastaja-vch4-uv-clean-karcher\/#primaryimage\"},\"thumbnailUrl\":\"https:\/\/espak.ee\/epood\/wp-content\/uploads\/2025\/09\/d0-9.jpg\",\"datePublished\":\"2025-09-10T02:05:42+00:00\",\"dateModified\":\"2026-04-15T04:44:54+00:00\",\"breadcrumb\":{\"@id\":\"https:\/\/espak.ee\/epood\/toode\/madratsipuhastaja-vch4-uv-clean-karcher\/#breadcrumb\"},\"inLanguage\":\"et\",\"potentialAction\":[{\"@type\":\"ReadAction\",\"target\":[\"https:\/\/espak.ee\/epood\/toode\/madratsipuhastaja-vch4-uv-clean-karcher\/\"]}]},{\"@type\":\"ImageObject\",\"inLanguage\":\"et\",\"@id\":\"https:\/\/espak.ee\/epood\/toode\/madratsipuhastaja-vch4-uv-clean-karcher\/#primaryimage\",\"url\":\"https:\/\/espak.ee\/epood\/wp-content\/uploads\/2025\/09\/d0-9.jpg\",\"contentUrl\":\"https:\/\/espak.ee\/epood\/wp-content\/uploads\/2025\/09\/d0-9.jpg\",\"width\":1000,\"height\":1000},{\"@type\":\"BreadcrumbList\",\"@id\":\"https:\/\/espak.ee\/epood\/toode\/madratsipuhastaja-vch4-uv-clean-karcher\/#breadcrumb\",\"itemListElement\":[{\"@type\":\"ListItem\",\"position\":1,\"name\":\"Home\",\"item\":\"https:\/\/espak.ee\/epood\/\"},{\"@type\":\"ListItem\",\"position\":2,\"name\":\"Tootevalik\",\"item\":\"https:\/\/espak.ee\/epood\/tootevalik\/\"},{\"@type\":\"ListItem\",\"position\":3,\"name\":\"MADRATSIPUHASTAJA VCH4 UV Clean K\u00c4RCHER\"}]},{\"@type\":\"WebSite\",\"@id\":\"https:\/\/espak.ee\/epood\/#website\",\"url\":\"https:\/\/espak.ee\/epood\/\",\"name\":\"Espak E-pood\",\"description\":\"\",\"potentialAction\":[{\"@type\":\"SearchAction\",\"target\":{\"@type\":\"EntryPoint\",\"urlTemplate\":\"https:\/\/espak.ee\/epood\/?s={search_term_string}\"},\"query-input\":{\"@type\":\"PropertyValueSpecification\",\"valueRequired\":true,\"valueName\":\"search_term_string\"}}],\"inLanguage\":\"et\"}]}<\/script>\n<!-- \/ Yoast SEO plugin. -->","yoast_head_json":{"title":"MADRATSIPUHASTAJA VCH4 UV Clean K\u00c4RCHER - Espak E-pood","robots":{"index":"index","follow":"follow","max-snippet":"max-snippet:-1","max-image-preview":"max-image-preview:large","max-video-preview":"max-video-preview:-1"},"canonical":"https:\/\/espak.ee\/epood\/toode\/madratsipuhastaja-vch4-uv-clean-karcher\/","og_locale":"et_EE","og_type":"article","og_title":"MADRATSIPUHASTAJA VCH4 UV Clean K\u00c4RCHER - Espak E-pood","og_url":"https:\/\/espak.ee\/epood\/toode\/madratsipuhastaja-vch4-uv-clean-karcher\/","og_site_name":"Espak E-pood","article_modified_time":"2026-04-15T04:44:54+00:00","og_image":[{"width":1000,"height":1000,"url":"https:\/\/espak.ee\/epood\/wp-content\/uploads\/2025\/09\/d0-9.jpg","type":"image\/jpeg"}],"twitter_card":"summary_large_image","twitter_misc":{"Est. reading time":"1 minut"},"schema":{"@context":"https:\/\/schema.org","@graph":[{"@type":"WebPage","@id":"https:\/\/espak.ee\/epood\/toode\/madratsipuhastaja-vch4-uv-clean-karcher\/","url":"https:\/\/espak.ee\/epood\/toode\/madratsipuhastaja-vch4-uv-clean-karcher\/","name":"MADRATSIPUHASTAJA VCH4 UV Clean K\u00c4RCHER - Espak E-pood","isPartOf":{"@id":"https:\/\/espak.ee\/epood\/#website"},"primaryImageOfPage":{"@id":"https:\/\/espak.ee\/epood\/toode\/madratsipuhastaja-vch4-uv-clean-karcher\/#primaryimage"},"image":{"@id":"https:\/\/espak.ee\/epood\/toode\/madratsipuhastaja-vch4-uv-clean-karcher\/#primaryimage"},"thumbnailUrl":"https:\/\/espak.ee\/epood\/wp-content\/uploads\/2025\/09\/d0-9.jpg","datePublished":"2025-09-10T02:05:42+00:00","dateModified":"2026-04-15T04:44:54+00:00","breadcrumb":{"@id":"https:\/\/espak.ee\/epood\/toode\/madratsipuhastaja-vch4-uv-clean-karcher\/#breadcrumb"},"inLanguage":"et","potentialAction":[{"@type":"ReadAction","target":["https:\/\/espak.ee\/epood\/toode\/madratsipuhastaja-vch4-uv-clean-karcher\/"]}]},{"@type":"ImageObject","inLanguage":"et","@id":"https:\/\/espak.ee\/epood\/toode\/madratsipuhastaja-vch4-uv-clean-karcher\/#primaryimage","url":"https:\/\/espak.ee\/epood\/wp-content\/uploads\/2025\/09\/d0-9.jpg","contentUrl":"https:\/\/espak.ee\/epood\/wp-content\/uploads\/2025\/09\/d0-9.jpg","width":1000,"height":1000},{"@type":"BreadcrumbList","@id":"https:\/\/espak.ee\/epood\/toode\/madratsipuhastaja-vch4-uv-clean-karcher\/#breadcrumb","itemListElement":[{"@type":"ListItem","position":1,"name":"Home","item":"https:\/\/espak.ee\/epood\/"},{"@type":"ListItem","position":2,"name":"Tootevalik","item":"https:\/\/espak.ee\/epood\/tootevalik\/"},{"@type":"ListItem","position":3,"name":"MADRATSIPUHASTAJA VCH4 UV Clean K\u00c4RCHER"}]},{"@type":"WebSite","@id":"https:\/\/espak.ee\/epood\/#website","url":"https:\/\/espak.ee\/epood\/","name":"Espak E-pood","description":"","potentialAction":[{"@type":"SearchAction","target":{"@type":"EntryPoint","urlTemplate":"https:\/\/espak.ee\/epood\/?s={search_term_string}"},"query-input":{"@type":"PropertyValueSpecification","valueRequired":true,"valueName":"search_term_string"}}],"inLanguage":"et"}]}},"_links":{"self":[{"href":"https:\/\/espak.ee\/epood\/wp-json\/wp\/v2\/product\/249158","targetHints":{"allow":["GET"]}}],"collection":[{"href":"https:\/\/espak.ee\/epood\/wp-json\/wp\/v2\/product"}],"about":[{"href":"https:\/\/espak.ee\/epood\/wp-json\/wp\/v2\/types\/product"}],"replies":[{"embeddable":true,"href":"https:\/\/espak.ee\/epood\/wp-json\/wp\/v2\/comments?post=249158"}],"wp:featuredmedia":[{"embeddable":true,"href":"https:\/\/espak.ee\/epood\/wp-json\/wp\/v2\/media\/249172"}],"wp:attachment":[{"href":"https:\/\/espak.ee\/epood\/wp-json\/wp\/v2\/media?parent=249158"}],"wp:term":[{"taxonomy":"product_brand","embeddable":true,"href":"https:\/\/espak.ee\/epood\/wp-json\/wp\/v2\/product_brand?post=249158"},{"taxonomy":"product_cat","embeddable":true,"href":"https:\/\/espak.ee\/epood\/wp-json\/wp\/v2\/product_cat?post=249158"},{"taxonomy":"product_tag","embeddable":true,"href":"https:\/\/espak.ee\/epood\/wp-json\/wp\/v2\/product_tag?post=249158"}],"curies":[{"name":"wp","href":"https:\/\/api.w.org\/{rel}","templated":true}]}}