{"id":248705,"date":"2025-09-05T05:05:01","date_gmt":"2025-09-05T02:05:01","guid":{"rendered":"https:\/\/espak.ee\/epood\/?post_type=product&#038;p=248705"},"modified":"2026-03-21T09:14:24","modified_gmt":"2026-03-21T07:14:24","slug":"poolmatt-sisevarv-simply-refresh-wall-tiles-bw-05l","status":"publish","type":"product","link":"https:\/\/espak.ee\/epood\/toode\/poolmatt-sisevarv-simply-refresh-wall-tiles-bw-05l\/","title":{"rendered":"POOLMATT SISEV\u00c4RV SIMPLY REFRESH WALL TILES BW 0,5L"},"content":{"rendered":"<div class=\"row\"  id=\"row-823016771\">\n\n\t<div id=\"col-278662235\" class=\"col medium-9 small-12 large-9\"  >\n\t\t\t\t<div class=\"col-inner\"  >\n\t\t\t\n\t\t\t\n<h2>Poolmatt v\u00e4rv keraamilistele plaatidele Sadolin Simply Refresh Wall Tiles BW 0,5L<\/h2>\n<p>Simply Refresh Wall Tiles on uue p\u00f5lvkonna v\u00e4rv keraamilistele plaatidele \u201ekaks \u00fches\u201c \u2013 krunt ja pinnav\u00e4rv \u00fcheskoos. V\u00e4rv nakkub ideaalselt v\u00e4rvitava pinnaga, on veekindel, kaitseb pinda rasvaplekkide eest. Kuivab kiiresti ja on v\u00e4hese l\u00f5hnaga. V\u00e4rvitud pind on lihtsasti puhastatav ja hooldatav. Sobib keraamilistest plaatidest seinte v\u00e4rvimiseks ja renoveerimiseks k\u00f6\u00f6gis, vannitoas ja teistes ruumides. V\u00e4rv sobib ka klaasi ja portselani v\u00e4rvimiseks.<\/p>\n<div class=\"message-box relative\" style=\"padding-top:15px;padding-bottom:15px;\"><div class=\"message-box-bg-image bg-fill fill\" ><\/div><div class=\"message-box-bg-overlay bg-fill fill\" ><\/div><div class=\"container relative\"><div class=\"inner last-reset\">\n<div class=\"row align-middle align-center\"  id=\"row-660185919\">\n\n\t<div id=\"col-49707318\" class=\"col small-12 large-12\"  >\n\t\t\t\t<div class=\"col-inner text-left\"  >\n\t\t\t\n\t\t\t\n<h4>Omadused<\/h4>\n<div class=\"row\"  id=\"row-2078896322\">\n\n\t<div id=\"col-1161559759\" class=\"col medium-6 small-12 large-6\"  >\n\t\t\t\t<div class=\"col-inner\"  >\n\t\t\t\n\t\t\t\n<p><i class=\"fa fa-check fa-2x\"><\/i> <strong> V\u00e4rv seinaplaatidele<\/strong><\/p>\n<p><i class=\"fa fa-check fa-2x\"><\/i> <strong> \u201ekaks \u00fches\u201c \u2013 krunt ja v\u00e4rv \u00fcheskoos<\/strong><\/p>\n\t\t<\/div>\n\t\t\t\t\n<style>\n#col-1161559759 > .col-inner {\n  margin: 10px 0px 15px 0px;\n}\n<\/style>\n\t<\/div>\n\n\t\n\n\t<div id=\"col-1732906485\" class=\"col medium-6 small-12 large-6\"  >\n\t\t\t\t<div class=\"col-inner\"  >\n\t\t\t\n\t\t\t\n<p><i class=\"fa fa-check fa-2x\"><\/i> <strong> K\u00f5rgevastupidavus m\u00e4rgpuhastusele<\/strong><\/p>\n<p><i class=\"fa fa-check fa-2x\"><\/i> <strong> Lihtne puhastada<\/strong><\/p>\n\t\t<\/div>\n\t\t\t\t\n<style>\n#col-1732906485 > .col-inner {\n  margin: 0px 0px 15px 0px;\n}\n<\/style>\n\t<\/div>\n\n\t\n<\/div>\n\t\t<\/div>\n\t\t\t\t\t<\/div>\n\n\t\n<\/div>\n<\/div><\/div><\/div>\n\t<div id=\"gap-1480264311\" class=\"gap-element clearfix\" style=\"display:block; height:auto;\">\n\t\t\n<style>\n#gap-1480264311 {\n  padding-top: 30px;\n}\n<\/style>\n\t<\/div>\n\t\n<p><strong>Kasutusjuhend:<\/strong> Enne kasutamist segada v\u00e4rv hoolikalt. Uus pind v\u00e4rvida rulli v\u00f5i pintsliga 2 korda, varem v\u00e4rvitud pind v\u00e4rvida 1 v\u00f5i 2 korda. V\u00e4rv on kasutusvalmis. Vajaduse korral v\u00f5ib esimese kihi jaoks v\u00e4rvi lahjendada puhta veega (kuni 10% mahust), viimane kiht tuleb aga v\u00e4rvida lahjendamata v\u00e4rviga. Vajaduse korral lihvida pinda kergelt peene liivapaberiga enne iga j\u00e4rgmise kihi pealekandmist. Kui t\u00f6\u00f6 on tehtud, eemaldada ettevaatlikult maalriteip. Kanda peale uus silikoon.\n<\/p>\n\t\t<\/div>\n\t\t\t\t\t<\/div>\n\n\t\n\n\t<div id=\"col-253518700\" class=\"col medium-3 small-12 large-3\"  >\n\t\t\t\t<div class=\"col-inner\"  >\n\t\t\t\n\t\t\t\n\t<div id=\"gap-1885802487\" class=\"gap-element clearfix\" style=\"display:block; height:auto;\">\n\t\t\n<style>\n#gap-1885802487 {\n  padding-top: 30px;\n}\n<\/style>\n\t<\/div>\n\t\n<h3>Tehniline informatsioon<\/h3>\n<p><a href=\"https:\/\/espak.ee\/epood\/wp-content\/uploads\/2025\/09\/et_simply_refresh_wall_tiles_tds.pdf\"target=\"_blank\" rel=\"noopener noreferrer\"><i class=\"far fa-file-pdf\"><\/i> Tehniline info (PDF)<\/a><\/p>\n<h3>Ohutusalane teave<\/h3>\n<p><a href=\"https:\/\/espak.ee\/epood\/wp-content\/uploads\/2025\/09\/simply_wall_tiles_bw_et.pdf\"target=\"_blank\" rel=\"noopener noreferrer\"><i class=\"far fa-file-pdf\"><\/i> Ohutuskaart (PDF)<\/a><\/p>\n<div class=\"is-divider divider clearfix\" ><\/div>\n<p><strong>\u00dcksikasjalikuma n\u00f5u saamiseks v\u00f5tke \u00fchendust:<br \/><\/strong>Akzo Nobel Baltics,<br \/> R. Tobiase 8,<br \/> 10147 Tallinn,<br \/> Telefon: + 372 630 5299<\/p>\n<div class=\"is-divider divider clearfix\" ><\/div>\n<h3>Sadolin Visualizer<\/h3>\n<div class=\"video video-fit mb\" style=\"padding-top:56.25%;\"><div style=\"width: 640px;\" class=\"wp-video\"><video class=\"wp-video-shortcode\" id=\"video-248705-1\" width=\"640\" height=\"360\" preload=\"metadata\" controls=\"controls\"><source type=\"video\/mp4\" src=\"http:\/\/espak.ee\/epood\/wp-content\/uploads\/Sadolin-Visualizer.mp4?_=1\" \/><a href=\"http:\/\/espak.ee\/epood\/wp-content\/uploads\/Sadolin-Visualizer.mp4\">http:\/\/espak.ee\/epood\/wp-content\/uploads\/Sadolin-Visualizer.mp4<\/a><\/video><\/div>\n<\/div>\n\t\t<\/div>\n\t\t\t\t\t<\/div>\n\n\t\n<\/div>\n","protected":false},"excerpt":{"rendered":"","protected":false},"featured_media":248901,"comment_status":"closed","ping_status":"closed","template":"","meta":[],"product_brand":[],"product_cat":[2689,2685,2684,2683],"product_tag":[],"class_list":{"0":"post-248705","1":"product","2":"type-product","3":"status-publish","4":"has-post-thumbnail","6":"product_cat-sisevarvid","7":"product_cat-varvid","8":"product_cat-varvid-lakid-lahustid-puidukaitsed-olid","9":"product_cat-viimistluskaubad","10":"pa_kaubamark-akzo-nobel-baltics-as","12":"first","13":"instock","14":"sale","15":"taxable","16":"shipping-taxable","17":"purchasable","18":"product-type-simple"},"yoast_head":"<!-- This site is optimized with the Yoast SEO plugin v26.9 - https:\/\/yoast.com\/product\/yoast-seo-wordpress\/ -->\n<title>POOLMATT SISEV\u00c4RV SIMPLY REFRESH WALL TILES BW 0,5L - Espak E-pood<\/title>\n<meta name=\"robots\" content=\"index, follow, max-snippet:-1, max-image-preview:large, max-video-preview:-1\" \/>\n<link rel=\"canonical\" href=\"https:\/\/espak.ee\/epood\/toode\/poolmatt-sisevarv-simply-refresh-wall-tiles-bw-05l\/\" \/>\n<meta property=\"og:locale\" content=\"et_EE\" \/>\n<meta property=\"og:type\" content=\"article\" \/>\n<meta property=\"og:title\" content=\"POOLMATT SISEV\u00c4RV SIMPLY REFRESH WALL TILES BW 0,5L - Espak E-pood\" \/>\n<meta property=\"og:url\" content=\"https:\/\/espak.ee\/epood\/toode\/poolmatt-sisevarv-simply-refresh-wall-tiles-bw-05l\/\" \/>\n<meta property=\"og:site_name\" content=\"Espak E-pood\" \/>\n<meta property=\"article:modified_time\" content=\"2026-03-21T07:14:24+00:00\" \/>\n<meta property=\"og:image\" content=\"https:\/\/espak.ee\/epood\/wp-content\/uploads\/2025\/09\/Sadolin_SimplyRefresh_WallTiles_0_5L-scaled.jpg\" \/>\n\t<meta property=\"og:image:width\" content=\"2048\" \/>\n\t<meta property=\"og:image:height\" content=\"2048\" \/>\n\t<meta property=\"og:image:type\" content=\"image\/jpeg\" \/>\n<meta name=\"twitter:card\" content=\"summary_large_image\" \/>\n<meta name=\"twitter:label1\" content=\"Est. reading time\" \/>\n\t<meta name=\"twitter:data1\" content=\"1 minut\" \/>\n<script type=\"application\/ld+json\" class=\"yoast-schema-graph\">{\"@context\":\"https:\/\/schema.org\",\"@graph\":[{\"@type\":\"WebPage\",\"@id\":\"https:\/\/espak.ee\/epood\/toode\/poolmatt-sisevarv-simply-refresh-wall-tiles-bw-05l\/\",\"url\":\"https:\/\/espak.ee\/epood\/toode\/poolmatt-sisevarv-simply-refresh-wall-tiles-bw-05l\/\",\"name\":\"POOLMATT SISEV\u00c4RV SIMPLY REFRESH WALL TILES BW 0,5L - Espak E-pood\",\"isPartOf\":{\"@id\":\"https:\/\/espak.ee\/epood\/#website\"},\"primaryImageOfPage\":{\"@id\":\"https:\/\/espak.ee\/epood\/toode\/poolmatt-sisevarv-simply-refresh-wall-tiles-bw-05l\/#primaryimage\"},\"image\":{\"@id\":\"https:\/\/espak.ee\/epood\/toode\/poolmatt-sisevarv-simply-refresh-wall-tiles-bw-05l\/#primaryimage\"},\"thumbnailUrl\":\"https:\/\/espak.ee\/epood\/wp-content\/uploads\/2025\/09\/Sadolin_SimplyRefresh_WallTiles_0_5L-scaled.jpg\",\"datePublished\":\"2025-09-05T02:05:01+00:00\",\"dateModified\":\"2026-03-21T07:14:24+00:00\",\"breadcrumb\":{\"@id\":\"https:\/\/espak.ee\/epood\/toode\/poolmatt-sisevarv-simply-refresh-wall-tiles-bw-05l\/#breadcrumb\"},\"inLanguage\":\"et\",\"potentialAction\":[{\"@type\":\"ReadAction\",\"target\":[\"https:\/\/espak.ee\/epood\/toode\/poolmatt-sisevarv-simply-refresh-wall-tiles-bw-05l\/\"]}]},{\"@type\":\"ImageObject\",\"inLanguage\":\"et\",\"@id\":\"https:\/\/espak.ee\/epood\/toode\/poolmatt-sisevarv-simply-refresh-wall-tiles-bw-05l\/#primaryimage\",\"url\":\"https:\/\/espak.ee\/epood\/wp-content\/uploads\/2025\/09\/Sadolin_SimplyRefresh_WallTiles_0_5L-scaled.jpg\",\"contentUrl\":\"https:\/\/espak.ee\/epood\/wp-content\/uploads\/2025\/09\/Sadolin_SimplyRefresh_WallTiles_0_5L-scaled.jpg\",\"width\":2048,\"height\":2048},{\"@type\":\"BreadcrumbList\",\"@id\":\"https:\/\/espak.ee\/epood\/toode\/poolmatt-sisevarv-simply-refresh-wall-tiles-bw-05l\/#breadcrumb\",\"itemListElement\":[{\"@type\":\"ListItem\",\"position\":1,\"name\":\"Home\",\"item\":\"https:\/\/espak.ee\/epood\/\"},{\"@type\":\"ListItem\",\"position\":2,\"name\":\"Tootevalik\",\"item\":\"https:\/\/espak.ee\/epood\/tootevalik\/\"},{\"@type\":\"ListItem\",\"position\":3,\"name\":\"POOLMATT SISEV\u00c4RV SIMPLY REFRESH WALL TILES BW 0,5L\"}]},{\"@type\":\"WebSite\",\"@id\":\"https:\/\/espak.ee\/epood\/#website\",\"url\":\"https:\/\/espak.ee\/epood\/\",\"name\":\"Espak E-pood\",\"description\":\"\",\"potentialAction\":[{\"@type\":\"SearchAction\",\"target\":{\"@type\":\"EntryPoint\",\"urlTemplate\":\"https:\/\/espak.ee\/epood\/?s={search_term_string}\"},\"query-input\":{\"@type\":\"PropertyValueSpecification\",\"valueRequired\":true,\"valueName\":\"search_term_string\"}}],\"inLanguage\":\"et\"}]}<\/script>\n<!-- \/ Yoast SEO plugin. -->","yoast_head_json":{"title":"POOLMATT SISEV\u00c4RV SIMPLY REFRESH WALL TILES BW 0,5L - Espak E-pood","robots":{"index":"index","follow":"follow","max-snippet":"max-snippet:-1","max-image-preview":"max-image-preview:large","max-video-preview":"max-video-preview:-1"},"canonical":"https:\/\/espak.ee\/epood\/toode\/poolmatt-sisevarv-simply-refresh-wall-tiles-bw-05l\/","og_locale":"et_EE","og_type":"article","og_title":"POOLMATT SISEV\u00c4RV SIMPLY REFRESH WALL TILES BW 0,5L - Espak E-pood","og_url":"https:\/\/espak.ee\/epood\/toode\/poolmatt-sisevarv-simply-refresh-wall-tiles-bw-05l\/","og_site_name":"Espak E-pood","article_modified_time":"2026-03-21T07:14:24+00:00","og_image":[{"width":2048,"height":2048,"url":"https:\/\/espak.ee\/epood\/wp-content\/uploads\/2025\/09\/Sadolin_SimplyRefresh_WallTiles_0_5L-scaled.jpg","type":"image\/jpeg"}],"twitter_card":"summary_large_image","twitter_misc":{"Est. reading time":"1 minut"},"schema":{"@context":"https:\/\/schema.org","@graph":[{"@type":"WebPage","@id":"https:\/\/espak.ee\/epood\/toode\/poolmatt-sisevarv-simply-refresh-wall-tiles-bw-05l\/","url":"https:\/\/espak.ee\/epood\/toode\/poolmatt-sisevarv-simply-refresh-wall-tiles-bw-05l\/","name":"POOLMATT SISEV\u00c4RV SIMPLY REFRESH WALL TILES BW 0,5L - Espak E-pood","isPartOf":{"@id":"https:\/\/espak.ee\/epood\/#website"},"primaryImageOfPage":{"@id":"https:\/\/espak.ee\/epood\/toode\/poolmatt-sisevarv-simply-refresh-wall-tiles-bw-05l\/#primaryimage"},"image":{"@id":"https:\/\/espak.ee\/epood\/toode\/poolmatt-sisevarv-simply-refresh-wall-tiles-bw-05l\/#primaryimage"},"thumbnailUrl":"https:\/\/espak.ee\/epood\/wp-content\/uploads\/2025\/09\/Sadolin_SimplyRefresh_WallTiles_0_5L-scaled.jpg","datePublished":"2025-09-05T02:05:01+00:00","dateModified":"2026-03-21T07:14:24+00:00","breadcrumb":{"@id":"https:\/\/espak.ee\/epood\/toode\/poolmatt-sisevarv-simply-refresh-wall-tiles-bw-05l\/#breadcrumb"},"inLanguage":"et","potentialAction":[{"@type":"ReadAction","target":["https:\/\/espak.ee\/epood\/toode\/poolmatt-sisevarv-simply-refresh-wall-tiles-bw-05l\/"]}]},{"@type":"ImageObject","inLanguage":"et","@id":"https:\/\/espak.ee\/epood\/toode\/poolmatt-sisevarv-simply-refresh-wall-tiles-bw-05l\/#primaryimage","url":"https:\/\/espak.ee\/epood\/wp-content\/uploads\/2025\/09\/Sadolin_SimplyRefresh_WallTiles_0_5L-scaled.jpg","contentUrl":"https:\/\/espak.ee\/epood\/wp-content\/uploads\/2025\/09\/Sadolin_SimplyRefresh_WallTiles_0_5L-scaled.jpg","width":2048,"height":2048},{"@type":"BreadcrumbList","@id":"https:\/\/espak.ee\/epood\/toode\/poolmatt-sisevarv-simply-refresh-wall-tiles-bw-05l\/#breadcrumb","itemListElement":[{"@type":"ListItem","position":1,"name":"Home","item":"https:\/\/espak.ee\/epood\/"},{"@type":"ListItem","position":2,"name":"Tootevalik","item":"https:\/\/espak.ee\/epood\/tootevalik\/"},{"@type":"ListItem","position":3,"name":"POOLMATT SISEV\u00c4RV SIMPLY REFRESH WALL TILES BW 0,5L"}]},{"@type":"WebSite","@id":"https:\/\/espak.ee\/epood\/#website","url":"https:\/\/espak.ee\/epood\/","name":"Espak E-pood","description":"","potentialAction":[{"@type":"SearchAction","target":{"@type":"EntryPoint","urlTemplate":"https:\/\/espak.ee\/epood\/?s={search_term_string}"},"query-input":{"@type":"PropertyValueSpecification","valueRequired":true,"valueName":"search_term_string"}}],"inLanguage":"et"}]}},"_links":{"self":[{"href":"https:\/\/espak.ee\/epood\/wp-json\/wp\/v2\/product\/248705","targetHints":{"allow":["GET"]}}],"collection":[{"href":"https:\/\/espak.ee\/epood\/wp-json\/wp\/v2\/product"}],"about":[{"href":"https:\/\/espak.ee\/epood\/wp-json\/wp\/v2\/types\/product"}],"replies":[{"embeddable":true,"href":"https:\/\/espak.ee\/epood\/wp-json\/wp\/v2\/comments?post=248705"}],"wp:featuredmedia":[{"embeddable":true,"href":"https:\/\/espak.ee\/epood\/wp-json\/wp\/v2\/media\/248901"}],"wp:attachment":[{"href":"https:\/\/espak.ee\/epood\/wp-json\/wp\/v2\/media?parent=248705"}],"wp:term":[{"taxonomy":"product_brand","embeddable":true,"href":"https:\/\/espak.ee\/epood\/wp-json\/wp\/v2\/product_brand?post=248705"},{"taxonomy":"product_cat","embeddable":true,"href":"https:\/\/espak.ee\/epood\/wp-json\/wp\/v2\/product_cat?post=248705"},{"taxonomy":"product_tag","embeddable":true,"href":"https:\/\/espak.ee\/epood\/wp-json\/wp\/v2\/product_tag?post=248705"}],"curies":[{"name":"wp","href":"https:\/\/api.w.org\/{rel}","templated":true}]}}