{"id":248395,"date":"2025-09-02T05:05:45","date_gmt":"2025-09-02T02:05:45","guid":{"rendered":"https:\/\/espak.ee\/epood\/?post_type=product&#038;p=248395"},"modified":"2025-09-02T10:03:18","modified_gmt":"2025-09-02T07:03:18","slug":"tsement-komposiitplaat-tempsi-aquafire-1212002000mm","status":"publish","type":"product","link":"https:\/\/espak.ee\/epood\/toode\/tsement-komposiitplaat-tempsi-aquafire-1212002000mm\/","title":{"rendered":"TSEMENT-KOMPOSIITPLAAT TEMPSI AQUAFIRE 12*1200*2000MM"},"content":{"rendered":"<div class=\"row\"  id=\"row-1362809916\">\n\n\t<div id=\"col-989220502\" class=\"col medium-9 small-12 large-9\"  >\n\t\t\t\t<div class=\"col-inner\"  >\n\t\t\t\n\t\t\t\n<h3>Tsement-komposiitplaat Tempsi Aquafire 12*1200*2000mm<\/h3>\n<p>Aquafire tsement-komposiitplaat on kerge, tulekindel ja v\u00e4ga heade soojusisolatsiooni omadustega.<\/p>\n<p>Plaate on lihtne l\u00f5igata, need on veekindlad ja neid saab kasutada nii sise- kui ka v\u00e4listingimustes. Plaatide k\u00f5verusraadius on 2 m, mist\u00f5ttu sobib neid ideaalselt kasutada kaardus hoonetes ja siseseintel. Aquafire\u2019i plaadid ei deformeeru ega purune ja on suurep\u00e4rane alusmaterjal keraamilistele plaatidele, klaasmosaiigile jms.<\/p>\n<div class=\"message-box relative\" style=\"padding-top:15px;padding-bottom:15px;\"><div class=\"message-box-bg-image bg-fill fill\" ><\/div><div class=\"message-box-bg-overlay bg-fill fill\" ><\/div><div class=\"container relative\"><div class=\"inner last-reset\">\n<div class=\"row align-middle align-center\"  id=\"row-1712581198\">\n\n\t<div id=\"col-217355791\" class=\"col small-12 large-12\"  >\n\t\t\t\t<div class=\"col-inner text-left\"  >\n\t\t\t\n\t\t\t\n<h4>Omadused<\/h4>\n<div class=\"row\"  id=\"row-63365819\">\n\n\t<div id=\"col-751192551\" class=\"col medium-6 small-12 large-6\"  >\n\t\t\t\t<div class=\"col-inner\"  >\n\t\t\t\n\t\t\t\n<p><i class=\"fa fa-check fa-2x\"><\/i> <strong> Tulekindel (klass A1)<\/strong><\/p>\n<p><i class=\"fa fa-check fa-2x\"><\/i> <strong> \u00c4\u00e4rmiselt kerge kaaluga<\/strong><\/p>\n<p><i class=\"fa fa-check fa-2x\"><\/i> <strong> K\u00f5rge soojusisolatsiooniv\u00e4\u00e4rtustega<\/strong><\/p>\n\t\t<\/div>\n\t\t\t\t\n<style>\n#col-751192551 > .col-inner {\n  margin: 0px 0px 15px 0px;\n}\n<\/style>\n\t<\/div>\n\n\t\n\n\t<div id=\"col-827460485\" class=\"col medium-6 small-12 large-6\"  >\n\t\t\t\t<div class=\"col-inner\"  >\n\t\t\t\n\t\t\t\n<p><i class=\"fa fa-check fa-2x\"><\/i> <strong> V\u00e4ga vastupidav veele, ka keemilistele ja bioloogilistele m\u00f5judele<\/strong><\/p>\n<p><i class=\"fa fa-check fa-2x\"><\/i> <strong> Kasutamiseks sise- ja v\u00e4list\u00f6\u00f6deks<\/strong><\/p>\n<p><i class=\"fa fa-check fa-2x\"><\/i> <strong> Ei l\u00f5hene, deformeeru, pragune ega murene<\/strong><\/p>\n\t\t<\/div>\n\t\t\t\t\n<style>\n#col-827460485 > .col-inner {\n  margin: 0px 0px 15px 0px;\n}\n<\/style>\n\t<\/div>\n\n\t\n<\/div>\n\t\t<\/div>\n\t\t\t\t\t<\/div>\n\n\t\n<\/div>\n<\/div><\/div><\/div>\n\t<div id=\"gap-2047287854\" class=\"gap-element clearfix\" style=\"display:block; height:auto;\">\n\t\t\n<style>\n#gap-2047287854 {\n  padding-top: 30px;\n}\n<\/style>\n\t<\/div>\n\t\n<h3>Kasutamise \u00fcksikasjad<\/h3>\n<p><strong>Rakendusala:<\/strong><br \/>\nSobib kasutamiseks nii sise- kui v\u00e4listingimustes:<br \/>\n&#8211; Ventileeritavad fassaadid, hoonete v\u00e4lisvooderdus, v\u00e4lisseinad ja mittekandvad konstruktsioonid.<br \/>\n&#8211; Kumerad pinnad.<br \/>\n&#8211; P\u00f5randad, katused ja varikatused, r\u00f5dud ja terrassid, p\u00f6\u00f6ningud, veinikeldrid ja tehnilised ruumid.<br \/>\n&#8211; Ideaalne k\u00f5rge \u00f5huniiskusega ruumidesse &#8211; du\u0161id, vannitoad, basseinid, spaa-alad, saunad, keemilised puhastused ja k\u00f6\u00f6gid.<br \/>\n&#8211; Kattematerjalina k\u00f5rge temperatuuriga konstruktsioonides, nagu korstnad ja katlaruumid.<br \/>\n&#8211; Sertifitseeritud tulekindlates lahendustes (kuni 240 min) &#8211; seinad, vaheseinad, \u00fcleulatused, laed.<\/p>\n<p><strong>Paigaldamine:<\/strong><br \/>\n<strong>Paigaldus v\u00e4listingimustes:<\/strong><br \/>\nPlaadid tuleb paigaldada sobivale metalls\u00f5restikule olenevalt sellest, kas need paigaldatakse seintele, seinavooderdisele, lakke v\u00f5i ventileeritavale fassaadile.<br \/>\nSoovitame kasutada standardile UNI EN vastavaid metallprofiile paksusega 10\/10 mm. Galvaniseerimine peab olema v\u00e4hemalt 200 gr\/m2.<br \/>\nS\u00f5restik tuleb paigaldada nii, et samm ei \u00fcletaks 40 cm.<br \/>\nPaigaldage Aquafire&#8217;i plaadid metalls\u00f5restikule risti, l\u00f5igatud serv v\u00e4ljapoole. Liitekohad peavad j\u00e4\u00e4ma \u00fcksteise suhtes nihkega nagu tavaliste kipsplaatide puhul.<br \/>\nPlaatide vahele tuleb j\u00e4tta 3\u20134 mm.<br \/>\nPlaate tuleb hoiustada maapinnast 12\/12,5 mm k\u00f5rgusel, kasutades selleks j\u00e4relej\u00e4\u00e4nud plaadit\u00fckke (mis tuleb seej\u00e4rel eemaldada), et aluspinnas sisalduvad kapillaarniiskus, soolad ega muu saaste ei satuks materjali ning et materjal paisuks normaalselt.<br \/>\nAquafire&#8217;i plaatide kinnitamine kruvidega. Aquafire Star kruvid kinnitatakse l\u00f5igatud poolelt sammuga 20 cm (horisontaalpaigalduse puhul 15 cm). Kaugus servast peaks olema umbes 15 mm, et kasutada parimal viisil \u00e4ra plaatide kontaktpinda kruvipea suure pinnaga.<br \/>\nNii horisontaal- kui ka vertikaalsuunas peab iga 12 jooksva meetri j\u00e4rel olema paisumisvuuk.<br \/>\nKui plaat kaetakse liimitud pinnakattega, on sein n\u00fc\u00fcd valmis.<br \/>\nKui aga plaat kaetakse traditsioonilise viimistlusega, kasutage terasest segukammi ja kandke plaatidele \u00fcks kiht pahtlit. Veenduge, et toode tungiks ka plaatide liitekohtadesse.<br \/>\nPaigaldage \u00e4sja laotatud pahtlikihi sisse v\u00f5rkteip. Kasutage terasest segukammi siledat poolt ja katke v\u00f5rk t\u00e4ielikult pahtliga. V\u00f5rgu liitekohad peavad kattuma 100 mm ulatuses. J\u00e4rgige eelnevalt m\u00e4rgitud joont.<br \/>\n Selles etapis peab kattekihi l\u00f5pp-paksus olema 3 mm.<br \/>\nViimistlege pind viimistluskrohviga (nt akr\u00fc\u00fclkrohv, akr\u00fc\u00fclsiloksaan v\u00f5i siloksaan).<\/p>\n<p><strong>Paigaldus sisetingimustes:<\/strong><br \/>\nPaigaldage plaadid sobivale metalls\u00f5restikule olenevalt sellest, kas paigaldate need seintele, seinavooderdisele v\u00f5i lakke.<br \/>\nSoovitame kasutada standardile UNI EN vastavaid metallprofiile paksusega 6\/10 mm.<br \/>\nS\u00f5restik tuleb paigaldada nii, et samm ei \u00fcletaks 60 cm.<br \/>\nPaigaldage Aquafire&#8217;i plaadid metalls\u00f5restikule, l\u00f5igatud serv v\u00e4ljapoole. Liitekohad peavad j\u00e4\u00e4ma \u00fcksteise suhtes nihkega nagu tavaliste kipsplaatide puhul.<br \/>\nPlaatide vahele tuleb j\u00e4tta 3\u20134 mm.<br \/>\nAquafire&#8217;i plaatide kinnitamine kruvidega. Aquafire Star kinnitatakse kruvidega l\u00f5igatud poolelt sammuga 25 cm (horisontaalpaigalduse puhul 15 cm). Kaugus servast peaks olema umbes 15 mm, et kasutada parimal viisil \u00e4ra plaatide kontaktpinda kruvipea suure pinnaga.<br \/>\nNii horisontaal- kui ka vertikaalsuunas peab iga 12 jooksva meetri j\u00e4rel olema paisumisvuuk.<br \/>\nKui plaat kaetakse liimitud pinnakattega, on sein n\u00fc\u00fcd valmis.<br \/>\nKui aga plaat kaetakse traditsioonilise viimistlusega, kasutage terasest segukammi ja kandke plaatidele \u00fcks kiht pahtlit. Veenduge, et toode tungiks ka plaatide liitekohtadesse.<br \/>\nPaigaldage \u00e4sja laotatud tsemendikihi sisse v\u00f5rkteip. Kasutage terasest segukammi siledat poolt ja katke v\u00f5rk t\u00e4ielikult pahtliga. V\u00f5rgu liitekohad peavad kattuma 100 mm ulatuses. J\u00e4rgige eelnevalt m\u00e4rgitud joont.<br \/>\nN\u00fc\u00fcd on sein v\u00e4rvimiseks valmis. <\/p>\n<p><strong>Kumer pind: <\/strong><br \/>\nKumerate pindade tegemiseks kasutage terveid Aquafire&#8217;i plaate miinimumraadiusega 2 meetrit. Kui kaar on alla 90 cm, kasutage plaate laiusega 30 cm, kinnitage Aquafire Star kruvidega sammuga 10 cm.<\/p>\n\t\t<\/div>\n\t\t\t\t\t<\/div>\n\n\t\n\n\t<div id=\"col-1339910\" class=\"col medium-3 small-12 large-3\"  >\n\t\t\t\t<div class=\"col-inner\"  >\n\t\t\t\n\t\t\t\n\t<div id=\"gap-978651180\" class=\"gap-element clearfix\" style=\"display:block; height:auto;\">\n\t\t\n<style>\n#gap-978651180 {\n  padding-top: 30px;\n}\n<\/style>\n\t<\/div>\n\t\n<h3>Tehniline informatsioon<\/h3>\n<p><a href=\"https:\/\/espak.ee\/epood\/wp-content\/uploads\/2025\/09\/aquafire.pdf\"target=\"_blank\" rel=\"noopener noreferrer\"><i class=\"far fa-file-pdf\"><\/i> Tehniline info (PDF)<\/a><\/p>\n<div class=\"is-divider divider clearfix\" ><\/div>\n<p><strong>\u00dcksikasjalikuma n\u00f5u saamiseks v\u00f5tke \u00fchendust:<br \/><\/strong>Wolf Group O\u00dc<br \/>Suur-Paala 6<br \/>13619<br \/>Tallinn<br \/>+372 605 9301<\/p>\n\t\t<\/div>\n\t\t\t\t\t<\/div>\n\n\t\n<\/div>\n","protected":false},"excerpt":{"rendered":"","protected":false},"featured_media":248434,"comment_status":"closed","ping_status":"closed","template":"","meta":[],"product_brand":[],"product_cat":[2910,4920,2915,2697],"product_tag":[],"class_list":{"0":"post-248395","1":"product","2":"type-product","3":"status-publish","4":"has-post-thumbnail","6":"product_cat-ehitusplaadid","7":"product_cat-tempsi-fassaadiplaadid","8":"product_cat-tsementlaastplaadid","9":"product_cat-uldehitus","10":"pa_kaubamark-wolf-group-ou","12":"first","13":"instock","14":"sale","15":"taxable","16":"shipping-taxable","17":"purchasable","18":"product-type-simple"},"yoast_head":"<!-- This site is optimized with the Yoast SEO plugin v26.9 - https:\/\/yoast.com\/product\/yoast-seo-wordpress\/ -->\n<title>TSEMENT-KOMPOSIITPLAAT TEMPSI AQUAFIRE 12*1200*2000MM - Espak E-pood<\/title>\n<meta name=\"robots\" content=\"index, follow, max-snippet:-1, max-image-preview:large, max-video-preview:-1\" \/>\n<link rel=\"canonical\" href=\"https:\/\/espak.ee\/epood\/toode\/tsement-komposiitplaat-tempsi-aquafire-1212002000mm\/\" \/>\n<meta property=\"og:locale\" content=\"et_EE\" \/>\n<meta property=\"og:type\" content=\"article\" \/>\n<meta property=\"og:title\" content=\"TSEMENT-KOMPOSIITPLAAT TEMPSI AQUAFIRE 12*1200*2000MM - Espak E-pood\" \/>\n<meta property=\"og:url\" content=\"https:\/\/espak.ee\/epood\/toode\/tsement-komposiitplaat-tempsi-aquafire-1212002000mm\/\" \/>\n<meta property=\"og:site_name\" content=\"Espak E-pood\" \/>\n<meta property=\"article:modified_time\" content=\"2025-09-02T07:03:18+00:00\" \/>\n<meta property=\"og:image\" content=\"https:\/\/espak.ee\/epood\/wp-content\/uploads\/2025\/09\/aquafire-board.jpg.jpg\" \/>\n\t<meta property=\"og:image:width\" content=\"1000\" \/>\n\t<meta property=\"og:image:height\" content=\"1000\" \/>\n\t<meta property=\"og:image:type\" content=\"image\/jpeg\" \/>\n<meta name=\"twitter:card\" content=\"summary_large_image\" \/>\n<meta name=\"twitter:label1\" content=\"Est. reading time\" \/>\n\t<meta name=\"twitter:data1\" content=\"4 minutit\" \/>\n<script type=\"application\/ld+json\" class=\"yoast-schema-graph\">{\"@context\":\"https:\/\/schema.org\",\"@graph\":[{\"@type\":\"WebPage\",\"@id\":\"https:\/\/espak.ee\/epood\/toode\/tsement-komposiitplaat-tempsi-aquafire-1212002000mm\/\",\"url\":\"https:\/\/espak.ee\/epood\/toode\/tsement-komposiitplaat-tempsi-aquafire-1212002000mm\/\",\"name\":\"TSEMENT-KOMPOSIITPLAAT TEMPSI AQUAFIRE 12*1200*2000MM - Espak E-pood\",\"isPartOf\":{\"@id\":\"https:\/\/espak.ee\/epood\/#website\"},\"primaryImageOfPage\":{\"@id\":\"https:\/\/espak.ee\/epood\/toode\/tsement-komposiitplaat-tempsi-aquafire-1212002000mm\/#primaryimage\"},\"image\":{\"@id\":\"https:\/\/espak.ee\/epood\/toode\/tsement-komposiitplaat-tempsi-aquafire-1212002000mm\/#primaryimage\"},\"thumbnailUrl\":\"https:\/\/espak.ee\/epood\/wp-content\/uploads\/2025\/09\/aquafire-board.jpg.jpg\",\"datePublished\":\"2025-09-02T02:05:45+00:00\",\"dateModified\":\"2025-09-02T07:03:18+00:00\",\"breadcrumb\":{\"@id\":\"https:\/\/espak.ee\/epood\/toode\/tsement-komposiitplaat-tempsi-aquafire-1212002000mm\/#breadcrumb\"},\"inLanguage\":\"et\",\"potentialAction\":[{\"@type\":\"ReadAction\",\"target\":[\"https:\/\/espak.ee\/epood\/toode\/tsement-komposiitplaat-tempsi-aquafire-1212002000mm\/\"]}]},{\"@type\":\"ImageObject\",\"inLanguage\":\"et\",\"@id\":\"https:\/\/espak.ee\/epood\/toode\/tsement-komposiitplaat-tempsi-aquafire-1212002000mm\/#primaryimage\",\"url\":\"https:\/\/espak.ee\/epood\/wp-content\/uploads\/2025\/09\/aquafire-board.jpg.jpg\",\"contentUrl\":\"https:\/\/espak.ee\/epood\/wp-content\/uploads\/2025\/09\/aquafire-board.jpg.jpg\",\"width\":1000,\"height\":1000},{\"@type\":\"BreadcrumbList\",\"@id\":\"https:\/\/espak.ee\/epood\/toode\/tsement-komposiitplaat-tempsi-aquafire-1212002000mm\/#breadcrumb\",\"itemListElement\":[{\"@type\":\"ListItem\",\"position\":1,\"name\":\"Home\",\"item\":\"https:\/\/espak.ee\/epood\/\"},{\"@type\":\"ListItem\",\"position\":2,\"name\":\"Tootevalik\",\"item\":\"https:\/\/espak.ee\/epood\/tootevalik\/\"},{\"@type\":\"ListItem\",\"position\":3,\"name\":\"TSEMENT-KOMPOSIITPLAAT TEMPSI AQUAFIRE 12*1200*2000MM\"}]},{\"@type\":\"WebSite\",\"@id\":\"https:\/\/espak.ee\/epood\/#website\",\"url\":\"https:\/\/espak.ee\/epood\/\",\"name\":\"Espak E-pood\",\"description\":\"\",\"potentialAction\":[{\"@type\":\"SearchAction\",\"target\":{\"@type\":\"EntryPoint\",\"urlTemplate\":\"https:\/\/espak.ee\/epood\/?s={search_term_string}\"},\"query-input\":{\"@type\":\"PropertyValueSpecification\",\"valueRequired\":true,\"valueName\":\"search_term_string\"}}],\"inLanguage\":\"et\"}]}<\/script>\n<!-- \/ Yoast SEO plugin. -->","yoast_head_json":{"title":"TSEMENT-KOMPOSIITPLAAT TEMPSI AQUAFIRE 12*1200*2000MM - Espak E-pood","robots":{"index":"index","follow":"follow","max-snippet":"max-snippet:-1","max-image-preview":"max-image-preview:large","max-video-preview":"max-video-preview:-1"},"canonical":"https:\/\/espak.ee\/epood\/toode\/tsement-komposiitplaat-tempsi-aquafire-1212002000mm\/","og_locale":"et_EE","og_type":"article","og_title":"TSEMENT-KOMPOSIITPLAAT TEMPSI AQUAFIRE 12*1200*2000MM - Espak E-pood","og_url":"https:\/\/espak.ee\/epood\/toode\/tsement-komposiitplaat-tempsi-aquafire-1212002000mm\/","og_site_name":"Espak E-pood","article_modified_time":"2025-09-02T07:03:18+00:00","og_image":[{"width":1000,"height":1000,"url":"https:\/\/espak.ee\/epood\/wp-content\/uploads\/2025\/09\/aquafire-board.jpg.jpg","type":"image\/jpeg"}],"twitter_card":"summary_large_image","twitter_misc":{"Est. reading time":"4 minutit"},"schema":{"@context":"https:\/\/schema.org","@graph":[{"@type":"WebPage","@id":"https:\/\/espak.ee\/epood\/toode\/tsement-komposiitplaat-tempsi-aquafire-1212002000mm\/","url":"https:\/\/espak.ee\/epood\/toode\/tsement-komposiitplaat-tempsi-aquafire-1212002000mm\/","name":"TSEMENT-KOMPOSIITPLAAT TEMPSI AQUAFIRE 12*1200*2000MM - Espak E-pood","isPartOf":{"@id":"https:\/\/espak.ee\/epood\/#website"},"primaryImageOfPage":{"@id":"https:\/\/espak.ee\/epood\/toode\/tsement-komposiitplaat-tempsi-aquafire-1212002000mm\/#primaryimage"},"image":{"@id":"https:\/\/espak.ee\/epood\/toode\/tsement-komposiitplaat-tempsi-aquafire-1212002000mm\/#primaryimage"},"thumbnailUrl":"https:\/\/espak.ee\/epood\/wp-content\/uploads\/2025\/09\/aquafire-board.jpg.jpg","datePublished":"2025-09-02T02:05:45+00:00","dateModified":"2025-09-02T07:03:18+00:00","breadcrumb":{"@id":"https:\/\/espak.ee\/epood\/toode\/tsement-komposiitplaat-tempsi-aquafire-1212002000mm\/#breadcrumb"},"inLanguage":"et","potentialAction":[{"@type":"ReadAction","target":["https:\/\/espak.ee\/epood\/toode\/tsement-komposiitplaat-tempsi-aquafire-1212002000mm\/"]}]},{"@type":"ImageObject","inLanguage":"et","@id":"https:\/\/espak.ee\/epood\/toode\/tsement-komposiitplaat-tempsi-aquafire-1212002000mm\/#primaryimage","url":"https:\/\/espak.ee\/epood\/wp-content\/uploads\/2025\/09\/aquafire-board.jpg.jpg","contentUrl":"https:\/\/espak.ee\/epood\/wp-content\/uploads\/2025\/09\/aquafire-board.jpg.jpg","width":1000,"height":1000},{"@type":"BreadcrumbList","@id":"https:\/\/espak.ee\/epood\/toode\/tsement-komposiitplaat-tempsi-aquafire-1212002000mm\/#breadcrumb","itemListElement":[{"@type":"ListItem","position":1,"name":"Home","item":"https:\/\/espak.ee\/epood\/"},{"@type":"ListItem","position":2,"name":"Tootevalik","item":"https:\/\/espak.ee\/epood\/tootevalik\/"},{"@type":"ListItem","position":3,"name":"TSEMENT-KOMPOSIITPLAAT TEMPSI AQUAFIRE 12*1200*2000MM"}]},{"@type":"WebSite","@id":"https:\/\/espak.ee\/epood\/#website","url":"https:\/\/espak.ee\/epood\/","name":"Espak E-pood","description":"","potentialAction":[{"@type":"SearchAction","target":{"@type":"EntryPoint","urlTemplate":"https:\/\/espak.ee\/epood\/?s={search_term_string}"},"query-input":{"@type":"PropertyValueSpecification","valueRequired":true,"valueName":"search_term_string"}}],"inLanguage":"et"}]}},"_links":{"self":[{"href":"https:\/\/espak.ee\/epood\/wp-json\/wp\/v2\/product\/248395","targetHints":{"allow":["GET"]}}],"collection":[{"href":"https:\/\/espak.ee\/epood\/wp-json\/wp\/v2\/product"}],"about":[{"href":"https:\/\/espak.ee\/epood\/wp-json\/wp\/v2\/types\/product"}],"replies":[{"embeddable":true,"href":"https:\/\/espak.ee\/epood\/wp-json\/wp\/v2\/comments?post=248395"}],"wp:featuredmedia":[{"embeddable":true,"href":"https:\/\/espak.ee\/epood\/wp-json\/wp\/v2\/media\/248434"}],"wp:attachment":[{"href":"https:\/\/espak.ee\/epood\/wp-json\/wp\/v2\/media?parent=248395"}],"wp:term":[{"taxonomy":"product_brand","embeddable":true,"href":"https:\/\/espak.ee\/epood\/wp-json\/wp\/v2\/product_brand?post=248395"},{"taxonomy":"product_cat","embeddable":true,"href":"https:\/\/espak.ee\/epood\/wp-json\/wp\/v2\/product_cat?post=248395"},{"taxonomy":"product_tag","embeddable":true,"href":"https:\/\/espak.ee\/epood\/wp-json\/wp\/v2\/product_tag?post=248395"}],"curies":[{"name":"wp","href":"https:\/\/api.w.org\/{rel}","templated":true}]}}