{"id":246852,"date":"2025-08-20T05:06:31","date_gmt":"2025-08-20T02:06:31","guid":{"rendered":"https:\/\/espak.ee\/epood\/?post_type=product&#038;p=246852"},"modified":"2025-08-21T10:10:15","modified_gmt":"2025-08-21T07:10:15","slug":"taskulamp-scangrip-unipen-03-6209","status":"publish","type":"product","link":"https:\/\/espak.ee\/epood\/toode\/taskulamp-scangrip-unipen-03-6209\/","title":{"rendered":"TASKULAMP SCANGRIP UNIPEN 03.6209"},"content":{"rendered":"<div class=\"row\"  id=\"row-883007042\">\n\n\t<div id=\"col-1093558471\" class=\"col medium-9 small-12 large-9\"  >\n\t\t\t\t<div class=\"col-inner\"  >\n\t\t\t\n\t\t\t\n<h3>Taskulamp Scangrip UNIPEN, 150lm, laetav, IP65 <\/h3>\n<p>UNIPEN on energias\u00e4\u00e4stlik USB-C-ga laetav valgusti mis on alati k\u00e4e p\u00e4rast. Loodud t\u00f6\u00f6tama j\u00e4rjepidevalt rasketes t\u00f6\u00f6keskkondades. OPTILlighti s\u00e4te tagab vajaliku valgustuse (LUX) t\u00fc\u00fcpilises t\u00f6\u00f6olukorras, tagades optimaalse valguse ja t\u00f6\u00f6aja lihtsa puudutusega. See t\u00f6\u00f6valgusti tagab p\u00fcsiva valendiku v\u00e4ljundv\u00f5imsuse, m\u00f5\u00f5detuna vastavalt Euroopa standardile EN 13032-1.<\/p>\n<p>Valgusallikas: k\u00f5rge efektiivsusega multi-LED disain 20 LED-iga<br \/>\nValgusvoog, luumen: 15-150 Punkt: 75<br \/>\nOPTILlight seadistus: 500 luksi@0,25 m<br \/>\nReguleeritav valgustugevus: 3 taset<br \/>\nValgustusnurk: 100\u00b0 Kohtvalgusti: 50\u00b0<br \/>\nCRI (v\u00e4rvispektri \u00fchtluse indeks): Ra > 80<br \/>\nCCT (v\u00e4rvustemperatuur): 5700 K<br \/>\nT\u00f6\u00f6aeg max. \/ min. luumen: 3\/22h<br \/>\nT\u00f6\u00f6aeg OPTILight funktsiooniga: 5.5h<br \/>\nLaadimisaeg: 2.5h<br \/>\nAku: 3.7 V \/ 800 mAh Li-Ion<br \/>\nKontrollitud laadimists\u00fcklite arv: min. 1000<br \/>\nKaitseklass: IP65<br \/>\nKarmid t\u00f6\u00f6tingimused: Jah<br \/>\nL\u00f6\u00f6gikaitse: IK07<br \/>\nL\u00f6\u00f6gikindlus: 2 m<br \/>\nKaabel: 1 m USB-A kuni USB-C<br \/>\nT\u00f6\u00f6pinge: AC &#8211;<br \/>\nLaadimispinge\/vool: DC 5 V \/ 1 A<br \/>\nEnergiatarve: 1,1 W<br \/>\nLaadija komplektis: Ei<br \/>\nT\u00f6\u00f6temperatuur: -10 kuni +40 \u00b0C<br \/>\nM\u00f5\u00f5dud: 158 x 27 x 21 mm<\/p>\n\t\t<\/div>\n\t\t\t\t\t<\/div>\n\n\t\n\n\t<div id=\"col-555079878\" class=\"col medium-3 small-12 large-3\"  >\n\t\t\t\t<div class=\"col-inner\"  >\n\t\t\t\n\t\t\t\n\t<div id=\"gap-625203178\" class=\"gap-element clearfix\" style=\"display:block; height:auto;\">\n\t\t\n<style>\n#gap-625203178 {\n  padding-top: 30px;\n}\n<\/style>\n\t<\/div>\n\t\n<p><strong>\u00dcksikasjalikuma n\u00f5u saamiseks v\u00f5tke \u00fchendust:<br \/><\/strong>Espak AS<br \/>Viadukti 42<br \/>11313<br \/>Tallinn<br \/> T\u00f6\u00f6riista osakond +372 6512 335<br \/><a href=\"mailto:tooriist@espak.ee\">tooriist@espak.ee<\/a><\/p>\n\t\t<\/div>\n\t\t\t\t\t<\/div>\n\n\t\n<\/div>\n","protected":false},"excerpt":{"rendered":"","protected":false},"featured_media":246906,"comment_status":"closed","ping_status":"closed","template":"","meta":[],"product_brand":[],"product_cat":[2788,2941,2942,2943],"product_tag":[],"class_list":{"0":"post-246852","1":"product","2":"type-product","3":"status-publish","4":"has-post-thumbnail","6":"product_cat-aiatarbed-ja-kodukaubad","7":"product_cat-autokaubad","8":"product_cat-autokaubad-autokaubad","9":"product_cat-autotarvikud","10":"pa_kaubamark-scangrip","12":"first","13":"instock","14":"sale","15":"taxable","16":"shipping-taxable","17":"purchasable","18":"product-type-simple"},"yoast_head":"<!-- This site is optimized with the Yoast SEO plugin v26.9 - https:\/\/yoast.com\/product\/yoast-seo-wordpress\/ -->\n<title>TASKULAMP SCANGRIP UNIPEN 03.6209 - Espak E-pood<\/title>\n<meta name=\"robots\" content=\"index, follow, max-snippet:-1, max-image-preview:large, max-video-preview:-1\" \/>\n<link rel=\"canonical\" href=\"https:\/\/espak.ee\/epood\/toode\/taskulamp-scangrip-unipen-03-6209\/\" \/>\n<meta property=\"og:locale\" content=\"et_EE\" \/>\n<meta property=\"og:type\" content=\"article\" \/>\n<meta property=\"og:title\" content=\"TASKULAMP SCANGRIP UNIPEN 03.6209 - Espak E-pood\" \/>\n<meta property=\"og:url\" content=\"https:\/\/espak.ee\/epood\/toode\/taskulamp-scangrip-unipen-03-6209\/\" \/>\n<meta property=\"og:site_name\" content=\"Espak E-pood\" \/>\n<meta property=\"article:modified_time\" content=\"2025-08-21T07:10:15+00:00\" \/>\n<meta property=\"og:image\" content=\"https:\/\/espak.ee\/epood\/wp-content\/uploads\/2025\/08\/5708997354209_1.jpg\" \/>\n\t<meta property=\"og:image:width\" content=\"1000\" \/>\n\t<meta property=\"og:image:height\" content=\"1000\" \/>\n\t<meta property=\"og:image:type\" content=\"image\/jpeg\" \/>\n<meta name=\"twitter:card\" content=\"summary_large_image\" \/>\n<meta name=\"twitter:label1\" content=\"Est. reading time\" \/>\n\t<meta name=\"twitter:data1\" content=\"1 minut\" \/>\n<script type=\"application\/ld+json\" class=\"yoast-schema-graph\">{\"@context\":\"https:\/\/schema.org\",\"@graph\":[{\"@type\":\"WebPage\",\"@id\":\"https:\/\/espak.ee\/epood\/toode\/taskulamp-scangrip-unipen-03-6209\/\",\"url\":\"https:\/\/espak.ee\/epood\/toode\/taskulamp-scangrip-unipen-03-6209\/\",\"name\":\"TASKULAMP SCANGRIP UNIPEN 03.6209 - Espak E-pood\",\"isPartOf\":{\"@id\":\"https:\/\/espak.ee\/epood\/#website\"},\"primaryImageOfPage\":{\"@id\":\"https:\/\/espak.ee\/epood\/toode\/taskulamp-scangrip-unipen-03-6209\/#primaryimage\"},\"image\":{\"@id\":\"https:\/\/espak.ee\/epood\/toode\/taskulamp-scangrip-unipen-03-6209\/#primaryimage\"},\"thumbnailUrl\":\"https:\/\/espak.ee\/epood\/wp-content\/uploads\/2025\/08\/5708997354209_1.jpg\",\"datePublished\":\"2025-08-20T02:06:31+00:00\",\"dateModified\":\"2025-08-21T07:10:15+00:00\",\"breadcrumb\":{\"@id\":\"https:\/\/espak.ee\/epood\/toode\/taskulamp-scangrip-unipen-03-6209\/#breadcrumb\"},\"inLanguage\":\"et\",\"potentialAction\":[{\"@type\":\"ReadAction\",\"target\":[\"https:\/\/espak.ee\/epood\/toode\/taskulamp-scangrip-unipen-03-6209\/\"]}]},{\"@type\":\"ImageObject\",\"inLanguage\":\"et\",\"@id\":\"https:\/\/espak.ee\/epood\/toode\/taskulamp-scangrip-unipen-03-6209\/#primaryimage\",\"url\":\"https:\/\/espak.ee\/epood\/wp-content\/uploads\/2025\/08\/5708997354209_1.jpg\",\"contentUrl\":\"https:\/\/espak.ee\/epood\/wp-content\/uploads\/2025\/08\/5708997354209_1.jpg\",\"width\":1000,\"height\":1000},{\"@type\":\"BreadcrumbList\",\"@id\":\"https:\/\/espak.ee\/epood\/toode\/taskulamp-scangrip-unipen-03-6209\/#breadcrumb\",\"itemListElement\":[{\"@type\":\"ListItem\",\"position\":1,\"name\":\"Home\",\"item\":\"https:\/\/espak.ee\/epood\/\"},{\"@type\":\"ListItem\",\"position\":2,\"name\":\"Tootevalik\",\"item\":\"https:\/\/espak.ee\/epood\/tootevalik\/\"},{\"@type\":\"ListItem\",\"position\":3,\"name\":\"TASKULAMP SCANGRIP UNIPEN 03.6209\"}]},{\"@type\":\"WebSite\",\"@id\":\"https:\/\/espak.ee\/epood\/#website\",\"url\":\"https:\/\/espak.ee\/epood\/\",\"name\":\"Espak E-pood\",\"description\":\"\",\"potentialAction\":[{\"@type\":\"SearchAction\",\"target\":{\"@type\":\"EntryPoint\",\"urlTemplate\":\"https:\/\/espak.ee\/epood\/?s={search_term_string}\"},\"query-input\":{\"@type\":\"PropertyValueSpecification\",\"valueRequired\":true,\"valueName\":\"search_term_string\"}}],\"inLanguage\":\"et\"}]}<\/script>\n<!-- \/ Yoast SEO plugin. -->","yoast_head_json":{"title":"TASKULAMP SCANGRIP UNIPEN 03.6209 - Espak E-pood","robots":{"index":"index","follow":"follow","max-snippet":"max-snippet:-1","max-image-preview":"max-image-preview:large","max-video-preview":"max-video-preview:-1"},"canonical":"https:\/\/espak.ee\/epood\/toode\/taskulamp-scangrip-unipen-03-6209\/","og_locale":"et_EE","og_type":"article","og_title":"TASKULAMP SCANGRIP UNIPEN 03.6209 - Espak E-pood","og_url":"https:\/\/espak.ee\/epood\/toode\/taskulamp-scangrip-unipen-03-6209\/","og_site_name":"Espak E-pood","article_modified_time":"2025-08-21T07:10:15+00:00","og_image":[{"width":1000,"height":1000,"url":"https:\/\/espak.ee\/epood\/wp-content\/uploads\/2025\/08\/5708997354209_1.jpg","type":"image\/jpeg"}],"twitter_card":"summary_large_image","twitter_misc":{"Est. reading time":"1 minut"},"schema":{"@context":"https:\/\/schema.org","@graph":[{"@type":"WebPage","@id":"https:\/\/espak.ee\/epood\/toode\/taskulamp-scangrip-unipen-03-6209\/","url":"https:\/\/espak.ee\/epood\/toode\/taskulamp-scangrip-unipen-03-6209\/","name":"TASKULAMP SCANGRIP UNIPEN 03.6209 - Espak E-pood","isPartOf":{"@id":"https:\/\/espak.ee\/epood\/#website"},"primaryImageOfPage":{"@id":"https:\/\/espak.ee\/epood\/toode\/taskulamp-scangrip-unipen-03-6209\/#primaryimage"},"image":{"@id":"https:\/\/espak.ee\/epood\/toode\/taskulamp-scangrip-unipen-03-6209\/#primaryimage"},"thumbnailUrl":"https:\/\/espak.ee\/epood\/wp-content\/uploads\/2025\/08\/5708997354209_1.jpg","datePublished":"2025-08-20T02:06:31+00:00","dateModified":"2025-08-21T07:10:15+00:00","breadcrumb":{"@id":"https:\/\/espak.ee\/epood\/toode\/taskulamp-scangrip-unipen-03-6209\/#breadcrumb"},"inLanguage":"et","potentialAction":[{"@type":"ReadAction","target":["https:\/\/espak.ee\/epood\/toode\/taskulamp-scangrip-unipen-03-6209\/"]}]},{"@type":"ImageObject","inLanguage":"et","@id":"https:\/\/espak.ee\/epood\/toode\/taskulamp-scangrip-unipen-03-6209\/#primaryimage","url":"https:\/\/espak.ee\/epood\/wp-content\/uploads\/2025\/08\/5708997354209_1.jpg","contentUrl":"https:\/\/espak.ee\/epood\/wp-content\/uploads\/2025\/08\/5708997354209_1.jpg","width":1000,"height":1000},{"@type":"BreadcrumbList","@id":"https:\/\/espak.ee\/epood\/toode\/taskulamp-scangrip-unipen-03-6209\/#breadcrumb","itemListElement":[{"@type":"ListItem","position":1,"name":"Home","item":"https:\/\/espak.ee\/epood\/"},{"@type":"ListItem","position":2,"name":"Tootevalik","item":"https:\/\/espak.ee\/epood\/tootevalik\/"},{"@type":"ListItem","position":3,"name":"TASKULAMP SCANGRIP UNIPEN 03.6209"}]},{"@type":"WebSite","@id":"https:\/\/espak.ee\/epood\/#website","url":"https:\/\/espak.ee\/epood\/","name":"Espak E-pood","description":"","potentialAction":[{"@type":"SearchAction","target":{"@type":"EntryPoint","urlTemplate":"https:\/\/espak.ee\/epood\/?s={search_term_string}"},"query-input":{"@type":"PropertyValueSpecification","valueRequired":true,"valueName":"search_term_string"}}],"inLanguage":"et"}]}},"_links":{"self":[{"href":"https:\/\/espak.ee\/epood\/wp-json\/wp\/v2\/product\/246852","targetHints":{"allow":["GET"]}}],"collection":[{"href":"https:\/\/espak.ee\/epood\/wp-json\/wp\/v2\/product"}],"about":[{"href":"https:\/\/espak.ee\/epood\/wp-json\/wp\/v2\/types\/product"}],"replies":[{"embeddable":true,"href":"https:\/\/espak.ee\/epood\/wp-json\/wp\/v2\/comments?post=246852"}],"wp:featuredmedia":[{"embeddable":true,"href":"https:\/\/espak.ee\/epood\/wp-json\/wp\/v2\/media\/246906"}],"wp:attachment":[{"href":"https:\/\/espak.ee\/epood\/wp-json\/wp\/v2\/media?parent=246852"}],"wp:term":[{"taxonomy":"product_brand","embeddable":true,"href":"https:\/\/espak.ee\/epood\/wp-json\/wp\/v2\/product_brand?post=246852"},{"taxonomy":"product_cat","embeddable":true,"href":"https:\/\/espak.ee\/epood\/wp-json\/wp\/v2\/product_cat?post=246852"},{"taxonomy":"product_tag","embeddable":true,"href":"https:\/\/espak.ee\/epood\/wp-json\/wp\/v2\/product_tag?post=246852"}],"curies":[{"name":"wp","href":"https:\/\/api.w.org\/{rel}","templated":true}]}}