{"id":246397,"date":"2025-08-16T05:05:02","date_gmt":"2025-08-16T02:05:02","guid":{"rendered":"https:\/\/espak.ee\/epood\/?post_type=product&#038;p=246397"},"modified":"2025-08-18T11:32:42","modified_gmt":"2025-08-18T08:32:42","slug":"dusikomplekt-damixa-silhouet-harjatud-vask","status":"publish","type":"product","link":"https:\/\/espak.ee\/epood\/toode\/dusikomplekt-damixa-silhouet-harjatud-vask\/","title":{"rendered":"DU\u0160IKOMPLEKT DAMIXA SILHOUET HARJATUD VASK"},"content":{"rendered":"<div class=\"row\"  id=\"row-772419094\">\n\n\t<div id=\"col-1080669395\" class=\"col medium-9 small-12 large-9\"  >\n\t\t\t\t<div class=\"col-inner\"  >\n\t\t\t\n\t\t\t\n<h3>Du\u0161ikomplekt Damixa Silhouet harjatud vask<\/h3>\n<p>Silhouet on sihvakas, juurteni skandinaavialik ja lihtsalt rabav. Kujundus on saadaval nii klassikalistele kui ka puutevabadele kraanidele, seitsmes kaunis v\u00e4rvitoonis ja koos t\u00e4ieliku vannitoa aksessuaaride kollektsiooniga. Saate h\u00f5lpsasti \u00fchendada suurep\u00e4rase funktsionaalsuse materjalide, v\u00e4rvide ja aksessuaaridega, mis kajastavad teie stiili ja kodus soovitud \u00f5hkkonda.<\/p>\n<p>Puhta kutsuva kujundusega sobib Silhouet kenasti nii t\u00e4nap\u00e4evastesse kui ka tulevastesse k\u00f6\u00f6kidesse ja vannitubadesse. <\/p>\n<div class=\"message-box relative\" style=\"padding-top:15px;padding-bottom:15px;\"><div class=\"message-box-bg-image bg-fill fill\" ><\/div><div class=\"message-box-bg-overlay bg-fill fill\" ><\/div><div class=\"container relative\"><div class=\"inner last-reset\">\n<div class=\"row align-middle align-center\"  id=\"row-2025109017\">\n\n\t<div id=\"col-784342997\" class=\"col small-12 large-12\"  >\n\t\t\t\t<div class=\"col-inner text-left\"  >\n\t\t\t\n\t\t\t\n<h4>Omadused<\/h4>\n<div class=\"row\"  id=\"row-30298265\">\n\n\t<div id=\"col-1454656456\" class=\"col medium-6 small-12 large-6\"  >\n\t\t\t\t<div class=\"col-inner\"  >\n\t\t\t\n\t\t\t\n<p><i class=\"fa fa-check fa-2x\"><\/i> <strong> Reguleeritav k\u00f5rgus<\/strong><\/p>\n<p><i class=\"fa fa-check fa-2x\"><\/i> <strong> 1750 mm du\u0161ivoolik metallkattega<\/strong><\/p>\n<p><i class=\"fa fa-check fa-2x\"><\/i> <strong> \u00dcmberl\u00fcliti<\/strong><\/p>\n<p><i class=\"fa fa-check fa-2x\"><\/i> <strong> Standardne tsentrite vahe 150 mm<\/strong><\/p>\n\t\t<\/div>\n\t\t\t\t\n<style>\n#col-1454656456 > .col-inner {\n  margin: 0px 0px 15px 0px;\n}\n<\/style>\n\t<\/div>\n\n\t\n\n\t<div id=\"col-1668156292\" class=\"col medium-6 small-12 large-6\"  >\n\t\t\t\t<div class=\"col-inner\"  >\n\t\t\t\n\t\t\t\n<p><i class=\"fa fa-check fa-2x\"><\/i> <strong> Varustatud 3\/4&#8243; ilukatete ja ekstsentrikutega<\/strong><\/p>\n<p><i class=\"fa fa-check fa-2x\"><\/i> <strong> Sisaldab 250 mm peadu\u0161\u0161i, k\u00e4sidu\u0161\u0161i ja voolikut<\/strong><\/p>\n<p><i class=\"fa fa-check fa-2x\"><\/i> <strong> Vihmadu\u0161\u0161 max. 9 l\/m \/ K\u00e4sidu\u0161\u0161 max. 9 l\/m<\/strong><\/p>\n\t\t<\/div>\n\t\t\t\t\n<style>\n#col-1668156292 > .col-inner {\n  margin: 0px 0px 15px 0px;\n}\n<\/style>\n\t<\/div>\n\n\t\n<\/div>\n\t\t<\/div>\n\t\t\t\t\t<\/div>\n\n\t\n<\/div>\n<\/div><\/div><\/div>\n\t\t<\/div>\n\t\t\t\t\t<\/div>\n\n\t\n\n\t<div id=\"col-612480291\" class=\"col medium-3 small-12 large-3\"  >\n\t\t\t\t<div class=\"col-inner\"  >\n\t\t\t\n\t\t\t\n<h3>Paigaldusjuhend<\/h3>\n<p><a href=\"https:\/\/espak.ee\/epood\/wp-content\/uploads\/2025\/08\/20212.00.pdf\"target=\"_blank\" rel=\"noopener noreferrer\"><i class=\"far fa-file-pdf\"><\/i> Paigaldusjuhend (PDF)<\/a><\/p>\n<h3>Infoleht<\/h3>\n<p><a href=\"https:\/\/espak.ee\/epood\/wp-content\/uploads\/2025\/08\/getpdf-duss-vask.pdf\"target=\"_blank\" rel=\"noopener noreferrer\"><i class=\"far fa-file-pdf\"><\/i> Infoleht (PDF)<\/a><\/p>\n<h3>Hooldusjuhend<\/h3>\n<p><a href=\"https:\/\/espak.ee\/epood\/wp-content\/uploads\/2025\/08\/12676.00.pdf\"target=\"_blank\" rel=\"noopener noreferrer\"><i class=\"far fa-file-pdf\"><\/i> Hooldusjuhend (PDF)<\/a><\/p>\n\t<div id=\"gap-1308479692\" class=\"gap-element clearfix\" style=\"display:block; height:auto;\">\n\t\t\n<style>\n#gap-1308479692 {\n  padding-top: 30px;\n}\n<\/style>\n\t<\/div>\n\t\n<p><strong>\u00dcksikasjalikuma n\u00f5u saamiseks v\u00f5tke \u00fchendust:<br \/><\/strong>Hals Interiors <br \/>Kivik\u00fclvi 8<br \/>12919<br \/>Tallinn<br \/>+372 71 51 400<\/p>\n\t\t<\/div>\n\t\t\t\t\t<\/div>\n\n\t\n<\/div>\n","protected":false},"excerpt":{"rendered":"","protected":false},"featured_media":246582,"comment_status":"closed","ping_status":"closed","template":"","meta":[],"product_brand":[],"product_cat":[2826,2819,2820,2821],"product_tag":[],"class_list":{"0":"post-246397","1":"product","2":"type-product","3":"status-publish","4":"has-post-thumbnail","6":"product_cat-koogisegistid","7":"product_cat-sanitaartehnika","8":"product_cat-sanitaartehnika-sanitaartehnika","9":"product_cat-segistid","10":"pa_kaubamark-hals-interiors-ou","12":"first","13":"instock","14":"sale","15":"taxable","16":"shipping-taxable","17":"purchasable","18":"product-type-simple"},"yoast_head":"<!-- This site is optimized with the Yoast SEO plugin v26.9 - https:\/\/yoast.com\/product\/yoast-seo-wordpress\/ -->\n<title>DU\u0160IKOMPLEKT DAMIXA SILHOUET HARJATUD VASK - Espak E-pood<\/title>\n<meta name=\"robots\" content=\"index, follow, max-snippet:-1, max-image-preview:large, max-video-preview:-1\" \/>\n<link rel=\"canonical\" href=\"https:\/\/espak.ee\/epood\/toode\/dusikomplekt-damixa-silhouet-harjatud-vask\/\" \/>\n<meta property=\"og:locale\" content=\"et_EE\" \/>\n<meta property=\"og:type\" content=\"article\" \/>\n<meta property=\"og:title\" content=\"DU\u0160IKOMPLEKT DAMIXA SILHOUET HARJATUD VASK - Espak E-pood\" \/>\n<meta property=\"og:url\" content=\"https:\/\/espak.ee\/epood\/toode\/dusikomplekt-damixa-silhouet-harjatud-vask\/\" \/>\n<meta property=\"og:site_name\" content=\"Espak E-pood\" \/>\n<meta property=\"article:modified_time\" content=\"2025-08-18T08:32:42+00:00\" \/>\n<meta property=\"og:image\" content=\"https:\/\/espak.ee\/epood\/wp-content\/uploads\/2025\/08\/5795487_Silhouet-HH-Showersystem_Brushed-Copper.jpg\" \/>\n\t<meta property=\"og:image:width\" content=\"1000\" \/>\n\t<meta property=\"og:image:height\" content=\"1000\" \/>\n\t<meta property=\"og:image:type\" content=\"image\/jpeg\" \/>\n<meta name=\"twitter:card\" content=\"summary_large_image\" \/>\n<meta name=\"twitter:label1\" content=\"Est. reading time\" \/>\n\t<meta name=\"twitter:data1\" content=\"1 minut\" \/>\n<script type=\"application\/ld+json\" class=\"yoast-schema-graph\">{\"@context\":\"https:\/\/schema.org\",\"@graph\":[{\"@type\":\"WebPage\",\"@id\":\"https:\/\/espak.ee\/epood\/toode\/dusikomplekt-damixa-silhouet-harjatud-vask\/\",\"url\":\"https:\/\/espak.ee\/epood\/toode\/dusikomplekt-damixa-silhouet-harjatud-vask\/\",\"name\":\"DU\u0160IKOMPLEKT DAMIXA SILHOUET HARJATUD VASK - Espak E-pood\",\"isPartOf\":{\"@id\":\"https:\/\/espak.ee\/epood\/#website\"},\"primaryImageOfPage\":{\"@id\":\"https:\/\/espak.ee\/epood\/toode\/dusikomplekt-damixa-silhouet-harjatud-vask\/#primaryimage\"},\"image\":{\"@id\":\"https:\/\/espak.ee\/epood\/toode\/dusikomplekt-damixa-silhouet-harjatud-vask\/#primaryimage\"},\"thumbnailUrl\":\"https:\/\/espak.ee\/epood\/wp-content\/uploads\/2025\/08\/5795487_Silhouet-HH-Showersystem_Brushed-Copper.jpg\",\"datePublished\":\"2025-08-16T02:05:02+00:00\",\"dateModified\":\"2025-08-18T08:32:42+00:00\",\"breadcrumb\":{\"@id\":\"https:\/\/espak.ee\/epood\/toode\/dusikomplekt-damixa-silhouet-harjatud-vask\/#breadcrumb\"},\"inLanguage\":\"et\",\"potentialAction\":[{\"@type\":\"ReadAction\",\"target\":[\"https:\/\/espak.ee\/epood\/toode\/dusikomplekt-damixa-silhouet-harjatud-vask\/\"]}]},{\"@type\":\"ImageObject\",\"inLanguage\":\"et\",\"@id\":\"https:\/\/espak.ee\/epood\/toode\/dusikomplekt-damixa-silhouet-harjatud-vask\/#primaryimage\",\"url\":\"https:\/\/espak.ee\/epood\/wp-content\/uploads\/2025\/08\/5795487_Silhouet-HH-Showersystem_Brushed-Copper.jpg\",\"contentUrl\":\"https:\/\/espak.ee\/epood\/wp-content\/uploads\/2025\/08\/5795487_Silhouet-HH-Showersystem_Brushed-Copper.jpg\",\"width\":1000,\"height\":1000},{\"@type\":\"BreadcrumbList\",\"@id\":\"https:\/\/espak.ee\/epood\/toode\/dusikomplekt-damixa-silhouet-harjatud-vask\/#breadcrumb\",\"itemListElement\":[{\"@type\":\"ListItem\",\"position\":1,\"name\":\"Home\",\"item\":\"https:\/\/espak.ee\/epood\/\"},{\"@type\":\"ListItem\",\"position\":2,\"name\":\"Tootevalik\",\"item\":\"https:\/\/espak.ee\/epood\/tootevalik\/\"},{\"@type\":\"ListItem\",\"position\":3,\"name\":\"DU\u0160IKOMPLEKT DAMIXA SILHOUET HARJATUD VASK\"}]},{\"@type\":\"WebSite\",\"@id\":\"https:\/\/espak.ee\/epood\/#website\",\"url\":\"https:\/\/espak.ee\/epood\/\",\"name\":\"Espak E-pood\",\"description\":\"\",\"potentialAction\":[{\"@type\":\"SearchAction\",\"target\":{\"@type\":\"EntryPoint\",\"urlTemplate\":\"https:\/\/espak.ee\/epood\/?s={search_term_string}\"},\"query-input\":{\"@type\":\"PropertyValueSpecification\",\"valueRequired\":true,\"valueName\":\"search_term_string\"}}],\"inLanguage\":\"et\"}]}<\/script>\n<!-- \/ Yoast SEO plugin. -->","yoast_head_json":{"title":"DU\u0160IKOMPLEKT DAMIXA SILHOUET HARJATUD VASK - Espak E-pood","robots":{"index":"index","follow":"follow","max-snippet":"max-snippet:-1","max-image-preview":"max-image-preview:large","max-video-preview":"max-video-preview:-1"},"canonical":"https:\/\/espak.ee\/epood\/toode\/dusikomplekt-damixa-silhouet-harjatud-vask\/","og_locale":"et_EE","og_type":"article","og_title":"DU\u0160IKOMPLEKT DAMIXA SILHOUET HARJATUD VASK - Espak E-pood","og_url":"https:\/\/espak.ee\/epood\/toode\/dusikomplekt-damixa-silhouet-harjatud-vask\/","og_site_name":"Espak E-pood","article_modified_time":"2025-08-18T08:32:42+00:00","og_image":[{"width":1000,"height":1000,"url":"https:\/\/espak.ee\/epood\/wp-content\/uploads\/2025\/08\/5795487_Silhouet-HH-Showersystem_Brushed-Copper.jpg","type":"image\/jpeg"}],"twitter_card":"summary_large_image","twitter_misc":{"Est. reading time":"1 minut"},"schema":{"@context":"https:\/\/schema.org","@graph":[{"@type":"WebPage","@id":"https:\/\/espak.ee\/epood\/toode\/dusikomplekt-damixa-silhouet-harjatud-vask\/","url":"https:\/\/espak.ee\/epood\/toode\/dusikomplekt-damixa-silhouet-harjatud-vask\/","name":"DU\u0160IKOMPLEKT DAMIXA SILHOUET HARJATUD VASK - Espak E-pood","isPartOf":{"@id":"https:\/\/espak.ee\/epood\/#website"},"primaryImageOfPage":{"@id":"https:\/\/espak.ee\/epood\/toode\/dusikomplekt-damixa-silhouet-harjatud-vask\/#primaryimage"},"image":{"@id":"https:\/\/espak.ee\/epood\/toode\/dusikomplekt-damixa-silhouet-harjatud-vask\/#primaryimage"},"thumbnailUrl":"https:\/\/espak.ee\/epood\/wp-content\/uploads\/2025\/08\/5795487_Silhouet-HH-Showersystem_Brushed-Copper.jpg","datePublished":"2025-08-16T02:05:02+00:00","dateModified":"2025-08-18T08:32:42+00:00","breadcrumb":{"@id":"https:\/\/espak.ee\/epood\/toode\/dusikomplekt-damixa-silhouet-harjatud-vask\/#breadcrumb"},"inLanguage":"et","potentialAction":[{"@type":"ReadAction","target":["https:\/\/espak.ee\/epood\/toode\/dusikomplekt-damixa-silhouet-harjatud-vask\/"]}]},{"@type":"ImageObject","inLanguage":"et","@id":"https:\/\/espak.ee\/epood\/toode\/dusikomplekt-damixa-silhouet-harjatud-vask\/#primaryimage","url":"https:\/\/espak.ee\/epood\/wp-content\/uploads\/2025\/08\/5795487_Silhouet-HH-Showersystem_Brushed-Copper.jpg","contentUrl":"https:\/\/espak.ee\/epood\/wp-content\/uploads\/2025\/08\/5795487_Silhouet-HH-Showersystem_Brushed-Copper.jpg","width":1000,"height":1000},{"@type":"BreadcrumbList","@id":"https:\/\/espak.ee\/epood\/toode\/dusikomplekt-damixa-silhouet-harjatud-vask\/#breadcrumb","itemListElement":[{"@type":"ListItem","position":1,"name":"Home","item":"https:\/\/espak.ee\/epood\/"},{"@type":"ListItem","position":2,"name":"Tootevalik","item":"https:\/\/espak.ee\/epood\/tootevalik\/"},{"@type":"ListItem","position":3,"name":"DU\u0160IKOMPLEKT DAMIXA SILHOUET HARJATUD VASK"}]},{"@type":"WebSite","@id":"https:\/\/espak.ee\/epood\/#website","url":"https:\/\/espak.ee\/epood\/","name":"Espak E-pood","description":"","potentialAction":[{"@type":"SearchAction","target":{"@type":"EntryPoint","urlTemplate":"https:\/\/espak.ee\/epood\/?s={search_term_string}"},"query-input":{"@type":"PropertyValueSpecification","valueRequired":true,"valueName":"search_term_string"}}],"inLanguage":"et"}]}},"_links":{"self":[{"href":"https:\/\/espak.ee\/epood\/wp-json\/wp\/v2\/product\/246397","targetHints":{"allow":["GET"]}}],"collection":[{"href":"https:\/\/espak.ee\/epood\/wp-json\/wp\/v2\/product"}],"about":[{"href":"https:\/\/espak.ee\/epood\/wp-json\/wp\/v2\/types\/product"}],"replies":[{"embeddable":true,"href":"https:\/\/espak.ee\/epood\/wp-json\/wp\/v2\/comments?post=246397"}],"wp:featuredmedia":[{"embeddable":true,"href":"https:\/\/espak.ee\/epood\/wp-json\/wp\/v2\/media\/246582"}],"wp:attachment":[{"href":"https:\/\/espak.ee\/epood\/wp-json\/wp\/v2\/media?parent=246397"}],"wp:term":[{"taxonomy":"product_brand","embeddable":true,"href":"https:\/\/espak.ee\/epood\/wp-json\/wp\/v2\/product_brand?post=246397"},{"taxonomy":"product_cat","embeddable":true,"href":"https:\/\/espak.ee\/epood\/wp-json\/wp\/v2\/product_cat?post=246397"},{"taxonomy":"product_tag","embeddable":true,"href":"https:\/\/espak.ee\/epood\/wp-json\/wp\/v2\/product_tag?post=246397"}],"curies":[{"name":"wp","href":"https:\/\/api.w.org\/{rel}","templated":true}]}}