{"id":246120,"date":"2025-08-14T05:05:01","date_gmt":"2025-08-14T02:05:01","guid":{"rendered":"https:\/\/espak.ee\/epood\/?post_type=product&#038;p=246120"},"modified":"2025-08-14T11:27:42","modified_gmt":"2025-08-14T08:27:42","slug":"esmaabipakk-cederroth","status":"publish","type":"product","link":"https:\/\/espak.ee\/epood\/toode\/esmaabipakk-cederroth\/","title":{"rendered":"ESMAABIPAKK CEDERROTH"},"content":{"rendered":"<div class=\"row\"  id=\"row-464920511\">\n\n\t<div id=\"col-1364653473\" class=\"col medium-9 small-12 large-9\"  >\n\t\t\t\t<div class=\"col-inner\"  >\n\t\t\t\n\t\t\t\n<h3>CEDERROTH esmaabikomplekt (keskmine)<\/h3>\n<p>Cederroth esmaabikomplekt Medium on vastupidavast, kummitaolisest materjalist valmistatud esmaabikomplekt, mille matt viimistlus aitab hoida eemal tolmu, niiskust ja mustust. See tagab varustuse h\u00fcgieenilise puhtuse ja alati valmisoleku kasutamiseks.<\/p>\n<p>Tooted on pakendatud l\u00e4bipaistvatesse plasttaskutesse, mis v\u00f5imaldab kiirelt ja selgelt n\u00e4ha kogu komplekti sisu ning leida vajalik vahend just siis, kui iga sekund on oluline. K\u00f5ik esmaabivahendid on varustatud selgete, lihtsasti m\u00f5istetavate kasutusjuhenditega.<\/p>\n<p>Komplekt on erksa rohelise ja kollase v\u00e4rviga, mist\u00f5ttu on seda kaugelt lihtne m\u00e4rgata. Praktiline k\u00e4epide ja reguleeritava takjakinnitusega rihm muudavad koti h\u00f5lpsasti kaasaskantavaks ja v\u00f5imaldavad selle kinnitamist erinevatesse kohtadesse.\n <\/p>\n<div class=\"message-box relative\" style=\"padding-top:15px;padding-bottom:15px;\"><div class=\"message-box-bg-image bg-fill fill\" ><\/div><div class=\"message-box-bg-overlay bg-fill fill\" ><\/div><div class=\"container relative\"><div class=\"inner last-reset\">\n<div class=\"row align-middle align-center\"  id=\"row-35837937\">\n\n\t<div id=\"col-599094137\" class=\"col small-12 large-12\"  >\n\t\t\t\t<div class=\"col-inner text-left\"  >\n\t\t\t\n\t\t\t\n<div class=\"row\"  id=\"row-90707494\">\n\n\t<div id=\"col-848020745\" class=\"col medium-6 small-12 large-6\"  >\n\t\t\t\t<div class=\"col-inner\"  >\n\t\t\t\n\t\t\t\n<p><i class=\"fa fa-check  fa-2x\"><\/i><strong> Reguleeritav takjakinnitus<\/strong><\/p>\n<p><i class=\"fa fa-check  fa-2x\"><\/i><strong> Vastupidav matt viimistlusega kott<\/strong><\/p>\n\t\t<\/div>\n\t\t\t\t\n<style>\n#col-848020745 > .col-inner {\n  margin: 0px 0px 15px 0px;\n}\n<\/style>\n\t<\/div>\n\n\t\n\n\t<div id=\"col-331752335\" class=\"col medium-6 small-12 large-6\"  >\n\t\t\t\t<div class=\"col-inner\"  >\n\t\t\t\n\t\t\t\n<p><i class=\"fa fa-check fa-2x\"><\/i><strong> H\u00e4sti organiseeritud sisu<\/strong><\/p>\n\t\t<\/div>\n\t\t\t\t\n<style>\n#col-331752335 > .col-inner {\n  margin: 0px 0px 15px 0px;\n}\n<\/style>\n\t<\/div>\n\n\t\n<\/div>\n\t\t<\/div>\n\t\t\t\t\t<\/div>\n\n\t\n<\/div>\n<\/div><\/div><\/div>\n\t<div id=\"gap-830146877\" class=\"gap-element clearfix\" style=\"display:block; height:auto;\">\n\t\t\n<style>\n#gap-830146877 {\n  padding-top: 30px;\n}\n<\/style>\n\t<\/div>\n\t\n<p><strong>Sisunimekiri:<\/strong><br \/>\n&#8211; Hingamismask 1 tk<br \/>\n&#8211; Kindad 2 pr<br \/>\n&#8211; Haavapuhastuslapid 6 tk<br \/>\n&#8211; K\u00e4tepuhastuslapid 2 tk<br \/>\n&#8211; Termokile 1 tk<br \/>\n&#8211; K\u00e4\u00e4rid 1 tk<br \/>\n&#8211; R\u00f5hkside suur (neli \u00fches) 1 tk<br \/>\n&#8211; R\u00f5hkside v\u00e4ike (neli \u00fches) 1 tk<br \/>\n&#8211; P\u00f5letusgeeliga haavalapp 1 tk<br \/>\n&#8211; V\u00e4ike plaaster 10 tk<br \/>\n&#8211; Suur plaaster 4 tk<br \/>\n&#8211; Elastikside 1 tk<br \/>\n&#8211; Sisunimekiri 1 tk<br \/>\n&#8211; Esmaabijuhend (illustreeritud) 1 tk\n<\/p>\n\t\t<\/div>\n\t\t\t\t\t<\/div>\n\n\t\n\n\t<div id=\"col-1581309071\" class=\"col medium-3 small-12 large-3\"  >\n\t\t\t\t<div class=\"col-inner\"  >\n\t\t\t\n\t\t\t\n\t<div id=\"gap-829665035\" class=\"gap-element clearfix\" style=\"display:block; height:auto;\">\n\t\t\n<style>\n#gap-829665035 {\n  padding-top: 30px;\n}\n<\/style>\n\t<\/div>\n\t\n<p><strong>\u00dcksikasjalikuma n\u00f5u saamiseks v\u00f5tke \u00fchendust:<br \/><\/strong>Tamrex Ohutuse O\u00dc<br \/>Laki 5<br \/>10621<br \/>Tallinn<br \/>+372 654 9900<\/p>\n\t\t<\/div>\n\t\t\t\t\t<\/div>\n\n\t\n<\/div>\n","protected":false},"excerpt":{"rendered":"","protected":false},"featured_media":246258,"comment_status":"closed","ping_status":"closed","template":"","meta":[],"product_brand":[],"product_cat":[2788,2973,3036,2972],"product_tag":[],"class_list":{"0":"post-246120","1":"product","2":"type-product","3":"status-publish","4":"has-post-thumbnail","6":"product_cat-aiatarbed-ja-kodukaubad","7":"product_cat-isikukaitsevahendid","8":"product_cat-muud-isikukaitsevahendid","9":"product_cat-tookaitsevahendid","10":"pa_kaubamark-tamrex-ohutuse-ou","12":"first","13":"outofstock","14":"sale","15":"taxable","16":"shipping-taxable","17":"purchasable","18":"product-type-simple"},"yoast_head":"<!-- This site is optimized with the Yoast SEO plugin v26.9 - https:\/\/yoast.com\/product\/yoast-seo-wordpress\/ -->\n<title>ESMAABIPAKK CEDERROTH - Espak E-pood<\/title>\n<meta name=\"robots\" content=\"index, follow, max-snippet:-1, max-image-preview:large, max-video-preview:-1\" \/>\n<link rel=\"canonical\" href=\"https:\/\/espak.ee\/epood\/toode\/esmaabipakk-cederroth\/\" \/>\n<meta property=\"og:locale\" content=\"et_EE\" \/>\n<meta property=\"og:type\" content=\"article\" \/>\n<meta property=\"og:title\" content=\"ESMAABIPAKK CEDERROTH - Espak E-pood\" \/>\n<meta property=\"og:url\" content=\"https:\/\/espak.ee\/epood\/toode\/esmaabipakk-cederroth\/\" \/>\n<meta property=\"og:site_name\" content=\"Espak E-pood\" \/>\n<meta property=\"article:modified_time\" content=\"2025-08-14T08:27:42+00:00\" \/>\n<meta property=\"og:image\" content=\"https:\/\/espak.ee\/epood\/wp-content\/uploads\/2025\/08\/cederroth-esmaabikomplekt-keskmine.jpg\" \/>\n\t<meta property=\"og:image:width\" content=\"1000\" \/>\n\t<meta property=\"og:image:height\" content=\"1000\" \/>\n\t<meta property=\"og:image:type\" content=\"image\/jpeg\" \/>\n<meta name=\"twitter:card\" content=\"summary_large_image\" \/>\n<meta name=\"twitter:label1\" content=\"Est. reading time\" \/>\n\t<meta name=\"twitter:data1\" content=\"1 minut\" \/>\n<script type=\"application\/ld+json\" class=\"yoast-schema-graph\">{\"@context\":\"https:\/\/schema.org\",\"@graph\":[{\"@type\":\"WebPage\",\"@id\":\"https:\/\/espak.ee\/epood\/toode\/esmaabipakk-cederroth\/\",\"url\":\"https:\/\/espak.ee\/epood\/toode\/esmaabipakk-cederroth\/\",\"name\":\"ESMAABIPAKK CEDERROTH - Espak E-pood\",\"isPartOf\":{\"@id\":\"https:\/\/espak.ee\/epood\/#website\"},\"primaryImageOfPage\":{\"@id\":\"https:\/\/espak.ee\/epood\/toode\/esmaabipakk-cederroth\/#primaryimage\"},\"image\":{\"@id\":\"https:\/\/espak.ee\/epood\/toode\/esmaabipakk-cederroth\/#primaryimage\"},\"thumbnailUrl\":\"https:\/\/espak.ee\/epood\/wp-content\/uploads\/2025\/08\/cederroth-esmaabikomplekt-keskmine.jpg\",\"datePublished\":\"2025-08-14T02:05:01+00:00\",\"dateModified\":\"2025-08-14T08:27:42+00:00\",\"breadcrumb\":{\"@id\":\"https:\/\/espak.ee\/epood\/toode\/esmaabipakk-cederroth\/#breadcrumb\"},\"inLanguage\":\"et\",\"potentialAction\":[{\"@type\":\"ReadAction\",\"target\":[\"https:\/\/espak.ee\/epood\/toode\/esmaabipakk-cederroth\/\"]}]},{\"@type\":\"ImageObject\",\"inLanguage\":\"et\",\"@id\":\"https:\/\/espak.ee\/epood\/toode\/esmaabipakk-cederroth\/#primaryimage\",\"url\":\"https:\/\/espak.ee\/epood\/wp-content\/uploads\/2025\/08\/cederroth-esmaabikomplekt-keskmine.jpg\",\"contentUrl\":\"https:\/\/espak.ee\/epood\/wp-content\/uploads\/2025\/08\/cederroth-esmaabikomplekt-keskmine.jpg\",\"width\":1000,\"height\":1000},{\"@type\":\"BreadcrumbList\",\"@id\":\"https:\/\/espak.ee\/epood\/toode\/esmaabipakk-cederroth\/#breadcrumb\",\"itemListElement\":[{\"@type\":\"ListItem\",\"position\":1,\"name\":\"Home\",\"item\":\"https:\/\/espak.ee\/epood\/\"},{\"@type\":\"ListItem\",\"position\":2,\"name\":\"Tootevalik\",\"item\":\"https:\/\/espak.ee\/epood\/tootevalik\/\"},{\"@type\":\"ListItem\",\"position\":3,\"name\":\"ESMAABIPAKK CEDERROTH\"}]},{\"@type\":\"WebSite\",\"@id\":\"https:\/\/espak.ee\/epood\/#website\",\"url\":\"https:\/\/espak.ee\/epood\/\",\"name\":\"Espak E-pood\",\"description\":\"\",\"potentialAction\":[{\"@type\":\"SearchAction\",\"target\":{\"@type\":\"EntryPoint\",\"urlTemplate\":\"https:\/\/espak.ee\/epood\/?s={search_term_string}\"},\"query-input\":{\"@type\":\"PropertyValueSpecification\",\"valueRequired\":true,\"valueName\":\"search_term_string\"}}],\"inLanguage\":\"et\"}]}<\/script>\n<!-- \/ Yoast SEO plugin. -->","yoast_head_json":{"title":"ESMAABIPAKK CEDERROTH - Espak E-pood","robots":{"index":"index","follow":"follow","max-snippet":"max-snippet:-1","max-image-preview":"max-image-preview:large","max-video-preview":"max-video-preview:-1"},"canonical":"https:\/\/espak.ee\/epood\/toode\/esmaabipakk-cederroth\/","og_locale":"et_EE","og_type":"article","og_title":"ESMAABIPAKK CEDERROTH - Espak E-pood","og_url":"https:\/\/espak.ee\/epood\/toode\/esmaabipakk-cederroth\/","og_site_name":"Espak E-pood","article_modified_time":"2025-08-14T08:27:42+00:00","og_image":[{"width":1000,"height":1000,"url":"https:\/\/espak.ee\/epood\/wp-content\/uploads\/2025\/08\/cederroth-esmaabikomplekt-keskmine.jpg","type":"image\/jpeg"}],"twitter_card":"summary_large_image","twitter_misc":{"Est. reading time":"1 minut"},"schema":{"@context":"https:\/\/schema.org","@graph":[{"@type":"WebPage","@id":"https:\/\/espak.ee\/epood\/toode\/esmaabipakk-cederroth\/","url":"https:\/\/espak.ee\/epood\/toode\/esmaabipakk-cederroth\/","name":"ESMAABIPAKK CEDERROTH - Espak E-pood","isPartOf":{"@id":"https:\/\/espak.ee\/epood\/#website"},"primaryImageOfPage":{"@id":"https:\/\/espak.ee\/epood\/toode\/esmaabipakk-cederroth\/#primaryimage"},"image":{"@id":"https:\/\/espak.ee\/epood\/toode\/esmaabipakk-cederroth\/#primaryimage"},"thumbnailUrl":"https:\/\/espak.ee\/epood\/wp-content\/uploads\/2025\/08\/cederroth-esmaabikomplekt-keskmine.jpg","datePublished":"2025-08-14T02:05:01+00:00","dateModified":"2025-08-14T08:27:42+00:00","breadcrumb":{"@id":"https:\/\/espak.ee\/epood\/toode\/esmaabipakk-cederroth\/#breadcrumb"},"inLanguage":"et","potentialAction":[{"@type":"ReadAction","target":["https:\/\/espak.ee\/epood\/toode\/esmaabipakk-cederroth\/"]}]},{"@type":"ImageObject","inLanguage":"et","@id":"https:\/\/espak.ee\/epood\/toode\/esmaabipakk-cederroth\/#primaryimage","url":"https:\/\/espak.ee\/epood\/wp-content\/uploads\/2025\/08\/cederroth-esmaabikomplekt-keskmine.jpg","contentUrl":"https:\/\/espak.ee\/epood\/wp-content\/uploads\/2025\/08\/cederroth-esmaabikomplekt-keskmine.jpg","width":1000,"height":1000},{"@type":"BreadcrumbList","@id":"https:\/\/espak.ee\/epood\/toode\/esmaabipakk-cederroth\/#breadcrumb","itemListElement":[{"@type":"ListItem","position":1,"name":"Home","item":"https:\/\/espak.ee\/epood\/"},{"@type":"ListItem","position":2,"name":"Tootevalik","item":"https:\/\/espak.ee\/epood\/tootevalik\/"},{"@type":"ListItem","position":3,"name":"ESMAABIPAKK CEDERROTH"}]},{"@type":"WebSite","@id":"https:\/\/espak.ee\/epood\/#website","url":"https:\/\/espak.ee\/epood\/","name":"Espak E-pood","description":"","potentialAction":[{"@type":"SearchAction","target":{"@type":"EntryPoint","urlTemplate":"https:\/\/espak.ee\/epood\/?s={search_term_string}"},"query-input":{"@type":"PropertyValueSpecification","valueRequired":true,"valueName":"search_term_string"}}],"inLanguage":"et"}]}},"_links":{"self":[{"href":"https:\/\/espak.ee\/epood\/wp-json\/wp\/v2\/product\/246120","targetHints":{"allow":["GET"]}}],"collection":[{"href":"https:\/\/espak.ee\/epood\/wp-json\/wp\/v2\/product"}],"about":[{"href":"https:\/\/espak.ee\/epood\/wp-json\/wp\/v2\/types\/product"}],"replies":[{"embeddable":true,"href":"https:\/\/espak.ee\/epood\/wp-json\/wp\/v2\/comments?post=246120"}],"wp:featuredmedia":[{"embeddable":true,"href":"https:\/\/espak.ee\/epood\/wp-json\/wp\/v2\/media\/246258"}],"wp:attachment":[{"href":"https:\/\/espak.ee\/epood\/wp-json\/wp\/v2\/media?parent=246120"}],"wp:term":[{"taxonomy":"product_brand","embeddable":true,"href":"https:\/\/espak.ee\/epood\/wp-json\/wp\/v2\/product_brand?post=246120"},{"taxonomy":"product_cat","embeddable":true,"href":"https:\/\/espak.ee\/epood\/wp-json\/wp\/v2\/product_cat?post=246120"},{"taxonomy":"product_tag","embeddable":true,"href":"https:\/\/espak.ee\/epood\/wp-json\/wp\/v2\/product_tag?post=246120"}],"curies":[{"name":"wp","href":"https:\/\/api.w.org\/{rel}","templated":true}]}}